{"id":3050,"date":"2024-12-20T16:08:39","date_gmt":"2024-12-20T15:08:39","guid":{"rendered":"https:\/\/kyfyqony.cyon.site\/mentions-legales\/"},"modified":"2025-09-09T03:37:07","modified_gmt":"2025-09-09T01:37:07","slug":"mentions-legales","status":"publish","type":"page","link":"https:\/\/infomaniak.careista.ch\/fr\/mentions-legales\/","title":{"rendered":"Mentions l\u00e9gales"},"content":{"rendered":"\t\t<div data-elementor-type=\"wp-page\" data-elementor-id=\"3050\" class=\"elementor elementor-3050 elementor-2094\" data-elementor-post-type=\"page\">\n\t\t\t\t<div class=\"elementor-element elementor-element-e943d6b e-flex e-con-boxed e-con e-parent\" data-id=\"e943d6b\" data-element_type=\"container\">\n\t\t\t\t\t<div class=\"e-con-inner\">\n\t\t\t\t<div data-dce-title-color=\"#6EC1E4\" class=\"elementor-element elementor-element-b9f06ff elementor-widget elementor-widget-heading\" data-id=\"b9f06ff\" data-element_type=\"widget\" data-widget_type=\"heading.default\">\n\t\t\t\t\t<h1 class=\"elementor-heading-title elementor-size-default\">Mentions l\u00e9gales<\/h1>\t\t\t\t<\/div>\n\t\t\t\t\t<\/div>\n\t\t\t\t<\/div>\n\t\t<div class=\"elementor-element elementor-element-0083829 e-flex e-con-boxed e-con e-parent\" data-id=\"0083829\" data-element_type=\"container\">\n\t\t\t\t\t<div class=\"e-con-inner\">\n\t\t<div class=\"elementor-element elementor-element-926f2bd e-con-full e-flex e-con e-child\" data-id=\"926f2bd\" data-element_type=\"container\">\n\t\t\t\t<div data-dce-text-color=\"#54595F\" class=\"elementor-element elementor-element-549f264 elementor-widget elementor-widget-text-editor\" data-id=\"549f264\" data-element_type=\"widget\" data-widget_type=\"text-editor.default\">\n\t\t\t\t\t\t\t\t\t<div class=\"wpb_column vc_column_container vc_col-sm-6\"><div class=\"vc_column-inner\"><div class=\"wpb_wrapper\"><div class=\"wpb_text_column wpb_content_element post-formatting \"><div class=\"wpb_wrapper\"><p>Responsable du site<\/p><p><strong>CAREISTA | BeverCare (BeverFood AG)<\/strong><br>Chaltenbodenstrasse 6C<br>8834 Schindellegi<br>Suisse<\/p><p>E-Mail:<br>hello@careista.ch<\/p><\/div><\/div><div class=\"wpb_text_column wpb_content_element post-formatting \"><div class=\"wpb_wrapper\"><p><strong>Personne(s) habilit\u00e9e(s) \u00e0 repr\u00e9senter l&rsquo;entreprise<\/strong><\/p><p>Jan Iselin<br>Fabio Iselin<\/p><\/div><\/div><div class=\"wpb_text_column wpb_content_element post-formatting \"><div class=\"wpb_wrapper\"><p><strong>Inscription au registre du commerce<\/strong><\/p><p>Nom de l&rsquo;entreprise enregistr\u00e9e :<br>BeverFood AG<\/p><p>Num\u00e9ro d&rsquo;entreprise (UID) :<br>CHE-148.131.871<\/p><p>Num\u00e9ro de TVA<br>CHE-148.131.871 TVA<\/p><\/div><\/div><\/div><\/div><\/div>\t\t\t\t\t\t\t\t<\/div>\n\t\t\t\t<\/div>\n\t\t<div class=\"elementor-element elementor-element-a206a5f e-con-full e-flex e-con e-child\" data-id=\"a206a5f\" data-element_type=\"container\">\n\t\t\t\t<div class=\"elementor-element elementor-element-cff4c78 elementor-widget elementor-widget-text-editor\" data-id=\"cff4c78\" data-element_type=\"widget\" data-widget_type=\"text-editor.default\">\n\t\t\t\t\t\t\t\t\t<div class=\"wpb_text_column wpb_content_element post-formatting \"><div class=\"wpb_wrapper\"><p><strong>Clause de non-responsabilit\u00e9<\/strong><\/p><p>L&rsquo;auteur n&rsquo;assume aucune responsabilit\u00e9 quant \u00e0 la v\u00e9racit\u00e9, l&rsquo;exactitude, l&rsquo;actualit\u00e9, la fiabilit\u00e9 et l&rsquo;exhaustivit\u00e9 du contenu des informations.<\/p><p>L&rsquo;auteur ne saurait \u00eatre tenu pour responsable des dommages mat\u00e9riels ou immat\u00e9riels qui pourraient \u00eatre caus\u00e9s par l&rsquo;acc\u00e8s aux informations diffus\u00e9es ou par leur utilisation ou non-utilisation, par le mauvais usage de la connexion ou par des probl\u00e8mes techniques.<\/p><p>Toutes les offres sont sans engagement. L&rsquo;auteur se r\u00e9serve express\u00e9ment le droit de modifier, de compl\u00e9ter ou de supprimer des parties de pages ou l&rsquo;ensemble de l&rsquo;offre sans pr\u00e9avis particulier, ou d&rsquo;en suspendre temporairement ou d\u00e9finitivement la publication. <\/p><\/div><\/div><div class=\"wpb_text_column wpb_content_element post-formatting \"><div class=\"wpb_wrapper\"><p><strong>Clause de non-responsabilit\u00e9 pour les liens<\/strong><\/p><p>Les renvois et liens vers des sites web de tiers ne rel\u00e8vent pas de notre responsabilit\u00e9. Nous d\u00e9clinons toute responsabilit\u00e9 pour de tels sites web. L&rsquo;acc\u00e8s \u00e0 ces sites et leur utilisation se font aux risques et p\u00e9rils de l&rsquo;utilisateur.  <\/p><\/div><\/div><div class=\"wpb_text_column wpb_content_element post-formatting \"><div class=\"wpb_wrapper\"><p><strong>Droits d&rsquo;auteur<\/strong><\/p><p>Les droits d&rsquo;auteur et tous les autres droits sur les contenus, images, photos ou autres fichiers de ce site Web appartiennent exclusivement \u00e0 la <strong>soci\u00e9t\u00e9 BeverFood AG<\/strong> ou aux titulaires de droits sp\u00e9cialement cit\u00e9s. Pour la reproduction de tout \u00e9l\u00e9ment, l&rsquo;accord \u00e9crit du d\u00e9tenteur des droits d&rsquo;auteur doit \u00eatre obtenu au pr\u00e9alable. <\/p><\/div><\/div>\t\t\t\t\t\t\t\t<\/div>\n\t\t\t\t<\/div>\n\t\t\t\t\t<\/div>\n\t\t\t\t<\/div>\n\t\t\t\t<\/div>\n\t\t","protected":false},"excerpt":{"rendered":"<p>Mentions l\u00e9gales Responsable du site CAREISTA | BeverCare (BeverFood AG)Chaltenbodenstrasse 6C8834 SchindellegiSuisse E-Mail:hello@careista.ch Personne(s) habilit\u00e9e(s) \u00e0 repr\u00e9senter l&rsquo;entreprise Jan IselinFabio Iselin Inscription au registre du commerce Nom de l&rsquo;entreprise enregistr\u00e9e :BeverFood AG Num\u00e9ro d&rsquo;entreprise (UID) :CHE-148.131.871 Num\u00e9ro de TVACHE-148.131.871 TVA Clause de non-responsabilit\u00e9 L&rsquo;auteur n&rsquo;assume aucune responsabilit\u00e9 quant \u00e0 la v\u00e9racit\u00e9, l&rsquo;exactitude, l&rsquo;actualit\u00e9, la fiabilit\u00e9 [&hellip;]<\/p>\n","protected":false},"author":346,"featured_media":0,"parent":0,"menu_order":0,"comment_status":"closed","ping_status":"closed","template":"","meta":{"_acf_changed":false,"footnotes":""},"class_list":["post-3050","page","type-page","status-publish","hentry"],"acf":[],"yoast_head":"<!-- This site is optimized with the Yoast SEO plugin v26.7 - https:\/\/yoast.com\/wordpress\/plugins\/seo\/ -->\n<title>CAREISTA -Mentions l\u00e9gales<\/title>\n<meta name=\"description\" content=\"Dans les mentions l\u00e9gales de CAREISTA, vous trouverez toutes les informations l\u00e9gales, les coordonn\u00e9es et les responsables - de mani\u00e8re transparente &amp; fiable.\" \/>\n<meta name=\"robots\" content=\"noindex, follow, max-snippet:-1, max-image-preview:large, max-video-preview:-1\" \/>\n<meta property=\"og:locale\" content=\"fr_FR\" \/>\n<meta property=\"og:type\" content=\"article\" \/>\n<meta property=\"og:title\" content=\"CAREISTA -Mentions l\u00e9gales\" \/>\n<meta property=\"og:description\" content=\"Dans les mentions l\u00e9gales de CAREISTA, vous trouverez toutes les informations l\u00e9gales, les coordonn\u00e9es et les responsables - de mani\u00e8re transparente &amp; fiable.\" \/>\n<meta property=\"og:url\" content=\"https:\/\/infomaniak.careista.ch\/fr\/mentions-legales\/\" \/>\n<meta property=\"og:site_name\" content=\"CAREISTA\" \/>\n<meta property=\"article:modified_time\" content=\"2025-09-09T01:37:07+00:00\" \/>\n<meta name=\"twitter:card\" content=\"summary_large_image\" \/>\n<meta name=\"twitter:label1\" content=\"Dur\u00e9e de lecture estim\u00e9e\" \/>\n\t<meta name=\"twitter:data1\" content=\"1 minute\" \/>\n<script type=\"application\/ld+json\" class=\"yoast-schema-graph\">{\"@context\":\"https:\/\/schema.org\",\"@graph\":[{\"@type\":\"WebPage\",\"@id\":\"https:\/\/infomaniak.careista.ch\/fr\/mentions-legales\/\",\"url\":\"https:\/\/infomaniak.careista.ch\/fr\/mentions-legales\/\",\"name\":\"CAREISTA -Mentions l\u00e9gales\",\"isPartOf\":{\"@id\":\"https:\/\/infomaniak.careista.ch\/fr\/#website\"},\"datePublished\":\"2024-12-20T15:08:39+00:00\",\"dateModified\":\"2025-09-09T01:37:07+00:00\",\"description\":\"Dans les mentions l\u00e9gales de CAREISTA, vous trouverez toutes les informations l\u00e9gales, les coordonn\u00e9es et les responsables - de mani\u00e8re transparente & fiable.\",\"breadcrumb\":{\"@id\":\"https:\/\/infomaniak.careista.ch\/fr\/mentions-legales\/#breadcrumb\"},\"inLanguage\":\"fr-FR\",\"potentialAction\":[{\"@type\":\"ReadAction\",\"target\":[\"https:\/\/infomaniak.careista.ch\/fr\/mentions-legales\/\"]}]},{\"@type\":\"BreadcrumbList\",\"@id\":\"https:\/\/infomaniak.careista.ch\/fr\/mentions-legales\/#breadcrumb\",\"itemListElement\":[{\"@type\":\"ListItem\",\"position\":1,\"name\":\"Home\",\"item\":\"https:\/\/infomaniak.careista.ch\/fr\/\"},{\"@type\":\"ListItem\",\"position\":2,\"name\":\"Mentions l\u00e9gales\"}]},{\"@type\":\"WebSite\",\"@id\":\"https:\/\/infomaniak.careista.ch\/fr\/#website\",\"url\":\"https:\/\/infomaniak.careista.ch\/fr\/\",\"name\":\"CAREISTA\",\"description\":\"Dein pers\u00f6nlicher Pflege-Barista\",\"publisher\":{\"@id\":\"https:\/\/infomaniak.careista.ch\/fr\/#organization\"},\"potentialAction\":[{\"@type\":\"SearchAction\",\"target\":{\"@type\":\"EntryPoint\",\"urlTemplate\":\"https:\/\/infomaniak.careista.ch\/fr\/?s={search_term_string}\"},\"query-input\":{\"@type\":\"PropertyValueSpecification\",\"valueRequired\":true,\"valueName\":\"search_term_string\"}}],\"inLanguage\":\"fr-FR\"},{\"@type\":\"Organization\",\"@id\":\"https:\/\/infomaniak.careista.ch\/fr\/#organization\",\"name\":\"CAREISTA\",\"url\":\"https:\/\/infomaniak.careista.ch\/fr\/\",\"logo\":{\"@type\":\"ImageObject\",\"inLanguage\":\"fr-FR\",\"@id\":\"https:\/\/infomaniak.careista.ch\/fr\/#\/schema\/logo\/image\/\",\"url\":\"https:\/\/infomaniak.careista.ch\/wp-content\/uploads\/2025\/02\/Careista-Logo-S_rgb.svg.svg\",\"contentUrl\":\"https:\/\/infomaniak.careista.ch\/wp-content\/uploads\/2025\/02\/Careista-Logo-S_rgb.svg.svg\",\"caption\":\"CAREISTA\"},\"image\":{\"@id\":\"https:\/\/infomaniak.careista.ch\/fr\/#\/schema\/logo\/image\/\"}}]}<\/script>\n<!-- \/ Yoast SEO plugin. -->","yoast_head_json":{"title":"CAREISTA -Mentions l\u00e9gales","description":"Dans les mentions l\u00e9gales de CAREISTA, vous trouverez toutes les informations l\u00e9gales, les coordonn\u00e9es et les responsables - de mani\u00e8re transparente & fiable.","robots":{"index":"noindex","follow":"follow","max-snippet":"max-snippet:-1","max-image-preview":"max-image-preview:large","max-video-preview":"max-video-preview:-1"},"og_locale":"fr_FR","og_type":"article","og_title":"CAREISTA -Mentions l\u00e9gales","og_description":"Dans les mentions l\u00e9gales de CAREISTA, vous trouverez toutes les informations l\u00e9gales, les coordonn\u00e9es et les responsables - de mani\u00e8re transparente & fiable.","og_url":"https:\/\/infomaniak.careista.ch\/fr\/mentions-legales\/","og_site_name":"CAREISTA","article_modified_time":"2025-09-09T01:37:07+00:00","twitter_card":"summary_large_image","twitter_misc":{"Dur\u00e9e de lecture estim\u00e9e":"1 minute"},"schema":{"@context":"https:\/\/schema.org","@graph":[{"@type":"WebPage","@id":"https:\/\/infomaniak.careista.ch\/fr\/mentions-legales\/","url":"https:\/\/infomaniak.careista.ch\/fr\/mentions-legales\/","name":"CAREISTA -Mentions l\u00e9gales","isPartOf":{"@id":"https:\/\/infomaniak.careista.ch\/fr\/#website"},"datePublished":"2024-12-20T15:08:39+00:00","dateModified":"2025-09-09T01:37:07+00:00","description":"Dans les mentions l\u00e9gales de CAREISTA, vous trouverez toutes les informations l\u00e9gales, les coordonn\u00e9es et les responsables - de mani\u00e8re transparente & fiable.","breadcrumb":{"@id":"https:\/\/infomaniak.careista.ch\/fr\/mentions-legales\/#breadcrumb"},"inLanguage":"fr-FR","potentialAction":[{"@type":"ReadAction","target":["https:\/\/infomaniak.careista.ch\/fr\/mentions-legales\/"]}]},{"@type":"BreadcrumbList","@id":"https:\/\/infomaniak.careista.ch\/fr\/mentions-legales\/#breadcrumb","itemListElement":[{"@type":"ListItem","position":1,"name":"Home","item":"https:\/\/infomaniak.careista.ch\/fr\/"},{"@type":"ListItem","position":2,"name":"Mentions l\u00e9gales"}]},{"@type":"WebSite","@id":"https:\/\/infomaniak.careista.ch\/fr\/#website","url":"https:\/\/infomaniak.careista.ch\/fr\/","name":"CAREISTA","description":"Dein pers\u00f6nlicher Pflege-Barista","publisher":{"@id":"https:\/\/infomaniak.careista.ch\/fr\/#organization"},"potentialAction":[{"@type":"SearchAction","target":{"@type":"EntryPoint","urlTemplate":"https:\/\/infomaniak.careista.ch\/fr\/?s={search_term_string}"},"query-input":{"@type":"PropertyValueSpecification","valueRequired":true,"valueName":"search_term_string"}}],"inLanguage":"fr-FR"},{"@type":"Organization","@id":"https:\/\/infomaniak.careista.ch\/fr\/#organization","name":"CAREISTA","url":"https:\/\/infomaniak.careista.ch\/fr\/","logo":{"@type":"ImageObject","inLanguage":"fr-FR","@id":"https:\/\/infomaniak.careista.ch\/fr\/#\/schema\/logo\/image\/","url":"https:\/\/infomaniak.careista.ch\/wp-content\/uploads\/2025\/02\/Careista-Logo-S_rgb.svg.svg","contentUrl":"https:\/\/infomaniak.careista.ch\/wp-content\/uploads\/2025\/02\/Careista-Logo-S_rgb.svg.svg","caption":"CAREISTA"},"image":{"@id":"https:\/\/infomaniak.careista.ch\/fr\/#\/schema\/logo\/image\/"}}]}},"jetpack_sharing_enabled":true,"_links":{"self":[{"href":"https:\/\/infomaniak.careista.ch\/fr\/wp-json\/wp\/v2\/pages\/3050","targetHints":{"allow":["GET"]}}],"collection":[{"href":"https:\/\/infomaniak.careista.ch\/fr\/wp-json\/wp\/v2\/pages"}],"about":[{"href":"https:\/\/infomaniak.careista.ch\/fr\/wp-json\/wp\/v2\/types\/page"}],"author":[{"embeddable":true,"href":"https:\/\/infomaniak.careista.ch\/fr\/wp-json\/wp\/v2\/users\/346"}],"replies":[{"embeddable":true,"href":"https:\/\/infomaniak.careista.ch\/fr\/wp-json\/wp\/v2\/comments?post=3050"}],"version-history":[{"count":0,"href":"https:\/\/infomaniak.careista.ch\/fr\/wp-json\/wp\/v2\/pages\/3050\/revisions"}],"wp:attachment":[{"href":"https:\/\/infomaniak.careista.ch\/fr\/wp-json\/wp\/v2\/media?parent=3050"}],"curies":[{"name":"wp","href":"https:\/\/api.w.org\/{rel}","templated":true}]}}