{"id":3317,"date":"2024-12-10T12:37:11","date_gmt":"2024-12-10T10:37:11","guid":{"rendered":"https:\/\/kyfyqony.cyon.site\/retours\/"},"modified":"2025-11-26T13:12:41","modified_gmt":"2025-11-26T11:12:41","slug":"retours-garantie","status":"publish","type":"page","link":"https:\/\/infomaniak.careista.ch\/fr\/retours-garantie\/","title":{"rendered":"Retours et cas de garantie"},"content":{"rendered":"\t\t<div data-elementor-type=\"wp-page\" data-elementor-id=\"3317\" class=\"elementor elementor-3317 elementor-1582\" data-elementor-post-type=\"page\">\n\t\t\t\t<div class=\"elementor-element elementor-element-c1c1fee e-flex e-con-boxed e-con e-parent\" data-id=\"c1c1fee\" data-element_type=\"container\">\n\t\t\t\t\t<div class=\"e-con-inner\">\n\t\t\t\t<div data-dce-title-color=\"#000000\" class=\"elementor-element elementor-element-814e963 elementor-widget elementor-widget-heading\" data-id=\"814e963\" data-element_type=\"widget\" data-widget_type=\"heading.default\">\n\t\t\t\t\t<h1 class=\"elementor-heading-title elementor-size-default\">Retours et cas de garantie<\/h1>\t\t\t\t<\/div>\n\t\t\t\t\t<\/div>\n\t\t\t\t<\/div>\n\t\t<div class=\"elementor-element elementor-element-860bf8d e-flex e-con-boxed e-con e-parent\" data-id=\"860bf8d\" data-element_type=\"container\">\n\t\t\t\t\t<div class=\"e-con-inner\">\n\t\t\t\t<div class=\"elementor-element elementor-element-17f0a98 elementor-widget elementor-widget-text-editor\" data-id=\"17f0a98\" data-element_type=\"widget\" data-widget_type=\"text-editor.default\">\n\t\t\t\t\t\t\t\t\t<h2>RETOURS \/ RETOURS DE MARCHANDISES<\/h2>\n<p>Vous avez command\u00e9 le mauvais article ou le produit ne correspond pas \u00e0 vos attentes ? Il <strong>est possible de<\/strong> retourner les produits command\u00e9s chez nous <strong>jusqu&rsquo;\u00e0 14 jours apr\u00e8s r\u00e9ception de la marchandise<\/strong>. En principe, il n&rsquo;existe pas de droit de retour l\u00e9gal en Suisse. En r\u00e8gle g\u00e9n\u00e9rale, les acheteurs ne peuvent donc pas se r\u00e9tracter d&rsquo;un contrat de vente normal. Nous vous accordons cependant un droit de retour volontaire.    <\/p>\n<p>Si vous souhaitez retourner l&rsquo;article, nous vous prions de nous en informer au pr\u00e9alable par e-mail sur <strong>retouren@careista.ch<\/strong>. Si l&rsquo;article n&rsquo;a pas \u00e9t\u00e9 ouvert et que son emballage d&rsquo;origine est intact, il peut \u00eatre repris dans le d\u00e9lai imparti avec remboursement du prix d&rsquo;achat. <\/p>\n<p>Veuillez comprendre que nous ne pouvons reprendre les produits qui ne sont pas en parfait \u00e9tat ou qui ne sont pas retourn\u00e9s avec l&rsquo;ensemble de la livraison, qui pr\u00e9sentent un emballage endommag\u00e9 ou des traces d&rsquo;utilisation, que contre des frais de traitement forfaitaires ou pas du tout.<\/p>\n<p>Selon l&rsquo;\u00e9tat de l&rsquo;article, on distingue les proc\u00e9dures suivantes :<\/p>\n<ol>\n<li>Droit de retour illimit\u00e9<\/li>\n<li>Droit de retour conditionnel<\/li>\n<li>Pas de droit de retour<\/li>\n<\/ol>\n<h3>Droit de retour illimit\u00e9<\/h3>\n<p>Un retour avec remboursement int\u00e9gral du prix d&rsquo;achat n&rsquo;est possible que si<\/p>\n<ul>\n<li>l&#8217;emballage d&rsquo;origine n&rsquo;a pas \u00e9t\u00e9 ouvert<\/li>\n<li>l&#8217;emballage d&rsquo;origine n&rsquo;a pas \u00e9t\u00e9 marqu\u00e9, coll\u00e9 ou modifi\u00e9 d&rsquo;une quelconque mani\u00e8re (\u00e9tat intact).<\/li>\n<li>l&rsquo;achat de l&rsquo;article remonte \u00e0 14 jours maximum.<\/li>\n<\/ul>\n<h3>Droit de retour conditionnel avec frais de traitement forfaitaires<\/h3>\n<p>Un retour avec remboursement du prix d&rsquo;achat, d\u00e9duction faite de frais administratifs forfaitaires, est possible apr\u00e8s un examen individuel si<\/p>\n<ul>\n<li>l&#8217;emballage d&rsquo;origine est ouvert mais totalement intact et complet.<\/li>\n<li>l&rsquo;article n&rsquo;a pas \u00e9t\u00e9 utilis\u00e9 et ne pr\u00e9sente pas de traces d&rsquo;utilisation.<\/li>\n<li>les consommables tels que le dentifrice, le fil dentaire ou les produits cosm\u00e9tiques (liste non exhaustive) ne sont pas ouverts.<\/li>\n<li>que tous les accessoires fournis sont pr\u00e9sents.<\/li>\n<li>l&rsquo;achat de l&rsquo;article remonte \u00e0 14 jours maximum.<\/li>\n<\/ul>\n<p>Les frais de traitement sont fix\u00e9s individuellement en fonction du type et de l&rsquo;\u00e9tat du produit et sont d\u00e9duits du remboursement.<\/p>\n<h3>Pas de droit de retour<\/h3>\n<p>Le retour et le remboursement du prix d&rsquo;achat ne sont pas possibles si<\/p>\n<ul>\n<li>l&#8217;emballage d&rsquo;origine est manquant.<\/li>\n<li>Accessoires manquants.<\/li>\n<li>consommables est ouvert<\/li>\n<li>des raisons d&rsquo;hygi\u00e8ne ne le permettent pas pour des produits tels que les brosses \u00e0 dents ou autres (exception : non ouvert, dans son emballage d&rsquo;origine complet).<\/li>\n<li>il s&rsquo;agit d&rsquo;articles tels que les ch\u00e8ques-cadeaux tels que les cartes-cadeaux physiques et les ch\u00e8ques-cadeaux \u00e9lectroniques en ligne.<\/li>\n<\/ul>\n<h2>D\u00c9LAIS DE GARANTIE<\/h2>\n<p>Pour les produits \u00e9lectroniques, nous accordons une garantie de deux ans \u00e0 compter de la date d&rsquo;achat. Il appartient \u00e0 CAREISTA de d\u00e9cider si un produit d\u00e9fectueux doit \u00eatre envoy\u00e9 ou si un d\u00e9faut peut \u00eatre suffisamment document\u00e9 par un texte et une image. CAREISTA peut rem\u00e9dier aux d\u00e9fauts soit en \u00e9liminant le d\u00e9faut (r\u00e9paration) soit en rempla\u00e7ant le produit.    <\/p>\n<p>En cas d&rsquo;anomalie, nous vous demandons \u00e9galement de nous contacter par e-mail, formulaire de contact ou WhatsApp.<\/p>\n<h2>RETOUR<\/h2>\n<p>En cas de retour, nous vous demandons d&rsquo;envoyer le produit dans une enveloppe\/un colis bien rembourr\u00e9, en indiquant un num\u00e9ro de commande et la raison du retour.  <\/p>\n<p>Pour les retours depuis la Suisse, veuillez utiliser l&rsquo;adresse suivante :<\/p>\n<p>Sch\u00f6ni Fulfillment AG<br>Rampe 41\/BeverCare (CAREISTA)<br>Neue Industriestrasse 1<br>4852 Rothrist<\/p>\n<p>En r\u00e8gle g\u00e9n\u00e9rale, les frais d&rsquo;exp\u00e9dition pour le retour sont \u00e0 la charge de l&rsquo;exp\u00e9diteur.  <\/p>\t\t\t\t\t\t\t\t<\/div>\n\t\t\t\t\t<\/div>\n\t\t\t\t<\/div>\n\t\t<div class=\"elementor-element elementor-element-2d08432 e-grid e-con-full e-con e-child\" data-id=\"2d08432\" data-element_type=\"container\">\n\t\t<div class=\"elementor-element elementor-element-1f509d0 e-con-full e-flex e-con e-child\" data-id=\"1f509d0\" data-element_type=\"container\">\n\t\t\t\t<div class=\"elementor-element elementor-element-9a1def7 elementor-widget__width-initial elementor-widget-mobile__width-initial elementor-widget elementor-widget-heading\" data-id=\"9a1def7\" data-element_type=\"widget\" data-widget_type=\"heading.default\">\n\t\t\t\t\t<h2 class=\"elementor-heading-title elementor-size-default\"><b>Tu as des questions ?<\/b><\/h2>\t\t\t\t<\/div>\n\t\t\t\t<div class=\"elementor-element elementor-element-38a7ae6 elementor-widget__width-initial elementor-widget elementor-widget-text-editor\" data-id=\"38a7ae6\" data-element_type=\"widget\" data-widget_type=\"text-editor.default\">\n\t\t\t\t\t\t\t\t\t<p>Contactez-nous via le formulaire de contact, par e-mail ou par chat WhatsApp et nous nous ferons un plaisir de vous aider.  <\/p>\t\t\t\t\t\t\t\t<\/div>\n\t\t\t\t<\/div>\n\t\t<div class=\"elementor-element elementor-element-5b7cfa0 e-grid e-con-boxed e-con e-child\" data-id=\"5b7cfa0\" data-element_type=\"container\">\n\t\t\t\t\t<div class=\"e-con-inner\">\n\t\t\t\t<div class=\"elementor-element elementor-element-23d9d18 elementor-widget elementor-widget-image\" data-id=\"23d9d18\" data-element_type=\"widget\" data-widget_type=\"image.default\">\n\t\t\t\t\t\t\t\t\t\t\t\t\t\t\t\t<a href=\"https:\/\/infomaniak.careista.ch\/fr\/contact\/\">\n\t\t\t\t\t\t\t<img fetchpriority=\"high\" decoding=\"async\" width=\"384\" height=\"384\" src=\"https:\/\/infomaniak.careista.ch\/wp-content\/uploads\/2025\/09\/careista_kontakt_icon_form.png\" class=\"attachment-large size-large wp-image-17616\" alt=\"Retours et cas de garantie\" srcset=\"https:\/\/infomaniak.careista.ch\/wp-content\/uploads\/2025\/09\/careista_kontakt_icon_form.png 384w, https:\/\/infomaniak.careista.ch\/wp-content\/uploads\/2025\/09\/careista_kontakt_icon_form-300x300.png 300w, https:\/\/infomaniak.careista.ch\/wp-content\/uploads\/2025\/09\/careista_kontakt_icon_form-150x150.png 150w, https:\/\/infomaniak.careista.ch\/wp-content\/uploads\/2025\/09\/careista_kontakt_icon_form-100x100.png 100w\" sizes=\"(max-width: 384px) 100vw, 384px\" \/>\t\t\t\t\t\t\t\t<\/a>\n\t\t\t\t\t\t\t\t\t\t\t\t\t\t\t<\/div>\n\t\t\t\t<div class=\"elementor-element elementor-element-c773d3a elementor-widget elementor-widget-image\" data-id=\"c773d3a\" data-element_type=\"widget\" data-widget_type=\"image.default\">\n\t\t\t\t\t\t\t\t\t\t\t\t\t\t\t\t<a href=\"mailto:hello@careista.ch\">\n\t\t\t\t\t\t\t<img decoding=\"async\" width=\"384\" height=\"384\" src=\"https:\/\/infomaniak.careista.ch\/wp-content\/uploads\/2025\/09\/careista_kontakt_icon_mail.png\" class=\"attachment-large size-large wp-image-17619\" alt=\"Retours et cas de garantie\" srcset=\"https:\/\/infomaniak.careista.ch\/wp-content\/uploads\/2025\/09\/careista_kontakt_icon_mail.png 384w, https:\/\/infomaniak.careista.ch\/wp-content\/uploads\/2025\/09\/careista_kontakt_icon_mail-300x300.png 300w, https:\/\/infomaniak.careista.ch\/wp-content\/uploads\/2025\/09\/careista_kontakt_icon_mail-150x150.png 150w, https:\/\/infomaniak.careista.ch\/wp-content\/uploads\/2025\/09\/careista_kontakt_icon_mail-100x100.png 100w\" sizes=\"(max-width: 384px) 100vw, 384px\" \/>\t\t\t\t\t\t\t\t<\/a>\n\t\t\t\t\t\t\t\t\t\t\t\t\t\t\t<\/div>\n\t\t\t\t<div class=\"elementor-element elementor-element-e5d4a0d elementor-widget elementor-widget-image\" data-id=\"e5d4a0d\" data-element_type=\"widget\" data-widget_type=\"image.default\">\n\t\t\t\t\t\t\t\t\t\t\t\t\t\t\t\t<a href=\"https:\/\/wa.me\/41796153553\">\n\t\t\t\t\t\t\t<img decoding=\"async\" width=\"384\" height=\"384\" src=\"https:\/\/infomaniak.careista.ch\/wp-content\/uploads\/2025\/09\/careista_kontakt_icon_whatsapp.png\" class=\"attachment-large size-large wp-image-17622\" alt=\"Retours et cas de garantie\" srcset=\"https:\/\/infomaniak.careista.ch\/wp-content\/uploads\/2025\/09\/careista_kontakt_icon_whatsapp.png 384w, https:\/\/infomaniak.careista.ch\/wp-content\/uploads\/2025\/09\/careista_kontakt_icon_whatsapp-300x300.png 300w, https:\/\/infomaniak.careista.ch\/wp-content\/uploads\/2025\/09\/careista_kontakt_icon_whatsapp-150x150.png 150w, https:\/\/infomaniak.careista.ch\/wp-content\/uploads\/2025\/09\/careista_kontakt_icon_whatsapp-100x100.png 100w\" sizes=\"(max-width: 384px) 100vw, 384px\" \/>\t\t\t\t\t\t\t\t<\/a>\n\t\t\t\t\t\t\t\t\t\t\t\t\t\t\t<\/div>\n\t\t\t\t<div class=\"elementor-element elementor-element-f2abbc5 elementor-hidden-mobile elementor-widget elementor-widget-text-editor\" data-id=\"f2abbc5\" data-element_type=\"widget\" data-widget_type=\"text-editor.default\">\n\t\t\t\t\t\t\t\t\t<p><a href=\"https:\/\/infomaniak.careista.ch\/fr\/contact\/\"><b>Formulaire de contact<\/b><\/a><br><a href=\"https:\/\/infomaniak.careista.ch\/fr\/contact\/\">remplir<\/a><\/p>\t\t\t\t\t\t\t\t<\/div>\n\t\t\t\t<div class=\"elementor-element elementor-element-91786e3 elementor-hidden-mobile elementor-widget elementor-widget-text-editor\" data-id=\"91786e3\" data-element_type=\"widget\" data-widget_type=\"text-editor.default\">\n\t\t\t\t\t\t\t\t\t<p><a href=\"mailto:E-Mailhello@careista.ch\"><b>Courrier \u00e9lectronique<br><\/b><span class=\"a_GcMg font-feature-liga-off font-feature-clig-off font-feature-calt-off text-decoration-none text-strikethrough-none\">hello@careista.ch<\/span><\/a><\/p>\t\t\t\t\t\t\t\t<\/div>\n\t\t\t\t<div class=\"elementor-element elementor-element-98bbba0 elementor-hidden-mobile elementor-widget elementor-widget-text-editor\" data-id=\"98bbba0\" data-element_type=\"widget\" data-widget_type=\"text-editor.default\">\n\t\t\t\t\t\t\t\t\t<p><a href=\"https:\/\/wa.me\/41796153553\"><b>Chat Whatsapp<br><\/b><span class=\"a_GcMg font-feature-liga-off font-feature-clig-off font-feature-calt-off text-decoration-none text-strikethrough-none\">+41 (0)79 615 35 53<\/span><\/a><\/p>\t\t\t\t\t\t\t\t<\/div>\n\t\t\t\t\t<\/div>\n\t\t\t\t<\/div>\n\t\t\t\t<\/div>\n\t\t\t\t<\/div>\n\t\t","protected":false},"excerpt":{"rendered":"<p>Retours et cas de garantie RETOURS \/ RETOURS DE MARCHANDISES Vous avez command\u00e9 le mauvais article ou le produit ne correspond pas \u00e0 vos attentes ? Il est possible de retourner les produits command\u00e9s chez nous jusqu&rsquo;\u00e0 14 jours apr\u00e8s r\u00e9ception de la marchandise. En principe, il n&rsquo;existe pas de droit de retour l\u00e9gal en [&hellip;]<\/p>\n","protected":false},"author":346,"featured_media":0,"parent":0,"menu_order":0,"comment_status":"closed","ping_status":"closed","template":"","meta":{"_acf_changed":false,"footnotes":""},"class_list":["post-3317","page","type-page","status-publish","hentry"],"acf":[],"yoast_head":"<!-- This site is optimized with the Yoast SEO plugin v26.7 - https:\/\/yoast.com\/wordpress\/plugins\/seo\/ -->\n<title>Retours et cas de garantie - CAREISTA<\/title>\n<meta name=\"robots\" content=\"noindex, follow, max-snippet:-1, max-image-preview:large, max-video-preview:-1\" \/>\n<meta property=\"og:locale\" content=\"fr_FR\" \/>\n<meta property=\"og:type\" content=\"article\" \/>\n<meta property=\"og:title\" content=\"Retours et cas de garantie - CAREISTA\" \/>\n<meta property=\"og:description\" content=\"Retours et cas de garantie RETOURS \/ RETOURS DE MARCHANDISES Vous avez command\u00e9 le mauvais article ou le produit ne correspond pas \u00e0 vos attentes ? Il est possible de retourner les produits command\u00e9s chez nous jusqu&rsquo;\u00e0 14 jours apr\u00e8s r\u00e9ception de la marchandise. En principe, il n&rsquo;existe pas de droit de retour l\u00e9gal en [&hellip;]\" \/>\n<meta property=\"og:url\" content=\"https:\/\/infomaniak.careista.ch\/fr\/retours-garantie\/\" \/>\n<meta property=\"og:site_name\" content=\"CAREISTA\" \/>\n<meta property=\"article:modified_time\" content=\"2025-11-26T11:12:41+00:00\" \/>\n<meta property=\"og:image\" content=\"https:\/\/infomaniak.careista.ch\/wp-content\/uploads\/2025\/09\/careista_kontakt_icon_form.png\" \/>\n\t<meta property=\"og:image:width\" content=\"384\" \/>\n\t<meta property=\"og:image:height\" content=\"384\" \/>\n\t<meta property=\"og:image:type\" content=\"image\/png\" \/>\n<meta name=\"twitter:card\" content=\"summary_large_image\" \/>\n<meta name=\"twitter:label1\" content=\"Dur\u00e9e de lecture estim\u00e9e\" \/>\n\t<meta name=\"twitter:data1\" content=\"4 Minuten\" \/>\n<script type=\"application\/ld+json\" class=\"yoast-schema-graph\">{\"@context\":\"https:\/\/schema.org\",\"@graph\":[{\"@type\":\"WebPage\",\"@id\":\"https:\/\/infomaniak.careista.ch\/fr\/retours-garantie\/\",\"url\":\"https:\/\/infomaniak.careista.ch\/fr\/retours-garantie\/\",\"name\":\"Retours et cas de garantie - CAREISTA\",\"isPartOf\":{\"@id\":\"https:\/\/infomaniak.careista.ch\/fr\/#website\"},\"primaryImageOfPage\":{\"@id\":\"https:\/\/infomaniak.careista.ch\/fr\/retours-garantie\/#primaryimage\"},\"image\":{\"@id\":\"https:\/\/infomaniak.careista.ch\/fr\/retours-garantie\/#primaryimage\"},\"thumbnailUrl\":\"https:\/\/infomaniak.careista.ch\/wp-content\/uploads\/2025\/09\/careista_kontakt_icon_form.png\",\"datePublished\":\"2024-12-10T10:37:11+00:00\",\"dateModified\":\"2025-11-26T11:12:41+00:00\",\"breadcrumb\":{\"@id\":\"https:\/\/infomaniak.careista.ch\/fr\/retours-garantie\/#breadcrumb\"},\"inLanguage\":\"fr-FR\",\"potentialAction\":[{\"@type\":\"ReadAction\",\"target\":[\"https:\/\/infomaniak.careista.ch\/fr\/retours-garantie\/\"]}]},{\"@type\":\"ImageObject\",\"inLanguage\":\"fr-FR\",\"@id\":\"https:\/\/infomaniak.careista.ch\/fr\/retours-garantie\/#primaryimage\",\"url\":\"https:\/\/infomaniak.careista.ch\/wp-content\/uploads\/2025\/09\/careista_kontakt_icon_form.png\",\"contentUrl\":\"https:\/\/infomaniak.careista.ch\/wp-content\/uploads\/2025\/09\/careista_kontakt_icon_form.png\"},{\"@type\":\"BreadcrumbList\",\"@id\":\"https:\/\/infomaniak.careista.ch\/fr\/retours-garantie\/#breadcrumb\",\"itemListElement\":[{\"@type\":\"ListItem\",\"position\":1,\"name\":\"Home\",\"item\":\"https:\/\/infomaniak.careista.ch\/fr\/\"},{\"@type\":\"ListItem\",\"position\":2,\"name\":\"Retours et cas de garantie\"}]},{\"@type\":\"WebSite\",\"@id\":\"https:\/\/infomaniak.careista.ch\/fr\/#website\",\"url\":\"https:\/\/infomaniak.careista.ch\/fr\/\",\"name\":\"CAREISTA\",\"description\":\"Dein pers\u00f6nlicher Pflege-Barista\",\"publisher\":{\"@id\":\"https:\/\/infomaniak.careista.ch\/fr\/#organization\"},\"potentialAction\":[{\"@type\":\"SearchAction\",\"target\":{\"@type\":\"EntryPoint\",\"urlTemplate\":\"https:\/\/infomaniak.careista.ch\/fr\/?s={search_term_string}\"},\"query-input\":{\"@type\":\"PropertyValueSpecification\",\"valueRequired\":true,\"valueName\":\"search_term_string\"}}],\"inLanguage\":\"fr-FR\"},{\"@type\":\"Organization\",\"@id\":\"https:\/\/infomaniak.careista.ch\/fr\/#organization\",\"name\":\"CAREISTA\",\"url\":\"https:\/\/infomaniak.careista.ch\/fr\/\",\"logo\":{\"@type\":\"ImageObject\",\"inLanguage\":\"fr-FR\",\"@id\":\"https:\/\/infomaniak.careista.ch\/fr\/#\/schema\/logo\/image\/\",\"url\":\"https:\/\/infomaniak.careista.ch\/wp-content\/uploads\/2025\/02\/Careista-Logo-S_rgb.svg.svg\",\"contentUrl\":\"https:\/\/infomaniak.careista.ch\/wp-content\/uploads\/2025\/02\/Careista-Logo-S_rgb.svg.svg\",\"caption\":\"CAREISTA\"},\"image\":{\"@id\":\"https:\/\/infomaniak.careista.ch\/fr\/#\/schema\/logo\/image\/\"}}]}<\/script>\n<!-- \/ Yoast SEO plugin. -->","yoast_head_json":{"title":"Retours et cas de garantie - CAREISTA","robots":{"index":"noindex","follow":"follow","max-snippet":"max-snippet:-1","max-image-preview":"max-image-preview:large","max-video-preview":"max-video-preview:-1"},"og_locale":"fr_FR","og_type":"article","og_title":"Retours et cas de garantie - CAREISTA","og_description":"Retours et cas de garantie RETOURS \/ RETOURS DE MARCHANDISES Vous avez command\u00e9 le mauvais article ou le produit ne correspond pas \u00e0 vos attentes ? Il est possible de retourner les produits command\u00e9s chez nous jusqu&rsquo;\u00e0 14 jours apr\u00e8s r\u00e9ception de la marchandise. En principe, il n&rsquo;existe pas de droit de retour l\u00e9gal en [&hellip;]","og_url":"https:\/\/infomaniak.careista.ch\/fr\/retours-garantie\/","og_site_name":"CAREISTA","article_modified_time":"2025-11-26T11:12:41+00:00","og_image":[{"width":384,"height":384,"url":"https:\/\/infomaniak.careista.ch\/wp-content\/uploads\/2025\/09\/careista_kontakt_icon_form.png","type":"image\/png"}],"twitter_card":"summary_large_image","twitter_misc":{"Dur\u00e9e de lecture estim\u00e9e":"4 Minuten"},"schema":{"@context":"https:\/\/schema.org","@graph":[{"@type":"WebPage","@id":"https:\/\/infomaniak.careista.ch\/fr\/retours-garantie\/","url":"https:\/\/infomaniak.careista.ch\/fr\/retours-garantie\/","name":"Retours et cas de garantie - CAREISTA","isPartOf":{"@id":"https:\/\/infomaniak.careista.ch\/fr\/#website"},"primaryImageOfPage":{"@id":"https:\/\/infomaniak.careista.ch\/fr\/retours-garantie\/#primaryimage"},"image":{"@id":"https:\/\/infomaniak.careista.ch\/fr\/retours-garantie\/#primaryimage"},"thumbnailUrl":"https:\/\/infomaniak.careista.ch\/wp-content\/uploads\/2025\/09\/careista_kontakt_icon_form.png","datePublished":"2024-12-10T10:37:11+00:00","dateModified":"2025-11-26T11:12:41+00:00","breadcrumb":{"@id":"https:\/\/infomaniak.careista.ch\/fr\/retours-garantie\/#breadcrumb"},"inLanguage":"fr-FR","potentialAction":[{"@type":"ReadAction","target":["https:\/\/infomaniak.careista.ch\/fr\/retours-garantie\/"]}]},{"@type":"ImageObject","inLanguage":"fr-FR","@id":"https:\/\/infomaniak.careista.ch\/fr\/retours-garantie\/#primaryimage","url":"https:\/\/infomaniak.careista.ch\/wp-content\/uploads\/2025\/09\/careista_kontakt_icon_form.png","contentUrl":"https:\/\/infomaniak.careista.ch\/wp-content\/uploads\/2025\/09\/careista_kontakt_icon_form.png"},{"@type":"BreadcrumbList","@id":"https:\/\/infomaniak.careista.ch\/fr\/retours-garantie\/#breadcrumb","itemListElement":[{"@type":"ListItem","position":1,"name":"Home","item":"https:\/\/infomaniak.careista.ch\/fr\/"},{"@type":"ListItem","position":2,"name":"Retours et cas de garantie"}]},{"@type":"WebSite","@id":"https:\/\/infomaniak.careista.ch\/fr\/#website","url":"https:\/\/infomaniak.careista.ch\/fr\/","name":"CAREISTA","description":"Dein pers\u00f6nlicher Pflege-Barista","publisher":{"@id":"https:\/\/infomaniak.careista.ch\/fr\/#organization"},"potentialAction":[{"@type":"SearchAction","target":{"@type":"EntryPoint","urlTemplate":"https:\/\/infomaniak.careista.ch\/fr\/?s={search_term_string}"},"query-input":{"@type":"PropertyValueSpecification","valueRequired":true,"valueName":"search_term_string"}}],"inLanguage":"fr-FR"},{"@type":"Organization","@id":"https:\/\/infomaniak.careista.ch\/fr\/#organization","name":"CAREISTA","url":"https:\/\/infomaniak.careista.ch\/fr\/","logo":{"@type":"ImageObject","inLanguage":"fr-FR","@id":"https:\/\/infomaniak.careista.ch\/fr\/#\/schema\/logo\/image\/","url":"https:\/\/infomaniak.careista.ch\/wp-content\/uploads\/2025\/02\/Careista-Logo-S_rgb.svg.svg","contentUrl":"https:\/\/infomaniak.careista.ch\/wp-content\/uploads\/2025\/02\/Careista-Logo-S_rgb.svg.svg","caption":"CAREISTA"},"image":{"@id":"https:\/\/infomaniak.careista.ch\/fr\/#\/schema\/logo\/image\/"}}]}},"jetpack_sharing_enabled":true,"_links":{"self":[{"href":"https:\/\/infomaniak.careista.ch\/fr\/wp-json\/wp\/v2\/pages\/3317","targetHints":{"allow":["GET"]}}],"collection":[{"href":"https:\/\/infomaniak.careista.ch\/fr\/wp-json\/wp\/v2\/pages"}],"about":[{"href":"https:\/\/infomaniak.careista.ch\/fr\/wp-json\/wp\/v2\/types\/page"}],"author":[{"embeddable":true,"href":"https:\/\/infomaniak.careista.ch\/fr\/wp-json\/wp\/v2\/users\/346"}],"replies":[{"embeddable":true,"href":"https:\/\/infomaniak.careista.ch\/fr\/wp-json\/wp\/v2\/comments?post=3317"}],"version-history":[{"count":0,"href":"https:\/\/infomaniak.careista.ch\/fr\/wp-json\/wp\/v2\/pages\/3317\/revisions"}],"wp:attachment":[{"href":"https:\/\/infomaniak.careista.ch\/fr\/wp-json\/wp\/v2\/media?parent=3317"}],"curies":[{"name":"wp","href":"https:\/\/api.w.org\/{rel}","templated":true}]}}