{"id":3320,"date":"2024-12-10T12:36:51","date_gmt":"2024-12-10T11:36:51","guid":{"rendered":"https:\/\/kyfyqony.cyon.site\/conditions-denvoi-et-de-paiement\/"},"modified":"2025-09-30T10:11:10","modified_gmt":"2025-09-30T08:11:10","slug":"conditions-denvoi-et-de-paiement","status":"publish","type":"page","link":"https:\/\/infomaniak.careista.ch\/fr\/conditions-denvoi-et-de-paiement\/","title":{"rendered":"Conditions d&rsquo;envoi et de paiement"},"content":{"rendered":"\t\t<div data-elementor-type=\"wp-page\" data-elementor-id=\"3320\" class=\"elementor elementor-3320 elementor-1580\" data-elementor-post-type=\"page\">\n\t\t\t\t<div class=\"elementor-element elementor-element-2420306 e-flex e-con-boxed e-con e-parent\" data-id=\"2420306\" data-element_type=\"container\">\n\t\t\t\t\t<div class=\"e-con-inner\">\n\t\t\t\t<div data-dce-title-color=\"#000000\" class=\"elementor-element elementor-element-ba27f6e elementor-hidden-mobile elementor-widget elementor-widget-heading\" data-id=\"ba27f6e\" data-element_type=\"widget\" data-widget_type=\"heading.default\">\n\t\t\t\t\t<h1 class=\"elementor-heading-title elementor-size-default\">Conditions d'envoi et de paiement<\/h1>\t\t\t\t<\/div>\n\t\t\t\t<div data-dce-title-color=\"#000000\" class=\"elementor-element elementor-element-8439c09 elementor-hidden-desktop elementor-hidden-tablet elementor-widget elementor-widget-heading\" data-id=\"8439c09\" data-element_type=\"widget\" data-widget_type=\"heading.default\">\n\t\t\t\t\t<h1 class=\"elementor-heading-title elementor-size-default\">Conditions d'envoi et de paiement<\/h1>\t\t\t\t<\/div>\n\t\t\t\t\t<\/div>\n\t\t\t\t<\/div>\n\t\t<div class=\"elementor-element elementor-element-ff47ed6 e-flex e-con-boxed e-con e-parent\" data-id=\"ff47ed6\" data-element_type=\"container\">\n\t\t\t\t\t<div class=\"e-con-inner\">\n\t\t\t\t<div class=\"elementor-element elementor-element-657eb55 elementor-widget elementor-widget-text-editor\" data-id=\"657eb55\" data-element_type=\"widget\" data-widget_type=\"text-editor.default\">\n\t\t\t\t\t\t\t\t\t<h2>Frais de livraison et d&rsquo;exp\u00e9dition<\/h2><p>Nous traiterons toutes les commandes aussi rapidement que possible. Malheureusement, nous ne pouvons pas indiquer de d\u00e9lai de livraison fixe, car celui-ci d\u00e9pend du moment de la commande, de la disponibilit\u00e9 des produits et de l&rsquo;humeur du jour de votre facteur.  En r\u00e8gle g\u00e9n\u00e9rale, les commandes qui nous parviennent avant 16 heures quittent notre entrep\u00f4t le jour m\u00eame.<\/p><p>Toutes les livraisons en Suisse sont effectu\u00e9es par la Poste suisse, au choix par courrier A ou B. Les livraisons ne sont possibles qu&rsquo;\u00e0 des adresses en Suisse et dans la Principaut\u00e9 du Liechtenstein, et uniquement \u00e0 partir d&rsquo;une valeur minimale de commande de 20 CHF. \u00c0 partir d&rsquo;une valeur de commande de 49 CHF, les frais de port sont gratuits.  <\/p><p><em>Frais d&rsquo;envoi : CHF 7.00 pour le courrier B ou CHF 9.00 pour le courrier A incl. TVA <\/em><\/p><h2>Modalit\u00e9s de paiement<\/h2><p>Nous proposons les modes de paiement suivants : TWINT, carte de cr\u00e9dit (Mastercard et VISA)<span style=\"font-family: var( --e-global-typography-text-font-family ), Sans-serif; text-align: var(--text-align);\">), Apple Pay, PayPal ou virement bancaire. Les modalit\u00e9s de paiement d\u00e9pendent de plusieurs facteurs. Il n&rsquo;est pas garanti que chaque mode de paiement soit offert pour chaque commande. Tous les paiements sont effectu\u00e9s via des connexions s\u00e9curis\u00e9es sur les serveurs du fournisseur Payrexx. Nous n&rsquo;enregistrons pas les donn\u00e9es des cartes de cr\u00e9dit et\/ou autres donn\u00e9es de paiement des clients. <\/span><\/p>\t\t\t\t\t\t\t\t<\/div>\n\t\t\t\t\t<\/div>\n\t\t\t\t<\/div>\n\t\t<div class=\"elementor-element elementor-element-820b658 e-grid e-con-full e-con e-child\" data-id=\"820b658\" data-element_type=\"container\">\n\t\t<div class=\"elementor-element elementor-element-8490375 e-con-full e-flex e-con e-child\" data-id=\"8490375\" data-element_type=\"container\">\n\t\t\t\t<div class=\"elementor-element elementor-element-3a1d5e5 elementor-widget__width-initial elementor-widget-mobile__width-initial elementor-widget elementor-widget-heading\" data-id=\"3a1d5e5\" data-element_type=\"widget\" data-widget_type=\"heading.default\">\n\t\t\t\t\t<h2 class=\"elementor-heading-title elementor-size-default\"><b>Tu as des questions ?<\/b><\/h2>\t\t\t\t<\/div>\n\t\t\t\t<div class=\"elementor-element elementor-element-ff96af7 elementor-widget__width-initial elementor-widget elementor-widget-text-editor\" data-id=\"ff96af7\" data-element_type=\"widget\" data-widget_type=\"text-editor.default\">\n\t\t\t\t\t\t\t\t\t<p>Contactez-nous via le formulaire de contact, par e-mail ou par chat WhatsApp et nous nous ferons un plaisir de vous aider.  <\/p>\t\t\t\t\t\t\t\t<\/div>\n\t\t\t\t<\/div>\n\t\t<div class=\"elementor-element elementor-element-e739e71 e-grid e-con-boxed e-con e-child\" data-id=\"e739e71\" data-element_type=\"container\">\n\t\t\t\t\t<div class=\"e-con-inner\">\n\t\t\t\t<div class=\"elementor-element elementor-element-1d50988 elementor-widget elementor-widget-image\" data-id=\"1d50988\" data-element_type=\"widget\" data-widget_type=\"image.default\">\n\t\t\t\t\t\t\t\t\t\t\t\t\t\t\t\t<a href=\"https:\/\/infomaniak.careista.ch\/fr\/contact\/\">\n\t\t\t\t\t\t\t<img fetchpriority=\"high\" decoding=\"async\" width=\"384\" height=\"384\" src=\"https:\/\/infomaniak.careista.ch\/wp-content\/uploads\/2025\/09\/careista_kontakt_icon_form.png\" class=\"attachment-large size-large wp-image-17616\" alt=\"Conditions d&#039;envoi et de paiement\" srcset=\"https:\/\/infomaniak.careista.ch\/wp-content\/uploads\/2025\/09\/careista_kontakt_icon_form.png 384w, https:\/\/infomaniak.careista.ch\/wp-content\/uploads\/2025\/09\/careista_kontakt_icon_form-300x300.png 300w, https:\/\/infomaniak.careista.ch\/wp-content\/uploads\/2025\/09\/careista_kontakt_icon_form-150x150.png 150w, https:\/\/infomaniak.careista.ch\/wp-content\/uploads\/2025\/09\/careista_kontakt_icon_form-100x100.png 100w\" sizes=\"(max-width: 384px) 100vw, 384px\" \/>\t\t\t\t\t\t\t\t<\/a>\n\t\t\t\t\t\t\t\t\t\t\t\t\t\t\t<\/div>\n\t\t\t\t<div class=\"elementor-element elementor-element-bb7a7a4 elementor-widget elementor-widget-image\" data-id=\"bb7a7a4\" data-element_type=\"widget\" data-widget_type=\"image.default\">\n\t\t\t\t\t\t\t\t\t\t\t\t\t\t\t\t<a href=\"mailto:hello@careista.ch\">\n\t\t\t\t\t\t\t<img decoding=\"async\" width=\"384\" height=\"384\" src=\"https:\/\/infomaniak.careista.ch\/wp-content\/uploads\/2025\/09\/careista_kontakt_icon_mail.png\" class=\"attachment-large size-large wp-image-17619\" alt=\"Conditions d&#039;envoi et de paiement\" srcset=\"https:\/\/infomaniak.careista.ch\/wp-content\/uploads\/2025\/09\/careista_kontakt_icon_mail.png 384w, https:\/\/infomaniak.careista.ch\/wp-content\/uploads\/2025\/09\/careista_kontakt_icon_mail-300x300.png 300w, https:\/\/infomaniak.careista.ch\/wp-content\/uploads\/2025\/09\/careista_kontakt_icon_mail-150x150.png 150w, https:\/\/infomaniak.careista.ch\/wp-content\/uploads\/2025\/09\/careista_kontakt_icon_mail-100x100.png 100w\" sizes=\"(max-width: 384px) 100vw, 384px\" \/>\t\t\t\t\t\t\t\t<\/a>\n\t\t\t\t\t\t\t\t\t\t\t\t\t\t\t<\/div>\n\t\t\t\t<div class=\"elementor-element elementor-element-c8ab37c elementor-widget elementor-widget-image\" data-id=\"c8ab37c\" data-element_type=\"widget\" data-widget_type=\"image.default\">\n\t\t\t\t\t\t\t\t\t\t\t\t\t\t\t\t<a href=\"https:\/\/wa.me\/41796153553\">\n\t\t\t\t\t\t\t<img decoding=\"async\" width=\"384\" height=\"384\" src=\"https:\/\/infomaniak.careista.ch\/wp-content\/uploads\/2025\/09\/careista_kontakt_icon_whatsapp.png\" class=\"attachment-large size-large wp-image-17622\" alt=\"Conditions d&#039;envoi et de paiement\" srcset=\"https:\/\/infomaniak.careista.ch\/wp-content\/uploads\/2025\/09\/careista_kontakt_icon_whatsapp.png 384w, https:\/\/infomaniak.careista.ch\/wp-content\/uploads\/2025\/09\/careista_kontakt_icon_whatsapp-300x300.png 300w, https:\/\/infomaniak.careista.ch\/wp-content\/uploads\/2025\/09\/careista_kontakt_icon_whatsapp-150x150.png 150w, https:\/\/infomaniak.careista.ch\/wp-content\/uploads\/2025\/09\/careista_kontakt_icon_whatsapp-100x100.png 100w\" sizes=\"(max-width: 384px) 100vw, 384px\" \/>\t\t\t\t\t\t\t\t<\/a>\n\t\t\t\t\t\t\t\t\t\t\t\t\t\t\t<\/div>\n\t\t\t\t<div class=\"elementor-element elementor-element-2c3d5b2 elementor-hidden-mobile elementor-widget elementor-widget-text-editor\" data-id=\"2c3d5b2\" data-element_type=\"widget\" data-widget_type=\"text-editor.default\">\n\t\t\t\t\t\t\t\t\t<p><a href=\"https:\/\/infomaniak.careista.ch\/fr\/contact\/\"><b>Formulaire de contact<\/b><\/a><br><a href=\"https:\/\/infomaniak.careista.ch\/fr\/contact\/\">remplir<\/a><\/p>\t\t\t\t\t\t\t\t<\/div>\n\t\t\t\t<div class=\"elementor-element elementor-element-6f67286 elementor-hidden-mobile elementor-widget elementor-widget-text-editor\" data-id=\"6f67286\" data-element_type=\"widget\" data-widget_type=\"text-editor.default\">\n\t\t\t\t\t\t\t\t\t<p><a href=\"mailto:E-Mailhello@careista.ch\"><b>Courrier \u00e9lectronique<br><\/b><span class=\"a_GcMg font-feature-liga-off font-feature-clig-off font-feature-calt-off text-decoration-none text-strikethrough-none\">hello@careista.ch<\/span><\/a><\/p>\t\t\t\t\t\t\t\t<\/div>\n\t\t\t\t<div class=\"elementor-element elementor-element-983e572 elementor-hidden-mobile elementor-widget elementor-widget-text-editor\" data-id=\"983e572\" data-element_type=\"widget\" data-widget_type=\"text-editor.default\">\n\t\t\t\t\t\t\t\t\t<p><a href=\"https:\/\/wa.me\/41796153553\"><b>Chat Whatsapp<br><\/b><span class=\"a_GcMg font-feature-liga-off font-feature-clig-off font-feature-calt-off text-decoration-none text-strikethrough-none\">+41 (0)79 615 35 53<\/span><\/a><\/p>\t\t\t\t\t\t\t\t<\/div>\n\t\t\t\t\t<\/div>\n\t\t\t\t<\/div>\n\t\t\t\t<\/div>\n\t\t\t\t<\/div>\n\t\t","protected":false},"excerpt":{"rendered":"<p>Conditions d&rsquo;envoi et de paiement Conditions d&rsquo;envoi et de paiement Frais de livraison et d&rsquo;exp\u00e9dition Nous traiterons toutes les commandes aussi rapidement que possible. Malheureusement, nous ne pouvons pas indiquer de d\u00e9lai de livraison fixe, car celui-ci d\u00e9pend du moment de la commande, de la disponibilit\u00e9 des produits et de l&rsquo;humeur du jour de votre [&hellip;]<\/p>\n","protected":false},"author":346,"featured_media":0,"parent":0,"menu_order":0,"comment_status":"closed","ping_status":"closed","template":"","meta":{"_acf_changed":false,"footnotes":""},"class_list":["post-3320","page","type-page","status-publish","hentry"],"acf":[],"yoast_head":"<!-- This site is optimized with the Yoast SEO plugin v26.7 - https:\/\/yoast.com\/wordpress\/plugins\/seo\/ -->\n<title>Conditions d&#039;envoi et de paiement - CAREISTA Selfcare simple &amp; transparent<\/title>\n<meta name=\"description\" content=\"D\u00e9couvrez tout ce qu&#039;il faut savoir sur l&#039;exp\u00e9dition, les d\u00e9lais de livraison et les modes de paiement chez CAREISTA. Transparent, simple &amp; orient\u00e9 client pour votre exp\u00e9rience Selfcare.\" \/>\n<meta name=\"robots\" content=\"noindex, follow, max-snippet:-1, max-image-preview:large, max-video-preview:-1\" \/>\n<meta property=\"og:locale\" content=\"fr_FR\" \/>\n<meta property=\"og:type\" content=\"article\" \/>\n<meta property=\"og:title\" content=\"Conditions d&#039;envoi et de paiement - CAREISTA Selfcare simple &amp; transparent\" \/>\n<meta property=\"og:description\" content=\"D\u00e9couvrez tout ce qu&#039;il faut savoir sur l&#039;exp\u00e9dition, les d\u00e9lais de livraison et les modes de paiement chez CAREISTA. Transparent, simple &amp; orient\u00e9 client pour votre exp\u00e9rience Selfcare.\" \/>\n<meta property=\"og:url\" content=\"https:\/\/infomaniak.careista.ch\/fr\/conditions-denvoi-et-de-paiement\/\" \/>\n<meta property=\"og:site_name\" content=\"CAREISTA\" \/>\n<meta property=\"article:modified_time\" content=\"2025-09-30T08:11:10+00:00\" \/>\n<meta property=\"og:image\" content=\"https:\/\/infomaniak.careista.ch\/wp-content\/uploads\/2025\/09\/careista_kontakt_icon_form.png\" \/>\n<meta name=\"twitter:card\" content=\"summary_large_image\" \/>\n<meta name=\"twitter:label1\" content=\"Dur\u00e9e de lecture estim\u00e9e\" \/>\n\t<meta name=\"twitter:data1\" content=\"1 minute\" \/>\n<script type=\"application\/ld+json\" class=\"yoast-schema-graph\">{\"@context\":\"https:\/\/schema.org\",\"@graph\":[{\"@type\":\"WebPage\",\"@id\":\"https:\/\/infomaniak.careista.ch\/fr\/conditions-denvoi-et-de-paiement\/\",\"url\":\"https:\/\/infomaniak.careista.ch\/fr\/conditions-denvoi-et-de-paiement\/\",\"name\":\"Conditions d'envoi et de paiement - CAREISTA Selfcare simple & transparent\",\"isPartOf\":{\"@id\":\"https:\/\/infomaniak.careista.ch\/fr\/#website\"},\"primaryImageOfPage\":{\"@id\":\"https:\/\/infomaniak.careista.ch\/fr\/conditions-denvoi-et-de-paiement\/#primaryimage\"},\"image\":{\"@id\":\"https:\/\/infomaniak.careista.ch\/fr\/conditions-denvoi-et-de-paiement\/#primaryimage\"},\"thumbnailUrl\":\"https:\/\/infomaniak.careista.ch\/wp-content\/uploads\/2025\/09\/careista_kontakt_icon_form.png\",\"datePublished\":\"2024-12-10T11:36:51+00:00\",\"dateModified\":\"2025-09-30T08:11:10+00:00\",\"description\":\"D\u00e9couvrez tout ce qu'il faut savoir sur l'exp\u00e9dition, les d\u00e9lais de livraison et les modes de paiement chez CAREISTA. Transparent, simple & orient\u00e9 client pour votre exp\u00e9rience Selfcare.\",\"breadcrumb\":{\"@id\":\"https:\/\/infomaniak.careista.ch\/fr\/conditions-denvoi-et-de-paiement\/#breadcrumb\"},\"inLanguage\":\"fr-FR\",\"potentialAction\":[{\"@type\":\"ReadAction\",\"target\":[\"https:\/\/infomaniak.careista.ch\/fr\/conditions-denvoi-et-de-paiement\/\"]}]},{\"@type\":\"ImageObject\",\"inLanguage\":\"fr-FR\",\"@id\":\"https:\/\/infomaniak.careista.ch\/fr\/conditions-denvoi-et-de-paiement\/#primaryimage\",\"url\":\"https:\/\/infomaniak.careista.ch\/wp-content\/uploads\/2025\/09\/careista_kontakt_icon_form.png\",\"contentUrl\":\"https:\/\/infomaniak.careista.ch\/wp-content\/uploads\/2025\/09\/careista_kontakt_icon_form.png\"},{\"@type\":\"BreadcrumbList\",\"@id\":\"https:\/\/infomaniak.careista.ch\/fr\/conditions-denvoi-et-de-paiement\/#breadcrumb\",\"itemListElement\":[{\"@type\":\"ListItem\",\"position\":1,\"name\":\"Home\",\"item\":\"https:\/\/infomaniak.careista.ch\/fr\/\"},{\"@type\":\"ListItem\",\"position\":2,\"name\":\"Conditions d&#8217;envoi et de paiement\"}]},{\"@type\":\"WebSite\",\"@id\":\"https:\/\/infomaniak.careista.ch\/fr\/#website\",\"url\":\"https:\/\/infomaniak.careista.ch\/fr\/\",\"name\":\"CAREISTA\",\"description\":\"Dein pers\u00f6nlicher Pflege-Barista\",\"publisher\":{\"@id\":\"https:\/\/infomaniak.careista.ch\/fr\/#organization\"},\"potentialAction\":[{\"@type\":\"SearchAction\",\"target\":{\"@type\":\"EntryPoint\",\"urlTemplate\":\"https:\/\/infomaniak.careista.ch\/fr\/?s={search_term_string}\"},\"query-input\":{\"@type\":\"PropertyValueSpecification\",\"valueRequired\":true,\"valueName\":\"search_term_string\"}}],\"inLanguage\":\"fr-FR\"},{\"@type\":\"Organization\",\"@id\":\"https:\/\/infomaniak.careista.ch\/fr\/#organization\",\"name\":\"CAREISTA\",\"url\":\"https:\/\/infomaniak.careista.ch\/fr\/\",\"logo\":{\"@type\":\"ImageObject\",\"inLanguage\":\"fr-FR\",\"@id\":\"https:\/\/infomaniak.careista.ch\/fr\/#\/schema\/logo\/image\/\",\"url\":\"https:\/\/infomaniak.careista.ch\/wp-content\/uploads\/2025\/02\/Careista-Logo-S_rgb.svg.svg\",\"contentUrl\":\"https:\/\/infomaniak.careista.ch\/wp-content\/uploads\/2025\/02\/Careista-Logo-S_rgb.svg.svg\",\"caption\":\"CAREISTA\"},\"image\":{\"@id\":\"https:\/\/infomaniak.careista.ch\/fr\/#\/schema\/logo\/image\/\"}}]}<\/script>\n<!-- \/ Yoast SEO plugin. -->","yoast_head_json":{"title":"Conditions d'envoi et de paiement - CAREISTA Selfcare simple & transparent","description":"D\u00e9couvrez tout ce qu'il faut savoir sur l'exp\u00e9dition, les d\u00e9lais de livraison et les modes de paiement chez CAREISTA. Transparent, simple & orient\u00e9 client pour votre exp\u00e9rience Selfcare.","robots":{"index":"noindex","follow":"follow","max-snippet":"max-snippet:-1","max-image-preview":"max-image-preview:large","max-video-preview":"max-video-preview:-1"},"og_locale":"fr_FR","og_type":"article","og_title":"Conditions d'envoi et de paiement - CAREISTA Selfcare simple & transparent","og_description":"D\u00e9couvrez tout ce qu'il faut savoir sur l'exp\u00e9dition, les d\u00e9lais de livraison et les modes de paiement chez CAREISTA. Transparent, simple & orient\u00e9 client pour votre exp\u00e9rience Selfcare.","og_url":"https:\/\/infomaniak.careista.ch\/fr\/conditions-denvoi-et-de-paiement\/","og_site_name":"CAREISTA","article_modified_time":"2025-09-30T08:11:10+00:00","og_image":[{"url":"https:\/\/infomaniak.careista.ch\/wp-content\/uploads\/2025\/09\/careista_kontakt_icon_form.png","type":"","width":"","height":""}],"twitter_card":"summary_large_image","twitter_misc":{"Dur\u00e9e de lecture estim\u00e9e":"1 minute"},"schema":{"@context":"https:\/\/schema.org","@graph":[{"@type":"WebPage","@id":"https:\/\/infomaniak.careista.ch\/fr\/conditions-denvoi-et-de-paiement\/","url":"https:\/\/infomaniak.careista.ch\/fr\/conditions-denvoi-et-de-paiement\/","name":"Conditions d'envoi et de paiement - CAREISTA Selfcare simple & transparent","isPartOf":{"@id":"https:\/\/infomaniak.careista.ch\/fr\/#website"},"primaryImageOfPage":{"@id":"https:\/\/infomaniak.careista.ch\/fr\/conditions-denvoi-et-de-paiement\/#primaryimage"},"image":{"@id":"https:\/\/infomaniak.careista.ch\/fr\/conditions-denvoi-et-de-paiement\/#primaryimage"},"thumbnailUrl":"https:\/\/infomaniak.careista.ch\/wp-content\/uploads\/2025\/09\/careista_kontakt_icon_form.png","datePublished":"2024-12-10T11:36:51+00:00","dateModified":"2025-09-30T08:11:10+00:00","description":"D\u00e9couvrez tout ce qu'il faut savoir sur l'exp\u00e9dition, les d\u00e9lais de livraison et les modes de paiement chez CAREISTA. Transparent, simple & orient\u00e9 client pour votre exp\u00e9rience Selfcare.","breadcrumb":{"@id":"https:\/\/infomaniak.careista.ch\/fr\/conditions-denvoi-et-de-paiement\/#breadcrumb"},"inLanguage":"fr-FR","potentialAction":[{"@type":"ReadAction","target":["https:\/\/infomaniak.careista.ch\/fr\/conditions-denvoi-et-de-paiement\/"]}]},{"@type":"ImageObject","inLanguage":"fr-FR","@id":"https:\/\/infomaniak.careista.ch\/fr\/conditions-denvoi-et-de-paiement\/#primaryimage","url":"https:\/\/infomaniak.careista.ch\/wp-content\/uploads\/2025\/09\/careista_kontakt_icon_form.png","contentUrl":"https:\/\/infomaniak.careista.ch\/wp-content\/uploads\/2025\/09\/careista_kontakt_icon_form.png"},{"@type":"BreadcrumbList","@id":"https:\/\/infomaniak.careista.ch\/fr\/conditions-denvoi-et-de-paiement\/#breadcrumb","itemListElement":[{"@type":"ListItem","position":1,"name":"Home","item":"https:\/\/infomaniak.careista.ch\/fr\/"},{"@type":"ListItem","position":2,"name":"Conditions d&#8217;envoi et de paiement"}]},{"@type":"WebSite","@id":"https:\/\/infomaniak.careista.ch\/fr\/#website","url":"https:\/\/infomaniak.careista.ch\/fr\/","name":"CAREISTA","description":"Dein pers\u00f6nlicher Pflege-Barista","publisher":{"@id":"https:\/\/infomaniak.careista.ch\/fr\/#organization"},"potentialAction":[{"@type":"SearchAction","target":{"@type":"EntryPoint","urlTemplate":"https:\/\/infomaniak.careista.ch\/fr\/?s={search_term_string}"},"query-input":{"@type":"PropertyValueSpecification","valueRequired":true,"valueName":"search_term_string"}}],"inLanguage":"fr-FR"},{"@type":"Organization","@id":"https:\/\/infomaniak.careista.ch\/fr\/#organization","name":"CAREISTA","url":"https:\/\/infomaniak.careista.ch\/fr\/","logo":{"@type":"ImageObject","inLanguage":"fr-FR","@id":"https:\/\/infomaniak.careista.ch\/fr\/#\/schema\/logo\/image\/","url":"https:\/\/infomaniak.careista.ch\/wp-content\/uploads\/2025\/02\/Careista-Logo-S_rgb.svg.svg","contentUrl":"https:\/\/infomaniak.careista.ch\/wp-content\/uploads\/2025\/02\/Careista-Logo-S_rgb.svg.svg","caption":"CAREISTA"},"image":{"@id":"https:\/\/infomaniak.careista.ch\/fr\/#\/schema\/logo\/image\/"}}]}},"jetpack_sharing_enabled":true,"_links":{"self":[{"href":"https:\/\/infomaniak.careista.ch\/fr\/wp-json\/wp\/v2\/pages\/3320","targetHints":{"allow":["GET"]}}],"collection":[{"href":"https:\/\/infomaniak.careista.ch\/fr\/wp-json\/wp\/v2\/pages"}],"about":[{"href":"https:\/\/infomaniak.careista.ch\/fr\/wp-json\/wp\/v2\/types\/page"}],"author":[{"embeddable":true,"href":"https:\/\/infomaniak.careista.ch\/fr\/wp-json\/wp\/v2\/users\/346"}],"replies":[{"embeddable":true,"href":"https:\/\/infomaniak.careista.ch\/fr\/wp-json\/wp\/v2\/comments?post=3320"}],"version-history":[{"count":0,"href":"https:\/\/infomaniak.careista.ch\/fr\/wp-json\/wp\/v2\/pages\/3320\/revisions"}],"wp:attachment":[{"href":"https:\/\/infomaniak.careista.ch\/fr\/wp-json\/wp\/v2\/media?parent=3320"}],"curies":[{"name":"wp","href":"https:\/\/api.w.org\/{rel}","templated":true}]}}