{"id":3347,"date":"2024-12-20T16:15:43","date_gmt":"2024-12-20T15:15:43","guid":{"rendered":"https:\/\/kyfyqony.cyon.site\/conditions-generales-de-vente\/"},"modified":"2025-09-26T16:59:54","modified_gmt":"2025-09-26T14:59:54","slug":"conditions-generales-de-vente","status":"publish","type":"page","link":"https:\/\/infomaniak.careista.ch\/fr\/conditions-generales-de-vente\/","title":{"rendered":"Conditions g\u00e9n\u00e9rales de vente"},"content":{"rendered":"\t\t<div data-elementor-type=\"wp-page\" data-elementor-id=\"3347\" class=\"elementor elementor-3347 elementor-2101\" data-elementor-post-type=\"page\">\n\t\t\t\t<div class=\"elementor-element elementor-element-3fff9b8 e-flex e-con-boxed e-con e-parent\" data-id=\"3fff9b8\" data-element_type=\"container\">\n\t\t\t\t\t<div class=\"e-con-inner\">\n\t\t\t\t<div class=\"elementor-element elementor-element-9e2cc5d elementor-widget elementor-widget-heading\" data-id=\"9e2cc5d\" data-element_type=\"widget\" data-widget_type=\"heading.default\">\n\t\t\t\t\t<h1 class=\"elementor-heading-title elementor-size-default\">Conditions g\u00e9n\u00e9rales de vente<\/h1>\t\t\t\t<\/div>\n\t\t\t\t<div class=\"elementor-element elementor-element-f4a154a elementor-widget elementor-widget-text-editor\" data-id=\"f4a154a\" data-element_type=\"widget\" data-widget_type=\"text-editor.default\">\n\t\t\t\t\t\t\t\t\t<p><strong>CAREISTA &#8211; Conditions g\u00e9n\u00e9rales de vente (CGV)<\/strong><\/p><p>de<\/p><p><strong>CAREISTA | BeverFood AG (BeverCare)<\/strong><br>Chaltenbodenstrasse 6C<br>8834 Schindellegi<br>Suisse<br>E-mail : hello@careista.ch<br>T\u00e9l\u00e9phone : +41 44 520 5275<\/p><p>\u00c9tat: 01.01.2025<br>Version: 1.02<\/p><h2>1. G\u00c9N\u00c9RALIT\u00c9S<\/h2><p>Les pr\u00e9sentes conditions g\u00e9n\u00e9rales de vente (CGV) de CAREISTA | BeverFood AG (BeverCare), Chaltenbodenstrasse 6C, 8834 Schindellegi, Suisse (\u00ab\u00a0BeverCare\u00a0\u00bb) s&rsquo;appliquent \u00e0 tous les actes juridiques conclus par le biais de la plate-forme en ligne, du site web ou de la boutique en ligne www.careista.ch ou des sous-pages correspondantes (CAREISTA Shop). L&rsquo;exploitant du CAREISTA Shop et le vendeur des produits est BeverCare. Les acheteurs sont les clientes et les clients qui ach\u00e8tent des produits via le CAREISTA Shop (client\u00e8le).    <\/p><p><span style=\"font-family: var( --e-global-typography-text-font-family ), Sans-serif; text-align: var(--text-align);\">BeverCare<\/span> se r\u00e9serve le droit de modifier \u00e0 tout moment les pr\u00e9sentes CGV. La version des pr\u00e9sentes CGV en vigueur au moment de la commande fait foi. <\/p><p>Les conditions de la client\u00e8le contraires ou divergentes des pr\u00e9sentes CGV ne sont pas applicables et n&rsquo;ont aucun effet juridique entre les parties.<\/p><p><span style=\"font-family: var( --e-global-typography-text-font-family ), Sans-serif; text-align: var(--text-align);\">BeverCare<\/span> peut, \u00e0 sa discr\u00e9tion, exclure temporairement ou d\u00e9finitivement de l&rsquo;utilisation de la boutique CAREISTA les clients qui ne respectent pas les CGV ou qui ne paient pas leurs factures.<\/p><h2>2. PRODUIT, PRIX, FRAIS D&rsquo;EXP\u00c9DITION, DISPONIBILIT\u00c9 ET D\u00c9LAI DE LIVRAISON<\/h2><h3>2.1 Produit et prix<\/h3><p>Tous les prix de vente publi\u00e9s dans la boutique CAREISTA sont indiqu\u00e9s en francs suisses (CHF) et repr\u00e9sentent (sauf indication contraire expresse) des prix bruts qui comprennent tous les imp\u00f4ts (en particulier la TVA) et toutes les autres taxes, droits ou frais \u00e9ventuels. Seuls les frais d&rsquo;exp\u00e9dition et les suppl\u00e9ments pour petites quantit\u00e9s que BeverCare peut facturer en sus sont exclus (voir ci-dessous). BeverCare se r\u00e9serve le droit de modifier \u00e0 tout moment les prix des produits propos\u00e9s. Le prix figurant dans la boutique CAREISTA au moment de la commande est d\u00e9terminant pour la conclusion du contrat de vente.   <\/p><h3>2.2 Frais d&rsquo;exp\u00e9dition<\/h3><p>Les \u00e9ventuels frais d&rsquo;exp\u00e9dition sont indiqu\u00e9s lors du passage en caisse dans la boutique CAREISTA.<\/p><p>Dans la mesure o\u00f9 et pour autant que cela ne soit pas indiqu\u00e9 diff\u00e9remment dans la boutique CAREISTA comme indiqu\u00e9 ci-dessus, BeverCare livre sans frais d&rsquo;exp\u00e9dition en Suisse pour les commandes d&rsquo;un montant minimum de CHF 49.00. Pour les commandes d&rsquo;un montant inf\u00e9rieur \u00e0 CHF 49.00, BeverCare facture une participation suppl\u00e9mentaire aux frais d&rsquo;exp\u00e9dition de CHF 7.00 pour le courrier B ou de CHF 9.00 pour le courrier A, TVA comprise, par commande. Sous r\u00e9serve d&rsquo;indications divergentes dans la boutique CAREISTA.   <\/p><h3>2.3 Disponibilit\u00e9 et d\u00e9lai de livraison<\/h3><p>BeverCare attache une grande importance \u00e0 l&rsquo;indication pr\u00e9cise et actuelle des disponibilit\u00e9s et des d\u00e9lais de livraison dans la boutique CAREISTA. Toutefois, des retards de livraison peuvent survenir, notamment en raison de probl\u00e8mes de production ou de livraison. Toutes les informations sur la disponibilit\u00e9 et les d\u00e9lais de livraison sont donc fournies sans garantie et peuvent \u00eatre modifi\u00e9es \u00e0 tout moment.  <\/p><h3>2.4 Informations sur les produits<\/h3><p>BeverCare n&rsquo;assume aucune responsabilit\u00e9 quant \u00e0 l&rsquo;exactitude et \u00e0 l&rsquo;exhaustivit\u00e9 des descriptions et marquages respectifs des produits dans la boutique CAREISTA. Les images des produits dans la boutique CAREISTA sont fournies \u00e0 titre d&rsquo;illustration et ne sont pas contractuelles. <\/p><h2>3. CONCLUSION DU CONTRAT<\/h2><p>La boutique CAREISTA s&rsquo;adresse exclusivement \u00e0 une client\u00e8le r\u00e9sidant ou ayant son si\u00e8ge social en Suisse et dans la Principaut\u00e9 de Liechtenstein. Les livraisons sont effectu\u00e9es exclusivement \u00e0 des adresses en Suisse et dans la Principaut\u00e9 de Liechtenstein et \u00e0 des personnes \u00e2g\u00e9es de plus de 18 ans. En envoyant sa commande, le client confirme qu&rsquo;il est \u00e2g\u00e9 d&rsquo;au moins 18 ans.  <\/p><p>La pr\u00e9sentation des marchandises dans la boutique CAREISTA ne constitue pas une offre juridiquement contraignante, mais une invitation \u00e0 la client\u00e8le \u00e0 passer une commande qui l&rsquo;engage (offre de conclusion de contrat).<\/p><p>En cliquant sur le bouton \u00ab\u00a0Terminer la commande\u00a0\u00bb (ou similaire), le client passe une commande ferme des marchandises \u00e9num\u00e9r\u00e9es sur la page de commande.<\/p><p>Apr\u00e8s r\u00e9ception de la commande, BeverCare confirme la r\u00e9ception de la commande par e-mail. Le contrat de vente n&rsquo;est toutefois conclu qu&rsquo;au moment de l&rsquo;exp\u00e9dition des marchandises. Jusqu&rsquo;\u00e0 l&rsquo;envoi des produits au client, BeverCare reste libre de refuser ou de ne pas livrer tout ou partie des commandes de marchandises, avec ou sans indication de motifs. Dans ce cas, le client sera imm\u00e9diatement inform\u00e9 et les \u00e9ventuelles contreparties d\u00e9j\u00e0 vers\u00e9es lui seront rembours\u00e9es.   <\/p><h2>4. DATE DE LIVRAISON<\/h2><p>Lors de la commande, un d\u00e9lai de livraison est indiqu\u00e9 au client. Elle peut \u00e9galement les consulter dans le r\u00e9capitulatif de sa commande dans son compte utilisateur CAREISTA Shop. Lors de l&rsquo;envoi de la commande, le client re\u00e7oit une confirmation d&rsquo;exp\u00e9dition par e-mail. Celui-ci peut contenir un lien de suivi du prestataire de services d&rsquo;exp\u00e9dition qui permet de suivre la livraison.   <\/p><p>En cas de retard de livraison, le client a le droit d&rsquo;annuler sa commande \u00e0 partir du 30e jour calendaire suivant la date de livraison initialement annonc\u00e9e. Dans ce cas, BeverCare rembourse au client les montants d\u00e9j\u00e0 pay\u00e9s \u00e0 l&rsquo;avance. Tout autre droit envers BeverCare est exclu.  <\/p><h2>5. LIVRAISON<\/h2><p>Les produits command\u00e9s sont livr\u00e9s \u00e0 la client\u00e8le par voie d&rsquo;exp\u00e9dition \u00e0 l&rsquo;adresse de livraison indiqu\u00e9e par la client\u00e8le dans le cadre de la commande.<\/p><p>L&rsquo;adresse de livraison de la client\u00e8le doit \u00eatre situ\u00e9e en Suisse ou dans la Principaut\u00e9 du Liechtenstein et \u00eatre facilement accessible par les services de livraison habituels. Si ce n&rsquo;est pas le cas, la client\u00e8le supporte d&rsquo;\u00e9ventuels frais suppl\u00e9mentaires. <\/p><p>Si le Client ne prend pas livraison des produits command\u00e9s \u00e0 la date de livraison convenue ou indiqu\u00e9e, BeverCare peut r\u00e9silier le contrat (annulation) et facturer au Client les frais de livraison encourus et les \u00e9ventuelles pertes de valeur.<\/p><h2>6. PERSONNES D&rsquo;AIDE<\/h2><p>BeverCare peut faire appel \u00e0 des entreprises tierces pour le traitement logistique, le transport ou la livraison et comme interlocuteur pour les retours et l&rsquo;assistance. <\/p><h2>7. GARANTIE<\/h2><h3>7.1 Obligation de v\u00e9rification de la client\u00e8le<\/h3><p>Le client doit imm\u00e9diatement v\u00e9rifier l&rsquo;exactitude, l&rsquo;int\u00e9gralit\u00e9 et les dommages de livraison des produits livr\u00e9s.<\/p><p>Les dommages de livraison, les livraisons erron\u00e9es ou incompl\u00e8tes doivent \u00eatre signal\u00e9s \u00e0 BeverCare dans un d\u00e9lai de 5 jours calendaires \u00e0 compter de la date de livraison en cas de d\u00e9fauts visibles, et imm\u00e9diatement apr\u00e8s leur d\u00e9couverte en cas de d\u00e9fauts non visibles imm\u00e9diatement. Une notification correspondante \u00e0 BeverCare doit \u00eatre effectu\u00e9e via le formulaire de contact dans la boutique CAREISTA, par e-mail ou par courrier. Le client n&rsquo;est pas autoris\u00e9 \u00e0 mettre en service ou \u00e0 r\u00e9utiliser le produit concern\u00e9. La livraison est consid\u00e9r\u00e9e comme accept\u00e9e si le client ne remplit pas ces obligations de contr\u00f4le et de r\u00e9clamation dans le d\u00e9lai mentionn\u00e9.   <\/p><h3>7.2 Correction des d\u00e9fauts<\/h3><p>BeverCare peut rem\u00e9dier aux d\u00e9fauts soit en \u00e9liminant un d\u00e9faut (r\u00e9paration), soit en livrant une chose sans d\u00e9faut (remplacement). Les frais de retour occasionn\u00e9s sont \u00e0 la charge du client. <\/p><h3>7.3 Extinction des droits de garantie<\/h3><p>Apr\u00e8s 24 mois \u00e0 compter de la livraison des produits, toute r\u00e9clamation de garantie de la client\u00e8le expire, m\u00eame si elle n&rsquo;a pas \u00e9t\u00e9 d\u00e9tect\u00e9e \u00e0 ce moment-l\u00e0.<\/p><h2>8. RESPONSABILIT\u00c9 ET EXCLUSION DE RESPONSABILIT\u00c9<\/h2><p>Dans la mesure o\u00f9 la loi le permet, toute responsabilit\u00e9 de BeverCare est exclue. BeverCare ne sera en aucun cas responsable (i) d&rsquo;une n\u00e9gligence l\u00e9g\u00e8re, (ii) de dommages indirects et cons\u00e9cutifs et d&rsquo;un manque \u00e0 gagner, (iii) d&rsquo;\u00e9conomies non r\u00e9alis\u00e9es, (iv) de dommages r\u00e9sultant d&rsquo;un retard de livraison et (v) de tout acte ou omission des auxiliaires de BeverCare, qu&rsquo;il soit contractuel ou non.      <\/p><p>Par ailleurs, BeverCare d\u00e9cline toute responsabilit\u00e9 dans les cas suivants :<\/p><p>&#8211; stockage, r\u00e9glage ou utilisation des produits inappropri\u00e9s, contraires au contrat ou ill\u00e9gaux ;<br>&#8211; utilisation de pi\u00e8ces de rechange ou d&rsquo;accessoires incompatibles (p. ex. alimentation \u00e9lectrique) ; et\/ou<br>&#8211; d\u00e9faut d&rsquo;entretien et\/ou modification ou r\u00e9paration inappropri\u00e9e des produits par le client ou un tiers.<\/p><h2>9. PAIEMENT<\/h2><p>Le client est tenu de payer le prix d&rsquo;achat. Tous les paiements doivent \u00eatre effectu\u00e9s en francs suisses (CHF). Un paiement en euros (EUR) n&rsquo;est possible qu&rsquo;avec l&rsquo;accord expr\u00e8s \u00e9crit pr\u00e9alable de BeverCare.  <\/p><p>La client\u00e8le dispose \u00e0 cet effet des possibilit\u00e9s de paiement propos\u00e9es comme moyen de paiement dans la boutique CAREISTA sous \u00ab\u00a0Options de paiement\u00a0\u00bb. BeverCare peut les adapter unilat\u00e9ralement \u00e0 tout moment. Si BeverCare propose au client l&rsquo;option \u00ab\u00a0Paiement sur facture\u00a0\u00bb (\u00e9galement \u00ab\u00a0TWINT Paiement diff\u00e9r\u00e9\u00a0\u00bb), le montant de la facture doit \u00eatre r\u00e9gl\u00e9 dans les 30 jours civils suivant la r\u00e9ception de la livraison, sans aucune d\u00e9duction (d&rsquo;escompte).  <\/p><p>En cas de paiement par carte de cr\u00e9dit, TWINT ou autres moyens de paiement imm\u00e9diat, le d\u00e9bit a lieu apr\u00e8s l&rsquo;exp\u00e9dition du produit command\u00e9.<\/p><p>Les produits command\u00e9s restent la propri\u00e9t\u00e9 de BeverCare jusqu&rsquo;\u00e0 leur paiement int\u00e9gral. Celle-ci est en droit de proc\u00e9der \u00e0 une inscription correspondante dans le registre des pactes de r\u00e9serve de propri\u00e9t\u00e9. <\/p><p>Les remboursements \u00e0 la client\u00e8le se font exclusivement sur le moyen de paiement ou le compte bancaire utilis\u00e9 initialement lors de la commande.<\/p><h2>10. AUTRES DISPOSITIONS<\/h2><h3>10.1 Protection des donn\u00e9es<\/h3><p>Le traitement des donn\u00e9es personnelles par BeverCare est r\u00e9gi par la <a href=\"https:\/\/infomaniak.careista.ch\/fr\/declaration-de-confidentialite\/\">d\u00e9claration de protection des donn\u00e9es<\/a>, qui fait partie int\u00e9grante des pr\u00e9sentes CGV.<\/p><h3>10.2 Clause de sauvegarde<\/h3><p>Si une disposition des pr\u00e9sentes conditions g\u00e9n\u00e9rales est ou devient nulle ou invalide, les autres parties des pr\u00e9sentes conditions g\u00e9n\u00e9rales n&rsquo;en seront pas affect\u00e9es. Les dispositions nulles ou invalides doivent \u00eatre remplac\u00e9es par des dispositions valides qui se rapprochent le plus de leur objectif \u00e9conomique. Il doit \u00eatre proc\u00e9d\u00e9 de la m\u00eame mani\u00e8re en cas de lacune dans le contrat ou si une disposition s&rsquo;av\u00e8re inex\u00e9cutable.  <\/p><h3>10.3 Droit applicable et juridiction comp\u00e9tente<\/h3><p>Toutes les relations juridiques entre BeverCare et le Client sont exclusivement soumises au droit mat\u00e9riel suisse. L&rsquo;application d&rsquo;\u00e9ventuels trait\u00e9s internationaux tels que la Convention de Vienne sur la vente internationale de marchandises ainsi que la Loi f\u00e9d\u00e9rale sur le droit international priv\u00e9 (\u00ab\u00a0LDIP\u00a0\u00bb) est exclue. <\/p><p>Tous les litiges entre BeverCare et le Client rel\u00e8vent de la comp\u00e9tence exclusive des tribunaux ordinaires de la ville de Zurich, Suisse (Zurich 1).<\/p><p>****<\/p>\t\t\t\t\t\t\t\t<\/div>\n\t\t\t\t\t<\/div>\n\t\t\t\t<\/div>\n\t\t\t\t<\/div>\n\t\t","protected":false},"excerpt":{"rendered":"<p>Conditions g\u00e9n\u00e9rales de vente CAREISTA &#8211; Conditions g\u00e9n\u00e9rales de vente (CGV) de CAREISTA | BeverFood AG (BeverCare)Chaltenbodenstrasse 6C8834 SchindellegiSuisseE-mail : hello@careista.chT\u00e9l\u00e9phone : +41 44 520 5275 \u00c9tat: 01.01.2025Version: 1.02 1. G\u00c9N\u00c9RALIT\u00c9S Les pr\u00e9sentes conditions g\u00e9n\u00e9rales de vente (CGV) de CAREISTA | BeverFood AG (BeverCare), Chaltenbodenstrasse 6C, 8834 Schindellegi, Suisse (\u00ab\u00a0BeverCare\u00a0\u00bb) s&rsquo;appliquent \u00e0 tous les actes [&hellip;]<\/p>\n","protected":false},"author":346,"featured_media":0,"parent":0,"menu_order":0,"comment_status":"closed","ping_status":"closed","template":"","meta":{"_acf_changed":false,"footnotes":""},"class_list":["post-3347","page","type-page","status-publish","hentry"],"acf":[],"yoast_head":"<!-- This site is optimized with the Yoast SEO plugin v26.7 - https:\/\/yoast.com\/wordpress\/plugins\/seo\/ -->\n<title>CAREISTA -Conditions g\u00e9n\u00e9rales de vente<\/title>\n<meta name=\"description\" content=\"Nos conditions g\u00e9n\u00e9rales de vente (CGV) pour la boutique CAREISTA. N&#039;h\u00e9sitez pas \u00e0 nous contacter si vous avez des questions.\" \/>\n<meta name=\"robots\" content=\"noindex, follow, max-snippet:-1, max-image-preview:large, max-video-preview:-1\" \/>\n<meta property=\"og:locale\" content=\"fr_FR\" \/>\n<meta property=\"og:type\" content=\"article\" \/>\n<meta property=\"og:title\" content=\"CAREISTA -Conditions g\u00e9n\u00e9rales de vente\" \/>\n<meta property=\"og:description\" content=\"Nos conditions g\u00e9n\u00e9rales de vente (CGV) pour la boutique CAREISTA. N&#039;h\u00e9sitez pas \u00e0 nous contacter si vous avez des questions.\" \/>\n<meta property=\"og:url\" content=\"https:\/\/infomaniak.careista.ch\/fr\/conditions-generales-de-vente\/\" \/>\n<meta property=\"og:site_name\" content=\"CAREISTA\" \/>\n<meta property=\"article:modified_time\" content=\"2025-09-26T14:59:54+00:00\" \/>\n<meta name=\"twitter:card\" content=\"summary_large_image\" \/>\n<meta name=\"twitter:label1\" content=\"Dur\u00e9e de lecture estim\u00e9e\" \/>\n\t<meta name=\"twitter:data1\" content=\"9 Minuten\" \/>\n<script type=\"application\/ld+json\" class=\"yoast-schema-graph\">{\"@context\":\"https:\/\/schema.org\",\"@graph\":[{\"@type\":\"WebPage\",\"@id\":\"https:\/\/infomaniak.careista.ch\/fr\/conditions-generales-de-vente\/\",\"url\":\"https:\/\/infomaniak.careista.ch\/fr\/conditions-generales-de-vente\/\",\"name\":\"CAREISTA -Conditions g\u00e9n\u00e9rales de vente\",\"isPartOf\":{\"@id\":\"https:\/\/infomaniak.careista.ch\/fr\/#website\"},\"datePublished\":\"2024-12-20T15:15:43+00:00\",\"dateModified\":\"2025-09-26T14:59:54+00:00\",\"description\":\"Nos conditions g\u00e9n\u00e9rales de vente (CGV) pour la boutique CAREISTA. N'h\u00e9sitez pas \u00e0 nous contacter si vous avez des questions.\",\"breadcrumb\":{\"@id\":\"https:\/\/infomaniak.careista.ch\/fr\/conditions-generales-de-vente\/#breadcrumb\"},\"inLanguage\":\"fr-FR\",\"potentialAction\":[{\"@type\":\"ReadAction\",\"target\":[\"https:\/\/infomaniak.careista.ch\/fr\/conditions-generales-de-vente\/\"]}]},{\"@type\":\"BreadcrumbList\",\"@id\":\"https:\/\/infomaniak.careista.ch\/fr\/conditions-generales-de-vente\/#breadcrumb\",\"itemListElement\":[{\"@type\":\"ListItem\",\"position\":1,\"name\":\"Home\",\"item\":\"https:\/\/infomaniak.careista.ch\/fr\/\"},{\"@type\":\"ListItem\",\"position\":2,\"name\":\"Conditions g\u00e9n\u00e9rales de vente\"}]},{\"@type\":\"WebSite\",\"@id\":\"https:\/\/infomaniak.careista.ch\/fr\/#website\",\"url\":\"https:\/\/infomaniak.careista.ch\/fr\/\",\"name\":\"CAREISTA\",\"description\":\"Dein pers\u00f6nlicher Pflege-Barista\",\"publisher\":{\"@id\":\"https:\/\/infomaniak.careista.ch\/fr\/#organization\"},\"potentialAction\":[{\"@type\":\"SearchAction\",\"target\":{\"@type\":\"EntryPoint\",\"urlTemplate\":\"https:\/\/infomaniak.careista.ch\/fr\/?s={search_term_string}\"},\"query-input\":{\"@type\":\"PropertyValueSpecification\",\"valueRequired\":true,\"valueName\":\"search_term_string\"}}],\"inLanguage\":\"fr-FR\"},{\"@type\":\"Organization\",\"@id\":\"https:\/\/infomaniak.careista.ch\/fr\/#organization\",\"name\":\"CAREISTA\",\"url\":\"https:\/\/infomaniak.careista.ch\/fr\/\",\"logo\":{\"@type\":\"ImageObject\",\"inLanguage\":\"fr-FR\",\"@id\":\"https:\/\/infomaniak.careista.ch\/fr\/#\/schema\/logo\/image\/\",\"url\":\"https:\/\/infomaniak.careista.ch\/wp-content\/uploads\/2025\/02\/Careista-Logo-S_rgb.svg.svg\",\"contentUrl\":\"https:\/\/infomaniak.careista.ch\/wp-content\/uploads\/2025\/02\/Careista-Logo-S_rgb.svg.svg\",\"caption\":\"CAREISTA\"},\"image\":{\"@id\":\"https:\/\/infomaniak.careista.ch\/fr\/#\/schema\/logo\/image\/\"}}]}<\/script>\n<!-- \/ Yoast SEO plugin. -->","yoast_head_json":{"title":"CAREISTA -Conditions g\u00e9n\u00e9rales de vente","description":"Nos conditions g\u00e9n\u00e9rales de vente (CGV) pour la boutique CAREISTA. N'h\u00e9sitez pas \u00e0 nous contacter si vous avez des questions.","robots":{"index":"noindex","follow":"follow","max-snippet":"max-snippet:-1","max-image-preview":"max-image-preview:large","max-video-preview":"max-video-preview:-1"},"og_locale":"fr_FR","og_type":"article","og_title":"CAREISTA -Conditions g\u00e9n\u00e9rales de vente","og_description":"Nos conditions g\u00e9n\u00e9rales de vente (CGV) pour la boutique CAREISTA. N'h\u00e9sitez pas \u00e0 nous contacter si vous avez des questions.","og_url":"https:\/\/infomaniak.careista.ch\/fr\/conditions-generales-de-vente\/","og_site_name":"CAREISTA","article_modified_time":"2025-09-26T14:59:54+00:00","twitter_card":"summary_large_image","twitter_misc":{"Dur\u00e9e de lecture estim\u00e9e":"9 Minuten"},"schema":{"@context":"https:\/\/schema.org","@graph":[{"@type":"WebPage","@id":"https:\/\/infomaniak.careista.ch\/fr\/conditions-generales-de-vente\/","url":"https:\/\/infomaniak.careista.ch\/fr\/conditions-generales-de-vente\/","name":"CAREISTA -Conditions g\u00e9n\u00e9rales de vente","isPartOf":{"@id":"https:\/\/infomaniak.careista.ch\/fr\/#website"},"datePublished":"2024-12-20T15:15:43+00:00","dateModified":"2025-09-26T14:59:54+00:00","description":"Nos conditions g\u00e9n\u00e9rales de vente (CGV) pour la boutique CAREISTA. N'h\u00e9sitez pas \u00e0 nous contacter si vous avez des questions.","breadcrumb":{"@id":"https:\/\/infomaniak.careista.ch\/fr\/conditions-generales-de-vente\/#breadcrumb"},"inLanguage":"fr-FR","potentialAction":[{"@type":"ReadAction","target":["https:\/\/infomaniak.careista.ch\/fr\/conditions-generales-de-vente\/"]}]},{"@type":"BreadcrumbList","@id":"https:\/\/infomaniak.careista.ch\/fr\/conditions-generales-de-vente\/#breadcrumb","itemListElement":[{"@type":"ListItem","position":1,"name":"Home","item":"https:\/\/infomaniak.careista.ch\/fr\/"},{"@type":"ListItem","position":2,"name":"Conditions g\u00e9n\u00e9rales de vente"}]},{"@type":"WebSite","@id":"https:\/\/infomaniak.careista.ch\/fr\/#website","url":"https:\/\/infomaniak.careista.ch\/fr\/","name":"CAREISTA","description":"Dein pers\u00f6nlicher Pflege-Barista","publisher":{"@id":"https:\/\/infomaniak.careista.ch\/fr\/#organization"},"potentialAction":[{"@type":"SearchAction","target":{"@type":"EntryPoint","urlTemplate":"https:\/\/infomaniak.careista.ch\/fr\/?s={search_term_string}"},"query-input":{"@type":"PropertyValueSpecification","valueRequired":true,"valueName":"search_term_string"}}],"inLanguage":"fr-FR"},{"@type":"Organization","@id":"https:\/\/infomaniak.careista.ch\/fr\/#organization","name":"CAREISTA","url":"https:\/\/infomaniak.careista.ch\/fr\/","logo":{"@type":"ImageObject","inLanguage":"fr-FR","@id":"https:\/\/infomaniak.careista.ch\/fr\/#\/schema\/logo\/image\/","url":"https:\/\/infomaniak.careista.ch\/wp-content\/uploads\/2025\/02\/Careista-Logo-S_rgb.svg.svg","contentUrl":"https:\/\/infomaniak.careista.ch\/wp-content\/uploads\/2025\/02\/Careista-Logo-S_rgb.svg.svg","caption":"CAREISTA"},"image":{"@id":"https:\/\/infomaniak.careista.ch\/fr\/#\/schema\/logo\/image\/"}}]}},"jetpack_sharing_enabled":true,"_links":{"self":[{"href":"https:\/\/infomaniak.careista.ch\/fr\/wp-json\/wp\/v2\/pages\/3347","targetHints":{"allow":["GET"]}}],"collection":[{"href":"https:\/\/infomaniak.careista.ch\/fr\/wp-json\/wp\/v2\/pages"}],"about":[{"href":"https:\/\/infomaniak.careista.ch\/fr\/wp-json\/wp\/v2\/types\/page"}],"author":[{"embeddable":true,"href":"https:\/\/infomaniak.careista.ch\/fr\/wp-json\/wp\/v2\/users\/346"}],"replies":[{"embeddable":true,"href":"https:\/\/infomaniak.careista.ch\/fr\/wp-json\/wp\/v2\/comments?post=3347"}],"version-history":[{"count":0,"href":"https:\/\/infomaniak.careista.ch\/fr\/wp-json\/wp\/v2\/pages\/3347\/revisions"}],"wp:attachment":[{"href":"https:\/\/infomaniak.careista.ch\/fr\/wp-json\/wp\/v2\/media?parent=3347"}],"curies":[{"name":"wp","href":"https:\/\/api.w.org\/{rel}","templated":true}]}}