{"id":3498,"date":"2019-12-11T19:01:49","date_gmt":"2019-12-11T18:01:49","guid":{"rendered":"https:\/\/kyfyqony.cyon.site\/contact\/"},"modified":"2025-09-30T10:05:55","modified_gmt":"2025-09-30T08:05:55","slug":"contact","status":"publish","type":"page","link":"https:\/\/infomaniak.careista.ch\/fr\/contact\/","title":{"rendered":"Contact"},"content":{"rendered":"\t\t<div data-elementor-type=\"wp-page\" data-elementor-id=\"3498\" class=\"elementor elementor-3498 elementor-61\" data-elementor-post-type=\"page\">\n\t\t\t\t<div class=\"elementor-element elementor-element-0d3d0a7 e-flex e-con-boxed e-con e-parent\" data-id=\"0d3d0a7\" data-element_type=\"container\">\n\t\t\t\t\t<div class=\"e-con-inner\">\n\t\t\t\t<div data-dce-title-color=\"#000000\" class=\"elementor-element elementor-element-97b95d0 elementor-widget elementor-widget-heading\" data-id=\"97b95d0\" data-element_type=\"widget\" data-widget_type=\"heading.default\">\n\t\t\t\t\t<h1 class=\"elementor-heading-title elementor-size-default\">Nous sommes l\u00e0 pour toi<\/h1>\t\t\t\t<\/div>\n\t\t\t\t\t<\/div>\n\t\t\t\t<\/div>\n\t\t<div class=\"elementor-element elementor-element-62ce38e e-flex e-con-boxed e-con e-parent\" data-id=\"62ce38e\" data-element_type=\"container\">\n\t\t\t\t\t<div class=\"e-con-inner\">\n\t\t<div class=\"elementor-element elementor-element-deaa1b1 e-con-full e-flex e-con e-child\" data-id=\"deaa1b1\" data-element_type=\"container\">\n\t\t\t\t<div class=\"elementor-element elementor-element-c31bb4b elementor-widget elementor-widget-heading\" data-id=\"c31bb4b\" data-element_type=\"widget\" data-widget_type=\"heading.default\">\n\t\t\t\t\t<h2 class=\"elementor-heading-title elementor-size-default\">Formulaire de contact<\/h2>\t\t\t\t<\/div>\n\t\t\t\t<div class=\"elementor-element elementor-element-4660fe2 elementor-button-align-stretch elementor-widget elementor-widget-form\" data-id=\"4660fe2\" data-element_type=\"widget\" data-settings=\"{&quot;step_next_label&quot;:&quot;Prochain&quot;,&quot;step_previous_label&quot;:&quot;Pr\\u00e9c\\u00e9dent&quot;,&quot;button_width&quot;:&quot;100&quot;,&quot;step_type&quot;:&quot;number_text&quot;,&quot;step_icon_shape&quot;:&quot;circle&quot;}\" data-widget_type=\"form.default\">\n\t\t\t\t\t\t\t<form class=\"elementor-form\" method=\"post\" name=\"Formulaire de contact\" aria-label=\"Formulaire de contact\">\n\t\t\t<input type=\"hidden\" name=\"post_id\" value=\"3498\"\/>\n\t\t\t<input type=\"hidden\" name=\"form_id\" value=\"4660fe2\"\/>\n\t\t\t<input type=\"hidden\" name=\"referer_title\" value=\"CAREISTA\" \/>\n\n\t\t\t\n\t\t\t<div class=\"elementor-form-fields-wrapper elementor-labels-above\">\n\t\t\t\t\t\t\t\t<div class=\"elementor-field-type-text elementor-field-group elementor-column elementor-field-group-field_c801e3f elementor-col-50 elementor-field-required elementor-mark-required\">\n\t\t\t\t\t\t\t\t\t\t\t\t<label for=\"form-field-field_c801e3f\" class=\"elementor-field-label\">\n\t\t\t\t\t\t\t\tPr\u00e9nom\t\t\t\t\t\t\t<\/label>\n\t\t\t\t\t\t\t\t\t\t\t\t\t\t<input size=\"1\" type=\"text\" name=\"form_fields[field_c801e3f]\" id=\"form-field-field_c801e3f\" class=\"elementor-field elementor-size-sm  elementor-field-textual\" placeholder=\"Pr\u00e9nom\" required=\"required\">\n\t\t\t\t\t\t\t\t\t\t\t<\/div>\n\t\t\t\t\t\t\t\t<div class=\"elementor-field-type-text elementor-field-group elementor-column elementor-field-group-name elementor-col-50 elementor-field-required elementor-mark-required\">\n\t\t\t\t\t\t\t\t\t\t\t\t<label for=\"form-field-name\" class=\"elementor-field-label\">\n\t\t\t\t\t\t\t\tNom\t\t\t\t\t\t\t<\/label>\n\t\t\t\t\t\t\t\t\t\t\t\t\t\t<input size=\"1\" type=\"text\" name=\"form_fields[name]\" id=\"form-field-name\" class=\"elementor-field elementor-size-sm  elementor-field-textual\" placeholder=\"Nom\" required=\"required\">\n\t\t\t\t\t\t\t\t\t\t\t<\/div>\n\t\t\t\t\t\t\t\t<div class=\"elementor-field-type-email elementor-field-group elementor-column elementor-field-group-email elementor-col-100 elementor-field-required elementor-mark-required\">\n\t\t\t\t\t\t\t\t\t\t\t\t<label for=\"form-field-email\" class=\"elementor-field-label\">\n\t\t\t\t\t\t\t\tE-Mail\t\t\t\t\t\t\t<\/label>\n\t\t\t\t\t\t\t\t\t\t\t\t\t\t<input size=\"1\" type=\"email\" name=\"form_fields[email]\" id=\"form-field-email\" class=\"elementor-field elementor-size-sm  elementor-field-textual\" placeholder=\"E-Mail\" required=\"required\">\n\t\t\t\t\t\t\t\t\t\t\t<\/div>\n\t\t\t\t\t\t\t\t<div class=\"elementor-field-type-tel elementor-field-group elementor-column elementor-field-group-field_32a4035 elementor-col-100\">\n\t\t\t\t\t\t\t\t\t\t\t\t<label for=\"form-field-field_32a4035\" class=\"elementor-field-label\">\n\t\t\t\t\t\t\t\tNum\u00e9ro de t\u00e9l\u00e9phone\t\t\t\t\t\t\t<\/label>\n\t\t\t\t\t\t\t\t<input size=\"1\" type=\"tel\" name=\"form_fields[field_32a4035]\" id=\"form-field-field_32a4035\" class=\"elementor-field elementor-size-sm  elementor-field-textual\" placeholder=\"Num\u00e9ro de t\u00e9l\u00e9phone\" pattern=\"[0-9()#&amp;+*-=.]+\" title=\"Seuls les caract\u00e8res de num\u00e9ros de t\u00e9l\u00e9phone (#, -, *, etc.) sont accept\u00e9s.\">\n\n\t\t\t\t\t\t<\/div>\n\t\t\t\t\t\t\t\t<div class=\"elementor-field-type-textarea elementor-field-group elementor-column elementor-field-group-message elementor-col-100 elementor-field-required elementor-mark-required\">\n\t\t\t\t\t\t\t\t\t\t\t\t<label for=\"form-field-message\" class=\"elementor-field-label\">\n\t\t\t\t\t\t\t\tMessage\t\t\t\t\t\t\t<\/label>\n\t\t\t\t\t\t<textarea class=\"elementor-field-textual elementor-field  elementor-size-sm\" name=\"form_fields[message]\" id=\"form-field-message\" rows=\"4\" placeholder=\"Message\" required=\"required\"><\/textarea>\t\t\t\t<\/div>\n\t\t\t\t\t\t\t\t<div class=\"elementor-field-type-recaptcha_v3 elementor-field-group elementor-column elementor-field-group-field_51d4958 elementor-col-100 recaptcha_v3-bottomright\">\n\t\t\t\t\t<div class=\"elementor-field\" id=\"form-field-field_51d4958\"><div class=\"elementor-g-recaptcha\" data-sitekey=\"6Ldted4qAAAAAHh_7BwoxSMWv80JLyWVnvbU-u6F\" data-type=\"v3\" data-action=\"Form\" data-badge=\"bottomright\" data-size=\"invisible\"><\/div><\/div>\t\t\t\t<\/div>\n\t\t\t\t\t\t\t\t<div class=\"elementor-field-group elementor-column elementor-field-type-submit elementor-col-100 e-form__buttons\">\n\t\t\t\t\t<button class=\"elementor-button elementor-size-sm\" type=\"submit\">\n\t\t\t\t\t\t<span class=\"elementor-button-content-wrapper\">\n\t\t\t\t\t\t\t\t\t\t\t\t\t\t\t\t\t\t\t\t\t\t<span class=\"elementor-button-text\">Envoyer<\/span>\n\t\t\t\t\t\t\t\t\t\t\t\t\t<\/span>\n\t\t\t\t\t<\/button>\n\t\t\t\t<\/div>\n\t\t\t<\/div>\n\t\t<\/form>\n\t\t\t\t\t\t<\/div>\n\t\t\t\t<\/div>\n\t\t<div class=\"elementor-element elementor-element-f49954b e-con-full e-flex e-con e-child\" data-id=\"f49954b\" data-element_type=\"container\">\n\t\t\t\t<div class=\"elementor-element elementor-element-981962c elementor-widget elementor-widget-text-editor\" data-id=\"981962c\" data-element_type=\"widget\" data-widget_type=\"text-editor.default\">\n\t\t\t\t\t\t\t\t\t<p>Tu as des questions ou des remarques ? Le mieux est d&rsquo;utiliser le formulaire ci-contre pour nous contacter. <\/p><p>Tu peux \u00e9galement nous \u00e9crire via WhatsApp ou envoyer un e-mail \u00e0 l&rsquo;adresse ci-dessous. Nous t&rsquo; r\u00e9pondrons dans les plus brefs d\u00e9lais, g\u00e9n\u00e9ralement dans un d\u00e9lai de 1 \u00e0 2 jours ouvr\u00e9s. <\/p><p>CAREISTA | BeverFood AG (BeverCare)<br>Chaltenbodenstrasse 6C<br>8834 Schindellegi<\/p>\t\t\t\t\t\t\t\t<\/div>\n\t\t<div class=\"elementor-element elementor-element-0864cc6 e-grid e-con-full e-con e-child\" data-id=\"0864cc6\" data-element_type=\"container\">\n\t\t\t\t<div class=\"elementor-element elementor-element-0265943 elementor-widget elementor-widget-image\" data-id=\"0265943\" data-element_type=\"widget\" data-widget_type=\"image.default\">\n\t\t\t\t\t\t\t\t\t\t\t\t\t\t\t\t<a href=\"mailto:hello@careista.ch\">\n\t\t\t\t\t\t\t<img fetchpriority=\"high\" decoding=\"async\" width=\"384\" height=\"384\" src=\"https:\/\/infomaniak.careista.ch\/wp-content\/uploads\/2025\/09\/careista_kontakt_icon_mail.png\" class=\"attachment-large size-large wp-image-17619\" alt=\"Contact\" srcset=\"https:\/\/infomaniak.careista.ch\/wp-content\/uploads\/2025\/09\/careista_kontakt_icon_mail.png 384w, https:\/\/infomaniak.careista.ch\/wp-content\/uploads\/2025\/09\/careista_kontakt_icon_mail-300x300.png 300w, https:\/\/infomaniak.careista.ch\/wp-content\/uploads\/2025\/09\/careista_kontakt_icon_mail-150x150.png 150w, https:\/\/infomaniak.careista.ch\/wp-content\/uploads\/2025\/09\/careista_kontakt_icon_mail-100x100.png 100w\" sizes=\"(max-width: 384px) 100vw, 384px\" \/>\t\t\t\t\t\t\t\t<\/a>\n\t\t\t\t\t\t\t\t\t\t\t\t\t\t\t<\/div>\n\t\t\t\t<div class=\"elementor-element elementor-element-1153bce elementor-widget elementor-widget-image\" data-id=\"1153bce\" data-element_type=\"widget\" data-widget_type=\"image.default\">\n\t\t\t\t\t\t\t\t\t\t\t\t\t\t\t\t<a href=\"https:\/\/wa.me\/41796153553\">\n\t\t\t\t\t\t\t<img decoding=\"async\" width=\"384\" height=\"384\" src=\"https:\/\/infomaniak.careista.ch\/wp-content\/uploads\/2025\/09\/careista_kontakt_icon_whatsapp.png\" class=\"attachment-large size-large wp-image-17622\" alt=\"Contact\" srcset=\"https:\/\/infomaniak.careista.ch\/wp-content\/uploads\/2025\/09\/careista_kontakt_icon_whatsapp.png 384w, https:\/\/infomaniak.careista.ch\/wp-content\/uploads\/2025\/09\/careista_kontakt_icon_whatsapp-300x300.png 300w, https:\/\/infomaniak.careista.ch\/wp-content\/uploads\/2025\/09\/careista_kontakt_icon_whatsapp-150x150.png 150w, https:\/\/infomaniak.careista.ch\/wp-content\/uploads\/2025\/09\/careista_kontakt_icon_whatsapp-100x100.png 100w\" sizes=\"(max-width: 384px) 100vw, 384px\" \/>\t\t\t\t\t\t\t\t<\/a>\n\t\t\t\t\t\t\t\t\t\t\t\t\t\t\t<\/div>\n\t\t\t\t<div class=\"elementor-element elementor-element-6b84404 elementor-hidden-mobile elementor-widget elementor-widget-text-editor\" data-id=\"6b84404\" data-element_type=\"widget\" data-widget_type=\"text-editor.default\">\n\t\t\t\t\t\t\t\t\t<p><a href=\"mailto:E-Mailhello@careista.ch\"><b>Courrier \u00e9lectronique<br><\/b><span class=\"a_GcMg font-feature-liga-off font-feature-clig-off font-feature-calt-off text-decoration-none text-strikethrough-none\">hello@careista.ch<\/span><\/a><\/p>\t\t\t\t\t\t\t\t<\/div>\n\t\t\t\t<div class=\"elementor-element elementor-element-a4cb9ee elementor-hidden-mobile elementor-widget elementor-widget-text-editor\" data-id=\"a4cb9ee\" data-element_type=\"widget\" data-widget_type=\"text-editor.default\">\n\t\t\t\t\t\t\t\t\t<p><a href=\"https:\/\/wa.me\/41796153553\"><b>Chat Whatsapp<br><\/b><span class=\"a_GcMg font-feature-liga-off font-feature-clig-off font-feature-calt-off text-decoration-none text-strikethrough-none\">+41 (0)79 615 35 53<\/span><\/a><\/p>\t\t\t\t\t\t\t\t<\/div>\n\t\t\t\t<\/div>\n\t\t\t\t<\/div>\n\t\t\t\t\t<\/div>\n\t\t\t\t<\/div>\n\t\t<div class=\"elementor-element elementor-element-ee2965c e-flex e-con-boxed e-con e-parent\" data-id=\"ee2965c\" data-element_type=\"container\">\n\t\t\t\t\t<div class=\"e-con-inner\">\n\t\t\t\t<div class=\"elementor-element elementor-element-e28e31d elementor-widget elementor-widget-spacer\" data-id=\"e28e31d\" data-element_type=\"widget\" data-widget_type=\"spacer.default\">\n\t\t\t\t\t\t\t<div class=\"elementor-spacer\">\n\t\t\t<div class=\"elementor-spacer-inner\"><\/div>\n\t\t<\/div>\n\t\t\t\t\t\t<\/div>\n\t\t\t\t\t<\/div>\n\t\t\t\t<\/div>\n\t\t\t\t<\/div>\n\t\t","protected":false},"excerpt":{"rendered":"<p>Nous sommes l\u00e0 pour toi Formulaire de contact Tu as des questions ou des remarques ? Le mieux est d&rsquo;utiliser le formulaire ci-contre pour nous contacter. Tu peux \u00e9galement nous \u00e9crire via WhatsApp ou envoyer un e-mail \u00e0 l&rsquo;adresse ci-dessous. Nous t&rsquo; r\u00e9pondrons dans les plus brefs d\u00e9lais, g\u00e9n\u00e9ralement dans un d\u00e9lai de 1 \u00e0 [&hellip;]<\/p>\n","protected":false},"author":346,"featured_media":0,"parent":0,"menu_order":0,"comment_status":"closed","ping_status":"closed","template":"","meta":{"_acf_changed":false,"footnotes":""},"class_list":["post-3498","page","type-page","status-publish","hentry"],"acf":[],"yoast_head":"<!-- This site is optimized with the Yoast SEO plugin v26.7 - https:\/\/yoast.com\/wordpress\/plugins\/seo\/ -->\n<title>CAREISTA - Vous avez des questions ? N&#039;h\u00e9sitez pas \u00e0 nous contacter<\/title>\n<meta name=\"description\" content=\"Comment nous contacter chez CAREISTA pour toute question, demande ou suggestion. Via WhatsApp, le formulaire de contact ou par e-mail.\" \/>\n<meta name=\"robots\" content=\"noindex, follow, max-snippet:-1, max-image-preview:large, max-video-preview:-1\" \/>\n<meta property=\"og:locale\" content=\"fr_FR\" \/>\n<meta property=\"og:type\" content=\"article\" \/>\n<meta property=\"og:title\" content=\"CAREISTA - Vous avez des questions ? N&#039;h\u00e9sitez pas \u00e0 nous contacter\" \/>\n<meta property=\"og:description\" content=\"Comment nous contacter chez CAREISTA pour toute question, demande ou suggestion. Via WhatsApp, le formulaire de contact ou par e-mail.\" \/>\n<meta property=\"og:url\" content=\"https:\/\/infomaniak.careista.ch\/fr\/contact\/\" \/>\n<meta property=\"og:site_name\" content=\"CAREISTA\" \/>\n<meta property=\"article:modified_time\" content=\"2025-09-30T08:05:55+00:00\" \/>\n<meta property=\"og:image\" content=\"https:\/\/infomaniak.careista.ch\/wp-content\/uploads\/2025\/09\/careista_kontakt_icon_mail.png\" \/>\n<meta name=\"twitter:card\" content=\"summary_large_image\" \/>\n<script type=\"application\/ld+json\" class=\"yoast-schema-graph\">{\"@context\":\"https:\/\/schema.org\",\"@graph\":[{\"@type\":\"WebPage\",\"@id\":\"https:\/\/infomaniak.careista.ch\/fr\/contact\/\",\"url\":\"https:\/\/infomaniak.careista.ch\/fr\/contact\/\",\"name\":\"CAREISTA - Vous avez des questions ? N'h\u00e9sitez pas \u00e0 nous contacter\",\"isPartOf\":{\"@id\":\"https:\/\/infomaniak.careista.ch\/fr\/#website\"},\"primaryImageOfPage\":{\"@id\":\"https:\/\/infomaniak.careista.ch\/fr\/contact\/#primaryimage\"},\"image\":{\"@id\":\"https:\/\/infomaniak.careista.ch\/fr\/contact\/#primaryimage\"},\"thumbnailUrl\":\"https:\/\/infomaniak.careista.ch\/wp-content\/uploads\/2025\/09\/careista_kontakt_icon_mail.png\",\"datePublished\":\"2019-12-11T18:01:49+00:00\",\"dateModified\":\"2025-09-30T08:05:55+00:00\",\"description\":\"Comment nous contacter chez CAREISTA pour toute question, demande ou suggestion. Via WhatsApp, le formulaire de contact ou par e-mail.\",\"breadcrumb\":{\"@id\":\"https:\/\/infomaniak.careista.ch\/fr\/contact\/#breadcrumb\"},\"inLanguage\":\"fr-FR\",\"potentialAction\":[{\"@type\":\"ReadAction\",\"target\":[\"https:\/\/infomaniak.careista.ch\/fr\/contact\/\"]}]},{\"@type\":\"ImageObject\",\"inLanguage\":\"fr-FR\",\"@id\":\"https:\/\/infomaniak.careista.ch\/fr\/contact\/#primaryimage\",\"url\":\"https:\/\/infomaniak.careista.ch\/wp-content\/uploads\/2025\/09\/careista_kontakt_icon_mail.png\",\"contentUrl\":\"https:\/\/infomaniak.careista.ch\/wp-content\/uploads\/2025\/09\/careista_kontakt_icon_mail.png\"},{\"@type\":\"BreadcrumbList\",\"@id\":\"https:\/\/infomaniak.careista.ch\/fr\/contact\/#breadcrumb\",\"itemListElement\":[{\"@type\":\"ListItem\",\"position\":1,\"name\":\"Home\",\"item\":\"https:\/\/infomaniak.careista.ch\/fr\/\"},{\"@type\":\"ListItem\",\"position\":2,\"name\":\"Contact\"}]},{\"@type\":\"WebSite\",\"@id\":\"https:\/\/infomaniak.careista.ch\/fr\/#website\",\"url\":\"https:\/\/infomaniak.careista.ch\/fr\/\",\"name\":\"CAREISTA\",\"description\":\"Dein pers\u00f6nlicher Pflege-Barista\",\"publisher\":{\"@id\":\"https:\/\/infomaniak.careista.ch\/fr\/#organization\"},\"potentialAction\":[{\"@type\":\"SearchAction\",\"target\":{\"@type\":\"EntryPoint\",\"urlTemplate\":\"https:\/\/infomaniak.careista.ch\/fr\/?s={search_term_string}\"},\"query-input\":{\"@type\":\"PropertyValueSpecification\",\"valueRequired\":true,\"valueName\":\"search_term_string\"}}],\"inLanguage\":\"fr-FR\"},{\"@type\":\"Organization\",\"@id\":\"https:\/\/infomaniak.careista.ch\/fr\/#organization\",\"name\":\"CAREISTA\",\"url\":\"https:\/\/infomaniak.careista.ch\/fr\/\",\"logo\":{\"@type\":\"ImageObject\",\"inLanguage\":\"fr-FR\",\"@id\":\"https:\/\/infomaniak.careista.ch\/fr\/#\/schema\/logo\/image\/\",\"url\":\"https:\/\/infomaniak.careista.ch\/wp-content\/uploads\/2025\/02\/Careista-Logo-S_rgb.svg.svg\",\"contentUrl\":\"https:\/\/infomaniak.careista.ch\/wp-content\/uploads\/2025\/02\/Careista-Logo-S_rgb.svg.svg\",\"caption\":\"CAREISTA\"},\"image\":{\"@id\":\"https:\/\/infomaniak.careista.ch\/fr\/#\/schema\/logo\/image\/\"}}]}<\/script>\n<!-- \/ Yoast SEO plugin. -->","yoast_head_json":{"title":"CAREISTA - Vous avez des questions ? N'h\u00e9sitez pas \u00e0 nous contacter","description":"Comment nous contacter chez CAREISTA pour toute question, demande ou suggestion. Via WhatsApp, le formulaire de contact ou par e-mail.","robots":{"index":"noindex","follow":"follow","max-snippet":"max-snippet:-1","max-image-preview":"max-image-preview:large","max-video-preview":"max-video-preview:-1"},"og_locale":"fr_FR","og_type":"article","og_title":"CAREISTA - Vous avez des questions ? N'h\u00e9sitez pas \u00e0 nous contacter","og_description":"Comment nous contacter chez CAREISTA pour toute question, demande ou suggestion. Via WhatsApp, le formulaire de contact ou par e-mail.","og_url":"https:\/\/infomaniak.careista.ch\/fr\/contact\/","og_site_name":"CAREISTA","article_modified_time":"2025-09-30T08:05:55+00:00","og_image":[{"url":"https:\/\/infomaniak.careista.ch\/wp-content\/uploads\/2025\/09\/careista_kontakt_icon_mail.png","type":"","width":"","height":""}],"twitter_card":"summary_large_image","schema":{"@context":"https:\/\/schema.org","@graph":[{"@type":"WebPage","@id":"https:\/\/infomaniak.careista.ch\/fr\/contact\/","url":"https:\/\/infomaniak.careista.ch\/fr\/contact\/","name":"CAREISTA - Vous avez des questions ? N'h\u00e9sitez pas \u00e0 nous contacter","isPartOf":{"@id":"https:\/\/infomaniak.careista.ch\/fr\/#website"},"primaryImageOfPage":{"@id":"https:\/\/infomaniak.careista.ch\/fr\/contact\/#primaryimage"},"image":{"@id":"https:\/\/infomaniak.careista.ch\/fr\/contact\/#primaryimage"},"thumbnailUrl":"https:\/\/infomaniak.careista.ch\/wp-content\/uploads\/2025\/09\/careista_kontakt_icon_mail.png","datePublished":"2019-12-11T18:01:49+00:00","dateModified":"2025-09-30T08:05:55+00:00","description":"Comment nous contacter chez CAREISTA pour toute question, demande ou suggestion. Via WhatsApp, le formulaire de contact ou par e-mail.","breadcrumb":{"@id":"https:\/\/infomaniak.careista.ch\/fr\/contact\/#breadcrumb"},"inLanguage":"fr-FR","potentialAction":[{"@type":"ReadAction","target":["https:\/\/infomaniak.careista.ch\/fr\/contact\/"]}]},{"@type":"ImageObject","inLanguage":"fr-FR","@id":"https:\/\/infomaniak.careista.ch\/fr\/contact\/#primaryimage","url":"https:\/\/infomaniak.careista.ch\/wp-content\/uploads\/2025\/09\/careista_kontakt_icon_mail.png","contentUrl":"https:\/\/infomaniak.careista.ch\/wp-content\/uploads\/2025\/09\/careista_kontakt_icon_mail.png"},{"@type":"BreadcrumbList","@id":"https:\/\/infomaniak.careista.ch\/fr\/contact\/#breadcrumb","itemListElement":[{"@type":"ListItem","position":1,"name":"Home","item":"https:\/\/infomaniak.careista.ch\/fr\/"},{"@type":"ListItem","position":2,"name":"Contact"}]},{"@type":"WebSite","@id":"https:\/\/infomaniak.careista.ch\/fr\/#website","url":"https:\/\/infomaniak.careista.ch\/fr\/","name":"CAREISTA","description":"Dein pers\u00f6nlicher Pflege-Barista","publisher":{"@id":"https:\/\/infomaniak.careista.ch\/fr\/#organization"},"potentialAction":[{"@type":"SearchAction","target":{"@type":"EntryPoint","urlTemplate":"https:\/\/infomaniak.careista.ch\/fr\/?s={search_term_string}"},"query-input":{"@type":"PropertyValueSpecification","valueRequired":true,"valueName":"search_term_string"}}],"inLanguage":"fr-FR"},{"@type":"Organization","@id":"https:\/\/infomaniak.careista.ch\/fr\/#organization","name":"CAREISTA","url":"https:\/\/infomaniak.careista.ch\/fr\/","logo":{"@type":"ImageObject","inLanguage":"fr-FR","@id":"https:\/\/infomaniak.careista.ch\/fr\/#\/schema\/logo\/image\/","url":"https:\/\/infomaniak.careista.ch\/wp-content\/uploads\/2025\/02\/Careista-Logo-S_rgb.svg.svg","contentUrl":"https:\/\/infomaniak.careista.ch\/wp-content\/uploads\/2025\/02\/Careista-Logo-S_rgb.svg.svg","caption":"CAREISTA"},"image":{"@id":"https:\/\/infomaniak.careista.ch\/fr\/#\/schema\/logo\/image\/"}}]}},"jetpack_sharing_enabled":true,"_links":{"self":[{"href":"https:\/\/infomaniak.careista.ch\/fr\/wp-json\/wp\/v2\/pages\/3498","targetHints":{"allow":["GET"]}}],"collection":[{"href":"https:\/\/infomaniak.careista.ch\/fr\/wp-json\/wp\/v2\/pages"}],"about":[{"href":"https:\/\/infomaniak.careista.ch\/fr\/wp-json\/wp\/v2\/types\/page"}],"author":[{"embeddable":true,"href":"https:\/\/infomaniak.careista.ch\/fr\/wp-json\/wp\/v2\/users\/346"}],"replies":[{"embeddable":true,"href":"https:\/\/infomaniak.careista.ch\/fr\/wp-json\/wp\/v2\/comments?post=3498"}],"version-history":[{"count":0,"href":"https:\/\/infomaniak.careista.ch\/fr\/wp-json\/wp\/v2\/pages\/3498\/revisions"}],"wp:attachment":[{"href":"https:\/\/infomaniak.careista.ch\/fr\/wp-json\/wp\/v2\/media?parent=3498"}],"curies":[{"name":"wp","href":"https:\/\/api.w.org\/{rel}","templated":true}]}}