{"id":7383,"date":"2025-07-14T12:28:47","date_gmt":"2025-07-14T10:28:47","guid":{"rendered":"https:\/\/infomaniak.careista.ch\/shop\/vente\/"},"modified":"2025-09-19T22:47:53","modified_gmt":"2025-09-19T20:47:53","slug":"vente","status":"publish","type":"page","link":"https:\/\/infomaniak.careista.ch\/fr\/shop\/vente\/","title":{"rendered":"Sale"},"content":{"rendered":"\t\t<div data-elementor-type=\"wp-page\" data-elementor-id=\"7383\" class=\"elementor elementor-7383 elementor-6675\" data-elementor-post-type=\"page\">\n\t\t\t\t<div class=\"elementor-element elementor-element-825e921 e-flex e-con-boxed e-con e-parent\" data-id=\"825e921\" data-element_type=\"container\">\n\t\t\t\t\t<div class=\"e-con-inner\">\n\t\t<div class=\"elementor-element elementor-element-9d8283b e-con-full e-grid e-con e-child\" data-id=\"9d8283b\" data-element_type=\"container\">\n\t\t<div class=\"elementor-element elementor-element-f442808 e-con-full e-flex e-con e-child\" data-id=\"f442808\" data-element_type=\"container\">\n\t\t\t\t<div class=\"elementor-element elementor-element-b535b5b elementor-widget elementor-widget-heading\" data-id=\"b535b5b\" data-element_type=\"widget\" data-widget_type=\"heading.default\">\n\t\t\t\t\t<h1 class=\"elementor-heading-title elementor-size-default\">Sale<\/h1>\t\t\t\t<\/div>\n\t\t\t\t<div class=\"elementor-element elementor-element-36dfd2e elementor-widget elementor-widget-woocommerce-breadcrumb\" data-id=\"36dfd2e\" data-element_type=\"widget\" data-widget_type=\"woocommerce-breadcrumb.default\">\n\t\t\t\t\t<nav class=\"woocommerce-breadcrumb\" aria-label=\"Breadcrumb\">Accueil<\/nav>\t\t\t\t<\/div>\n\t\t\t\t<\/div>\n\t\t\t\t<div class=\"elementor-element elementor-element-b1e9f26 elementor-align-right elementor-widget elementor-widget-button\" data-id=\"b1e9f26\" data-element_type=\"widget\" data-widget_type=\"button.default\">\n\t\t\t\t\t\t\t\t\t\t<a class=\"elementor-button elementor-button-link elementor-size-sm\" href=\"https:\/\/infomaniak.careista.ch\/fr\/shop\/\">\n\t\t\t\t\t\t<span class=\"elementor-button-content-wrapper\">\n\t\t\t\t\t\t<span class=\"elementor-button-icon\">\n\t\t\t\t<svg aria-hidden=\"true\" class=\"e-font-icon-svg e-fas-chevron-right\" viewBox=\"0 0 320 512\" xmlns=\"http:\/\/www.w3.org\/2000\/svg\"><path d=\"M285.476 272.971L91.132 467.314c-9.373 9.373-24.569 9.373-33.941 0l-22.667-22.667c-9.357-9.357-9.375-24.522-.04-33.901L188.505 256 34.484 101.255c-9.335-9.379-9.317-24.544.04-33.901l22.667-22.667c9.373-9.373 24.569-9.373 33.941 0L285.475 239.03c9.373 9.372 9.373 24.568.001 33.941z\"><\/path><\/svg>\t\t\t<\/span>\n\t\t\t\t\t\t\t\t\t<span class=\"elementor-button-text\">Tous les produits<\/span>\n\t\t\t\t\t<\/span>\n\t\t\t\t\t<\/a>\n\t\t\t\t\t\t\t\t<\/div>\n\t\t\t\t<\/div>\n\t\t\t\t<div data-dce-title-color=\"#000000\" class=\"elementor-element elementor-element-6734b54 elementor-grid-tablet-2 elementor-grid-mobile-1 elementor-product-loop-item--align-center elementor-grid-4 elementor-products-grid elementor-wc-products elementor-show-pagination-border-yes elementor-widget elementor-widget-woocommerce-products\" data-id=\"6734b54\" data-element_type=\"widget\" id=\"shop_prodt\" data-widget_type=\"woocommerce-products.default\">\n\t\t\t\t<div class=\"elementor-widget-container\">\n\t\t\t\t\t<div class=\"woocommerce columns-4 \">\n<div class=\"woof_products_top_panel_content\">\n    <\/div>\n<div class=\"woof_products_top_panel\"><\/div><div class=\"woocommerce-notices-wrapper\"><\/div><p class=\"woocommerce-result-count\" role=\"alert\" aria-relevant=\"all\" >\n\t3\u00a0r\u00e9sultats affich\u00e9s<\/p>\n<form class=\"woocommerce-ordering\" method=\"get\">\n\t\t<select\n\t\tname=\"orderby\"\n\t\tclass=\"orderby\"\n\t\t\t\t\taria-label=\"Commande\"\n\t\t\t>\n\t\t\t\t\t<option value=\"menu_order\"  selected='selected'>Tri par d\u00e9faut<\/option>\n\t\t\t\t\t<option value=\"popularity\" >Tri par popularit\u00e9<\/option>\n\t\t\t\t\t<option value=\"rating\" >Tri par notes moyennes<\/option>\n\t\t\t\t\t<option value=\"date\" >Tri du plus r\u00e9cent au plus ancien<\/option>\n\t\t\t\t\t<option value=\"price\" >Tri par tarif croissant<\/option>\n\t\t\t\t\t<option value=\"price-desc\" >Tri par tarif d\u00e9croissant<\/option>\n\t\t\t<\/select>\n\t<input type=\"hidden\" name=\"paged\" value=\"1\" \/>\n\t<\/form>\n<ul class=\"products elementor-grid columns-4\">\n<li class=\"product type-product post-9422 status-publish first instock product_cat-soins-buccaux-fr product_cat-dentifrice-fr has-post-thumbnail sale featured taxable shipping-taxable purchasable product-type-simple\">\n\t<a href=\"https:\/\/infomaniak.careista.ch\/fr\/produkte\/soins-buccaux-fr\/dentifrice-fr\/dentifrice-euthymol-original-75ml\/\" class=\"woocommerce-LoopProduct-link woocommerce-loop-product__link\">\n\t<span class=\"onsale\">Promo<\/span>\n\t<img fetchpriority=\"high\" decoding=\"async\" width=\"600\" height=\"600\" src=\"https:\/\/infomaniak.careista.ch\/wp-content\/uploads\/2025\/06\/18400089-Euthymol-Original-Zahnpasta-75ml-800x800px1-white-600x600.jpg\" class=\"attachment-woocommerce_thumbnail size-woocommerce_thumbnail\" alt=\"Dentifrice Euthymol Original - Soin buccal sans fluor avec un go\u00fbt unique et une couleur rose. Produit Illustration avec emballage \" srcset=\"https:\/\/infomaniak.careista.ch\/wp-content\/uploads\/2025\/06\/18400089-Euthymol-Original-Zahnpasta-75ml-800x800px1-white-600x600.jpg 600w, https:\/\/infomaniak.careista.ch\/wp-content\/uploads\/2025\/06\/18400089-Euthymol-Original-Zahnpasta-75ml-800x800px1-white-300x300.jpg 300w, https:\/\/infomaniak.careista.ch\/wp-content\/uploads\/2025\/06\/18400089-Euthymol-Original-Zahnpasta-75ml-800x800px1-white-150x150.jpg 150w, https:\/\/infomaniak.careista.ch\/wp-content\/uploads\/2025\/06\/18400089-Euthymol-Original-Zahnpasta-75ml-800x800px1-white-768x768.jpg 768w, https:\/\/infomaniak.careista.ch\/wp-content\/uploads\/2025\/06\/18400089-Euthymol-Original-Zahnpasta-75ml-800x800px1-white-500x500.jpg 500w, https:\/\/infomaniak.careista.ch\/wp-content\/uploads\/2025\/06\/18400089-Euthymol-Original-Zahnpasta-75ml-800x800px1-white-100x100.jpg 100w, https:\/\/infomaniak.careista.ch\/wp-content\/uploads\/2025\/06\/18400089-Euthymol-Original-Zahnpasta-75ml-800x800px1-white.jpg 800w\" sizes=\"(max-width: 600px) 100vw, 600px\" \/><h2 class=\"woocommerce-loop-product__title\">Dentifrice Euthymol Original 75ml<\/h2><div class=\"star-rating\" role=\"img\" aria-label=\"Note 4.50 sur 5\"><span style=\"width:90%\">Note <strong class=\"rating\">4.50<\/strong> sur 5<\/span><\/div>\n\t<span class=\"price\"><del aria-hidden=\"true\"><span class=\"woocommerce-Price-amount amount\"><bdi><span class=\"woocommerce-Price-currencySymbol\">&#67;&#72;&#70;<\/span>&nbsp;7.90<\/bdi><\/span><\/del> <span class=\"screen-reader-text\">Le prix initial \u00e9tait\u00a0: &#067;&#072;&#070;&nbsp;7.90.<\/span><ins aria-hidden=\"true\"><span class=\"woocommerce-Price-amount amount\"><bdi><span class=\"woocommerce-Price-currencySymbol\">&#67;&#72;&#70;<\/span>&nbsp;6.90<\/bdi><\/span><\/ins><span class=\"screen-reader-text\">Le prix actuel est\u00a0: &#067;&#072;&#070;&nbsp;6.90.<\/span> <small class=\"woocommerce-price-suffix\"> <small class=\"woocommerce-price-suffix\">TVA incl.<\/small><\/small><\/span>\n<small><\/small><\/a><div class=\"woocommerce-loop-product__buttons\"><a href=\"\/fr\/wp-json\/wp\/v2\/pages\/7383?add-to-cart=9422\" aria-describedby=\"woocommerce_loop_add_to_cart_link_describedby_9422\" data-quantity=\"1\" class=\"button product_type_simple add_to_cart_button ajax_add_to_cart\" data-product_id=\"9422\" data-product_sku=\"18400089\" aria-label=\"Ajouter au panier\u00a0: &ldquo;Dentifrice Euthymol Original 75ml&rdquo;\" rel=\"nofollow\" data-success_message=\"\u00ab\u00a0Dentifrice Euthymol Original 75ml\u00a0\u00bb a \u00e9t\u00e9 ajout\u00e9 \u00e0 votre panier\" role=\"button\">Ajouter au panier<\/a><\/div>\t<span id=\"woocommerce_loop_add_to_cart_link_describedby_9422\" class=\"screen-reader-text\">\n\t\t\t<\/span>\n<span class=\"gtm4wp_productdata\" style=\"display:none; visibility:hidden;\" data-gtm4wp_product_data=\"{&quot;internal_id&quot;:9422,&quot;item_id&quot;:&quot;18400089&quot;,&quot;item_name&quot;:&quot;Dentifrice Euthymol Original 75ml&quot;,&quot;sku&quot;:&quot;18400089&quot;,&quot;price&quot;:6.9,&quot;stocklevel&quot;:564,&quot;stockstatus&quot;:&quot;instock&quot;,&quot;google_business_vertical&quot;:&quot;retail&quot;,&quot;item_category&quot;:&quot;Dentifrice&quot;,&quot;id&quot;:&quot;18400089&quot;,&quot;item_brand&quot;:&quot;Euthymol&quot;,&quot;productlink&quot;:&quot;https:\\\/\\\/infomaniak.careista.ch\\\/fr\\\/produkte\\\/soins-buccaux-fr\\\/dentifrice-fr\\\/dentifrice-euthymol-original-75ml\\\/&quot;,&quot;item_list_name&quot;:&quot;Liste g\\u00e9n\\u00e9rale des produits&quot;,&quot;index&quot;:1,&quot;product_type&quot;:&quot;simple&quot;}\"><\/span><\/li>\n<li class=\"product type-product post-9347 status-publish instock product_cat-soins-buccaux-fr product_cat-brosses-a-dents-soniques-fr has-post-thumbnail sale featured taxable shipping-taxable purchasable product-type-simple\">\n\t<a href=\"https:\/\/infomaniak.careista.ch\/fr\/produkte\/soins-buccaux-fr\/brosses-a-dents-soniques-fr\/edelwhite-sonic-generation-health-suite\/\" class=\"woocommerce-LoopProduct-link woocommerce-loop-product__link\">\n\t<span class=\"onsale\">Promo<\/span>\n\t<img decoding=\"async\" width=\"600\" height=\"600\" src=\"https:\/\/infomaniak.careista.ch\/wp-content\/uploads\/2025\/06\/Sonic-Generation-Health-Suite-Schallzahnbuerste-Putzleistung-Sehr-gut-600x600.jpg\" class=\"attachment-woocommerce_thumbnail size-woocommerce_thumbnail\" alt=\"edel+white Sonic Generation Health Suite - Le couteau suisse des soins bucco-dentaires - recommand\u00e9 par les plus grands professionnels de la sant\u00e9 dentaire. Brosse \u00e0 dents \u00e9lectrique, blanc \/ or. Tr\u00e8s bonne performance de nettoyage.\" srcset=\"https:\/\/infomaniak.careista.ch\/wp-content\/uploads\/2025\/06\/Sonic-Generation-Health-Suite-Schallzahnbuerste-Putzleistung-Sehr-gut-600x600.jpg 600w, https:\/\/infomaniak.careista.ch\/wp-content\/uploads\/2025\/06\/Sonic-Generation-Health-Suite-Schallzahnbuerste-Putzleistung-Sehr-gut-300x300.jpg 300w, https:\/\/infomaniak.careista.ch\/wp-content\/uploads\/2025\/06\/Sonic-Generation-Health-Suite-Schallzahnbuerste-Putzleistung-Sehr-gut-150x150.jpg 150w, https:\/\/infomaniak.careista.ch\/wp-content\/uploads\/2025\/06\/Sonic-Generation-Health-Suite-Schallzahnbuerste-Putzleistung-Sehr-gut-768x768.jpg 768w, https:\/\/infomaniak.careista.ch\/wp-content\/uploads\/2025\/06\/Sonic-Generation-Health-Suite-Schallzahnbuerste-Putzleistung-Sehr-gut-100x100.jpg 100w, https:\/\/infomaniak.careista.ch\/wp-content\/uploads\/2025\/06\/Sonic-Generation-Health-Suite-Schallzahnbuerste-Putzleistung-Sehr-gut.jpg 800w\" sizes=\"(max-width: 600px) 100vw, 600px\" \/><h2 class=\"woocommerce-loop-product__title\">edel+white Sonic Generation Health Suite<\/h2><div class=\"star-rating\" role=\"img\" aria-label=\"Note 4.74 sur 5\"><span style=\"width:94.8%\">Note <strong class=\"rating\">4.74<\/strong> sur 5<\/span><\/div>\n\t<span class=\"price\"><del aria-hidden=\"true\"><span class=\"woocommerce-Price-amount amount\"><bdi><span class=\"woocommerce-Price-currencySymbol\">&#67;&#72;&#70;<\/span>&nbsp;159.00<\/bdi><\/span><\/del> <span class=\"screen-reader-text\">Le prix initial \u00e9tait\u00a0: &#067;&#072;&#070;&nbsp;159.00.<\/span><ins aria-hidden=\"true\"><span class=\"woocommerce-Price-amount amount\"><bdi><span class=\"woocommerce-Price-currencySymbol\">&#67;&#72;&#70;<\/span>&nbsp;139.00<\/bdi><\/span><\/ins><span class=\"screen-reader-text\">Le prix actuel est\u00a0: &#067;&#072;&#070;&nbsp;139.00.<\/span> <small class=\"woocommerce-price-suffix\"> <small class=\"woocommerce-price-suffix\">TVA incl.<\/small><\/small><\/span>\n<small><\/small><\/a><div class=\"woocommerce-loop-product__buttons\"><a href=\"\/fr\/wp-json\/wp\/v2\/pages\/7383?add-to-cart=9347\" aria-describedby=\"woocommerce_loop_add_to_cart_link_describedby_9347\" data-quantity=\"1\" class=\"button product_type_simple add_to_cart_button ajax_add_to_cart\" data-product_id=\"9347\" data-product_sku=\"100199\" aria-label=\"Ajouter au panier\u00a0: &ldquo;edel+white Sonic Generation Health Suite&rdquo;\" rel=\"nofollow\" data-success_message=\"\u00ab\u00a0edel+white Sonic Generation Health Suite\u00a0\u00bb a \u00e9t\u00e9 ajout\u00e9 \u00e0 votre panier\" role=\"button\">Ajouter au panier<\/a><\/div>\t<span id=\"woocommerce_loop_add_to_cart_link_describedby_9347\" class=\"screen-reader-text\">\n\t\t\t<\/span>\n<span class=\"gtm4wp_productdata\" style=\"display:none; visibility:hidden;\" data-gtm4wp_product_data=\"{&quot;internal_id&quot;:9347,&quot;item_id&quot;:&quot;100199&quot;,&quot;item_name&quot;:&quot;edel+white Sonic Generation Health Suite&quot;,&quot;sku&quot;:&quot;100199&quot;,&quot;price&quot;:139,&quot;stocklevel&quot;:138,&quot;stockstatus&quot;:&quot;instock&quot;,&quot;google_business_vertical&quot;:&quot;retail&quot;,&quot;item_category&quot;:&quot;Brosses \\u00e0 dents soniques&quot;,&quot;id&quot;:&quot;100199&quot;,&quot;item_brand&quot;:&quot;edel+white&quot;,&quot;productlink&quot;:&quot;https:\\\/\\\/infomaniak.careista.ch\\\/fr\\\/produkte\\\/soins-buccaux-fr\\\/brosses-a-dents-soniques-fr\\\/edelwhite-sonic-generation-health-suite\\\/&quot;,&quot;item_list_name&quot;:&quot;Liste g\\u00e9n\\u00e9rale des produits&quot;,&quot;index&quot;:2,&quot;product_type&quot;:&quot;simple&quot;}\"><\/span><\/li>\n<li class=\"product type-product post-19680 status-publish instock product_cat-soins-buccaux-fr product_cat-brosses-a-dents-fr has-post-thumbnail sale taxable shipping-taxable purchasable product-type-simple\">\n\t<a href=\"https:\/\/infomaniak.careista.ch\/fr\/produkte\/soins-buccaux-fr\/brosses-a-dents-fr\/reach-control-medium-brosse-a-dents\/\" class=\"woocommerce-LoopProduct-link woocommerce-loop-product__link\">\n\t<span class=\"onsale\">Promo<\/span>\n\t<img decoding=\"async\" width=\"600\" height=\"600\" src=\"https:\/\/infomaniak.careista.ch\/wp-content\/uploads\/2026\/01\/18230637_REACH-LIST-TB-CONTROL-MED_800x800-600x600.png\" class=\"attachment-woocommerce_thumbnail size-woocommerce_thumbnail\" alt=\"18230637 REACH Listerine toothbrush CONTROL Medium\" srcset=\"https:\/\/infomaniak.careista.ch\/wp-content\/uploads\/2026\/01\/18230637_REACH-LIST-TB-CONTROL-MED_800x800-600x600.png 600w, https:\/\/infomaniak.careista.ch\/wp-content\/uploads\/2026\/01\/18230637_REACH-LIST-TB-CONTROL-MED_800x800-300x300.png 300w, https:\/\/infomaniak.careista.ch\/wp-content\/uploads\/2026\/01\/18230637_REACH-LIST-TB-CONTROL-MED_800x800-150x150.png 150w, https:\/\/infomaniak.careista.ch\/wp-content\/uploads\/2026\/01\/18230637_REACH-LIST-TB-CONTROL-MED_800x800-768x768.png 768w, https:\/\/infomaniak.careista.ch\/wp-content\/uploads\/2026\/01\/18230637_REACH-LIST-TB-CONTROL-MED_800x800-100x100.png 100w, https:\/\/infomaniak.careista.ch\/wp-content\/uploads\/2026\/01\/18230637_REACH-LIST-TB-CONTROL-MED_800x800.png 800w\" sizes=\"(max-width: 600px) 100vw, 600px\" \/><h2 class=\"woocommerce-loop-product__title\">REACH Control Medium brosse \u00e0 dents<\/h2>\n\t<span class=\"price\"><del aria-hidden=\"true\"><span class=\"woocommerce-Price-amount amount\"><bdi><span class=\"woocommerce-Price-currencySymbol\">&#67;&#72;&#70;<\/span>&nbsp;2.50<\/bdi><\/span><\/del> <span class=\"screen-reader-text\">Le prix initial \u00e9tait\u00a0: &#067;&#072;&#070;&nbsp;2.50.<\/span><ins aria-hidden=\"true\"><span class=\"woocommerce-Price-amount amount\"><bdi><span class=\"woocommerce-Price-currencySymbol\">&#67;&#72;&#70;<\/span>&nbsp;1.90<\/bdi><\/span><\/ins><span class=\"screen-reader-text\">Le prix actuel est\u00a0: &#067;&#072;&#070;&nbsp;1.90.<\/span> <small class=\"woocommerce-price-suffix\"> <small class=\"woocommerce-price-suffix\">TVA incl.<\/small><\/small><\/span>\n<small><\/small><\/a><div class=\"woocommerce-loop-product__buttons\"><a href=\"\/fr\/wp-json\/wp\/v2\/pages\/7383?add-to-cart=19680\" aria-describedby=\"woocommerce_loop_add_to_cart_link_describedby_19680\" data-quantity=\"1\" class=\"button product_type_simple add_to_cart_button ajax_add_to_cart\" data-product_id=\"19680\" data-product_sku=\"18230637\" aria-label=\"Ajouter au panier\u00a0: &ldquo;REACH Control Medium brosse \u00e0 dents&rdquo;\" rel=\"nofollow\" data-success_message=\"\u00ab\u00a0REACH Control Medium brosse \u00e0 dents\u00a0\u00bb a \u00e9t\u00e9 ajout\u00e9 \u00e0 votre panier\" role=\"button\">Ajouter au panier<\/a><\/div>\t<span id=\"woocommerce_loop_add_to_cart_link_describedby_19680\" class=\"screen-reader-text\">\n\t\t\t<\/span>\n<span class=\"gtm4wp_productdata\" style=\"display:none; visibility:hidden;\" data-gtm4wp_product_data=\"{&quot;internal_id&quot;:19680,&quot;item_id&quot;:&quot;18230637&quot;,&quot;item_name&quot;:&quot;REACH Control Medium brosse \\u00e0 dents&quot;,&quot;sku&quot;:&quot;18230637&quot;,&quot;price&quot;:1.9,&quot;stocklevel&quot;:14015,&quot;stockstatus&quot;:&quot;instock&quot;,&quot;google_business_vertical&quot;:&quot;retail&quot;,&quot;item_category&quot;:&quot;Brosses \\u00e0 dents&quot;,&quot;id&quot;:&quot;18230637&quot;,&quot;item_brand&quot;:&quot;REACH&quot;,&quot;productlink&quot;:&quot;https:\\\/\\\/infomaniak.careista.ch\\\/fr\\\/produkte\\\/soins-buccaux-fr\\\/brosses-a-dents-fr\\\/reach-control-medium-brosse-a-dents\\\/&quot;,&quot;item_list_name&quot;:&quot;Liste g\\u00e9n\\u00e9rale des produits&quot;,&quot;index&quot;:3,&quot;product_type&quot;:&quot;simple&quot;}\"><\/span><\/li>\n<\/ul>\n<\/div>\t\t\t\t<\/div>\n\t\t\t\t<\/div>\n\t\t\t\t<div class=\"elementor-element elementor-element-43c6d50 elementor-align-center elementor-widget elementor-widget-button\" data-id=\"43c6d50\" data-element_type=\"widget\" data-widget_type=\"button.default\">\n\t\t\t\t\t\t\t\t\t\t<a class=\"elementor-button elementor-button-link elementor-size-sm\" href=\"https:\/\/infomaniak.careista.ch\/fr\/shop\/\">\n\t\t\t\t\t\t<span class=\"elementor-button-content-wrapper\">\n\t\t\t\t\t\t<span class=\"elementor-button-icon\">\n\t\t\t\t<svg aria-hidden=\"true\" class=\"e-font-icon-svg e-fas-chevron-right\" viewBox=\"0 0 320 512\" xmlns=\"http:\/\/www.w3.org\/2000\/svg\"><path d=\"M285.476 272.971L91.132 467.314c-9.373 9.373-24.569 9.373-33.941 0l-22.667-22.667c-9.357-9.357-9.375-24.522-.04-33.901L188.505 256 34.484 101.255c-9.335-9.379-9.317-24.544.04-33.901l22.667-22.667c9.373-9.373 24.569-9.373 33.941 0L285.475 239.03c9.373 9.372 9.373 24.568.001 33.941z\"><\/path><\/svg>\t\t\t<\/span>\n\t\t\t\t\t\t\t\t\t<span class=\"elementor-button-text\">Tous les produits<\/span>\n\t\t\t\t\t<\/span>\n\t\t\t\t\t<\/a>\n\t\t\t\t\t\t\t\t<\/div>\n\t\t\t\t\t<\/div>\n\t\t\t\t<\/div>\n\t\t\t\t<\/div>\n\t\t","protected":false},"excerpt":{"rendered":"<p>Sale Tous les produits Tous les produits<\/p>\n","protected":false},"author":357,"featured_media":0,"parent":3553,"menu_order":0,"comment_status":"closed","ping_status":"closed","template":"elementor_header_footer","meta":{"_acf_changed":false,"footnotes":""},"class_list":["post-7383","page","type-page","status-publish","hentry"],"acf":[],"yoast_head":"<!-- This site is optimized with the Yoast SEO plugin v26.7 - https:\/\/yoast.com\/wordpress\/plugins\/seo\/ -->\n<title>Sale \u00e0 CAREISTA - Offres exclusives &amp; Selfcare Deals<\/title>\n<meta name=\"description\" content=\"B\u00e9n\u00e9ficiez d&#039;offres exclusives et de produits selfcare \u00e0 prix r\u00e9duits chez CAREISTA. Des marques de qualit\u00e9 pour les soins bucco-dentaires, la beaut\u00e9 cor\u00e9enne et bien plus encore.\" \/>\n<meta name=\"robots\" content=\"noindex, follow, max-snippet:-1, max-image-preview:large, max-video-preview:-1\" \/>\n<meta property=\"og:locale\" content=\"fr_FR\" \/>\n<meta property=\"og:type\" content=\"article\" \/>\n<meta property=\"og:title\" content=\"Sale \u00e0 CAREISTA - Offres exclusives &amp; Selfcare Deals\" \/>\n<meta property=\"og:description\" content=\"B\u00e9n\u00e9ficiez d&#039;offres exclusives et de produits selfcare \u00e0 prix r\u00e9duits chez CAREISTA. Des marques de qualit\u00e9 pour les soins bucco-dentaires, la beaut\u00e9 cor\u00e9enne et bien plus encore.\" \/>\n<meta property=\"og:url\" content=\"https:\/\/infomaniak.careista.ch\/fr\/shop\/vente\/\" \/>\n<meta property=\"og:site_name\" content=\"CAREISTA\" \/>\n<meta property=\"article:modified_time\" content=\"2025-09-19T20:47:53+00:00\" \/>\n<meta name=\"twitter:card\" content=\"summary_large_image\" \/>\n<meta name=\"twitter:label1\" content=\"Dur\u00e9e de lecture estim\u00e9e\" \/>\n\t<meta name=\"twitter:data1\" content=\"1 minute\" \/>\n<script type=\"application\/ld+json\" class=\"yoast-schema-graph\">{\"@context\":\"https:\/\/schema.org\",\"@graph\":[{\"@type\":\"WebPage\",\"@id\":\"https:\/\/infomaniak.careista.ch\/fr\/shop\/vente\/\",\"url\":\"https:\/\/infomaniak.careista.ch\/fr\/shop\/vente\/\",\"name\":\"Sale \u00e0 CAREISTA - Offres exclusives & Selfcare Deals\",\"isPartOf\":{\"@id\":\"https:\/\/infomaniak.careista.ch\/fr\/#website\"},\"datePublished\":\"2025-07-14T10:28:47+00:00\",\"dateModified\":\"2025-09-19T20:47:53+00:00\",\"description\":\"B\u00e9n\u00e9ficiez d'offres exclusives et de produits selfcare \u00e0 prix r\u00e9duits chez CAREISTA. Des marques de qualit\u00e9 pour les soins bucco-dentaires, la beaut\u00e9 cor\u00e9enne et bien plus encore.\",\"breadcrumb\":{\"@id\":\"https:\/\/infomaniak.careista.ch\/fr\/shop\/vente\/#breadcrumb\"},\"inLanguage\":\"fr-FR\",\"potentialAction\":[{\"@type\":\"ReadAction\",\"target\":[\"https:\/\/infomaniak.careista.ch\/fr\/shop\/vente\/\"]}]},{\"@type\":\"BreadcrumbList\",\"@id\":\"https:\/\/infomaniak.careista.ch\/fr\/shop\/vente\/#breadcrumb\",\"itemListElement\":[{\"@type\":\"ListItem\",\"position\":1,\"name\":\"Home\",\"item\":\"https:\/\/infomaniak.careista.ch\/fr\/\"},{\"@type\":\"ListItem\",\"position\":2,\"name\":\"Shop\",\"item\":\"https:\/\/infomaniak.careista.ch\/fr\/shop\/\"},{\"@type\":\"ListItem\",\"position\":3,\"name\":\"Sale\"}]},{\"@type\":\"WebSite\",\"@id\":\"https:\/\/infomaniak.careista.ch\/fr\/#website\",\"url\":\"https:\/\/infomaniak.careista.ch\/fr\/\",\"name\":\"CAREISTA\",\"description\":\"Dein pers\u00f6nlicher Pflege-Barista\",\"publisher\":{\"@id\":\"https:\/\/infomaniak.careista.ch\/fr\/#organization\"},\"potentialAction\":[{\"@type\":\"SearchAction\",\"target\":{\"@type\":\"EntryPoint\",\"urlTemplate\":\"https:\/\/infomaniak.careista.ch\/fr\/?s={search_term_string}\"},\"query-input\":{\"@type\":\"PropertyValueSpecification\",\"valueRequired\":true,\"valueName\":\"search_term_string\"}}],\"inLanguage\":\"fr-FR\"},{\"@type\":\"Organization\",\"@id\":\"https:\/\/infomaniak.careista.ch\/fr\/#organization\",\"name\":\"CAREISTA\",\"url\":\"https:\/\/infomaniak.careista.ch\/fr\/\",\"logo\":{\"@type\":\"ImageObject\",\"inLanguage\":\"fr-FR\",\"@id\":\"https:\/\/infomaniak.careista.ch\/fr\/#\/schema\/logo\/image\/\",\"url\":\"https:\/\/infomaniak.careista.ch\/wp-content\/uploads\/2025\/02\/Careista-Logo-S_rgb.svg.svg\",\"contentUrl\":\"https:\/\/infomaniak.careista.ch\/wp-content\/uploads\/2025\/02\/Careista-Logo-S_rgb.svg.svg\",\"caption\":\"CAREISTA\"},\"image\":{\"@id\":\"https:\/\/infomaniak.careista.ch\/fr\/#\/schema\/logo\/image\/\"}}]}<\/script>\n<!-- \/ Yoast SEO plugin. -->","yoast_head_json":{"title":"Sale \u00e0 CAREISTA - Offres exclusives & Selfcare Deals","description":"B\u00e9n\u00e9ficiez d'offres exclusives et de produits selfcare \u00e0 prix r\u00e9duits chez CAREISTA. Des marques de qualit\u00e9 pour les soins bucco-dentaires, la beaut\u00e9 cor\u00e9enne et bien plus encore.","robots":{"index":"noindex","follow":"follow","max-snippet":"max-snippet:-1","max-image-preview":"max-image-preview:large","max-video-preview":"max-video-preview:-1"},"og_locale":"fr_FR","og_type":"article","og_title":"Sale \u00e0 CAREISTA - Offres exclusives & Selfcare Deals","og_description":"B\u00e9n\u00e9ficiez d'offres exclusives et de produits selfcare \u00e0 prix r\u00e9duits chez CAREISTA. Des marques de qualit\u00e9 pour les soins bucco-dentaires, la beaut\u00e9 cor\u00e9enne et bien plus encore.","og_url":"https:\/\/infomaniak.careista.ch\/fr\/shop\/vente\/","og_site_name":"CAREISTA","article_modified_time":"2025-09-19T20:47:53+00:00","twitter_card":"summary_large_image","twitter_misc":{"Dur\u00e9e de lecture estim\u00e9e":"1 minute"},"schema":{"@context":"https:\/\/schema.org","@graph":[{"@type":"WebPage","@id":"https:\/\/infomaniak.careista.ch\/fr\/shop\/vente\/","url":"https:\/\/infomaniak.careista.ch\/fr\/shop\/vente\/","name":"Sale \u00e0 CAREISTA - Offres exclusives & Selfcare Deals","isPartOf":{"@id":"https:\/\/infomaniak.careista.ch\/fr\/#website"},"datePublished":"2025-07-14T10:28:47+00:00","dateModified":"2025-09-19T20:47:53+00:00","description":"B\u00e9n\u00e9ficiez d'offres exclusives et de produits selfcare \u00e0 prix r\u00e9duits chez CAREISTA. Des marques de qualit\u00e9 pour les soins bucco-dentaires, la beaut\u00e9 cor\u00e9enne et bien plus encore.","breadcrumb":{"@id":"https:\/\/infomaniak.careista.ch\/fr\/shop\/vente\/#breadcrumb"},"inLanguage":"fr-FR","potentialAction":[{"@type":"ReadAction","target":["https:\/\/infomaniak.careista.ch\/fr\/shop\/vente\/"]}]},{"@type":"BreadcrumbList","@id":"https:\/\/infomaniak.careista.ch\/fr\/shop\/vente\/#breadcrumb","itemListElement":[{"@type":"ListItem","position":1,"name":"Home","item":"https:\/\/infomaniak.careista.ch\/fr\/"},{"@type":"ListItem","position":2,"name":"Shop","item":"https:\/\/infomaniak.careista.ch\/fr\/shop\/"},{"@type":"ListItem","position":3,"name":"Sale"}]},{"@type":"WebSite","@id":"https:\/\/infomaniak.careista.ch\/fr\/#website","url":"https:\/\/infomaniak.careista.ch\/fr\/","name":"CAREISTA","description":"Dein pers\u00f6nlicher Pflege-Barista","publisher":{"@id":"https:\/\/infomaniak.careista.ch\/fr\/#organization"},"potentialAction":[{"@type":"SearchAction","target":{"@type":"EntryPoint","urlTemplate":"https:\/\/infomaniak.careista.ch\/fr\/?s={search_term_string}"},"query-input":{"@type":"PropertyValueSpecification","valueRequired":true,"valueName":"search_term_string"}}],"inLanguage":"fr-FR"},{"@type":"Organization","@id":"https:\/\/infomaniak.careista.ch\/fr\/#organization","name":"CAREISTA","url":"https:\/\/infomaniak.careista.ch\/fr\/","logo":{"@type":"ImageObject","inLanguage":"fr-FR","@id":"https:\/\/infomaniak.careista.ch\/fr\/#\/schema\/logo\/image\/","url":"https:\/\/infomaniak.careista.ch\/wp-content\/uploads\/2025\/02\/Careista-Logo-S_rgb.svg.svg","contentUrl":"https:\/\/infomaniak.careista.ch\/wp-content\/uploads\/2025\/02\/Careista-Logo-S_rgb.svg.svg","caption":"CAREISTA"},"image":{"@id":"https:\/\/infomaniak.careista.ch\/fr\/#\/schema\/logo\/image\/"}}]}},"jetpack_sharing_enabled":true,"_links":{"self":[{"href":"https:\/\/infomaniak.careista.ch\/fr\/wp-json\/wp\/v2\/pages\/7383","targetHints":{"allow":["GET"]}}],"collection":[{"href":"https:\/\/infomaniak.careista.ch\/fr\/wp-json\/wp\/v2\/pages"}],"about":[{"href":"https:\/\/infomaniak.careista.ch\/fr\/wp-json\/wp\/v2\/types\/page"}],"author":[{"embeddable":true,"href":"https:\/\/infomaniak.careista.ch\/fr\/wp-json\/wp\/v2\/users\/357"}],"replies":[{"embeddable":true,"href":"https:\/\/infomaniak.careista.ch\/fr\/wp-json\/wp\/v2\/comments?post=7383"}],"version-history":[{"count":0,"href":"https:\/\/infomaniak.careista.ch\/fr\/wp-json\/wp\/v2\/pages\/7383\/revisions"}],"up":[{"embeddable":true,"href":"https:\/\/infomaniak.careista.ch\/fr\/wp-json\/wp\/v2\/pages\/3553"}],"wp:attachment":[{"href":"https:\/\/infomaniak.careista.ch\/fr\/wp-json\/wp\/v2\/media?parent=7383"}],"curies":[{"name":"wp","href":"https:\/\/api.w.org\/{rel}","templated":true}]}}