{"id":15151,"date":"2025-09-11T13:27:47","date_gmt":"2025-09-11T11:27:47","guid":{"rendered":"https:\/\/infomaniak.careista.ch\/?post_type=product&#038;p=15151"},"modified":"2026-04-05T00:26:11","modified_gmt":"2026-04-04T22:26:11","slug":"careista-trousse-de-toilette-vert-sauge-rose-faite-main-24x8x8cm-kopie","status":"publish","type":"product","link":"https:\/\/infomaniak.careista.ch\/fr\/produkte\/divers-fr\/fait-main-necessaires-fr\/careista-trousse-de-toilette-vert-sauge-rose-faite-main-24x8x8cm-kopie\/","title":{"rendered":"CAREISTA Pochette Cosm\u00e9tique Carte du Monde faite main 24x8x8cm"},"content":{"rendered":"<p>L&rsquo;histoire est vite racont\u00e9e : Anita Stolz de M\u00e4nnendorf, m\u00e8re de trois enfants, coud r\u00e9guli\u00e8rement des v\u00eatements et des ustensiles utiles pour ses propres enfants. Rapidement, elle se passionne pour la cr\u00e9ation et la r\u00e9alisation de nouveaux objets dans de nouvelles couleurs et sur de nouveaux sujets. Elle vend r\u00e9guli\u00e8rement ses cr\u00e9ations \u00e0 ses amis et sur les march\u00e9s locaux, ce qui lui vaut un grand succ\u00e8s. Une production locale et durable, combin\u00e9e \u00e0 beaucoup d&rsquo;amour et de passion, donne naissance \u00e0 de superbes produits qui ne manqueront pas de vous faire plaisir.   <\/p>\n<p>Plusieurs pi\u00e8ces de chaque sujet et couleur ont parfois \u00e9t\u00e9 fabriqu\u00e9es, en fonction de la disponibilit\u00e9 des mat\u00e9riaux utilis\u00e9s. Le principe est le suivant : \u00ab\u00a0disponible jusqu&rsquo;\u00e0 \u00e9puisement des stocks\u00a0\u00bb ! <\/p>\n","protected":false},"excerpt":{"rendered":"<p>Pochette \u00e0 maquillage\/ trousse de voyage\/ trousse de toilette pratique CAREISTA by Anita Stolz<\/p>\n<ul>\n<li>Chaque \u00e9tui est fait \u00e0 la main avec beaucoup d&rsquo;amour<\/li>\n<li>R\u00e9sistant \u00e0 l&rsquo;eau et lavable<\/li>\n<li>Sujet\/couleurs : avec carte du monde multicolore avec des accents verts, int\u00e9rieur \u00e0 pois jaunes<\/li>\n<li>Dimensions 24 x 8 x 8 cm (largeur x hauteur x profondeur)<\/li>\n<li>Pratique pour les ustensiles de bain les plus importants comme notre edel+white Sonic, le dentifrice ou une cr\u00e8me pour le visage belif.<\/li>\n<\/ul>\n<p><em>Contenu : 1 trousse de maquillage\/voyage selon description (sans contenu)<\/em><\/p>\n","protected":false},"featured_media":15154,"comment_status":"closed","ping_status":"closed","template":"","meta":{"_acf_changed":false},"anwendung-kategorie":[],"anwendung":[],"product_brand":[361],"product_cat":[209,206],"product_tag":[],"class_list":{"0":"post-15151","1":"product","2":"type-product","3":"status-publish","4":"has-post-thumbnail","6":"product_brand-careista-fr","7":"product_cat-fait-main-necessaires-fr","8":"product_cat-divers-fr","10":"first","11":"instock","12":"taxable","13":"shipping-taxable","14":"purchasable","15":"product-type-simple"},"acf":[],"yoast_head":"<!-- This site is optimized with the Yoast SEO plugin v26.7 - https:\/\/yoast.com\/wordpress\/plugins\/seo\/ -->\n<title>CAREISTA Pochette Cosm\u00e9tique Carte du Monde faite main 24x8x8cm - CAREISTA<\/title>\n<meta name=\"robots\" content=\"noindex, follow, max-snippet:-1, max-image-preview:large, max-video-preview:-1\" \/>\n<meta property=\"og:locale\" content=\"fr_FR\" \/>\n<meta property=\"og:type\" content=\"article\" \/>\n<meta property=\"og:title\" content=\"CAREISTA Pochette Cosm\u00e9tique Carte du Monde faite main 24x8x8cm - CAREISTA\" \/>\n<meta property=\"og:description\" content=\"Pochette \u00e0 maquillage\/ trousse de voyage\/ trousse de toilette pratique CAREISTA by Anita Stolz  Chaque \u00e9tui est fait \u00e0 la main avec beaucoup d&#039;amour  R\u00e9sistant \u00e0 l&#039;eau et lavable  Sujet\/couleurs : avec carte du monde multicolore avec des accents verts, int\u00e9rieur \u00e0 pois jaunes  Dimensions 24 x 8 x 8 cm (largeur x hauteur x profondeur)  Pratique pour les ustensiles de bain les plus importants comme notre edel+white Sonic, le dentifrice ou une cr\u00e8me pour le visage belif. Contenu : 1 trousse de maquillage\/voyage selon description (sans contenu)\" \/>\n<meta property=\"og:url\" content=\"https:\/\/infomaniak.careista.ch\/fr\/produkte\/divers-fr\/fait-main-necessaires-fr\/careista-trousse-de-toilette-vert-sauge-rose-faite-main-24x8x8cm-kopie\/\" \/>\n<meta property=\"og:site_name\" content=\"CAREISTA\" \/>\n<meta property=\"article:modified_time\" content=\"2026-04-04T22:26:11+00:00\" \/>\n<meta property=\"og:image\" content=\"https:\/\/infomaniak.careista.ch\/wp-content\/uploads\/2025\/09\/700203-Kosmetiktasche-Weltkarte-handgemacht-24x8x8cm-1.png\" \/>\n\t<meta property=\"og:image:width\" content=\"800\" \/>\n\t<meta property=\"og:image:height\" content=\"800\" \/>\n\t<meta property=\"og:image:type\" content=\"image\/png\" \/>\n<meta name=\"twitter:card\" content=\"summary_large_image\" \/>\n<meta name=\"twitter:label1\" content=\"Dur\u00e9e de lecture estim\u00e9e\" \/>\n\t<meta name=\"twitter:data1\" content=\"1 minute\" \/>\n<script type=\"application\/ld+json\" class=\"yoast-schema-graph\">{\"@context\":\"https:\/\/schema.org\",\"@graph\":[{\"@type\":\"WebPage\",\"@id\":\"https:\/\/infomaniak.careista.ch\/fr\/produkte\/divers-fr\/fait-main-necessaires-fr\/careista-trousse-de-toilette-vert-sauge-rose-faite-main-24x8x8cm-kopie\/\",\"url\":\"https:\/\/infomaniak.careista.ch\/fr\/produkte\/divers-fr\/fait-main-necessaires-fr\/careista-trousse-de-toilette-vert-sauge-rose-faite-main-24x8x8cm-kopie\/\",\"name\":\"CAREISTA Pochette Cosm\u00e9tique Carte du Monde faite main 24x8x8cm - CAREISTA\",\"isPartOf\":{\"@id\":\"https:\/\/infomaniak.careista.ch\/fr\/#website\"},\"primaryImageOfPage\":{\"@id\":\"https:\/\/infomaniak.careista.ch\/fr\/produkte\/divers-fr\/fait-main-necessaires-fr\/careista-trousse-de-toilette-vert-sauge-rose-faite-main-24x8x8cm-kopie\/#primaryimage\"},\"image\":{\"@id\":\"https:\/\/infomaniak.careista.ch\/fr\/produkte\/divers-fr\/fait-main-necessaires-fr\/careista-trousse-de-toilette-vert-sauge-rose-faite-main-24x8x8cm-kopie\/#primaryimage\"},\"thumbnailUrl\":\"https:\/\/infomaniak.careista.ch\/wp-content\/uploads\/2025\/09\/700203-Kosmetiktasche-Weltkarte-handgemacht-24x8x8cm-1.png\",\"datePublished\":\"2025-09-11T11:27:47+00:00\",\"dateModified\":\"2026-04-04T22:26:11+00:00\",\"breadcrumb\":{\"@id\":\"https:\/\/infomaniak.careista.ch\/fr\/produkte\/divers-fr\/fait-main-necessaires-fr\/careista-trousse-de-toilette-vert-sauge-rose-faite-main-24x8x8cm-kopie\/#breadcrumb\"},\"inLanguage\":\"fr-FR\",\"potentialAction\":[{\"@type\":\"ReadAction\",\"target\":[\"https:\/\/infomaniak.careista.ch\/fr\/produkte\/divers-fr\/fait-main-necessaires-fr\/careista-trousse-de-toilette-vert-sauge-rose-faite-main-24x8x8cm-kopie\/\"]}]},{\"@type\":\"ImageObject\",\"inLanguage\":\"fr-FR\",\"@id\":\"https:\/\/infomaniak.careista.ch\/fr\/produkte\/divers-fr\/fait-main-necessaires-fr\/careista-trousse-de-toilette-vert-sauge-rose-faite-main-24x8x8cm-kopie\/#primaryimage\",\"url\":\"https:\/\/infomaniak.careista.ch\/wp-content\/uploads\/2025\/09\/700203-Kosmetiktasche-Weltkarte-handgemacht-24x8x8cm-1.png\",\"contentUrl\":\"https:\/\/infomaniak.careista.ch\/wp-content\/uploads\/2025\/09\/700203-Kosmetiktasche-Weltkarte-handgemacht-24x8x8cm-1.png\",\"width\":800,\"height\":800,\"caption\":\"Trousse de toilette avec carte du monde faite \u00e0 la main taille 24x8x8cm vue de c\u00f4t\u00e9\"},{\"@type\":\"BreadcrumbList\",\"@id\":\"https:\/\/infomaniak.careista.ch\/fr\/produkte\/divers-fr\/fait-main-necessaires-fr\/careista-trousse-de-toilette-vert-sauge-rose-faite-main-24x8x8cm-kopie\/#breadcrumb\",\"itemListElement\":[{\"@type\":\"ListItem\",\"position\":1,\"name\":\"Home\",\"item\":\"https:\/\/infomaniak.careista.ch\/fr\/\"},{\"@type\":\"ListItem\",\"position\":2,\"name\":\"Shop\",\"item\":\"https:\/\/infomaniak.careista.ch\/fr\/shop\/\"},{\"@type\":\"ListItem\",\"position\":3,\"name\":\"CAREISTA Pochette Cosm\u00e9tique Carte du Monde faite main 24x8x8cm\"}]},{\"@type\":\"WebSite\",\"@id\":\"https:\/\/infomaniak.careista.ch\/fr\/#website\",\"url\":\"https:\/\/infomaniak.careista.ch\/fr\/\",\"name\":\"CAREISTA\",\"description\":\"Dein pers\u00f6nlicher Pflege-Barista\",\"publisher\":{\"@id\":\"https:\/\/infomaniak.careista.ch\/fr\/#organization\"},\"potentialAction\":[{\"@type\":\"SearchAction\",\"target\":{\"@type\":\"EntryPoint\",\"urlTemplate\":\"https:\/\/infomaniak.careista.ch\/fr\/?s={search_term_string}\"},\"query-input\":{\"@type\":\"PropertyValueSpecification\",\"valueRequired\":true,\"valueName\":\"search_term_string\"}}],\"inLanguage\":\"fr-FR\"},{\"@type\":\"Organization\",\"@id\":\"https:\/\/infomaniak.careista.ch\/fr\/#organization\",\"name\":\"CAREISTA\",\"url\":\"https:\/\/infomaniak.careista.ch\/fr\/\",\"logo\":{\"@type\":\"ImageObject\",\"inLanguage\":\"fr-FR\",\"@id\":\"https:\/\/infomaniak.careista.ch\/fr\/#\/schema\/logo\/image\/\",\"url\":\"https:\/\/infomaniak.careista.ch\/wp-content\/uploads\/2025\/02\/Careista-Logo-S_rgb.svg.svg\",\"contentUrl\":\"https:\/\/infomaniak.careista.ch\/wp-content\/uploads\/2025\/02\/Careista-Logo-S_rgb.svg.svg\",\"caption\":\"CAREISTA\"},\"image\":{\"@id\":\"https:\/\/infomaniak.careista.ch\/fr\/#\/schema\/logo\/image\/\"}}]}<\/script>\n<!-- \/ Yoast SEO plugin. -->","yoast_head_json":{"title":"CAREISTA Pochette Cosm\u00e9tique Carte du Monde faite main 24x8x8cm - CAREISTA","robots":{"index":"noindex","follow":"follow","max-snippet":"max-snippet:-1","max-image-preview":"max-image-preview:large","max-video-preview":"max-video-preview:-1"},"og_locale":"fr_FR","og_type":"article","og_title":"CAREISTA Pochette Cosm\u00e9tique Carte du Monde faite main 24x8x8cm - CAREISTA","og_description":"Pochette \u00e0 maquillage\/ trousse de voyage\/ trousse de toilette pratique CAREISTA by Anita Stolz  Chaque \u00e9tui est fait \u00e0 la main avec beaucoup d'amour  R\u00e9sistant \u00e0 l'eau et lavable  Sujet\/couleurs : avec carte du monde multicolore avec des accents verts, int\u00e9rieur \u00e0 pois jaunes  Dimensions 24 x 8 x 8 cm (largeur x hauteur x profondeur)  Pratique pour les ustensiles de bain les plus importants comme notre edel+white Sonic, le dentifrice ou une cr\u00e8me pour le visage belif. Contenu : 1 trousse de maquillage\/voyage selon description (sans contenu)","og_url":"https:\/\/infomaniak.careista.ch\/fr\/produkte\/divers-fr\/fait-main-necessaires-fr\/careista-trousse-de-toilette-vert-sauge-rose-faite-main-24x8x8cm-kopie\/","og_site_name":"CAREISTA","article_modified_time":"2026-04-04T22:26:11+00:00","og_image":[{"width":800,"height":800,"url":"https:\/\/infomaniak.careista.ch\/wp-content\/uploads\/2025\/09\/700203-Kosmetiktasche-Weltkarte-handgemacht-24x8x8cm-1.png","type":"image\/png"}],"twitter_card":"summary_large_image","twitter_misc":{"Dur\u00e9e de lecture estim\u00e9e":"1 minute"},"schema":{"@context":"https:\/\/schema.org","@graph":[{"@type":"WebPage","@id":"https:\/\/infomaniak.careista.ch\/fr\/produkte\/divers-fr\/fait-main-necessaires-fr\/careista-trousse-de-toilette-vert-sauge-rose-faite-main-24x8x8cm-kopie\/","url":"https:\/\/infomaniak.careista.ch\/fr\/produkte\/divers-fr\/fait-main-necessaires-fr\/careista-trousse-de-toilette-vert-sauge-rose-faite-main-24x8x8cm-kopie\/","name":"CAREISTA Pochette Cosm\u00e9tique Carte du Monde faite main 24x8x8cm - CAREISTA","isPartOf":{"@id":"https:\/\/infomaniak.careista.ch\/fr\/#website"},"primaryImageOfPage":{"@id":"https:\/\/infomaniak.careista.ch\/fr\/produkte\/divers-fr\/fait-main-necessaires-fr\/careista-trousse-de-toilette-vert-sauge-rose-faite-main-24x8x8cm-kopie\/#primaryimage"},"image":{"@id":"https:\/\/infomaniak.careista.ch\/fr\/produkte\/divers-fr\/fait-main-necessaires-fr\/careista-trousse-de-toilette-vert-sauge-rose-faite-main-24x8x8cm-kopie\/#primaryimage"},"thumbnailUrl":"https:\/\/infomaniak.careista.ch\/wp-content\/uploads\/2025\/09\/700203-Kosmetiktasche-Weltkarte-handgemacht-24x8x8cm-1.png","datePublished":"2025-09-11T11:27:47+00:00","dateModified":"2026-04-04T22:26:11+00:00","breadcrumb":{"@id":"https:\/\/infomaniak.careista.ch\/fr\/produkte\/divers-fr\/fait-main-necessaires-fr\/careista-trousse-de-toilette-vert-sauge-rose-faite-main-24x8x8cm-kopie\/#breadcrumb"},"inLanguage":"fr-FR","potentialAction":[{"@type":"ReadAction","target":["https:\/\/infomaniak.careista.ch\/fr\/produkte\/divers-fr\/fait-main-necessaires-fr\/careista-trousse-de-toilette-vert-sauge-rose-faite-main-24x8x8cm-kopie\/"]}]},{"@type":"ImageObject","inLanguage":"fr-FR","@id":"https:\/\/infomaniak.careista.ch\/fr\/produkte\/divers-fr\/fait-main-necessaires-fr\/careista-trousse-de-toilette-vert-sauge-rose-faite-main-24x8x8cm-kopie\/#primaryimage","url":"https:\/\/infomaniak.careista.ch\/wp-content\/uploads\/2025\/09\/700203-Kosmetiktasche-Weltkarte-handgemacht-24x8x8cm-1.png","contentUrl":"https:\/\/infomaniak.careista.ch\/wp-content\/uploads\/2025\/09\/700203-Kosmetiktasche-Weltkarte-handgemacht-24x8x8cm-1.png","width":800,"height":800,"caption":"Trousse de toilette avec carte du monde faite \u00e0 la main taille 24x8x8cm vue de c\u00f4t\u00e9"},{"@type":"BreadcrumbList","@id":"https:\/\/infomaniak.careista.ch\/fr\/produkte\/divers-fr\/fait-main-necessaires-fr\/careista-trousse-de-toilette-vert-sauge-rose-faite-main-24x8x8cm-kopie\/#breadcrumb","itemListElement":[{"@type":"ListItem","position":1,"name":"Home","item":"https:\/\/infomaniak.careista.ch\/fr\/"},{"@type":"ListItem","position":2,"name":"Shop","item":"https:\/\/infomaniak.careista.ch\/fr\/shop\/"},{"@type":"ListItem","position":3,"name":"CAREISTA Pochette Cosm\u00e9tique Carte du Monde faite main 24x8x8cm"}]},{"@type":"WebSite","@id":"https:\/\/infomaniak.careista.ch\/fr\/#website","url":"https:\/\/infomaniak.careista.ch\/fr\/","name":"CAREISTA","description":"Dein pers\u00f6nlicher Pflege-Barista","publisher":{"@id":"https:\/\/infomaniak.careista.ch\/fr\/#organization"},"potentialAction":[{"@type":"SearchAction","target":{"@type":"EntryPoint","urlTemplate":"https:\/\/infomaniak.careista.ch\/fr\/?s={search_term_string}"},"query-input":{"@type":"PropertyValueSpecification","valueRequired":true,"valueName":"search_term_string"}}],"inLanguage":"fr-FR"},{"@type":"Organization","@id":"https:\/\/infomaniak.careista.ch\/fr\/#organization","name":"CAREISTA","url":"https:\/\/infomaniak.careista.ch\/fr\/","logo":{"@type":"ImageObject","inLanguage":"fr-FR","@id":"https:\/\/infomaniak.careista.ch\/fr\/#\/schema\/logo\/image\/","url":"https:\/\/infomaniak.careista.ch\/wp-content\/uploads\/2025\/02\/Careista-Logo-S_rgb.svg.svg","contentUrl":"https:\/\/infomaniak.careista.ch\/wp-content\/uploads\/2025\/02\/Careista-Logo-S_rgb.svg.svg","caption":"CAREISTA"},"image":{"@id":"https:\/\/infomaniak.careista.ch\/fr\/#\/schema\/logo\/image\/"}}]}},"jetpack_sharing_enabled":true,"_links":{"self":[{"href":"https:\/\/infomaniak.careista.ch\/fr\/wp-json\/wp\/v2\/product\/15151","targetHints":{"allow":["GET"]}}],"collection":[{"href":"https:\/\/infomaniak.careista.ch\/fr\/wp-json\/wp\/v2\/product"}],"about":[{"href":"https:\/\/infomaniak.careista.ch\/fr\/wp-json\/wp\/v2\/types\/product"}],"replies":[{"embeddable":true,"href":"https:\/\/infomaniak.careista.ch\/fr\/wp-json\/wp\/v2\/comments?post=15151"}],"version-history":[{"count":0,"href":"https:\/\/infomaniak.careista.ch\/fr\/wp-json\/wp\/v2\/product\/15151\/revisions"}],"wp:featuredmedia":[{"embeddable":true,"href":"https:\/\/infomaniak.careista.ch\/fr\/wp-json\/wp\/v2\/media\/15154"}],"wp:attachment":[{"href":"https:\/\/infomaniak.careista.ch\/fr\/wp-json\/wp\/v2\/media?parent=15151"}],"wp:term":[{"taxonomy":"anwendung-kategorie","embeddable":true,"href":"https:\/\/infomaniak.careista.ch\/fr\/wp-json\/wp\/v2\/anwendung-kategorie?post=15151"},{"taxonomy":"anwendung","embeddable":true,"href":"https:\/\/infomaniak.careista.ch\/fr\/wp-json\/wp\/v2\/anwendung?post=15151"},{"taxonomy":"product_brand","embeddable":true,"href":"https:\/\/infomaniak.careista.ch\/fr\/wp-json\/wp\/v2\/product_brand?post=15151"},{"taxonomy":"product_cat","embeddable":true,"href":"https:\/\/infomaniak.careista.ch\/fr\/wp-json\/wp\/v2\/product_cat?post=15151"},{"taxonomy":"product_tag","embeddable":true,"href":"https:\/\/infomaniak.careista.ch\/fr\/wp-json\/wp\/v2\/product_tag?post=15151"}],"curies":[{"name":"wp","href":"https:\/\/api.w.org\/{rel}","templated":true}]}}