{"id":19680,"date":"2026-01-29T16:49:49","date_gmt":"2026-01-29T14:49:49","guid":{"rendered":"https:\/\/infomaniak.careista.ch\/produkte\/non class\u00e9\/reach-control-medium-brosse-a-dents\/"},"modified":"2026-04-11T07:34:32","modified_gmt":"2026-04-11T05:34:32","slug":"reach-control-medium-brosse-a-dents","status":"publish","type":"product","link":"https:\/\/infomaniak.careista.ch\/fr\/produkte\/soins-buccaux-fr\/brosses-a-dents-fr\/reach-control-medium-brosse-a-dents\/","title":{"rendered":"REACH Control Medium brosse \u00e0 dents"},"content":{"rendered":"","protected":false},"excerpt":{"rendered":"<p><strong>Nettoyage efficace avec un contr\u00f4le maximal<\/strong><br \/>\nLa brosse \u00e0 dents REACH Control Medium s\u00e9duit par son manche coud\u00e9 et son manche ergonomique qui permettent un nettoyage efficace, m\u00eame dans les zones difficiles d&rsquo;acc\u00e8s. Les poils sp\u00e9cialement dispos\u00e9s favorisent l&rsquo;\u00e9limination cibl\u00e9e de la plaque dentaire et garantissent une sensation de propret\u00e9 buccale, jour apr\u00e8s jour. <\/p>\n<ul>\n<li>Col de brosse coud\u00e9 pour un meilleur acc\u00e8s aux surfaces dentaires post\u00e9rieures<\/li>\n<li>Disposition efficace des poils pour une \u00e9limination efficace de la plaque dentaire<\/li>\n<li>Poign\u00e9e ergonomique pour un contr\u00f4le optimal lors du brossage des dents<\/li>\n<li>Doux pour les gencives, efficace sur les surfaces dentaires<\/li>\n<li>Id\u00e9al pour l&rsquo;hygi\u00e8ne dentaire quotidienne<\/li>\n<\/ul>\n<p><em>Contenu : 1 brosse \u00e0 dents REACH Control Medium. Couleurs assorties (non s\u00e9lectionnables). <\/em><\/p>\n","protected":false},"featured_media":19665,"comment_status":"closed","ping_status":"closed","template":"","meta":{"_acf_changed":false},"anwendung-kategorie":[],"anwendung":[],"product_brand":[338],"product_cat":[214,219],"product_tag":[],"class_list":{"0":"post-19680","1":"product","2":"type-product","3":"status-publish","4":"has-post-thumbnail","6":"product_brand-reach-fr","7":"product_cat-soins-buccaux-fr","8":"product_cat-brosses-a-dents-fr","10":"first","11":"instock","12":"sale","13":"taxable","14":"shipping-taxable","15":"purchasable","16":"product-type-simple"},"acf":[],"yoast_head":"<!-- This site is optimized with the Yoast SEO plugin v26.7 - https:\/\/yoast.com\/wordpress\/plugins\/seo\/ -->\n<title>REACH Control Medium brosse \u00e0 dents - CAREISTA<\/title>\n<meta name=\"robots\" content=\"noindex, follow, max-snippet:-1, max-image-preview:large, max-video-preview:-1\" \/>\n<meta property=\"og:locale\" content=\"fr_FR\" \/>\n<meta property=\"og:type\" content=\"article\" \/>\n<meta property=\"og:title\" content=\"REACH Control Medium brosse \u00e0 dents - CAREISTA\" \/>\n<meta property=\"og:description\" content=\"Nettoyage efficace avec un contr\u00f4le maximal La brosse \u00e0 dents REACH Control Medium s\u00e9duit par son manche coud\u00e9 et son manche ergonomique qui permettent un nettoyage efficace, m\u00eame dans les zones difficiles d&#039;acc\u00e8s. Les poils sp\u00e9cialement dispos\u00e9s favorisent l&#039;\u00e9limination cibl\u00e9e de la plaque dentaire et garantissent une sensation de propret\u00e9 buccale, jour apr\u00e8s jour.   Col de brosse coud\u00e9 pour un meilleur acc\u00e8s aux surfaces dentaires post\u00e9rieures  Disposition efficace des poils pour une \u00e9limination efficace de la plaque dentaire  Poign\u00e9e ergonomique pour un contr\u00f4le optimal lors du brossage des dents  Doux pour les gencives, efficace sur les surfaces dentaires  Id\u00e9al pour l&#039;hygi\u00e8ne dentaire quotidienne Contenu : 1 brosse \u00e0 dents REACH Control Medium. Couleurs assorties (non s\u00e9lectionnables).\" \/>\n<meta property=\"og:url\" content=\"https:\/\/infomaniak.careista.ch\/fr\/produkte\/soins-buccaux-fr\/brosses-a-dents-fr\/reach-control-medium-brosse-a-dents\/\" \/>\n<meta property=\"og:site_name\" content=\"CAREISTA\" \/>\n<meta property=\"article:modified_time\" content=\"2026-04-11T05:34:32+00:00\" \/>\n<meta property=\"og:image\" content=\"https:\/\/infomaniak.careista.ch\/wp-content\/uploads\/2026\/01\/18230637_REACH-LIST-TB-CONTROL-MED_800x800.png\" \/>\n\t<meta property=\"og:image:width\" content=\"800\" \/>\n\t<meta property=\"og:image:height\" content=\"800\" \/>\n\t<meta property=\"og:image:type\" content=\"image\/png\" \/>\n<meta name=\"twitter:card\" content=\"summary_large_image\" \/>\n<script type=\"application\/ld+json\" class=\"yoast-schema-graph\">{\"@context\":\"https:\/\/schema.org\",\"@graph\":[{\"@type\":\"WebPage\",\"@id\":\"https:\/\/infomaniak.careista.ch\/fr\/produkte\/soins-buccaux-fr\/brosses-a-dents-fr\/reach-control-medium-brosse-a-dents\/\",\"url\":\"https:\/\/infomaniak.careista.ch\/fr\/produkte\/soins-buccaux-fr\/brosses-a-dents-fr\/reach-control-medium-brosse-a-dents\/\",\"name\":\"REACH Control Medium brosse \u00e0 dents - CAREISTA\",\"isPartOf\":{\"@id\":\"https:\/\/infomaniak.careista.ch\/fr\/#website\"},\"primaryImageOfPage\":{\"@id\":\"https:\/\/infomaniak.careista.ch\/fr\/produkte\/soins-buccaux-fr\/brosses-a-dents-fr\/reach-control-medium-brosse-a-dents\/#primaryimage\"},\"image\":{\"@id\":\"https:\/\/infomaniak.careista.ch\/fr\/produkte\/soins-buccaux-fr\/brosses-a-dents-fr\/reach-control-medium-brosse-a-dents\/#primaryimage\"},\"thumbnailUrl\":\"https:\/\/infomaniak.careista.ch\/wp-content\/uploads\/2026\/01\/18230637_REACH-LIST-TB-CONTROL-MED_800x800.png\",\"datePublished\":\"2026-01-29T14:49:49+00:00\",\"dateModified\":\"2026-04-11T05:34:32+00:00\",\"breadcrumb\":{\"@id\":\"https:\/\/infomaniak.careista.ch\/fr\/produkte\/soins-buccaux-fr\/brosses-a-dents-fr\/reach-control-medium-brosse-a-dents\/#breadcrumb\"},\"inLanguage\":\"fr-FR\",\"potentialAction\":[{\"@type\":\"ReadAction\",\"target\":[\"https:\/\/infomaniak.careista.ch\/fr\/produkte\/soins-buccaux-fr\/brosses-a-dents-fr\/reach-control-medium-brosse-a-dents\/\"]}]},{\"@type\":\"ImageObject\",\"inLanguage\":\"fr-FR\",\"@id\":\"https:\/\/infomaniak.careista.ch\/fr\/produkte\/soins-buccaux-fr\/brosses-a-dents-fr\/reach-control-medium-brosse-a-dents\/#primaryimage\",\"url\":\"https:\/\/infomaniak.careista.ch\/wp-content\/uploads\/2026\/01\/18230637_REACH-LIST-TB-CONTROL-MED_800x800.png\",\"contentUrl\":\"https:\/\/infomaniak.careista.ch\/wp-content\/uploads\/2026\/01\/18230637_REACH-LIST-TB-CONTROL-MED_800x800.png\",\"width\":800,\"height\":800,\"caption\":\"18230637 REACH Listerine toothbrush CONTROL Medium\"},{\"@type\":\"BreadcrumbList\",\"@id\":\"https:\/\/infomaniak.careista.ch\/fr\/produkte\/soins-buccaux-fr\/brosses-a-dents-fr\/reach-control-medium-brosse-a-dents\/#breadcrumb\",\"itemListElement\":[{\"@type\":\"ListItem\",\"position\":1,\"name\":\"Home\",\"item\":\"https:\/\/infomaniak.careista.ch\/fr\/\"},{\"@type\":\"ListItem\",\"position\":2,\"name\":\"Shop\",\"item\":\"https:\/\/infomaniak.careista.ch\/fr\/shop\/\"},{\"@type\":\"ListItem\",\"position\":3,\"name\":\"REACH Control Medium brosse \u00e0 dents\"}]},{\"@type\":\"WebSite\",\"@id\":\"https:\/\/infomaniak.careista.ch\/fr\/#website\",\"url\":\"https:\/\/infomaniak.careista.ch\/fr\/\",\"name\":\"CAREISTA\",\"description\":\"Dein pers\u00f6nlicher Pflege-Barista\",\"publisher\":{\"@id\":\"https:\/\/infomaniak.careista.ch\/fr\/#organization\"},\"potentialAction\":[{\"@type\":\"SearchAction\",\"target\":{\"@type\":\"EntryPoint\",\"urlTemplate\":\"https:\/\/infomaniak.careista.ch\/fr\/?s={search_term_string}\"},\"query-input\":{\"@type\":\"PropertyValueSpecification\",\"valueRequired\":true,\"valueName\":\"search_term_string\"}}],\"inLanguage\":\"fr-FR\"},{\"@type\":\"Organization\",\"@id\":\"https:\/\/infomaniak.careista.ch\/fr\/#organization\",\"name\":\"CAREISTA\",\"url\":\"https:\/\/infomaniak.careista.ch\/fr\/\",\"logo\":{\"@type\":\"ImageObject\",\"inLanguage\":\"fr-FR\",\"@id\":\"https:\/\/infomaniak.careista.ch\/fr\/#\/schema\/logo\/image\/\",\"url\":\"https:\/\/infomaniak.careista.ch\/wp-content\/uploads\/2025\/02\/Careista-Logo-S_rgb.svg.svg\",\"contentUrl\":\"https:\/\/infomaniak.careista.ch\/wp-content\/uploads\/2025\/02\/Careista-Logo-S_rgb.svg.svg\",\"caption\":\"CAREISTA\"},\"image\":{\"@id\":\"https:\/\/infomaniak.careista.ch\/fr\/#\/schema\/logo\/image\/\"}}]}<\/script>\n<!-- \/ Yoast SEO plugin. -->","yoast_head_json":{"title":"REACH Control Medium brosse \u00e0 dents - CAREISTA","robots":{"index":"noindex","follow":"follow","max-snippet":"max-snippet:-1","max-image-preview":"max-image-preview:large","max-video-preview":"max-video-preview:-1"},"og_locale":"fr_FR","og_type":"article","og_title":"REACH Control Medium brosse \u00e0 dents - CAREISTA","og_description":"Nettoyage efficace avec un contr\u00f4le maximal La brosse \u00e0 dents REACH Control Medium s\u00e9duit par son manche coud\u00e9 et son manche ergonomique qui permettent un nettoyage efficace, m\u00eame dans les zones difficiles d'acc\u00e8s. Les poils sp\u00e9cialement dispos\u00e9s favorisent l'\u00e9limination cibl\u00e9e de la plaque dentaire et garantissent une sensation de propret\u00e9 buccale, jour apr\u00e8s jour.   Col de brosse coud\u00e9 pour un meilleur acc\u00e8s aux surfaces dentaires post\u00e9rieures  Disposition efficace des poils pour une \u00e9limination efficace de la plaque dentaire  Poign\u00e9e ergonomique pour un contr\u00f4le optimal lors du brossage des dents  Doux pour les gencives, efficace sur les surfaces dentaires  Id\u00e9al pour l'hygi\u00e8ne dentaire quotidienne Contenu : 1 brosse \u00e0 dents REACH Control Medium. Couleurs assorties (non s\u00e9lectionnables).","og_url":"https:\/\/infomaniak.careista.ch\/fr\/produkte\/soins-buccaux-fr\/brosses-a-dents-fr\/reach-control-medium-brosse-a-dents\/","og_site_name":"CAREISTA","article_modified_time":"2026-04-11T05:34:32+00:00","og_image":[{"width":800,"height":800,"url":"https:\/\/infomaniak.careista.ch\/wp-content\/uploads\/2026\/01\/18230637_REACH-LIST-TB-CONTROL-MED_800x800.png","type":"image\/png"}],"twitter_card":"summary_large_image","schema":{"@context":"https:\/\/schema.org","@graph":[{"@type":"WebPage","@id":"https:\/\/infomaniak.careista.ch\/fr\/produkte\/soins-buccaux-fr\/brosses-a-dents-fr\/reach-control-medium-brosse-a-dents\/","url":"https:\/\/infomaniak.careista.ch\/fr\/produkte\/soins-buccaux-fr\/brosses-a-dents-fr\/reach-control-medium-brosse-a-dents\/","name":"REACH Control Medium brosse \u00e0 dents - CAREISTA","isPartOf":{"@id":"https:\/\/infomaniak.careista.ch\/fr\/#website"},"primaryImageOfPage":{"@id":"https:\/\/infomaniak.careista.ch\/fr\/produkte\/soins-buccaux-fr\/brosses-a-dents-fr\/reach-control-medium-brosse-a-dents\/#primaryimage"},"image":{"@id":"https:\/\/infomaniak.careista.ch\/fr\/produkte\/soins-buccaux-fr\/brosses-a-dents-fr\/reach-control-medium-brosse-a-dents\/#primaryimage"},"thumbnailUrl":"https:\/\/infomaniak.careista.ch\/wp-content\/uploads\/2026\/01\/18230637_REACH-LIST-TB-CONTROL-MED_800x800.png","datePublished":"2026-01-29T14:49:49+00:00","dateModified":"2026-04-11T05:34:32+00:00","breadcrumb":{"@id":"https:\/\/infomaniak.careista.ch\/fr\/produkte\/soins-buccaux-fr\/brosses-a-dents-fr\/reach-control-medium-brosse-a-dents\/#breadcrumb"},"inLanguage":"fr-FR","potentialAction":[{"@type":"ReadAction","target":["https:\/\/infomaniak.careista.ch\/fr\/produkte\/soins-buccaux-fr\/brosses-a-dents-fr\/reach-control-medium-brosse-a-dents\/"]}]},{"@type":"ImageObject","inLanguage":"fr-FR","@id":"https:\/\/infomaniak.careista.ch\/fr\/produkte\/soins-buccaux-fr\/brosses-a-dents-fr\/reach-control-medium-brosse-a-dents\/#primaryimage","url":"https:\/\/infomaniak.careista.ch\/wp-content\/uploads\/2026\/01\/18230637_REACH-LIST-TB-CONTROL-MED_800x800.png","contentUrl":"https:\/\/infomaniak.careista.ch\/wp-content\/uploads\/2026\/01\/18230637_REACH-LIST-TB-CONTROL-MED_800x800.png","width":800,"height":800,"caption":"18230637 REACH Listerine toothbrush CONTROL Medium"},{"@type":"BreadcrumbList","@id":"https:\/\/infomaniak.careista.ch\/fr\/produkte\/soins-buccaux-fr\/brosses-a-dents-fr\/reach-control-medium-brosse-a-dents\/#breadcrumb","itemListElement":[{"@type":"ListItem","position":1,"name":"Home","item":"https:\/\/infomaniak.careista.ch\/fr\/"},{"@type":"ListItem","position":2,"name":"Shop","item":"https:\/\/infomaniak.careista.ch\/fr\/shop\/"},{"@type":"ListItem","position":3,"name":"REACH Control Medium brosse \u00e0 dents"}]},{"@type":"WebSite","@id":"https:\/\/infomaniak.careista.ch\/fr\/#website","url":"https:\/\/infomaniak.careista.ch\/fr\/","name":"CAREISTA","description":"Dein pers\u00f6nlicher Pflege-Barista","publisher":{"@id":"https:\/\/infomaniak.careista.ch\/fr\/#organization"},"potentialAction":[{"@type":"SearchAction","target":{"@type":"EntryPoint","urlTemplate":"https:\/\/infomaniak.careista.ch\/fr\/?s={search_term_string}"},"query-input":{"@type":"PropertyValueSpecification","valueRequired":true,"valueName":"search_term_string"}}],"inLanguage":"fr-FR"},{"@type":"Organization","@id":"https:\/\/infomaniak.careista.ch\/fr\/#organization","name":"CAREISTA","url":"https:\/\/infomaniak.careista.ch\/fr\/","logo":{"@type":"ImageObject","inLanguage":"fr-FR","@id":"https:\/\/infomaniak.careista.ch\/fr\/#\/schema\/logo\/image\/","url":"https:\/\/infomaniak.careista.ch\/wp-content\/uploads\/2025\/02\/Careista-Logo-S_rgb.svg.svg","contentUrl":"https:\/\/infomaniak.careista.ch\/wp-content\/uploads\/2025\/02\/Careista-Logo-S_rgb.svg.svg","caption":"CAREISTA"},"image":{"@id":"https:\/\/infomaniak.careista.ch\/fr\/#\/schema\/logo\/image\/"}}]}},"jetpack_sharing_enabled":true,"_links":{"self":[{"href":"https:\/\/infomaniak.careista.ch\/fr\/wp-json\/wp\/v2\/product\/19680","targetHints":{"allow":["GET"]}}],"collection":[{"href":"https:\/\/infomaniak.careista.ch\/fr\/wp-json\/wp\/v2\/product"}],"about":[{"href":"https:\/\/infomaniak.careista.ch\/fr\/wp-json\/wp\/v2\/types\/product"}],"replies":[{"embeddable":true,"href":"https:\/\/infomaniak.careista.ch\/fr\/wp-json\/wp\/v2\/comments?post=19680"}],"version-history":[{"count":0,"href":"https:\/\/infomaniak.careista.ch\/fr\/wp-json\/wp\/v2\/product\/19680\/revisions"}],"wp:featuredmedia":[{"embeddable":true,"href":"https:\/\/infomaniak.careista.ch\/fr\/wp-json\/wp\/v2\/media\/19665"}],"wp:attachment":[{"href":"https:\/\/infomaniak.careista.ch\/fr\/wp-json\/wp\/v2\/media?parent=19680"}],"wp:term":[{"taxonomy":"anwendung-kategorie","embeddable":true,"href":"https:\/\/infomaniak.careista.ch\/fr\/wp-json\/wp\/v2\/anwendung-kategorie?post=19680"},{"taxonomy":"anwendung","embeddable":true,"href":"https:\/\/infomaniak.careista.ch\/fr\/wp-json\/wp\/v2\/anwendung?post=19680"},{"taxonomy":"product_brand","embeddable":true,"href":"https:\/\/infomaniak.careista.ch\/fr\/wp-json\/wp\/v2\/product_brand?post=19680"},{"taxonomy":"product_cat","embeddable":true,"href":"https:\/\/infomaniak.careista.ch\/fr\/wp-json\/wp\/v2\/product_cat?post=19680"},{"taxonomy":"product_tag","embeddable":true,"href":"https:\/\/infomaniak.careista.ch\/fr\/wp-json\/wp\/v2\/product_tag?post=19680"}],"curies":[{"name":"wp","href":"https:\/\/api.w.org\/{rel}","templated":true}]}}