{"id":9266,"date":"2025-06-03T14:00:00","date_gmt":"2025-06-03T12:00:00","guid":{"rendered":"https:\/\/infomaniak.careista.ch\/produkte\/non%20class\u00e9\/dr-belmeur-clarifying-balancing-water-cream-80ml\/"},"modified":"2026-02-28T15:05:00","modified_gmt":"2026-02-28T14:05:00","slug":"dr-belmeur-clarifying-balancing-water-cream-80ml","status":"publish","type":"product","link":"https:\/\/infomaniak.careista.ch\/fr\/produkte\/soins-de-la-peau-fr\/soins-du-visage-fr\/dr-belmeur-clarifying-balancing-water-cream-80ml\/","title":{"rendered":"Cr\u00e8me \u00e0 l&rsquo;eau clarifiante et \u00e9quilibrante Dr. Belmeur 80ml"},"content":{"rendered":"","protected":false},"excerpt":{"rendered":"<p><strong>Cr\u00e8me hydratante l\u00e9g\u00e8re et rapidement absorb\u00e9e pour renforcer la barri\u00e8re protectrice naturelle de la peau<\/strong><br \/>\nLa Clarifying Balancing Water Cream hydrate la peau et r\u00e9gule l&rsquo;exc\u00e8s de s\u00e9bum pour un teint \u00e9quilibr\u00e9 et frais.<\/p>\n<ul>\n<li>Pour les peaux grasses, sensibles et impures<\/li>\n<li>Sp\u00e9cialement con\u00e7u pour les peaux \u00e0 tendance acn\u00e9ique, peut r\u00e9duire les imperfections de la peau<\/li>\n<li>Hydratant, renfor\u00e7ant la barri\u00e8re cutan\u00e9e et apaisant<\/li>\n<li>Hypoallerg\u00e9nique et doux pour la peau<\/li>\n<li>Formulation sans parfum<\/li>\n<li>Clean Beauty Formula<\/li>\n<li>Test\u00e9 sous contr\u00f4le dermatologique<\/li>\n<\/ul>\n<p><em>Contenu : 1 tube de 80 ml<\/em><\/p>\n","protected":false},"featured_media":10437,"comment_status":"closed","ping_status":"closed","template":"","meta":{"_acf_changed":false},"anwendung-kategorie":[],"anwendung":[323,312,325,314],"product_brand":[335],"product_cat":[211,210],"product_tag":[],"class_list":{"0":"post-9266","1":"product","2":"type-product","3":"status-publish","4":"has-post-thumbnail","6":"anwendung-peau-sensible","7":"anwendung-acne-peau-impure","8":"anwendung-peau-seche","9":"anwendung-peau-grasse","10":"product_brand-dr-belmeur-fr","11":"product_cat-soins-du-visage-fr","12":"product_cat-soins-de-la-peau-fr","14":"first","15":"instock","16":"taxable","17":"shipping-taxable","18":"purchasable","19":"product-type-simple"},"acf":[],"yoast_head":"<!-- This site is optimized with the Yoast SEO plugin v26.7 - https:\/\/yoast.com\/wordpress\/plugins\/seo\/ -->\n<title>Cr\u00e8me \u00e0 l&#039;eau clarifiante et \u00e9quilibrante Dr. Belmeur 80ml - CAREISTA<\/title>\n<meta name=\"robots\" content=\"noindex, follow, max-snippet:-1, max-image-preview:large, max-video-preview:-1\" \/>\n<meta property=\"og:locale\" content=\"fr_FR\" \/>\n<meta property=\"og:type\" content=\"article\" \/>\n<meta property=\"og:title\" content=\"Cr\u00e8me \u00e0 l&#039;eau clarifiante et \u00e9quilibrante Dr. Belmeur 80ml - CAREISTA\" \/>\n<meta property=\"og:description\" content=\"Cr\u00e8me hydratante l\u00e9g\u00e8re et rapidement absorb\u00e9e pour renforcer la barri\u00e8re protectrice naturelle de la peau La Clarifying Balancing Water Cream hydrate la peau et r\u00e9gule l&#039;exc\u00e8s de s\u00e9bum pour un teint \u00e9quilibr\u00e9 et frais.  Pour les peaux grasses, sensibles et impures  Sp\u00e9cialement con\u00e7u pour les peaux \u00e0 tendance acn\u00e9ique, peut r\u00e9duire les imperfections de la peau  Hydratant, renfor\u00e7ant la barri\u00e8re cutan\u00e9e et apaisant  Hypoallerg\u00e9nique et doux pour la peau  Formulation sans parfum  Clean Beauty Formula  Test\u00e9 sous contr\u00f4le dermatologique Contenu : 1 tube de 80 ml\" \/>\n<meta property=\"og:url\" content=\"https:\/\/infomaniak.careista.ch\/fr\/produkte\/soins-de-la-peau-fr\/soins-du-visage-fr\/dr-belmeur-clarifying-balancing-water-cream-80ml\/\" \/>\n<meta property=\"og:site_name\" content=\"CAREISTA\" \/>\n<meta property=\"article:modified_time\" content=\"2026-02-28T14:05:00+00:00\" \/>\n<meta property=\"og:image\" content=\"https:\/\/infomaniak.careista.ch\/wp-content\/uploads\/2025\/06\/53060409-Dr-Belmeur-Clarifying-Balancing-Water-Cream-80ml-800x800px1.jpg\" \/>\n\t<meta property=\"og:image:width\" content=\"800\" \/>\n\t<meta property=\"og:image:height\" content=\"800\" \/>\n\t<meta property=\"og:image:type\" content=\"image\/jpeg\" \/>\n<meta name=\"twitter:card\" content=\"summary_large_image\" \/>\n<script type=\"application\/ld+json\" class=\"yoast-schema-graph\">{\"@context\":\"https:\/\/schema.org\",\"@graph\":[{\"@type\":\"WebPage\",\"@id\":\"https:\/\/infomaniak.careista.ch\/fr\/produkte\/soins-de-la-peau-fr\/soins-du-visage-fr\/dr-belmeur-clarifying-balancing-water-cream-80ml\/\",\"url\":\"https:\/\/infomaniak.careista.ch\/fr\/produkte\/soins-de-la-peau-fr\/soins-du-visage-fr\/dr-belmeur-clarifying-balancing-water-cream-80ml\/\",\"name\":\"Cr\u00e8me \u00e0 l'eau clarifiante et \u00e9quilibrante Dr. Belmeur 80ml - CAREISTA\",\"isPartOf\":{\"@id\":\"https:\/\/infomaniak.careista.ch\/fr\/#website\"},\"primaryImageOfPage\":{\"@id\":\"https:\/\/infomaniak.careista.ch\/fr\/produkte\/soins-de-la-peau-fr\/soins-du-visage-fr\/dr-belmeur-clarifying-balancing-water-cream-80ml\/#primaryimage\"},\"image\":{\"@id\":\"https:\/\/infomaniak.careista.ch\/fr\/produkte\/soins-de-la-peau-fr\/soins-du-visage-fr\/dr-belmeur-clarifying-balancing-water-cream-80ml\/#primaryimage\"},\"thumbnailUrl\":\"https:\/\/infomaniak.careista.ch\/wp-content\/uploads\/2025\/06\/53060409-Dr-Belmeur-Clarifying-Balancing-Water-Cream-80ml-800x800px1.jpg\",\"datePublished\":\"2025-06-03T12:00:00+00:00\",\"dateModified\":\"2026-02-28T14:05:00+00:00\",\"breadcrumb\":{\"@id\":\"https:\/\/infomaniak.careista.ch\/fr\/produkte\/soins-de-la-peau-fr\/soins-du-visage-fr\/dr-belmeur-clarifying-balancing-water-cream-80ml\/#breadcrumb\"},\"inLanguage\":\"fr-FR\",\"potentialAction\":[{\"@type\":\"ReadAction\",\"target\":[\"https:\/\/infomaniak.careista.ch\/fr\/produkte\/soins-de-la-peau-fr\/soins-du-visage-fr\/dr-belmeur-clarifying-balancing-water-cream-80ml\/\"]}]},{\"@type\":\"ImageObject\",\"inLanguage\":\"fr-FR\",\"@id\":\"https:\/\/infomaniak.careista.ch\/fr\/produkte\/soins-de-la-peau-fr\/soins-du-visage-fr\/dr-belmeur-clarifying-balancing-water-cream-80ml\/#primaryimage\",\"url\":\"https:\/\/infomaniak.careista.ch\/wp-content\/uploads\/2025\/06\/53060409-Dr-Belmeur-Clarifying-Balancing-Water-Cream-80ml-800x800px1.jpg\",\"contentUrl\":\"https:\/\/infomaniak.careista.ch\/wp-content\/uploads\/2025\/06\/53060409-Dr-Belmeur-Clarifying-Balancing-Water-Cream-80ml-800x800px1.jpg\",\"width\":800,\"height\":800,\"caption\":\"Dr. Belmeur Balancing Water Cream - cr\u00e8me hydratante l\u00e9g\u00e8re contre les rougeurs &amp; l'exc\u00e8s de s\u00e9bum\"},{\"@type\":\"BreadcrumbList\",\"@id\":\"https:\/\/infomaniak.careista.ch\/fr\/produkte\/soins-de-la-peau-fr\/soins-du-visage-fr\/dr-belmeur-clarifying-balancing-water-cream-80ml\/#breadcrumb\",\"itemListElement\":[{\"@type\":\"ListItem\",\"position\":1,\"name\":\"Home\",\"item\":\"https:\/\/infomaniak.careista.ch\/fr\/\"},{\"@type\":\"ListItem\",\"position\":2,\"name\":\"Shop\",\"item\":\"https:\/\/infomaniak.careista.ch\/fr\/shop\/\"},{\"@type\":\"ListItem\",\"position\":3,\"name\":\"Cr\u00e8me \u00e0 l&rsquo;eau clarifiante et \u00e9quilibrante Dr. Belmeur 80ml\"}]},{\"@type\":\"WebSite\",\"@id\":\"https:\/\/infomaniak.careista.ch\/fr\/#website\",\"url\":\"https:\/\/infomaniak.careista.ch\/fr\/\",\"name\":\"CAREISTA\",\"description\":\"Dein pers\u00f6nlicher Pflege-Barista\",\"publisher\":{\"@id\":\"https:\/\/infomaniak.careista.ch\/fr\/#organization\"},\"potentialAction\":[{\"@type\":\"SearchAction\",\"target\":{\"@type\":\"EntryPoint\",\"urlTemplate\":\"https:\/\/infomaniak.careista.ch\/fr\/?s={search_term_string}\"},\"query-input\":{\"@type\":\"PropertyValueSpecification\",\"valueRequired\":true,\"valueName\":\"search_term_string\"}}],\"inLanguage\":\"fr-FR\"},{\"@type\":\"Organization\",\"@id\":\"https:\/\/infomaniak.careista.ch\/fr\/#organization\",\"name\":\"CAREISTA\",\"url\":\"https:\/\/infomaniak.careista.ch\/fr\/\",\"logo\":{\"@type\":\"ImageObject\",\"inLanguage\":\"fr-FR\",\"@id\":\"https:\/\/infomaniak.careista.ch\/fr\/#\/schema\/logo\/image\/\",\"url\":\"https:\/\/infomaniak.careista.ch\/wp-content\/uploads\/2025\/02\/Careista-Logo-S_rgb.svg.svg\",\"contentUrl\":\"https:\/\/infomaniak.careista.ch\/wp-content\/uploads\/2025\/02\/Careista-Logo-S_rgb.svg.svg\",\"caption\":\"CAREISTA\"},\"image\":{\"@id\":\"https:\/\/infomaniak.careista.ch\/fr\/#\/schema\/logo\/image\/\"}}]}<\/script>\n<!-- \/ Yoast SEO plugin. -->","yoast_head_json":{"title":"Cr\u00e8me \u00e0 l'eau clarifiante et \u00e9quilibrante Dr. Belmeur 80ml - CAREISTA","robots":{"index":"noindex","follow":"follow","max-snippet":"max-snippet:-1","max-image-preview":"max-image-preview:large","max-video-preview":"max-video-preview:-1"},"og_locale":"fr_FR","og_type":"article","og_title":"Cr\u00e8me \u00e0 l'eau clarifiante et \u00e9quilibrante Dr. Belmeur 80ml - CAREISTA","og_description":"Cr\u00e8me hydratante l\u00e9g\u00e8re et rapidement absorb\u00e9e pour renforcer la barri\u00e8re protectrice naturelle de la peau La Clarifying Balancing Water Cream hydrate la peau et r\u00e9gule l'exc\u00e8s de s\u00e9bum pour un teint \u00e9quilibr\u00e9 et frais.  Pour les peaux grasses, sensibles et impures  Sp\u00e9cialement con\u00e7u pour les peaux \u00e0 tendance acn\u00e9ique, peut r\u00e9duire les imperfections de la peau  Hydratant, renfor\u00e7ant la barri\u00e8re cutan\u00e9e et apaisant  Hypoallerg\u00e9nique et doux pour la peau  Formulation sans parfum  Clean Beauty Formula  Test\u00e9 sous contr\u00f4le dermatologique Contenu : 1 tube de 80 ml","og_url":"https:\/\/infomaniak.careista.ch\/fr\/produkte\/soins-de-la-peau-fr\/soins-du-visage-fr\/dr-belmeur-clarifying-balancing-water-cream-80ml\/","og_site_name":"CAREISTA","article_modified_time":"2026-02-28T14:05:00+00:00","og_image":[{"width":800,"height":800,"url":"https:\/\/infomaniak.careista.ch\/wp-content\/uploads\/2025\/06\/53060409-Dr-Belmeur-Clarifying-Balancing-Water-Cream-80ml-800x800px1.jpg","type":"image\/jpeg"}],"twitter_card":"summary_large_image","schema":{"@context":"https:\/\/schema.org","@graph":[{"@type":"WebPage","@id":"https:\/\/infomaniak.careista.ch\/fr\/produkte\/soins-de-la-peau-fr\/soins-du-visage-fr\/dr-belmeur-clarifying-balancing-water-cream-80ml\/","url":"https:\/\/infomaniak.careista.ch\/fr\/produkte\/soins-de-la-peau-fr\/soins-du-visage-fr\/dr-belmeur-clarifying-balancing-water-cream-80ml\/","name":"Cr\u00e8me \u00e0 l'eau clarifiante et \u00e9quilibrante Dr. Belmeur 80ml - CAREISTA","isPartOf":{"@id":"https:\/\/infomaniak.careista.ch\/fr\/#website"},"primaryImageOfPage":{"@id":"https:\/\/infomaniak.careista.ch\/fr\/produkte\/soins-de-la-peau-fr\/soins-du-visage-fr\/dr-belmeur-clarifying-balancing-water-cream-80ml\/#primaryimage"},"image":{"@id":"https:\/\/infomaniak.careista.ch\/fr\/produkte\/soins-de-la-peau-fr\/soins-du-visage-fr\/dr-belmeur-clarifying-balancing-water-cream-80ml\/#primaryimage"},"thumbnailUrl":"https:\/\/infomaniak.careista.ch\/wp-content\/uploads\/2025\/06\/53060409-Dr-Belmeur-Clarifying-Balancing-Water-Cream-80ml-800x800px1.jpg","datePublished":"2025-06-03T12:00:00+00:00","dateModified":"2026-02-28T14:05:00+00:00","breadcrumb":{"@id":"https:\/\/infomaniak.careista.ch\/fr\/produkte\/soins-de-la-peau-fr\/soins-du-visage-fr\/dr-belmeur-clarifying-balancing-water-cream-80ml\/#breadcrumb"},"inLanguage":"fr-FR","potentialAction":[{"@type":"ReadAction","target":["https:\/\/infomaniak.careista.ch\/fr\/produkte\/soins-de-la-peau-fr\/soins-du-visage-fr\/dr-belmeur-clarifying-balancing-water-cream-80ml\/"]}]},{"@type":"ImageObject","inLanguage":"fr-FR","@id":"https:\/\/infomaniak.careista.ch\/fr\/produkte\/soins-de-la-peau-fr\/soins-du-visage-fr\/dr-belmeur-clarifying-balancing-water-cream-80ml\/#primaryimage","url":"https:\/\/infomaniak.careista.ch\/wp-content\/uploads\/2025\/06\/53060409-Dr-Belmeur-Clarifying-Balancing-Water-Cream-80ml-800x800px1.jpg","contentUrl":"https:\/\/infomaniak.careista.ch\/wp-content\/uploads\/2025\/06\/53060409-Dr-Belmeur-Clarifying-Balancing-Water-Cream-80ml-800x800px1.jpg","width":800,"height":800,"caption":"Dr. Belmeur Balancing Water Cream - cr\u00e8me hydratante l\u00e9g\u00e8re contre les rougeurs &amp; l'exc\u00e8s de s\u00e9bum"},{"@type":"BreadcrumbList","@id":"https:\/\/infomaniak.careista.ch\/fr\/produkte\/soins-de-la-peau-fr\/soins-du-visage-fr\/dr-belmeur-clarifying-balancing-water-cream-80ml\/#breadcrumb","itemListElement":[{"@type":"ListItem","position":1,"name":"Home","item":"https:\/\/infomaniak.careista.ch\/fr\/"},{"@type":"ListItem","position":2,"name":"Shop","item":"https:\/\/infomaniak.careista.ch\/fr\/shop\/"},{"@type":"ListItem","position":3,"name":"Cr\u00e8me \u00e0 l&rsquo;eau clarifiante et \u00e9quilibrante Dr. Belmeur 80ml"}]},{"@type":"WebSite","@id":"https:\/\/infomaniak.careista.ch\/fr\/#website","url":"https:\/\/infomaniak.careista.ch\/fr\/","name":"CAREISTA","description":"Dein pers\u00f6nlicher Pflege-Barista","publisher":{"@id":"https:\/\/infomaniak.careista.ch\/fr\/#organization"},"potentialAction":[{"@type":"SearchAction","target":{"@type":"EntryPoint","urlTemplate":"https:\/\/infomaniak.careista.ch\/fr\/?s={search_term_string}"},"query-input":{"@type":"PropertyValueSpecification","valueRequired":true,"valueName":"search_term_string"}}],"inLanguage":"fr-FR"},{"@type":"Organization","@id":"https:\/\/infomaniak.careista.ch\/fr\/#organization","name":"CAREISTA","url":"https:\/\/infomaniak.careista.ch\/fr\/","logo":{"@type":"ImageObject","inLanguage":"fr-FR","@id":"https:\/\/infomaniak.careista.ch\/fr\/#\/schema\/logo\/image\/","url":"https:\/\/infomaniak.careista.ch\/wp-content\/uploads\/2025\/02\/Careista-Logo-S_rgb.svg.svg","contentUrl":"https:\/\/infomaniak.careista.ch\/wp-content\/uploads\/2025\/02\/Careista-Logo-S_rgb.svg.svg","caption":"CAREISTA"},"image":{"@id":"https:\/\/infomaniak.careista.ch\/fr\/#\/schema\/logo\/image\/"}}]}},"jetpack_sharing_enabled":true,"_links":{"self":[{"href":"https:\/\/infomaniak.careista.ch\/fr\/wp-json\/wp\/v2\/product\/9266","targetHints":{"allow":["GET"]}}],"collection":[{"href":"https:\/\/infomaniak.careista.ch\/fr\/wp-json\/wp\/v2\/product"}],"about":[{"href":"https:\/\/infomaniak.careista.ch\/fr\/wp-json\/wp\/v2\/types\/product"}],"replies":[{"embeddable":true,"href":"https:\/\/infomaniak.careista.ch\/fr\/wp-json\/wp\/v2\/comments?post=9266"}],"version-history":[{"count":0,"href":"https:\/\/infomaniak.careista.ch\/fr\/wp-json\/wp\/v2\/product\/9266\/revisions"}],"wp:featuredmedia":[{"embeddable":true,"href":"https:\/\/infomaniak.careista.ch\/fr\/wp-json\/wp\/v2\/media\/10437"}],"wp:attachment":[{"href":"https:\/\/infomaniak.careista.ch\/fr\/wp-json\/wp\/v2\/media?parent=9266"}],"wp:term":[{"taxonomy":"anwendung-kategorie","embeddable":true,"href":"https:\/\/infomaniak.careista.ch\/fr\/wp-json\/wp\/v2\/anwendung-kategorie?post=9266"},{"taxonomy":"anwendung","embeddable":true,"href":"https:\/\/infomaniak.careista.ch\/fr\/wp-json\/wp\/v2\/anwendung?post=9266"},{"taxonomy":"product_brand","embeddable":true,"href":"https:\/\/infomaniak.careista.ch\/fr\/wp-json\/wp\/v2\/product_brand?post=9266"},{"taxonomy":"product_cat","embeddable":true,"href":"https:\/\/infomaniak.careista.ch\/fr\/wp-json\/wp\/v2\/product_cat?post=9266"},{"taxonomy":"product_tag","embeddable":true,"href":"https:\/\/infomaniak.careista.ch\/fr\/wp-json\/wp\/v2\/product_tag?post=9266"}],"curies":[{"name":"wp","href":"https:\/\/api.w.org\/{rel}","templated":true}]}}