{"id":9324,"date":"2025-06-03T14:00:00","date_gmt":"2025-06-03T12:00:00","guid":{"rendered":"https:\/\/infomaniak.careista.ch\/produkte\/non%20class\u00e9\/edelwhite-flosserpik-pro-station-replacement-set\/"},"modified":"2026-04-19T15:07:46","modified_gmt":"2026-04-19T13:07:46","slug":"edelwhite-flosserpik-pro-station-replacement-set","status":"publish","type":"product","link":"https:\/\/infomaniak.careista.ch\/fr\/produkte\/soins-buccaux-fr\/douche-buccale-fr\/edelwhite-flosserpik-pro-station-replacement-set\/","title":{"rendered":"edel+white Flosserpik Pro Station Replacement Set"},"content":{"rendered":"","protected":false},"excerpt":{"rendered":"<p><strong>Embouts de rechange pour le jet dentaire edel+white Flosserpik Pro Station<\/strong><br \/>\n4 embouts sp\u00e9cialis\u00e9s pour un nettoyage cibl\u00e9 et en profondeur. Chacun de ces embouts a \u00e9t\u00e9 con\u00e7u pour une fonction sp\u00e9cifique afin d&rsquo;assurer un nettoyage parfait de toute la bouche \u00e0 chaque utilisation. <br \/>\nRecommand\u00e9 en cas de :<\/p>\n<ul>\n<li>Ponts<\/li>\n<li>Appareils dentaires<\/li>\n<li>Implants<\/li>\n<li>Parodontite<\/li>\n<li>Halitose (mauvaise haleine)<\/li>\n<\/ul>\n<p><em>Contenu : 1x embout jet, 1x embout orthodontique, 1x embout sous-gingival et 1x embout gratte-langue<\/em><\/p>\n","protected":false},"featured_media":6940,"comment_status":"closed","ping_status":"closed","template":"","meta":{"_acf_changed":false},"anwendung-kategorie":[],"anwendung":[317,315,316],"product_brand":[340],"product_cat":[214,217],"product_tag":[],"class_list":{"0":"post-9324","1":"product","2":"type-product","3":"status-publish","4":"has-post-thumbnail","6":"anwendung-des-gencives-saines","7":"anwendung-une-haleine-fraiche","8":"anwendung-pour-entre-les-deux","9":"product_brand-edelwhite-fr","10":"product_cat-soins-buccaux-fr","11":"product_cat-douche-buccale-fr","13":"first","14":"instock","15":"taxable","16":"shipping-taxable","17":"purchasable","18":"product-type-simple"},"acf":[],"yoast_head":"<!-- This site is optimized with the Yoast SEO plugin v26.7 - https:\/\/yoast.com\/wordpress\/plugins\/seo\/ -->\n<title>edel+white Flosserpik Pro Station Replacement Set - CAREISTA<\/title>\n<meta name=\"robots\" content=\"noindex, follow, max-snippet:-1, max-image-preview:large, max-video-preview:-1\" \/>\n<meta property=\"og:locale\" content=\"fr_FR\" \/>\n<meta property=\"og:type\" content=\"article\" \/>\n<meta property=\"og:title\" content=\"edel+white Flosserpik Pro Station Replacement Set - CAREISTA\" \/>\n<meta property=\"og:description\" content=\"Embouts de rechange pour le jet dentaire edel+white Flosserpik Pro Station 4 embouts sp\u00e9cialis\u00e9s pour un nettoyage cibl\u00e9 et en profondeur. Chacun de ces embouts a \u00e9t\u00e9 con\u00e7u pour une fonction sp\u00e9cifique afin d&#039;assurer un nettoyage parfait de toute la bouche \u00e0 chaque utilisation. Recommand\u00e9 en cas de :  Ponts  Appareils dentaires  Implants  Parodontite  Halitose (mauvaise haleine) Contenu : 1x embout jet, 1x embout orthodontique, 1x embout sous-gingival et 1x embout gratte-langue\" \/>\n<meta property=\"og:url\" content=\"https:\/\/infomaniak.careista.ch\/fr\/produkte\/soins-buccaux-fr\/douche-buccale-fr\/edelwhite-flosserpik-pro-station-replacement-set\/\" \/>\n<meta property=\"og:site_name\" content=\"CAREISTA\" \/>\n<meta property=\"article:modified_time\" content=\"2026-04-19T13:07:46+00:00\" \/>\n<meta property=\"og:image\" content=\"https:\/\/infomaniak.careista.ch\/wp-content\/uploads\/2025\/06\/100173-Flosserpik-Pro-Station-Replacement-Set-800x800px1.png\" \/>\n\t<meta property=\"og:image:width\" content=\"800\" \/>\n\t<meta property=\"og:image:height\" content=\"800\" \/>\n\t<meta property=\"og:image:type\" content=\"image\/png\" \/>\n<meta name=\"twitter:card\" content=\"summary_large_image\" \/>\n<script type=\"application\/ld+json\" class=\"yoast-schema-graph\">{\"@context\":\"https:\/\/schema.org\",\"@graph\":[{\"@type\":\"WebPage\",\"@id\":\"https:\/\/infomaniak.careista.ch\/fr\/produkte\/soins-buccaux-fr\/douche-buccale-fr\/edelwhite-flosserpik-pro-station-replacement-set\/\",\"url\":\"https:\/\/infomaniak.careista.ch\/fr\/produkte\/soins-buccaux-fr\/douche-buccale-fr\/edelwhite-flosserpik-pro-station-replacement-set\/\",\"name\":\"edel+white Flosserpik Pro Station Replacement Set - CAREISTA\",\"isPartOf\":{\"@id\":\"https:\/\/infomaniak.careista.ch\/fr\/#website\"},\"primaryImageOfPage\":{\"@id\":\"https:\/\/infomaniak.careista.ch\/fr\/produkte\/soins-buccaux-fr\/douche-buccale-fr\/edelwhite-flosserpik-pro-station-replacement-set\/#primaryimage\"},\"image\":{\"@id\":\"https:\/\/infomaniak.careista.ch\/fr\/produkte\/soins-buccaux-fr\/douche-buccale-fr\/edelwhite-flosserpik-pro-station-replacement-set\/#primaryimage\"},\"thumbnailUrl\":\"https:\/\/infomaniak.careista.ch\/wp-content\/uploads\/2025\/06\/100173-Flosserpik-Pro-Station-Replacement-Set-800x800px1.png\",\"datePublished\":\"2025-06-03T12:00:00+00:00\",\"dateModified\":\"2026-04-19T13:07:46+00:00\",\"breadcrumb\":{\"@id\":\"https:\/\/infomaniak.careista.ch\/fr\/produkte\/soins-buccaux-fr\/douche-buccale-fr\/edelwhite-flosserpik-pro-station-replacement-set\/#breadcrumb\"},\"inLanguage\":\"fr-FR\",\"potentialAction\":[{\"@type\":\"ReadAction\",\"target\":[\"https:\/\/infomaniak.careista.ch\/fr\/produkte\/soins-buccaux-fr\/douche-buccale-fr\/edelwhite-flosserpik-pro-station-replacement-set\/\"]}]},{\"@type\":\"ImageObject\",\"inLanguage\":\"fr-FR\",\"@id\":\"https:\/\/infomaniak.careista.ch\/fr\/produkte\/soins-buccaux-fr\/douche-buccale-fr\/edelwhite-flosserpik-pro-station-replacement-set\/#primaryimage\",\"url\":\"https:\/\/infomaniak.careista.ch\/wp-content\/uploads\/2025\/06\/100173-Flosserpik-Pro-Station-Replacement-Set-800x800px1.png\",\"contentUrl\":\"https:\/\/infomaniak.careista.ch\/wp-content\/uploads\/2025\/06\/100173-Flosserpik-Pro-Station-Replacement-Set-800x800px1.png\",\"width\":800,\"height\":800,\"caption\":\"Ersatz-Aufs\u00e4tze f\u00fcr die edel+white Munddusche Flosserpik Pro Station\"},{\"@type\":\"BreadcrumbList\",\"@id\":\"https:\/\/infomaniak.careista.ch\/fr\/produkte\/soins-buccaux-fr\/douche-buccale-fr\/edelwhite-flosserpik-pro-station-replacement-set\/#breadcrumb\",\"itemListElement\":[{\"@type\":\"ListItem\",\"position\":1,\"name\":\"Home\",\"item\":\"https:\/\/infomaniak.careista.ch\/fr\/\"},{\"@type\":\"ListItem\",\"position\":2,\"name\":\"Shop\",\"item\":\"https:\/\/infomaniak.careista.ch\/fr\/shop\/\"},{\"@type\":\"ListItem\",\"position\":3,\"name\":\"edel+white Flosserpik Pro Station Replacement Set\"}]},{\"@type\":\"WebSite\",\"@id\":\"https:\/\/infomaniak.careista.ch\/fr\/#website\",\"url\":\"https:\/\/infomaniak.careista.ch\/fr\/\",\"name\":\"CAREISTA\",\"description\":\"Dein pers\u00f6nlicher Pflege-Barista\",\"publisher\":{\"@id\":\"https:\/\/infomaniak.careista.ch\/fr\/#organization\"},\"potentialAction\":[{\"@type\":\"SearchAction\",\"target\":{\"@type\":\"EntryPoint\",\"urlTemplate\":\"https:\/\/infomaniak.careista.ch\/fr\/?s={search_term_string}\"},\"query-input\":{\"@type\":\"PropertyValueSpecification\",\"valueRequired\":true,\"valueName\":\"search_term_string\"}}],\"inLanguage\":\"fr-FR\"},{\"@type\":\"Organization\",\"@id\":\"https:\/\/infomaniak.careista.ch\/fr\/#organization\",\"name\":\"CAREISTA\",\"url\":\"https:\/\/infomaniak.careista.ch\/fr\/\",\"logo\":{\"@type\":\"ImageObject\",\"inLanguage\":\"fr-FR\",\"@id\":\"https:\/\/infomaniak.careista.ch\/fr\/#\/schema\/logo\/image\/\",\"url\":\"https:\/\/infomaniak.careista.ch\/wp-content\/uploads\/2025\/02\/Careista-Logo-S_rgb.svg.svg\",\"contentUrl\":\"https:\/\/infomaniak.careista.ch\/wp-content\/uploads\/2025\/02\/Careista-Logo-S_rgb.svg.svg\",\"caption\":\"CAREISTA\"},\"image\":{\"@id\":\"https:\/\/infomaniak.careista.ch\/fr\/#\/schema\/logo\/image\/\"}}]}<\/script>\n<!-- \/ Yoast SEO plugin. -->","yoast_head_json":{"title":"edel+white Flosserpik Pro Station Replacement Set - CAREISTA","robots":{"index":"noindex","follow":"follow","max-snippet":"max-snippet:-1","max-image-preview":"max-image-preview:large","max-video-preview":"max-video-preview:-1"},"og_locale":"fr_FR","og_type":"article","og_title":"edel+white Flosserpik Pro Station Replacement Set - CAREISTA","og_description":"Embouts de rechange pour le jet dentaire edel+white Flosserpik Pro Station 4 embouts sp\u00e9cialis\u00e9s pour un nettoyage cibl\u00e9 et en profondeur. Chacun de ces embouts a \u00e9t\u00e9 con\u00e7u pour une fonction sp\u00e9cifique afin d'assurer un nettoyage parfait de toute la bouche \u00e0 chaque utilisation. Recommand\u00e9 en cas de :  Ponts  Appareils dentaires  Implants  Parodontite  Halitose (mauvaise haleine) Contenu : 1x embout jet, 1x embout orthodontique, 1x embout sous-gingival et 1x embout gratte-langue","og_url":"https:\/\/infomaniak.careista.ch\/fr\/produkte\/soins-buccaux-fr\/douche-buccale-fr\/edelwhite-flosserpik-pro-station-replacement-set\/","og_site_name":"CAREISTA","article_modified_time":"2026-04-19T13:07:46+00:00","og_image":[{"width":800,"height":800,"url":"https:\/\/infomaniak.careista.ch\/wp-content\/uploads\/2025\/06\/100173-Flosserpik-Pro-Station-Replacement-Set-800x800px1.png","type":"image\/png"}],"twitter_card":"summary_large_image","schema":{"@context":"https:\/\/schema.org","@graph":[{"@type":"WebPage","@id":"https:\/\/infomaniak.careista.ch\/fr\/produkte\/soins-buccaux-fr\/douche-buccale-fr\/edelwhite-flosserpik-pro-station-replacement-set\/","url":"https:\/\/infomaniak.careista.ch\/fr\/produkte\/soins-buccaux-fr\/douche-buccale-fr\/edelwhite-flosserpik-pro-station-replacement-set\/","name":"edel+white Flosserpik Pro Station Replacement Set - CAREISTA","isPartOf":{"@id":"https:\/\/infomaniak.careista.ch\/fr\/#website"},"primaryImageOfPage":{"@id":"https:\/\/infomaniak.careista.ch\/fr\/produkte\/soins-buccaux-fr\/douche-buccale-fr\/edelwhite-flosserpik-pro-station-replacement-set\/#primaryimage"},"image":{"@id":"https:\/\/infomaniak.careista.ch\/fr\/produkte\/soins-buccaux-fr\/douche-buccale-fr\/edelwhite-flosserpik-pro-station-replacement-set\/#primaryimage"},"thumbnailUrl":"https:\/\/infomaniak.careista.ch\/wp-content\/uploads\/2025\/06\/100173-Flosserpik-Pro-Station-Replacement-Set-800x800px1.png","datePublished":"2025-06-03T12:00:00+00:00","dateModified":"2026-04-19T13:07:46+00:00","breadcrumb":{"@id":"https:\/\/infomaniak.careista.ch\/fr\/produkte\/soins-buccaux-fr\/douche-buccale-fr\/edelwhite-flosserpik-pro-station-replacement-set\/#breadcrumb"},"inLanguage":"fr-FR","potentialAction":[{"@type":"ReadAction","target":["https:\/\/infomaniak.careista.ch\/fr\/produkte\/soins-buccaux-fr\/douche-buccale-fr\/edelwhite-flosserpik-pro-station-replacement-set\/"]}]},{"@type":"ImageObject","inLanguage":"fr-FR","@id":"https:\/\/infomaniak.careista.ch\/fr\/produkte\/soins-buccaux-fr\/douche-buccale-fr\/edelwhite-flosserpik-pro-station-replacement-set\/#primaryimage","url":"https:\/\/infomaniak.careista.ch\/wp-content\/uploads\/2025\/06\/100173-Flosserpik-Pro-Station-Replacement-Set-800x800px1.png","contentUrl":"https:\/\/infomaniak.careista.ch\/wp-content\/uploads\/2025\/06\/100173-Flosserpik-Pro-Station-Replacement-Set-800x800px1.png","width":800,"height":800,"caption":"Ersatz-Aufs\u00e4tze f\u00fcr die edel+white Munddusche Flosserpik Pro Station"},{"@type":"BreadcrumbList","@id":"https:\/\/infomaniak.careista.ch\/fr\/produkte\/soins-buccaux-fr\/douche-buccale-fr\/edelwhite-flosserpik-pro-station-replacement-set\/#breadcrumb","itemListElement":[{"@type":"ListItem","position":1,"name":"Home","item":"https:\/\/infomaniak.careista.ch\/fr\/"},{"@type":"ListItem","position":2,"name":"Shop","item":"https:\/\/infomaniak.careista.ch\/fr\/shop\/"},{"@type":"ListItem","position":3,"name":"edel+white Flosserpik Pro Station Replacement Set"}]},{"@type":"WebSite","@id":"https:\/\/infomaniak.careista.ch\/fr\/#website","url":"https:\/\/infomaniak.careista.ch\/fr\/","name":"CAREISTA","description":"Dein pers\u00f6nlicher Pflege-Barista","publisher":{"@id":"https:\/\/infomaniak.careista.ch\/fr\/#organization"},"potentialAction":[{"@type":"SearchAction","target":{"@type":"EntryPoint","urlTemplate":"https:\/\/infomaniak.careista.ch\/fr\/?s={search_term_string}"},"query-input":{"@type":"PropertyValueSpecification","valueRequired":true,"valueName":"search_term_string"}}],"inLanguage":"fr-FR"},{"@type":"Organization","@id":"https:\/\/infomaniak.careista.ch\/fr\/#organization","name":"CAREISTA","url":"https:\/\/infomaniak.careista.ch\/fr\/","logo":{"@type":"ImageObject","inLanguage":"fr-FR","@id":"https:\/\/infomaniak.careista.ch\/fr\/#\/schema\/logo\/image\/","url":"https:\/\/infomaniak.careista.ch\/wp-content\/uploads\/2025\/02\/Careista-Logo-S_rgb.svg.svg","contentUrl":"https:\/\/infomaniak.careista.ch\/wp-content\/uploads\/2025\/02\/Careista-Logo-S_rgb.svg.svg","caption":"CAREISTA"},"image":{"@id":"https:\/\/infomaniak.careista.ch\/fr\/#\/schema\/logo\/image\/"}}]}},"jetpack_sharing_enabled":true,"_links":{"self":[{"href":"https:\/\/infomaniak.careista.ch\/fr\/wp-json\/wp\/v2\/product\/9324","targetHints":{"allow":["GET"]}}],"collection":[{"href":"https:\/\/infomaniak.careista.ch\/fr\/wp-json\/wp\/v2\/product"}],"about":[{"href":"https:\/\/infomaniak.careista.ch\/fr\/wp-json\/wp\/v2\/types\/product"}],"replies":[{"embeddable":true,"href":"https:\/\/infomaniak.careista.ch\/fr\/wp-json\/wp\/v2\/comments?post=9324"}],"version-history":[{"count":0,"href":"https:\/\/infomaniak.careista.ch\/fr\/wp-json\/wp\/v2\/product\/9324\/revisions"}],"wp:featuredmedia":[{"embeddable":true,"href":"https:\/\/infomaniak.careista.ch\/fr\/wp-json\/wp\/v2\/media\/6940"}],"wp:attachment":[{"href":"https:\/\/infomaniak.careista.ch\/fr\/wp-json\/wp\/v2\/media?parent=9324"}],"wp:term":[{"taxonomy":"anwendung-kategorie","embeddable":true,"href":"https:\/\/infomaniak.careista.ch\/fr\/wp-json\/wp\/v2\/anwendung-kategorie?post=9324"},{"taxonomy":"anwendung","embeddable":true,"href":"https:\/\/infomaniak.careista.ch\/fr\/wp-json\/wp\/v2\/anwendung?post=9324"},{"taxonomy":"product_brand","embeddable":true,"href":"https:\/\/infomaniak.careista.ch\/fr\/wp-json\/wp\/v2\/product_brand?post=9324"},{"taxonomy":"product_cat","embeddable":true,"href":"https:\/\/infomaniak.careista.ch\/fr\/wp-json\/wp\/v2\/product_cat?post=9324"},{"taxonomy":"product_tag","embeddable":true,"href":"https:\/\/infomaniak.careista.ch\/fr\/wp-json\/wp\/v2\/product_tag?post=9324"}],"curies":[{"name":"wp","href":"https:\/\/api.w.org\/{rel}","templated":true}]}}