{"id":9330,"date":"2025-09-24T14:00:00","date_gmt":"2025-09-24T12:00:00","guid":{"rendered":"https:\/\/infomaniak.careista.ch\/produkte\/non%20class\u00e9\/reach-ultraclean-gentle-gum-care-floss-cannelle-50m\/"},"modified":"2026-04-11T07:37:44","modified_gmt":"2026-04-11T05:37:44","slug":"reach-ultraclean-gentle-gum-care-floss-cannelle-50m","status":"publish","type":"product","link":"https:\/\/infomaniak.careista.ch\/fr\/produkte\/soins-buccaux-fr\/interdentaire-fr\/reach-ultraclean-gentle-gum-care-floss-cannelle-50m\/","title":{"rendered":"REACH Ultraclean Gentle Gum Care Floss Cannelle 45m"},"content":{"rendered":"","protected":false},"excerpt":{"rendered":"<p><strong>Le retour de l&rsquo;original pour les gencives sensibles et les espaces interdentaires larges<\/strong><br \/>\nEnfin de retour en raison d&rsquo;une forte demande : la soie dentaire REACH Ultraclean Gentle Gum Care Soft Woven Floss est un fil dentaire super doux, non cir\u00e9, \u00e0 la texture matelass\u00e9e, qui permet un nettoyage en douceur des espaces interdentaires avec moins d&rsquo;irritation.<\/p>\n<ul>\n<li>Texture douce pour les gencives sensibles<\/li>\n<li>Fil dentaire tiss\u00e9 expansif<\/li>\n<li>Deux brins torsad\u00e9s et color\u00e9s pour \u00e9viter les saignements de gencives et les coupures de doigts<\/li>\n<li>Les fibres s&rsquo;\u00e9tirent pour \u00e9liminer efficacement la plaque dentaire et les r\u00e9sidus alimentaires entre les dents.<\/li>\n<li>Non cir\u00e9<\/li>\n<li>Contient de la vitamine E<\/li>\n<li>Exempt de PFAS<\/li>\n<li>Au go\u00fbt de cannelle<\/li>\n<\/ul>\n<p><em>Contenu : 45 m de fil dentaire non cir\u00e9 dans un distributeur pratique, suffisant pour environ 100 nettoyages.<\/em><\/p>\n","protected":false},"featured_media":15311,"comment_status":"closed","ping_status":"closed","template":"","meta":{"_acf_changed":false},"anwendung-kategorie":[],"anwendung":[317,315,316],"product_brand":[338],"product_cat":[214,216],"product_tag":[],"class_list":{"0":"post-9330","1":"product","2":"type-product","3":"status-publish","4":"has-post-thumbnail","6":"anwendung-des-gencives-saines","7":"anwendung-une-haleine-fraiche","8":"anwendung-pour-entre-les-deux","9":"product_brand-reach-fr","10":"product_cat-soins-buccaux-fr","11":"product_cat-interdentaire-fr","13":"first","14":"instock","15":"featured","16":"taxable","17":"shipping-taxable","18":"purchasable","19":"product-type-simple"},"acf":[],"yoast_head":"<!-- This site is optimized with the Yoast SEO plugin v26.7 - https:\/\/yoast.com\/wordpress\/plugins\/seo\/ -->\n<title>REACH Ultraclean Gentle Gum Care Floss Cannelle 45m - CAREISTA<\/title>\n<meta name=\"robots\" content=\"noindex, follow, max-snippet:-1, max-image-preview:large, max-video-preview:-1\" \/>\n<meta property=\"og:locale\" content=\"fr_FR\" \/>\n<meta property=\"og:type\" content=\"article\" \/>\n<meta property=\"og:title\" content=\"REACH Ultraclean Gentle Gum Care Floss Cannelle 45m - CAREISTA\" \/>\n<meta property=\"og:description\" content=\"Le retour de l&#039;original pour les gencives sensibles et les espaces interdentaires larges Enfin de retour en raison d&#039;une forte demande : la soie dentaire REACH Ultraclean Gentle Gum Care Soft Woven Floss est un fil dentaire super doux, non cir\u00e9, \u00e0 la texture matelass\u00e9e, qui permet un nettoyage en douceur des espaces interdentaires avec moins d&#039;irritation.  Texture douce pour les gencives sensibles  Fil dentaire tiss\u00e9 expansif  Deux brins torsad\u00e9s et color\u00e9s pour \u00e9viter les saignements de gencives et les coupures de doigts  Les fibres s&#039;\u00e9tirent pour \u00e9liminer efficacement la plaque dentaire et les r\u00e9sidus alimentaires entre les dents.  Non cir\u00e9  Contient de la vitamine E  Exempt de PFAS  Au go\u00fbt de cannelle Contenu : 45 m de fil dentaire non cir\u00e9 dans un distributeur pratique, suffisant pour environ 100 nettoyages.\" \/>\n<meta property=\"og:url\" content=\"https:\/\/infomaniak.careista.ch\/fr\/produkte\/soins-buccaux-fr\/interdentaire-fr\/reach-ultraclean-gentle-gum-care-floss-cannelle-50m\/\" \/>\n<meta property=\"og:site_name\" content=\"CAREISTA\" \/>\n<meta property=\"article:modified_time\" content=\"2026-04-11T05:37:44+00:00\" \/>\n<meta property=\"og:image\" content=\"https:\/\/infomaniak.careista.ch\/wp-content\/uploads\/2025\/06\/18230955-REACH-Ultraclean-Gentle-Gum-Care-Floss-Zimt-50m-800x800px1.jpg\" \/>\n\t<meta property=\"og:image:width\" content=\"800\" \/>\n\t<meta property=\"og:image:height\" content=\"800\" \/>\n\t<meta property=\"og:image:type\" content=\"image\/jpeg\" \/>\n<meta name=\"twitter:card\" content=\"summary_large_image\" \/>\n<script type=\"application\/ld+json\" class=\"yoast-schema-graph\">{\"@context\":\"https:\/\/schema.org\",\"@graph\":[{\"@type\":\"WebPage\",\"@id\":\"https:\/\/infomaniak.careista.ch\/fr\/produkte\/soins-buccaux-fr\/interdentaire-fr\/reach-ultraclean-gentle-gum-care-floss-cannelle-50m\/\",\"url\":\"https:\/\/infomaniak.careista.ch\/fr\/produkte\/soins-buccaux-fr\/interdentaire-fr\/reach-ultraclean-gentle-gum-care-floss-cannelle-50m\/\",\"name\":\"REACH Ultraclean Gentle Gum Care Floss Cannelle 45m - CAREISTA\",\"isPartOf\":{\"@id\":\"https:\/\/infomaniak.careista.ch\/fr\/#website\"},\"primaryImageOfPage\":{\"@id\":\"https:\/\/infomaniak.careista.ch\/fr\/produkte\/soins-buccaux-fr\/interdentaire-fr\/reach-ultraclean-gentle-gum-care-floss-cannelle-50m\/#primaryimage\"},\"image\":{\"@id\":\"https:\/\/infomaniak.careista.ch\/fr\/produkte\/soins-buccaux-fr\/interdentaire-fr\/reach-ultraclean-gentle-gum-care-floss-cannelle-50m\/#primaryimage\"},\"thumbnailUrl\":\"https:\/\/infomaniak.careista.ch\/wp-content\/uploads\/2025\/06\/18230955-REACH-Ultraclean-Gentle-Gum-Care-Floss-Zimt-50m-800x800px1.jpg\",\"datePublished\":\"2025-09-24T12:00:00+00:00\",\"dateModified\":\"2026-04-11T05:37:44+00:00\",\"breadcrumb\":{\"@id\":\"https:\/\/infomaniak.careista.ch\/fr\/produkte\/soins-buccaux-fr\/interdentaire-fr\/reach-ultraclean-gentle-gum-care-floss-cannelle-50m\/#breadcrumb\"},\"inLanguage\":\"fr-FR\",\"potentialAction\":[{\"@type\":\"ReadAction\",\"target\":[\"https:\/\/infomaniak.careista.ch\/fr\/produkte\/soins-buccaux-fr\/interdentaire-fr\/reach-ultraclean-gentle-gum-care-floss-cannelle-50m\/\"]}]},{\"@type\":\"ImageObject\",\"inLanguage\":\"fr-FR\",\"@id\":\"https:\/\/infomaniak.careista.ch\/fr\/produkte\/soins-buccaux-fr\/interdentaire-fr\/reach-ultraclean-gentle-gum-care-floss-cannelle-50m\/#primaryimage\",\"url\":\"https:\/\/infomaniak.careista.ch\/wp-content\/uploads\/2025\/06\/18230955-REACH-Ultraclean-Gentle-Gum-Care-Floss-Zimt-50m-800x800px1.jpg\",\"contentUrl\":\"https:\/\/infomaniak.careista.ch\/wp-content\/uploads\/2025\/06\/18230955-REACH-Ultraclean-Gentle-Gum-Care-Floss-Zimt-50m-800x800px1.jpg\",\"width\":800,\"height\":800,\"caption\":\"REACH\u2122 Fil dentaire au go\u00fbt de cannelle et de menthe - 50m de fil dentaire pour \u00e9liminer la plaque dentaire en profondeur. Fil dentaire doux et r\u00e9sistant \u00e0 la d\u00e9chirure pour des gencives saines et des dents propres.\"},{\"@type\":\"BreadcrumbList\",\"@id\":\"https:\/\/infomaniak.careista.ch\/fr\/produkte\/soins-buccaux-fr\/interdentaire-fr\/reach-ultraclean-gentle-gum-care-floss-cannelle-50m\/#breadcrumb\",\"itemListElement\":[{\"@type\":\"ListItem\",\"position\":1,\"name\":\"Home\",\"item\":\"https:\/\/infomaniak.careista.ch\/fr\/\"},{\"@type\":\"ListItem\",\"position\":2,\"name\":\"Shop\",\"item\":\"https:\/\/infomaniak.careista.ch\/fr\/shop\/\"},{\"@type\":\"ListItem\",\"position\":3,\"name\":\"REACH Ultraclean Gentle Gum Care Floss Cannelle 45m\"}]},{\"@type\":\"WebSite\",\"@id\":\"https:\/\/infomaniak.careista.ch\/fr\/#website\",\"url\":\"https:\/\/infomaniak.careista.ch\/fr\/\",\"name\":\"CAREISTA\",\"description\":\"Dein pers\u00f6nlicher Pflege-Barista\",\"publisher\":{\"@id\":\"https:\/\/infomaniak.careista.ch\/fr\/#organization\"},\"potentialAction\":[{\"@type\":\"SearchAction\",\"target\":{\"@type\":\"EntryPoint\",\"urlTemplate\":\"https:\/\/infomaniak.careista.ch\/fr\/?s={search_term_string}\"},\"query-input\":{\"@type\":\"PropertyValueSpecification\",\"valueRequired\":true,\"valueName\":\"search_term_string\"}}],\"inLanguage\":\"fr-FR\"},{\"@type\":\"Organization\",\"@id\":\"https:\/\/infomaniak.careista.ch\/fr\/#organization\",\"name\":\"CAREISTA\",\"url\":\"https:\/\/infomaniak.careista.ch\/fr\/\",\"logo\":{\"@type\":\"ImageObject\",\"inLanguage\":\"fr-FR\",\"@id\":\"https:\/\/infomaniak.careista.ch\/fr\/#\/schema\/logo\/image\/\",\"url\":\"https:\/\/infomaniak.careista.ch\/wp-content\/uploads\/2025\/02\/Careista-Logo-S_rgb.svg.svg\",\"contentUrl\":\"https:\/\/infomaniak.careista.ch\/wp-content\/uploads\/2025\/02\/Careista-Logo-S_rgb.svg.svg\",\"caption\":\"CAREISTA\"},\"image\":{\"@id\":\"https:\/\/infomaniak.careista.ch\/fr\/#\/schema\/logo\/image\/\"}}]}<\/script>\n<!-- \/ Yoast SEO plugin. -->","yoast_head_json":{"title":"REACH Ultraclean Gentle Gum Care Floss Cannelle 45m - CAREISTA","robots":{"index":"noindex","follow":"follow","max-snippet":"max-snippet:-1","max-image-preview":"max-image-preview:large","max-video-preview":"max-video-preview:-1"},"og_locale":"fr_FR","og_type":"article","og_title":"REACH Ultraclean Gentle Gum Care Floss Cannelle 45m - CAREISTA","og_description":"Le retour de l'original pour les gencives sensibles et les espaces interdentaires larges Enfin de retour en raison d'une forte demande : la soie dentaire REACH Ultraclean Gentle Gum Care Soft Woven Floss est un fil dentaire super doux, non cir\u00e9, \u00e0 la texture matelass\u00e9e, qui permet un nettoyage en douceur des espaces interdentaires avec moins d'irritation.  Texture douce pour les gencives sensibles  Fil dentaire tiss\u00e9 expansif  Deux brins torsad\u00e9s et color\u00e9s pour \u00e9viter les saignements de gencives et les coupures de doigts  Les fibres s'\u00e9tirent pour \u00e9liminer efficacement la plaque dentaire et les r\u00e9sidus alimentaires entre les dents.  Non cir\u00e9  Contient de la vitamine E  Exempt de PFAS  Au go\u00fbt de cannelle Contenu : 45 m de fil dentaire non cir\u00e9 dans un distributeur pratique, suffisant pour environ 100 nettoyages.","og_url":"https:\/\/infomaniak.careista.ch\/fr\/produkte\/soins-buccaux-fr\/interdentaire-fr\/reach-ultraclean-gentle-gum-care-floss-cannelle-50m\/","og_site_name":"CAREISTA","article_modified_time":"2026-04-11T05:37:44+00:00","og_image":[{"width":800,"height":800,"url":"https:\/\/infomaniak.careista.ch\/wp-content\/uploads\/2025\/06\/18230955-REACH-Ultraclean-Gentle-Gum-Care-Floss-Zimt-50m-800x800px1.jpg","type":"image\/jpeg"}],"twitter_card":"summary_large_image","schema":{"@context":"https:\/\/schema.org","@graph":[{"@type":"WebPage","@id":"https:\/\/infomaniak.careista.ch\/fr\/produkte\/soins-buccaux-fr\/interdentaire-fr\/reach-ultraclean-gentle-gum-care-floss-cannelle-50m\/","url":"https:\/\/infomaniak.careista.ch\/fr\/produkte\/soins-buccaux-fr\/interdentaire-fr\/reach-ultraclean-gentle-gum-care-floss-cannelle-50m\/","name":"REACH Ultraclean Gentle Gum Care Floss Cannelle 45m - CAREISTA","isPartOf":{"@id":"https:\/\/infomaniak.careista.ch\/fr\/#website"},"primaryImageOfPage":{"@id":"https:\/\/infomaniak.careista.ch\/fr\/produkte\/soins-buccaux-fr\/interdentaire-fr\/reach-ultraclean-gentle-gum-care-floss-cannelle-50m\/#primaryimage"},"image":{"@id":"https:\/\/infomaniak.careista.ch\/fr\/produkte\/soins-buccaux-fr\/interdentaire-fr\/reach-ultraclean-gentle-gum-care-floss-cannelle-50m\/#primaryimage"},"thumbnailUrl":"https:\/\/infomaniak.careista.ch\/wp-content\/uploads\/2025\/06\/18230955-REACH-Ultraclean-Gentle-Gum-Care-Floss-Zimt-50m-800x800px1.jpg","datePublished":"2025-09-24T12:00:00+00:00","dateModified":"2026-04-11T05:37:44+00:00","breadcrumb":{"@id":"https:\/\/infomaniak.careista.ch\/fr\/produkte\/soins-buccaux-fr\/interdentaire-fr\/reach-ultraclean-gentle-gum-care-floss-cannelle-50m\/#breadcrumb"},"inLanguage":"fr-FR","potentialAction":[{"@type":"ReadAction","target":["https:\/\/infomaniak.careista.ch\/fr\/produkte\/soins-buccaux-fr\/interdentaire-fr\/reach-ultraclean-gentle-gum-care-floss-cannelle-50m\/"]}]},{"@type":"ImageObject","inLanguage":"fr-FR","@id":"https:\/\/infomaniak.careista.ch\/fr\/produkte\/soins-buccaux-fr\/interdentaire-fr\/reach-ultraclean-gentle-gum-care-floss-cannelle-50m\/#primaryimage","url":"https:\/\/infomaniak.careista.ch\/wp-content\/uploads\/2025\/06\/18230955-REACH-Ultraclean-Gentle-Gum-Care-Floss-Zimt-50m-800x800px1.jpg","contentUrl":"https:\/\/infomaniak.careista.ch\/wp-content\/uploads\/2025\/06\/18230955-REACH-Ultraclean-Gentle-Gum-Care-Floss-Zimt-50m-800x800px1.jpg","width":800,"height":800,"caption":"REACH\u2122 Fil dentaire au go\u00fbt de cannelle et de menthe - 50m de fil dentaire pour \u00e9liminer la plaque dentaire en profondeur. Fil dentaire doux et r\u00e9sistant \u00e0 la d\u00e9chirure pour des gencives saines et des dents propres."},{"@type":"BreadcrumbList","@id":"https:\/\/infomaniak.careista.ch\/fr\/produkte\/soins-buccaux-fr\/interdentaire-fr\/reach-ultraclean-gentle-gum-care-floss-cannelle-50m\/#breadcrumb","itemListElement":[{"@type":"ListItem","position":1,"name":"Home","item":"https:\/\/infomaniak.careista.ch\/fr\/"},{"@type":"ListItem","position":2,"name":"Shop","item":"https:\/\/infomaniak.careista.ch\/fr\/shop\/"},{"@type":"ListItem","position":3,"name":"REACH Ultraclean Gentle Gum Care Floss Cannelle 45m"}]},{"@type":"WebSite","@id":"https:\/\/infomaniak.careista.ch\/fr\/#website","url":"https:\/\/infomaniak.careista.ch\/fr\/","name":"CAREISTA","description":"Dein pers\u00f6nlicher Pflege-Barista","publisher":{"@id":"https:\/\/infomaniak.careista.ch\/fr\/#organization"},"potentialAction":[{"@type":"SearchAction","target":{"@type":"EntryPoint","urlTemplate":"https:\/\/infomaniak.careista.ch\/fr\/?s={search_term_string}"},"query-input":{"@type":"PropertyValueSpecification","valueRequired":true,"valueName":"search_term_string"}}],"inLanguage":"fr-FR"},{"@type":"Organization","@id":"https:\/\/infomaniak.careista.ch\/fr\/#organization","name":"CAREISTA","url":"https:\/\/infomaniak.careista.ch\/fr\/","logo":{"@type":"ImageObject","inLanguage":"fr-FR","@id":"https:\/\/infomaniak.careista.ch\/fr\/#\/schema\/logo\/image\/","url":"https:\/\/infomaniak.careista.ch\/wp-content\/uploads\/2025\/02\/Careista-Logo-S_rgb.svg.svg","contentUrl":"https:\/\/infomaniak.careista.ch\/wp-content\/uploads\/2025\/02\/Careista-Logo-S_rgb.svg.svg","caption":"CAREISTA"},"image":{"@id":"https:\/\/infomaniak.careista.ch\/fr\/#\/schema\/logo\/image\/"}}]}},"jetpack_sharing_enabled":true,"_links":{"self":[{"href":"https:\/\/infomaniak.careista.ch\/fr\/wp-json\/wp\/v2\/product\/9330","targetHints":{"allow":["GET"]}}],"collection":[{"href":"https:\/\/infomaniak.careista.ch\/fr\/wp-json\/wp\/v2\/product"}],"about":[{"href":"https:\/\/infomaniak.careista.ch\/fr\/wp-json\/wp\/v2\/types\/product"}],"replies":[{"embeddable":true,"href":"https:\/\/infomaniak.careista.ch\/fr\/wp-json\/wp\/v2\/comments?post=9330"}],"version-history":[{"count":0,"href":"https:\/\/infomaniak.careista.ch\/fr\/wp-json\/wp\/v2\/product\/9330\/revisions"}],"wp:featuredmedia":[{"embeddable":true,"href":"https:\/\/infomaniak.careista.ch\/fr\/wp-json\/wp\/v2\/media\/15311"}],"wp:attachment":[{"href":"https:\/\/infomaniak.careista.ch\/fr\/wp-json\/wp\/v2\/media?parent=9330"}],"wp:term":[{"taxonomy":"anwendung-kategorie","embeddable":true,"href":"https:\/\/infomaniak.careista.ch\/fr\/wp-json\/wp\/v2\/anwendung-kategorie?post=9330"},{"taxonomy":"anwendung","embeddable":true,"href":"https:\/\/infomaniak.careista.ch\/fr\/wp-json\/wp\/v2\/anwendung?post=9330"},{"taxonomy":"product_brand","embeddable":true,"href":"https:\/\/infomaniak.careista.ch\/fr\/wp-json\/wp\/v2\/product_brand?post=9330"},{"taxonomy":"product_cat","embeddable":true,"href":"https:\/\/infomaniak.careista.ch\/fr\/wp-json\/wp\/v2\/product_cat?post=9330"},{"taxonomy":"product_tag","embeddable":true,"href":"https:\/\/infomaniak.careista.ch\/fr\/wp-json\/wp\/v2\/product_tag?post=9330"}],"curies":[{"name":"wp","href":"https:\/\/api.w.org\/{rel}","templated":true}]}}