{"id":9340,"date":"2025-09-24T14:00:00","date_gmt":"2025-09-24T12:00:00","guid":{"rendered":"https:\/\/infomaniak.careista.ch\/produkte\/non%20class\u00e9\/reach-pop-cinnamon-floss-50m-cire-cire-cerato\/"},"modified":"2026-04-11T07:35:38","modified_gmt":"2026-04-11T05:35:38","slug":"reach-pop-cinnamon-floss-50m-cire-cire-cerato","status":"publish","type":"product","link":"https:\/\/infomaniak.careista.ch\/fr\/produkte\/soins-buccaux-fr\/interdentaire-fr\/reach-pop-cinnamon-floss-50m-cire-cire-cerato\/","title":{"rendered":"REACH POP CINNAMON Floss 50m cir\u00e9"},"content":{"rendered":"","protected":false},"excerpt":{"rendered":"<p><strong>La nouvelle version POP du fil dentaire REACH \u00e9prouv\u00e9 au go\u00fbt de cannelle<\/strong><br \/>\nNouveau disponible chez REACH\u2122 &#8211; The Original : fil dentaire cir\u00e9 et v\u00e9g\u00e9talien en 3 saveurs et couleurs POP.<\/p>\n<ul>\n<li>384 microfils entrelac\u00e9s pour une durabilit\u00e9 et une r\u00e9sistance \u00e0 la rupture \u00e9lev\u00e9es<\/li>\n<li>Fil dentaire fin recouvert d&rsquo;environ 34% de cire pour glisser en douceur entre les dents<\/li>\n<li>\u00c9limine jusqu&rsquo;\u00e0 61% de plaque en plus que le fil dentaire normal<\/li>\n<li>Durable et \u00e9cologique : emballage 100% rPET &amp; distributeur en plastique recyclable<\/li>\n<li>Distributeur avec cycle d&rsquo;utilisation visible<\/li>\n<li>Avec de la cire v\u00e9g\u00e9talienne<\/li>\n<li>Au go\u00fbt de cannelle<\/li>\n<li>Exempt de PFAS<\/li>\n<\/ul>\n<p><em>Contenu : 50 m de fil dentaire cir\u00e9 dans un distributeur de fil dentaire pratique, suffit pour environ 120 nettoyages.<\/em><\/p>\n","protected":false},"featured_media":12468,"comment_status":"closed","ping_status":"closed","template":"","meta":{"_acf_changed":false},"anwendung-kategorie":[],"anwendung":[317,315,316],"product_brand":[338],"product_cat":[214,216],"product_tag":[],"class_list":{"0":"post-9340","1":"product","2":"type-product","3":"status-publish","4":"has-post-thumbnail","6":"anwendung-des-gencives-saines","7":"anwendung-une-haleine-fraiche","8":"anwendung-pour-entre-les-deux","9":"product_brand-reach-fr","10":"product_cat-soins-buccaux-fr","11":"product_cat-interdentaire-fr","13":"first","14":"instock","15":"taxable","16":"shipping-taxable","17":"purchasable","18":"product-type-simple"},"acf":[],"yoast_head":"<!-- This site is optimized with the Yoast SEO plugin v26.7 - https:\/\/yoast.com\/wordpress\/plugins\/seo\/ -->\n<title>REACH POP CINNAMON Floss 50m cir\u00e9 - CAREISTA<\/title>\n<meta name=\"robots\" content=\"noindex, follow, max-snippet:-1, max-image-preview:large, max-video-preview:-1\" \/>\n<meta property=\"og:locale\" content=\"fr_FR\" \/>\n<meta property=\"og:type\" content=\"article\" \/>\n<meta property=\"og:title\" content=\"REACH POP CINNAMON Floss 50m cir\u00e9 - CAREISTA\" \/>\n<meta property=\"og:description\" content=\"La nouvelle version POP du fil dentaire REACH \u00e9prouv\u00e9 au go\u00fbt de cannelle Nouveau disponible chez REACH\u2122 - The Original : fil dentaire cir\u00e9 et v\u00e9g\u00e9talien en 3 saveurs et couleurs POP.  384 microfils entrelac\u00e9s pour une durabilit\u00e9 et une r\u00e9sistance \u00e0 la rupture \u00e9lev\u00e9es  Fil dentaire fin recouvert d&#039;environ 34% de cire pour glisser en douceur entre les dents  \u00c9limine jusqu&#039;\u00e0 61% de plaque en plus que le fil dentaire normal  Durable et \u00e9cologique : emballage 100% rPET &amp; distributeur en plastique recyclable  Distributeur avec cycle d&#039;utilisation visible  Avec de la cire v\u00e9g\u00e9talienne  Au go\u00fbt de cannelle  Exempt de PFAS Contenu : 50 m de fil dentaire cir\u00e9 dans un distributeur de fil dentaire pratique, suffit pour environ 120 nettoyages.\" \/>\n<meta property=\"og:url\" content=\"https:\/\/infomaniak.careista.ch\/fr\/produkte\/soins-buccaux-fr\/interdentaire-fr\/reach-pop-cinnamon-floss-50m-cire-cire-cerato\/\" \/>\n<meta property=\"og:site_name\" content=\"CAREISTA\" \/>\n<meta property=\"article:modified_time\" content=\"2026-04-11T05:35:38+00:00\" \/>\n<meta property=\"og:image\" content=\"https:\/\/infomaniak.careista.ch\/wp-content\/uploads\/2025\/08\/18230993-REACH-POP-CINNAMON-Floss-50m-gewachstcirecerato-800x800px1.jpg\" \/>\n\t<meta property=\"og:image:width\" content=\"800\" \/>\n\t<meta property=\"og:image:height\" content=\"800\" \/>\n\t<meta property=\"og:image:type\" content=\"image\/jpeg\" \/>\n<meta name=\"twitter:card\" content=\"summary_large_image\" \/>\n<script type=\"application\/ld+json\" class=\"yoast-schema-graph\">{\"@context\":\"https:\/\/schema.org\",\"@graph\":[{\"@type\":\"WebPage\",\"@id\":\"https:\/\/infomaniak.careista.ch\/fr\/produkte\/soins-buccaux-fr\/interdentaire-fr\/reach-pop-cinnamon-floss-50m-cire-cire-cerato\/\",\"url\":\"https:\/\/infomaniak.careista.ch\/fr\/produkte\/soins-buccaux-fr\/interdentaire-fr\/reach-pop-cinnamon-floss-50m-cire-cire-cerato\/\",\"name\":\"REACH POP CINNAMON Floss 50m cir\u00e9 - CAREISTA\",\"isPartOf\":{\"@id\":\"https:\/\/infomaniak.careista.ch\/fr\/#website\"},\"primaryImageOfPage\":{\"@id\":\"https:\/\/infomaniak.careista.ch\/fr\/produkte\/soins-buccaux-fr\/interdentaire-fr\/reach-pop-cinnamon-floss-50m-cire-cire-cerato\/#primaryimage\"},\"image\":{\"@id\":\"https:\/\/infomaniak.careista.ch\/fr\/produkte\/soins-buccaux-fr\/interdentaire-fr\/reach-pop-cinnamon-floss-50m-cire-cire-cerato\/#primaryimage\"},\"thumbnailUrl\":\"https:\/\/infomaniak.careista.ch\/wp-content\/uploads\/2025\/08\/18230993-REACH-POP-CINNAMON-Floss-50m-gewachstcirecerato-800x800px1.jpg\",\"datePublished\":\"2025-09-24T12:00:00+00:00\",\"dateModified\":\"2026-04-11T05:35:38+00:00\",\"breadcrumb\":{\"@id\":\"https:\/\/infomaniak.careista.ch\/fr\/produkte\/soins-buccaux-fr\/interdentaire-fr\/reach-pop-cinnamon-floss-50m-cire-cire-cerato\/#breadcrumb\"},\"inLanguage\":\"fr-FR\",\"potentialAction\":[{\"@type\":\"ReadAction\",\"target\":[\"https:\/\/infomaniak.careista.ch\/fr\/produkte\/soins-buccaux-fr\/interdentaire-fr\/reach-pop-cinnamon-floss-50m-cire-cire-cerato\/\"]}]},{\"@type\":\"ImageObject\",\"inLanguage\":\"fr-FR\",\"@id\":\"https:\/\/infomaniak.careista.ch\/fr\/produkte\/soins-buccaux-fr\/interdentaire-fr\/reach-pop-cinnamon-floss-50m-cire-cire-cerato\/#primaryimage\",\"url\":\"https:\/\/infomaniak.careista.ch\/wp-content\/uploads\/2025\/08\/18230993-REACH-POP-CINNAMON-Floss-50m-gewachstcirecerato-800x800px1.jpg\",\"contentUrl\":\"https:\/\/infomaniak.careista.ch\/wp-content\/uploads\/2025\/08\/18230993-REACH-POP-CINNAMON-Floss-50m-gewachstcirecerato-800x800px1.jpg\",\"width\":800,\"height\":800,\"caption\":\"REACH POP fil dentaire cannelle - fil dentaire v\u00e9g\u00e9talien avec cire &amp; go\u00fbt frais et \u00e9pic\u00e9 de cannelle\"},{\"@type\":\"BreadcrumbList\",\"@id\":\"https:\/\/infomaniak.careista.ch\/fr\/produkte\/soins-buccaux-fr\/interdentaire-fr\/reach-pop-cinnamon-floss-50m-cire-cire-cerato\/#breadcrumb\",\"itemListElement\":[{\"@type\":\"ListItem\",\"position\":1,\"name\":\"Home\",\"item\":\"https:\/\/infomaniak.careista.ch\/fr\/\"},{\"@type\":\"ListItem\",\"position\":2,\"name\":\"Shop\",\"item\":\"https:\/\/infomaniak.careista.ch\/fr\/shop\/\"},{\"@type\":\"ListItem\",\"position\":3,\"name\":\"REACH POP CINNAMON Floss 50m cir\u00e9\"}]},{\"@type\":\"WebSite\",\"@id\":\"https:\/\/infomaniak.careista.ch\/fr\/#website\",\"url\":\"https:\/\/infomaniak.careista.ch\/fr\/\",\"name\":\"CAREISTA\",\"description\":\"Dein pers\u00f6nlicher Pflege-Barista\",\"publisher\":{\"@id\":\"https:\/\/infomaniak.careista.ch\/fr\/#organization\"},\"potentialAction\":[{\"@type\":\"SearchAction\",\"target\":{\"@type\":\"EntryPoint\",\"urlTemplate\":\"https:\/\/infomaniak.careista.ch\/fr\/?s={search_term_string}\"},\"query-input\":{\"@type\":\"PropertyValueSpecification\",\"valueRequired\":true,\"valueName\":\"search_term_string\"}}],\"inLanguage\":\"fr-FR\"},{\"@type\":\"Organization\",\"@id\":\"https:\/\/infomaniak.careista.ch\/fr\/#organization\",\"name\":\"CAREISTA\",\"url\":\"https:\/\/infomaniak.careista.ch\/fr\/\",\"logo\":{\"@type\":\"ImageObject\",\"inLanguage\":\"fr-FR\",\"@id\":\"https:\/\/infomaniak.careista.ch\/fr\/#\/schema\/logo\/image\/\",\"url\":\"https:\/\/infomaniak.careista.ch\/wp-content\/uploads\/2025\/02\/Careista-Logo-S_rgb.svg.svg\",\"contentUrl\":\"https:\/\/infomaniak.careista.ch\/wp-content\/uploads\/2025\/02\/Careista-Logo-S_rgb.svg.svg\",\"caption\":\"CAREISTA\"},\"image\":{\"@id\":\"https:\/\/infomaniak.careista.ch\/fr\/#\/schema\/logo\/image\/\"}}]}<\/script>\n<!-- \/ Yoast SEO plugin. -->","yoast_head_json":{"title":"REACH POP CINNAMON Floss 50m cir\u00e9 - CAREISTA","robots":{"index":"noindex","follow":"follow","max-snippet":"max-snippet:-1","max-image-preview":"max-image-preview:large","max-video-preview":"max-video-preview:-1"},"og_locale":"fr_FR","og_type":"article","og_title":"REACH POP CINNAMON Floss 50m cir\u00e9 - CAREISTA","og_description":"La nouvelle version POP du fil dentaire REACH \u00e9prouv\u00e9 au go\u00fbt de cannelle Nouveau disponible chez REACH\u2122 - The Original : fil dentaire cir\u00e9 et v\u00e9g\u00e9talien en 3 saveurs et couleurs POP.  384 microfils entrelac\u00e9s pour une durabilit\u00e9 et une r\u00e9sistance \u00e0 la rupture \u00e9lev\u00e9es  Fil dentaire fin recouvert d'environ 34% de cire pour glisser en douceur entre les dents  \u00c9limine jusqu'\u00e0 61% de plaque en plus que le fil dentaire normal  Durable et \u00e9cologique : emballage 100% rPET &amp; distributeur en plastique recyclable  Distributeur avec cycle d'utilisation visible  Avec de la cire v\u00e9g\u00e9talienne  Au go\u00fbt de cannelle  Exempt de PFAS Contenu : 50 m de fil dentaire cir\u00e9 dans un distributeur de fil dentaire pratique, suffit pour environ 120 nettoyages.","og_url":"https:\/\/infomaniak.careista.ch\/fr\/produkte\/soins-buccaux-fr\/interdentaire-fr\/reach-pop-cinnamon-floss-50m-cire-cire-cerato\/","og_site_name":"CAREISTA","article_modified_time":"2026-04-11T05:35:38+00:00","og_image":[{"width":800,"height":800,"url":"https:\/\/infomaniak.careista.ch\/wp-content\/uploads\/2025\/08\/18230993-REACH-POP-CINNAMON-Floss-50m-gewachstcirecerato-800x800px1.jpg","type":"image\/jpeg"}],"twitter_card":"summary_large_image","schema":{"@context":"https:\/\/schema.org","@graph":[{"@type":"WebPage","@id":"https:\/\/infomaniak.careista.ch\/fr\/produkte\/soins-buccaux-fr\/interdentaire-fr\/reach-pop-cinnamon-floss-50m-cire-cire-cerato\/","url":"https:\/\/infomaniak.careista.ch\/fr\/produkte\/soins-buccaux-fr\/interdentaire-fr\/reach-pop-cinnamon-floss-50m-cire-cire-cerato\/","name":"REACH POP CINNAMON Floss 50m cir\u00e9 - CAREISTA","isPartOf":{"@id":"https:\/\/infomaniak.careista.ch\/fr\/#website"},"primaryImageOfPage":{"@id":"https:\/\/infomaniak.careista.ch\/fr\/produkte\/soins-buccaux-fr\/interdentaire-fr\/reach-pop-cinnamon-floss-50m-cire-cire-cerato\/#primaryimage"},"image":{"@id":"https:\/\/infomaniak.careista.ch\/fr\/produkte\/soins-buccaux-fr\/interdentaire-fr\/reach-pop-cinnamon-floss-50m-cire-cire-cerato\/#primaryimage"},"thumbnailUrl":"https:\/\/infomaniak.careista.ch\/wp-content\/uploads\/2025\/08\/18230993-REACH-POP-CINNAMON-Floss-50m-gewachstcirecerato-800x800px1.jpg","datePublished":"2025-09-24T12:00:00+00:00","dateModified":"2026-04-11T05:35:38+00:00","breadcrumb":{"@id":"https:\/\/infomaniak.careista.ch\/fr\/produkte\/soins-buccaux-fr\/interdentaire-fr\/reach-pop-cinnamon-floss-50m-cire-cire-cerato\/#breadcrumb"},"inLanguage":"fr-FR","potentialAction":[{"@type":"ReadAction","target":["https:\/\/infomaniak.careista.ch\/fr\/produkte\/soins-buccaux-fr\/interdentaire-fr\/reach-pop-cinnamon-floss-50m-cire-cire-cerato\/"]}]},{"@type":"ImageObject","inLanguage":"fr-FR","@id":"https:\/\/infomaniak.careista.ch\/fr\/produkte\/soins-buccaux-fr\/interdentaire-fr\/reach-pop-cinnamon-floss-50m-cire-cire-cerato\/#primaryimage","url":"https:\/\/infomaniak.careista.ch\/wp-content\/uploads\/2025\/08\/18230993-REACH-POP-CINNAMON-Floss-50m-gewachstcirecerato-800x800px1.jpg","contentUrl":"https:\/\/infomaniak.careista.ch\/wp-content\/uploads\/2025\/08\/18230993-REACH-POP-CINNAMON-Floss-50m-gewachstcirecerato-800x800px1.jpg","width":800,"height":800,"caption":"REACH POP fil dentaire cannelle - fil dentaire v\u00e9g\u00e9talien avec cire &amp; go\u00fbt frais et \u00e9pic\u00e9 de cannelle"},{"@type":"BreadcrumbList","@id":"https:\/\/infomaniak.careista.ch\/fr\/produkte\/soins-buccaux-fr\/interdentaire-fr\/reach-pop-cinnamon-floss-50m-cire-cire-cerato\/#breadcrumb","itemListElement":[{"@type":"ListItem","position":1,"name":"Home","item":"https:\/\/infomaniak.careista.ch\/fr\/"},{"@type":"ListItem","position":2,"name":"Shop","item":"https:\/\/infomaniak.careista.ch\/fr\/shop\/"},{"@type":"ListItem","position":3,"name":"REACH POP CINNAMON Floss 50m cir\u00e9"}]},{"@type":"WebSite","@id":"https:\/\/infomaniak.careista.ch\/fr\/#website","url":"https:\/\/infomaniak.careista.ch\/fr\/","name":"CAREISTA","description":"Dein pers\u00f6nlicher Pflege-Barista","publisher":{"@id":"https:\/\/infomaniak.careista.ch\/fr\/#organization"},"potentialAction":[{"@type":"SearchAction","target":{"@type":"EntryPoint","urlTemplate":"https:\/\/infomaniak.careista.ch\/fr\/?s={search_term_string}"},"query-input":{"@type":"PropertyValueSpecification","valueRequired":true,"valueName":"search_term_string"}}],"inLanguage":"fr-FR"},{"@type":"Organization","@id":"https:\/\/infomaniak.careista.ch\/fr\/#organization","name":"CAREISTA","url":"https:\/\/infomaniak.careista.ch\/fr\/","logo":{"@type":"ImageObject","inLanguage":"fr-FR","@id":"https:\/\/infomaniak.careista.ch\/fr\/#\/schema\/logo\/image\/","url":"https:\/\/infomaniak.careista.ch\/wp-content\/uploads\/2025\/02\/Careista-Logo-S_rgb.svg.svg","contentUrl":"https:\/\/infomaniak.careista.ch\/wp-content\/uploads\/2025\/02\/Careista-Logo-S_rgb.svg.svg","caption":"CAREISTA"},"image":{"@id":"https:\/\/infomaniak.careista.ch\/fr\/#\/schema\/logo\/image\/"}}]}},"jetpack_sharing_enabled":true,"_links":{"self":[{"href":"https:\/\/infomaniak.careista.ch\/fr\/wp-json\/wp\/v2\/product\/9340","targetHints":{"allow":["GET"]}}],"collection":[{"href":"https:\/\/infomaniak.careista.ch\/fr\/wp-json\/wp\/v2\/product"}],"about":[{"href":"https:\/\/infomaniak.careista.ch\/fr\/wp-json\/wp\/v2\/types\/product"}],"replies":[{"embeddable":true,"href":"https:\/\/infomaniak.careista.ch\/fr\/wp-json\/wp\/v2\/comments?post=9340"}],"version-history":[{"count":0,"href":"https:\/\/infomaniak.careista.ch\/fr\/wp-json\/wp\/v2\/product\/9340\/revisions"}],"wp:featuredmedia":[{"embeddable":true,"href":"https:\/\/infomaniak.careista.ch\/fr\/wp-json\/wp\/v2\/media\/12468"}],"wp:attachment":[{"href":"https:\/\/infomaniak.careista.ch\/fr\/wp-json\/wp\/v2\/media?parent=9340"}],"wp:term":[{"taxonomy":"anwendung-kategorie","embeddable":true,"href":"https:\/\/infomaniak.careista.ch\/fr\/wp-json\/wp\/v2\/anwendung-kategorie?post=9340"},{"taxonomy":"anwendung","embeddable":true,"href":"https:\/\/infomaniak.careista.ch\/fr\/wp-json\/wp\/v2\/anwendung?post=9340"},{"taxonomy":"product_brand","embeddable":true,"href":"https:\/\/infomaniak.careista.ch\/fr\/wp-json\/wp\/v2\/product_brand?post=9340"},{"taxonomy":"product_cat","embeddable":true,"href":"https:\/\/infomaniak.careista.ch\/fr\/wp-json\/wp\/v2\/product_cat?post=9340"},{"taxonomy":"product_tag","embeddable":true,"href":"https:\/\/infomaniak.careista.ch\/fr\/wp-json\/wp\/v2\/product_tag?post=9340"}],"curies":[{"name":"wp","href":"https:\/\/api.w.org\/{rel}","templated":true}]}}