{"id":9341,"date":"2025-09-24T14:00:00","date_gmt":"2025-09-24T12:00:00","guid":{"rendered":"https:\/\/infomaniak.careista.ch\/produkte\/non%20class\u00e9\/reach-dental-floss-cleanburst-cannelle-50m-cire-cire-cerato\/"},"modified":"2026-04-14T13:32:54","modified_gmt":"2026-04-14T11:32:54","slug":"reach-dental-floss-cleanburst-cannelle-50m-cire-cire-cerato","status":"publish","type":"product","link":"https:\/\/infomaniak.careista.ch\/fr\/produkte\/soins-buccaux-fr\/interdentaire-fr\/reach-dental-floss-cleanburst-cannelle-50m-cire-cire-cerato\/","title":{"rendered":"REACH Dental Floss Cleanburst cannelle 50m cir\u00e9"},"content":{"rendered":"","protected":false},"excerpt":{"rendered":"<p><strong>Le fil dentaire cir\u00e9 au go\u00fbt de cannelle<\/strong><br \/>\nREACH\u2122 &#8211; The Original &#8211; le fil dentaire cir\u00e9 fait partie des fils dentaires les plus vendus au monde et est d\u00e9sormais disponible en version 50 m au go\u00fbt unique de cannelle.<\/p>\n<ul>\n<li>Rev\u00eatement cir\u00e9 \u00e0 34% : glisse en douceur entre les dents, l\u00e0 o\u00f9 les brosses \u00e0 dents ne peuvent pas aller.<\/li>\n<li>Microfilaments de polypropyl\u00e8ne : permettent de nettoyer m\u00eame les espaces interdentaires \u00e9troits et difficiles d&rsquo;acc\u00e8s<\/li>\n<li>384 fibres entrelac\u00e9es : meilleure r\u00e9sistance \u00e0 la d\u00e9chirure et moins d&rsquo;effilochage<\/li>\n<li>\u00c9limine jusqu&rsquo;\u00e0 61% de plaque en plus que le fil dentaire normal<\/li>\n<li>Au go\u00fbt de cannelle<\/li>\n<li>Exempt de PFAS<\/li>\n<\/ul>\n<p><em>Contenu : 50 m de fil dentaire cir\u00e9 dans un distributeur de fil dentaire pratique, suffit pour environ 120 nettoyages.<\/em><\/p>\n","protected":false},"featured_media":14826,"comment_status":"closed","ping_status":"closed","template":"","meta":{"_acf_changed":false},"anwendung-kategorie":[],"anwendung":[317,315,316],"product_brand":[338],"product_cat":[214,216],"product_tag":[],"class_list":{"0":"post-9341","1":"product","2":"type-product","3":"status-publish","4":"has-post-thumbnail","6":"anwendung-des-gencives-saines","7":"anwendung-une-haleine-fraiche","8":"anwendung-pour-entre-les-deux","9":"product_brand-reach-fr","10":"product_cat-soins-buccaux-fr","11":"product_cat-interdentaire-fr","13":"first","14":"instock","15":"taxable","16":"shipping-taxable","17":"purchasable","18":"product-type-simple"},"acf":[],"yoast_head":"<!-- This site is optimized with the Yoast SEO plugin v26.7 - https:\/\/yoast.com\/wordpress\/plugins\/seo\/ -->\n<title>REACH Dental Floss Cleanburst cannelle 50m cir\u00e9 - CAREISTA<\/title>\n<meta name=\"robots\" content=\"noindex, follow, max-snippet:-1, max-image-preview:large, max-video-preview:-1\" \/>\n<meta property=\"og:locale\" content=\"fr_FR\" \/>\n<meta property=\"og:type\" content=\"article\" \/>\n<meta property=\"og:title\" content=\"REACH Dental Floss Cleanburst cannelle 50m cir\u00e9 - CAREISTA\" \/>\n<meta property=\"og:description\" content=\"Le fil dentaire cir\u00e9 au go\u00fbt de cannelle REACH\u2122 - The Original - le fil dentaire cir\u00e9 fait partie des fils dentaires les plus vendus au monde et est d\u00e9sormais disponible en version 50 m au go\u00fbt unique de cannelle.  Rev\u00eatement cir\u00e9 \u00e0 34% : glisse en douceur entre les dents, l\u00e0 o\u00f9 les brosses \u00e0 dents ne peuvent pas aller.  Microfilaments de polypropyl\u00e8ne : permettent de nettoyer m\u00eame les espaces interdentaires \u00e9troits et difficiles d&#039;acc\u00e8s  384 fibres entrelac\u00e9es : meilleure r\u00e9sistance \u00e0 la d\u00e9chirure et moins d&#039;effilochage  \u00c9limine jusqu&#039;\u00e0 61% de plaque en plus que le fil dentaire normal  Au go\u00fbt de cannelle  Exempt de PFAS Contenu : 50 m de fil dentaire cir\u00e9 dans un distributeur de fil dentaire pratique, suffit pour environ 120 nettoyages.\" \/>\n<meta property=\"og:url\" content=\"https:\/\/infomaniak.careista.ch\/fr\/produkte\/soins-buccaux-fr\/interdentaire-fr\/reach-dental-floss-cleanburst-cannelle-50m-cire-cire-cerato\/\" \/>\n<meta property=\"og:site_name\" content=\"CAREISTA\" \/>\n<meta property=\"article:modified_time\" content=\"2026-04-14T11:32:54+00:00\" \/>\n<meta property=\"og:image\" content=\"https:\/\/infomaniak.careista.ch\/wp-content\/uploads\/2025\/06\/18230572-REACH-Dental-Floss-Cleanburst-Zimt-50m-gewachst-800x800px1.jpg\" \/>\n\t<meta property=\"og:image:width\" content=\"800\" \/>\n\t<meta property=\"og:image:height\" content=\"800\" \/>\n\t<meta property=\"og:image:type\" content=\"image\/jpeg\" \/>\n<meta name=\"twitter:card\" content=\"summary_large_image\" \/>\n<script type=\"application\/ld+json\" class=\"yoast-schema-graph\">{\"@context\":\"https:\/\/schema.org\",\"@graph\":[{\"@type\":\"WebPage\",\"@id\":\"https:\/\/infomaniak.careista.ch\/fr\/produkte\/soins-buccaux-fr\/interdentaire-fr\/reach-dental-floss-cleanburst-cannelle-50m-cire-cire-cerato\/\",\"url\":\"https:\/\/infomaniak.careista.ch\/fr\/produkte\/soins-buccaux-fr\/interdentaire-fr\/reach-dental-floss-cleanburst-cannelle-50m-cire-cire-cerato\/\",\"name\":\"REACH Dental Floss Cleanburst cannelle 50m cir\u00e9 - CAREISTA\",\"isPartOf\":{\"@id\":\"https:\/\/infomaniak.careista.ch\/fr\/#website\"},\"primaryImageOfPage\":{\"@id\":\"https:\/\/infomaniak.careista.ch\/fr\/produkte\/soins-buccaux-fr\/interdentaire-fr\/reach-dental-floss-cleanburst-cannelle-50m-cire-cire-cerato\/#primaryimage\"},\"image\":{\"@id\":\"https:\/\/infomaniak.careista.ch\/fr\/produkte\/soins-buccaux-fr\/interdentaire-fr\/reach-dental-floss-cleanburst-cannelle-50m-cire-cire-cerato\/#primaryimage\"},\"thumbnailUrl\":\"https:\/\/infomaniak.careista.ch\/wp-content\/uploads\/2025\/06\/18230572-REACH-Dental-Floss-Cleanburst-Zimt-50m-gewachst-800x800px1.jpg\",\"datePublished\":\"2025-09-24T12:00:00+00:00\",\"dateModified\":\"2026-04-14T11:32:54+00:00\",\"breadcrumb\":{\"@id\":\"https:\/\/infomaniak.careista.ch\/fr\/produkte\/soins-buccaux-fr\/interdentaire-fr\/reach-dental-floss-cleanburst-cannelle-50m-cire-cire-cerato\/#breadcrumb\"},\"inLanguage\":\"fr-FR\",\"potentialAction\":[{\"@type\":\"ReadAction\",\"target\":[\"https:\/\/infomaniak.careista.ch\/fr\/produkte\/soins-buccaux-fr\/interdentaire-fr\/reach-dental-floss-cleanburst-cannelle-50m-cire-cire-cerato\/\"]}]},{\"@type\":\"ImageObject\",\"inLanguage\":\"fr-FR\",\"@id\":\"https:\/\/infomaniak.careista.ch\/fr\/produkte\/soins-buccaux-fr\/interdentaire-fr\/reach-dental-floss-cleanburst-cannelle-50m-cire-cire-cerato\/#primaryimage\",\"url\":\"https:\/\/infomaniak.careista.ch\/wp-content\/uploads\/2025\/06\/18230572-REACH-Dental-Floss-Cleanburst-Zimt-50m-gewachst-800x800px1.jpg\",\"contentUrl\":\"https:\/\/infomaniak.careista.ch\/wp-content\/uploads\/2025\/06\/18230572-REACH-Dental-Floss-Cleanburst-Zimt-50m-gewachst-800x800px1.jpg\",\"width\":800,\"height\":800,\"caption\":\"REACH\u2122 Fil dentaire cir\u00e9 au go\u00fbt de cannelle - 50m de fil dentaire pour un nettoyage en profondeur &amp; une haleine fra\u00eeche. Fil dentaire doux et r\u00e9sistant \u00e0 la d\u00e9chirure, au go\u00fbt \u00e9pic\u00e9 et frais de cannelle - pour des espaces interdentaires propres et des gencives saines.\"},{\"@type\":\"BreadcrumbList\",\"@id\":\"https:\/\/infomaniak.careista.ch\/fr\/produkte\/soins-buccaux-fr\/interdentaire-fr\/reach-dental-floss-cleanburst-cannelle-50m-cire-cire-cerato\/#breadcrumb\",\"itemListElement\":[{\"@type\":\"ListItem\",\"position\":1,\"name\":\"Home\",\"item\":\"https:\/\/infomaniak.careista.ch\/fr\/\"},{\"@type\":\"ListItem\",\"position\":2,\"name\":\"Shop\",\"item\":\"https:\/\/infomaniak.careista.ch\/fr\/shop\/\"},{\"@type\":\"ListItem\",\"position\":3,\"name\":\"REACH Dental Floss Cleanburst cannelle 50m cir\u00e9\"}]},{\"@type\":\"WebSite\",\"@id\":\"https:\/\/infomaniak.careista.ch\/fr\/#website\",\"url\":\"https:\/\/infomaniak.careista.ch\/fr\/\",\"name\":\"CAREISTA\",\"description\":\"Dein pers\u00f6nlicher Pflege-Barista\",\"publisher\":{\"@id\":\"https:\/\/infomaniak.careista.ch\/fr\/#organization\"},\"potentialAction\":[{\"@type\":\"SearchAction\",\"target\":{\"@type\":\"EntryPoint\",\"urlTemplate\":\"https:\/\/infomaniak.careista.ch\/fr\/?s={search_term_string}\"},\"query-input\":{\"@type\":\"PropertyValueSpecification\",\"valueRequired\":true,\"valueName\":\"search_term_string\"}}],\"inLanguage\":\"fr-FR\"},{\"@type\":\"Organization\",\"@id\":\"https:\/\/infomaniak.careista.ch\/fr\/#organization\",\"name\":\"CAREISTA\",\"url\":\"https:\/\/infomaniak.careista.ch\/fr\/\",\"logo\":{\"@type\":\"ImageObject\",\"inLanguage\":\"fr-FR\",\"@id\":\"https:\/\/infomaniak.careista.ch\/fr\/#\/schema\/logo\/image\/\",\"url\":\"https:\/\/infomaniak.careista.ch\/wp-content\/uploads\/2025\/02\/Careista-Logo-S_rgb.svg.svg\",\"contentUrl\":\"https:\/\/infomaniak.careista.ch\/wp-content\/uploads\/2025\/02\/Careista-Logo-S_rgb.svg.svg\",\"caption\":\"CAREISTA\"},\"image\":{\"@id\":\"https:\/\/infomaniak.careista.ch\/fr\/#\/schema\/logo\/image\/\"}}]}<\/script>\n<!-- \/ Yoast SEO plugin. -->","yoast_head_json":{"title":"REACH Dental Floss Cleanburst cannelle 50m cir\u00e9 - CAREISTA","robots":{"index":"noindex","follow":"follow","max-snippet":"max-snippet:-1","max-image-preview":"max-image-preview:large","max-video-preview":"max-video-preview:-1"},"og_locale":"fr_FR","og_type":"article","og_title":"REACH Dental Floss Cleanburst cannelle 50m cir\u00e9 - CAREISTA","og_description":"Le fil dentaire cir\u00e9 au go\u00fbt de cannelle REACH\u2122 - The Original - le fil dentaire cir\u00e9 fait partie des fils dentaires les plus vendus au monde et est d\u00e9sormais disponible en version 50 m au go\u00fbt unique de cannelle.  Rev\u00eatement cir\u00e9 \u00e0 34% : glisse en douceur entre les dents, l\u00e0 o\u00f9 les brosses \u00e0 dents ne peuvent pas aller.  Microfilaments de polypropyl\u00e8ne : permettent de nettoyer m\u00eame les espaces interdentaires \u00e9troits et difficiles d'acc\u00e8s  384 fibres entrelac\u00e9es : meilleure r\u00e9sistance \u00e0 la d\u00e9chirure et moins d'effilochage  \u00c9limine jusqu'\u00e0 61% de plaque en plus que le fil dentaire normal  Au go\u00fbt de cannelle  Exempt de PFAS Contenu : 50 m de fil dentaire cir\u00e9 dans un distributeur de fil dentaire pratique, suffit pour environ 120 nettoyages.","og_url":"https:\/\/infomaniak.careista.ch\/fr\/produkte\/soins-buccaux-fr\/interdentaire-fr\/reach-dental-floss-cleanburst-cannelle-50m-cire-cire-cerato\/","og_site_name":"CAREISTA","article_modified_time":"2026-04-14T11:32:54+00:00","og_image":[{"width":800,"height":800,"url":"https:\/\/infomaniak.careista.ch\/wp-content\/uploads\/2025\/06\/18230572-REACH-Dental-Floss-Cleanburst-Zimt-50m-gewachst-800x800px1.jpg","type":"image\/jpeg"}],"twitter_card":"summary_large_image","schema":{"@context":"https:\/\/schema.org","@graph":[{"@type":"WebPage","@id":"https:\/\/infomaniak.careista.ch\/fr\/produkte\/soins-buccaux-fr\/interdentaire-fr\/reach-dental-floss-cleanburst-cannelle-50m-cire-cire-cerato\/","url":"https:\/\/infomaniak.careista.ch\/fr\/produkte\/soins-buccaux-fr\/interdentaire-fr\/reach-dental-floss-cleanburst-cannelle-50m-cire-cire-cerato\/","name":"REACH Dental Floss Cleanburst cannelle 50m cir\u00e9 - CAREISTA","isPartOf":{"@id":"https:\/\/infomaniak.careista.ch\/fr\/#website"},"primaryImageOfPage":{"@id":"https:\/\/infomaniak.careista.ch\/fr\/produkte\/soins-buccaux-fr\/interdentaire-fr\/reach-dental-floss-cleanburst-cannelle-50m-cire-cire-cerato\/#primaryimage"},"image":{"@id":"https:\/\/infomaniak.careista.ch\/fr\/produkte\/soins-buccaux-fr\/interdentaire-fr\/reach-dental-floss-cleanburst-cannelle-50m-cire-cire-cerato\/#primaryimage"},"thumbnailUrl":"https:\/\/infomaniak.careista.ch\/wp-content\/uploads\/2025\/06\/18230572-REACH-Dental-Floss-Cleanburst-Zimt-50m-gewachst-800x800px1.jpg","datePublished":"2025-09-24T12:00:00+00:00","dateModified":"2026-04-14T11:32:54+00:00","breadcrumb":{"@id":"https:\/\/infomaniak.careista.ch\/fr\/produkte\/soins-buccaux-fr\/interdentaire-fr\/reach-dental-floss-cleanburst-cannelle-50m-cire-cire-cerato\/#breadcrumb"},"inLanguage":"fr-FR","potentialAction":[{"@type":"ReadAction","target":["https:\/\/infomaniak.careista.ch\/fr\/produkte\/soins-buccaux-fr\/interdentaire-fr\/reach-dental-floss-cleanburst-cannelle-50m-cire-cire-cerato\/"]}]},{"@type":"ImageObject","inLanguage":"fr-FR","@id":"https:\/\/infomaniak.careista.ch\/fr\/produkte\/soins-buccaux-fr\/interdentaire-fr\/reach-dental-floss-cleanburst-cannelle-50m-cire-cire-cerato\/#primaryimage","url":"https:\/\/infomaniak.careista.ch\/wp-content\/uploads\/2025\/06\/18230572-REACH-Dental-Floss-Cleanburst-Zimt-50m-gewachst-800x800px1.jpg","contentUrl":"https:\/\/infomaniak.careista.ch\/wp-content\/uploads\/2025\/06\/18230572-REACH-Dental-Floss-Cleanburst-Zimt-50m-gewachst-800x800px1.jpg","width":800,"height":800,"caption":"REACH\u2122 Fil dentaire cir\u00e9 au go\u00fbt de cannelle - 50m de fil dentaire pour un nettoyage en profondeur &amp; une haleine fra\u00eeche. Fil dentaire doux et r\u00e9sistant \u00e0 la d\u00e9chirure, au go\u00fbt \u00e9pic\u00e9 et frais de cannelle - pour des espaces interdentaires propres et des gencives saines."},{"@type":"BreadcrumbList","@id":"https:\/\/infomaniak.careista.ch\/fr\/produkte\/soins-buccaux-fr\/interdentaire-fr\/reach-dental-floss-cleanburst-cannelle-50m-cire-cire-cerato\/#breadcrumb","itemListElement":[{"@type":"ListItem","position":1,"name":"Home","item":"https:\/\/infomaniak.careista.ch\/fr\/"},{"@type":"ListItem","position":2,"name":"Shop","item":"https:\/\/infomaniak.careista.ch\/fr\/shop\/"},{"@type":"ListItem","position":3,"name":"REACH Dental Floss Cleanburst cannelle 50m cir\u00e9"}]},{"@type":"WebSite","@id":"https:\/\/infomaniak.careista.ch\/fr\/#website","url":"https:\/\/infomaniak.careista.ch\/fr\/","name":"CAREISTA","description":"Dein pers\u00f6nlicher Pflege-Barista","publisher":{"@id":"https:\/\/infomaniak.careista.ch\/fr\/#organization"},"potentialAction":[{"@type":"SearchAction","target":{"@type":"EntryPoint","urlTemplate":"https:\/\/infomaniak.careista.ch\/fr\/?s={search_term_string}"},"query-input":{"@type":"PropertyValueSpecification","valueRequired":true,"valueName":"search_term_string"}}],"inLanguage":"fr-FR"},{"@type":"Organization","@id":"https:\/\/infomaniak.careista.ch\/fr\/#organization","name":"CAREISTA","url":"https:\/\/infomaniak.careista.ch\/fr\/","logo":{"@type":"ImageObject","inLanguage":"fr-FR","@id":"https:\/\/infomaniak.careista.ch\/fr\/#\/schema\/logo\/image\/","url":"https:\/\/infomaniak.careista.ch\/wp-content\/uploads\/2025\/02\/Careista-Logo-S_rgb.svg.svg","contentUrl":"https:\/\/infomaniak.careista.ch\/wp-content\/uploads\/2025\/02\/Careista-Logo-S_rgb.svg.svg","caption":"CAREISTA"},"image":{"@id":"https:\/\/infomaniak.careista.ch\/fr\/#\/schema\/logo\/image\/"}}]}},"jetpack_sharing_enabled":true,"_links":{"self":[{"href":"https:\/\/infomaniak.careista.ch\/fr\/wp-json\/wp\/v2\/product\/9341","targetHints":{"allow":["GET"]}}],"collection":[{"href":"https:\/\/infomaniak.careista.ch\/fr\/wp-json\/wp\/v2\/product"}],"about":[{"href":"https:\/\/infomaniak.careista.ch\/fr\/wp-json\/wp\/v2\/types\/product"}],"replies":[{"embeddable":true,"href":"https:\/\/infomaniak.careista.ch\/fr\/wp-json\/wp\/v2\/comments?post=9341"}],"version-history":[{"count":0,"href":"https:\/\/infomaniak.careista.ch\/fr\/wp-json\/wp\/v2\/product\/9341\/revisions"}],"wp:featuredmedia":[{"embeddable":true,"href":"https:\/\/infomaniak.careista.ch\/fr\/wp-json\/wp\/v2\/media\/14826"}],"wp:attachment":[{"href":"https:\/\/infomaniak.careista.ch\/fr\/wp-json\/wp\/v2\/media?parent=9341"}],"wp:term":[{"taxonomy":"anwendung-kategorie","embeddable":true,"href":"https:\/\/infomaniak.careista.ch\/fr\/wp-json\/wp\/v2\/anwendung-kategorie?post=9341"},{"taxonomy":"anwendung","embeddable":true,"href":"https:\/\/infomaniak.careista.ch\/fr\/wp-json\/wp\/v2\/anwendung?post=9341"},{"taxonomy":"product_brand","embeddable":true,"href":"https:\/\/infomaniak.careista.ch\/fr\/wp-json\/wp\/v2\/product_brand?post=9341"},{"taxonomy":"product_cat","embeddable":true,"href":"https:\/\/infomaniak.careista.ch\/fr\/wp-json\/wp\/v2\/product_cat?post=9341"},{"taxonomy":"product_tag","embeddable":true,"href":"https:\/\/infomaniak.careista.ch\/fr\/wp-json\/wp\/v2\/product_tag?post=9341"}],"curies":[{"name":"wp","href":"https:\/\/api.w.org\/{rel}","templated":true}]}}