{"id":9349,"date":"2025-06-04T13:55:00","date_gmt":"2025-06-04T11:55:00","guid":{"rendered":"https:\/\/infomaniak.careista.ch\/produkte\/non%20class\u00e9\/edelwhite-flosserpik-pro-station-irrigateur-oral\/"},"modified":"2026-04-15T05:31:38","modified_gmt":"2026-04-15T03:31:38","slug":"edelwhite-flosserpik-pro-station-irrigateur-oral","status":"publish","type":"product","link":"https:\/\/infomaniak.careista.ch\/fr\/produkte\/soins-buccaux-fr\/douche-buccale-fr\/edelwhite-flosserpik-pro-station-irrigateur-oral\/","title":{"rendered":"edel+white Flosserpik Pro Station Oral Irrigator douche buccale"},"content":{"rendered":"","protected":false},"excerpt":{"rendered":"<h2><strong>Doux pour les gencives, efficace contre la plaque dentaire<\/strong><\/h2>\n<p>Cette douche buccale puissante et compacte nettoie en profondeur avec un jet d&rsquo;eau, est r\u00e9glable individuellement et est particuli\u00e8rement recommand\u00e9e aux personnes portant des bridges, des appareils dentaires, des implants, souffrant de parodontite ou d&rsquo;halitose (mauvaise haleine).<\/p>\n<ul>\n<li>Quatre embouts sp\u00e9ciaux &#8211; y compris pour les appareils dentaires et les implants <\/li>\n<li>Pression d&rsquo;eau variable et mode de massage pour les gencives<\/li>\n<li>\u00c9limine efficacement la plaque dentaire et r\u00e9duit les saignements des gencives<\/li>\n<li>Compact, puissant et id\u00e9al pour une utilisation quotidienne<\/li>\n<li>Compatible avec les bains de bouche m\u00e9dicaux et rafra\u00eechissants<\/li>\n<\/ul>\n<p><em>Contenu : 1 Flosserpik Pro Station avec r\u00e9servoir d&rsquo;eau, 1x embout jet, 1x embout orthodontique, 1x embout sous-gingival et 1x embout gratte-langue.<\/em><\/p>\n","protected":false},"featured_media":10683,"comment_status":"closed","ping_status":"closed","template":"","meta":{"_acf_changed":false},"anwendung-kategorie":[],"anwendung":[317,315,316],"product_brand":[340],"product_cat":[214,217],"product_tag":[],"class_list":{"0":"post-9349","1":"product","2":"type-product","3":"status-publish","4":"has-post-thumbnail","6":"anwendung-des-gencives-saines","7":"anwendung-une-haleine-fraiche","8":"anwendung-pour-entre-les-deux","9":"product_brand-edelwhite-fr","10":"product_cat-soins-buccaux-fr","11":"product_cat-douche-buccale-fr","13":"first","14":"instock","15":"taxable","16":"shipping-taxable","17":"purchasable","18":"product-type-simple"},"acf":[],"yoast_head":"<!-- This site is optimized with the Yoast SEO plugin v26.7 - https:\/\/yoast.com\/wordpress\/plugins\/seo\/ -->\n<title>edel+white Flosserpik Pro Station Oral Irrigator douche buccale - CAREISTA<\/title>\n<meta name=\"robots\" content=\"noindex, follow, max-snippet:-1, max-image-preview:large, max-video-preview:-1\" \/>\n<meta property=\"og:locale\" content=\"fr_FR\" \/>\n<meta property=\"og:type\" content=\"article\" \/>\n<meta property=\"og:title\" content=\"edel+white Flosserpik Pro Station Oral Irrigator douche buccale - CAREISTA\" \/>\n<meta property=\"og:description\" content=\"Doux pour les gencives, efficace contre la plaque dentaire Cette douche buccale puissante et compacte nettoie en profondeur avec un jet d&#039;eau, est r\u00e9glable individuellement et est particuli\u00e8rement recommand\u00e9e aux personnes portant des bridges, des appareils dentaires, des implants, souffrant de parodontite ou d&#039;halitose (mauvaise haleine).  Quatre embouts sp\u00e9ciaux - y compris pour les appareils dentaires et les implants  Pression d&#039;eau variable et mode de massage pour les gencives  \u00c9limine efficacement la plaque dentaire et r\u00e9duit les saignements des gencives  Compact, puissant et id\u00e9al pour une utilisation quotidienne  Compatible avec les bains de bouche m\u00e9dicaux et rafra\u00eechissants Contenu : 1 Flosserpik Pro Station avec r\u00e9servoir d&#039;eau, 1x embout jet, 1x embout orthodontique, 1x embout sous-gingival et 1x embout gratte-langue.\" \/>\n<meta property=\"og:url\" content=\"https:\/\/infomaniak.careista.ch\/fr\/produkte\/soins-buccaux-fr\/douche-buccale-fr\/edelwhite-flosserpik-pro-station-irrigateur-oral\/\" \/>\n<meta property=\"og:site_name\" content=\"CAREISTA\" \/>\n<meta property=\"article:modified_time\" content=\"2026-04-15T03:31:38+00:00\" \/>\n<meta property=\"og:image\" content=\"https:\/\/infomaniak.careista.ch\/wp-content\/uploads\/2025\/06\/100165-Flosserpik-Pro-Station-Oral-Irrigator-800x800px1.jpg\" \/>\n\t<meta property=\"og:image:width\" content=\"800\" \/>\n\t<meta property=\"og:image:height\" content=\"800\" \/>\n\t<meta property=\"og:image:type\" content=\"image\/jpeg\" \/>\n<meta name=\"twitter:card\" content=\"summary_large_image\" \/>\n<script type=\"application\/ld+json\" class=\"yoast-schema-graph\">{\"@context\":\"https:\/\/schema.org\",\"@graph\":[{\"@type\":\"WebPage\",\"@id\":\"https:\/\/infomaniak.careista.ch\/fr\/produkte\/soins-buccaux-fr\/douche-buccale-fr\/edelwhite-flosserpik-pro-station-irrigateur-oral\/\",\"url\":\"https:\/\/infomaniak.careista.ch\/fr\/produkte\/soins-buccaux-fr\/douche-buccale-fr\/edelwhite-flosserpik-pro-station-irrigateur-oral\/\",\"name\":\"edel+white Flosserpik Pro Station Oral Irrigator douche buccale - CAREISTA\",\"isPartOf\":{\"@id\":\"https:\/\/infomaniak.careista.ch\/fr\/#website\"},\"primaryImageOfPage\":{\"@id\":\"https:\/\/infomaniak.careista.ch\/fr\/produkte\/soins-buccaux-fr\/douche-buccale-fr\/edelwhite-flosserpik-pro-station-irrigateur-oral\/#primaryimage\"},\"image\":{\"@id\":\"https:\/\/infomaniak.careista.ch\/fr\/produkte\/soins-buccaux-fr\/douche-buccale-fr\/edelwhite-flosserpik-pro-station-irrigateur-oral\/#primaryimage\"},\"thumbnailUrl\":\"https:\/\/infomaniak.careista.ch\/wp-content\/uploads\/2025\/06\/100165-Flosserpik-Pro-Station-Oral-Irrigator-800x800px1.jpg\",\"datePublished\":\"2025-06-04T11:55:00+00:00\",\"dateModified\":\"2026-04-15T03:31:38+00:00\",\"breadcrumb\":{\"@id\":\"https:\/\/infomaniak.careista.ch\/fr\/produkte\/soins-buccaux-fr\/douche-buccale-fr\/edelwhite-flosserpik-pro-station-irrigateur-oral\/#breadcrumb\"},\"inLanguage\":\"fr-FR\",\"potentialAction\":[{\"@type\":\"ReadAction\",\"target\":[\"https:\/\/infomaniak.careista.ch\/fr\/produkte\/soins-buccaux-fr\/douche-buccale-fr\/edelwhite-flosserpik-pro-station-irrigateur-oral\/\"]}]},{\"@type\":\"ImageObject\",\"inLanguage\":\"fr-FR\",\"@id\":\"https:\/\/infomaniak.careista.ch\/fr\/produkte\/soins-buccaux-fr\/douche-buccale-fr\/edelwhite-flosserpik-pro-station-irrigateur-oral\/#primaryimage\",\"url\":\"https:\/\/infomaniak.careista.ch\/wp-content\/uploads\/2025\/06\/100165-Flosserpik-Pro-Station-Oral-Irrigator-800x800px1.jpg\",\"contentUrl\":\"https:\/\/infomaniak.careista.ch\/wp-content\/uploads\/2025\/06\/100165-Flosserpik-Pro-Station-Oral-Irrigator-800x800px1.jpg\",\"width\":800,\"height\":800,\"caption\":\"Douche buccale Flosserpik Pro Station - nettoyage en profondeur de la plaque dentaire, des appareils dentaires et des implants\"},{\"@type\":\"BreadcrumbList\",\"@id\":\"https:\/\/infomaniak.careista.ch\/fr\/produkte\/soins-buccaux-fr\/douche-buccale-fr\/edelwhite-flosserpik-pro-station-irrigateur-oral\/#breadcrumb\",\"itemListElement\":[{\"@type\":\"ListItem\",\"position\":1,\"name\":\"Home\",\"item\":\"https:\/\/infomaniak.careista.ch\/fr\/\"},{\"@type\":\"ListItem\",\"position\":2,\"name\":\"Shop\",\"item\":\"https:\/\/infomaniak.careista.ch\/fr\/shop\/\"},{\"@type\":\"ListItem\",\"position\":3,\"name\":\"edel+white Flosserpik Pro Station Oral Irrigator douche buccale\"}]},{\"@type\":\"WebSite\",\"@id\":\"https:\/\/infomaniak.careista.ch\/fr\/#website\",\"url\":\"https:\/\/infomaniak.careista.ch\/fr\/\",\"name\":\"CAREISTA\",\"description\":\"Dein pers\u00f6nlicher Pflege-Barista\",\"publisher\":{\"@id\":\"https:\/\/infomaniak.careista.ch\/fr\/#organization\"},\"potentialAction\":[{\"@type\":\"SearchAction\",\"target\":{\"@type\":\"EntryPoint\",\"urlTemplate\":\"https:\/\/infomaniak.careista.ch\/fr\/?s={search_term_string}\"},\"query-input\":{\"@type\":\"PropertyValueSpecification\",\"valueRequired\":true,\"valueName\":\"search_term_string\"}}],\"inLanguage\":\"fr-FR\"},{\"@type\":\"Organization\",\"@id\":\"https:\/\/infomaniak.careista.ch\/fr\/#organization\",\"name\":\"CAREISTA\",\"url\":\"https:\/\/infomaniak.careista.ch\/fr\/\",\"logo\":{\"@type\":\"ImageObject\",\"inLanguage\":\"fr-FR\",\"@id\":\"https:\/\/infomaniak.careista.ch\/fr\/#\/schema\/logo\/image\/\",\"url\":\"https:\/\/infomaniak.careista.ch\/wp-content\/uploads\/2025\/02\/Careista-Logo-S_rgb.svg.svg\",\"contentUrl\":\"https:\/\/infomaniak.careista.ch\/wp-content\/uploads\/2025\/02\/Careista-Logo-S_rgb.svg.svg\",\"caption\":\"CAREISTA\"},\"image\":{\"@id\":\"https:\/\/infomaniak.careista.ch\/fr\/#\/schema\/logo\/image\/\"}}]}<\/script>\n<!-- \/ Yoast SEO plugin. -->","yoast_head_json":{"title":"edel+white Flosserpik Pro Station Oral Irrigator douche buccale - CAREISTA","robots":{"index":"noindex","follow":"follow","max-snippet":"max-snippet:-1","max-image-preview":"max-image-preview:large","max-video-preview":"max-video-preview:-1"},"og_locale":"fr_FR","og_type":"article","og_title":"edel+white Flosserpik Pro Station Oral Irrigator douche buccale - CAREISTA","og_description":"Doux pour les gencives, efficace contre la plaque dentaire Cette douche buccale puissante et compacte nettoie en profondeur avec un jet d'eau, est r\u00e9glable individuellement et est particuli\u00e8rement recommand\u00e9e aux personnes portant des bridges, des appareils dentaires, des implants, souffrant de parodontite ou d'halitose (mauvaise haleine).  Quatre embouts sp\u00e9ciaux - y compris pour les appareils dentaires et les implants  Pression d'eau variable et mode de massage pour les gencives  \u00c9limine efficacement la plaque dentaire et r\u00e9duit les saignements des gencives  Compact, puissant et id\u00e9al pour une utilisation quotidienne  Compatible avec les bains de bouche m\u00e9dicaux et rafra\u00eechissants Contenu : 1 Flosserpik Pro Station avec r\u00e9servoir d'eau, 1x embout jet, 1x embout orthodontique, 1x embout sous-gingival et 1x embout gratte-langue.","og_url":"https:\/\/infomaniak.careista.ch\/fr\/produkte\/soins-buccaux-fr\/douche-buccale-fr\/edelwhite-flosserpik-pro-station-irrigateur-oral\/","og_site_name":"CAREISTA","article_modified_time":"2026-04-15T03:31:38+00:00","og_image":[{"width":800,"height":800,"url":"https:\/\/infomaniak.careista.ch\/wp-content\/uploads\/2025\/06\/100165-Flosserpik-Pro-Station-Oral-Irrigator-800x800px1.jpg","type":"image\/jpeg"}],"twitter_card":"summary_large_image","schema":{"@context":"https:\/\/schema.org","@graph":[{"@type":"WebPage","@id":"https:\/\/infomaniak.careista.ch\/fr\/produkte\/soins-buccaux-fr\/douche-buccale-fr\/edelwhite-flosserpik-pro-station-irrigateur-oral\/","url":"https:\/\/infomaniak.careista.ch\/fr\/produkte\/soins-buccaux-fr\/douche-buccale-fr\/edelwhite-flosserpik-pro-station-irrigateur-oral\/","name":"edel+white Flosserpik Pro Station Oral Irrigator douche buccale - CAREISTA","isPartOf":{"@id":"https:\/\/infomaniak.careista.ch\/fr\/#website"},"primaryImageOfPage":{"@id":"https:\/\/infomaniak.careista.ch\/fr\/produkte\/soins-buccaux-fr\/douche-buccale-fr\/edelwhite-flosserpik-pro-station-irrigateur-oral\/#primaryimage"},"image":{"@id":"https:\/\/infomaniak.careista.ch\/fr\/produkte\/soins-buccaux-fr\/douche-buccale-fr\/edelwhite-flosserpik-pro-station-irrigateur-oral\/#primaryimage"},"thumbnailUrl":"https:\/\/infomaniak.careista.ch\/wp-content\/uploads\/2025\/06\/100165-Flosserpik-Pro-Station-Oral-Irrigator-800x800px1.jpg","datePublished":"2025-06-04T11:55:00+00:00","dateModified":"2026-04-15T03:31:38+00:00","breadcrumb":{"@id":"https:\/\/infomaniak.careista.ch\/fr\/produkte\/soins-buccaux-fr\/douche-buccale-fr\/edelwhite-flosserpik-pro-station-irrigateur-oral\/#breadcrumb"},"inLanguage":"fr-FR","potentialAction":[{"@type":"ReadAction","target":["https:\/\/infomaniak.careista.ch\/fr\/produkte\/soins-buccaux-fr\/douche-buccale-fr\/edelwhite-flosserpik-pro-station-irrigateur-oral\/"]}]},{"@type":"ImageObject","inLanguage":"fr-FR","@id":"https:\/\/infomaniak.careista.ch\/fr\/produkte\/soins-buccaux-fr\/douche-buccale-fr\/edelwhite-flosserpik-pro-station-irrigateur-oral\/#primaryimage","url":"https:\/\/infomaniak.careista.ch\/wp-content\/uploads\/2025\/06\/100165-Flosserpik-Pro-Station-Oral-Irrigator-800x800px1.jpg","contentUrl":"https:\/\/infomaniak.careista.ch\/wp-content\/uploads\/2025\/06\/100165-Flosserpik-Pro-Station-Oral-Irrigator-800x800px1.jpg","width":800,"height":800,"caption":"Douche buccale Flosserpik Pro Station - nettoyage en profondeur de la plaque dentaire, des appareils dentaires et des implants"},{"@type":"BreadcrumbList","@id":"https:\/\/infomaniak.careista.ch\/fr\/produkte\/soins-buccaux-fr\/douche-buccale-fr\/edelwhite-flosserpik-pro-station-irrigateur-oral\/#breadcrumb","itemListElement":[{"@type":"ListItem","position":1,"name":"Home","item":"https:\/\/infomaniak.careista.ch\/fr\/"},{"@type":"ListItem","position":2,"name":"Shop","item":"https:\/\/infomaniak.careista.ch\/fr\/shop\/"},{"@type":"ListItem","position":3,"name":"edel+white Flosserpik Pro Station Oral Irrigator douche buccale"}]},{"@type":"WebSite","@id":"https:\/\/infomaniak.careista.ch\/fr\/#website","url":"https:\/\/infomaniak.careista.ch\/fr\/","name":"CAREISTA","description":"Dein pers\u00f6nlicher Pflege-Barista","publisher":{"@id":"https:\/\/infomaniak.careista.ch\/fr\/#organization"},"potentialAction":[{"@type":"SearchAction","target":{"@type":"EntryPoint","urlTemplate":"https:\/\/infomaniak.careista.ch\/fr\/?s={search_term_string}"},"query-input":{"@type":"PropertyValueSpecification","valueRequired":true,"valueName":"search_term_string"}}],"inLanguage":"fr-FR"},{"@type":"Organization","@id":"https:\/\/infomaniak.careista.ch\/fr\/#organization","name":"CAREISTA","url":"https:\/\/infomaniak.careista.ch\/fr\/","logo":{"@type":"ImageObject","inLanguage":"fr-FR","@id":"https:\/\/infomaniak.careista.ch\/fr\/#\/schema\/logo\/image\/","url":"https:\/\/infomaniak.careista.ch\/wp-content\/uploads\/2025\/02\/Careista-Logo-S_rgb.svg.svg","contentUrl":"https:\/\/infomaniak.careista.ch\/wp-content\/uploads\/2025\/02\/Careista-Logo-S_rgb.svg.svg","caption":"CAREISTA"},"image":{"@id":"https:\/\/infomaniak.careista.ch\/fr\/#\/schema\/logo\/image\/"}}]}},"jetpack_sharing_enabled":true,"_links":{"self":[{"href":"https:\/\/infomaniak.careista.ch\/fr\/wp-json\/wp\/v2\/product\/9349","targetHints":{"allow":["GET"]}}],"collection":[{"href":"https:\/\/infomaniak.careista.ch\/fr\/wp-json\/wp\/v2\/product"}],"about":[{"href":"https:\/\/infomaniak.careista.ch\/fr\/wp-json\/wp\/v2\/types\/product"}],"replies":[{"embeddable":true,"href":"https:\/\/infomaniak.careista.ch\/fr\/wp-json\/wp\/v2\/comments?post=9349"}],"version-history":[{"count":0,"href":"https:\/\/infomaniak.careista.ch\/fr\/wp-json\/wp\/v2\/product\/9349\/revisions"}],"wp:featuredmedia":[{"embeddable":true,"href":"https:\/\/infomaniak.careista.ch\/fr\/wp-json\/wp\/v2\/media\/10683"}],"wp:attachment":[{"href":"https:\/\/infomaniak.careista.ch\/fr\/wp-json\/wp\/v2\/media?parent=9349"}],"wp:term":[{"taxonomy":"anwendung-kategorie","embeddable":true,"href":"https:\/\/infomaniak.careista.ch\/fr\/wp-json\/wp\/v2\/anwendung-kategorie?post=9349"},{"taxonomy":"anwendung","embeddable":true,"href":"https:\/\/infomaniak.careista.ch\/fr\/wp-json\/wp\/v2\/anwendung?post=9349"},{"taxonomy":"product_brand","embeddable":true,"href":"https:\/\/infomaniak.careista.ch\/fr\/wp-json\/wp\/v2\/product_brand?post=9349"},{"taxonomy":"product_cat","embeddable":true,"href":"https:\/\/infomaniak.careista.ch\/fr\/wp-json\/wp\/v2\/product_cat?post=9349"},{"taxonomy":"product_tag","embeddable":true,"href":"https:\/\/infomaniak.careista.ch\/fr\/wp-json\/wp\/v2\/product_tag?post=9349"}],"curies":[{"name":"wp","href":"https:\/\/api.w.org\/{rel}","templated":true}]}}