{"id":9361,"date":"2025-06-05T14:00:00","date_gmt":"2025-06-05T12:00:00","guid":{"rendered":"https:\/\/infomaniak.careista.ch\/produkte\/non%20class\u00e9\/tetes-de-brosse-edelwhite-clean-curl-3d\/"},"modified":"2026-04-15T07:52:45","modified_gmt":"2026-04-15T05:52:45","slug":"tetes-de-brosse-edelwhite-clean-curl-3d","status":"publish","type":"product","link":"https:\/\/infomaniak.careista.ch\/fr\/produkte\/soins-buccaux-fr\/brosses-a-dents-soniques-fr\/tetes-de-brosse-edelwhite-clean-curl-3d\/","title":{"rendered":"T\u00eates de brosse edel+white Clean Curl 3D"},"content":{"rendered":"","protected":false},"excerpt":{"rendered":"<h6><strong>La r\u00e9volution du nettoyage dentaire pour 300% de brossage en plus<\/strong><\/h6>\n<p>Bienvenue dans la r\u00e9volution du nettoyage dentaire. edel+white Suisse a la solution pour une hygi\u00e8ne buccale simplifi\u00e9e et approfondie : CleanCurl 3D. La t\u00eate de brosse CleanCurl 3D nettoie simultan\u00e9ment les 3 faces d&rsquo;une dent ainsi que les gencives &#8211; efficacement, en profondeur et en gagnant du temps.  <\/p>\n<ul>\n<li>Poils 3D &#8211; 300% plus efficaces et plus rapides gr\u00e2ce \u00e0 un brossage simultan\u00e9 sur 3 c\u00f4t\u00e9s<\/li>\n<li>Nettoie efficacement le sillon gingival comme sur des rails &#8211; Nettoyage parfait des bridges et des implants<\/li>\n<li>Id\u00e9al pour les appareils dentaires, les bridges et les implants<\/li>\n<li>Gain de temps : 1 min de nettoyage avec Clean Curl 3D = 3 min avec une t\u00eate standard  <\/li>\n<li>Un soutien optimal pour les soins aux personnes \u00e2g\u00e9es et aux personnes ayant des besoins particuliers<\/li>\n<li>Recommand\u00e9 par les principaux professionnels dentaires suisses<\/li>\n<li>Disponibilit\u00e9 garantie de toutes les t\u00eates de brosse de rechange pendant 10 ans<\/li>\n<\/ul>\n<p><em>Contenu : 2 t\u00eates de brosse. Compatible avec edel+white Sonic Generation 8 Winner et Sonic Generation Health Suite. <\/em><\/p>\n","protected":false},"featured_media":6949,"comment_status":"closed","ping_status":"closed","template":"","meta":{"_acf_changed":false},"anwendung-kategorie":[],"anwendung":[317],"product_brand":[340],"product_cat":[214,218],"product_tag":[],"class_list":{"0":"post-9361","1":"product","2":"type-product","3":"status-publish","4":"has-post-thumbnail","6":"anwendung-des-gencives-saines","7":"product_brand-edelwhite-fr","8":"product_cat-soins-buccaux-fr","9":"product_cat-brosses-a-dents-soniques-fr","11":"first","12":"instock","13":"taxable","14":"shipping-taxable","15":"purchasable","16":"product-type-simple"},"acf":[],"yoast_head":"<!-- This site is optimized with the Yoast SEO plugin v26.7 - https:\/\/yoast.com\/wordpress\/plugins\/seo\/ -->\n<title>T\u00eates de brosse edel+white Clean Curl 3D - CAREISTA<\/title>\n<meta name=\"robots\" content=\"noindex, follow, max-snippet:-1, max-image-preview:large, max-video-preview:-1\" \/>\n<meta property=\"og:locale\" content=\"fr_FR\" \/>\n<meta property=\"og:type\" content=\"article\" \/>\n<meta property=\"og:title\" content=\"T\u00eates de brosse edel+white Clean Curl 3D - CAREISTA\" \/>\n<meta property=\"og:description\" content=\"La r\u00e9volution du nettoyage dentaire pour 300% de brossage en plus Bienvenue dans la r\u00e9volution du nettoyage dentaire. edel+white Suisse a la solution pour une hygi\u00e8ne buccale simplifi\u00e9e et approfondie : CleanCurl 3D. La t\u00eate de brosse CleanCurl 3D nettoie simultan\u00e9ment les 3 faces d&#039;une dent ainsi que les gencives - efficacement, en profondeur et en gagnant du temps.   Poils 3D - 300% plus efficaces et plus rapides gr\u00e2ce \u00e0 un brossage simultan\u00e9 sur 3 c\u00f4t\u00e9s  Nettoie efficacement le sillon gingival comme sur des rails - Nettoyage parfait des bridges et des implants  Id\u00e9al pour les appareils dentaires, les bridges et les implants  Gain de temps : 1 min de nettoyage avec Clean Curl 3D = 3 min avec une t\u00eate standard   Un soutien optimal pour les soins aux personnes \u00e2g\u00e9es et aux personnes ayant des besoins particuliers  Recommand\u00e9 par les principaux professionnels dentaires suisses  Disponibilit\u00e9 garantie de toutes les t\u00eates de brosse de rechange pendant 10 ans Contenu : 2 t\u00eates de brosse. Compatible avec edel+white Sonic Generation 8 Winner et Sonic Generation Health Suite.\" \/>\n<meta property=\"og:url\" content=\"https:\/\/infomaniak.careista.ch\/fr\/produkte\/soins-buccaux-fr\/brosses-a-dents-soniques-fr\/tetes-de-brosse-edelwhite-clean-curl-3d\/\" \/>\n<meta property=\"og:site_name\" content=\"CAREISTA\" \/>\n<meta property=\"article:modified_time\" content=\"2026-04-15T05:52:45+00:00\" \/>\n<meta property=\"og:image\" content=\"https:\/\/infomaniak.careista.ch\/wp-content\/uploads\/2025\/06\/100185-Clean-Curl-Airbag-Sonic-Buerstenkoepfe-800x800px1.png\" \/>\n\t<meta property=\"og:image:width\" content=\"800\" \/>\n\t<meta property=\"og:image:height\" content=\"800\" \/>\n\t<meta property=\"og:image:type\" content=\"image\/png\" \/>\n<meta name=\"twitter:card\" content=\"summary_large_image\" \/>\n<script type=\"application\/ld+json\" class=\"yoast-schema-graph\">{\"@context\":\"https:\/\/schema.org\",\"@graph\":[{\"@type\":\"WebPage\",\"@id\":\"https:\/\/infomaniak.careista.ch\/fr\/produkte\/soins-buccaux-fr\/brosses-a-dents-soniques-fr\/tetes-de-brosse-edelwhite-clean-curl-3d\/\",\"url\":\"https:\/\/infomaniak.careista.ch\/fr\/produkte\/soins-buccaux-fr\/brosses-a-dents-soniques-fr\/tetes-de-brosse-edelwhite-clean-curl-3d\/\",\"name\":\"T\u00eates de brosse edel+white Clean Curl 3D - CAREISTA\",\"isPartOf\":{\"@id\":\"https:\/\/infomaniak.careista.ch\/fr\/#website\"},\"primaryImageOfPage\":{\"@id\":\"https:\/\/infomaniak.careista.ch\/fr\/produkte\/soins-buccaux-fr\/brosses-a-dents-soniques-fr\/tetes-de-brosse-edelwhite-clean-curl-3d\/#primaryimage\"},\"image\":{\"@id\":\"https:\/\/infomaniak.careista.ch\/fr\/produkte\/soins-buccaux-fr\/brosses-a-dents-soniques-fr\/tetes-de-brosse-edelwhite-clean-curl-3d\/#primaryimage\"},\"thumbnailUrl\":\"https:\/\/infomaniak.careista.ch\/wp-content\/uploads\/2025\/06\/100185-Clean-Curl-Airbag-Sonic-Buerstenkoepfe-800x800px1.png\",\"datePublished\":\"2025-06-05T12:00:00+00:00\",\"dateModified\":\"2026-04-15T05:52:45+00:00\",\"breadcrumb\":{\"@id\":\"https:\/\/infomaniak.careista.ch\/fr\/produkte\/soins-buccaux-fr\/brosses-a-dents-soniques-fr\/tetes-de-brosse-edelwhite-clean-curl-3d\/#breadcrumb\"},\"inLanguage\":\"fr-FR\",\"potentialAction\":[{\"@type\":\"ReadAction\",\"target\":[\"https:\/\/infomaniak.careista.ch\/fr\/produkte\/soins-buccaux-fr\/brosses-a-dents-soniques-fr\/tetes-de-brosse-edelwhite-clean-curl-3d\/\"]}]},{\"@type\":\"ImageObject\",\"inLanguage\":\"fr-FR\",\"@id\":\"https:\/\/infomaniak.careista.ch\/fr\/produkte\/soins-buccaux-fr\/brosses-a-dents-soniques-fr\/tetes-de-brosse-edelwhite-clean-curl-3d\/#primaryimage\",\"url\":\"https:\/\/infomaniak.careista.ch\/wp-content\/uploads\/2025\/06\/100185-Clean-Curl-Airbag-Sonic-Buerstenkoepfe-800x800px1.png\",\"contentUrl\":\"https:\/\/infomaniak.careista.ch\/wp-content\/uploads\/2025\/06\/100185-Clean-Curl-Airbag-Sonic-Buerstenkoepfe-800x800px1.png\",\"width\":800,\"height\":800,\"caption\":\"Die Zahnreinigungs-Revolution f\u00fcr 300% mehr Putzleistung\"},{\"@type\":\"BreadcrumbList\",\"@id\":\"https:\/\/infomaniak.careista.ch\/fr\/produkte\/soins-buccaux-fr\/brosses-a-dents-soniques-fr\/tetes-de-brosse-edelwhite-clean-curl-3d\/#breadcrumb\",\"itemListElement\":[{\"@type\":\"ListItem\",\"position\":1,\"name\":\"Home\",\"item\":\"https:\/\/infomaniak.careista.ch\/fr\/\"},{\"@type\":\"ListItem\",\"position\":2,\"name\":\"Shop\",\"item\":\"https:\/\/infomaniak.careista.ch\/fr\/shop\/\"},{\"@type\":\"ListItem\",\"position\":3,\"name\":\"T\u00eates de brosse edel+white Clean Curl 3D\"}]},{\"@type\":\"WebSite\",\"@id\":\"https:\/\/infomaniak.careista.ch\/fr\/#website\",\"url\":\"https:\/\/infomaniak.careista.ch\/fr\/\",\"name\":\"CAREISTA\",\"description\":\"Dein pers\u00f6nlicher Pflege-Barista\",\"publisher\":{\"@id\":\"https:\/\/infomaniak.careista.ch\/fr\/#organization\"},\"potentialAction\":[{\"@type\":\"SearchAction\",\"target\":{\"@type\":\"EntryPoint\",\"urlTemplate\":\"https:\/\/infomaniak.careista.ch\/fr\/?s={search_term_string}\"},\"query-input\":{\"@type\":\"PropertyValueSpecification\",\"valueRequired\":true,\"valueName\":\"search_term_string\"}}],\"inLanguage\":\"fr-FR\"},{\"@type\":\"Organization\",\"@id\":\"https:\/\/infomaniak.careista.ch\/fr\/#organization\",\"name\":\"CAREISTA\",\"url\":\"https:\/\/infomaniak.careista.ch\/fr\/\",\"logo\":{\"@type\":\"ImageObject\",\"inLanguage\":\"fr-FR\",\"@id\":\"https:\/\/infomaniak.careista.ch\/fr\/#\/schema\/logo\/image\/\",\"url\":\"https:\/\/infomaniak.careista.ch\/wp-content\/uploads\/2025\/02\/Careista-Logo-S_rgb.svg.svg\",\"contentUrl\":\"https:\/\/infomaniak.careista.ch\/wp-content\/uploads\/2025\/02\/Careista-Logo-S_rgb.svg.svg\",\"caption\":\"CAREISTA\"},\"image\":{\"@id\":\"https:\/\/infomaniak.careista.ch\/fr\/#\/schema\/logo\/image\/\"}}]}<\/script>\n<!-- \/ Yoast SEO plugin. -->","yoast_head_json":{"title":"T\u00eates de brosse edel+white Clean Curl 3D - CAREISTA","robots":{"index":"noindex","follow":"follow","max-snippet":"max-snippet:-1","max-image-preview":"max-image-preview:large","max-video-preview":"max-video-preview:-1"},"og_locale":"fr_FR","og_type":"article","og_title":"T\u00eates de brosse edel+white Clean Curl 3D - CAREISTA","og_description":"La r\u00e9volution du nettoyage dentaire pour 300% de brossage en plus Bienvenue dans la r\u00e9volution du nettoyage dentaire. edel+white Suisse a la solution pour une hygi\u00e8ne buccale simplifi\u00e9e et approfondie : CleanCurl 3D. La t\u00eate de brosse CleanCurl 3D nettoie simultan\u00e9ment les 3 faces d'une dent ainsi que les gencives - efficacement, en profondeur et en gagnant du temps.   Poils 3D - 300% plus efficaces et plus rapides gr\u00e2ce \u00e0 un brossage simultan\u00e9 sur 3 c\u00f4t\u00e9s  Nettoie efficacement le sillon gingival comme sur des rails - Nettoyage parfait des bridges et des implants  Id\u00e9al pour les appareils dentaires, les bridges et les implants  Gain de temps : 1 min de nettoyage avec Clean Curl 3D = 3 min avec une t\u00eate standard   Un soutien optimal pour les soins aux personnes \u00e2g\u00e9es et aux personnes ayant des besoins particuliers  Recommand\u00e9 par les principaux professionnels dentaires suisses  Disponibilit\u00e9 garantie de toutes les t\u00eates de brosse de rechange pendant 10 ans Contenu : 2 t\u00eates de brosse. Compatible avec edel+white Sonic Generation 8 Winner et Sonic Generation Health Suite.","og_url":"https:\/\/infomaniak.careista.ch\/fr\/produkte\/soins-buccaux-fr\/brosses-a-dents-soniques-fr\/tetes-de-brosse-edelwhite-clean-curl-3d\/","og_site_name":"CAREISTA","article_modified_time":"2026-04-15T05:52:45+00:00","og_image":[{"width":800,"height":800,"url":"https:\/\/infomaniak.careista.ch\/wp-content\/uploads\/2025\/06\/100185-Clean-Curl-Airbag-Sonic-Buerstenkoepfe-800x800px1.png","type":"image\/png"}],"twitter_card":"summary_large_image","schema":{"@context":"https:\/\/schema.org","@graph":[{"@type":"WebPage","@id":"https:\/\/infomaniak.careista.ch\/fr\/produkte\/soins-buccaux-fr\/brosses-a-dents-soniques-fr\/tetes-de-brosse-edelwhite-clean-curl-3d\/","url":"https:\/\/infomaniak.careista.ch\/fr\/produkte\/soins-buccaux-fr\/brosses-a-dents-soniques-fr\/tetes-de-brosse-edelwhite-clean-curl-3d\/","name":"T\u00eates de brosse edel+white Clean Curl 3D - CAREISTA","isPartOf":{"@id":"https:\/\/infomaniak.careista.ch\/fr\/#website"},"primaryImageOfPage":{"@id":"https:\/\/infomaniak.careista.ch\/fr\/produkte\/soins-buccaux-fr\/brosses-a-dents-soniques-fr\/tetes-de-brosse-edelwhite-clean-curl-3d\/#primaryimage"},"image":{"@id":"https:\/\/infomaniak.careista.ch\/fr\/produkte\/soins-buccaux-fr\/brosses-a-dents-soniques-fr\/tetes-de-brosse-edelwhite-clean-curl-3d\/#primaryimage"},"thumbnailUrl":"https:\/\/infomaniak.careista.ch\/wp-content\/uploads\/2025\/06\/100185-Clean-Curl-Airbag-Sonic-Buerstenkoepfe-800x800px1.png","datePublished":"2025-06-05T12:00:00+00:00","dateModified":"2026-04-15T05:52:45+00:00","breadcrumb":{"@id":"https:\/\/infomaniak.careista.ch\/fr\/produkte\/soins-buccaux-fr\/brosses-a-dents-soniques-fr\/tetes-de-brosse-edelwhite-clean-curl-3d\/#breadcrumb"},"inLanguage":"fr-FR","potentialAction":[{"@type":"ReadAction","target":["https:\/\/infomaniak.careista.ch\/fr\/produkte\/soins-buccaux-fr\/brosses-a-dents-soniques-fr\/tetes-de-brosse-edelwhite-clean-curl-3d\/"]}]},{"@type":"ImageObject","inLanguage":"fr-FR","@id":"https:\/\/infomaniak.careista.ch\/fr\/produkte\/soins-buccaux-fr\/brosses-a-dents-soniques-fr\/tetes-de-brosse-edelwhite-clean-curl-3d\/#primaryimage","url":"https:\/\/infomaniak.careista.ch\/wp-content\/uploads\/2025\/06\/100185-Clean-Curl-Airbag-Sonic-Buerstenkoepfe-800x800px1.png","contentUrl":"https:\/\/infomaniak.careista.ch\/wp-content\/uploads\/2025\/06\/100185-Clean-Curl-Airbag-Sonic-Buerstenkoepfe-800x800px1.png","width":800,"height":800,"caption":"Die Zahnreinigungs-Revolution f\u00fcr 300% mehr Putzleistung"},{"@type":"BreadcrumbList","@id":"https:\/\/infomaniak.careista.ch\/fr\/produkte\/soins-buccaux-fr\/brosses-a-dents-soniques-fr\/tetes-de-brosse-edelwhite-clean-curl-3d\/#breadcrumb","itemListElement":[{"@type":"ListItem","position":1,"name":"Home","item":"https:\/\/infomaniak.careista.ch\/fr\/"},{"@type":"ListItem","position":2,"name":"Shop","item":"https:\/\/infomaniak.careista.ch\/fr\/shop\/"},{"@type":"ListItem","position":3,"name":"T\u00eates de brosse edel+white Clean Curl 3D"}]},{"@type":"WebSite","@id":"https:\/\/infomaniak.careista.ch\/fr\/#website","url":"https:\/\/infomaniak.careista.ch\/fr\/","name":"CAREISTA","description":"Dein pers\u00f6nlicher Pflege-Barista","publisher":{"@id":"https:\/\/infomaniak.careista.ch\/fr\/#organization"},"potentialAction":[{"@type":"SearchAction","target":{"@type":"EntryPoint","urlTemplate":"https:\/\/infomaniak.careista.ch\/fr\/?s={search_term_string}"},"query-input":{"@type":"PropertyValueSpecification","valueRequired":true,"valueName":"search_term_string"}}],"inLanguage":"fr-FR"},{"@type":"Organization","@id":"https:\/\/infomaniak.careista.ch\/fr\/#organization","name":"CAREISTA","url":"https:\/\/infomaniak.careista.ch\/fr\/","logo":{"@type":"ImageObject","inLanguage":"fr-FR","@id":"https:\/\/infomaniak.careista.ch\/fr\/#\/schema\/logo\/image\/","url":"https:\/\/infomaniak.careista.ch\/wp-content\/uploads\/2025\/02\/Careista-Logo-S_rgb.svg.svg","contentUrl":"https:\/\/infomaniak.careista.ch\/wp-content\/uploads\/2025\/02\/Careista-Logo-S_rgb.svg.svg","caption":"CAREISTA"},"image":{"@id":"https:\/\/infomaniak.careista.ch\/fr\/#\/schema\/logo\/image\/"}}]}},"jetpack_sharing_enabled":true,"_links":{"self":[{"href":"https:\/\/infomaniak.careista.ch\/fr\/wp-json\/wp\/v2\/product\/9361","targetHints":{"allow":["GET"]}}],"collection":[{"href":"https:\/\/infomaniak.careista.ch\/fr\/wp-json\/wp\/v2\/product"}],"about":[{"href":"https:\/\/infomaniak.careista.ch\/fr\/wp-json\/wp\/v2\/types\/product"}],"replies":[{"embeddable":true,"href":"https:\/\/infomaniak.careista.ch\/fr\/wp-json\/wp\/v2\/comments?post=9361"}],"version-history":[{"count":0,"href":"https:\/\/infomaniak.careista.ch\/fr\/wp-json\/wp\/v2\/product\/9361\/revisions"}],"wp:featuredmedia":[{"embeddable":true,"href":"https:\/\/infomaniak.careista.ch\/fr\/wp-json\/wp\/v2\/media\/6949"}],"wp:attachment":[{"href":"https:\/\/infomaniak.careista.ch\/fr\/wp-json\/wp\/v2\/media?parent=9361"}],"wp:term":[{"taxonomy":"anwendung-kategorie","embeddable":true,"href":"https:\/\/infomaniak.careista.ch\/fr\/wp-json\/wp\/v2\/anwendung-kategorie?post=9361"},{"taxonomy":"anwendung","embeddable":true,"href":"https:\/\/infomaniak.careista.ch\/fr\/wp-json\/wp\/v2\/anwendung?post=9361"},{"taxonomy":"product_brand","embeddable":true,"href":"https:\/\/infomaniak.careista.ch\/fr\/wp-json\/wp\/v2\/product_brand?post=9361"},{"taxonomy":"product_cat","embeddable":true,"href":"https:\/\/infomaniak.careista.ch\/fr\/wp-json\/wp\/v2\/product_cat?post=9361"},{"taxonomy":"product_tag","embeddable":true,"href":"https:\/\/infomaniak.careista.ch\/fr\/wp-json\/wp\/v2\/product_tag?post=9361"}],"curies":[{"name":"wp","href":"https:\/\/api.w.org\/{rel}","templated":true}]}}