{"id":9363,"date":"2025-06-05T14:05:00","date_gmt":"2025-06-05T12:05:00","guid":{"rendered":"https:\/\/infomaniak.careista.ch\/produkte\/non%20class\u00e9\/edelwhite-soft-woven-floss-40m\/"},"modified":"2026-02-26T04:24:37","modified_gmt":"2026-02-26T03:24:37","slug":"edelwhite-soft-woven-floss-40m","status":"publish","type":"product","link":"https:\/\/infomaniak.careista.ch\/fr\/produkte\/soins-buccaux-fr\/interdentaire-fr\/edelwhite-soft-woven-floss-40m\/","title":{"rendered":"edel+white Soft Woven Floss 40m"},"content":{"rendered":"","protected":false},"excerpt":{"rendered":"<p><strong>La soie dentaire tiss\u00e9e pour les gencives sensibles<\/strong><br \/>\nGr\u00e2ce \u00e0 sa structure plus \u00e9paisse, le fil dentaire tiss\u00e9 extra-souple au go\u00fbt naturel de cannelle \u00e9limine efficacement jusqu&rsquo;\u00e0 70 % de plaque en plus* et procure une sensation de selfcare \u00e0 vos gencives.<\/p>\n<ul>\n<li>Doux et rembourr\u00e9 &#8211; id\u00e9al pour les gencives sensibles<\/li>\n<li>Se dilate au contact de la salive<\/li>\n<li>Ar\u00f4me naturel de cannelle pour une sensation de fra\u00eecheur<\/li>\n<li>Id\u00e9al pour les espaces interdentaires larges et les utilisateurs exp\u00e9riment\u00e9s<\/li>\n<li>Ne convient pas aux appareils dentaires ou aux implants<\/li>\n<li>100% sans PFAS<\/li>\n<\/ul>\n<p>*\u00c9tude interne de l&rsquo;Universit\u00e9 de G\u00eanes, test\u00e9e avec 3 des fils dentaires les plus courants, 2004.<\/p>\n<p><em>Contenu : 1 Soft Woven Floss 40m<\/em><\/p>\n","protected":false},"featured_media":7218,"comment_status":"closed","ping_status":"closed","template":"","meta":{"_acf_changed":false},"anwendung-kategorie":[],"anwendung":[317,316],"product_brand":[340],"product_cat":[214,216],"product_tag":[],"class_list":{"0":"post-9363","1":"product","2":"type-product","3":"status-publish","4":"has-post-thumbnail","6":"anwendung-des-gencives-saines","7":"anwendung-pour-entre-les-deux","8":"product_brand-edelwhite-fr","9":"product_cat-soins-buccaux-fr","10":"product_cat-interdentaire-fr","12":"first","13":"instock","14":"taxable","15":"shipping-taxable","16":"purchasable","17":"product-type-simple"},"acf":[],"yoast_head":"<!-- This site is optimized with the Yoast SEO plugin v26.7 - https:\/\/yoast.com\/wordpress\/plugins\/seo\/ -->\n<title>edel+white Soft Woven Floss 40m - CAREISTA<\/title>\n<meta name=\"robots\" content=\"noindex, follow, max-snippet:-1, max-image-preview:large, max-video-preview:-1\" \/>\n<meta property=\"og:locale\" content=\"fr_FR\" \/>\n<meta property=\"og:type\" content=\"article\" \/>\n<meta property=\"og:title\" content=\"edel+white Soft Woven Floss 40m - CAREISTA\" \/>\n<meta property=\"og:description\" content=\"La soie dentaire tiss\u00e9e pour les gencives sensibles Gr\u00e2ce \u00e0 sa structure plus \u00e9paisse, le fil dentaire tiss\u00e9 extra-souple au go\u00fbt naturel de cannelle \u00e9limine efficacement jusqu&#039;\u00e0 70 % de plaque en plus* et procure une sensation de selfcare \u00e0 vos gencives.  Doux et rembourr\u00e9 - id\u00e9al pour les gencives sensibles  Se dilate au contact de la salive  Ar\u00f4me naturel de cannelle pour une sensation de fra\u00eecheur  Id\u00e9al pour les espaces interdentaires larges et les utilisateurs exp\u00e9riment\u00e9s  Ne convient pas aux appareils dentaires ou aux implants  100% sans PFAS *\u00c9tude interne de l&#039;Universit\u00e9 de G\u00eanes, test\u00e9e avec 3 des fils dentaires les plus courants, 2004. Contenu : 1 Soft Woven Floss 40m\" \/>\n<meta property=\"og:url\" content=\"https:\/\/infomaniak.careista.ch\/fr\/produkte\/soins-buccaux-fr\/interdentaire-fr\/edelwhite-soft-woven-floss-40m\/\" \/>\n<meta property=\"og:site_name\" content=\"CAREISTA\" \/>\n<meta property=\"article:modified_time\" content=\"2026-02-26T03:24:37+00:00\" \/>\n<meta property=\"og:image\" content=\"https:\/\/infomaniak.careista.ch\/wp-content\/uploads\/2025\/06\/800850-Soft-Woven-Floss-40m-800x800px1.png\" \/>\n\t<meta property=\"og:image:width\" content=\"800\" \/>\n\t<meta property=\"og:image:height\" content=\"800\" \/>\n\t<meta property=\"og:image:type\" content=\"image\/png\" \/>\n<meta name=\"twitter:card\" content=\"summary_large_image\" \/>\n<script type=\"application\/ld+json\" class=\"yoast-schema-graph\">{\"@context\":\"https:\/\/schema.org\",\"@graph\":[{\"@type\":\"WebPage\",\"@id\":\"https:\/\/infomaniak.careista.ch\/fr\/produkte\/soins-buccaux-fr\/interdentaire-fr\/edelwhite-soft-woven-floss-40m\/\",\"url\":\"https:\/\/infomaniak.careista.ch\/fr\/produkte\/soins-buccaux-fr\/interdentaire-fr\/edelwhite-soft-woven-floss-40m\/\",\"name\":\"edel+white Soft Woven Floss 40m - CAREISTA\",\"isPartOf\":{\"@id\":\"https:\/\/infomaniak.careista.ch\/fr\/#website\"},\"primaryImageOfPage\":{\"@id\":\"https:\/\/infomaniak.careista.ch\/fr\/produkte\/soins-buccaux-fr\/interdentaire-fr\/edelwhite-soft-woven-floss-40m\/#primaryimage\"},\"image\":{\"@id\":\"https:\/\/infomaniak.careista.ch\/fr\/produkte\/soins-buccaux-fr\/interdentaire-fr\/edelwhite-soft-woven-floss-40m\/#primaryimage\"},\"thumbnailUrl\":\"https:\/\/infomaniak.careista.ch\/wp-content\/uploads\/2025\/06\/800850-Soft-Woven-Floss-40m-800x800px1.png\",\"datePublished\":\"2025-06-05T12:05:00+00:00\",\"dateModified\":\"2026-02-26T03:24:37+00:00\",\"breadcrumb\":{\"@id\":\"https:\/\/infomaniak.careista.ch\/fr\/produkte\/soins-buccaux-fr\/interdentaire-fr\/edelwhite-soft-woven-floss-40m\/#breadcrumb\"},\"inLanguage\":\"fr-FR\",\"potentialAction\":[{\"@type\":\"ReadAction\",\"target\":[\"https:\/\/infomaniak.careista.ch\/fr\/produkte\/soins-buccaux-fr\/interdentaire-fr\/edelwhite-soft-woven-floss-40m\/\"]}]},{\"@type\":\"ImageObject\",\"inLanguage\":\"fr-FR\",\"@id\":\"https:\/\/infomaniak.careista.ch\/fr\/produkte\/soins-buccaux-fr\/interdentaire-fr\/edelwhite-soft-woven-floss-40m\/#primaryimage\",\"url\":\"https:\/\/infomaniak.careista.ch\/wp-content\/uploads\/2025\/06\/800850-Soft-Woven-Floss-40m-800x800px1.png\",\"contentUrl\":\"https:\/\/infomaniak.careista.ch\/wp-content\/uploads\/2025\/06\/800850-Soft-Woven-Floss-40m-800x800px1.png\",\"width\":800,\"height\":800,\"caption\":\"Pour un nettoyage sans effort des espaces interdentaires en d\u00e9placement\"},{\"@type\":\"BreadcrumbList\",\"@id\":\"https:\/\/infomaniak.careista.ch\/fr\/produkte\/soins-buccaux-fr\/interdentaire-fr\/edelwhite-soft-woven-floss-40m\/#breadcrumb\",\"itemListElement\":[{\"@type\":\"ListItem\",\"position\":1,\"name\":\"Home\",\"item\":\"https:\/\/infomaniak.careista.ch\/fr\/\"},{\"@type\":\"ListItem\",\"position\":2,\"name\":\"Shop\",\"item\":\"https:\/\/infomaniak.careista.ch\/fr\/shop\/\"},{\"@type\":\"ListItem\",\"position\":3,\"name\":\"edel+white Soft Woven Floss 40m\"}]},{\"@type\":\"WebSite\",\"@id\":\"https:\/\/infomaniak.careista.ch\/fr\/#website\",\"url\":\"https:\/\/infomaniak.careista.ch\/fr\/\",\"name\":\"CAREISTA\",\"description\":\"Dein pers\u00f6nlicher Pflege-Barista\",\"publisher\":{\"@id\":\"https:\/\/infomaniak.careista.ch\/fr\/#organization\"},\"potentialAction\":[{\"@type\":\"SearchAction\",\"target\":{\"@type\":\"EntryPoint\",\"urlTemplate\":\"https:\/\/infomaniak.careista.ch\/fr\/?s={search_term_string}\"},\"query-input\":{\"@type\":\"PropertyValueSpecification\",\"valueRequired\":true,\"valueName\":\"search_term_string\"}}],\"inLanguage\":\"fr-FR\"},{\"@type\":\"Organization\",\"@id\":\"https:\/\/infomaniak.careista.ch\/fr\/#organization\",\"name\":\"CAREISTA\",\"url\":\"https:\/\/infomaniak.careista.ch\/fr\/\",\"logo\":{\"@type\":\"ImageObject\",\"inLanguage\":\"fr-FR\",\"@id\":\"https:\/\/infomaniak.careista.ch\/fr\/#\/schema\/logo\/image\/\",\"url\":\"https:\/\/infomaniak.careista.ch\/wp-content\/uploads\/2025\/02\/Careista-Logo-S_rgb.svg.svg\",\"contentUrl\":\"https:\/\/infomaniak.careista.ch\/wp-content\/uploads\/2025\/02\/Careista-Logo-S_rgb.svg.svg\",\"caption\":\"CAREISTA\"},\"image\":{\"@id\":\"https:\/\/infomaniak.careista.ch\/fr\/#\/schema\/logo\/image\/\"}}]}<\/script>\n<!-- \/ Yoast SEO plugin. -->","yoast_head_json":{"title":"edel+white Soft Woven Floss 40m - CAREISTA","robots":{"index":"noindex","follow":"follow","max-snippet":"max-snippet:-1","max-image-preview":"max-image-preview:large","max-video-preview":"max-video-preview:-1"},"og_locale":"fr_FR","og_type":"article","og_title":"edel+white Soft Woven Floss 40m - CAREISTA","og_description":"La soie dentaire tiss\u00e9e pour les gencives sensibles Gr\u00e2ce \u00e0 sa structure plus \u00e9paisse, le fil dentaire tiss\u00e9 extra-souple au go\u00fbt naturel de cannelle \u00e9limine efficacement jusqu'\u00e0 70 % de plaque en plus* et procure une sensation de selfcare \u00e0 vos gencives.  Doux et rembourr\u00e9 - id\u00e9al pour les gencives sensibles  Se dilate au contact de la salive  Ar\u00f4me naturel de cannelle pour une sensation de fra\u00eecheur  Id\u00e9al pour les espaces interdentaires larges et les utilisateurs exp\u00e9riment\u00e9s  Ne convient pas aux appareils dentaires ou aux implants  100% sans PFAS *\u00c9tude interne de l'Universit\u00e9 de G\u00eanes, test\u00e9e avec 3 des fils dentaires les plus courants, 2004. Contenu : 1 Soft Woven Floss 40m","og_url":"https:\/\/infomaniak.careista.ch\/fr\/produkte\/soins-buccaux-fr\/interdentaire-fr\/edelwhite-soft-woven-floss-40m\/","og_site_name":"CAREISTA","article_modified_time":"2026-02-26T03:24:37+00:00","og_image":[{"width":800,"height":800,"url":"https:\/\/infomaniak.careista.ch\/wp-content\/uploads\/2025\/06\/800850-Soft-Woven-Floss-40m-800x800px1.png","type":"image\/png"}],"twitter_card":"summary_large_image","schema":{"@context":"https:\/\/schema.org","@graph":[{"@type":"WebPage","@id":"https:\/\/infomaniak.careista.ch\/fr\/produkte\/soins-buccaux-fr\/interdentaire-fr\/edelwhite-soft-woven-floss-40m\/","url":"https:\/\/infomaniak.careista.ch\/fr\/produkte\/soins-buccaux-fr\/interdentaire-fr\/edelwhite-soft-woven-floss-40m\/","name":"edel+white Soft Woven Floss 40m - CAREISTA","isPartOf":{"@id":"https:\/\/infomaniak.careista.ch\/fr\/#website"},"primaryImageOfPage":{"@id":"https:\/\/infomaniak.careista.ch\/fr\/produkte\/soins-buccaux-fr\/interdentaire-fr\/edelwhite-soft-woven-floss-40m\/#primaryimage"},"image":{"@id":"https:\/\/infomaniak.careista.ch\/fr\/produkte\/soins-buccaux-fr\/interdentaire-fr\/edelwhite-soft-woven-floss-40m\/#primaryimage"},"thumbnailUrl":"https:\/\/infomaniak.careista.ch\/wp-content\/uploads\/2025\/06\/800850-Soft-Woven-Floss-40m-800x800px1.png","datePublished":"2025-06-05T12:05:00+00:00","dateModified":"2026-02-26T03:24:37+00:00","breadcrumb":{"@id":"https:\/\/infomaniak.careista.ch\/fr\/produkte\/soins-buccaux-fr\/interdentaire-fr\/edelwhite-soft-woven-floss-40m\/#breadcrumb"},"inLanguage":"fr-FR","potentialAction":[{"@type":"ReadAction","target":["https:\/\/infomaniak.careista.ch\/fr\/produkte\/soins-buccaux-fr\/interdentaire-fr\/edelwhite-soft-woven-floss-40m\/"]}]},{"@type":"ImageObject","inLanguage":"fr-FR","@id":"https:\/\/infomaniak.careista.ch\/fr\/produkte\/soins-buccaux-fr\/interdentaire-fr\/edelwhite-soft-woven-floss-40m\/#primaryimage","url":"https:\/\/infomaniak.careista.ch\/wp-content\/uploads\/2025\/06\/800850-Soft-Woven-Floss-40m-800x800px1.png","contentUrl":"https:\/\/infomaniak.careista.ch\/wp-content\/uploads\/2025\/06\/800850-Soft-Woven-Floss-40m-800x800px1.png","width":800,"height":800,"caption":"Pour un nettoyage sans effort des espaces interdentaires en d\u00e9placement"},{"@type":"BreadcrumbList","@id":"https:\/\/infomaniak.careista.ch\/fr\/produkte\/soins-buccaux-fr\/interdentaire-fr\/edelwhite-soft-woven-floss-40m\/#breadcrumb","itemListElement":[{"@type":"ListItem","position":1,"name":"Home","item":"https:\/\/infomaniak.careista.ch\/fr\/"},{"@type":"ListItem","position":2,"name":"Shop","item":"https:\/\/infomaniak.careista.ch\/fr\/shop\/"},{"@type":"ListItem","position":3,"name":"edel+white Soft Woven Floss 40m"}]},{"@type":"WebSite","@id":"https:\/\/infomaniak.careista.ch\/fr\/#website","url":"https:\/\/infomaniak.careista.ch\/fr\/","name":"CAREISTA","description":"Dein pers\u00f6nlicher Pflege-Barista","publisher":{"@id":"https:\/\/infomaniak.careista.ch\/fr\/#organization"},"potentialAction":[{"@type":"SearchAction","target":{"@type":"EntryPoint","urlTemplate":"https:\/\/infomaniak.careista.ch\/fr\/?s={search_term_string}"},"query-input":{"@type":"PropertyValueSpecification","valueRequired":true,"valueName":"search_term_string"}}],"inLanguage":"fr-FR"},{"@type":"Organization","@id":"https:\/\/infomaniak.careista.ch\/fr\/#organization","name":"CAREISTA","url":"https:\/\/infomaniak.careista.ch\/fr\/","logo":{"@type":"ImageObject","inLanguage":"fr-FR","@id":"https:\/\/infomaniak.careista.ch\/fr\/#\/schema\/logo\/image\/","url":"https:\/\/infomaniak.careista.ch\/wp-content\/uploads\/2025\/02\/Careista-Logo-S_rgb.svg.svg","contentUrl":"https:\/\/infomaniak.careista.ch\/wp-content\/uploads\/2025\/02\/Careista-Logo-S_rgb.svg.svg","caption":"CAREISTA"},"image":{"@id":"https:\/\/infomaniak.careista.ch\/fr\/#\/schema\/logo\/image\/"}}]}},"jetpack_sharing_enabled":true,"_links":{"self":[{"href":"https:\/\/infomaniak.careista.ch\/fr\/wp-json\/wp\/v2\/product\/9363","targetHints":{"allow":["GET"]}}],"collection":[{"href":"https:\/\/infomaniak.careista.ch\/fr\/wp-json\/wp\/v2\/product"}],"about":[{"href":"https:\/\/infomaniak.careista.ch\/fr\/wp-json\/wp\/v2\/types\/product"}],"replies":[{"embeddable":true,"href":"https:\/\/infomaniak.careista.ch\/fr\/wp-json\/wp\/v2\/comments?post=9363"}],"version-history":[{"count":0,"href":"https:\/\/infomaniak.careista.ch\/fr\/wp-json\/wp\/v2\/product\/9363\/revisions"}],"wp:featuredmedia":[{"embeddable":true,"href":"https:\/\/infomaniak.careista.ch\/fr\/wp-json\/wp\/v2\/media\/7218"}],"wp:attachment":[{"href":"https:\/\/infomaniak.careista.ch\/fr\/wp-json\/wp\/v2\/media?parent=9363"}],"wp:term":[{"taxonomy":"anwendung-kategorie","embeddable":true,"href":"https:\/\/infomaniak.careista.ch\/fr\/wp-json\/wp\/v2\/anwendung-kategorie?post=9363"},{"taxonomy":"anwendung","embeddable":true,"href":"https:\/\/infomaniak.careista.ch\/fr\/wp-json\/wp\/v2\/anwendung?post=9363"},{"taxonomy":"product_brand","embeddable":true,"href":"https:\/\/infomaniak.careista.ch\/fr\/wp-json\/wp\/v2\/product_brand?post=9363"},{"taxonomy":"product_cat","embeddable":true,"href":"https:\/\/infomaniak.careista.ch\/fr\/wp-json\/wp\/v2\/product_cat?post=9363"},{"taxonomy":"product_tag","embeddable":true,"href":"https:\/\/infomaniak.careista.ch\/fr\/wp-json\/wp\/v2\/product_tag?post=9363"}],"curies":[{"name":"wp","href":"https:\/\/api.w.org\/{rel}","templated":true}]}}