{"id":9368,"date":"2025-09-25T14:00:00","date_gmt":"2025-09-25T12:00:00","guid":{"rendered":"https:\/\/infomaniak.careista.ch\/produkte\/non%20class\u00e9\/gengigel-dentifrice-protecteur-des-gencives-75ml\/"},"modified":"2026-04-15T13:28:14","modified_gmt":"2026-04-15T11:28:14","slug":"gengigel-dentifrice-protecteur-des-gencives-75ml","status":"publish","type":"product","link":"https:\/\/infomaniak.careista.ch\/fr\/produkte\/soins-buccaux-fr\/dentifrice-fr\/gengigel-dentifrice-protecteur-des-gencives-75ml\/","title":{"rendered":"Gengigel Dentifrice protecteur des gencives 75ml"},"content":{"rendered":"","protected":false},"excerpt":{"rendered":"<p><strong>Dentifrice protecteur de gencives pour des gencives saines et des dents solides<\/strong><br \/>\nLe dentifrice Gengigel protection des gencives aide \u00e0 r\u00e9duire les signes de gingivite et \u00e0 pr\u00e9venir la s\u00e9cheresse de la bouche, les irritations buccales et les aphtes. \u00c0 utiliser quotidiennement pour des gencives plus saines et des dents plus fortes. <\/p>\n<ul>\n<li>Offre un soutien suppl\u00e9mentaire en cas de gingivite, de parodontite et apr\u00e8s une op\u00e9ration dentaire<\/li>\n<li>Combat les causes des saignements des gencives<\/li>\n<li>Renforce l&rsquo;\u00e9mail des dents<\/li>\n<li>Id\u00e9al pour une utilisation compl\u00e9mentaire avec d&rsquo;autres produits Gengigel<\/li>\n<li>Sans SLS ni colorants artificiels<\/li>\n<li>Contient 0,06% d&rsquo;acide hyaluronique, du fluorure de sodium, de la lactoferrine et de l&rsquo;extrait d&rsquo;aloe vera.<\/li>\n<\/ul>\n<p><em>Contenu : 1 tube de 75ml<\/em><\/p>\n","protected":false},"featured_media":12492,"comment_status":"closed","ping_status":"closed","template":"","meta":{"_acf_changed":false},"anwendung-kategorie":[],"anwendung":[317,322],"product_brand":[337],"product_cat":[214,220],"product_tag":[],"class_list":{"0":"post-9368","1":"product","2":"type-product","3":"status-publish","4":"has-post-thumbnail","6":"anwendung-des-gencives-saines","7":"anwendung-reparation","8":"product_brand-gengigel-fr","9":"product_cat-soins-buccaux-fr","10":"product_cat-dentifrice-fr","11":"pa_ch-rep-decomplixag-freiburgstrasse3-3010bern","12":"pa_importer-beverfood-ag-chaltenbodenstrasse-6c-ch-8834-schindellegi","14":"first","15":"instock","16":"taxable","17":"shipping-taxable","18":"purchasable","19":"product-type-simple"},"acf":[],"yoast_head":"<!-- This site is optimized with the Yoast SEO plugin v26.7 - https:\/\/yoast.com\/wordpress\/plugins\/seo\/ -->\n<title>Gengigel Dentifrice protecteur des gencives 75ml - CAREISTA<\/title>\n<meta name=\"robots\" content=\"noindex, follow, max-snippet:-1, max-image-preview:large, max-video-preview:-1\" \/>\n<meta property=\"og:locale\" content=\"fr_FR\" \/>\n<meta property=\"og:type\" content=\"article\" \/>\n<meta property=\"og:title\" content=\"Gengigel Dentifrice protecteur des gencives 75ml - CAREISTA\" \/>\n<meta property=\"og:description\" content=\"Dentifrice protecteur de gencives pour des gencives saines et des dents solides Le dentifrice Gengigel protection des gencives aide \u00e0 r\u00e9duire les signes de gingivite et \u00e0 pr\u00e9venir la s\u00e9cheresse de la bouche, les irritations buccales et les aphtes. \u00c0 utiliser quotidiennement pour des gencives plus saines et des dents plus fortes.   Offre un soutien suppl\u00e9mentaire en cas de gingivite, de parodontite et apr\u00e8s une op\u00e9ration dentaire  Combat les causes des saignements des gencives  Renforce l&#039;\u00e9mail des dents  Id\u00e9al pour une utilisation compl\u00e9mentaire avec d&#039;autres produits Gengigel  Sans SLS ni colorants artificiels  Contient 0,06% d&#039;acide hyaluronique, du fluorure de sodium, de la lactoferrine et de l&#039;extrait d&#039;aloe vera. Contenu : 1 tube de 75ml\" \/>\n<meta property=\"og:url\" content=\"https:\/\/infomaniak.careista.ch\/fr\/produkte\/soins-buccaux-fr\/dentifrice-fr\/gengigel-dentifrice-protecteur-des-gencives-75ml\/\" \/>\n<meta property=\"og:site_name\" content=\"CAREISTA\" \/>\n<meta property=\"article:modified_time\" content=\"2026-04-15T11:28:14+00:00\" \/>\n<meta property=\"og:image\" content=\"https:\/\/infomaniak.careista.ch\/wp-content\/uploads\/2025\/07\/DG3101-075-00-Gengigel-Zahnfleischschutz-Zahnpasta-75ml-800x800px2.jpg\" \/>\n\t<meta property=\"og:image:width\" content=\"800\" \/>\n\t<meta property=\"og:image:height\" content=\"800\" \/>\n\t<meta property=\"og:image:type\" content=\"image\/jpeg\" \/>\n<meta name=\"twitter:card\" content=\"summary_large_image\" \/>\n<script type=\"application\/ld+json\" class=\"yoast-schema-graph\">{\"@context\":\"https:\/\/schema.org\",\"@graph\":[{\"@type\":\"WebPage\",\"@id\":\"https:\/\/infomaniak.careista.ch\/fr\/produkte\/soins-buccaux-fr\/dentifrice-fr\/gengigel-dentifrice-protecteur-des-gencives-75ml\/\",\"url\":\"https:\/\/infomaniak.careista.ch\/fr\/produkte\/soins-buccaux-fr\/dentifrice-fr\/gengigel-dentifrice-protecteur-des-gencives-75ml\/\",\"name\":\"Gengigel Dentifrice protecteur des gencives 75ml - CAREISTA\",\"isPartOf\":{\"@id\":\"https:\/\/infomaniak.careista.ch\/fr\/#website\"},\"primaryImageOfPage\":{\"@id\":\"https:\/\/infomaniak.careista.ch\/fr\/produkte\/soins-buccaux-fr\/dentifrice-fr\/gengigel-dentifrice-protecteur-des-gencives-75ml\/#primaryimage\"},\"image\":{\"@id\":\"https:\/\/infomaniak.careista.ch\/fr\/produkte\/soins-buccaux-fr\/dentifrice-fr\/gengigel-dentifrice-protecteur-des-gencives-75ml\/#primaryimage\"},\"thumbnailUrl\":\"https:\/\/infomaniak.careista.ch\/wp-content\/uploads\/2025\/07\/DG3101-075-00-Gengigel-Zahnfleischschutz-Zahnpasta-75ml-800x800px2.jpg\",\"datePublished\":\"2025-09-25T12:00:00+00:00\",\"dateModified\":\"2026-04-15T11:28:14+00:00\",\"breadcrumb\":{\"@id\":\"https:\/\/infomaniak.careista.ch\/fr\/produkte\/soins-buccaux-fr\/dentifrice-fr\/gengigel-dentifrice-protecteur-des-gencives-75ml\/#breadcrumb\"},\"inLanguage\":\"fr-FR\",\"potentialAction\":[{\"@type\":\"ReadAction\",\"target\":[\"https:\/\/infomaniak.careista.ch\/fr\/produkte\/soins-buccaux-fr\/dentifrice-fr\/gengigel-dentifrice-protecteur-des-gencives-75ml\/\"]}]},{\"@type\":\"ImageObject\",\"inLanguage\":\"fr-FR\",\"@id\":\"https:\/\/infomaniak.careista.ch\/fr\/produkte\/soins-buccaux-fr\/dentifrice-fr\/gengigel-dentifrice-protecteur-des-gencives-75ml\/#primaryimage\",\"url\":\"https:\/\/infomaniak.careista.ch\/wp-content\/uploads\/2025\/07\/DG3101-075-00-Gengigel-Zahnfleischschutz-Zahnpasta-75ml-800x800px2.jpg\",\"contentUrl\":\"https:\/\/infomaniak.careista.ch\/wp-content\/uploads\/2025\/07\/DG3101-075-00-Gengigel-Zahnfleischschutz-Zahnpasta-75ml-800x800px2.jpg\",\"width\":800,\"height\":800,\"caption\":\"Gengigel dentifrice protecteur des gencives - acide hyaluronique &amp; fluor pour des gencives saines. Dentifrice protecteur pour pr\u00e9venir la gingivite &amp; renforcer l'\u00e9mail des dents.\"},{\"@type\":\"BreadcrumbList\",\"@id\":\"https:\/\/infomaniak.careista.ch\/fr\/produkte\/soins-buccaux-fr\/dentifrice-fr\/gengigel-dentifrice-protecteur-des-gencives-75ml\/#breadcrumb\",\"itemListElement\":[{\"@type\":\"ListItem\",\"position\":1,\"name\":\"Home\",\"item\":\"https:\/\/infomaniak.careista.ch\/fr\/\"},{\"@type\":\"ListItem\",\"position\":2,\"name\":\"Shop\",\"item\":\"https:\/\/infomaniak.careista.ch\/fr\/shop\/\"},{\"@type\":\"ListItem\",\"position\":3,\"name\":\"Gengigel Dentifrice protecteur des gencives 75ml\"}]},{\"@type\":\"WebSite\",\"@id\":\"https:\/\/infomaniak.careista.ch\/fr\/#website\",\"url\":\"https:\/\/infomaniak.careista.ch\/fr\/\",\"name\":\"CAREISTA\",\"description\":\"Dein pers\u00f6nlicher Pflege-Barista\",\"publisher\":{\"@id\":\"https:\/\/infomaniak.careista.ch\/fr\/#organization\"},\"potentialAction\":[{\"@type\":\"SearchAction\",\"target\":{\"@type\":\"EntryPoint\",\"urlTemplate\":\"https:\/\/infomaniak.careista.ch\/fr\/?s={search_term_string}\"},\"query-input\":{\"@type\":\"PropertyValueSpecification\",\"valueRequired\":true,\"valueName\":\"search_term_string\"}}],\"inLanguage\":\"fr-FR\"},{\"@type\":\"Organization\",\"@id\":\"https:\/\/infomaniak.careista.ch\/fr\/#organization\",\"name\":\"CAREISTA\",\"url\":\"https:\/\/infomaniak.careista.ch\/fr\/\",\"logo\":{\"@type\":\"ImageObject\",\"inLanguage\":\"fr-FR\",\"@id\":\"https:\/\/infomaniak.careista.ch\/fr\/#\/schema\/logo\/image\/\",\"url\":\"https:\/\/infomaniak.careista.ch\/wp-content\/uploads\/2025\/02\/Careista-Logo-S_rgb.svg.svg\",\"contentUrl\":\"https:\/\/infomaniak.careista.ch\/wp-content\/uploads\/2025\/02\/Careista-Logo-S_rgb.svg.svg\",\"caption\":\"CAREISTA\"},\"image\":{\"@id\":\"https:\/\/infomaniak.careista.ch\/fr\/#\/schema\/logo\/image\/\"}}]}<\/script>\n<!-- \/ Yoast SEO plugin. -->","yoast_head_json":{"title":"Gengigel Dentifrice protecteur des gencives 75ml - CAREISTA","robots":{"index":"noindex","follow":"follow","max-snippet":"max-snippet:-1","max-image-preview":"max-image-preview:large","max-video-preview":"max-video-preview:-1"},"og_locale":"fr_FR","og_type":"article","og_title":"Gengigel Dentifrice protecteur des gencives 75ml - CAREISTA","og_description":"Dentifrice protecteur de gencives pour des gencives saines et des dents solides Le dentifrice Gengigel protection des gencives aide \u00e0 r\u00e9duire les signes de gingivite et \u00e0 pr\u00e9venir la s\u00e9cheresse de la bouche, les irritations buccales et les aphtes. \u00c0 utiliser quotidiennement pour des gencives plus saines et des dents plus fortes.   Offre un soutien suppl\u00e9mentaire en cas de gingivite, de parodontite et apr\u00e8s une op\u00e9ration dentaire  Combat les causes des saignements des gencives  Renforce l'\u00e9mail des dents  Id\u00e9al pour une utilisation compl\u00e9mentaire avec d'autres produits Gengigel  Sans SLS ni colorants artificiels  Contient 0,06% d'acide hyaluronique, du fluorure de sodium, de la lactoferrine et de l'extrait d'aloe vera. Contenu : 1 tube de 75ml","og_url":"https:\/\/infomaniak.careista.ch\/fr\/produkte\/soins-buccaux-fr\/dentifrice-fr\/gengigel-dentifrice-protecteur-des-gencives-75ml\/","og_site_name":"CAREISTA","article_modified_time":"2026-04-15T11:28:14+00:00","og_image":[{"width":800,"height":800,"url":"https:\/\/infomaniak.careista.ch\/wp-content\/uploads\/2025\/07\/DG3101-075-00-Gengigel-Zahnfleischschutz-Zahnpasta-75ml-800x800px2.jpg","type":"image\/jpeg"}],"twitter_card":"summary_large_image","schema":{"@context":"https:\/\/schema.org","@graph":[{"@type":"WebPage","@id":"https:\/\/infomaniak.careista.ch\/fr\/produkte\/soins-buccaux-fr\/dentifrice-fr\/gengigel-dentifrice-protecteur-des-gencives-75ml\/","url":"https:\/\/infomaniak.careista.ch\/fr\/produkte\/soins-buccaux-fr\/dentifrice-fr\/gengigel-dentifrice-protecteur-des-gencives-75ml\/","name":"Gengigel Dentifrice protecteur des gencives 75ml - CAREISTA","isPartOf":{"@id":"https:\/\/infomaniak.careista.ch\/fr\/#website"},"primaryImageOfPage":{"@id":"https:\/\/infomaniak.careista.ch\/fr\/produkte\/soins-buccaux-fr\/dentifrice-fr\/gengigel-dentifrice-protecteur-des-gencives-75ml\/#primaryimage"},"image":{"@id":"https:\/\/infomaniak.careista.ch\/fr\/produkte\/soins-buccaux-fr\/dentifrice-fr\/gengigel-dentifrice-protecteur-des-gencives-75ml\/#primaryimage"},"thumbnailUrl":"https:\/\/infomaniak.careista.ch\/wp-content\/uploads\/2025\/07\/DG3101-075-00-Gengigel-Zahnfleischschutz-Zahnpasta-75ml-800x800px2.jpg","datePublished":"2025-09-25T12:00:00+00:00","dateModified":"2026-04-15T11:28:14+00:00","breadcrumb":{"@id":"https:\/\/infomaniak.careista.ch\/fr\/produkte\/soins-buccaux-fr\/dentifrice-fr\/gengigel-dentifrice-protecteur-des-gencives-75ml\/#breadcrumb"},"inLanguage":"fr-FR","potentialAction":[{"@type":"ReadAction","target":["https:\/\/infomaniak.careista.ch\/fr\/produkte\/soins-buccaux-fr\/dentifrice-fr\/gengigel-dentifrice-protecteur-des-gencives-75ml\/"]}]},{"@type":"ImageObject","inLanguage":"fr-FR","@id":"https:\/\/infomaniak.careista.ch\/fr\/produkte\/soins-buccaux-fr\/dentifrice-fr\/gengigel-dentifrice-protecteur-des-gencives-75ml\/#primaryimage","url":"https:\/\/infomaniak.careista.ch\/wp-content\/uploads\/2025\/07\/DG3101-075-00-Gengigel-Zahnfleischschutz-Zahnpasta-75ml-800x800px2.jpg","contentUrl":"https:\/\/infomaniak.careista.ch\/wp-content\/uploads\/2025\/07\/DG3101-075-00-Gengigel-Zahnfleischschutz-Zahnpasta-75ml-800x800px2.jpg","width":800,"height":800,"caption":"Gengigel dentifrice protecteur des gencives - acide hyaluronique &amp; fluor pour des gencives saines. Dentifrice protecteur pour pr\u00e9venir la gingivite &amp; renforcer l'\u00e9mail des dents."},{"@type":"BreadcrumbList","@id":"https:\/\/infomaniak.careista.ch\/fr\/produkte\/soins-buccaux-fr\/dentifrice-fr\/gengigel-dentifrice-protecteur-des-gencives-75ml\/#breadcrumb","itemListElement":[{"@type":"ListItem","position":1,"name":"Home","item":"https:\/\/infomaniak.careista.ch\/fr\/"},{"@type":"ListItem","position":2,"name":"Shop","item":"https:\/\/infomaniak.careista.ch\/fr\/shop\/"},{"@type":"ListItem","position":3,"name":"Gengigel Dentifrice protecteur des gencives 75ml"}]},{"@type":"WebSite","@id":"https:\/\/infomaniak.careista.ch\/fr\/#website","url":"https:\/\/infomaniak.careista.ch\/fr\/","name":"CAREISTA","description":"Dein pers\u00f6nlicher Pflege-Barista","publisher":{"@id":"https:\/\/infomaniak.careista.ch\/fr\/#organization"},"potentialAction":[{"@type":"SearchAction","target":{"@type":"EntryPoint","urlTemplate":"https:\/\/infomaniak.careista.ch\/fr\/?s={search_term_string}"},"query-input":{"@type":"PropertyValueSpecification","valueRequired":true,"valueName":"search_term_string"}}],"inLanguage":"fr-FR"},{"@type":"Organization","@id":"https:\/\/infomaniak.careista.ch\/fr\/#organization","name":"CAREISTA","url":"https:\/\/infomaniak.careista.ch\/fr\/","logo":{"@type":"ImageObject","inLanguage":"fr-FR","@id":"https:\/\/infomaniak.careista.ch\/fr\/#\/schema\/logo\/image\/","url":"https:\/\/infomaniak.careista.ch\/wp-content\/uploads\/2025\/02\/Careista-Logo-S_rgb.svg.svg","contentUrl":"https:\/\/infomaniak.careista.ch\/wp-content\/uploads\/2025\/02\/Careista-Logo-S_rgb.svg.svg","caption":"CAREISTA"},"image":{"@id":"https:\/\/infomaniak.careista.ch\/fr\/#\/schema\/logo\/image\/"}}]}},"jetpack_sharing_enabled":true,"_links":{"self":[{"href":"https:\/\/infomaniak.careista.ch\/fr\/wp-json\/wp\/v2\/product\/9368","targetHints":{"allow":["GET"]}}],"collection":[{"href":"https:\/\/infomaniak.careista.ch\/fr\/wp-json\/wp\/v2\/product"}],"about":[{"href":"https:\/\/infomaniak.careista.ch\/fr\/wp-json\/wp\/v2\/types\/product"}],"replies":[{"embeddable":true,"href":"https:\/\/infomaniak.careista.ch\/fr\/wp-json\/wp\/v2\/comments?post=9368"}],"version-history":[{"count":0,"href":"https:\/\/infomaniak.careista.ch\/fr\/wp-json\/wp\/v2\/product\/9368\/revisions"}],"wp:featuredmedia":[{"embeddable":true,"href":"https:\/\/infomaniak.careista.ch\/fr\/wp-json\/wp\/v2\/media\/12492"}],"wp:attachment":[{"href":"https:\/\/infomaniak.careista.ch\/fr\/wp-json\/wp\/v2\/media?parent=9368"}],"wp:term":[{"taxonomy":"anwendung-kategorie","embeddable":true,"href":"https:\/\/infomaniak.careista.ch\/fr\/wp-json\/wp\/v2\/anwendung-kategorie?post=9368"},{"taxonomy":"anwendung","embeddable":true,"href":"https:\/\/infomaniak.careista.ch\/fr\/wp-json\/wp\/v2\/anwendung?post=9368"},{"taxonomy":"product_brand","embeddable":true,"href":"https:\/\/infomaniak.careista.ch\/fr\/wp-json\/wp\/v2\/product_brand?post=9368"},{"taxonomy":"product_cat","embeddable":true,"href":"https:\/\/infomaniak.careista.ch\/fr\/wp-json\/wp\/v2\/product_cat?post=9368"},{"taxonomy":"product_tag","embeddable":true,"href":"https:\/\/infomaniak.careista.ch\/fr\/wp-json\/wp\/v2\/product_tag?post=9368"}],"curies":[{"name":"wp","href":"https:\/\/api.w.org\/{rel}","templated":true}]}}