{"id":9378,"date":"2025-09-25T14:00:00","date_gmt":"2025-09-25T12:00:00","guid":{"rendered":"https:\/\/infomaniak.careista.ch\/produkte\/non%20class\u00e9\/bain-de-bouche-gengigel-150ml\/"},"modified":"2026-04-17T10:35:36","modified_gmt":"2026-04-17T08:35:36","slug":"bain-de-bouche-gengigel-150ml","status":"publish","type":"product","link":"https:\/\/infomaniak.careista.ch\/fr\/produkte\/soins-buccaux-fr\/divers-soins-buccaux-fr\/bain-de-bouche-gengigel-150ml\/","title":{"rendered":"Bain de bouche Gengigel 150ml"},"content":{"rendered":"","protected":false},"excerpt":{"rendered":"<p><strong>Pour un soin complet de la cavit\u00e9 buccale en cas de gencives sensibles<\/strong><br \/>\nLa solution buccale Gengigel a un effet analg\u00e9sique et cicatrisant et est particuli\u00e8rement indiqu\u00e9e en cas de l\u00e9sions diffuses et\/ou multiples en cas de gingivite aigu\u00eb, de parodontite, d&rsquo;ulc\u00e8res buccaux (aphtes), de v\u00e9sicules labiales ainsi qu&rsquo;apr\u00e8s une intervention chirurgicale et une hygi\u00e8ne dentaire.<\/p>\n<ul>\n<li>R\u00e9duit les saignements apr\u00e8s des \u00e9v\u00e9nements traumatiques : implants dentaires, extractions dentaires, nettoyage des poches gingivales, traitements radiculaires<\/li>\n<li>Agit uniform\u00e9ment sur l&rsquo;ensemble de la muqueuse buccale<\/li>\n<li>Convient pour une utilisation quotidienne r\u00e9guli\u00e8re<\/li>\n<li>Sans lactose, gluten, sucre<\/li>\n<li>Vegan<\/li>\n<li>Convient \u00e0 tous les groupes de patients, y compris les enfants de plus de 3 ans, les femmes enceintes et les diab\u00e9tiques.<\/li>\n<li>Avec 0,025% d&rsquo;acide hyaluronique<\/li>\n<\/ul>\n<p><em>Contenu : 1 bouteille de 150ml<\/em><\/p>\n","protected":false},"featured_media":11161,"comment_status":"closed","ping_status":"closed","template":"","meta":{"_acf_changed":false},"anwendung-kategorie":[],"anwendung":[317,322],"product_brand":[337],"product_cat":[214,215],"product_tag":[],"class_list":{"0":"post-9378","1":"product","2":"type-product","3":"status-publish","4":"has-post-thumbnail","6":"anwendung-des-gencives-saines","7":"anwendung-reparation","8":"product_brand-gengigel-fr","9":"product_cat-soins-buccaux-fr","10":"product_cat-divers-soins-buccaux-fr","11":"pa_ch-rep-decomplixag-freiburgstrasse3-3010bern","12":"pa_importer-beverfood-ag-chaltenbodenstrasse-6c-ch-8834-schindellegi","14":"first","15":"instock","16":"featured","17":"taxable","18":"shipping-taxable","19":"purchasable","20":"product-type-simple"},"acf":[],"yoast_head":"<!-- This site is optimized with the Yoast SEO plugin v26.7 - https:\/\/yoast.com\/wordpress\/plugins\/seo\/ -->\n<title>Bain de bouche Gengigel 150ml - CAREISTA<\/title>\n<meta name=\"robots\" content=\"noindex, follow, max-snippet:-1, max-image-preview:large, max-video-preview:-1\" \/>\n<meta property=\"og:locale\" content=\"fr_FR\" \/>\n<meta property=\"og:type\" content=\"article\" \/>\n<meta property=\"og:title\" content=\"Bain de bouche Gengigel 150ml - CAREISTA\" \/>\n<meta property=\"og:description\" content=\"Pour un soin complet de la cavit\u00e9 buccale en cas de gencives sensibles La solution buccale Gengigel a un effet analg\u00e9sique et cicatrisant et est particuli\u00e8rement indiqu\u00e9e en cas de l\u00e9sions diffuses et\/ou multiples en cas de gingivite aigu\u00eb, de parodontite, d&#039;ulc\u00e8res buccaux (aphtes), de v\u00e9sicules labiales ainsi qu&#039;apr\u00e8s une intervention chirurgicale et une hygi\u00e8ne dentaire.  R\u00e9duit les saignements apr\u00e8s des \u00e9v\u00e9nements traumatiques : implants dentaires, extractions dentaires, nettoyage des poches gingivales, traitements radiculaires  Agit uniform\u00e9ment sur l&#039;ensemble de la muqueuse buccale  Convient pour une utilisation quotidienne r\u00e9guli\u00e8re  Sans lactose, gluten, sucre  Vegan  Convient \u00e0 tous les groupes de patients, y compris les enfants de plus de 3 ans, les femmes enceintes et les diab\u00e9tiques.  Avec 0,025% d&#039;acide hyaluronique Contenu : 1 bouteille de 150ml\" \/>\n<meta property=\"og:url\" content=\"https:\/\/infomaniak.careista.ch\/fr\/produkte\/soins-buccaux-fr\/divers-soins-buccaux-fr\/bain-de-bouche-gengigel-150ml\/\" \/>\n<meta property=\"og:site_name\" content=\"CAREISTA\" \/>\n<meta property=\"article:modified_time\" content=\"2026-04-17T08:35:36+00:00\" \/>\n<meta property=\"og:image\" content=\"https:\/\/infomaniak.careista.ch\/wp-content\/uploads\/2025\/07\/2007IN-Gengigel-Mundspuehlloesung-150ml-800x800px1.jpg\" \/>\n\t<meta property=\"og:image:width\" content=\"800\" \/>\n\t<meta property=\"og:image:height\" content=\"800\" \/>\n\t<meta property=\"og:image:type\" content=\"image\/jpeg\" \/>\n<meta name=\"twitter:card\" content=\"summary_large_image\" \/>\n<script type=\"application\/ld+json\" class=\"yoast-schema-graph\">{\"@context\":\"https:\/\/schema.org\",\"@graph\":[{\"@type\":\"WebPage\",\"@id\":\"https:\/\/infomaniak.careista.ch\/fr\/produkte\/soins-buccaux-fr\/divers-soins-buccaux-fr\/bain-de-bouche-gengigel-150ml\/\",\"url\":\"https:\/\/infomaniak.careista.ch\/fr\/produkte\/soins-buccaux-fr\/divers-soins-buccaux-fr\/bain-de-bouche-gengigel-150ml\/\",\"name\":\"Bain de bouche Gengigel 150ml - CAREISTA\",\"isPartOf\":{\"@id\":\"https:\/\/infomaniak.careista.ch\/fr\/#website\"},\"primaryImageOfPage\":{\"@id\":\"https:\/\/infomaniak.careista.ch\/fr\/produkte\/soins-buccaux-fr\/divers-soins-buccaux-fr\/bain-de-bouche-gengigel-150ml\/#primaryimage\"},\"image\":{\"@id\":\"https:\/\/infomaniak.careista.ch\/fr\/produkte\/soins-buccaux-fr\/divers-soins-buccaux-fr\/bain-de-bouche-gengigel-150ml\/#primaryimage\"},\"thumbnailUrl\":\"https:\/\/infomaniak.careista.ch\/wp-content\/uploads\/2025\/07\/2007IN-Gengigel-Mundspuehlloesung-150ml-800x800px1.jpg\",\"datePublished\":\"2025-09-25T12:00:00+00:00\",\"dateModified\":\"2026-04-17T08:35:36+00:00\",\"breadcrumb\":{\"@id\":\"https:\/\/infomaniak.careista.ch\/fr\/produkte\/soins-buccaux-fr\/divers-soins-buccaux-fr\/bain-de-bouche-gengigel-150ml\/#breadcrumb\"},\"inLanguage\":\"fr-FR\",\"potentialAction\":[{\"@type\":\"ReadAction\",\"target\":[\"https:\/\/infomaniak.careista.ch\/fr\/produkte\/soins-buccaux-fr\/divers-soins-buccaux-fr\/bain-de-bouche-gengigel-150ml\/\"]}]},{\"@type\":\"ImageObject\",\"inLanguage\":\"fr-FR\",\"@id\":\"https:\/\/infomaniak.careista.ch\/fr\/produkte\/soins-buccaux-fr\/divers-soins-buccaux-fr\/bain-de-bouche-gengigel-150ml\/#primaryimage\",\"url\":\"https:\/\/infomaniak.careista.ch\/wp-content\/uploads\/2025\/07\/2007IN-Gengigel-Mundspuehlloesung-150ml-800x800px1.jpg\",\"contentUrl\":\"https:\/\/infomaniak.careista.ch\/wp-content\/uploads\/2025\/07\/2007IN-Gengigel-Mundspuehlloesung-150ml-800x800px1.jpg\",\"width\":800,\"height\":800,\"caption\":\"Bain de bouche Gengigel - Soin et protection en douceur des gencives avec de l'acide hyaluronique de haute puret\u00e9\"},{\"@type\":\"BreadcrumbList\",\"@id\":\"https:\/\/infomaniak.careista.ch\/fr\/produkte\/soins-buccaux-fr\/divers-soins-buccaux-fr\/bain-de-bouche-gengigel-150ml\/#breadcrumb\",\"itemListElement\":[{\"@type\":\"ListItem\",\"position\":1,\"name\":\"Home\",\"item\":\"https:\/\/infomaniak.careista.ch\/fr\/\"},{\"@type\":\"ListItem\",\"position\":2,\"name\":\"Shop\",\"item\":\"https:\/\/infomaniak.careista.ch\/fr\/shop\/\"},{\"@type\":\"ListItem\",\"position\":3,\"name\":\"Bain de bouche Gengigel 150ml\"}]},{\"@type\":\"WebSite\",\"@id\":\"https:\/\/infomaniak.careista.ch\/fr\/#website\",\"url\":\"https:\/\/infomaniak.careista.ch\/fr\/\",\"name\":\"CAREISTA\",\"description\":\"Dein pers\u00f6nlicher Pflege-Barista\",\"publisher\":{\"@id\":\"https:\/\/infomaniak.careista.ch\/fr\/#organization\"},\"potentialAction\":[{\"@type\":\"SearchAction\",\"target\":{\"@type\":\"EntryPoint\",\"urlTemplate\":\"https:\/\/infomaniak.careista.ch\/fr\/?s={search_term_string}\"},\"query-input\":{\"@type\":\"PropertyValueSpecification\",\"valueRequired\":true,\"valueName\":\"search_term_string\"}}],\"inLanguage\":\"fr-FR\"},{\"@type\":\"Organization\",\"@id\":\"https:\/\/infomaniak.careista.ch\/fr\/#organization\",\"name\":\"CAREISTA\",\"url\":\"https:\/\/infomaniak.careista.ch\/fr\/\",\"logo\":{\"@type\":\"ImageObject\",\"inLanguage\":\"fr-FR\",\"@id\":\"https:\/\/infomaniak.careista.ch\/fr\/#\/schema\/logo\/image\/\",\"url\":\"https:\/\/infomaniak.careista.ch\/wp-content\/uploads\/2025\/02\/Careista-Logo-S_rgb.svg.svg\",\"contentUrl\":\"https:\/\/infomaniak.careista.ch\/wp-content\/uploads\/2025\/02\/Careista-Logo-S_rgb.svg.svg\",\"caption\":\"CAREISTA\"},\"image\":{\"@id\":\"https:\/\/infomaniak.careista.ch\/fr\/#\/schema\/logo\/image\/\"}}]}<\/script>\n<!-- \/ Yoast SEO plugin. -->","yoast_head_json":{"title":"Bain de bouche Gengigel 150ml - CAREISTA","robots":{"index":"noindex","follow":"follow","max-snippet":"max-snippet:-1","max-image-preview":"max-image-preview:large","max-video-preview":"max-video-preview:-1"},"og_locale":"fr_FR","og_type":"article","og_title":"Bain de bouche Gengigel 150ml - CAREISTA","og_description":"Pour un soin complet de la cavit\u00e9 buccale en cas de gencives sensibles La solution buccale Gengigel a un effet analg\u00e9sique et cicatrisant et est particuli\u00e8rement indiqu\u00e9e en cas de l\u00e9sions diffuses et\/ou multiples en cas de gingivite aigu\u00eb, de parodontite, d'ulc\u00e8res buccaux (aphtes), de v\u00e9sicules labiales ainsi qu'apr\u00e8s une intervention chirurgicale et une hygi\u00e8ne dentaire.  R\u00e9duit les saignements apr\u00e8s des \u00e9v\u00e9nements traumatiques : implants dentaires, extractions dentaires, nettoyage des poches gingivales, traitements radiculaires  Agit uniform\u00e9ment sur l'ensemble de la muqueuse buccale  Convient pour une utilisation quotidienne r\u00e9guli\u00e8re  Sans lactose, gluten, sucre  Vegan  Convient \u00e0 tous les groupes de patients, y compris les enfants de plus de 3 ans, les femmes enceintes et les diab\u00e9tiques.  Avec 0,025% d'acide hyaluronique Contenu : 1 bouteille de 150ml","og_url":"https:\/\/infomaniak.careista.ch\/fr\/produkte\/soins-buccaux-fr\/divers-soins-buccaux-fr\/bain-de-bouche-gengigel-150ml\/","og_site_name":"CAREISTA","article_modified_time":"2026-04-17T08:35:36+00:00","og_image":[{"width":800,"height":800,"url":"https:\/\/infomaniak.careista.ch\/wp-content\/uploads\/2025\/07\/2007IN-Gengigel-Mundspuehlloesung-150ml-800x800px1.jpg","type":"image\/jpeg"}],"twitter_card":"summary_large_image","schema":{"@context":"https:\/\/schema.org","@graph":[{"@type":"WebPage","@id":"https:\/\/infomaniak.careista.ch\/fr\/produkte\/soins-buccaux-fr\/divers-soins-buccaux-fr\/bain-de-bouche-gengigel-150ml\/","url":"https:\/\/infomaniak.careista.ch\/fr\/produkte\/soins-buccaux-fr\/divers-soins-buccaux-fr\/bain-de-bouche-gengigel-150ml\/","name":"Bain de bouche Gengigel 150ml - CAREISTA","isPartOf":{"@id":"https:\/\/infomaniak.careista.ch\/fr\/#website"},"primaryImageOfPage":{"@id":"https:\/\/infomaniak.careista.ch\/fr\/produkte\/soins-buccaux-fr\/divers-soins-buccaux-fr\/bain-de-bouche-gengigel-150ml\/#primaryimage"},"image":{"@id":"https:\/\/infomaniak.careista.ch\/fr\/produkte\/soins-buccaux-fr\/divers-soins-buccaux-fr\/bain-de-bouche-gengigel-150ml\/#primaryimage"},"thumbnailUrl":"https:\/\/infomaniak.careista.ch\/wp-content\/uploads\/2025\/07\/2007IN-Gengigel-Mundspuehlloesung-150ml-800x800px1.jpg","datePublished":"2025-09-25T12:00:00+00:00","dateModified":"2026-04-17T08:35:36+00:00","breadcrumb":{"@id":"https:\/\/infomaniak.careista.ch\/fr\/produkte\/soins-buccaux-fr\/divers-soins-buccaux-fr\/bain-de-bouche-gengigel-150ml\/#breadcrumb"},"inLanguage":"fr-FR","potentialAction":[{"@type":"ReadAction","target":["https:\/\/infomaniak.careista.ch\/fr\/produkte\/soins-buccaux-fr\/divers-soins-buccaux-fr\/bain-de-bouche-gengigel-150ml\/"]}]},{"@type":"ImageObject","inLanguage":"fr-FR","@id":"https:\/\/infomaniak.careista.ch\/fr\/produkte\/soins-buccaux-fr\/divers-soins-buccaux-fr\/bain-de-bouche-gengigel-150ml\/#primaryimage","url":"https:\/\/infomaniak.careista.ch\/wp-content\/uploads\/2025\/07\/2007IN-Gengigel-Mundspuehlloesung-150ml-800x800px1.jpg","contentUrl":"https:\/\/infomaniak.careista.ch\/wp-content\/uploads\/2025\/07\/2007IN-Gengigel-Mundspuehlloesung-150ml-800x800px1.jpg","width":800,"height":800,"caption":"Bain de bouche Gengigel - Soin et protection en douceur des gencives avec de l'acide hyaluronique de haute puret\u00e9"},{"@type":"BreadcrumbList","@id":"https:\/\/infomaniak.careista.ch\/fr\/produkte\/soins-buccaux-fr\/divers-soins-buccaux-fr\/bain-de-bouche-gengigel-150ml\/#breadcrumb","itemListElement":[{"@type":"ListItem","position":1,"name":"Home","item":"https:\/\/infomaniak.careista.ch\/fr\/"},{"@type":"ListItem","position":2,"name":"Shop","item":"https:\/\/infomaniak.careista.ch\/fr\/shop\/"},{"@type":"ListItem","position":3,"name":"Bain de bouche Gengigel 150ml"}]},{"@type":"WebSite","@id":"https:\/\/infomaniak.careista.ch\/fr\/#website","url":"https:\/\/infomaniak.careista.ch\/fr\/","name":"CAREISTA","description":"Dein pers\u00f6nlicher Pflege-Barista","publisher":{"@id":"https:\/\/infomaniak.careista.ch\/fr\/#organization"},"potentialAction":[{"@type":"SearchAction","target":{"@type":"EntryPoint","urlTemplate":"https:\/\/infomaniak.careista.ch\/fr\/?s={search_term_string}"},"query-input":{"@type":"PropertyValueSpecification","valueRequired":true,"valueName":"search_term_string"}}],"inLanguage":"fr-FR"},{"@type":"Organization","@id":"https:\/\/infomaniak.careista.ch\/fr\/#organization","name":"CAREISTA","url":"https:\/\/infomaniak.careista.ch\/fr\/","logo":{"@type":"ImageObject","inLanguage":"fr-FR","@id":"https:\/\/infomaniak.careista.ch\/fr\/#\/schema\/logo\/image\/","url":"https:\/\/infomaniak.careista.ch\/wp-content\/uploads\/2025\/02\/Careista-Logo-S_rgb.svg.svg","contentUrl":"https:\/\/infomaniak.careista.ch\/wp-content\/uploads\/2025\/02\/Careista-Logo-S_rgb.svg.svg","caption":"CAREISTA"},"image":{"@id":"https:\/\/infomaniak.careista.ch\/fr\/#\/schema\/logo\/image\/"}}]}},"jetpack_sharing_enabled":true,"_links":{"self":[{"href":"https:\/\/infomaniak.careista.ch\/fr\/wp-json\/wp\/v2\/product\/9378","targetHints":{"allow":["GET"]}}],"collection":[{"href":"https:\/\/infomaniak.careista.ch\/fr\/wp-json\/wp\/v2\/product"}],"about":[{"href":"https:\/\/infomaniak.careista.ch\/fr\/wp-json\/wp\/v2\/types\/product"}],"replies":[{"embeddable":true,"href":"https:\/\/infomaniak.careista.ch\/fr\/wp-json\/wp\/v2\/comments?post=9378"}],"version-history":[{"count":0,"href":"https:\/\/infomaniak.careista.ch\/fr\/wp-json\/wp\/v2\/product\/9378\/revisions"}],"wp:featuredmedia":[{"embeddable":true,"href":"https:\/\/infomaniak.careista.ch\/fr\/wp-json\/wp\/v2\/media\/11161"}],"wp:attachment":[{"href":"https:\/\/infomaniak.careista.ch\/fr\/wp-json\/wp\/v2\/media?parent=9378"}],"wp:term":[{"taxonomy":"anwendung-kategorie","embeddable":true,"href":"https:\/\/infomaniak.careista.ch\/fr\/wp-json\/wp\/v2\/anwendung-kategorie?post=9378"},{"taxonomy":"anwendung","embeddable":true,"href":"https:\/\/infomaniak.careista.ch\/fr\/wp-json\/wp\/v2\/anwendung?post=9378"},{"taxonomy":"product_brand","embeddable":true,"href":"https:\/\/infomaniak.careista.ch\/fr\/wp-json\/wp\/v2\/product_brand?post=9378"},{"taxonomy":"product_cat","embeddable":true,"href":"https:\/\/infomaniak.careista.ch\/fr\/wp-json\/wp\/v2\/product_cat?post=9378"},{"taxonomy":"product_tag","embeddable":true,"href":"https:\/\/infomaniak.careista.ch\/fr\/wp-json\/wp\/v2\/product_tag?post=9378"}],"curies":[{"name":"wp","href":"https:\/\/api.w.org\/{rel}","templated":true}]}}