{"id":9391,"date":"2025-09-25T14:00:00","date_gmt":"2025-09-25T12:00:00","guid":{"rendered":"https:\/\/infomaniak.careista.ch\/produkte\/non%20class\u00e9\/gel-pour-bebe-gengigel-20ml\/"},"modified":"2026-04-19T21:13:25","modified_gmt":"2026-04-19T19:13:25","slug":"gel-pour-bebe-gengigel-20ml","status":"publish","type":"product","link":"https:\/\/infomaniak.careista.ch\/fr\/produkte\/soins-buccaux-fr\/divers-soins-buccaux-fr\/gel-pour-bebe-gengigel-20ml\/","title":{"rendered":"Gel pour b\u00e9b\u00e9 Gengigel 20ml"},"content":{"rendered":"","protected":false},"excerpt":{"rendered":"<p><strong>Soulage les douleurs li\u00e9es \u00e0 la pouss\u00e9e dentaire<\/strong><\/p>\n<p>Le Gengigel Baby Gel acc\u00e9l\u00e8re la r\u00e9g\u00e9n\u00e9ration des tissus gingivaux, am\u00e9liore l&rsquo;\u00e9lasticit\u00e9 des gencives lors de l&rsquo;\u00e9ruption des dents et a un effet anti-inflammatoire &#8211; pour des nuits paisibles et des journ\u00e9es sans souci.<\/p>\n<ul>\n<li>R\u00e9duit la douleur et l&rsquo;enflure et favorise la gu\u00e9rison<\/li>\n<li>Ne contient pas d&rsquo;anesth\u00e9siques locaux, d&rsquo;ar\u00f4mes artificiels ou de conservateurs.<\/li>\n<li>Exempt d&rsquo;agents analg\u00e9siques (par ex. lidoca\u00efne), de lactose, de gluten, d&rsquo;alcool, de sucre<\/li>\n<li>Inoffensif en cas d&rsquo;ingestion et s\u00fbr m\u00eame pendant la grossesse et l&rsquo;allaitement<\/li>\n<li>Au go\u00fbt agr\u00e9able et adapt\u00e9 \u00e0 un usage quotidien<\/li>\n<li>Vegan<\/li>\n<li>Avec 0,54% d&rsquo;acide hyaluronique<\/li>\n<\/ul>\n<p><em>Contenu : 1 tube de 20ml<\/em><\/p>\n","protected":false},"featured_media":19450,"comment_status":"closed","ping_status":"closed","template":"","meta":{"_acf_changed":false},"anwendung-kategorie":[],"anwendung":[317,322,318],"product_brand":[337],"product_cat":[214,215],"product_tag":[],"class_list":{"0":"post-9391","1":"product","2":"type-product","3":"status-publish","4":"has-post-thumbnail","6":"anwendung-des-gencives-saines","7":"anwendung-reparation","8":"anwendung-enfants","9":"product_brand-gengigel-fr","10":"product_cat-soins-buccaux-fr","11":"product_cat-divers-soins-buccaux-fr","12":"pa_ch-rep-decomplixag-freiburgstrasse3-3010bern","13":"pa_importer-beverfood-ag-chaltenbodenstrasse-6c-ch-8834-schindellegi","15":"first","16":"instock","17":"featured","18":"taxable","19":"shipping-taxable","20":"purchasable","21":"product-type-simple"},"acf":[],"yoast_head":"<!-- This site is optimized with the Yoast SEO plugin v26.7 - https:\/\/yoast.com\/wordpress\/plugins\/seo\/ -->\n<title>Gel pour b\u00e9b\u00e9 Gengigel 20ml - CAREISTA<\/title>\n<meta name=\"robots\" content=\"noindex, follow, max-snippet:-1, max-image-preview:large, max-video-preview:-1\" \/>\n<meta property=\"og:locale\" content=\"fr_FR\" \/>\n<meta property=\"og:type\" content=\"article\" \/>\n<meta property=\"og:title\" content=\"Gel pour b\u00e9b\u00e9 Gengigel 20ml - CAREISTA\" \/>\n<meta property=\"og:description\" content=\"Soulage les douleurs li\u00e9es \u00e0 la pouss\u00e9e dentaire Le Gengigel Baby Gel acc\u00e9l\u00e8re la r\u00e9g\u00e9n\u00e9ration des tissus gingivaux, am\u00e9liore l&#039;\u00e9lasticit\u00e9 des gencives lors de l&#039;\u00e9ruption des dents et a un effet anti-inflammatoire - pour des nuits paisibles et des journ\u00e9es sans souci.  R\u00e9duit la douleur et l&#039;enflure et favorise la gu\u00e9rison  Ne contient pas d&#039;anesth\u00e9siques locaux, d&#039;ar\u00f4mes artificiels ou de conservateurs.  Exempt d&#039;agents analg\u00e9siques (par ex. lidoca\u00efne), de lactose, de gluten, d&#039;alcool, de sucre  Inoffensif en cas d&#039;ingestion et s\u00fbr m\u00eame pendant la grossesse et l&#039;allaitement  Au go\u00fbt agr\u00e9able et adapt\u00e9 \u00e0 un usage quotidien  Vegan  Avec 0,54% d&#039;acide hyaluronique Contenu : 1 tube de 20ml\" \/>\n<meta property=\"og:url\" content=\"https:\/\/infomaniak.careista.ch\/fr\/produkte\/soins-buccaux-fr\/divers-soins-buccaux-fr\/gel-pour-bebe-gengigel-20ml\/\" \/>\n<meta property=\"og:site_name\" content=\"CAREISTA\" \/>\n<meta property=\"article:modified_time\" content=\"2026-04-19T19:13:25+00:00\" \/>\n<meta property=\"og:image\" content=\"https:\/\/infomaniak.careista.ch\/wp-content\/uploads\/2025\/09\/2043IN-Gengigel-Baby-Gel-20ml-800x800px1.png\" \/>\n\t<meta property=\"og:image:width\" content=\"800\" \/>\n\t<meta property=\"og:image:height\" content=\"800\" \/>\n\t<meta property=\"og:image:type\" content=\"image\/png\" \/>\n<meta name=\"twitter:card\" content=\"summary_large_image\" \/>\n<script type=\"application\/ld+json\" class=\"yoast-schema-graph\">{\"@context\":\"https:\/\/schema.org\",\"@graph\":[{\"@type\":\"WebPage\",\"@id\":\"https:\/\/infomaniak.careista.ch\/fr\/produkte\/soins-buccaux-fr\/divers-soins-buccaux-fr\/gel-pour-bebe-gengigel-20ml\/\",\"url\":\"https:\/\/infomaniak.careista.ch\/fr\/produkte\/soins-buccaux-fr\/divers-soins-buccaux-fr\/gel-pour-bebe-gengigel-20ml\/\",\"name\":\"Gel pour b\u00e9b\u00e9 Gengigel 20ml - CAREISTA\",\"isPartOf\":{\"@id\":\"https:\/\/infomaniak.careista.ch\/fr\/#website\"},\"primaryImageOfPage\":{\"@id\":\"https:\/\/infomaniak.careista.ch\/fr\/produkte\/soins-buccaux-fr\/divers-soins-buccaux-fr\/gel-pour-bebe-gengigel-20ml\/#primaryimage\"},\"image\":{\"@id\":\"https:\/\/infomaniak.careista.ch\/fr\/produkte\/soins-buccaux-fr\/divers-soins-buccaux-fr\/gel-pour-bebe-gengigel-20ml\/#primaryimage\"},\"thumbnailUrl\":\"https:\/\/infomaniak.careista.ch\/wp-content\/uploads\/2025\/09\/2043IN-Gengigel-Baby-Gel-20ml-800x800px1.png\",\"datePublished\":\"2025-09-25T12:00:00+00:00\",\"dateModified\":\"2026-04-19T19:13:25+00:00\",\"breadcrumb\":{\"@id\":\"https:\/\/infomaniak.careista.ch\/fr\/produkte\/soins-buccaux-fr\/divers-soins-buccaux-fr\/gel-pour-bebe-gengigel-20ml\/#breadcrumb\"},\"inLanguage\":\"fr-FR\",\"potentialAction\":[{\"@type\":\"ReadAction\",\"target\":[\"https:\/\/infomaniak.careista.ch\/fr\/produkte\/soins-buccaux-fr\/divers-soins-buccaux-fr\/gel-pour-bebe-gengigel-20ml\/\"]}]},{\"@type\":\"ImageObject\",\"inLanguage\":\"fr-FR\",\"@id\":\"https:\/\/infomaniak.careista.ch\/fr\/produkte\/soins-buccaux-fr\/divers-soins-buccaux-fr\/gel-pour-bebe-gengigel-20ml\/#primaryimage\",\"url\":\"https:\/\/infomaniak.careista.ch\/wp-content\/uploads\/2025\/09\/2043IN-Gengigel-Baby-Gel-20ml-800x800px1.png\",\"contentUrl\":\"https:\/\/infomaniak.careista.ch\/wp-content\/uploads\/2025\/09\/2043IN-Gengigel-Baby-Gel-20ml-800x800px1.png\",\"width\":800,\"height\":800},{\"@type\":\"BreadcrumbList\",\"@id\":\"https:\/\/infomaniak.careista.ch\/fr\/produkte\/soins-buccaux-fr\/divers-soins-buccaux-fr\/gel-pour-bebe-gengigel-20ml\/#breadcrumb\",\"itemListElement\":[{\"@type\":\"ListItem\",\"position\":1,\"name\":\"Home\",\"item\":\"https:\/\/infomaniak.careista.ch\/fr\/\"},{\"@type\":\"ListItem\",\"position\":2,\"name\":\"Shop\",\"item\":\"https:\/\/infomaniak.careista.ch\/fr\/shop\/\"},{\"@type\":\"ListItem\",\"position\":3,\"name\":\"Gel pour b\u00e9b\u00e9 Gengigel 20ml\"}]},{\"@type\":\"WebSite\",\"@id\":\"https:\/\/infomaniak.careista.ch\/fr\/#website\",\"url\":\"https:\/\/infomaniak.careista.ch\/fr\/\",\"name\":\"CAREISTA\",\"description\":\"Dein pers\u00f6nlicher Pflege-Barista\",\"publisher\":{\"@id\":\"https:\/\/infomaniak.careista.ch\/fr\/#organization\"},\"potentialAction\":[{\"@type\":\"SearchAction\",\"target\":{\"@type\":\"EntryPoint\",\"urlTemplate\":\"https:\/\/infomaniak.careista.ch\/fr\/?s={search_term_string}\"},\"query-input\":{\"@type\":\"PropertyValueSpecification\",\"valueRequired\":true,\"valueName\":\"search_term_string\"}}],\"inLanguage\":\"fr-FR\"},{\"@type\":\"Organization\",\"@id\":\"https:\/\/infomaniak.careista.ch\/fr\/#organization\",\"name\":\"CAREISTA\",\"url\":\"https:\/\/infomaniak.careista.ch\/fr\/\",\"logo\":{\"@type\":\"ImageObject\",\"inLanguage\":\"fr-FR\",\"@id\":\"https:\/\/infomaniak.careista.ch\/fr\/#\/schema\/logo\/image\/\",\"url\":\"https:\/\/infomaniak.careista.ch\/wp-content\/uploads\/2025\/02\/Careista-Logo-S_rgb.svg.svg\",\"contentUrl\":\"https:\/\/infomaniak.careista.ch\/wp-content\/uploads\/2025\/02\/Careista-Logo-S_rgb.svg.svg\",\"caption\":\"CAREISTA\"},\"image\":{\"@id\":\"https:\/\/infomaniak.careista.ch\/fr\/#\/schema\/logo\/image\/\"}}]}<\/script>\n<!-- \/ Yoast SEO plugin. -->","yoast_head_json":{"title":"Gel pour b\u00e9b\u00e9 Gengigel 20ml - CAREISTA","robots":{"index":"noindex","follow":"follow","max-snippet":"max-snippet:-1","max-image-preview":"max-image-preview:large","max-video-preview":"max-video-preview:-1"},"og_locale":"fr_FR","og_type":"article","og_title":"Gel pour b\u00e9b\u00e9 Gengigel 20ml - CAREISTA","og_description":"Soulage les douleurs li\u00e9es \u00e0 la pouss\u00e9e dentaire Le Gengigel Baby Gel acc\u00e9l\u00e8re la r\u00e9g\u00e9n\u00e9ration des tissus gingivaux, am\u00e9liore l'\u00e9lasticit\u00e9 des gencives lors de l'\u00e9ruption des dents et a un effet anti-inflammatoire - pour des nuits paisibles et des journ\u00e9es sans souci.  R\u00e9duit la douleur et l'enflure et favorise la gu\u00e9rison  Ne contient pas d'anesth\u00e9siques locaux, d'ar\u00f4mes artificiels ou de conservateurs.  Exempt d'agents analg\u00e9siques (par ex. lidoca\u00efne), de lactose, de gluten, d'alcool, de sucre  Inoffensif en cas d'ingestion et s\u00fbr m\u00eame pendant la grossesse et l'allaitement  Au go\u00fbt agr\u00e9able et adapt\u00e9 \u00e0 un usage quotidien  Vegan  Avec 0,54% d'acide hyaluronique Contenu : 1 tube de 20ml","og_url":"https:\/\/infomaniak.careista.ch\/fr\/produkte\/soins-buccaux-fr\/divers-soins-buccaux-fr\/gel-pour-bebe-gengigel-20ml\/","og_site_name":"CAREISTA","article_modified_time":"2026-04-19T19:13:25+00:00","og_image":[{"width":800,"height":800,"url":"https:\/\/infomaniak.careista.ch\/wp-content\/uploads\/2025\/09\/2043IN-Gengigel-Baby-Gel-20ml-800x800px1.png","type":"image\/png"}],"twitter_card":"summary_large_image","schema":{"@context":"https:\/\/schema.org","@graph":[{"@type":"WebPage","@id":"https:\/\/infomaniak.careista.ch\/fr\/produkte\/soins-buccaux-fr\/divers-soins-buccaux-fr\/gel-pour-bebe-gengigel-20ml\/","url":"https:\/\/infomaniak.careista.ch\/fr\/produkte\/soins-buccaux-fr\/divers-soins-buccaux-fr\/gel-pour-bebe-gengigel-20ml\/","name":"Gel pour b\u00e9b\u00e9 Gengigel 20ml - CAREISTA","isPartOf":{"@id":"https:\/\/infomaniak.careista.ch\/fr\/#website"},"primaryImageOfPage":{"@id":"https:\/\/infomaniak.careista.ch\/fr\/produkte\/soins-buccaux-fr\/divers-soins-buccaux-fr\/gel-pour-bebe-gengigel-20ml\/#primaryimage"},"image":{"@id":"https:\/\/infomaniak.careista.ch\/fr\/produkte\/soins-buccaux-fr\/divers-soins-buccaux-fr\/gel-pour-bebe-gengigel-20ml\/#primaryimage"},"thumbnailUrl":"https:\/\/infomaniak.careista.ch\/wp-content\/uploads\/2025\/09\/2043IN-Gengigel-Baby-Gel-20ml-800x800px1.png","datePublished":"2025-09-25T12:00:00+00:00","dateModified":"2026-04-19T19:13:25+00:00","breadcrumb":{"@id":"https:\/\/infomaniak.careista.ch\/fr\/produkte\/soins-buccaux-fr\/divers-soins-buccaux-fr\/gel-pour-bebe-gengigel-20ml\/#breadcrumb"},"inLanguage":"fr-FR","potentialAction":[{"@type":"ReadAction","target":["https:\/\/infomaniak.careista.ch\/fr\/produkte\/soins-buccaux-fr\/divers-soins-buccaux-fr\/gel-pour-bebe-gengigel-20ml\/"]}]},{"@type":"ImageObject","inLanguage":"fr-FR","@id":"https:\/\/infomaniak.careista.ch\/fr\/produkte\/soins-buccaux-fr\/divers-soins-buccaux-fr\/gel-pour-bebe-gengigel-20ml\/#primaryimage","url":"https:\/\/infomaniak.careista.ch\/wp-content\/uploads\/2025\/09\/2043IN-Gengigel-Baby-Gel-20ml-800x800px1.png","contentUrl":"https:\/\/infomaniak.careista.ch\/wp-content\/uploads\/2025\/09\/2043IN-Gengigel-Baby-Gel-20ml-800x800px1.png","width":800,"height":800},{"@type":"BreadcrumbList","@id":"https:\/\/infomaniak.careista.ch\/fr\/produkte\/soins-buccaux-fr\/divers-soins-buccaux-fr\/gel-pour-bebe-gengigel-20ml\/#breadcrumb","itemListElement":[{"@type":"ListItem","position":1,"name":"Home","item":"https:\/\/infomaniak.careista.ch\/fr\/"},{"@type":"ListItem","position":2,"name":"Shop","item":"https:\/\/infomaniak.careista.ch\/fr\/shop\/"},{"@type":"ListItem","position":3,"name":"Gel pour b\u00e9b\u00e9 Gengigel 20ml"}]},{"@type":"WebSite","@id":"https:\/\/infomaniak.careista.ch\/fr\/#website","url":"https:\/\/infomaniak.careista.ch\/fr\/","name":"CAREISTA","description":"Dein pers\u00f6nlicher Pflege-Barista","publisher":{"@id":"https:\/\/infomaniak.careista.ch\/fr\/#organization"},"potentialAction":[{"@type":"SearchAction","target":{"@type":"EntryPoint","urlTemplate":"https:\/\/infomaniak.careista.ch\/fr\/?s={search_term_string}"},"query-input":{"@type":"PropertyValueSpecification","valueRequired":true,"valueName":"search_term_string"}}],"inLanguage":"fr-FR"},{"@type":"Organization","@id":"https:\/\/infomaniak.careista.ch\/fr\/#organization","name":"CAREISTA","url":"https:\/\/infomaniak.careista.ch\/fr\/","logo":{"@type":"ImageObject","inLanguage":"fr-FR","@id":"https:\/\/infomaniak.careista.ch\/fr\/#\/schema\/logo\/image\/","url":"https:\/\/infomaniak.careista.ch\/wp-content\/uploads\/2025\/02\/Careista-Logo-S_rgb.svg.svg","contentUrl":"https:\/\/infomaniak.careista.ch\/wp-content\/uploads\/2025\/02\/Careista-Logo-S_rgb.svg.svg","caption":"CAREISTA"},"image":{"@id":"https:\/\/infomaniak.careista.ch\/fr\/#\/schema\/logo\/image\/"}}]}},"jetpack_sharing_enabled":true,"_links":{"self":[{"href":"https:\/\/infomaniak.careista.ch\/fr\/wp-json\/wp\/v2\/product\/9391","targetHints":{"allow":["GET"]}}],"collection":[{"href":"https:\/\/infomaniak.careista.ch\/fr\/wp-json\/wp\/v2\/product"}],"about":[{"href":"https:\/\/infomaniak.careista.ch\/fr\/wp-json\/wp\/v2\/types\/product"}],"replies":[{"embeddable":true,"href":"https:\/\/infomaniak.careista.ch\/fr\/wp-json\/wp\/v2\/comments?post=9391"}],"version-history":[{"count":0,"href":"https:\/\/infomaniak.careista.ch\/fr\/wp-json\/wp\/v2\/product\/9391\/revisions"}],"wp:featuredmedia":[{"embeddable":true,"href":"https:\/\/infomaniak.careista.ch\/fr\/wp-json\/wp\/v2\/media\/19450"}],"wp:attachment":[{"href":"https:\/\/infomaniak.careista.ch\/fr\/wp-json\/wp\/v2\/media?parent=9391"}],"wp:term":[{"taxonomy":"anwendung-kategorie","embeddable":true,"href":"https:\/\/infomaniak.careista.ch\/fr\/wp-json\/wp\/v2\/anwendung-kategorie?post=9391"},{"taxonomy":"anwendung","embeddable":true,"href":"https:\/\/infomaniak.careista.ch\/fr\/wp-json\/wp\/v2\/anwendung?post=9391"},{"taxonomy":"product_brand","embeddable":true,"href":"https:\/\/infomaniak.careista.ch\/fr\/wp-json\/wp\/v2\/product_brand?post=9391"},{"taxonomy":"product_cat","embeddable":true,"href":"https:\/\/infomaniak.careista.ch\/fr\/wp-json\/wp\/v2\/product_cat?post=9391"},{"taxonomy":"product_tag","embeddable":true,"href":"https:\/\/infomaniak.careista.ch\/fr\/wp-json\/wp\/v2\/product_tag?post=9391"}],"curies":[{"name":"wp","href":"https:\/\/api.w.org\/{rel}","templated":true}]}}