{"id":9404,"date":"2025-06-03T14:00:00","date_gmt":"2025-06-03T12:00:00","guid":{"rendered":"https:\/\/infomaniak.careista.ch\/produkte\/non%20class\u00e9\/dr-belmeur-spot-care-intense-face-mask-30ml\/"},"modified":"2026-04-14T23:21:45","modified_gmt":"2026-04-14T21:21:45","slug":"dr-belmeur-spot-care-intense-face-mask-30ml","status":"publish","type":"product","link":"https:\/\/infomaniak.careista.ch\/fr\/produkte\/soins-de-la-peau-fr\/masques-pour-le-visage-fr\/dr-belmeur-spot-care-intense-face-mask-30ml\/","title":{"rendered":"Dr. Belmeur Spot Care Intense Face Mask 30ml"},"content":{"rendered":"","protected":false},"excerpt":{"rendered":"<p><strong>Masque facial confortable et respirant<\/strong><br \/>\nChouchoutez votre visage avec le Spot Care Intense Face Mask ultra-confortable et absorbant pour les peaux sensibles, impures ou grasses.<\/p>\n<ul>\n<li>Avec de l&rsquo;arbre \u00e0 th\u00e9, de l&rsquo;acide salicylique et du panth\u00e9nol<\/li>\n<li>Apaise, prot\u00e8ge et hydrate<\/li>\n<li>Con\u00e7u pour une absorption parfaite<\/li>\n<li>Soin intensif des boutons &#8211; convient aux peaux \u00e0 tendance acn\u00e9ique<\/li>\n<li>Am\u00e9liore l&rsquo;\u00e9tat en cas de production excessive de s\u00e9bum<\/li>\n<li>Formule \u00e0 base de plantes, respectueuse de la peau<\/li>\n<li>Formule Clean Beauty<\/li>\n<li>Test\u00e9 sous contr\u00f4le dermatologique<\/li>\n<\/ul>\n<p><em>Contenu : 1 masque en tissu \u00e0 30ml<\/em><\/p>\n","protected":false},"featured_media":10618,"comment_status":"closed","ping_status":"closed","template":"","meta":{"_acf_changed":false},"anwendung-kategorie":[],"anwendung":[323,312,325,314],"product_brand":[335],"product_cat":[210,213],"product_tag":[],"class_list":{"0":"post-9404","1":"product","2":"type-product","3":"status-publish","4":"has-post-thumbnail","6":"anwendung-peau-sensible","7":"anwendung-acne-peau-impure","8":"anwendung-peau-seche","9":"anwendung-peau-grasse","10":"product_brand-dr-belmeur-fr","11":"product_cat-soins-de-la-peau-fr","12":"product_cat-masques-pour-le-visage-fr","14":"first","15":"instock","16":"featured","17":"taxable","18":"shipping-taxable","19":"purchasable","20":"product-type-simple"},"acf":[],"yoast_head":"<!-- This site is optimized with the Yoast SEO plugin v26.7 - https:\/\/yoast.com\/wordpress\/plugins\/seo\/ -->\n<title>Dr. Belmeur Spot Care Intense Face Mask 30ml - CAREISTA<\/title>\n<meta name=\"robots\" content=\"noindex, follow, max-snippet:-1, max-image-preview:large, max-video-preview:-1\" \/>\n<meta property=\"og:locale\" content=\"fr_FR\" \/>\n<meta property=\"og:type\" content=\"article\" \/>\n<meta property=\"og:title\" content=\"Dr. Belmeur Spot Care Intense Face Mask 30ml - CAREISTA\" \/>\n<meta property=\"og:description\" content=\"Masque facial confortable et respirant Chouchoutez votre visage avec le Spot Care Intense Face Mask ultra-confortable et absorbant pour les peaux sensibles, impures ou grasses.  Avec de l&#039;arbre \u00e0 th\u00e9, de l&#039;acide salicylique et du panth\u00e9nol  Apaise, prot\u00e8ge et hydrate  Con\u00e7u pour une absorption parfaite  Soin intensif des boutons - convient aux peaux \u00e0 tendance acn\u00e9ique  Am\u00e9liore l&#039;\u00e9tat en cas de production excessive de s\u00e9bum  Formule \u00e0 base de plantes, respectueuse de la peau  Formule Clean Beauty  Test\u00e9 sous contr\u00f4le dermatologique Contenu : 1 masque en tissu \u00e0 30ml\" \/>\n<meta property=\"og:url\" content=\"https:\/\/infomaniak.careista.ch\/fr\/produkte\/soins-de-la-peau-fr\/masques-pour-le-visage-fr\/dr-belmeur-spot-care-intense-face-mask-30ml\/\" \/>\n<meta property=\"og:site_name\" content=\"CAREISTA\" \/>\n<meta property=\"article:modified_time\" content=\"2026-04-14T21:21:45+00:00\" \/>\n<meta property=\"og:image\" content=\"https:\/\/infomaniak.careista.ch\/wp-content\/uploads\/2025\/06\/53060238-Dr-Belmeur-Spot-Care-Intense-Face-Mask-30ml-800x800px1.jpg\" \/>\n\t<meta property=\"og:image:width\" content=\"800\" \/>\n\t<meta property=\"og:image:height\" content=\"800\" \/>\n\t<meta property=\"og:image:type\" content=\"image\/jpeg\" \/>\n<meta name=\"twitter:card\" content=\"summary_large_image\" \/>\n<script type=\"application\/ld+json\" class=\"yoast-schema-graph\">{\"@context\":\"https:\/\/schema.org\",\"@graph\":[{\"@type\":\"WebPage\",\"@id\":\"https:\/\/infomaniak.careista.ch\/fr\/produkte\/soins-de-la-peau-fr\/masques-pour-le-visage-fr\/dr-belmeur-spot-care-intense-face-mask-30ml\/\",\"url\":\"https:\/\/infomaniak.careista.ch\/fr\/produkte\/soins-de-la-peau-fr\/masques-pour-le-visage-fr\/dr-belmeur-spot-care-intense-face-mask-30ml\/\",\"name\":\"Dr. Belmeur Spot Care Intense Face Mask 30ml - CAREISTA\",\"isPartOf\":{\"@id\":\"https:\/\/infomaniak.careista.ch\/fr\/#website\"},\"primaryImageOfPage\":{\"@id\":\"https:\/\/infomaniak.careista.ch\/fr\/produkte\/soins-de-la-peau-fr\/masques-pour-le-visage-fr\/dr-belmeur-spot-care-intense-face-mask-30ml\/#primaryimage\"},\"image\":{\"@id\":\"https:\/\/infomaniak.careista.ch\/fr\/produkte\/soins-de-la-peau-fr\/masques-pour-le-visage-fr\/dr-belmeur-spot-care-intense-face-mask-30ml\/#primaryimage\"},\"thumbnailUrl\":\"https:\/\/infomaniak.careista.ch\/wp-content\/uploads\/2025\/06\/53060238-Dr-Belmeur-Spot-Care-Intense-Face-Mask-30ml-800x800px1.jpg\",\"datePublished\":\"2025-06-03T12:00:00+00:00\",\"dateModified\":\"2026-04-14T21:21:45+00:00\",\"breadcrumb\":{\"@id\":\"https:\/\/infomaniak.careista.ch\/fr\/produkte\/soins-de-la-peau-fr\/masques-pour-le-visage-fr\/dr-belmeur-spot-care-intense-face-mask-30ml\/#breadcrumb\"},\"inLanguage\":\"fr-FR\",\"potentialAction\":[{\"@type\":\"ReadAction\",\"target\":[\"https:\/\/infomaniak.careista.ch\/fr\/produkte\/soins-de-la-peau-fr\/masques-pour-le-visage-fr\/dr-belmeur-spot-care-intense-face-mask-30ml\/\"]}]},{\"@type\":\"ImageObject\",\"inLanguage\":\"fr-FR\",\"@id\":\"https:\/\/infomaniak.careista.ch\/fr\/produkte\/soins-de-la-peau-fr\/masques-pour-le-visage-fr\/dr-belmeur-spot-care-intense-face-mask-30ml\/#primaryimage\",\"url\":\"https:\/\/infomaniak.careista.ch\/wp-content\/uploads\/2025\/06\/53060238-Dr-Belmeur-Spot-Care-Intense-Face-Mask-30ml-800x800px1.jpg\",\"contentUrl\":\"https:\/\/infomaniak.careista.ch\/wp-content\/uploads\/2025\/06\/53060238-Dr-Belmeur-Spot-Care-Intense-Face-Mask-30ml-800x800px1.jpg\",\"width\":800,\"height\":800,\"caption\":\"Dr. Belmeur Spot Care Intense Face Mask - masque en tissu purifiant contre les boutons et les impuret\u00e9s de la peau\"},{\"@type\":\"BreadcrumbList\",\"@id\":\"https:\/\/infomaniak.careista.ch\/fr\/produkte\/soins-de-la-peau-fr\/masques-pour-le-visage-fr\/dr-belmeur-spot-care-intense-face-mask-30ml\/#breadcrumb\",\"itemListElement\":[{\"@type\":\"ListItem\",\"position\":1,\"name\":\"Home\",\"item\":\"https:\/\/infomaniak.careista.ch\/fr\/\"},{\"@type\":\"ListItem\",\"position\":2,\"name\":\"Shop\",\"item\":\"https:\/\/infomaniak.careista.ch\/fr\/shop\/\"},{\"@type\":\"ListItem\",\"position\":3,\"name\":\"Dr. Belmeur Spot Care Intense Face Mask 30ml\"}]},{\"@type\":\"WebSite\",\"@id\":\"https:\/\/infomaniak.careista.ch\/fr\/#website\",\"url\":\"https:\/\/infomaniak.careista.ch\/fr\/\",\"name\":\"CAREISTA\",\"description\":\"Dein pers\u00f6nlicher Pflege-Barista\",\"publisher\":{\"@id\":\"https:\/\/infomaniak.careista.ch\/fr\/#organization\"},\"potentialAction\":[{\"@type\":\"SearchAction\",\"target\":{\"@type\":\"EntryPoint\",\"urlTemplate\":\"https:\/\/infomaniak.careista.ch\/fr\/?s={search_term_string}\"},\"query-input\":{\"@type\":\"PropertyValueSpecification\",\"valueRequired\":true,\"valueName\":\"search_term_string\"}}],\"inLanguage\":\"fr-FR\"},{\"@type\":\"Organization\",\"@id\":\"https:\/\/infomaniak.careista.ch\/fr\/#organization\",\"name\":\"CAREISTA\",\"url\":\"https:\/\/infomaniak.careista.ch\/fr\/\",\"logo\":{\"@type\":\"ImageObject\",\"inLanguage\":\"fr-FR\",\"@id\":\"https:\/\/infomaniak.careista.ch\/fr\/#\/schema\/logo\/image\/\",\"url\":\"https:\/\/infomaniak.careista.ch\/wp-content\/uploads\/2025\/02\/Careista-Logo-S_rgb.svg.svg\",\"contentUrl\":\"https:\/\/infomaniak.careista.ch\/wp-content\/uploads\/2025\/02\/Careista-Logo-S_rgb.svg.svg\",\"caption\":\"CAREISTA\"},\"image\":{\"@id\":\"https:\/\/infomaniak.careista.ch\/fr\/#\/schema\/logo\/image\/\"}}]}<\/script>\n<!-- \/ Yoast SEO plugin. -->","yoast_head_json":{"title":"Dr. Belmeur Spot Care Intense Face Mask 30ml - CAREISTA","robots":{"index":"noindex","follow":"follow","max-snippet":"max-snippet:-1","max-image-preview":"max-image-preview:large","max-video-preview":"max-video-preview:-1"},"og_locale":"fr_FR","og_type":"article","og_title":"Dr. Belmeur Spot Care Intense Face Mask 30ml - CAREISTA","og_description":"Masque facial confortable et respirant Chouchoutez votre visage avec le Spot Care Intense Face Mask ultra-confortable et absorbant pour les peaux sensibles, impures ou grasses.  Avec de l'arbre \u00e0 th\u00e9, de l'acide salicylique et du panth\u00e9nol  Apaise, prot\u00e8ge et hydrate  Con\u00e7u pour une absorption parfaite  Soin intensif des boutons - convient aux peaux \u00e0 tendance acn\u00e9ique  Am\u00e9liore l'\u00e9tat en cas de production excessive de s\u00e9bum  Formule \u00e0 base de plantes, respectueuse de la peau  Formule Clean Beauty  Test\u00e9 sous contr\u00f4le dermatologique Contenu : 1 masque en tissu \u00e0 30ml","og_url":"https:\/\/infomaniak.careista.ch\/fr\/produkte\/soins-de-la-peau-fr\/masques-pour-le-visage-fr\/dr-belmeur-spot-care-intense-face-mask-30ml\/","og_site_name":"CAREISTA","article_modified_time":"2026-04-14T21:21:45+00:00","og_image":[{"width":800,"height":800,"url":"https:\/\/infomaniak.careista.ch\/wp-content\/uploads\/2025\/06\/53060238-Dr-Belmeur-Spot-Care-Intense-Face-Mask-30ml-800x800px1.jpg","type":"image\/jpeg"}],"twitter_card":"summary_large_image","schema":{"@context":"https:\/\/schema.org","@graph":[{"@type":"WebPage","@id":"https:\/\/infomaniak.careista.ch\/fr\/produkte\/soins-de-la-peau-fr\/masques-pour-le-visage-fr\/dr-belmeur-spot-care-intense-face-mask-30ml\/","url":"https:\/\/infomaniak.careista.ch\/fr\/produkte\/soins-de-la-peau-fr\/masques-pour-le-visage-fr\/dr-belmeur-spot-care-intense-face-mask-30ml\/","name":"Dr. Belmeur Spot Care Intense Face Mask 30ml - CAREISTA","isPartOf":{"@id":"https:\/\/infomaniak.careista.ch\/fr\/#website"},"primaryImageOfPage":{"@id":"https:\/\/infomaniak.careista.ch\/fr\/produkte\/soins-de-la-peau-fr\/masques-pour-le-visage-fr\/dr-belmeur-spot-care-intense-face-mask-30ml\/#primaryimage"},"image":{"@id":"https:\/\/infomaniak.careista.ch\/fr\/produkte\/soins-de-la-peau-fr\/masques-pour-le-visage-fr\/dr-belmeur-spot-care-intense-face-mask-30ml\/#primaryimage"},"thumbnailUrl":"https:\/\/infomaniak.careista.ch\/wp-content\/uploads\/2025\/06\/53060238-Dr-Belmeur-Spot-Care-Intense-Face-Mask-30ml-800x800px1.jpg","datePublished":"2025-06-03T12:00:00+00:00","dateModified":"2026-04-14T21:21:45+00:00","breadcrumb":{"@id":"https:\/\/infomaniak.careista.ch\/fr\/produkte\/soins-de-la-peau-fr\/masques-pour-le-visage-fr\/dr-belmeur-spot-care-intense-face-mask-30ml\/#breadcrumb"},"inLanguage":"fr-FR","potentialAction":[{"@type":"ReadAction","target":["https:\/\/infomaniak.careista.ch\/fr\/produkte\/soins-de-la-peau-fr\/masques-pour-le-visage-fr\/dr-belmeur-spot-care-intense-face-mask-30ml\/"]}]},{"@type":"ImageObject","inLanguage":"fr-FR","@id":"https:\/\/infomaniak.careista.ch\/fr\/produkte\/soins-de-la-peau-fr\/masques-pour-le-visage-fr\/dr-belmeur-spot-care-intense-face-mask-30ml\/#primaryimage","url":"https:\/\/infomaniak.careista.ch\/wp-content\/uploads\/2025\/06\/53060238-Dr-Belmeur-Spot-Care-Intense-Face-Mask-30ml-800x800px1.jpg","contentUrl":"https:\/\/infomaniak.careista.ch\/wp-content\/uploads\/2025\/06\/53060238-Dr-Belmeur-Spot-Care-Intense-Face-Mask-30ml-800x800px1.jpg","width":800,"height":800,"caption":"Dr. Belmeur Spot Care Intense Face Mask - masque en tissu purifiant contre les boutons et les impuret\u00e9s de la peau"},{"@type":"BreadcrumbList","@id":"https:\/\/infomaniak.careista.ch\/fr\/produkte\/soins-de-la-peau-fr\/masques-pour-le-visage-fr\/dr-belmeur-spot-care-intense-face-mask-30ml\/#breadcrumb","itemListElement":[{"@type":"ListItem","position":1,"name":"Home","item":"https:\/\/infomaniak.careista.ch\/fr\/"},{"@type":"ListItem","position":2,"name":"Shop","item":"https:\/\/infomaniak.careista.ch\/fr\/shop\/"},{"@type":"ListItem","position":3,"name":"Dr. Belmeur Spot Care Intense Face Mask 30ml"}]},{"@type":"WebSite","@id":"https:\/\/infomaniak.careista.ch\/fr\/#website","url":"https:\/\/infomaniak.careista.ch\/fr\/","name":"CAREISTA","description":"Dein pers\u00f6nlicher Pflege-Barista","publisher":{"@id":"https:\/\/infomaniak.careista.ch\/fr\/#organization"},"potentialAction":[{"@type":"SearchAction","target":{"@type":"EntryPoint","urlTemplate":"https:\/\/infomaniak.careista.ch\/fr\/?s={search_term_string}"},"query-input":{"@type":"PropertyValueSpecification","valueRequired":true,"valueName":"search_term_string"}}],"inLanguage":"fr-FR"},{"@type":"Organization","@id":"https:\/\/infomaniak.careista.ch\/fr\/#organization","name":"CAREISTA","url":"https:\/\/infomaniak.careista.ch\/fr\/","logo":{"@type":"ImageObject","inLanguage":"fr-FR","@id":"https:\/\/infomaniak.careista.ch\/fr\/#\/schema\/logo\/image\/","url":"https:\/\/infomaniak.careista.ch\/wp-content\/uploads\/2025\/02\/Careista-Logo-S_rgb.svg.svg","contentUrl":"https:\/\/infomaniak.careista.ch\/wp-content\/uploads\/2025\/02\/Careista-Logo-S_rgb.svg.svg","caption":"CAREISTA"},"image":{"@id":"https:\/\/infomaniak.careista.ch\/fr\/#\/schema\/logo\/image\/"}}]}},"jetpack_sharing_enabled":true,"_links":{"self":[{"href":"https:\/\/infomaniak.careista.ch\/fr\/wp-json\/wp\/v2\/product\/9404","targetHints":{"allow":["GET"]}}],"collection":[{"href":"https:\/\/infomaniak.careista.ch\/fr\/wp-json\/wp\/v2\/product"}],"about":[{"href":"https:\/\/infomaniak.careista.ch\/fr\/wp-json\/wp\/v2\/types\/product"}],"replies":[{"embeddable":true,"href":"https:\/\/infomaniak.careista.ch\/fr\/wp-json\/wp\/v2\/comments?post=9404"}],"version-history":[{"count":0,"href":"https:\/\/infomaniak.careista.ch\/fr\/wp-json\/wp\/v2\/product\/9404\/revisions"}],"wp:featuredmedia":[{"embeddable":true,"href":"https:\/\/infomaniak.careista.ch\/fr\/wp-json\/wp\/v2\/media\/10618"}],"wp:attachment":[{"href":"https:\/\/infomaniak.careista.ch\/fr\/wp-json\/wp\/v2\/media?parent=9404"}],"wp:term":[{"taxonomy":"anwendung-kategorie","embeddable":true,"href":"https:\/\/infomaniak.careista.ch\/fr\/wp-json\/wp\/v2\/anwendung-kategorie?post=9404"},{"taxonomy":"anwendung","embeddable":true,"href":"https:\/\/infomaniak.careista.ch\/fr\/wp-json\/wp\/v2\/anwendung?post=9404"},{"taxonomy":"product_brand","embeddable":true,"href":"https:\/\/infomaniak.careista.ch\/fr\/wp-json\/wp\/v2\/product_brand?post=9404"},{"taxonomy":"product_cat","embeddable":true,"href":"https:\/\/infomaniak.careista.ch\/fr\/wp-json\/wp\/v2\/product_cat?post=9404"},{"taxonomy":"product_tag","embeddable":true,"href":"https:\/\/infomaniak.careista.ch\/fr\/wp-json\/wp\/v2\/product_tag?post=9404"}],"curies":[{"name":"wp","href":"https:\/\/api.w.org\/{rel}","templated":true}]}}