{"id":9408,"date":"2025-06-03T14:00:00","date_gmt":"2025-06-03T12:00:00","guid":{"rendered":"https:\/\/infomaniak.careista.ch\/produkte\/non%20class\u00e9\/dr-belmeur-daily-repair-foaming-cleanser-150ml\/"},"modified":"2026-03-26T05:12:56","modified_gmt":"2026-03-26T04:12:56","slug":"dr-belmeur-daily-repair-foaming-cleanser-150ml","status":"publish","type":"product","link":"https:\/\/infomaniak.careista.ch\/fr\/produkte\/soins-de-la-peau-fr\/nettoyage-du-visage-fr\/dr-belmeur-daily-repair-foaming-cleanser-150ml\/","title":{"rendered":"Dr. Belmeur Daily Repair Foaming Cleanser 150ml"},"content":{"rendered":"","protected":false},"excerpt":{"rendered":"<p><strong>Nettoyage en douceur pour les peaux sensibles et s\u00e8ches<\/strong><br \/>\nLe Daily Repair Foaming Cleanser est un nettoyant visage hydratant sous forme de gel, dont l&rsquo;acidit\u00e9 \u00e9quilibr\u00e9e est similaire au pH naturel de la barri\u00e8re cutan\u00e9e. Il r\u00e9duit ainsi les irritations cutan\u00e9es et nettoie en douceur les peaux sensibles. <\/p>\n<ul>\n<li>Laisse la peau propre et confortable apr\u00e8s le lavage quotidien du visage<\/li>\n<li>Sp\u00e9cialement con\u00e7u pour les peaux \u00e0 tendance acn\u00e9ique, peut r\u00e9duire les imperfections de la peau<\/li>\n<li>Formule \u00e0 base de plantes, respectueuse de la peau<\/li>\n<li>Exempt de parfums allergisants<\/li>\n<li>Formule Clean Beauty<\/li>\n<li>Test\u00e9 sous contr\u00f4le dermatologique<\/li>\n<\/ul>\n<p><em>Contenu : 1 tube de 150 ml<\/em><\/p>\n","protected":false},"featured_media":10590,"comment_status":"closed","ping_status":"closed","template":"","meta":{"_acf_changed":false},"anwendung-kategorie":[],"anwendung":[323,312,325],"product_brand":[335],"product_cat":[210,212],"product_tag":[],"class_list":{"0":"post-9408","1":"product","2":"type-product","3":"status-publish","4":"has-post-thumbnail","6":"anwendung-peau-sensible","7":"anwendung-acne-peau-impure","8":"anwendung-peau-seche","9":"product_brand-dr-belmeur-fr","10":"product_cat-soins-de-la-peau-fr","11":"product_cat-nettoyage-du-visage-fr","13":"first","14":"instock","15":"featured","16":"taxable","17":"shipping-taxable","18":"purchasable","19":"product-type-simple"},"acf":[],"yoast_head":"<!-- This site is optimized with the Yoast SEO plugin v26.7 - https:\/\/yoast.com\/wordpress\/plugins\/seo\/ -->\n<title>Dr. Belmeur Daily Repair Foaming Cleanser 150ml - CAREISTA<\/title>\n<meta name=\"robots\" content=\"noindex, follow, max-snippet:-1, max-image-preview:large, max-video-preview:-1\" \/>\n<meta property=\"og:locale\" content=\"fr_FR\" \/>\n<meta property=\"og:type\" content=\"article\" \/>\n<meta property=\"og:title\" content=\"Dr. Belmeur Daily Repair Foaming Cleanser 150ml - CAREISTA\" \/>\n<meta property=\"og:description\" content=\"Nettoyage en douceur pour les peaux sensibles et s\u00e8ches Le Daily Repair Foaming Cleanser est un nettoyant visage hydratant sous forme de gel, dont l&#039;acidit\u00e9 \u00e9quilibr\u00e9e est similaire au pH naturel de la barri\u00e8re cutan\u00e9e. Il r\u00e9duit ainsi les irritations cutan\u00e9es et nettoie en douceur les peaux sensibles.   Laisse la peau propre et confortable apr\u00e8s le lavage quotidien du visage  Sp\u00e9cialement con\u00e7u pour les peaux \u00e0 tendance acn\u00e9ique, peut r\u00e9duire les imperfections de la peau  Formule \u00e0 base de plantes, respectueuse de la peau  Exempt de parfums allergisants  Formule Clean Beauty  Test\u00e9 sous contr\u00f4le dermatologique Contenu : 1 tube de 150 ml\" \/>\n<meta property=\"og:url\" content=\"https:\/\/infomaniak.careista.ch\/fr\/produkte\/soins-de-la-peau-fr\/nettoyage-du-visage-fr\/dr-belmeur-daily-repair-foaming-cleanser-150ml\/\" \/>\n<meta property=\"og:site_name\" content=\"CAREISTA\" \/>\n<meta property=\"article:modified_time\" content=\"2026-03-26T04:12:56+00:00\" \/>\n<meta property=\"og:image\" content=\"https:\/\/infomaniak.careista.ch\/wp-content\/uploads\/2025\/06\/53060598-Dr-Belmeur-Daily-Repair-Foaming-Cleanser-150ml-800x800px1.jpg\" \/>\n\t<meta property=\"og:image:width\" content=\"800\" \/>\n\t<meta property=\"og:image:height\" content=\"800\" \/>\n\t<meta property=\"og:image:type\" content=\"image\/jpeg\" \/>\n<meta name=\"twitter:card\" content=\"summary_large_image\" \/>\n<script type=\"application\/ld+json\" class=\"yoast-schema-graph\">{\"@context\":\"https:\/\/schema.org\",\"@graph\":[{\"@type\":\"WebPage\",\"@id\":\"https:\/\/infomaniak.careista.ch\/fr\/produkte\/soins-de-la-peau-fr\/nettoyage-du-visage-fr\/dr-belmeur-daily-repair-foaming-cleanser-150ml\/\",\"url\":\"https:\/\/infomaniak.careista.ch\/fr\/produkte\/soins-de-la-peau-fr\/nettoyage-du-visage-fr\/dr-belmeur-daily-repair-foaming-cleanser-150ml\/\",\"name\":\"Dr. Belmeur Daily Repair Foaming Cleanser 150ml - CAREISTA\",\"isPartOf\":{\"@id\":\"https:\/\/infomaniak.careista.ch\/fr\/#website\"},\"primaryImageOfPage\":{\"@id\":\"https:\/\/infomaniak.careista.ch\/fr\/produkte\/soins-de-la-peau-fr\/nettoyage-du-visage-fr\/dr-belmeur-daily-repair-foaming-cleanser-150ml\/#primaryimage\"},\"image\":{\"@id\":\"https:\/\/infomaniak.careista.ch\/fr\/produkte\/soins-de-la-peau-fr\/nettoyage-du-visage-fr\/dr-belmeur-daily-repair-foaming-cleanser-150ml\/#primaryimage\"},\"thumbnailUrl\":\"https:\/\/infomaniak.careista.ch\/wp-content\/uploads\/2025\/06\/53060598-Dr-Belmeur-Daily-Repair-Foaming-Cleanser-150ml-800x800px1.jpg\",\"datePublished\":\"2025-06-03T12:00:00+00:00\",\"dateModified\":\"2026-03-26T04:12:56+00:00\",\"breadcrumb\":{\"@id\":\"https:\/\/infomaniak.careista.ch\/fr\/produkte\/soins-de-la-peau-fr\/nettoyage-du-visage-fr\/dr-belmeur-daily-repair-foaming-cleanser-150ml\/#breadcrumb\"},\"inLanguage\":\"fr-FR\",\"potentialAction\":[{\"@type\":\"ReadAction\",\"target\":[\"https:\/\/infomaniak.careista.ch\/fr\/produkte\/soins-de-la-peau-fr\/nettoyage-du-visage-fr\/dr-belmeur-daily-repair-foaming-cleanser-150ml\/\"]}]},{\"@type\":\"ImageObject\",\"inLanguage\":\"fr-FR\",\"@id\":\"https:\/\/infomaniak.careista.ch\/fr\/produkte\/soins-de-la-peau-fr\/nettoyage-du-visage-fr\/dr-belmeur-daily-repair-foaming-cleanser-150ml\/#primaryimage\",\"url\":\"https:\/\/infomaniak.careista.ch\/wp-content\/uploads\/2025\/06\/53060598-Dr-Belmeur-Daily-Repair-Foaming-Cleanser-150ml-800x800px1.jpg\",\"contentUrl\":\"https:\/\/infomaniak.careista.ch\/wp-content\/uploads\/2025\/06\/53060598-Dr-Belmeur-Daily-Repair-Foaming-Cleanser-150ml-800x800px1.jpg\",\"width\":800,\"height\":800,\"caption\":\"Dr. Belmeur Daily Repair Foaming Cleanser - gel moussant doux pour les peaux sensibles et s\u00e8ches\"},{\"@type\":\"BreadcrumbList\",\"@id\":\"https:\/\/infomaniak.careista.ch\/fr\/produkte\/soins-de-la-peau-fr\/nettoyage-du-visage-fr\/dr-belmeur-daily-repair-foaming-cleanser-150ml\/#breadcrumb\",\"itemListElement\":[{\"@type\":\"ListItem\",\"position\":1,\"name\":\"Home\",\"item\":\"https:\/\/infomaniak.careista.ch\/fr\/\"},{\"@type\":\"ListItem\",\"position\":2,\"name\":\"Shop\",\"item\":\"https:\/\/infomaniak.careista.ch\/fr\/shop\/\"},{\"@type\":\"ListItem\",\"position\":3,\"name\":\"Dr. Belmeur Daily Repair Foaming Cleanser 150ml\"}]},{\"@type\":\"WebSite\",\"@id\":\"https:\/\/infomaniak.careista.ch\/fr\/#website\",\"url\":\"https:\/\/infomaniak.careista.ch\/fr\/\",\"name\":\"CAREISTA\",\"description\":\"Dein pers\u00f6nlicher Pflege-Barista\",\"publisher\":{\"@id\":\"https:\/\/infomaniak.careista.ch\/fr\/#organization\"},\"potentialAction\":[{\"@type\":\"SearchAction\",\"target\":{\"@type\":\"EntryPoint\",\"urlTemplate\":\"https:\/\/infomaniak.careista.ch\/fr\/?s={search_term_string}\"},\"query-input\":{\"@type\":\"PropertyValueSpecification\",\"valueRequired\":true,\"valueName\":\"search_term_string\"}}],\"inLanguage\":\"fr-FR\"},{\"@type\":\"Organization\",\"@id\":\"https:\/\/infomaniak.careista.ch\/fr\/#organization\",\"name\":\"CAREISTA\",\"url\":\"https:\/\/infomaniak.careista.ch\/fr\/\",\"logo\":{\"@type\":\"ImageObject\",\"inLanguage\":\"fr-FR\",\"@id\":\"https:\/\/infomaniak.careista.ch\/fr\/#\/schema\/logo\/image\/\",\"url\":\"https:\/\/infomaniak.careista.ch\/wp-content\/uploads\/2025\/02\/Careista-Logo-S_rgb.svg.svg\",\"contentUrl\":\"https:\/\/infomaniak.careista.ch\/wp-content\/uploads\/2025\/02\/Careista-Logo-S_rgb.svg.svg\",\"caption\":\"CAREISTA\"},\"image\":{\"@id\":\"https:\/\/infomaniak.careista.ch\/fr\/#\/schema\/logo\/image\/\"}}]}<\/script>\n<!-- \/ Yoast SEO plugin. -->","yoast_head_json":{"title":"Dr. Belmeur Daily Repair Foaming Cleanser 150ml - CAREISTA","robots":{"index":"noindex","follow":"follow","max-snippet":"max-snippet:-1","max-image-preview":"max-image-preview:large","max-video-preview":"max-video-preview:-1"},"og_locale":"fr_FR","og_type":"article","og_title":"Dr. Belmeur Daily Repair Foaming Cleanser 150ml - CAREISTA","og_description":"Nettoyage en douceur pour les peaux sensibles et s\u00e8ches Le Daily Repair Foaming Cleanser est un nettoyant visage hydratant sous forme de gel, dont l'acidit\u00e9 \u00e9quilibr\u00e9e est similaire au pH naturel de la barri\u00e8re cutan\u00e9e. Il r\u00e9duit ainsi les irritations cutan\u00e9es et nettoie en douceur les peaux sensibles.   Laisse la peau propre et confortable apr\u00e8s le lavage quotidien du visage  Sp\u00e9cialement con\u00e7u pour les peaux \u00e0 tendance acn\u00e9ique, peut r\u00e9duire les imperfections de la peau  Formule \u00e0 base de plantes, respectueuse de la peau  Exempt de parfums allergisants  Formule Clean Beauty  Test\u00e9 sous contr\u00f4le dermatologique Contenu : 1 tube de 150 ml","og_url":"https:\/\/infomaniak.careista.ch\/fr\/produkte\/soins-de-la-peau-fr\/nettoyage-du-visage-fr\/dr-belmeur-daily-repair-foaming-cleanser-150ml\/","og_site_name":"CAREISTA","article_modified_time":"2026-03-26T04:12:56+00:00","og_image":[{"width":800,"height":800,"url":"https:\/\/infomaniak.careista.ch\/wp-content\/uploads\/2025\/06\/53060598-Dr-Belmeur-Daily-Repair-Foaming-Cleanser-150ml-800x800px1.jpg","type":"image\/jpeg"}],"twitter_card":"summary_large_image","schema":{"@context":"https:\/\/schema.org","@graph":[{"@type":"WebPage","@id":"https:\/\/infomaniak.careista.ch\/fr\/produkte\/soins-de-la-peau-fr\/nettoyage-du-visage-fr\/dr-belmeur-daily-repair-foaming-cleanser-150ml\/","url":"https:\/\/infomaniak.careista.ch\/fr\/produkte\/soins-de-la-peau-fr\/nettoyage-du-visage-fr\/dr-belmeur-daily-repair-foaming-cleanser-150ml\/","name":"Dr. Belmeur Daily Repair Foaming Cleanser 150ml - CAREISTA","isPartOf":{"@id":"https:\/\/infomaniak.careista.ch\/fr\/#website"},"primaryImageOfPage":{"@id":"https:\/\/infomaniak.careista.ch\/fr\/produkte\/soins-de-la-peau-fr\/nettoyage-du-visage-fr\/dr-belmeur-daily-repair-foaming-cleanser-150ml\/#primaryimage"},"image":{"@id":"https:\/\/infomaniak.careista.ch\/fr\/produkte\/soins-de-la-peau-fr\/nettoyage-du-visage-fr\/dr-belmeur-daily-repair-foaming-cleanser-150ml\/#primaryimage"},"thumbnailUrl":"https:\/\/infomaniak.careista.ch\/wp-content\/uploads\/2025\/06\/53060598-Dr-Belmeur-Daily-Repair-Foaming-Cleanser-150ml-800x800px1.jpg","datePublished":"2025-06-03T12:00:00+00:00","dateModified":"2026-03-26T04:12:56+00:00","breadcrumb":{"@id":"https:\/\/infomaniak.careista.ch\/fr\/produkte\/soins-de-la-peau-fr\/nettoyage-du-visage-fr\/dr-belmeur-daily-repair-foaming-cleanser-150ml\/#breadcrumb"},"inLanguage":"fr-FR","potentialAction":[{"@type":"ReadAction","target":["https:\/\/infomaniak.careista.ch\/fr\/produkte\/soins-de-la-peau-fr\/nettoyage-du-visage-fr\/dr-belmeur-daily-repair-foaming-cleanser-150ml\/"]}]},{"@type":"ImageObject","inLanguage":"fr-FR","@id":"https:\/\/infomaniak.careista.ch\/fr\/produkte\/soins-de-la-peau-fr\/nettoyage-du-visage-fr\/dr-belmeur-daily-repair-foaming-cleanser-150ml\/#primaryimage","url":"https:\/\/infomaniak.careista.ch\/wp-content\/uploads\/2025\/06\/53060598-Dr-Belmeur-Daily-Repair-Foaming-Cleanser-150ml-800x800px1.jpg","contentUrl":"https:\/\/infomaniak.careista.ch\/wp-content\/uploads\/2025\/06\/53060598-Dr-Belmeur-Daily-Repair-Foaming-Cleanser-150ml-800x800px1.jpg","width":800,"height":800,"caption":"Dr. Belmeur Daily Repair Foaming Cleanser - gel moussant doux pour les peaux sensibles et s\u00e8ches"},{"@type":"BreadcrumbList","@id":"https:\/\/infomaniak.careista.ch\/fr\/produkte\/soins-de-la-peau-fr\/nettoyage-du-visage-fr\/dr-belmeur-daily-repair-foaming-cleanser-150ml\/#breadcrumb","itemListElement":[{"@type":"ListItem","position":1,"name":"Home","item":"https:\/\/infomaniak.careista.ch\/fr\/"},{"@type":"ListItem","position":2,"name":"Shop","item":"https:\/\/infomaniak.careista.ch\/fr\/shop\/"},{"@type":"ListItem","position":3,"name":"Dr. Belmeur Daily Repair Foaming Cleanser 150ml"}]},{"@type":"WebSite","@id":"https:\/\/infomaniak.careista.ch\/fr\/#website","url":"https:\/\/infomaniak.careista.ch\/fr\/","name":"CAREISTA","description":"Dein pers\u00f6nlicher Pflege-Barista","publisher":{"@id":"https:\/\/infomaniak.careista.ch\/fr\/#organization"},"potentialAction":[{"@type":"SearchAction","target":{"@type":"EntryPoint","urlTemplate":"https:\/\/infomaniak.careista.ch\/fr\/?s={search_term_string}"},"query-input":{"@type":"PropertyValueSpecification","valueRequired":true,"valueName":"search_term_string"}}],"inLanguage":"fr-FR"},{"@type":"Organization","@id":"https:\/\/infomaniak.careista.ch\/fr\/#organization","name":"CAREISTA","url":"https:\/\/infomaniak.careista.ch\/fr\/","logo":{"@type":"ImageObject","inLanguage":"fr-FR","@id":"https:\/\/infomaniak.careista.ch\/fr\/#\/schema\/logo\/image\/","url":"https:\/\/infomaniak.careista.ch\/wp-content\/uploads\/2025\/02\/Careista-Logo-S_rgb.svg.svg","contentUrl":"https:\/\/infomaniak.careista.ch\/wp-content\/uploads\/2025\/02\/Careista-Logo-S_rgb.svg.svg","caption":"CAREISTA"},"image":{"@id":"https:\/\/infomaniak.careista.ch\/fr\/#\/schema\/logo\/image\/"}}]}},"jetpack_sharing_enabled":true,"_links":{"self":[{"href":"https:\/\/infomaniak.careista.ch\/fr\/wp-json\/wp\/v2\/product\/9408","targetHints":{"allow":["GET"]}}],"collection":[{"href":"https:\/\/infomaniak.careista.ch\/fr\/wp-json\/wp\/v2\/product"}],"about":[{"href":"https:\/\/infomaniak.careista.ch\/fr\/wp-json\/wp\/v2\/types\/product"}],"replies":[{"embeddable":true,"href":"https:\/\/infomaniak.careista.ch\/fr\/wp-json\/wp\/v2\/comments?post=9408"}],"version-history":[{"count":0,"href":"https:\/\/infomaniak.careista.ch\/fr\/wp-json\/wp\/v2\/product\/9408\/revisions"}],"wp:featuredmedia":[{"embeddable":true,"href":"https:\/\/infomaniak.careista.ch\/fr\/wp-json\/wp\/v2\/media\/10590"}],"wp:attachment":[{"href":"https:\/\/infomaniak.careista.ch\/fr\/wp-json\/wp\/v2\/media?parent=9408"}],"wp:term":[{"taxonomy":"anwendung-kategorie","embeddable":true,"href":"https:\/\/infomaniak.careista.ch\/fr\/wp-json\/wp\/v2\/anwendung-kategorie?post=9408"},{"taxonomy":"anwendung","embeddable":true,"href":"https:\/\/infomaniak.careista.ch\/fr\/wp-json\/wp\/v2\/anwendung?post=9408"},{"taxonomy":"product_brand","embeddable":true,"href":"https:\/\/infomaniak.careista.ch\/fr\/wp-json\/wp\/v2\/product_brand?post=9408"},{"taxonomy":"product_cat","embeddable":true,"href":"https:\/\/infomaniak.careista.ch\/fr\/wp-json\/wp\/v2\/product_cat?post=9408"},{"taxonomy":"product_tag","embeddable":true,"href":"https:\/\/infomaniak.careista.ch\/fr\/wp-json\/wp\/v2\/product_tag?post=9408"}],"curies":[{"name":"wp","href":"https:\/\/api.w.org\/{rel}","templated":true}]}}