{"id":9409,"date":"2025-06-03T14:00:00","date_gmt":"2025-06-03T12:00:00","guid":{"rendered":"https:\/\/infomaniak.careista.ch\/produkte\/non%20class\u00e9\/dr-belmeur-clarifying-cover-spot-patches-72x\/"},"modified":"2026-04-14T12:59:57","modified_gmt":"2026-04-14T10:59:57","slug":"dr-belmeur-clarifying-cover-spot-patches-72x","status":"publish","type":"product","link":"https:\/\/infomaniak.careista.ch\/fr\/produkte\/soins-de-la-peau-fr\/soins-du-visage-fr\/dr-belmeur-clarifying-cover-spot-patches-72x\/","title":{"rendered":"Dr. Belmeur Clarifying Cover Spot Patches 72x"},"content":{"rendered":"","protected":false},"excerpt":{"rendered":"<p><strong>Patchs ultrafins et transparents contre les boutons, les impuret\u00e9s et les rougeurs<\/strong><br \/>\nLes patchs Clarifying Cover Spot permettent de couvrir et d&rsquo;att\u00e9nuer les boutons de mani\u00e8re presque invisible, d&rsquo;apaiser et de prot\u00e9ger sans irriter.<\/p>\n<ul>\n<li>Pour le traitement et la couverture des imperfections cutan\u00e9es telles que l&rsquo;acn\u00e9 et les boutons<\/li>\n<li>Avec de l&rsquo;huile d&rsquo;arbre \u00e0 th\u00e9 &#8211; effet antibact\u00e9rien et anti-inflammatoire naturel<\/li>\n<li>Invisible et discret &#8211; peut \u00eatre port\u00e9 de jour comme de nuit<\/li>\n<li>Peut \u00e9galement \u00eatre utilis\u00e9 avant l&rsquo;application du maquillage<\/li>\n<li>Confortable sur la peau m\u00eame apr\u00e8s 24 heures<\/li>\n<li>Hypoallerg\u00e9nique et doux pour la peau<\/li>\n<li>Clean Beauty Formula<\/li>\n<li>Test\u00e9 sous contr\u00f4le dermatologique<\/li>\n<\/ul>\n<p><em>Contenu : 72 patchs<\/em><\/p>\n","protected":false},"featured_media":10466,"comment_status":"closed","ping_status":"closed","template":"","meta":{"_acf_changed":false},"anwendung-kategorie":[],"anwendung":[312],"product_brand":[335],"product_cat":[211,210],"product_tag":[],"class_list":{"0":"post-9409","1":"product","2":"type-product","3":"status-publish","4":"has-post-thumbnail","6":"anwendung-acne-peau-impure","7":"product_brand-dr-belmeur-fr","8":"product_cat-soins-du-visage-fr","9":"product_cat-soins-de-la-peau-fr","11":"first","12":"instock","13":"featured","14":"taxable","15":"shipping-taxable","16":"purchasable","17":"product-type-simple"},"acf":[],"yoast_head":"<!-- This site is optimized with the Yoast SEO plugin v26.7 - https:\/\/yoast.com\/wordpress\/plugins\/seo\/ -->\n<title>Dr. Belmeur Clarifying Cover Spot Patches 72x - CAREISTA<\/title>\n<meta name=\"robots\" content=\"noindex, follow, max-snippet:-1, max-image-preview:large, max-video-preview:-1\" \/>\n<meta property=\"og:locale\" content=\"fr_FR\" \/>\n<meta property=\"og:type\" content=\"article\" \/>\n<meta property=\"og:title\" content=\"Dr. Belmeur Clarifying Cover Spot Patches 72x - CAREISTA\" \/>\n<meta property=\"og:description\" content=\"Patchs ultrafins et transparents contre les boutons, les impuret\u00e9s et les rougeurs Les patchs Clarifying Cover Spot permettent de couvrir et d&#039;att\u00e9nuer les boutons de mani\u00e8re presque invisible, d&#039;apaiser et de prot\u00e9ger sans irriter.  Pour le traitement et la couverture des imperfections cutan\u00e9es telles que l&#039;acn\u00e9 et les boutons  Avec de l&#039;huile d&#039;arbre \u00e0 th\u00e9 - effet antibact\u00e9rien et anti-inflammatoire naturel  Invisible et discret - peut \u00eatre port\u00e9 de jour comme de nuit  Peut \u00e9galement \u00eatre utilis\u00e9 avant l&#039;application du maquillage  Confortable sur la peau m\u00eame apr\u00e8s 24 heures  Hypoallerg\u00e9nique et doux pour la peau  Clean Beauty Formula  Test\u00e9 sous contr\u00f4le dermatologique Contenu : 72 patchs\" \/>\n<meta property=\"og:url\" content=\"https:\/\/infomaniak.careista.ch\/fr\/produkte\/soins-de-la-peau-fr\/soins-du-visage-fr\/dr-belmeur-clarifying-cover-spot-patches-72x\/\" \/>\n<meta property=\"og:site_name\" content=\"CAREISTA\" \/>\n<meta property=\"article:modified_time\" content=\"2026-04-14T10:59:57+00:00\" \/>\n<meta property=\"og:image\" content=\"https:\/\/infomaniak.careista.ch\/wp-content\/uploads\/2025\/06\/53060480-Dr-Belmeur-Clarifying-Cover-Spot-Patches-73x-800x800px1.jpg\" \/>\n\t<meta property=\"og:image:width\" content=\"800\" \/>\n\t<meta property=\"og:image:height\" content=\"800\" \/>\n\t<meta property=\"og:image:type\" content=\"image\/jpeg\" \/>\n<meta name=\"twitter:card\" content=\"summary_large_image\" \/>\n<script type=\"application\/ld+json\" class=\"yoast-schema-graph\">{\"@context\":\"https:\/\/schema.org\",\"@graph\":[{\"@type\":\"WebPage\",\"@id\":\"https:\/\/infomaniak.careista.ch\/fr\/produkte\/soins-de-la-peau-fr\/soins-du-visage-fr\/dr-belmeur-clarifying-cover-spot-patches-72x\/\",\"url\":\"https:\/\/infomaniak.careista.ch\/fr\/produkte\/soins-de-la-peau-fr\/soins-du-visage-fr\/dr-belmeur-clarifying-cover-spot-patches-72x\/\",\"name\":\"Dr. Belmeur Clarifying Cover Spot Patches 72x - CAREISTA\",\"isPartOf\":{\"@id\":\"https:\/\/infomaniak.careista.ch\/fr\/#website\"},\"primaryImageOfPage\":{\"@id\":\"https:\/\/infomaniak.careista.ch\/fr\/produkte\/soins-de-la-peau-fr\/soins-du-visage-fr\/dr-belmeur-clarifying-cover-spot-patches-72x\/#primaryimage\"},\"image\":{\"@id\":\"https:\/\/infomaniak.careista.ch\/fr\/produkte\/soins-de-la-peau-fr\/soins-du-visage-fr\/dr-belmeur-clarifying-cover-spot-patches-72x\/#primaryimage\"},\"thumbnailUrl\":\"https:\/\/infomaniak.careista.ch\/wp-content\/uploads\/2025\/06\/53060480-Dr-Belmeur-Clarifying-Cover-Spot-Patches-73x-800x800px1.jpg\",\"datePublished\":\"2025-06-03T12:00:00+00:00\",\"dateModified\":\"2026-04-14T10:59:57+00:00\",\"breadcrumb\":{\"@id\":\"https:\/\/infomaniak.careista.ch\/fr\/produkte\/soins-de-la-peau-fr\/soins-du-visage-fr\/dr-belmeur-clarifying-cover-spot-patches-72x\/#breadcrumb\"},\"inLanguage\":\"fr-FR\",\"potentialAction\":[{\"@type\":\"ReadAction\",\"target\":[\"https:\/\/infomaniak.careista.ch\/fr\/produkte\/soins-de-la-peau-fr\/soins-du-visage-fr\/dr-belmeur-clarifying-cover-spot-patches-72x\/\"]}]},{\"@type\":\"ImageObject\",\"inLanguage\":\"fr-FR\",\"@id\":\"https:\/\/infomaniak.careista.ch\/fr\/produkte\/soins-de-la-peau-fr\/soins-du-visage-fr\/dr-belmeur-clarifying-cover-spot-patches-72x\/#primaryimage\",\"url\":\"https:\/\/infomaniak.careista.ch\/wp-content\/uploads\/2025\/06\/53060480-Dr-Belmeur-Clarifying-Cover-Spot-Patches-73x-800x800px1.jpg\",\"contentUrl\":\"https:\/\/infomaniak.careista.ch\/wp-content\/uploads\/2025\/06\/53060480-Dr-Belmeur-Clarifying-Cover-Spot-Patches-73x-800x800px1.jpg\",\"width\":800,\"height\":800,\"caption\":\"Dr. Belmeur Clarifying Cover Spot Patches - patchs transparents contre les boutons d'acn\u00e9, les rougeurs et les irritations cutan\u00e9es\"},{\"@type\":\"BreadcrumbList\",\"@id\":\"https:\/\/infomaniak.careista.ch\/fr\/produkte\/soins-de-la-peau-fr\/soins-du-visage-fr\/dr-belmeur-clarifying-cover-spot-patches-72x\/#breadcrumb\",\"itemListElement\":[{\"@type\":\"ListItem\",\"position\":1,\"name\":\"Home\",\"item\":\"https:\/\/infomaniak.careista.ch\/fr\/\"},{\"@type\":\"ListItem\",\"position\":2,\"name\":\"Shop\",\"item\":\"https:\/\/infomaniak.careista.ch\/fr\/shop\/\"},{\"@type\":\"ListItem\",\"position\":3,\"name\":\"Dr. Belmeur Clarifying Cover Spot Patches 72x\"}]},{\"@type\":\"WebSite\",\"@id\":\"https:\/\/infomaniak.careista.ch\/fr\/#website\",\"url\":\"https:\/\/infomaniak.careista.ch\/fr\/\",\"name\":\"CAREISTA\",\"description\":\"Dein pers\u00f6nlicher Pflege-Barista\",\"publisher\":{\"@id\":\"https:\/\/infomaniak.careista.ch\/fr\/#organization\"},\"potentialAction\":[{\"@type\":\"SearchAction\",\"target\":{\"@type\":\"EntryPoint\",\"urlTemplate\":\"https:\/\/infomaniak.careista.ch\/fr\/?s={search_term_string}\"},\"query-input\":{\"@type\":\"PropertyValueSpecification\",\"valueRequired\":true,\"valueName\":\"search_term_string\"}}],\"inLanguage\":\"fr-FR\"},{\"@type\":\"Organization\",\"@id\":\"https:\/\/infomaniak.careista.ch\/fr\/#organization\",\"name\":\"CAREISTA\",\"url\":\"https:\/\/infomaniak.careista.ch\/fr\/\",\"logo\":{\"@type\":\"ImageObject\",\"inLanguage\":\"fr-FR\",\"@id\":\"https:\/\/infomaniak.careista.ch\/fr\/#\/schema\/logo\/image\/\",\"url\":\"https:\/\/infomaniak.careista.ch\/wp-content\/uploads\/2025\/02\/Careista-Logo-S_rgb.svg.svg\",\"contentUrl\":\"https:\/\/infomaniak.careista.ch\/wp-content\/uploads\/2025\/02\/Careista-Logo-S_rgb.svg.svg\",\"caption\":\"CAREISTA\"},\"image\":{\"@id\":\"https:\/\/infomaniak.careista.ch\/fr\/#\/schema\/logo\/image\/\"}}]}<\/script>\n<!-- \/ Yoast SEO plugin. -->","yoast_head_json":{"title":"Dr. Belmeur Clarifying Cover Spot Patches 72x - CAREISTA","robots":{"index":"noindex","follow":"follow","max-snippet":"max-snippet:-1","max-image-preview":"max-image-preview:large","max-video-preview":"max-video-preview:-1"},"og_locale":"fr_FR","og_type":"article","og_title":"Dr. Belmeur Clarifying Cover Spot Patches 72x - CAREISTA","og_description":"Patchs ultrafins et transparents contre les boutons, les impuret\u00e9s et les rougeurs Les patchs Clarifying Cover Spot permettent de couvrir et d'att\u00e9nuer les boutons de mani\u00e8re presque invisible, d'apaiser et de prot\u00e9ger sans irriter.  Pour le traitement et la couverture des imperfections cutan\u00e9es telles que l'acn\u00e9 et les boutons  Avec de l'huile d'arbre \u00e0 th\u00e9 - effet antibact\u00e9rien et anti-inflammatoire naturel  Invisible et discret - peut \u00eatre port\u00e9 de jour comme de nuit  Peut \u00e9galement \u00eatre utilis\u00e9 avant l'application du maquillage  Confortable sur la peau m\u00eame apr\u00e8s 24 heures  Hypoallerg\u00e9nique et doux pour la peau  Clean Beauty Formula  Test\u00e9 sous contr\u00f4le dermatologique Contenu : 72 patchs","og_url":"https:\/\/infomaniak.careista.ch\/fr\/produkte\/soins-de-la-peau-fr\/soins-du-visage-fr\/dr-belmeur-clarifying-cover-spot-patches-72x\/","og_site_name":"CAREISTA","article_modified_time":"2026-04-14T10:59:57+00:00","og_image":[{"width":800,"height":800,"url":"https:\/\/infomaniak.careista.ch\/wp-content\/uploads\/2025\/06\/53060480-Dr-Belmeur-Clarifying-Cover-Spot-Patches-73x-800x800px1.jpg","type":"image\/jpeg"}],"twitter_card":"summary_large_image","schema":{"@context":"https:\/\/schema.org","@graph":[{"@type":"WebPage","@id":"https:\/\/infomaniak.careista.ch\/fr\/produkte\/soins-de-la-peau-fr\/soins-du-visage-fr\/dr-belmeur-clarifying-cover-spot-patches-72x\/","url":"https:\/\/infomaniak.careista.ch\/fr\/produkte\/soins-de-la-peau-fr\/soins-du-visage-fr\/dr-belmeur-clarifying-cover-spot-patches-72x\/","name":"Dr. Belmeur Clarifying Cover Spot Patches 72x - CAREISTA","isPartOf":{"@id":"https:\/\/infomaniak.careista.ch\/fr\/#website"},"primaryImageOfPage":{"@id":"https:\/\/infomaniak.careista.ch\/fr\/produkte\/soins-de-la-peau-fr\/soins-du-visage-fr\/dr-belmeur-clarifying-cover-spot-patches-72x\/#primaryimage"},"image":{"@id":"https:\/\/infomaniak.careista.ch\/fr\/produkte\/soins-de-la-peau-fr\/soins-du-visage-fr\/dr-belmeur-clarifying-cover-spot-patches-72x\/#primaryimage"},"thumbnailUrl":"https:\/\/infomaniak.careista.ch\/wp-content\/uploads\/2025\/06\/53060480-Dr-Belmeur-Clarifying-Cover-Spot-Patches-73x-800x800px1.jpg","datePublished":"2025-06-03T12:00:00+00:00","dateModified":"2026-04-14T10:59:57+00:00","breadcrumb":{"@id":"https:\/\/infomaniak.careista.ch\/fr\/produkte\/soins-de-la-peau-fr\/soins-du-visage-fr\/dr-belmeur-clarifying-cover-spot-patches-72x\/#breadcrumb"},"inLanguage":"fr-FR","potentialAction":[{"@type":"ReadAction","target":["https:\/\/infomaniak.careista.ch\/fr\/produkte\/soins-de-la-peau-fr\/soins-du-visage-fr\/dr-belmeur-clarifying-cover-spot-patches-72x\/"]}]},{"@type":"ImageObject","inLanguage":"fr-FR","@id":"https:\/\/infomaniak.careista.ch\/fr\/produkte\/soins-de-la-peau-fr\/soins-du-visage-fr\/dr-belmeur-clarifying-cover-spot-patches-72x\/#primaryimage","url":"https:\/\/infomaniak.careista.ch\/wp-content\/uploads\/2025\/06\/53060480-Dr-Belmeur-Clarifying-Cover-Spot-Patches-73x-800x800px1.jpg","contentUrl":"https:\/\/infomaniak.careista.ch\/wp-content\/uploads\/2025\/06\/53060480-Dr-Belmeur-Clarifying-Cover-Spot-Patches-73x-800x800px1.jpg","width":800,"height":800,"caption":"Dr. Belmeur Clarifying Cover Spot Patches - patchs transparents contre les boutons d'acn\u00e9, les rougeurs et les irritations cutan\u00e9es"},{"@type":"BreadcrumbList","@id":"https:\/\/infomaniak.careista.ch\/fr\/produkte\/soins-de-la-peau-fr\/soins-du-visage-fr\/dr-belmeur-clarifying-cover-spot-patches-72x\/#breadcrumb","itemListElement":[{"@type":"ListItem","position":1,"name":"Home","item":"https:\/\/infomaniak.careista.ch\/fr\/"},{"@type":"ListItem","position":2,"name":"Shop","item":"https:\/\/infomaniak.careista.ch\/fr\/shop\/"},{"@type":"ListItem","position":3,"name":"Dr. Belmeur Clarifying Cover Spot Patches 72x"}]},{"@type":"WebSite","@id":"https:\/\/infomaniak.careista.ch\/fr\/#website","url":"https:\/\/infomaniak.careista.ch\/fr\/","name":"CAREISTA","description":"Dein pers\u00f6nlicher Pflege-Barista","publisher":{"@id":"https:\/\/infomaniak.careista.ch\/fr\/#organization"},"potentialAction":[{"@type":"SearchAction","target":{"@type":"EntryPoint","urlTemplate":"https:\/\/infomaniak.careista.ch\/fr\/?s={search_term_string}"},"query-input":{"@type":"PropertyValueSpecification","valueRequired":true,"valueName":"search_term_string"}}],"inLanguage":"fr-FR"},{"@type":"Organization","@id":"https:\/\/infomaniak.careista.ch\/fr\/#organization","name":"CAREISTA","url":"https:\/\/infomaniak.careista.ch\/fr\/","logo":{"@type":"ImageObject","inLanguage":"fr-FR","@id":"https:\/\/infomaniak.careista.ch\/fr\/#\/schema\/logo\/image\/","url":"https:\/\/infomaniak.careista.ch\/wp-content\/uploads\/2025\/02\/Careista-Logo-S_rgb.svg.svg","contentUrl":"https:\/\/infomaniak.careista.ch\/wp-content\/uploads\/2025\/02\/Careista-Logo-S_rgb.svg.svg","caption":"CAREISTA"},"image":{"@id":"https:\/\/infomaniak.careista.ch\/fr\/#\/schema\/logo\/image\/"}}]}},"jetpack_sharing_enabled":true,"_links":{"self":[{"href":"https:\/\/infomaniak.careista.ch\/fr\/wp-json\/wp\/v2\/product\/9409","targetHints":{"allow":["GET"]}}],"collection":[{"href":"https:\/\/infomaniak.careista.ch\/fr\/wp-json\/wp\/v2\/product"}],"about":[{"href":"https:\/\/infomaniak.careista.ch\/fr\/wp-json\/wp\/v2\/types\/product"}],"replies":[{"embeddable":true,"href":"https:\/\/infomaniak.careista.ch\/fr\/wp-json\/wp\/v2\/comments?post=9409"}],"version-history":[{"count":0,"href":"https:\/\/infomaniak.careista.ch\/fr\/wp-json\/wp\/v2\/product\/9409\/revisions"}],"wp:featuredmedia":[{"embeddable":true,"href":"https:\/\/infomaniak.careista.ch\/fr\/wp-json\/wp\/v2\/media\/10466"}],"wp:attachment":[{"href":"https:\/\/infomaniak.careista.ch\/fr\/wp-json\/wp\/v2\/media?parent=9409"}],"wp:term":[{"taxonomy":"anwendung-kategorie","embeddable":true,"href":"https:\/\/infomaniak.careista.ch\/fr\/wp-json\/wp\/v2\/anwendung-kategorie?post=9409"},{"taxonomy":"anwendung","embeddable":true,"href":"https:\/\/infomaniak.careista.ch\/fr\/wp-json\/wp\/v2\/anwendung?post=9409"},{"taxonomy":"product_brand","embeddable":true,"href":"https:\/\/infomaniak.careista.ch\/fr\/wp-json\/wp\/v2\/product_brand?post=9409"},{"taxonomy":"product_cat","embeddable":true,"href":"https:\/\/infomaniak.careista.ch\/fr\/wp-json\/wp\/v2\/product_cat?post=9409"},{"taxonomy":"product_tag","embeddable":true,"href":"https:\/\/infomaniak.careista.ch\/fr\/wp-json\/wp\/v2\/product_tag?post=9409"}],"curies":[{"name":"wp","href":"https:\/\/api.w.org\/{rel}","templated":true}]}}