{"id":9412,"date":"2025-06-03T14:00:00","date_gmt":"2025-06-03T12:00:00","guid":{"rendered":"https:\/\/infomaniak.careista.ch\/produkte\/non%20class\u00e9\/dr-belmeur-clarifying-spot-care-ampoule-22ml\/"},"modified":"2026-04-05T00:22:43","modified_gmt":"2026-04-04T22:22:43","slug":"dr-belmeur-clarifying-spot-care-ampoule-22ml","status":"publish","type":"product","link":"https:\/\/infomaniak.careista.ch\/fr\/produkte\/soins-de-la-peau-fr\/soins-du-visage-fr\/dr-belmeur-clarifying-spot-care-ampoule-22ml\/","title":{"rendered":"Dr. Belmeur Clarifying Spot Care Ampoule 22ml"},"content":{"rendered":"","protected":false},"excerpt":{"rendered":"<p><strong>Concentr\u00e9 hydratant pour le soin intensif des zones affect\u00e9es<\/strong><br \/>\nL&rsquo;ampoule Clarifying Spot Care est un s\u00e9rum apaisant et hypoallerg\u00e9nique qui clarifie et prot\u00e8ge les zones particuli\u00e8rement sensibles de la peau et renforce la barri\u00e8re cutan\u00e9e &#8211; id\u00e9al en cas d&rsquo;imperfections et d&rsquo;irritations cutan\u00e9es.<\/p>\n<ul>\n<li>Sp\u00e9cialement con\u00e7u pour les peaux \u00e0 tendance acn\u00e9ique, peut r\u00e9duire les imperfections de la peau<\/li>\n<li>S\u00e9rum pour apaiser les peaux s\u00e8ches<\/li>\n<li>Offre un soin ponctuel des zones \u00e0 probl\u00e8mes de la peau<\/li>\n<li>Am\u00e9liore l&rsquo;\u00e9tat en cas de production excessive de s\u00e9bum<\/li>\n<li>Formule \u00e0 base de plantes, respectueuse de la peau<\/li>\n<li>Formule Clean Beauty<\/li>\n<li>Test\u00e9 sous contr\u00f4le dermatologique<\/li>\n<\/ul>\n<p><em>Contenu : 1 flacon de 22 ml<\/em><\/p>\n","protected":false},"featured_media":10536,"comment_status":"closed","ping_status":"closed","template":"","meta":{"_acf_changed":false},"anwendung-kategorie":[],"anwendung":[312,325],"product_brand":[335],"product_cat":[380,211,210],"product_tag":[],"class_list":{"0":"post-9412","1":"product","2":"type-product","3":"status-publish","4":"has-post-thumbnail","6":"anwendung-acne-peau-impure","7":"anwendung-peau-seche","8":"product_brand-dr-belmeur-fr","9":"product_cat-serum-fr","10":"product_cat-soins-du-visage-fr","11":"product_cat-soins-de-la-peau-fr","13":"first","14":"instock","15":"taxable","16":"shipping-taxable","17":"purchasable","18":"product-type-simple"},"acf":[],"yoast_head":"<!-- This site is optimized with the Yoast SEO plugin v26.7 - https:\/\/yoast.com\/wordpress\/plugins\/seo\/ -->\n<title>Dr. Belmeur Clarifying Spot Care Ampoule 22ml - CAREISTA<\/title>\n<meta name=\"robots\" content=\"noindex, follow, max-snippet:-1, max-image-preview:large, max-video-preview:-1\" \/>\n<meta property=\"og:locale\" content=\"fr_FR\" \/>\n<meta property=\"og:type\" content=\"article\" \/>\n<meta property=\"og:title\" content=\"Dr. Belmeur Clarifying Spot Care Ampoule 22ml - CAREISTA\" \/>\n<meta property=\"og:description\" content=\"Concentr\u00e9 hydratant pour le soin intensif des zones affect\u00e9es L&#039;ampoule Clarifying Spot Care est un s\u00e9rum apaisant et hypoallerg\u00e9nique qui clarifie et prot\u00e8ge les zones particuli\u00e8rement sensibles de la peau et renforce la barri\u00e8re cutan\u00e9e - id\u00e9al en cas d&#039;imperfections et d&#039;irritations cutan\u00e9es.  Sp\u00e9cialement con\u00e7u pour les peaux \u00e0 tendance acn\u00e9ique, peut r\u00e9duire les imperfections de la peau  S\u00e9rum pour apaiser les peaux s\u00e8ches  Offre un soin ponctuel des zones \u00e0 probl\u00e8mes de la peau  Am\u00e9liore l&#039;\u00e9tat en cas de production excessive de s\u00e9bum  Formule \u00e0 base de plantes, respectueuse de la peau  Formule Clean Beauty  Test\u00e9 sous contr\u00f4le dermatologique Contenu : 1 flacon de 22 ml\" \/>\n<meta property=\"og:url\" content=\"https:\/\/infomaniak.careista.ch\/fr\/produkte\/soins-de-la-peau-fr\/soins-du-visage-fr\/dr-belmeur-clarifying-spot-care-ampoule-22ml\/\" \/>\n<meta property=\"og:site_name\" content=\"CAREISTA\" \/>\n<meta property=\"article:modified_time\" content=\"2026-04-04T22:22:43+00:00\" \/>\n<meta property=\"og:image\" content=\"https:\/\/infomaniak.careista.ch\/wp-content\/uploads\/2025\/06\/53060566-Dr-Belmeur-Clarifying-Spot-Care-Ampoule-22ml-800x800px1.jpg\" \/>\n\t<meta property=\"og:image:width\" content=\"800\" \/>\n\t<meta property=\"og:image:height\" content=\"800\" \/>\n\t<meta property=\"og:image:type\" content=\"image\/jpeg\" \/>\n<meta name=\"twitter:card\" content=\"summary_large_image\" \/>\n<script type=\"application\/ld+json\" class=\"yoast-schema-graph\">{\"@context\":\"https:\/\/schema.org\",\"@graph\":[{\"@type\":\"WebPage\",\"@id\":\"https:\/\/infomaniak.careista.ch\/fr\/produkte\/soins-de-la-peau-fr\/soins-du-visage-fr\/dr-belmeur-clarifying-spot-care-ampoule-22ml\/\",\"url\":\"https:\/\/infomaniak.careista.ch\/fr\/produkte\/soins-de-la-peau-fr\/soins-du-visage-fr\/dr-belmeur-clarifying-spot-care-ampoule-22ml\/\",\"name\":\"Dr. Belmeur Clarifying Spot Care Ampoule 22ml - CAREISTA\",\"isPartOf\":{\"@id\":\"https:\/\/infomaniak.careista.ch\/fr\/#website\"},\"primaryImageOfPage\":{\"@id\":\"https:\/\/infomaniak.careista.ch\/fr\/produkte\/soins-de-la-peau-fr\/soins-du-visage-fr\/dr-belmeur-clarifying-spot-care-ampoule-22ml\/#primaryimage\"},\"image\":{\"@id\":\"https:\/\/infomaniak.careista.ch\/fr\/produkte\/soins-de-la-peau-fr\/soins-du-visage-fr\/dr-belmeur-clarifying-spot-care-ampoule-22ml\/#primaryimage\"},\"thumbnailUrl\":\"https:\/\/infomaniak.careista.ch\/wp-content\/uploads\/2025\/06\/53060566-Dr-Belmeur-Clarifying-Spot-Care-Ampoule-22ml-800x800px1.jpg\",\"datePublished\":\"2025-06-03T12:00:00+00:00\",\"dateModified\":\"2026-04-04T22:22:43+00:00\",\"breadcrumb\":{\"@id\":\"https:\/\/infomaniak.careista.ch\/fr\/produkte\/soins-de-la-peau-fr\/soins-du-visage-fr\/dr-belmeur-clarifying-spot-care-ampoule-22ml\/#breadcrumb\"},\"inLanguage\":\"fr-FR\",\"potentialAction\":[{\"@type\":\"ReadAction\",\"target\":[\"https:\/\/infomaniak.careista.ch\/fr\/produkte\/soins-de-la-peau-fr\/soins-du-visage-fr\/dr-belmeur-clarifying-spot-care-ampoule-22ml\/\"]}]},{\"@type\":\"ImageObject\",\"inLanguage\":\"fr-FR\",\"@id\":\"https:\/\/infomaniak.careista.ch\/fr\/produkte\/soins-de-la-peau-fr\/soins-du-visage-fr\/dr-belmeur-clarifying-spot-care-ampoule-22ml\/#primaryimage\",\"url\":\"https:\/\/infomaniak.careista.ch\/wp-content\/uploads\/2025\/06\/53060566-Dr-Belmeur-Clarifying-Spot-Care-Ampoule-22ml-800x800px1.jpg\",\"contentUrl\":\"https:\/\/infomaniak.careista.ch\/wp-content\/uploads\/2025\/06\/53060566-Dr-Belmeur-Clarifying-Spot-Care-Ampoule-22ml-800x800px1.jpg\",\"width\":800,\"height\":800,\"caption\":\"Dr. Belmeur Spot Care Ampoule - s\u00e9rum purifiant contre les impuret\u00e9s, les boutons et les peaux irrit\u00e9es.\"},{\"@type\":\"BreadcrumbList\",\"@id\":\"https:\/\/infomaniak.careista.ch\/fr\/produkte\/soins-de-la-peau-fr\/soins-du-visage-fr\/dr-belmeur-clarifying-spot-care-ampoule-22ml\/#breadcrumb\",\"itemListElement\":[{\"@type\":\"ListItem\",\"position\":1,\"name\":\"Home\",\"item\":\"https:\/\/infomaniak.careista.ch\/fr\/\"},{\"@type\":\"ListItem\",\"position\":2,\"name\":\"Shop\",\"item\":\"https:\/\/infomaniak.careista.ch\/fr\/shop\/\"},{\"@type\":\"ListItem\",\"position\":3,\"name\":\"Dr. Belmeur Clarifying Spot Care Ampoule 22ml\"}]},{\"@type\":\"WebSite\",\"@id\":\"https:\/\/infomaniak.careista.ch\/fr\/#website\",\"url\":\"https:\/\/infomaniak.careista.ch\/fr\/\",\"name\":\"CAREISTA\",\"description\":\"Dein pers\u00f6nlicher Pflege-Barista\",\"publisher\":{\"@id\":\"https:\/\/infomaniak.careista.ch\/fr\/#organization\"},\"potentialAction\":[{\"@type\":\"SearchAction\",\"target\":{\"@type\":\"EntryPoint\",\"urlTemplate\":\"https:\/\/infomaniak.careista.ch\/fr\/?s={search_term_string}\"},\"query-input\":{\"@type\":\"PropertyValueSpecification\",\"valueRequired\":true,\"valueName\":\"search_term_string\"}}],\"inLanguage\":\"fr-FR\"},{\"@type\":\"Organization\",\"@id\":\"https:\/\/infomaniak.careista.ch\/fr\/#organization\",\"name\":\"CAREISTA\",\"url\":\"https:\/\/infomaniak.careista.ch\/fr\/\",\"logo\":{\"@type\":\"ImageObject\",\"inLanguage\":\"fr-FR\",\"@id\":\"https:\/\/infomaniak.careista.ch\/fr\/#\/schema\/logo\/image\/\",\"url\":\"https:\/\/infomaniak.careista.ch\/wp-content\/uploads\/2025\/02\/Careista-Logo-S_rgb.svg.svg\",\"contentUrl\":\"https:\/\/infomaniak.careista.ch\/wp-content\/uploads\/2025\/02\/Careista-Logo-S_rgb.svg.svg\",\"caption\":\"CAREISTA\"},\"image\":{\"@id\":\"https:\/\/infomaniak.careista.ch\/fr\/#\/schema\/logo\/image\/\"}}]}<\/script>\n<!-- \/ Yoast SEO plugin. -->","yoast_head_json":{"title":"Dr. Belmeur Clarifying Spot Care Ampoule 22ml - CAREISTA","robots":{"index":"noindex","follow":"follow","max-snippet":"max-snippet:-1","max-image-preview":"max-image-preview:large","max-video-preview":"max-video-preview:-1"},"og_locale":"fr_FR","og_type":"article","og_title":"Dr. Belmeur Clarifying Spot Care Ampoule 22ml - CAREISTA","og_description":"Concentr\u00e9 hydratant pour le soin intensif des zones affect\u00e9es L'ampoule Clarifying Spot Care est un s\u00e9rum apaisant et hypoallerg\u00e9nique qui clarifie et prot\u00e8ge les zones particuli\u00e8rement sensibles de la peau et renforce la barri\u00e8re cutan\u00e9e - id\u00e9al en cas d'imperfections et d'irritations cutan\u00e9es.  Sp\u00e9cialement con\u00e7u pour les peaux \u00e0 tendance acn\u00e9ique, peut r\u00e9duire les imperfections de la peau  S\u00e9rum pour apaiser les peaux s\u00e8ches  Offre un soin ponctuel des zones \u00e0 probl\u00e8mes de la peau  Am\u00e9liore l'\u00e9tat en cas de production excessive de s\u00e9bum  Formule \u00e0 base de plantes, respectueuse de la peau  Formule Clean Beauty  Test\u00e9 sous contr\u00f4le dermatologique Contenu : 1 flacon de 22 ml","og_url":"https:\/\/infomaniak.careista.ch\/fr\/produkte\/soins-de-la-peau-fr\/soins-du-visage-fr\/dr-belmeur-clarifying-spot-care-ampoule-22ml\/","og_site_name":"CAREISTA","article_modified_time":"2026-04-04T22:22:43+00:00","og_image":[{"width":800,"height":800,"url":"https:\/\/infomaniak.careista.ch\/wp-content\/uploads\/2025\/06\/53060566-Dr-Belmeur-Clarifying-Spot-Care-Ampoule-22ml-800x800px1.jpg","type":"image\/jpeg"}],"twitter_card":"summary_large_image","schema":{"@context":"https:\/\/schema.org","@graph":[{"@type":"WebPage","@id":"https:\/\/infomaniak.careista.ch\/fr\/produkte\/soins-de-la-peau-fr\/soins-du-visage-fr\/dr-belmeur-clarifying-spot-care-ampoule-22ml\/","url":"https:\/\/infomaniak.careista.ch\/fr\/produkte\/soins-de-la-peau-fr\/soins-du-visage-fr\/dr-belmeur-clarifying-spot-care-ampoule-22ml\/","name":"Dr. Belmeur Clarifying Spot Care Ampoule 22ml - CAREISTA","isPartOf":{"@id":"https:\/\/infomaniak.careista.ch\/fr\/#website"},"primaryImageOfPage":{"@id":"https:\/\/infomaniak.careista.ch\/fr\/produkte\/soins-de-la-peau-fr\/soins-du-visage-fr\/dr-belmeur-clarifying-spot-care-ampoule-22ml\/#primaryimage"},"image":{"@id":"https:\/\/infomaniak.careista.ch\/fr\/produkte\/soins-de-la-peau-fr\/soins-du-visage-fr\/dr-belmeur-clarifying-spot-care-ampoule-22ml\/#primaryimage"},"thumbnailUrl":"https:\/\/infomaniak.careista.ch\/wp-content\/uploads\/2025\/06\/53060566-Dr-Belmeur-Clarifying-Spot-Care-Ampoule-22ml-800x800px1.jpg","datePublished":"2025-06-03T12:00:00+00:00","dateModified":"2026-04-04T22:22:43+00:00","breadcrumb":{"@id":"https:\/\/infomaniak.careista.ch\/fr\/produkte\/soins-de-la-peau-fr\/soins-du-visage-fr\/dr-belmeur-clarifying-spot-care-ampoule-22ml\/#breadcrumb"},"inLanguage":"fr-FR","potentialAction":[{"@type":"ReadAction","target":["https:\/\/infomaniak.careista.ch\/fr\/produkte\/soins-de-la-peau-fr\/soins-du-visage-fr\/dr-belmeur-clarifying-spot-care-ampoule-22ml\/"]}]},{"@type":"ImageObject","inLanguage":"fr-FR","@id":"https:\/\/infomaniak.careista.ch\/fr\/produkte\/soins-de-la-peau-fr\/soins-du-visage-fr\/dr-belmeur-clarifying-spot-care-ampoule-22ml\/#primaryimage","url":"https:\/\/infomaniak.careista.ch\/wp-content\/uploads\/2025\/06\/53060566-Dr-Belmeur-Clarifying-Spot-Care-Ampoule-22ml-800x800px1.jpg","contentUrl":"https:\/\/infomaniak.careista.ch\/wp-content\/uploads\/2025\/06\/53060566-Dr-Belmeur-Clarifying-Spot-Care-Ampoule-22ml-800x800px1.jpg","width":800,"height":800,"caption":"Dr. Belmeur Spot Care Ampoule - s\u00e9rum purifiant contre les impuret\u00e9s, les boutons et les peaux irrit\u00e9es."},{"@type":"BreadcrumbList","@id":"https:\/\/infomaniak.careista.ch\/fr\/produkte\/soins-de-la-peau-fr\/soins-du-visage-fr\/dr-belmeur-clarifying-spot-care-ampoule-22ml\/#breadcrumb","itemListElement":[{"@type":"ListItem","position":1,"name":"Home","item":"https:\/\/infomaniak.careista.ch\/fr\/"},{"@type":"ListItem","position":2,"name":"Shop","item":"https:\/\/infomaniak.careista.ch\/fr\/shop\/"},{"@type":"ListItem","position":3,"name":"Dr. Belmeur Clarifying Spot Care Ampoule 22ml"}]},{"@type":"WebSite","@id":"https:\/\/infomaniak.careista.ch\/fr\/#website","url":"https:\/\/infomaniak.careista.ch\/fr\/","name":"CAREISTA","description":"Dein pers\u00f6nlicher Pflege-Barista","publisher":{"@id":"https:\/\/infomaniak.careista.ch\/fr\/#organization"},"potentialAction":[{"@type":"SearchAction","target":{"@type":"EntryPoint","urlTemplate":"https:\/\/infomaniak.careista.ch\/fr\/?s={search_term_string}"},"query-input":{"@type":"PropertyValueSpecification","valueRequired":true,"valueName":"search_term_string"}}],"inLanguage":"fr-FR"},{"@type":"Organization","@id":"https:\/\/infomaniak.careista.ch\/fr\/#organization","name":"CAREISTA","url":"https:\/\/infomaniak.careista.ch\/fr\/","logo":{"@type":"ImageObject","inLanguage":"fr-FR","@id":"https:\/\/infomaniak.careista.ch\/fr\/#\/schema\/logo\/image\/","url":"https:\/\/infomaniak.careista.ch\/wp-content\/uploads\/2025\/02\/Careista-Logo-S_rgb.svg.svg","contentUrl":"https:\/\/infomaniak.careista.ch\/wp-content\/uploads\/2025\/02\/Careista-Logo-S_rgb.svg.svg","caption":"CAREISTA"},"image":{"@id":"https:\/\/infomaniak.careista.ch\/fr\/#\/schema\/logo\/image\/"}}]}},"jetpack_sharing_enabled":true,"_links":{"self":[{"href":"https:\/\/infomaniak.careista.ch\/fr\/wp-json\/wp\/v2\/product\/9412","targetHints":{"allow":["GET"]}}],"collection":[{"href":"https:\/\/infomaniak.careista.ch\/fr\/wp-json\/wp\/v2\/product"}],"about":[{"href":"https:\/\/infomaniak.careista.ch\/fr\/wp-json\/wp\/v2\/types\/product"}],"replies":[{"embeddable":true,"href":"https:\/\/infomaniak.careista.ch\/fr\/wp-json\/wp\/v2\/comments?post=9412"}],"version-history":[{"count":0,"href":"https:\/\/infomaniak.careista.ch\/fr\/wp-json\/wp\/v2\/product\/9412\/revisions"}],"wp:featuredmedia":[{"embeddable":true,"href":"https:\/\/infomaniak.careista.ch\/fr\/wp-json\/wp\/v2\/media\/10536"}],"wp:attachment":[{"href":"https:\/\/infomaniak.careista.ch\/fr\/wp-json\/wp\/v2\/media?parent=9412"}],"wp:term":[{"taxonomy":"anwendung-kategorie","embeddable":true,"href":"https:\/\/infomaniak.careista.ch\/fr\/wp-json\/wp\/v2\/anwendung-kategorie?post=9412"},{"taxonomy":"anwendung","embeddable":true,"href":"https:\/\/infomaniak.careista.ch\/fr\/wp-json\/wp\/v2\/anwendung?post=9412"},{"taxonomy":"product_brand","embeddable":true,"href":"https:\/\/infomaniak.careista.ch\/fr\/wp-json\/wp\/v2\/product_brand?post=9412"},{"taxonomy":"product_cat","embeddable":true,"href":"https:\/\/infomaniak.careista.ch\/fr\/wp-json\/wp\/v2\/product_cat?post=9412"},{"taxonomy":"product_tag","embeddable":true,"href":"https:\/\/infomaniak.careista.ch\/fr\/wp-json\/wp\/v2\/product_tag?post=9412"}],"curies":[{"name":"wp","href":"https:\/\/api.w.org\/{rel}","templated":true}]}}