{"id":9413,"date":"2025-09-24T14:00:00","date_gmt":"2025-09-24T12:00:00","guid":{"rendered":"https:\/\/infomaniak.careista.ch\/produkte\/non%20class\u00e9\/brosse-a-dents-blanchissante-euthymol-flex-firm\/"},"modified":"2026-04-15T08:40:46","modified_gmt":"2026-04-15T06:40:46","slug":"brosse-a-dents-blanchissante-euthymol-flex-firm","status":"publish","type":"product","link":"https:\/\/infomaniak.careista.ch\/fr\/produkte\/soins-buccaux-fr\/brosses-a-dents-fr\/brosse-a-dents-blanchissante-euthymol-flex-firm\/","title":{"rendered":"Brosse \u00e0 dents blanchissante Euthymol Flex-Firm"},"content":{"rendered":"","protected":false},"excerpt":{"rendered":"<p><strong>La brosse \u00e0 dents blanchissante pour le dentifrice Euthymol original<\/strong><br \/>\nLes poils fins Flex-Firm \u00e0 haute stabilit\u00e9 et la technologie LG combinent les avantages des poils durs &amp; souples.<\/p>\n<ul>\n<li>Des poils fins et souples pour un brossage en douceur et moins d&rsquo;irritations.<\/li>\n<li>La grande stabilit\u00e9 des poils contribue \u00e0 l&rsquo;\u00e9limination de la plaque dentaire et renforce l&rsquo;effet du blanchiment<\/li>\n<li>Le sel rose et l&rsquo;hexam\u00e9taphosphate de sodium (SHMP) aident \u00e0 \u00e9liminer les taches sur les dents.<\/li>\n<li>\u00c9limine la plaque dentaire sous les gencives et entre les dents mieux que les poils normaux<\/li>\n<\/ul>\n<p><em>Contenu : 1 brosse \u00e0 dents blanche<\/em><\/p>\n","protected":false},"featured_media":12412,"comment_status":"closed","ping_status":"closed","template":"","meta":{"_acf_changed":false},"anwendung-kategorie":[],"anwendung":[326,315],"product_brand":[336],"product_cat":[214,219],"product_tag":[],"class_list":{"0":"post-9413","1":"product","2":"type-product","3":"status-publish","4":"has-post-thumbnail","6":"anwendung-blanchiment","7":"anwendung-une-haleine-fraiche","8":"product_brand-euthymol-fr","9":"product_cat-soins-buccaux-fr","10":"product_cat-brosses-a-dents-fr","12":"first","13":"instock","14":"taxable","15":"shipping-taxable","16":"purchasable","17":"product-type-simple"},"acf":[],"yoast_head":"<!-- This site is optimized with the Yoast SEO plugin v26.7 - https:\/\/yoast.com\/wordpress\/plugins\/seo\/ -->\n<title>Brosse \u00e0 dents blanchissante Euthymol Flex-Firm - CAREISTA<\/title>\n<meta name=\"robots\" content=\"noindex, follow, max-snippet:-1, max-image-preview:large, max-video-preview:-1\" \/>\n<meta property=\"og:locale\" content=\"fr_FR\" \/>\n<meta property=\"og:type\" content=\"article\" \/>\n<meta property=\"og:title\" content=\"Brosse \u00e0 dents blanchissante Euthymol Flex-Firm - CAREISTA\" \/>\n<meta property=\"og:description\" content=\"La brosse \u00e0 dents blanchissante pour le dentifrice Euthymol original Les poils fins Flex-Firm \u00e0 haute stabilit\u00e9 et la technologie LG combinent les avantages des poils durs &amp; souples.  Des poils fins et souples pour un brossage en douceur et moins d&#039;irritations.  La grande stabilit\u00e9 des poils contribue \u00e0 l&#039;\u00e9limination de la plaque dentaire et renforce l&#039;effet du blanchiment  Le sel rose et l&#039;hexam\u00e9taphosphate de sodium (SHMP) aident \u00e0 \u00e9liminer les taches sur les dents.  \u00c9limine la plaque dentaire sous les gencives et entre les dents mieux que les poils normaux Contenu : 1 brosse \u00e0 dents blanche\" \/>\n<meta property=\"og:url\" content=\"https:\/\/infomaniak.careista.ch\/fr\/produkte\/soins-buccaux-fr\/brosses-a-dents-fr\/brosse-a-dents-blanchissante-euthymol-flex-firm\/\" \/>\n<meta property=\"og:site_name\" content=\"CAREISTA\" \/>\n<meta property=\"article:modified_time\" content=\"2026-04-15T06:40:46+00:00\" \/>\n<meta property=\"og:image\" content=\"https:\/\/infomaniak.careista.ch\/wp-content\/uploads\/2025\/06\/18400113-Euthymol-Flex-Firm-Whitening-Zahnbuerste-800x800px1-white.jpg\" \/>\n\t<meta property=\"og:image:width\" content=\"800\" \/>\n\t<meta property=\"og:image:height\" content=\"800\" \/>\n\t<meta property=\"og:image:type\" content=\"image\/jpeg\" \/>\n<meta name=\"twitter:card\" content=\"summary_large_image\" \/>\n<script type=\"application\/ld+json\" class=\"yoast-schema-graph\">{\"@context\":\"https:\/\/schema.org\",\"@graph\":[{\"@type\":\"WebPage\",\"@id\":\"https:\/\/infomaniak.careista.ch\/fr\/produkte\/soins-buccaux-fr\/brosses-a-dents-fr\/brosse-a-dents-blanchissante-euthymol-flex-firm\/\",\"url\":\"https:\/\/infomaniak.careista.ch\/fr\/produkte\/soins-buccaux-fr\/brosses-a-dents-fr\/brosse-a-dents-blanchissante-euthymol-flex-firm\/\",\"name\":\"Brosse \u00e0 dents blanchissante Euthymol Flex-Firm - CAREISTA\",\"isPartOf\":{\"@id\":\"https:\/\/infomaniak.careista.ch\/fr\/#website\"},\"primaryImageOfPage\":{\"@id\":\"https:\/\/infomaniak.careista.ch\/fr\/produkte\/soins-buccaux-fr\/brosses-a-dents-fr\/brosse-a-dents-blanchissante-euthymol-flex-firm\/#primaryimage\"},\"image\":{\"@id\":\"https:\/\/infomaniak.careista.ch\/fr\/produkte\/soins-buccaux-fr\/brosses-a-dents-fr\/brosse-a-dents-blanchissante-euthymol-flex-firm\/#primaryimage\"},\"thumbnailUrl\":\"https:\/\/infomaniak.careista.ch\/wp-content\/uploads\/2025\/06\/18400113-Euthymol-Flex-Firm-Whitening-Zahnbuerste-800x800px1-white.jpg\",\"datePublished\":\"2025-09-24T12:00:00+00:00\",\"dateModified\":\"2026-04-15T06:40:46+00:00\",\"breadcrumb\":{\"@id\":\"https:\/\/infomaniak.careista.ch\/fr\/produkte\/soins-buccaux-fr\/brosses-a-dents-fr\/brosse-a-dents-blanchissante-euthymol-flex-firm\/#breadcrumb\"},\"inLanguage\":\"fr-FR\",\"potentialAction\":[{\"@type\":\"ReadAction\",\"target\":[\"https:\/\/infomaniak.careista.ch\/fr\/produkte\/soins-buccaux-fr\/brosses-a-dents-fr\/brosse-a-dents-blanchissante-euthymol-flex-firm\/\"]}]},{\"@type\":\"ImageObject\",\"inLanguage\":\"fr-FR\",\"@id\":\"https:\/\/infomaniak.careista.ch\/fr\/produkte\/soins-buccaux-fr\/brosses-a-dents-fr\/brosse-a-dents-blanchissante-euthymol-flex-firm\/#primaryimage\",\"url\":\"https:\/\/infomaniak.careista.ch\/wp-content\/uploads\/2025\/06\/18400113-Euthymol-Flex-Firm-Whitening-Zahnbuerste-800x800px1-white.jpg\",\"contentUrl\":\"https:\/\/infomaniak.careista.ch\/wp-content\/uploads\/2025\/06\/18400113-Euthymol-Flex-Firm-Whitening-Zahnbuerste-800x800px1-white.jpg\",\"width\":800,\"height\":800,\"caption\":\"Brosse \u00e0 dents blanche \u00e9l\u00e9gante avec manche incurv\u00e9 et poils souples pour une hygi\u00e8ne buccale approfondie\"},{\"@type\":\"BreadcrumbList\",\"@id\":\"https:\/\/infomaniak.careista.ch\/fr\/produkte\/soins-buccaux-fr\/brosses-a-dents-fr\/brosse-a-dents-blanchissante-euthymol-flex-firm\/#breadcrumb\",\"itemListElement\":[{\"@type\":\"ListItem\",\"position\":1,\"name\":\"Home\",\"item\":\"https:\/\/infomaniak.careista.ch\/fr\/\"},{\"@type\":\"ListItem\",\"position\":2,\"name\":\"Shop\",\"item\":\"https:\/\/infomaniak.careista.ch\/fr\/shop\/\"},{\"@type\":\"ListItem\",\"position\":3,\"name\":\"Brosse \u00e0 dents blanchissante Euthymol Flex-Firm\"}]},{\"@type\":\"WebSite\",\"@id\":\"https:\/\/infomaniak.careista.ch\/fr\/#website\",\"url\":\"https:\/\/infomaniak.careista.ch\/fr\/\",\"name\":\"CAREISTA\",\"description\":\"Dein pers\u00f6nlicher Pflege-Barista\",\"publisher\":{\"@id\":\"https:\/\/infomaniak.careista.ch\/fr\/#organization\"},\"potentialAction\":[{\"@type\":\"SearchAction\",\"target\":{\"@type\":\"EntryPoint\",\"urlTemplate\":\"https:\/\/infomaniak.careista.ch\/fr\/?s={search_term_string}\"},\"query-input\":{\"@type\":\"PropertyValueSpecification\",\"valueRequired\":true,\"valueName\":\"search_term_string\"}}],\"inLanguage\":\"fr-FR\"},{\"@type\":\"Organization\",\"@id\":\"https:\/\/infomaniak.careista.ch\/fr\/#organization\",\"name\":\"CAREISTA\",\"url\":\"https:\/\/infomaniak.careista.ch\/fr\/\",\"logo\":{\"@type\":\"ImageObject\",\"inLanguage\":\"fr-FR\",\"@id\":\"https:\/\/infomaniak.careista.ch\/fr\/#\/schema\/logo\/image\/\",\"url\":\"https:\/\/infomaniak.careista.ch\/wp-content\/uploads\/2025\/02\/Careista-Logo-S_rgb.svg.svg\",\"contentUrl\":\"https:\/\/infomaniak.careista.ch\/wp-content\/uploads\/2025\/02\/Careista-Logo-S_rgb.svg.svg\",\"caption\":\"CAREISTA\"},\"image\":{\"@id\":\"https:\/\/infomaniak.careista.ch\/fr\/#\/schema\/logo\/image\/\"}}]}<\/script>\n<!-- \/ Yoast SEO plugin. -->","yoast_head_json":{"title":"Brosse \u00e0 dents blanchissante Euthymol Flex-Firm - CAREISTA","robots":{"index":"noindex","follow":"follow","max-snippet":"max-snippet:-1","max-image-preview":"max-image-preview:large","max-video-preview":"max-video-preview:-1"},"og_locale":"fr_FR","og_type":"article","og_title":"Brosse \u00e0 dents blanchissante Euthymol Flex-Firm - CAREISTA","og_description":"La brosse \u00e0 dents blanchissante pour le dentifrice Euthymol original Les poils fins Flex-Firm \u00e0 haute stabilit\u00e9 et la technologie LG combinent les avantages des poils durs &amp; souples.  Des poils fins et souples pour un brossage en douceur et moins d'irritations.  La grande stabilit\u00e9 des poils contribue \u00e0 l'\u00e9limination de la plaque dentaire et renforce l'effet du blanchiment  Le sel rose et l'hexam\u00e9taphosphate de sodium (SHMP) aident \u00e0 \u00e9liminer les taches sur les dents.  \u00c9limine la plaque dentaire sous les gencives et entre les dents mieux que les poils normaux Contenu : 1 brosse \u00e0 dents blanche","og_url":"https:\/\/infomaniak.careista.ch\/fr\/produkte\/soins-buccaux-fr\/brosses-a-dents-fr\/brosse-a-dents-blanchissante-euthymol-flex-firm\/","og_site_name":"CAREISTA","article_modified_time":"2026-04-15T06:40:46+00:00","og_image":[{"width":800,"height":800,"url":"https:\/\/infomaniak.careista.ch\/wp-content\/uploads\/2025\/06\/18400113-Euthymol-Flex-Firm-Whitening-Zahnbuerste-800x800px1-white.jpg","type":"image\/jpeg"}],"twitter_card":"summary_large_image","schema":{"@context":"https:\/\/schema.org","@graph":[{"@type":"WebPage","@id":"https:\/\/infomaniak.careista.ch\/fr\/produkte\/soins-buccaux-fr\/brosses-a-dents-fr\/brosse-a-dents-blanchissante-euthymol-flex-firm\/","url":"https:\/\/infomaniak.careista.ch\/fr\/produkte\/soins-buccaux-fr\/brosses-a-dents-fr\/brosse-a-dents-blanchissante-euthymol-flex-firm\/","name":"Brosse \u00e0 dents blanchissante Euthymol Flex-Firm - CAREISTA","isPartOf":{"@id":"https:\/\/infomaniak.careista.ch\/fr\/#website"},"primaryImageOfPage":{"@id":"https:\/\/infomaniak.careista.ch\/fr\/produkte\/soins-buccaux-fr\/brosses-a-dents-fr\/brosse-a-dents-blanchissante-euthymol-flex-firm\/#primaryimage"},"image":{"@id":"https:\/\/infomaniak.careista.ch\/fr\/produkte\/soins-buccaux-fr\/brosses-a-dents-fr\/brosse-a-dents-blanchissante-euthymol-flex-firm\/#primaryimage"},"thumbnailUrl":"https:\/\/infomaniak.careista.ch\/wp-content\/uploads\/2025\/06\/18400113-Euthymol-Flex-Firm-Whitening-Zahnbuerste-800x800px1-white.jpg","datePublished":"2025-09-24T12:00:00+00:00","dateModified":"2026-04-15T06:40:46+00:00","breadcrumb":{"@id":"https:\/\/infomaniak.careista.ch\/fr\/produkte\/soins-buccaux-fr\/brosses-a-dents-fr\/brosse-a-dents-blanchissante-euthymol-flex-firm\/#breadcrumb"},"inLanguage":"fr-FR","potentialAction":[{"@type":"ReadAction","target":["https:\/\/infomaniak.careista.ch\/fr\/produkte\/soins-buccaux-fr\/brosses-a-dents-fr\/brosse-a-dents-blanchissante-euthymol-flex-firm\/"]}]},{"@type":"ImageObject","inLanguage":"fr-FR","@id":"https:\/\/infomaniak.careista.ch\/fr\/produkte\/soins-buccaux-fr\/brosses-a-dents-fr\/brosse-a-dents-blanchissante-euthymol-flex-firm\/#primaryimage","url":"https:\/\/infomaniak.careista.ch\/wp-content\/uploads\/2025\/06\/18400113-Euthymol-Flex-Firm-Whitening-Zahnbuerste-800x800px1-white.jpg","contentUrl":"https:\/\/infomaniak.careista.ch\/wp-content\/uploads\/2025\/06\/18400113-Euthymol-Flex-Firm-Whitening-Zahnbuerste-800x800px1-white.jpg","width":800,"height":800,"caption":"Brosse \u00e0 dents blanche \u00e9l\u00e9gante avec manche incurv\u00e9 et poils souples pour une hygi\u00e8ne buccale approfondie"},{"@type":"BreadcrumbList","@id":"https:\/\/infomaniak.careista.ch\/fr\/produkte\/soins-buccaux-fr\/brosses-a-dents-fr\/brosse-a-dents-blanchissante-euthymol-flex-firm\/#breadcrumb","itemListElement":[{"@type":"ListItem","position":1,"name":"Home","item":"https:\/\/infomaniak.careista.ch\/fr\/"},{"@type":"ListItem","position":2,"name":"Shop","item":"https:\/\/infomaniak.careista.ch\/fr\/shop\/"},{"@type":"ListItem","position":3,"name":"Brosse \u00e0 dents blanchissante Euthymol Flex-Firm"}]},{"@type":"WebSite","@id":"https:\/\/infomaniak.careista.ch\/fr\/#website","url":"https:\/\/infomaniak.careista.ch\/fr\/","name":"CAREISTA","description":"Dein pers\u00f6nlicher Pflege-Barista","publisher":{"@id":"https:\/\/infomaniak.careista.ch\/fr\/#organization"},"potentialAction":[{"@type":"SearchAction","target":{"@type":"EntryPoint","urlTemplate":"https:\/\/infomaniak.careista.ch\/fr\/?s={search_term_string}"},"query-input":{"@type":"PropertyValueSpecification","valueRequired":true,"valueName":"search_term_string"}}],"inLanguage":"fr-FR"},{"@type":"Organization","@id":"https:\/\/infomaniak.careista.ch\/fr\/#organization","name":"CAREISTA","url":"https:\/\/infomaniak.careista.ch\/fr\/","logo":{"@type":"ImageObject","inLanguage":"fr-FR","@id":"https:\/\/infomaniak.careista.ch\/fr\/#\/schema\/logo\/image\/","url":"https:\/\/infomaniak.careista.ch\/wp-content\/uploads\/2025\/02\/Careista-Logo-S_rgb.svg.svg","contentUrl":"https:\/\/infomaniak.careista.ch\/wp-content\/uploads\/2025\/02\/Careista-Logo-S_rgb.svg.svg","caption":"CAREISTA"},"image":{"@id":"https:\/\/infomaniak.careista.ch\/fr\/#\/schema\/logo\/image\/"}}]}},"jetpack_sharing_enabled":true,"_links":{"self":[{"href":"https:\/\/infomaniak.careista.ch\/fr\/wp-json\/wp\/v2\/product\/9413","targetHints":{"allow":["GET"]}}],"collection":[{"href":"https:\/\/infomaniak.careista.ch\/fr\/wp-json\/wp\/v2\/product"}],"about":[{"href":"https:\/\/infomaniak.careista.ch\/fr\/wp-json\/wp\/v2\/types\/product"}],"replies":[{"embeddable":true,"href":"https:\/\/infomaniak.careista.ch\/fr\/wp-json\/wp\/v2\/comments?post=9413"}],"version-history":[{"count":0,"href":"https:\/\/infomaniak.careista.ch\/fr\/wp-json\/wp\/v2\/product\/9413\/revisions"}],"wp:featuredmedia":[{"embeddable":true,"href":"https:\/\/infomaniak.careista.ch\/fr\/wp-json\/wp\/v2\/media\/12412"}],"wp:attachment":[{"href":"https:\/\/infomaniak.careista.ch\/fr\/wp-json\/wp\/v2\/media?parent=9413"}],"wp:term":[{"taxonomy":"anwendung-kategorie","embeddable":true,"href":"https:\/\/infomaniak.careista.ch\/fr\/wp-json\/wp\/v2\/anwendung-kategorie?post=9413"},{"taxonomy":"anwendung","embeddable":true,"href":"https:\/\/infomaniak.careista.ch\/fr\/wp-json\/wp\/v2\/anwendung?post=9413"},{"taxonomy":"product_brand","embeddable":true,"href":"https:\/\/infomaniak.careista.ch\/fr\/wp-json\/wp\/v2\/product_brand?post=9413"},{"taxonomy":"product_cat","embeddable":true,"href":"https:\/\/infomaniak.careista.ch\/fr\/wp-json\/wp\/v2\/product_cat?post=9413"},{"taxonomy":"product_tag","embeddable":true,"href":"https:\/\/infomaniak.careista.ch\/fr\/wp-json\/wp\/v2\/product_tag?post=9413"}],"curies":[{"name":"wp","href":"https:\/\/api.w.org\/{rel}","templated":true}]}}