{"id":9427,"date":"2025-06-03T14:00:00","date_gmt":"2025-06-03T12:00:00","guid":{"rendered":"https:\/\/infomaniak.careista.ch\/produkte\/non%20class\u00e9\/megasmile-loop-brosse-a-dents-en-duo-pet-box\/"},"modified":"2026-04-14T23:26:12","modified_gmt":"2026-04-14T21:26:12","slug":"megasmile-loop-brosse-a-dents-en-duo-pet-box","status":"publish","type":"product","link":"https:\/\/infomaniak.careista.ch\/fr\/produkte\/soins-buccaux-fr\/brosses-a-dents-fr\/megasmile-loop-brosse-a-dents-en-duo-pet-box\/","title":{"rendered":"megasmile Loop brosse \u00e0 dents en duo PET box"},"content":{"rendered":"","protected":false},"excerpt":{"rendered":"<p><strong>Des poils au charbon actif pour des dents d&rsquo;une blancheur \u00e9clatante<\/strong><br \/>\nLes minuscules particules de charbon de bois dans les poils \u00e9liminent les taches et polissent l&rsquo;\u00e9mail pour des dents plus claires et plus blanches. Le charbon de bois est plus tendre que l&rsquo;\u00e9mail et la dentine, ce qui permet aux poils du Loop de blanchir les dents sans les endommager. Le design suisse unique n&rsquo;a pas seulement l&rsquo;air cool, mais avec le manche Loop, il r\u00e9sout l&rsquo;un des plus grands probl\u00e8mes des soins dentaires modernes en absorbant la surpression lors du brossage des dents. De plus, sa t\u00eate compacte aide \u00e0 naviguer plus confortablement dans toute la bouche, en particulier dans les endroits difficiles d&rsquo;acc\u00e8s.<br \/>\nPour des dents naturellement blanches.   <\/p>\n<h5><em>Contenu : 1 paquet de 2 brosses \u00e0 dents Loop Black Whitening + 1 capuchon de protection.<\/em><\/h5>\n","protected":false},"featured_media":11769,"comment_status":"closed","ping_status":"closed","template":"","meta":{"_acf_changed":false},"anwendung-kategorie":[],"anwendung":[326],"product_brand":[341],"product_cat":[214,219],"product_tag":[],"class_list":{"0":"post-9427","1":"product","2":"type-product","3":"status-publish","4":"has-post-thumbnail","6":"anwendung-blanchiment","7":"product_brand-megasmile-fr","8":"product_cat-soins-buccaux-fr","9":"product_cat-brosses-a-dents-fr","11":"first","12":"instock","13":"taxable","14":"shipping-taxable","15":"purchasable","16":"product-type-simple"},"acf":[],"yoast_head":"<!-- This site is optimized with the Yoast SEO plugin v26.7 - https:\/\/yoast.com\/wordpress\/plugins\/seo\/ -->\n<title>megasmile Loop brosse \u00e0 dents en duo PET box - CAREISTA<\/title>\n<meta name=\"robots\" content=\"noindex, follow, max-snippet:-1, max-image-preview:large, max-video-preview:-1\" \/>\n<meta property=\"og:locale\" content=\"fr_FR\" \/>\n<meta property=\"og:type\" content=\"article\" \/>\n<meta property=\"og:title\" content=\"megasmile Loop brosse \u00e0 dents en duo PET box - CAREISTA\" \/>\n<meta property=\"og:description\" content=\"Des poils au charbon actif pour des dents d&#039;une blancheur \u00e9clatante Les minuscules particules de charbon de bois dans les poils \u00e9liminent les taches et polissent l&#039;\u00e9mail pour des dents plus claires et plus blanches. Le charbon de bois est plus tendre que l&#039;\u00e9mail et la dentine, ce qui permet aux poils du Loop de blanchir les dents sans les endommager. Le design suisse unique n&#039;a pas seulement l&#039;air cool, mais avec le manche Loop, il r\u00e9sout l&#039;un des plus grands probl\u00e8mes des soins dentaires modernes en absorbant la surpression lors du brossage des dents. De plus, sa t\u00eate compacte aide \u00e0 naviguer plus confortablement dans toute la bouche, en particulier dans les endroits difficiles d&#039;acc\u00e8s. Pour des dents naturellement blanches.  Contenu : 1 paquet de 2 brosses \u00e0 dents Loop Black Whitening + 1 capuchon de protection.\" \/>\n<meta property=\"og:url\" content=\"https:\/\/infomaniak.careista.ch\/fr\/produkte\/soins-buccaux-fr\/brosses-a-dents-fr\/megasmile-loop-brosse-a-dents-en-duo-pet-box\/\" \/>\n<meta property=\"og:site_name\" content=\"CAREISTA\" \/>\n<meta property=\"article:modified_time\" content=\"2026-04-14T21:26:12+00:00\" \/>\n<meta property=\"og:image\" content=\"https:\/\/infomaniak.careista.ch\/wp-content\/uploads\/2025\/06\/loop-black-whitening-zahnbuersten-duo-pack-3.jpg\" \/>\n\t<meta property=\"og:image:width\" content=\"800\" \/>\n\t<meta property=\"og:image:height\" content=\"800\" \/>\n\t<meta property=\"og:image:type\" content=\"image\/jpeg\" \/>\n<meta name=\"twitter:card\" content=\"summary_large_image\" \/>\n<script type=\"application\/ld+json\" class=\"yoast-schema-graph\">{\"@context\":\"https:\/\/schema.org\",\"@graph\":[{\"@type\":\"WebPage\",\"@id\":\"https:\/\/infomaniak.careista.ch\/fr\/produkte\/soins-buccaux-fr\/brosses-a-dents-fr\/megasmile-loop-brosse-a-dents-en-duo-pet-box\/\",\"url\":\"https:\/\/infomaniak.careista.ch\/fr\/produkte\/soins-buccaux-fr\/brosses-a-dents-fr\/megasmile-loop-brosse-a-dents-en-duo-pet-box\/\",\"name\":\"megasmile Loop brosse \u00e0 dents en duo PET box - CAREISTA\",\"isPartOf\":{\"@id\":\"https:\/\/infomaniak.careista.ch\/fr\/#website\"},\"primaryImageOfPage\":{\"@id\":\"https:\/\/infomaniak.careista.ch\/fr\/produkte\/soins-buccaux-fr\/brosses-a-dents-fr\/megasmile-loop-brosse-a-dents-en-duo-pet-box\/#primaryimage\"},\"image\":{\"@id\":\"https:\/\/infomaniak.careista.ch\/fr\/produkte\/soins-buccaux-fr\/brosses-a-dents-fr\/megasmile-loop-brosse-a-dents-en-duo-pet-box\/#primaryimage\"},\"thumbnailUrl\":\"https:\/\/infomaniak.careista.ch\/wp-content\/uploads\/2025\/06\/loop-black-whitening-zahnbuersten-duo-pack-3.jpg\",\"datePublished\":\"2025-06-03T12:00:00+00:00\",\"dateModified\":\"2026-04-14T21:26:12+00:00\",\"breadcrumb\":{\"@id\":\"https:\/\/infomaniak.careista.ch\/fr\/produkte\/soins-buccaux-fr\/brosses-a-dents-fr\/megasmile-loop-brosse-a-dents-en-duo-pet-box\/#breadcrumb\"},\"inLanguage\":\"fr-FR\",\"potentialAction\":[{\"@type\":\"ReadAction\",\"target\":[\"https:\/\/infomaniak.careista.ch\/fr\/produkte\/soins-buccaux-fr\/brosses-a-dents-fr\/megasmile-loop-brosse-a-dents-en-duo-pet-box\/\"]}]},{\"@type\":\"ImageObject\",\"inLanguage\":\"fr-FR\",\"@id\":\"https:\/\/infomaniak.careista.ch\/fr\/produkte\/soins-buccaux-fr\/brosses-a-dents-fr\/megasmile-loop-brosse-a-dents-en-duo-pet-box\/#primaryimage\",\"url\":\"https:\/\/infomaniak.careista.ch\/wp-content\/uploads\/2025\/06\/loop-black-whitening-zahnbuersten-duo-pack-3.jpg\",\"contentUrl\":\"https:\/\/infomaniak.careista.ch\/wp-content\/uploads\/2025\/06\/loop-black-whitening-zahnbuersten-duo-pack-3.jpg\",\"width\":800,\"height\":800,\"caption\":\"Brosse \u00e0 dents blanchissante innovante avec technologie ACP &amp; design de boucle suisse pour des soins dentaires doux et efficaces\"},{\"@type\":\"BreadcrumbList\",\"@id\":\"https:\/\/infomaniak.careista.ch\/fr\/produkte\/soins-buccaux-fr\/brosses-a-dents-fr\/megasmile-loop-brosse-a-dents-en-duo-pet-box\/#breadcrumb\",\"itemListElement\":[{\"@type\":\"ListItem\",\"position\":1,\"name\":\"Home\",\"item\":\"https:\/\/infomaniak.careista.ch\/fr\/\"},{\"@type\":\"ListItem\",\"position\":2,\"name\":\"Shop\",\"item\":\"https:\/\/infomaniak.careista.ch\/fr\/shop\/\"},{\"@type\":\"ListItem\",\"position\":3,\"name\":\"megasmile Loop brosse \u00e0 dents en duo PET box\"}]},{\"@type\":\"WebSite\",\"@id\":\"https:\/\/infomaniak.careista.ch\/fr\/#website\",\"url\":\"https:\/\/infomaniak.careista.ch\/fr\/\",\"name\":\"CAREISTA\",\"description\":\"Dein pers\u00f6nlicher Pflege-Barista\",\"publisher\":{\"@id\":\"https:\/\/infomaniak.careista.ch\/fr\/#organization\"},\"potentialAction\":[{\"@type\":\"SearchAction\",\"target\":{\"@type\":\"EntryPoint\",\"urlTemplate\":\"https:\/\/infomaniak.careista.ch\/fr\/?s={search_term_string}\"},\"query-input\":{\"@type\":\"PropertyValueSpecification\",\"valueRequired\":true,\"valueName\":\"search_term_string\"}}],\"inLanguage\":\"fr-FR\"},{\"@type\":\"Organization\",\"@id\":\"https:\/\/infomaniak.careista.ch\/fr\/#organization\",\"name\":\"CAREISTA\",\"url\":\"https:\/\/infomaniak.careista.ch\/fr\/\",\"logo\":{\"@type\":\"ImageObject\",\"inLanguage\":\"fr-FR\",\"@id\":\"https:\/\/infomaniak.careista.ch\/fr\/#\/schema\/logo\/image\/\",\"url\":\"https:\/\/infomaniak.careista.ch\/wp-content\/uploads\/2025\/02\/Careista-Logo-S_rgb.svg.svg\",\"contentUrl\":\"https:\/\/infomaniak.careista.ch\/wp-content\/uploads\/2025\/02\/Careista-Logo-S_rgb.svg.svg\",\"caption\":\"CAREISTA\"},\"image\":{\"@id\":\"https:\/\/infomaniak.careista.ch\/fr\/#\/schema\/logo\/image\/\"}}]}<\/script>\n<!-- \/ Yoast SEO plugin. -->","yoast_head_json":{"title":"megasmile Loop brosse \u00e0 dents en duo PET box - CAREISTA","robots":{"index":"noindex","follow":"follow","max-snippet":"max-snippet:-1","max-image-preview":"max-image-preview:large","max-video-preview":"max-video-preview:-1"},"og_locale":"fr_FR","og_type":"article","og_title":"megasmile Loop brosse \u00e0 dents en duo PET box - CAREISTA","og_description":"Des poils au charbon actif pour des dents d'une blancheur \u00e9clatante Les minuscules particules de charbon de bois dans les poils \u00e9liminent les taches et polissent l'\u00e9mail pour des dents plus claires et plus blanches. Le charbon de bois est plus tendre que l'\u00e9mail et la dentine, ce qui permet aux poils du Loop de blanchir les dents sans les endommager. Le design suisse unique n'a pas seulement l'air cool, mais avec le manche Loop, il r\u00e9sout l'un des plus grands probl\u00e8mes des soins dentaires modernes en absorbant la surpression lors du brossage des dents. De plus, sa t\u00eate compacte aide \u00e0 naviguer plus confortablement dans toute la bouche, en particulier dans les endroits difficiles d'acc\u00e8s. Pour des dents naturellement blanches.  Contenu : 1 paquet de 2 brosses \u00e0 dents Loop Black Whitening + 1 capuchon de protection.","og_url":"https:\/\/infomaniak.careista.ch\/fr\/produkte\/soins-buccaux-fr\/brosses-a-dents-fr\/megasmile-loop-brosse-a-dents-en-duo-pet-box\/","og_site_name":"CAREISTA","article_modified_time":"2026-04-14T21:26:12+00:00","og_image":[{"width":800,"height":800,"url":"https:\/\/infomaniak.careista.ch\/wp-content\/uploads\/2025\/06\/loop-black-whitening-zahnbuersten-duo-pack-3.jpg","type":"image\/jpeg"}],"twitter_card":"summary_large_image","schema":{"@context":"https:\/\/schema.org","@graph":[{"@type":"WebPage","@id":"https:\/\/infomaniak.careista.ch\/fr\/produkte\/soins-buccaux-fr\/brosses-a-dents-fr\/megasmile-loop-brosse-a-dents-en-duo-pet-box\/","url":"https:\/\/infomaniak.careista.ch\/fr\/produkte\/soins-buccaux-fr\/brosses-a-dents-fr\/megasmile-loop-brosse-a-dents-en-duo-pet-box\/","name":"megasmile Loop brosse \u00e0 dents en duo PET box - CAREISTA","isPartOf":{"@id":"https:\/\/infomaniak.careista.ch\/fr\/#website"},"primaryImageOfPage":{"@id":"https:\/\/infomaniak.careista.ch\/fr\/produkte\/soins-buccaux-fr\/brosses-a-dents-fr\/megasmile-loop-brosse-a-dents-en-duo-pet-box\/#primaryimage"},"image":{"@id":"https:\/\/infomaniak.careista.ch\/fr\/produkte\/soins-buccaux-fr\/brosses-a-dents-fr\/megasmile-loop-brosse-a-dents-en-duo-pet-box\/#primaryimage"},"thumbnailUrl":"https:\/\/infomaniak.careista.ch\/wp-content\/uploads\/2025\/06\/loop-black-whitening-zahnbuersten-duo-pack-3.jpg","datePublished":"2025-06-03T12:00:00+00:00","dateModified":"2026-04-14T21:26:12+00:00","breadcrumb":{"@id":"https:\/\/infomaniak.careista.ch\/fr\/produkte\/soins-buccaux-fr\/brosses-a-dents-fr\/megasmile-loop-brosse-a-dents-en-duo-pet-box\/#breadcrumb"},"inLanguage":"fr-FR","potentialAction":[{"@type":"ReadAction","target":["https:\/\/infomaniak.careista.ch\/fr\/produkte\/soins-buccaux-fr\/brosses-a-dents-fr\/megasmile-loop-brosse-a-dents-en-duo-pet-box\/"]}]},{"@type":"ImageObject","inLanguage":"fr-FR","@id":"https:\/\/infomaniak.careista.ch\/fr\/produkte\/soins-buccaux-fr\/brosses-a-dents-fr\/megasmile-loop-brosse-a-dents-en-duo-pet-box\/#primaryimage","url":"https:\/\/infomaniak.careista.ch\/wp-content\/uploads\/2025\/06\/loop-black-whitening-zahnbuersten-duo-pack-3.jpg","contentUrl":"https:\/\/infomaniak.careista.ch\/wp-content\/uploads\/2025\/06\/loop-black-whitening-zahnbuersten-duo-pack-3.jpg","width":800,"height":800,"caption":"Brosse \u00e0 dents blanchissante innovante avec technologie ACP &amp; design de boucle suisse pour des soins dentaires doux et efficaces"},{"@type":"BreadcrumbList","@id":"https:\/\/infomaniak.careista.ch\/fr\/produkte\/soins-buccaux-fr\/brosses-a-dents-fr\/megasmile-loop-brosse-a-dents-en-duo-pet-box\/#breadcrumb","itemListElement":[{"@type":"ListItem","position":1,"name":"Home","item":"https:\/\/infomaniak.careista.ch\/fr\/"},{"@type":"ListItem","position":2,"name":"Shop","item":"https:\/\/infomaniak.careista.ch\/fr\/shop\/"},{"@type":"ListItem","position":3,"name":"megasmile Loop brosse \u00e0 dents en duo PET box"}]},{"@type":"WebSite","@id":"https:\/\/infomaniak.careista.ch\/fr\/#website","url":"https:\/\/infomaniak.careista.ch\/fr\/","name":"CAREISTA","description":"Dein pers\u00f6nlicher Pflege-Barista","publisher":{"@id":"https:\/\/infomaniak.careista.ch\/fr\/#organization"},"potentialAction":[{"@type":"SearchAction","target":{"@type":"EntryPoint","urlTemplate":"https:\/\/infomaniak.careista.ch\/fr\/?s={search_term_string}"},"query-input":{"@type":"PropertyValueSpecification","valueRequired":true,"valueName":"search_term_string"}}],"inLanguage":"fr-FR"},{"@type":"Organization","@id":"https:\/\/infomaniak.careista.ch\/fr\/#organization","name":"CAREISTA","url":"https:\/\/infomaniak.careista.ch\/fr\/","logo":{"@type":"ImageObject","inLanguage":"fr-FR","@id":"https:\/\/infomaniak.careista.ch\/fr\/#\/schema\/logo\/image\/","url":"https:\/\/infomaniak.careista.ch\/wp-content\/uploads\/2025\/02\/Careista-Logo-S_rgb.svg.svg","contentUrl":"https:\/\/infomaniak.careista.ch\/wp-content\/uploads\/2025\/02\/Careista-Logo-S_rgb.svg.svg","caption":"CAREISTA"},"image":{"@id":"https:\/\/infomaniak.careista.ch\/fr\/#\/schema\/logo\/image\/"}}]}},"jetpack_sharing_enabled":true,"_links":{"self":[{"href":"https:\/\/infomaniak.careista.ch\/fr\/wp-json\/wp\/v2\/product\/9427","targetHints":{"allow":["GET"]}}],"collection":[{"href":"https:\/\/infomaniak.careista.ch\/fr\/wp-json\/wp\/v2\/product"}],"about":[{"href":"https:\/\/infomaniak.careista.ch\/fr\/wp-json\/wp\/v2\/types\/product"}],"replies":[{"embeddable":true,"href":"https:\/\/infomaniak.careista.ch\/fr\/wp-json\/wp\/v2\/comments?post=9427"}],"version-history":[{"count":0,"href":"https:\/\/infomaniak.careista.ch\/fr\/wp-json\/wp\/v2\/product\/9427\/revisions"}],"wp:featuredmedia":[{"embeddable":true,"href":"https:\/\/infomaniak.careista.ch\/fr\/wp-json\/wp\/v2\/media\/11769"}],"wp:attachment":[{"href":"https:\/\/infomaniak.careista.ch\/fr\/wp-json\/wp\/v2\/media?parent=9427"}],"wp:term":[{"taxonomy":"anwendung-kategorie","embeddable":true,"href":"https:\/\/infomaniak.careista.ch\/fr\/wp-json\/wp\/v2\/anwendung-kategorie?post=9427"},{"taxonomy":"anwendung","embeddable":true,"href":"https:\/\/infomaniak.careista.ch\/fr\/wp-json\/wp\/v2\/anwendung?post=9427"},{"taxonomy":"product_brand","embeddable":true,"href":"https:\/\/infomaniak.careista.ch\/fr\/wp-json\/wp\/v2\/product_brand?post=9427"},{"taxonomy":"product_cat","embeddable":true,"href":"https:\/\/infomaniak.careista.ch\/fr\/wp-json\/wp\/v2\/product_cat?post=9427"},{"taxonomy":"product_tag","embeddable":true,"href":"https:\/\/infomaniak.careista.ch\/fr\/wp-json\/wp\/v2\/product_tag?post=9427"}],"curies":[{"name":"wp","href":"https:\/\/api.w.org\/{rel}","templated":true}]}}