{"id":9430,"date":"2025-06-03T14:00:00","date_gmt":"2025-06-03T12:00:00","guid":{"rendered":"https:\/\/infomaniak.careista.ch\/produkte\/non%20class\u00e9\/megasmile-sonic-black-whitening-ii-brush-heads-shocking-pink\/"},"modified":"2026-04-15T02:57:13","modified_gmt":"2026-04-15T00:57:13","slug":"megasmile-sonic-black-whitening-ii-brush-heads-shocking-pink","status":"publish","type":"product","link":"https:\/\/infomaniak.careista.ch\/fr\/produkte\/soins-buccaux-fr\/brosses-a-dents-soniques-fr\/megasmile-sonic-black-whitening-ii-brush-heads-shocking-pink\/","title":{"rendered":"megasmile Sonic Black Whitening II brush heads shocking pink"},"content":{"rendered":"","protected":false},"excerpt":{"rendered":"<p><strong>Le secret de megasmile pour des dents plus blanches<\/strong><br \/>\nDes poils sp\u00e9ciaux nouvellement con\u00e7us avec des granul\u00e9s de charbon activ\u00e9 neutralisent la plaque dentaire et polissent les dents sans frotter. Cette technologie est aliment\u00e9e par des milliers de minuscules particules de charbon actif qui ont un double effet.  Ils desserrent et absorbent les taches tout en polissant la surface des dents pour un sourire d&rsquo;une blancheur \u00e9clatante.<br \/>\nSp\u00e9cialement con\u00e7u pour des dents plus blanches et plus polies.<\/p>\n<h5><em>Contenu : 2 t\u00eates de brosse. Convient \u00e0 la brosse \u00e0 dents sonique megasmile Sonic Black Whitening II. <\/em><\/h5>\n","protected":false},"featured_media":11804,"comment_status":"closed","ping_status":"closed","template":"","meta":{"_acf_changed":false},"anwendung-kategorie":[],"anwendung":[326,317],"product_brand":[341],"product_cat":[218,214],"product_tag":[],"class_list":{"0":"post-9430","1":"product","2":"type-product","3":"status-publish","4":"has-post-thumbnail","6":"anwendung-blanchiment","7":"anwendung-des-gencives-saines","8":"product_brand-megasmile-fr","9":"product_cat-brosses-a-dents-soniques-fr","10":"product_cat-soins-buccaux-fr","12":"first","13":"instock","14":"taxable","15":"shipping-taxable","16":"purchasable","17":"product-type-simple"},"acf":[],"yoast_head":"<!-- This site is optimized with the Yoast SEO plugin v26.7 - https:\/\/yoast.com\/wordpress\/plugins\/seo\/ -->\n<title>megasmile Sonic Black Whitening II brush heads shocking pink - CAREISTA<\/title>\n<meta name=\"robots\" content=\"noindex, follow, max-snippet:-1, max-image-preview:large, max-video-preview:-1\" \/>\n<meta property=\"og:locale\" content=\"fr_FR\" \/>\n<meta property=\"og:type\" content=\"article\" \/>\n<meta property=\"og:title\" content=\"megasmile Sonic Black Whitening II brush heads shocking pink - CAREISTA\" \/>\n<meta property=\"og:description\" content=\"Le secret de megasmile pour des dents plus blanches Des poils sp\u00e9ciaux nouvellement con\u00e7us avec des granul\u00e9s de charbon activ\u00e9 neutralisent la plaque dentaire et polissent les dents sans frotter. Cette technologie est aliment\u00e9e par des milliers de minuscules particules de charbon actif qui ont un double effet. Ils desserrent et absorbent les taches tout en polissant la surface des dents pour un sourire d&#039;une blancheur \u00e9clatante. Sp\u00e9cialement con\u00e7u pour des dents plus blanches et plus polies. Contenu : 2 t\u00eates de brosse. Convient \u00e0 la brosse \u00e0 dents sonique megasmile Sonic Black Whitening II.\" \/>\n<meta property=\"og:url\" content=\"https:\/\/infomaniak.careista.ch\/fr\/produkte\/soins-buccaux-fr\/brosses-a-dents-soniques-fr\/megasmile-sonic-black-whitening-ii-brush-heads-shocking-pink\/\" \/>\n<meta property=\"og:site_name\" content=\"CAREISTA\" \/>\n<meta property=\"article:modified_time\" content=\"2026-04-15T00:57:13+00:00\" \/>\n<meta property=\"og:image\" content=\"https:\/\/infomaniak.careista.ch\/wp-content\/uploads\/2025\/06\/100184-megasmile-Sonic-Black-Whitening-II-brush-heads-shocking-pink-800x800px1.jpg\" \/>\n\t<meta property=\"og:image:width\" content=\"800\" \/>\n\t<meta property=\"og:image:height\" content=\"800\" \/>\n\t<meta property=\"og:image:type\" content=\"image\/jpeg\" \/>\n<meta name=\"twitter:card\" content=\"summary_large_image\" \/>\n<script type=\"application\/ld+json\" class=\"yoast-schema-graph\">{\"@context\":\"https:\/\/schema.org\",\"@graph\":[{\"@type\":\"WebPage\",\"@id\":\"https:\/\/infomaniak.careista.ch\/fr\/produkte\/soins-buccaux-fr\/brosses-a-dents-soniques-fr\/megasmile-sonic-black-whitening-ii-brush-heads-shocking-pink\/\",\"url\":\"https:\/\/infomaniak.careista.ch\/fr\/produkte\/soins-buccaux-fr\/brosses-a-dents-soniques-fr\/megasmile-sonic-black-whitening-ii-brush-heads-shocking-pink\/\",\"name\":\"megasmile Sonic Black Whitening II brush heads shocking pink - CAREISTA\",\"isPartOf\":{\"@id\":\"https:\/\/infomaniak.careista.ch\/fr\/#website\"},\"primaryImageOfPage\":{\"@id\":\"https:\/\/infomaniak.careista.ch\/fr\/produkte\/soins-buccaux-fr\/brosses-a-dents-soniques-fr\/megasmile-sonic-black-whitening-ii-brush-heads-shocking-pink\/#primaryimage\"},\"image\":{\"@id\":\"https:\/\/infomaniak.careista.ch\/fr\/produkte\/soins-buccaux-fr\/brosses-a-dents-soniques-fr\/megasmile-sonic-black-whitening-ii-brush-heads-shocking-pink\/#primaryimage\"},\"thumbnailUrl\":\"https:\/\/infomaniak.careista.ch\/wp-content\/uploads\/2025\/06\/100184-megasmile-Sonic-Black-Whitening-II-brush-heads-shocking-pink-800x800px1.jpg\",\"datePublished\":\"2025-06-03T12:00:00+00:00\",\"dateModified\":\"2026-04-15T00:57:13+00:00\",\"breadcrumb\":{\"@id\":\"https:\/\/infomaniak.careista.ch\/fr\/produkte\/soins-buccaux-fr\/brosses-a-dents-soniques-fr\/megasmile-sonic-black-whitening-ii-brush-heads-shocking-pink\/#breadcrumb\"},\"inLanguage\":\"fr-FR\",\"potentialAction\":[{\"@type\":\"ReadAction\",\"target\":[\"https:\/\/infomaniak.careista.ch\/fr\/produkte\/soins-buccaux-fr\/brosses-a-dents-soniques-fr\/megasmile-sonic-black-whitening-ii-brush-heads-shocking-pink\/\"]}]},{\"@type\":\"ImageObject\",\"inLanguage\":\"fr-FR\",\"@id\":\"https:\/\/infomaniak.careista.ch\/fr\/produkte\/soins-buccaux-fr\/brosses-a-dents-soniques-fr\/megasmile-sonic-black-whitening-ii-brush-heads-shocking-pink\/#primaryimage\",\"url\":\"https:\/\/infomaniak.careista.ch\/wp-content\/uploads\/2025\/06\/100184-megasmile-Sonic-Black-Whitening-II-brush-heads-shocking-pink-800x800px1.jpg\",\"contentUrl\":\"https:\/\/infomaniak.careista.ch\/wp-content\/uploads\/2025\/06\/100184-megasmile-Sonic-Black-Whitening-II-brush-heads-shocking-pink-800x800px1.jpg\",\"width\":800,\"height\":800,\"caption\":\"T\u00eates de brosse de rechange avec technologie de polissage au charbon actif pour des dents d'une blancheur \u00e9clatante\"},{\"@type\":\"BreadcrumbList\",\"@id\":\"https:\/\/infomaniak.careista.ch\/fr\/produkte\/soins-buccaux-fr\/brosses-a-dents-soniques-fr\/megasmile-sonic-black-whitening-ii-brush-heads-shocking-pink\/#breadcrumb\",\"itemListElement\":[{\"@type\":\"ListItem\",\"position\":1,\"name\":\"Home\",\"item\":\"https:\/\/infomaniak.careista.ch\/fr\/\"},{\"@type\":\"ListItem\",\"position\":2,\"name\":\"Shop\",\"item\":\"https:\/\/infomaniak.careista.ch\/fr\/shop\/\"},{\"@type\":\"ListItem\",\"position\":3,\"name\":\"megasmile Sonic Black Whitening II brush heads shocking pink\"}]},{\"@type\":\"WebSite\",\"@id\":\"https:\/\/infomaniak.careista.ch\/fr\/#website\",\"url\":\"https:\/\/infomaniak.careista.ch\/fr\/\",\"name\":\"CAREISTA\",\"description\":\"Dein pers\u00f6nlicher Pflege-Barista\",\"publisher\":{\"@id\":\"https:\/\/infomaniak.careista.ch\/fr\/#organization\"},\"potentialAction\":[{\"@type\":\"SearchAction\",\"target\":{\"@type\":\"EntryPoint\",\"urlTemplate\":\"https:\/\/infomaniak.careista.ch\/fr\/?s={search_term_string}\"},\"query-input\":{\"@type\":\"PropertyValueSpecification\",\"valueRequired\":true,\"valueName\":\"search_term_string\"}}],\"inLanguage\":\"fr-FR\"},{\"@type\":\"Organization\",\"@id\":\"https:\/\/infomaniak.careista.ch\/fr\/#organization\",\"name\":\"CAREISTA\",\"url\":\"https:\/\/infomaniak.careista.ch\/fr\/\",\"logo\":{\"@type\":\"ImageObject\",\"inLanguage\":\"fr-FR\",\"@id\":\"https:\/\/infomaniak.careista.ch\/fr\/#\/schema\/logo\/image\/\",\"url\":\"https:\/\/infomaniak.careista.ch\/wp-content\/uploads\/2025\/02\/Careista-Logo-S_rgb.svg.svg\",\"contentUrl\":\"https:\/\/infomaniak.careista.ch\/wp-content\/uploads\/2025\/02\/Careista-Logo-S_rgb.svg.svg\",\"caption\":\"CAREISTA\"},\"image\":{\"@id\":\"https:\/\/infomaniak.careista.ch\/fr\/#\/schema\/logo\/image\/\"}}]}<\/script>\n<!-- \/ Yoast SEO plugin. -->","yoast_head_json":{"title":"megasmile Sonic Black Whitening II brush heads shocking pink - CAREISTA","robots":{"index":"noindex","follow":"follow","max-snippet":"max-snippet:-1","max-image-preview":"max-image-preview:large","max-video-preview":"max-video-preview:-1"},"og_locale":"fr_FR","og_type":"article","og_title":"megasmile Sonic Black Whitening II brush heads shocking pink - CAREISTA","og_description":"Le secret de megasmile pour des dents plus blanches Des poils sp\u00e9ciaux nouvellement con\u00e7us avec des granul\u00e9s de charbon activ\u00e9 neutralisent la plaque dentaire et polissent les dents sans frotter. Cette technologie est aliment\u00e9e par des milliers de minuscules particules de charbon actif qui ont un double effet. Ils desserrent et absorbent les taches tout en polissant la surface des dents pour un sourire d'une blancheur \u00e9clatante. Sp\u00e9cialement con\u00e7u pour des dents plus blanches et plus polies. Contenu : 2 t\u00eates de brosse. Convient \u00e0 la brosse \u00e0 dents sonique megasmile Sonic Black Whitening II.","og_url":"https:\/\/infomaniak.careista.ch\/fr\/produkte\/soins-buccaux-fr\/brosses-a-dents-soniques-fr\/megasmile-sonic-black-whitening-ii-brush-heads-shocking-pink\/","og_site_name":"CAREISTA","article_modified_time":"2026-04-15T00:57:13+00:00","og_image":[{"width":800,"height":800,"url":"https:\/\/infomaniak.careista.ch\/wp-content\/uploads\/2025\/06\/100184-megasmile-Sonic-Black-Whitening-II-brush-heads-shocking-pink-800x800px1.jpg","type":"image\/jpeg"}],"twitter_card":"summary_large_image","schema":{"@context":"https:\/\/schema.org","@graph":[{"@type":"WebPage","@id":"https:\/\/infomaniak.careista.ch\/fr\/produkte\/soins-buccaux-fr\/brosses-a-dents-soniques-fr\/megasmile-sonic-black-whitening-ii-brush-heads-shocking-pink\/","url":"https:\/\/infomaniak.careista.ch\/fr\/produkte\/soins-buccaux-fr\/brosses-a-dents-soniques-fr\/megasmile-sonic-black-whitening-ii-brush-heads-shocking-pink\/","name":"megasmile Sonic Black Whitening II brush heads shocking pink - CAREISTA","isPartOf":{"@id":"https:\/\/infomaniak.careista.ch\/fr\/#website"},"primaryImageOfPage":{"@id":"https:\/\/infomaniak.careista.ch\/fr\/produkte\/soins-buccaux-fr\/brosses-a-dents-soniques-fr\/megasmile-sonic-black-whitening-ii-brush-heads-shocking-pink\/#primaryimage"},"image":{"@id":"https:\/\/infomaniak.careista.ch\/fr\/produkte\/soins-buccaux-fr\/brosses-a-dents-soniques-fr\/megasmile-sonic-black-whitening-ii-brush-heads-shocking-pink\/#primaryimage"},"thumbnailUrl":"https:\/\/infomaniak.careista.ch\/wp-content\/uploads\/2025\/06\/100184-megasmile-Sonic-Black-Whitening-II-brush-heads-shocking-pink-800x800px1.jpg","datePublished":"2025-06-03T12:00:00+00:00","dateModified":"2026-04-15T00:57:13+00:00","breadcrumb":{"@id":"https:\/\/infomaniak.careista.ch\/fr\/produkte\/soins-buccaux-fr\/brosses-a-dents-soniques-fr\/megasmile-sonic-black-whitening-ii-brush-heads-shocking-pink\/#breadcrumb"},"inLanguage":"fr-FR","potentialAction":[{"@type":"ReadAction","target":["https:\/\/infomaniak.careista.ch\/fr\/produkte\/soins-buccaux-fr\/brosses-a-dents-soniques-fr\/megasmile-sonic-black-whitening-ii-brush-heads-shocking-pink\/"]}]},{"@type":"ImageObject","inLanguage":"fr-FR","@id":"https:\/\/infomaniak.careista.ch\/fr\/produkte\/soins-buccaux-fr\/brosses-a-dents-soniques-fr\/megasmile-sonic-black-whitening-ii-brush-heads-shocking-pink\/#primaryimage","url":"https:\/\/infomaniak.careista.ch\/wp-content\/uploads\/2025\/06\/100184-megasmile-Sonic-Black-Whitening-II-brush-heads-shocking-pink-800x800px1.jpg","contentUrl":"https:\/\/infomaniak.careista.ch\/wp-content\/uploads\/2025\/06\/100184-megasmile-Sonic-Black-Whitening-II-brush-heads-shocking-pink-800x800px1.jpg","width":800,"height":800,"caption":"T\u00eates de brosse de rechange avec technologie de polissage au charbon actif pour des dents d'une blancheur \u00e9clatante"},{"@type":"BreadcrumbList","@id":"https:\/\/infomaniak.careista.ch\/fr\/produkte\/soins-buccaux-fr\/brosses-a-dents-soniques-fr\/megasmile-sonic-black-whitening-ii-brush-heads-shocking-pink\/#breadcrumb","itemListElement":[{"@type":"ListItem","position":1,"name":"Home","item":"https:\/\/infomaniak.careista.ch\/fr\/"},{"@type":"ListItem","position":2,"name":"Shop","item":"https:\/\/infomaniak.careista.ch\/fr\/shop\/"},{"@type":"ListItem","position":3,"name":"megasmile Sonic Black Whitening II brush heads shocking pink"}]},{"@type":"WebSite","@id":"https:\/\/infomaniak.careista.ch\/fr\/#website","url":"https:\/\/infomaniak.careista.ch\/fr\/","name":"CAREISTA","description":"Dein pers\u00f6nlicher Pflege-Barista","publisher":{"@id":"https:\/\/infomaniak.careista.ch\/fr\/#organization"},"potentialAction":[{"@type":"SearchAction","target":{"@type":"EntryPoint","urlTemplate":"https:\/\/infomaniak.careista.ch\/fr\/?s={search_term_string}"},"query-input":{"@type":"PropertyValueSpecification","valueRequired":true,"valueName":"search_term_string"}}],"inLanguage":"fr-FR"},{"@type":"Organization","@id":"https:\/\/infomaniak.careista.ch\/fr\/#organization","name":"CAREISTA","url":"https:\/\/infomaniak.careista.ch\/fr\/","logo":{"@type":"ImageObject","inLanguage":"fr-FR","@id":"https:\/\/infomaniak.careista.ch\/fr\/#\/schema\/logo\/image\/","url":"https:\/\/infomaniak.careista.ch\/wp-content\/uploads\/2025\/02\/Careista-Logo-S_rgb.svg.svg","contentUrl":"https:\/\/infomaniak.careista.ch\/wp-content\/uploads\/2025\/02\/Careista-Logo-S_rgb.svg.svg","caption":"CAREISTA"},"image":{"@id":"https:\/\/infomaniak.careista.ch\/fr\/#\/schema\/logo\/image\/"}}]}},"jetpack_sharing_enabled":true,"_links":{"self":[{"href":"https:\/\/infomaniak.careista.ch\/fr\/wp-json\/wp\/v2\/product\/9430","targetHints":{"allow":["GET"]}}],"collection":[{"href":"https:\/\/infomaniak.careista.ch\/fr\/wp-json\/wp\/v2\/product"}],"about":[{"href":"https:\/\/infomaniak.careista.ch\/fr\/wp-json\/wp\/v2\/types\/product"}],"replies":[{"embeddable":true,"href":"https:\/\/infomaniak.careista.ch\/fr\/wp-json\/wp\/v2\/comments?post=9430"}],"version-history":[{"count":0,"href":"https:\/\/infomaniak.careista.ch\/fr\/wp-json\/wp\/v2\/product\/9430\/revisions"}],"wp:featuredmedia":[{"embeddable":true,"href":"https:\/\/infomaniak.careista.ch\/fr\/wp-json\/wp\/v2\/media\/11804"}],"wp:attachment":[{"href":"https:\/\/infomaniak.careista.ch\/fr\/wp-json\/wp\/v2\/media?parent=9430"}],"wp:term":[{"taxonomy":"anwendung-kategorie","embeddable":true,"href":"https:\/\/infomaniak.careista.ch\/fr\/wp-json\/wp\/v2\/anwendung-kategorie?post=9430"},{"taxonomy":"anwendung","embeddable":true,"href":"https:\/\/infomaniak.careista.ch\/fr\/wp-json\/wp\/v2\/anwendung?post=9430"},{"taxonomy":"product_brand","embeddable":true,"href":"https:\/\/infomaniak.careista.ch\/fr\/wp-json\/wp\/v2\/product_brand?post=9430"},{"taxonomy":"product_cat","embeddable":true,"href":"https:\/\/infomaniak.careista.ch\/fr\/wp-json\/wp\/v2\/product_cat?post=9430"},{"taxonomy":"product_tag","embeddable":true,"href":"https:\/\/infomaniak.careista.ch\/fr\/wp-json\/wp\/v2\/product_tag?post=9430"}],"curies":[{"name":"wp","href":"https:\/\/api.w.org\/{rel}","templated":true}]}}