{"id":9438,"date":"2025-06-03T14:00:00","date_gmt":"2025-06-03T12:00:00","guid":{"rendered":"https:\/\/infomaniak.careista.ch\/produkte\/non%20class\u00e9\/edelwhite-expanding-superfloss-fil-dentaire-25m\/"},"modified":"2026-04-15T08:05:00","modified_gmt":"2026-04-15T06:05:00","slug":"edelwhite-expanding-superfloss-fil-dentaire-25m","status":"publish","type":"product","link":"https:\/\/infomaniak.careista.ch\/fr\/produkte\/soins-buccaux-fr\/interdentaire-fr\/edelwhite-expanding-superfloss-fil-dentaire-25m\/","title":{"rendered":"edel+white Expanding Superfloss fil dentaire 25m"},"content":{"rendered":"","protected":false},"excerpt":{"rendered":"<p><strong>Fil dentaire intelligent avec effet de volume<\/strong><br \/>\nLa technologie innovante Superfloss \u00e9limine la plaque dentaire plus efficacement que le fil dentaire classique*.<\/p>\n<ul>\n<li>R\u00e9duction de la plaque dentaire jusqu&rsquo;\u00e0 70 %*.<\/li>\n<li>Se dilate au contact de la salive<\/li>\n<li>Remplit parfaitement les espaces interdentaires<\/li>\n<li>Insertion facile gr\u00e2ce \u00e0 la fibre extensible<\/li>\n<li>Id\u00e9al pour un nettoyage en profondeur et en douceur<\/li>\n<\/ul>\n<p><small>*\u00c9tude interne de l&rsquo;Universit\u00e9 de G\u00eanes, test\u00e9e avec 3 des fils dentaires les plus courants, 2004.<\/small><\/p>\n<p><em>Contenu : 25m de fil dentaire, suffisant pour environ 60 nettoyages<\/em><\/p>\n","protected":false},"featured_media":7232,"comment_status":"closed","ping_status":"closed","template":"","meta":{"_acf_changed":false},"anwendung-kategorie":[],"anwendung":[315,316],"product_brand":[340],"product_cat":[214,216],"product_tag":[],"class_list":{"0":"post-9438","1":"product","2":"type-product","3":"status-publish","4":"has-post-thumbnail","6":"anwendung-une-haleine-fraiche","7":"anwendung-pour-entre-les-deux","8":"product_brand-edelwhite-fr","9":"product_cat-soins-buccaux-fr","10":"product_cat-interdentaire-fr","12":"first","13":"instock","14":"taxable","15":"shipping-taxable","16":"purchasable","17":"product-type-simple"},"acf":[],"yoast_head":"<!-- This site is optimized with the Yoast SEO plugin v26.7 - https:\/\/yoast.com\/wordpress\/plugins\/seo\/ -->\n<title>edel+white Expanding Superfloss fil dentaire 25m - CAREISTA<\/title>\n<meta name=\"robots\" content=\"noindex, follow, max-snippet:-1, max-image-preview:large, max-video-preview:-1\" \/>\n<meta property=\"og:locale\" content=\"fr_FR\" \/>\n<meta property=\"og:type\" content=\"article\" \/>\n<meta property=\"og:title\" content=\"edel+white Expanding Superfloss fil dentaire 25m - CAREISTA\" \/>\n<meta property=\"og:description\" content=\"Fil dentaire intelligent avec effet de volume La technologie innovante Superfloss \u00e9limine la plaque dentaire plus efficacement que le fil dentaire classique*.  R\u00e9duction de la plaque dentaire jusqu&#039;\u00e0 70 %*.  Se dilate au contact de la salive  Remplit parfaitement les espaces interdentaires  Insertion facile gr\u00e2ce \u00e0 la fibre extensible  Id\u00e9al pour un nettoyage en profondeur et en douceur *\u00c9tude interne de l&#039;Universit\u00e9 de G\u00eanes, test\u00e9e avec 3 des fils dentaires les plus courants, 2004. Contenu : 25m de fil dentaire, suffisant pour environ 60 nettoyages\" \/>\n<meta property=\"og:url\" content=\"https:\/\/infomaniak.careista.ch\/fr\/produkte\/soins-buccaux-fr\/interdentaire-fr\/edelwhite-expanding-superfloss-fil-dentaire-25m\/\" \/>\n<meta property=\"og:site_name\" content=\"CAREISTA\" \/>\n<meta property=\"article:modified_time\" content=\"2026-04-15T06:05:00+00:00\" \/>\n<meta property=\"og:image\" content=\"https:\/\/infomaniak.careista.ch\/wp-content\/uploads\/2025\/06\/800852-Expanding-Superfloss-800x800px1.png\" \/>\n\t<meta property=\"og:image:width\" content=\"800\" \/>\n\t<meta property=\"og:image:height\" content=\"800\" \/>\n\t<meta property=\"og:image:type\" content=\"image\/png\" \/>\n<meta name=\"twitter:card\" content=\"summary_large_image\" \/>\n<script type=\"application\/ld+json\" class=\"yoast-schema-graph\">{\"@context\":\"https:\/\/schema.org\",\"@graph\":[{\"@type\":\"WebPage\",\"@id\":\"https:\/\/infomaniak.careista.ch\/fr\/produkte\/soins-buccaux-fr\/interdentaire-fr\/edelwhite-expanding-superfloss-fil-dentaire-25m\/\",\"url\":\"https:\/\/infomaniak.careista.ch\/fr\/produkte\/soins-buccaux-fr\/interdentaire-fr\/edelwhite-expanding-superfloss-fil-dentaire-25m\/\",\"name\":\"edel+white Expanding Superfloss fil dentaire 25m - CAREISTA\",\"isPartOf\":{\"@id\":\"https:\/\/infomaniak.careista.ch\/fr\/#website\"},\"primaryImageOfPage\":{\"@id\":\"https:\/\/infomaniak.careista.ch\/fr\/produkte\/soins-buccaux-fr\/interdentaire-fr\/edelwhite-expanding-superfloss-fil-dentaire-25m\/#primaryimage\"},\"image\":{\"@id\":\"https:\/\/infomaniak.careista.ch\/fr\/produkte\/soins-buccaux-fr\/interdentaire-fr\/edelwhite-expanding-superfloss-fil-dentaire-25m\/#primaryimage\"},\"thumbnailUrl\":\"https:\/\/infomaniak.careista.ch\/wp-content\/uploads\/2025\/06\/800852-Expanding-Superfloss-800x800px1.png\",\"datePublished\":\"2025-06-03T12:00:00+00:00\",\"dateModified\":\"2026-04-15T06:05:00+00:00\",\"breadcrumb\":{\"@id\":\"https:\/\/infomaniak.careista.ch\/fr\/produkte\/soins-buccaux-fr\/interdentaire-fr\/edelwhite-expanding-superfloss-fil-dentaire-25m\/#breadcrumb\"},\"inLanguage\":\"fr-FR\",\"potentialAction\":[{\"@type\":\"ReadAction\",\"target\":[\"https:\/\/infomaniak.careista.ch\/fr\/produkte\/soins-buccaux-fr\/interdentaire-fr\/edelwhite-expanding-superfloss-fil-dentaire-25m\/\"]}]},{\"@type\":\"ImageObject\",\"inLanguage\":\"fr-FR\",\"@id\":\"https:\/\/infomaniak.careista.ch\/fr\/produkte\/soins-buccaux-fr\/interdentaire-fr\/edelwhite-expanding-superfloss-fil-dentaire-25m\/#primaryimage\",\"url\":\"https:\/\/infomaniak.careista.ch\/wp-content\/uploads\/2025\/06\/800852-Expanding-Superfloss-800x800px1.png\",\"contentUrl\":\"https:\/\/infomaniak.careista.ch\/wp-content\/uploads\/2025\/06\/800852-Expanding-Superfloss-800x800px1.png\",\"width\":800,\"height\":800},{\"@type\":\"BreadcrumbList\",\"@id\":\"https:\/\/infomaniak.careista.ch\/fr\/produkte\/soins-buccaux-fr\/interdentaire-fr\/edelwhite-expanding-superfloss-fil-dentaire-25m\/#breadcrumb\",\"itemListElement\":[{\"@type\":\"ListItem\",\"position\":1,\"name\":\"Home\",\"item\":\"https:\/\/infomaniak.careista.ch\/fr\/\"},{\"@type\":\"ListItem\",\"position\":2,\"name\":\"Shop\",\"item\":\"https:\/\/infomaniak.careista.ch\/fr\/shop\/\"},{\"@type\":\"ListItem\",\"position\":3,\"name\":\"edel+white Expanding Superfloss fil dentaire 25m\"}]},{\"@type\":\"WebSite\",\"@id\":\"https:\/\/infomaniak.careista.ch\/fr\/#website\",\"url\":\"https:\/\/infomaniak.careista.ch\/fr\/\",\"name\":\"CAREISTA\",\"description\":\"Dein pers\u00f6nlicher Pflege-Barista\",\"publisher\":{\"@id\":\"https:\/\/infomaniak.careista.ch\/fr\/#organization\"},\"potentialAction\":[{\"@type\":\"SearchAction\",\"target\":{\"@type\":\"EntryPoint\",\"urlTemplate\":\"https:\/\/infomaniak.careista.ch\/fr\/?s={search_term_string}\"},\"query-input\":{\"@type\":\"PropertyValueSpecification\",\"valueRequired\":true,\"valueName\":\"search_term_string\"}}],\"inLanguage\":\"fr-FR\"},{\"@type\":\"Organization\",\"@id\":\"https:\/\/infomaniak.careista.ch\/fr\/#organization\",\"name\":\"CAREISTA\",\"url\":\"https:\/\/infomaniak.careista.ch\/fr\/\",\"logo\":{\"@type\":\"ImageObject\",\"inLanguage\":\"fr-FR\",\"@id\":\"https:\/\/infomaniak.careista.ch\/fr\/#\/schema\/logo\/image\/\",\"url\":\"https:\/\/infomaniak.careista.ch\/wp-content\/uploads\/2025\/02\/Careista-Logo-S_rgb.svg.svg\",\"contentUrl\":\"https:\/\/infomaniak.careista.ch\/wp-content\/uploads\/2025\/02\/Careista-Logo-S_rgb.svg.svg\",\"caption\":\"CAREISTA\"},\"image\":{\"@id\":\"https:\/\/infomaniak.careista.ch\/fr\/#\/schema\/logo\/image\/\"}}]}<\/script>\n<!-- \/ Yoast SEO plugin. -->","yoast_head_json":{"title":"edel+white Expanding Superfloss fil dentaire 25m - CAREISTA","robots":{"index":"noindex","follow":"follow","max-snippet":"max-snippet:-1","max-image-preview":"max-image-preview:large","max-video-preview":"max-video-preview:-1"},"og_locale":"fr_FR","og_type":"article","og_title":"edel+white Expanding Superfloss fil dentaire 25m - CAREISTA","og_description":"Fil dentaire intelligent avec effet de volume La technologie innovante Superfloss \u00e9limine la plaque dentaire plus efficacement que le fil dentaire classique*.  R\u00e9duction de la plaque dentaire jusqu'\u00e0 70 %*.  Se dilate au contact de la salive  Remplit parfaitement les espaces interdentaires  Insertion facile gr\u00e2ce \u00e0 la fibre extensible  Id\u00e9al pour un nettoyage en profondeur et en douceur *\u00c9tude interne de l'Universit\u00e9 de G\u00eanes, test\u00e9e avec 3 des fils dentaires les plus courants, 2004. Contenu : 25m de fil dentaire, suffisant pour environ 60 nettoyages","og_url":"https:\/\/infomaniak.careista.ch\/fr\/produkte\/soins-buccaux-fr\/interdentaire-fr\/edelwhite-expanding-superfloss-fil-dentaire-25m\/","og_site_name":"CAREISTA","article_modified_time":"2026-04-15T06:05:00+00:00","og_image":[{"width":800,"height":800,"url":"https:\/\/infomaniak.careista.ch\/wp-content\/uploads\/2025\/06\/800852-Expanding-Superfloss-800x800px1.png","type":"image\/png"}],"twitter_card":"summary_large_image","schema":{"@context":"https:\/\/schema.org","@graph":[{"@type":"WebPage","@id":"https:\/\/infomaniak.careista.ch\/fr\/produkte\/soins-buccaux-fr\/interdentaire-fr\/edelwhite-expanding-superfloss-fil-dentaire-25m\/","url":"https:\/\/infomaniak.careista.ch\/fr\/produkte\/soins-buccaux-fr\/interdentaire-fr\/edelwhite-expanding-superfloss-fil-dentaire-25m\/","name":"edel+white Expanding Superfloss fil dentaire 25m - CAREISTA","isPartOf":{"@id":"https:\/\/infomaniak.careista.ch\/fr\/#website"},"primaryImageOfPage":{"@id":"https:\/\/infomaniak.careista.ch\/fr\/produkte\/soins-buccaux-fr\/interdentaire-fr\/edelwhite-expanding-superfloss-fil-dentaire-25m\/#primaryimage"},"image":{"@id":"https:\/\/infomaniak.careista.ch\/fr\/produkte\/soins-buccaux-fr\/interdentaire-fr\/edelwhite-expanding-superfloss-fil-dentaire-25m\/#primaryimage"},"thumbnailUrl":"https:\/\/infomaniak.careista.ch\/wp-content\/uploads\/2025\/06\/800852-Expanding-Superfloss-800x800px1.png","datePublished":"2025-06-03T12:00:00+00:00","dateModified":"2026-04-15T06:05:00+00:00","breadcrumb":{"@id":"https:\/\/infomaniak.careista.ch\/fr\/produkte\/soins-buccaux-fr\/interdentaire-fr\/edelwhite-expanding-superfloss-fil-dentaire-25m\/#breadcrumb"},"inLanguage":"fr-FR","potentialAction":[{"@type":"ReadAction","target":["https:\/\/infomaniak.careista.ch\/fr\/produkte\/soins-buccaux-fr\/interdentaire-fr\/edelwhite-expanding-superfloss-fil-dentaire-25m\/"]}]},{"@type":"ImageObject","inLanguage":"fr-FR","@id":"https:\/\/infomaniak.careista.ch\/fr\/produkte\/soins-buccaux-fr\/interdentaire-fr\/edelwhite-expanding-superfloss-fil-dentaire-25m\/#primaryimage","url":"https:\/\/infomaniak.careista.ch\/wp-content\/uploads\/2025\/06\/800852-Expanding-Superfloss-800x800px1.png","contentUrl":"https:\/\/infomaniak.careista.ch\/wp-content\/uploads\/2025\/06\/800852-Expanding-Superfloss-800x800px1.png","width":800,"height":800},{"@type":"BreadcrumbList","@id":"https:\/\/infomaniak.careista.ch\/fr\/produkte\/soins-buccaux-fr\/interdentaire-fr\/edelwhite-expanding-superfloss-fil-dentaire-25m\/#breadcrumb","itemListElement":[{"@type":"ListItem","position":1,"name":"Home","item":"https:\/\/infomaniak.careista.ch\/fr\/"},{"@type":"ListItem","position":2,"name":"Shop","item":"https:\/\/infomaniak.careista.ch\/fr\/shop\/"},{"@type":"ListItem","position":3,"name":"edel+white Expanding Superfloss fil dentaire 25m"}]},{"@type":"WebSite","@id":"https:\/\/infomaniak.careista.ch\/fr\/#website","url":"https:\/\/infomaniak.careista.ch\/fr\/","name":"CAREISTA","description":"Dein pers\u00f6nlicher Pflege-Barista","publisher":{"@id":"https:\/\/infomaniak.careista.ch\/fr\/#organization"},"potentialAction":[{"@type":"SearchAction","target":{"@type":"EntryPoint","urlTemplate":"https:\/\/infomaniak.careista.ch\/fr\/?s={search_term_string}"},"query-input":{"@type":"PropertyValueSpecification","valueRequired":true,"valueName":"search_term_string"}}],"inLanguage":"fr-FR"},{"@type":"Organization","@id":"https:\/\/infomaniak.careista.ch\/fr\/#organization","name":"CAREISTA","url":"https:\/\/infomaniak.careista.ch\/fr\/","logo":{"@type":"ImageObject","inLanguage":"fr-FR","@id":"https:\/\/infomaniak.careista.ch\/fr\/#\/schema\/logo\/image\/","url":"https:\/\/infomaniak.careista.ch\/wp-content\/uploads\/2025\/02\/Careista-Logo-S_rgb.svg.svg","contentUrl":"https:\/\/infomaniak.careista.ch\/wp-content\/uploads\/2025\/02\/Careista-Logo-S_rgb.svg.svg","caption":"CAREISTA"},"image":{"@id":"https:\/\/infomaniak.careista.ch\/fr\/#\/schema\/logo\/image\/"}}]}},"jetpack_sharing_enabled":true,"_links":{"self":[{"href":"https:\/\/infomaniak.careista.ch\/fr\/wp-json\/wp\/v2\/product\/9438","targetHints":{"allow":["GET"]}}],"collection":[{"href":"https:\/\/infomaniak.careista.ch\/fr\/wp-json\/wp\/v2\/product"}],"about":[{"href":"https:\/\/infomaniak.careista.ch\/fr\/wp-json\/wp\/v2\/types\/product"}],"replies":[{"embeddable":true,"href":"https:\/\/infomaniak.careista.ch\/fr\/wp-json\/wp\/v2\/comments?post=9438"}],"version-history":[{"count":0,"href":"https:\/\/infomaniak.careista.ch\/fr\/wp-json\/wp\/v2\/product\/9438\/revisions"}],"wp:featuredmedia":[{"embeddable":true,"href":"https:\/\/infomaniak.careista.ch\/fr\/wp-json\/wp\/v2\/media\/7232"}],"wp:attachment":[{"href":"https:\/\/infomaniak.careista.ch\/fr\/wp-json\/wp\/v2\/media?parent=9438"}],"wp:term":[{"taxonomy":"anwendung-kategorie","embeddable":true,"href":"https:\/\/infomaniak.careista.ch\/fr\/wp-json\/wp\/v2\/anwendung-kategorie?post=9438"},{"taxonomy":"anwendung","embeddable":true,"href":"https:\/\/infomaniak.careista.ch\/fr\/wp-json\/wp\/v2\/anwendung?post=9438"},{"taxonomy":"product_brand","embeddable":true,"href":"https:\/\/infomaniak.careista.ch\/fr\/wp-json\/wp\/v2\/product_brand?post=9438"},{"taxonomy":"product_cat","embeddable":true,"href":"https:\/\/infomaniak.careista.ch\/fr\/wp-json\/wp\/v2\/product_cat?post=9438"},{"taxonomy":"product_tag","embeddable":true,"href":"https:\/\/infomaniak.careista.ch\/fr\/wp-json\/wp\/v2\/product_tag?post=9438"}],"curies":[{"name":"wp","href":"https:\/\/api.w.org\/{rel}","templated":true}]}}