{"id":9440,"date":"2025-06-03T14:00:00","date_gmt":"2025-06-03T12:00:00","guid":{"rendered":"https:\/\/infomaniak.careista.ch\/produkte\/non%20class\u00e9\/edelwhite-sensitive-set\/"},"modified":"2026-04-19T15:07:47","modified_gmt":"2026-04-19T13:07:47","slug":"edelwhite-sensitive-set","status":"publish","type":"product","link":"https:\/\/infomaniak.careista.ch\/fr\/produkte\/soins-buccaux-fr\/divers-soins-buccaux-fr\/edelwhite-sensitive-set\/","title":{"rendered":"edel+white Sensitive Set"},"content":{"rendered":"","protected":false},"excerpt":{"rendered":"<p><strong>STOP \u00e0 la sensibilit\u00e9 dentaire<\/strong><br \/>\nCombat l&rsquo;un des probl\u00e8mes les plus courants de la dentisterie moderne : la sensibilit\u00e9 dentaire.<\/p>\n<ul>\n<li>Soulagement et protection contre la sensibilit\u00e9 dentaire<\/li>\n<li>Effet hautement actif contre les caries et l&rsquo;\u00e9rosion dentaire<\/li>\n<li>Particuli\u00e8rement recommand\u00e9 pour les personnes ayant des dents et des gencives sensibles<\/li>\n<\/ul>\n<p><em>Contenu :<\/em><\/p>\n<ul>\n<li><em>1x 100108 Flosserbrush Ultrasoft<\/em><\/li>\n<li><em>1x 500505 Gel dentaire Stop Sensitive 75 ml<\/em><\/li>\n<li><em>1x 800852 Fil dentaire Expanding Superfloss<\/em><\/li>\n<li><em>1x 500542 Bain de bouche Fresh+Protect 50 ml<\/em><\/li>\n<li><em>1x 800836 Pick Sticks Interdental Small<\/em><\/li>\n<\/ul>\n","protected":false},"featured_media":7279,"comment_status":"closed","ping_status":"closed","template":"","meta":{"_acf_changed":false},"anwendung-kategorie":[],"anwendung":[317,324],"product_brand":[340],"product_cat":[214,215],"product_tag":[],"class_list":{"0":"post-9440","1":"product","2":"type-product","3":"status-publish","4":"has-post-thumbnail","6":"anwendung-des-gencives-saines","7":"anwendung-dents-sensibles","8":"product_brand-edelwhite-fr","9":"product_cat-soins-buccaux-fr","10":"product_cat-divers-soins-buccaux-fr","12":"first","13":"instock","14":"taxable","15":"shipping-taxable","16":"purchasable","17":"product-type-simple"},"acf":[],"yoast_head":"<!-- This site is optimized with the Yoast SEO plugin v26.7 - https:\/\/yoast.com\/wordpress\/plugins\/seo\/ -->\n<title>edel+white Sensitive Set - CAREISTA<\/title>\n<meta name=\"robots\" content=\"noindex, follow, max-snippet:-1, max-image-preview:large, max-video-preview:-1\" \/>\n<meta property=\"og:locale\" content=\"fr_FR\" \/>\n<meta property=\"og:type\" content=\"article\" \/>\n<meta property=\"og:title\" content=\"edel+white Sensitive Set - CAREISTA\" \/>\n<meta property=\"og:description\" content=\"STOP \u00e0 la sensibilit\u00e9 dentaire Combat l&#039;un des probl\u00e8mes les plus courants de la dentisterie moderne : la sensibilit\u00e9 dentaire.  Soulagement et protection contre la sensibilit\u00e9 dentaire  Effet hautement actif contre les caries et l&#039;\u00e9rosion dentaire  Particuli\u00e8rement recommand\u00e9 pour les personnes ayant des dents et des gencives sensibles Contenu :  1x 100108 Flosserbrush Ultrasoft  1x 500505 Gel dentaire Stop Sensitive 75 ml  1x 800852 Fil dentaire Expanding Superfloss  1x 500542 Bain de bouche Fresh+Protect 50 ml  1x 800836 Pick Sticks Interdental Small\" \/>\n<meta property=\"og:url\" content=\"https:\/\/infomaniak.careista.ch\/fr\/produkte\/soins-buccaux-fr\/divers-soins-buccaux-fr\/edelwhite-sensitive-set\/\" \/>\n<meta property=\"og:site_name\" content=\"CAREISTA\" \/>\n<meta property=\"article:modified_time\" content=\"2026-04-19T13:07:47+00:00\" \/>\n<meta property=\"og:image\" content=\"https:\/\/infomaniak.careista.ch\/wp-content\/uploads\/2025\/06\/900939-Sensitive-Set-800x800px1.png\" \/>\n\t<meta property=\"og:image:width\" content=\"800\" \/>\n\t<meta property=\"og:image:height\" content=\"800\" \/>\n\t<meta property=\"og:image:type\" content=\"image\/png\" \/>\n<meta name=\"twitter:card\" content=\"summary_large_image\" \/>\n<script type=\"application\/ld+json\" class=\"yoast-schema-graph\">{\"@context\":\"https:\/\/schema.org\",\"@graph\":[{\"@type\":\"WebPage\",\"@id\":\"https:\/\/infomaniak.careista.ch\/fr\/produkte\/soins-buccaux-fr\/divers-soins-buccaux-fr\/edelwhite-sensitive-set\/\",\"url\":\"https:\/\/infomaniak.careista.ch\/fr\/produkte\/soins-buccaux-fr\/divers-soins-buccaux-fr\/edelwhite-sensitive-set\/\",\"name\":\"edel+white Sensitive Set - CAREISTA\",\"isPartOf\":{\"@id\":\"https:\/\/infomaniak.careista.ch\/fr\/#website\"},\"primaryImageOfPage\":{\"@id\":\"https:\/\/infomaniak.careista.ch\/fr\/produkte\/soins-buccaux-fr\/divers-soins-buccaux-fr\/edelwhite-sensitive-set\/#primaryimage\"},\"image\":{\"@id\":\"https:\/\/infomaniak.careista.ch\/fr\/produkte\/soins-buccaux-fr\/divers-soins-buccaux-fr\/edelwhite-sensitive-set\/#primaryimage\"},\"thumbnailUrl\":\"https:\/\/infomaniak.careista.ch\/wp-content\/uploads\/2025\/06\/900939-Sensitive-Set-800x800px1.png\",\"datePublished\":\"2025-06-03T12:00:00+00:00\",\"dateModified\":\"2026-04-19T13:07:47+00:00\",\"breadcrumb\":{\"@id\":\"https:\/\/infomaniak.careista.ch\/fr\/produkte\/soins-buccaux-fr\/divers-soins-buccaux-fr\/edelwhite-sensitive-set\/#breadcrumb\"},\"inLanguage\":\"fr-FR\",\"potentialAction\":[{\"@type\":\"ReadAction\",\"target\":[\"https:\/\/infomaniak.careista.ch\/fr\/produkte\/soins-buccaux-fr\/divers-soins-buccaux-fr\/edelwhite-sensitive-set\/\"]}]},{\"@type\":\"ImageObject\",\"inLanguage\":\"fr-FR\",\"@id\":\"https:\/\/infomaniak.careista.ch\/fr\/produkte\/soins-buccaux-fr\/divers-soins-buccaux-fr\/edelwhite-sensitive-set\/#primaryimage\",\"url\":\"https:\/\/infomaniak.careista.ch\/wp-content\/uploads\/2025\/06\/900939-Sensitive-Set-800x800px1.png\",\"contentUrl\":\"https:\/\/infomaniak.careista.ch\/wp-content\/uploads\/2025\/06\/900939-Sensitive-Set-800x800px1.png\",\"width\":800,\"height\":800,\"caption\":\"Sofortschutz bei Schmerzempfindlichkeit \u2013 f\u00fcr nachhaltige Mundgesundheit\"},{\"@type\":\"BreadcrumbList\",\"@id\":\"https:\/\/infomaniak.careista.ch\/fr\/produkte\/soins-buccaux-fr\/divers-soins-buccaux-fr\/edelwhite-sensitive-set\/#breadcrumb\",\"itemListElement\":[{\"@type\":\"ListItem\",\"position\":1,\"name\":\"Home\",\"item\":\"https:\/\/infomaniak.careista.ch\/fr\/\"},{\"@type\":\"ListItem\",\"position\":2,\"name\":\"Shop\",\"item\":\"https:\/\/infomaniak.careista.ch\/fr\/shop\/\"},{\"@type\":\"ListItem\",\"position\":3,\"name\":\"edel+white Sensitive Set\"}]},{\"@type\":\"WebSite\",\"@id\":\"https:\/\/infomaniak.careista.ch\/fr\/#website\",\"url\":\"https:\/\/infomaniak.careista.ch\/fr\/\",\"name\":\"CAREISTA\",\"description\":\"Dein pers\u00f6nlicher Pflege-Barista\",\"publisher\":{\"@id\":\"https:\/\/infomaniak.careista.ch\/fr\/#organization\"},\"potentialAction\":[{\"@type\":\"SearchAction\",\"target\":{\"@type\":\"EntryPoint\",\"urlTemplate\":\"https:\/\/infomaniak.careista.ch\/fr\/?s={search_term_string}\"},\"query-input\":{\"@type\":\"PropertyValueSpecification\",\"valueRequired\":true,\"valueName\":\"search_term_string\"}}],\"inLanguage\":\"fr-FR\"},{\"@type\":\"Organization\",\"@id\":\"https:\/\/infomaniak.careista.ch\/fr\/#organization\",\"name\":\"CAREISTA\",\"url\":\"https:\/\/infomaniak.careista.ch\/fr\/\",\"logo\":{\"@type\":\"ImageObject\",\"inLanguage\":\"fr-FR\",\"@id\":\"https:\/\/infomaniak.careista.ch\/fr\/#\/schema\/logo\/image\/\",\"url\":\"https:\/\/infomaniak.careista.ch\/wp-content\/uploads\/2025\/02\/Careista-Logo-S_rgb.svg.svg\",\"contentUrl\":\"https:\/\/infomaniak.careista.ch\/wp-content\/uploads\/2025\/02\/Careista-Logo-S_rgb.svg.svg\",\"caption\":\"CAREISTA\"},\"image\":{\"@id\":\"https:\/\/infomaniak.careista.ch\/fr\/#\/schema\/logo\/image\/\"}}]}<\/script>\n<!-- \/ Yoast SEO plugin. -->","yoast_head_json":{"title":"edel+white Sensitive Set - CAREISTA","robots":{"index":"noindex","follow":"follow","max-snippet":"max-snippet:-1","max-image-preview":"max-image-preview:large","max-video-preview":"max-video-preview:-1"},"og_locale":"fr_FR","og_type":"article","og_title":"edel+white Sensitive Set - CAREISTA","og_description":"STOP \u00e0 la sensibilit\u00e9 dentaire Combat l'un des probl\u00e8mes les plus courants de la dentisterie moderne : la sensibilit\u00e9 dentaire.  Soulagement et protection contre la sensibilit\u00e9 dentaire  Effet hautement actif contre les caries et l'\u00e9rosion dentaire  Particuli\u00e8rement recommand\u00e9 pour les personnes ayant des dents et des gencives sensibles Contenu :  1x 100108 Flosserbrush Ultrasoft  1x 500505 Gel dentaire Stop Sensitive 75 ml  1x 800852 Fil dentaire Expanding Superfloss  1x 500542 Bain de bouche Fresh+Protect 50 ml  1x 800836 Pick Sticks Interdental Small","og_url":"https:\/\/infomaniak.careista.ch\/fr\/produkte\/soins-buccaux-fr\/divers-soins-buccaux-fr\/edelwhite-sensitive-set\/","og_site_name":"CAREISTA","article_modified_time":"2026-04-19T13:07:47+00:00","og_image":[{"width":800,"height":800,"url":"https:\/\/infomaniak.careista.ch\/wp-content\/uploads\/2025\/06\/900939-Sensitive-Set-800x800px1.png","type":"image\/png"}],"twitter_card":"summary_large_image","schema":{"@context":"https:\/\/schema.org","@graph":[{"@type":"WebPage","@id":"https:\/\/infomaniak.careista.ch\/fr\/produkte\/soins-buccaux-fr\/divers-soins-buccaux-fr\/edelwhite-sensitive-set\/","url":"https:\/\/infomaniak.careista.ch\/fr\/produkte\/soins-buccaux-fr\/divers-soins-buccaux-fr\/edelwhite-sensitive-set\/","name":"edel+white Sensitive Set - CAREISTA","isPartOf":{"@id":"https:\/\/infomaniak.careista.ch\/fr\/#website"},"primaryImageOfPage":{"@id":"https:\/\/infomaniak.careista.ch\/fr\/produkte\/soins-buccaux-fr\/divers-soins-buccaux-fr\/edelwhite-sensitive-set\/#primaryimage"},"image":{"@id":"https:\/\/infomaniak.careista.ch\/fr\/produkte\/soins-buccaux-fr\/divers-soins-buccaux-fr\/edelwhite-sensitive-set\/#primaryimage"},"thumbnailUrl":"https:\/\/infomaniak.careista.ch\/wp-content\/uploads\/2025\/06\/900939-Sensitive-Set-800x800px1.png","datePublished":"2025-06-03T12:00:00+00:00","dateModified":"2026-04-19T13:07:47+00:00","breadcrumb":{"@id":"https:\/\/infomaniak.careista.ch\/fr\/produkte\/soins-buccaux-fr\/divers-soins-buccaux-fr\/edelwhite-sensitive-set\/#breadcrumb"},"inLanguage":"fr-FR","potentialAction":[{"@type":"ReadAction","target":["https:\/\/infomaniak.careista.ch\/fr\/produkte\/soins-buccaux-fr\/divers-soins-buccaux-fr\/edelwhite-sensitive-set\/"]}]},{"@type":"ImageObject","inLanguage":"fr-FR","@id":"https:\/\/infomaniak.careista.ch\/fr\/produkte\/soins-buccaux-fr\/divers-soins-buccaux-fr\/edelwhite-sensitive-set\/#primaryimage","url":"https:\/\/infomaniak.careista.ch\/wp-content\/uploads\/2025\/06\/900939-Sensitive-Set-800x800px1.png","contentUrl":"https:\/\/infomaniak.careista.ch\/wp-content\/uploads\/2025\/06\/900939-Sensitive-Set-800x800px1.png","width":800,"height":800,"caption":"Sofortschutz bei Schmerzempfindlichkeit \u2013 f\u00fcr nachhaltige Mundgesundheit"},{"@type":"BreadcrumbList","@id":"https:\/\/infomaniak.careista.ch\/fr\/produkte\/soins-buccaux-fr\/divers-soins-buccaux-fr\/edelwhite-sensitive-set\/#breadcrumb","itemListElement":[{"@type":"ListItem","position":1,"name":"Home","item":"https:\/\/infomaniak.careista.ch\/fr\/"},{"@type":"ListItem","position":2,"name":"Shop","item":"https:\/\/infomaniak.careista.ch\/fr\/shop\/"},{"@type":"ListItem","position":3,"name":"edel+white Sensitive Set"}]},{"@type":"WebSite","@id":"https:\/\/infomaniak.careista.ch\/fr\/#website","url":"https:\/\/infomaniak.careista.ch\/fr\/","name":"CAREISTA","description":"Dein pers\u00f6nlicher Pflege-Barista","publisher":{"@id":"https:\/\/infomaniak.careista.ch\/fr\/#organization"},"potentialAction":[{"@type":"SearchAction","target":{"@type":"EntryPoint","urlTemplate":"https:\/\/infomaniak.careista.ch\/fr\/?s={search_term_string}"},"query-input":{"@type":"PropertyValueSpecification","valueRequired":true,"valueName":"search_term_string"}}],"inLanguage":"fr-FR"},{"@type":"Organization","@id":"https:\/\/infomaniak.careista.ch\/fr\/#organization","name":"CAREISTA","url":"https:\/\/infomaniak.careista.ch\/fr\/","logo":{"@type":"ImageObject","inLanguage":"fr-FR","@id":"https:\/\/infomaniak.careista.ch\/fr\/#\/schema\/logo\/image\/","url":"https:\/\/infomaniak.careista.ch\/wp-content\/uploads\/2025\/02\/Careista-Logo-S_rgb.svg.svg","contentUrl":"https:\/\/infomaniak.careista.ch\/wp-content\/uploads\/2025\/02\/Careista-Logo-S_rgb.svg.svg","caption":"CAREISTA"},"image":{"@id":"https:\/\/infomaniak.careista.ch\/fr\/#\/schema\/logo\/image\/"}}]}},"jetpack_sharing_enabled":true,"_links":{"self":[{"href":"https:\/\/infomaniak.careista.ch\/fr\/wp-json\/wp\/v2\/product\/9440","targetHints":{"allow":["GET"]}}],"collection":[{"href":"https:\/\/infomaniak.careista.ch\/fr\/wp-json\/wp\/v2\/product"}],"about":[{"href":"https:\/\/infomaniak.careista.ch\/fr\/wp-json\/wp\/v2\/types\/product"}],"replies":[{"embeddable":true,"href":"https:\/\/infomaniak.careista.ch\/fr\/wp-json\/wp\/v2\/comments?post=9440"}],"version-history":[{"count":0,"href":"https:\/\/infomaniak.careista.ch\/fr\/wp-json\/wp\/v2\/product\/9440\/revisions"}],"wp:featuredmedia":[{"embeddable":true,"href":"https:\/\/infomaniak.careista.ch\/fr\/wp-json\/wp\/v2\/media\/7279"}],"wp:attachment":[{"href":"https:\/\/infomaniak.careista.ch\/fr\/wp-json\/wp\/v2\/media?parent=9440"}],"wp:term":[{"taxonomy":"anwendung-kategorie","embeddable":true,"href":"https:\/\/infomaniak.careista.ch\/fr\/wp-json\/wp\/v2\/anwendung-kategorie?post=9440"},{"taxonomy":"anwendung","embeddable":true,"href":"https:\/\/infomaniak.careista.ch\/fr\/wp-json\/wp\/v2\/anwendung?post=9440"},{"taxonomy":"product_brand","embeddable":true,"href":"https:\/\/infomaniak.careista.ch\/fr\/wp-json\/wp\/v2\/product_brand?post=9440"},{"taxonomy":"product_cat","embeddable":true,"href":"https:\/\/infomaniak.careista.ch\/fr\/wp-json\/wp\/v2\/product_cat?post=9440"},{"taxonomy":"product_tag","embeddable":true,"href":"https:\/\/infomaniak.careista.ch\/fr\/wp-json\/wp\/v2\/product_tag?post=9440"}],"curies":[{"name":"wp","href":"https:\/\/api.w.org\/{rel}","templated":true}]}}