{"id":9446,"date":"2025-06-03T14:00:00","date_gmt":"2025-06-03T12:00:00","guid":{"rendered":"https:\/\/infomaniak.careista.ch\/produkte\/non%20class\u00e9\/edelwhite-stop-irritation-bain-de-bouche-1-2-chx-300ml\/"},"modified":"2026-04-19T16:38:48","modified_gmt":"2026-04-19T14:38:48","slug":"edelwhite-stop-irritation-bain-de-bouche-1-2-chx-300ml","status":"publish","type":"product","link":"https:\/\/infomaniak.careista.ch\/fr\/produkte\/soins-buccaux-fr\/divers-soins-buccaux-fr\/edelwhite-stop-irritation-bain-de-bouche-1-2-chx-300ml\/","title":{"rendered":"edel+white STOP Irritation Bain de bouche 1.2% CHX 300ml"},"content":{"rendered":"","protected":false},"excerpt":{"rendered":"<h3>Bain de bouche m\u00e9dical pour une aide cibl\u00e9e en cas de probl\u00e8mes de gencives<\/h3>\n<p>Le bain de bouche antimicrobien et anti-inflammatoire agit rapidement et efficacement contre les inflammations de la bouche.<\/p>\n<ul>\n<li>Lutte contre la gingivite et les maladies parodontales<\/li>\n<li>Soulage imm\u00e9diatement la douleur et l&rsquo;irritation<\/li>\n<li>Favorise la gu\u00e9rison des plaies et des inflammations locales<\/li>\n<li>0% Alcocol, SLS, Paraben<\/li>\n<li>Utilisable avec le bain de bouche Power Spa<\/li>\n<li>Convient pour une utilisation quotidienne jusqu&rsquo;\u00e0 3 semaines<\/li>\n<\/ul>\n<h5><em>Contenu : 1 bouteille de 300 ml<\/em><\/h5>\n","protected":false},"featured_media":9205,"comment_status":"closed","ping_status":"closed","template":"","meta":{"_acf_changed":false},"anwendung-kategorie":[],"anwendung":[317,315],"product_brand":[340],"product_cat":[214,215],"product_tag":[],"class_list":{"0":"post-9446","1":"product","2":"type-product","3":"status-publish","4":"has-post-thumbnail","6":"anwendung-des-gencives-saines","7":"anwendung-une-haleine-fraiche","8":"product_brand-edelwhite-fr","9":"product_cat-soins-buccaux-fr","10":"product_cat-divers-soins-buccaux-fr","12":"first","13":"instock","14":"taxable","15":"shipping-taxable","16":"purchasable","17":"product-type-simple"},"acf":[],"yoast_head":"<!-- This site is optimized with the Yoast SEO plugin v26.7 - https:\/\/yoast.com\/wordpress\/plugins\/seo\/ -->\n<title>edel+white STOP Irritation Bain de bouche 1.2% CHX 300ml - CAREISTA<\/title>\n<meta name=\"robots\" content=\"noindex, follow, max-snippet:-1, max-image-preview:large, max-video-preview:-1\" \/>\n<meta property=\"og:locale\" content=\"fr_FR\" \/>\n<meta property=\"og:type\" content=\"article\" \/>\n<meta property=\"og:title\" content=\"edel+white STOP Irritation Bain de bouche 1.2% CHX 300ml - CAREISTA\" \/>\n<meta property=\"og:description\" content=\"Bain de bouche m\u00e9dical pour une aide cibl\u00e9e en cas de probl\u00e8mes de gencives Le bain de bouche antimicrobien et anti-inflammatoire agit rapidement et efficacement contre les inflammations de la bouche.  Lutte contre la gingivite et les maladies parodontales  Soulage imm\u00e9diatement la douleur et l&#039;irritation  Favorise la gu\u00e9rison des plaies et des inflammations locales  0% Alcocol, SLS, Paraben  Utilisable avec le bain de bouche Power Spa  Convient pour une utilisation quotidienne jusqu&#039;\u00e0 3 semaines Contenu : 1 bouteille de 300 ml\" \/>\n<meta property=\"og:url\" content=\"https:\/\/infomaniak.careista.ch\/fr\/produkte\/soins-buccaux-fr\/divers-soins-buccaux-fr\/edelwhite-stop-irritation-bain-de-bouche-1-2-chx-300ml\/\" \/>\n<meta property=\"og:site_name\" content=\"CAREISTA\" \/>\n<meta property=\"article:modified_time\" content=\"2026-04-19T14:38:48+00:00\" \/>\n<meta property=\"og:image\" content=\"https:\/\/infomaniak.careista.ch\/wp-content\/uploads\/2025\/06\/500556-STOP-Irritation-mouthwash-with-1.2_-CHX-300ml-800x800px1.png\" \/>\n\t<meta property=\"og:image:width\" content=\"800\" \/>\n\t<meta property=\"og:image:height\" content=\"800\" \/>\n\t<meta property=\"og:image:type\" content=\"image\/png\" \/>\n<meta name=\"twitter:card\" content=\"summary_large_image\" \/>\n<script type=\"application\/ld+json\" class=\"yoast-schema-graph\">{\"@context\":\"https:\/\/schema.org\",\"@graph\":[{\"@type\":\"WebPage\",\"@id\":\"https:\/\/infomaniak.careista.ch\/fr\/produkte\/soins-buccaux-fr\/divers-soins-buccaux-fr\/edelwhite-stop-irritation-bain-de-bouche-1-2-chx-300ml\/\",\"url\":\"https:\/\/infomaniak.careista.ch\/fr\/produkte\/soins-buccaux-fr\/divers-soins-buccaux-fr\/edelwhite-stop-irritation-bain-de-bouche-1-2-chx-300ml\/\",\"name\":\"edel+white STOP Irritation Bain de bouche 1.2% CHX 300ml - CAREISTA\",\"isPartOf\":{\"@id\":\"https:\/\/infomaniak.careista.ch\/fr\/#website\"},\"primaryImageOfPage\":{\"@id\":\"https:\/\/infomaniak.careista.ch\/fr\/produkte\/soins-buccaux-fr\/divers-soins-buccaux-fr\/edelwhite-stop-irritation-bain-de-bouche-1-2-chx-300ml\/#primaryimage\"},\"image\":{\"@id\":\"https:\/\/infomaniak.careista.ch\/fr\/produkte\/soins-buccaux-fr\/divers-soins-buccaux-fr\/edelwhite-stop-irritation-bain-de-bouche-1-2-chx-300ml\/#primaryimage\"},\"thumbnailUrl\":\"https:\/\/infomaniak.careista.ch\/wp-content\/uploads\/2025\/06\/500556-STOP-Irritation-mouthwash-with-1.2_-CHX-300ml-800x800px1.png\",\"datePublished\":\"2025-06-03T12:00:00+00:00\",\"dateModified\":\"2026-04-19T14:38:48+00:00\",\"breadcrumb\":{\"@id\":\"https:\/\/infomaniak.careista.ch\/fr\/produkte\/soins-buccaux-fr\/divers-soins-buccaux-fr\/edelwhite-stop-irritation-bain-de-bouche-1-2-chx-300ml\/#breadcrumb\"},\"inLanguage\":\"fr-FR\",\"potentialAction\":[{\"@type\":\"ReadAction\",\"target\":[\"https:\/\/infomaniak.careista.ch\/fr\/produkte\/soins-buccaux-fr\/divers-soins-buccaux-fr\/edelwhite-stop-irritation-bain-de-bouche-1-2-chx-300ml\/\"]}]},{\"@type\":\"ImageObject\",\"inLanguage\":\"fr-FR\",\"@id\":\"https:\/\/infomaniak.careista.ch\/fr\/produkte\/soins-buccaux-fr\/divers-soins-buccaux-fr\/edelwhite-stop-irritation-bain-de-bouche-1-2-chx-300ml\/#primaryimage\",\"url\":\"https:\/\/infomaniak.careista.ch\/wp-content\/uploads\/2025\/06\/500556-STOP-Irritation-mouthwash-with-1.2_-CHX-300ml-800x800px1.png\",\"contentUrl\":\"https:\/\/infomaniak.careista.ch\/wp-content\/uploads\/2025\/06\/500556-STOP-Irritation-mouthwash-with-1.2_-CHX-300ml-800x800px1.png\",\"width\":800,\"height\":800,\"caption\":\"Bain de bouche STOP Irritation\"},{\"@type\":\"BreadcrumbList\",\"@id\":\"https:\/\/infomaniak.careista.ch\/fr\/produkte\/soins-buccaux-fr\/divers-soins-buccaux-fr\/edelwhite-stop-irritation-bain-de-bouche-1-2-chx-300ml\/#breadcrumb\",\"itemListElement\":[{\"@type\":\"ListItem\",\"position\":1,\"name\":\"Home\",\"item\":\"https:\/\/infomaniak.careista.ch\/fr\/\"},{\"@type\":\"ListItem\",\"position\":2,\"name\":\"Shop\",\"item\":\"https:\/\/infomaniak.careista.ch\/fr\/shop\/\"},{\"@type\":\"ListItem\",\"position\":3,\"name\":\"edel+white STOP Irritation Bain de bouche 1.2% CHX 300ml\"}]},{\"@type\":\"WebSite\",\"@id\":\"https:\/\/infomaniak.careista.ch\/fr\/#website\",\"url\":\"https:\/\/infomaniak.careista.ch\/fr\/\",\"name\":\"CAREISTA\",\"description\":\"Dein pers\u00f6nlicher Pflege-Barista\",\"publisher\":{\"@id\":\"https:\/\/infomaniak.careista.ch\/fr\/#organization\"},\"potentialAction\":[{\"@type\":\"SearchAction\",\"target\":{\"@type\":\"EntryPoint\",\"urlTemplate\":\"https:\/\/infomaniak.careista.ch\/fr\/?s={search_term_string}\"},\"query-input\":{\"@type\":\"PropertyValueSpecification\",\"valueRequired\":true,\"valueName\":\"search_term_string\"}}],\"inLanguage\":\"fr-FR\"},{\"@type\":\"Organization\",\"@id\":\"https:\/\/infomaniak.careista.ch\/fr\/#organization\",\"name\":\"CAREISTA\",\"url\":\"https:\/\/infomaniak.careista.ch\/fr\/\",\"logo\":{\"@type\":\"ImageObject\",\"inLanguage\":\"fr-FR\",\"@id\":\"https:\/\/infomaniak.careista.ch\/fr\/#\/schema\/logo\/image\/\",\"url\":\"https:\/\/infomaniak.careista.ch\/wp-content\/uploads\/2025\/02\/Careista-Logo-S_rgb.svg.svg\",\"contentUrl\":\"https:\/\/infomaniak.careista.ch\/wp-content\/uploads\/2025\/02\/Careista-Logo-S_rgb.svg.svg\",\"caption\":\"CAREISTA\"},\"image\":{\"@id\":\"https:\/\/infomaniak.careista.ch\/fr\/#\/schema\/logo\/image\/\"}}]}<\/script>\n<!-- \/ Yoast SEO plugin. -->","yoast_head_json":{"title":"edel+white STOP Irritation Bain de bouche 1.2% CHX 300ml - CAREISTA","robots":{"index":"noindex","follow":"follow","max-snippet":"max-snippet:-1","max-image-preview":"max-image-preview:large","max-video-preview":"max-video-preview:-1"},"og_locale":"fr_FR","og_type":"article","og_title":"edel+white STOP Irritation Bain de bouche 1.2% CHX 300ml - CAREISTA","og_description":"Bain de bouche m\u00e9dical pour une aide cibl\u00e9e en cas de probl\u00e8mes de gencives Le bain de bouche antimicrobien et anti-inflammatoire agit rapidement et efficacement contre les inflammations de la bouche.  Lutte contre la gingivite et les maladies parodontales  Soulage imm\u00e9diatement la douleur et l'irritation  Favorise la gu\u00e9rison des plaies et des inflammations locales  0% Alcocol, SLS, Paraben  Utilisable avec le bain de bouche Power Spa  Convient pour une utilisation quotidienne jusqu'\u00e0 3 semaines Contenu : 1 bouteille de 300 ml","og_url":"https:\/\/infomaniak.careista.ch\/fr\/produkte\/soins-buccaux-fr\/divers-soins-buccaux-fr\/edelwhite-stop-irritation-bain-de-bouche-1-2-chx-300ml\/","og_site_name":"CAREISTA","article_modified_time":"2026-04-19T14:38:48+00:00","og_image":[{"width":800,"height":800,"url":"https:\/\/infomaniak.careista.ch\/wp-content\/uploads\/2025\/06\/500556-STOP-Irritation-mouthwash-with-1.2_-CHX-300ml-800x800px1.png","type":"image\/png"}],"twitter_card":"summary_large_image","schema":{"@context":"https:\/\/schema.org","@graph":[{"@type":"WebPage","@id":"https:\/\/infomaniak.careista.ch\/fr\/produkte\/soins-buccaux-fr\/divers-soins-buccaux-fr\/edelwhite-stop-irritation-bain-de-bouche-1-2-chx-300ml\/","url":"https:\/\/infomaniak.careista.ch\/fr\/produkte\/soins-buccaux-fr\/divers-soins-buccaux-fr\/edelwhite-stop-irritation-bain-de-bouche-1-2-chx-300ml\/","name":"edel+white STOP Irritation Bain de bouche 1.2% CHX 300ml - CAREISTA","isPartOf":{"@id":"https:\/\/infomaniak.careista.ch\/fr\/#website"},"primaryImageOfPage":{"@id":"https:\/\/infomaniak.careista.ch\/fr\/produkte\/soins-buccaux-fr\/divers-soins-buccaux-fr\/edelwhite-stop-irritation-bain-de-bouche-1-2-chx-300ml\/#primaryimage"},"image":{"@id":"https:\/\/infomaniak.careista.ch\/fr\/produkte\/soins-buccaux-fr\/divers-soins-buccaux-fr\/edelwhite-stop-irritation-bain-de-bouche-1-2-chx-300ml\/#primaryimage"},"thumbnailUrl":"https:\/\/infomaniak.careista.ch\/wp-content\/uploads\/2025\/06\/500556-STOP-Irritation-mouthwash-with-1.2_-CHX-300ml-800x800px1.png","datePublished":"2025-06-03T12:00:00+00:00","dateModified":"2026-04-19T14:38:48+00:00","breadcrumb":{"@id":"https:\/\/infomaniak.careista.ch\/fr\/produkte\/soins-buccaux-fr\/divers-soins-buccaux-fr\/edelwhite-stop-irritation-bain-de-bouche-1-2-chx-300ml\/#breadcrumb"},"inLanguage":"fr-FR","potentialAction":[{"@type":"ReadAction","target":["https:\/\/infomaniak.careista.ch\/fr\/produkte\/soins-buccaux-fr\/divers-soins-buccaux-fr\/edelwhite-stop-irritation-bain-de-bouche-1-2-chx-300ml\/"]}]},{"@type":"ImageObject","inLanguage":"fr-FR","@id":"https:\/\/infomaniak.careista.ch\/fr\/produkte\/soins-buccaux-fr\/divers-soins-buccaux-fr\/edelwhite-stop-irritation-bain-de-bouche-1-2-chx-300ml\/#primaryimage","url":"https:\/\/infomaniak.careista.ch\/wp-content\/uploads\/2025\/06\/500556-STOP-Irritation-mouthwash-with-1.2_-CHX-300ml-800x800px1.png","contentUrl":"https:\/\/infomaniak.careista.ch\/wp-content\/uploads\/2025\/06\/500556-STOP-Irritation-mouthwash-with-1.2_-CHX-300ml-800x800px1.png","width":800,"height":800,"caption":"Bain de bouche STOP Irritation"},{"@type":"BreadcrumbList","@id":"https:\/\/infomaniak.careista.ch\/fr\/produkte\/soins-buccaux-fr\/divers-soins-buccaux-fr\/edelwhite-stop-irritation-bain-de-bouche-1-2-chx-300ml\/#breadcrumb","itemListElement":[{"@type":"ListItem","position":1,"name":"Home","item":"https:\/\/infomaniak.careista.ch\/fr\/"},{"@type":"ListItem","position":2,"name":"Shop","item":"https:\/\/infomaniak.careista.ch\/fr\/shop\/"},{"@type":"ListItem","position":3,"name":"edel+white STOP Irritation Bain de bouche 1.2% CHX 300ml"}]},{"@type":"WebSite","@id":"https:\/\/infomaniak.careista.ch\/fr\/#website","url":"https:\/\/infomaniak.careista.ch\/fr\/","name":"CAREISTA","description":"Dein pers\u00f6nlicher Pflege-Barista","publisher":{"@id":"https:\/\/infomaniak.careista.ch\/fr\/#organization"},"potentialAction":[{"@type":"SearchAction","target":{"@type":"EntryPoint","urlTemplate":"https:\/\/infomaniak.careista.ch\/fr\/?s={search_term_string}"},"query-input":{"@type":"PropertyValueSpecification","valueRequired":true,"valueName":"search_term_string"}}],"inLanguage":"fr-FR"},{"@type":"Organization","@id":"https:\/\/infomaniak.careista.ch\/fr\/#organization","name":"CAREISTA","url":"https:\/\/infomaniak.careista.ch\/fr\/","logo":{"@type":"ImageObject","inLanguage":"fr-FR","@id":"https:\/\/infomaniak.careista.ch\/fr\/#\/schema\/logo\/image\/","url":"https:\/\/infomaniak.careista.ch\/wp-content\/uploads\/2025\/02\/Careista-Logo-S_rgb.svg.svg","contentUrl":"https:\/\/infomaniak.careista.ch\/wp-content\/uploads\/2025\/02\/Careista-Logo-S_rgb.svg.svg","caption":"CAREISTA"},"image":{"@id":"https:\/\/infomaniak.careista.ch\/fr\/#\/schema\/logo\/image\/"}}]}},"jetpack_sharing_enabled":true,"_links":{"self":[{"href":"https:\/\/infomaniak.careista.ch\/fr\/wp-json\/wp\/v2\/product\/9446","targetHints":{"allow":["GET"]}}],"collection":[{"href":"https:\/\/infomaniak.careista.ch\/fr\/wp-json\/wp\/v2\/product"}],"about":[{"href":"https:\/\/infomaniak.careista.ch\/fr\/wp-json\/wp\/v2\/types\/product"}],"replies":[{"embeddable":true,"href":"https:\/\/infomaniak.careista.ch\/fr\/wp-json\/wp\/v2\/comments?post=9446"}],"version-history":[{"count":0,"href":"https:\/\/infomaniak.careista.ch\/fr\/wp-json\/wp\/v2\/product\/9446\/revisions"}],"wp:featuredmedia":[{"embeddable":true,"href":"https:\/\/infomaniak.careista.ch\/fr\/wp-json\/wp\/v2\/media\/9205"}],"wp:attachment":[{"href":"https:\/\/infomaniak.careista.ch\/fr\/wp-json\/wp\/v2\/media?parent=9446"}],"wp:term":[{"taxonomy":"anwendung-kategorie","embeddable":true,"href":"https:\/\/infomaniak.careista.ch\/fr\/wp-json\/wp\/v2\/anwendung-kategorie?post=9446"},{"taxonomy":"anwendung","embeddable":true,"href":"https:\/\/infomaniak.careista.ch\/fr\/wp-json\/wp\/v2\/anwendung?post=9446"},{"taxonomy":"product_brand","embeddable":true,"href":"https:\/\/infomaniak.careista.ch\/fr\/wp-json\/wp\/v2\/product_brand?post=9446"},{"taxonomy":"product_cat","embeddable":true,"href":"https:\/\/infomaniak.careista.ch\/fr\/wp-json\/wp\/v2\/product_cat?post=9446"},{"taxonomy":"product_tag","embeddable":true,"href":"https:\/\/infomaniak.careista.ch\/fr\/wp-json\/wp\/v2\/product_tag?post=9446"}],"curies":[{"name":"wp","href":"https:\/\/api.w.org\/{rel}","templated":true}]}}