{"id":9454,"date":"2025-06-03T14:00:00","date_gmt":"2025-06-03T12:00:00","guid":{"rendered":"https:\/\/infomaniak.careista.ch\/produkte\/non class\u00e9\/brosse-a-dents-edelwhite-pro-gums-tete-de-brosse-xxl\/"},"modified":"2026-04-17T22:32:09","modified_gmt":"2026-04-17T20:32:09","slug":"brosse-a-dents-edelwhite-pro-gums-tete-de-brosse-xxl","status":"publish","type":"product","link":"https:\/\/infomaniak.careista.ch\/fr\/produkte\/soins-buccaux-fr\/brosses-a-dents-fr\/brosse-a-dents-edelwhite-pro-gums-tete-de-brosse-xxl\/","title":{"rendered":"Brosse \u00e0 dents edel+white Pro Gums &#8211; T\u00eate de brosse XXL"},"content":{"rendered":"","protected":false},"excerpt":{"rendered":"<h3>La brosse \u00e0 dents id\u00e9ale pour les gencives sensibles<\/h3>\n<p>La brosse \u00e0 dents Pro Gums a \u00e9t\u00e9 sp\u00e9cialement con\u00e7ue pour les gencives sensibles &#8211; pour ceux qui veulent un brossage doux mais efficace. Sa t\u00eate extra-large nettoie les dents et les gencives simultan\u00e9ment et en profondeur, sans aucune pression. <\/p>\n<ul>\n<li>Une t\u00eate de brosse large nettoie les dents et les gencives en un seul passage<\/li>\n<li>Des poils ultra-souples et fins qui p\u00e9n\u00e8trent profond\u00e9ment dans les espaces interdentaires<\/li>\n<li>Le manche flexible r\u00e9duit la tension du poignet et assure un brossage confortable<\/li>\n<li>Id\u00e9al pour les probl\u00e8mes de gencives comme la gingivite et la parodontite<\/li>\n<\/ul>\n<h5><em>Contenu : 1 brosse \u00e0 dents Pro Gums<\/em><\/h5>\n","protected":false},"featured_media":9209,"comment_status":"closed","ping_status":"closed","template":"","meta":{"_acf_changed":false},"anwendung-kategorie":[],"anwendung":[317,322,324],"product_brand":[340],"product_cat":[214,219],"product_tag":[],"class_list":{"0":"post-9454","1":"product","2":"type-product","3":"status-publish","4":"has-post-thumbnail","6":"anwendung-des-gencives-saines","7":"anwendung-reparation","8":"anwendung-dents-sensibles","9":"product_brand-edelwhite-fr","10":"product_cat-soins-buccaux-fr","11":"product_cat-brosses-a-dents-fr","13":"first","14":"instock","15":"taxable","16":"shipping-taxable","17":"purchasable","18":"product-type-simple"},"acf":[],"yoast_head":"<!-- This site is optimized with the Yoast SEO plugin v26.7 - https:\/\/yoast.com\/wordpress\/plugins\/seo\/ -->\n<title>Brosse \u00e0 dents edel+white Pro Gums - T\u00eate de brosse XXL - CAREISTA<\/title>\n<meta name=\"robots\" content=\"noindex, follow, max-snippet:-1, max-image-preview:large, max-video-preview:-1\" \/>\n<meta property=\"og:locale\" content=\"fr_FR\" \/>\n<meta property=\"og:type\" content=\"article\" \/>\n<meta property=\"og:title\" content=\"Brosse \u00e0 dents edel+white Pro Gums - T\u00eate de brosse XXL - CAREISTA\" \/>\n<meta property=\"og:description\" content=\"La brosse \u00e0 dents id\u00e9ale pour les gencives sensibles La brosse \u00e0 dents Pro Gums a \u00e9t\u00e9 sp\u00e9cialement con\u00e7ue pour les gencives sensibles - pour ceux qui veulent un brossage doux mais efficace. Sa t\u00eate extra-large nettoie les dents et les gencives simultan\u00e9ment et en profondeur, sans aucune pression.   Une t\u00eate de brosse large nettoie les dents et les gencives en un seul passage  Des poils ultra-souples et fins qui p\u00e9n\u00e8trent profond\u00e9ment dans les espaces interdentaires  Le manche flexible r\u00e9duit la tension du poignet et assure un brossage confortable  Id\u00e9al pour les probl\u00e8mes de gencives comme la gingivite et la parodontite Contenu : 1 brosse \u00e0 dents Pro Gums\" \/>\n<meta property=\"og:url\" content=\"https:\/\/infomaniak.careista.ch\/fr\/produkte\/soins-buccaux-fr\/brosses-a-dents-fr\/brosse-a-dents-edelwhite-pro-gums-tete-de-brosse-xxl\/\" \/>\n<meta property=\"og:site_name\" content=\"CAREISTA\" \/>\n<meta property=\"article:modified_time\" content=\"2026-04-17T20:32:09+00:00\" \/>\n<meta property=\"og:image\" content=\"https:\/\/infomaniak.careista.ch\/wp-content\/uploads\/2025\/06\/100256-Pro-Gums-Zahnbuerste-800x800px1.png\" \/>\n\t<meta property=\"og:image:width\" content=\"800\" \/>\n\t<meta property=\"og:image:height\" content=\"800\" \/>\n\t<meta property=\"og:image:type\" content=\"image\/png\" \/>\n<meta name=\"twitter:card\" content=\"summary_large_image\" \/>\n<script type=\"application\/ld+json\" class=\"yoast-schema-graph\">{\"@context\":\"https:\/\/schema.org\",\"@graph\":[{\"@type\":\"WebPage\",\"@id\":\"https:\/\/infomaniak.careista.ch\/fr\/produkte\/soins-buccaux-fr\/brosses-a-dents-fr\/brosse-a-dents-edelwhite-pro-gums-tete-de-brosse-xxl\/\",\"url\":\"https:\/\/infomaniak.careista.ch\/fr\/produkte\/soins-buccaux-fr\/brosses-a-dents-fr\/brosse-a-dents-edelwhite-pro-gums-tete-de-brosse-xxl\/\",\"name\":\"Brosse \u00e0 dents edel+white Pro Gums - T\u00eate de brosse XXL - CAREISTA\",\"isPartOf\":{\"@id\":\"https:\/\/infomaniak.careista.ch\/fr\/#website\"},\"primaryImageOfPage\":{\"@id\":\"https:\/\/infomaniak.careista.ch\/fr\/produkte\/soins-buccaux-fr\/brosses-a-dents-fr\/brosse-a-dents-edelwhite-pro-gums-tete-de-brosse-xxl\/#primaryimage\"},\"image\":{\"@id\":\"https:\/\/infomaniak.careista.ch\/fr\/produkte\/soins-buccaux-fr\/brosses-a-dents-fr\/brosse-a-dents-edelwhite-pro-gums-tete-de-brosse-xxl\/#primaryimage\"},\"thumbnailUrl\":\"https:\/\/infomaniak.careista.ch\/wp-content\/uploads\/2025\/06\/100256-Pro-Gums-Zahnbuerste-800x800px1.png\",\"datePublished\":\"2025-06-03T12:00:00+00:00\",\"dateModified\":\"2026-04-17T20:32:09+00:00\",\"breadcrumb\":{\"@id\":\"https:\/\/infomaniak.careista.ch\/fr\/produkte\/soins-buccaux-fr\/brosses-a-dents-fr\/brosse-a-dents-edelwhite-pro-gums-tete-de-brosse-xxl\/#breadcrumb\"},\"inLanguage\":\"fr-FR\",\"potentialAction\":[{\"@type\":\"ReadAction\",\"target\":[\"https:\/\/infomaniak.careista.ch\/fr\/produkte\/soins-buccaux-fr\/brosses-a-dents-fr\/brosse-a-dents-edelwhite-pro-gums-tete-de-brosse-xxl\/\"]}]},{\"@type\":\"ImageObject\",\"inLanguage\":\"fr-FR\",\"@id\":\"https:\/\/infomaniak.careista.ch\/fr\/produkte\/soins-buccaux-fr\/brosses-a-dents-fr\/brosse-a-dents-edelwhite-pro-gums-tete-de-brosse-xxl\/#primaryimage\",\"url\":\"https:\/\/infomaniak.careista.ch\/wp-content\/uploads\/2025\/06\/100256-Pro-Gums-Zahnbuerste-800x800px1.png\",\"contentUrl\":\"https:\/\/infomaniak.careista.ch\/wp-content\/uploads\/2025\/06\/100256-Pro-Gums-Zahnbuerste-800x800px1.png\",\"width\":800,\"height\":800,\"caption\":\"Brosse \u00e0 dents Pro Gums - Nettoyage en douceur avec une t\u00eate de brosse large\"},{\"@type\":\"BreadcrumbList\",\"@id\":\"https:\/\/infomaniak.careista.ch\/fr\/produkte\/soins-buccaux-fr\/brosses-a-dents-fr\/brosse-a-dents-edelwhite-pro-gums-tete-de-brosse-xxl\/#breadcrumb\",\"itemListElement\":[{\"@type\":\"ListItem\",\"position\":1,\"name\":\"Home\",\"item\":\"https:\/\/infomaniak.careista.ch\/fr\/\"},{\"@type\":\"ListItem\",\"position\":2,\"name\":\"Shop\",\"item\":\"https:\/\/infomaniak.careista.ch\/fr\/shop\/\"},{\"@type\":\"ListItem\",\"position\":3,\"name\":\"Brosse \u00e0 dents edel+white Pro Gums &#8211; T\u00eate de brosse XXL\"}]},{\"@type\":\"WebSite\",\"@id\":\"https:\/\/infomaniak.careista.ch\/fr\/#website\",\"url\":\"https:\/\/infomaniak.careista.ch\/fr\/\",\"name\":\"CAREISTA\",\"description\":\"Dein pers\u00f6nlicher Pflege-Barista\",\"publisher\":{\"@id\":\"https:\/\/infomaniak.careista.ch\/fr\/#organization\"},\"potentialAction\":[{\"@type\":\"SearchAction\",\"target\":{\"@type\":\"EntryPoint\",\"urlTemplate\":\"https:\/\/infomaniak.careista.ch\/fr\/?s={search_term_string}\"},\"query-input\":{\"@type\":\"PropertyValueSpecification\",\"valueRequired\":true,\"valueName\":\"search_term_string\"}}],\"inLanguage\":\"fr-FR\"},{\"@type\":\"Organization\",\"@id\":\"https:\/\/infomaniak.careista.ch\/fr\/#organization\",\"name\":\"CAREISTA\",\"url\":\"https:\/\/infomaniak.careista.ch\/fr\/\",\"logo\":{\"@type\":\"ImageObject\",\"inLanguage\":\"fr-FR\",\"@id\":\"https:\/\/infomaniak.careista.ch\/fr\/#\/schema\/logo\/image\/\",\"url\":\"https:\/\/infomaniak.careista.ch\/wp-content\/uploads\/2025\/02\/Careista-Logo-S_rgb.svg.svg\",\"contentUrl\":\"https:\/\/infomaniak.careista.ch\/wp-content\/uploads\/2025\/02\/Careista-Logo-S_rgb.svg.svg\",\"caption\":\"CAREISTA\"},\"image\":{\"@id\":\"https:\/\/infomaniak.careista.ch\/fr\/#\/schema\/logo\/image\/\"}}]}<\/script>\n<!-- \/ Yoast SEO plugin. -->","yoast_head_json":{"title":"Brosse \u00e0 dents edel+white Pro Gums - T\u00eate de brosse XXL - CAREISTA","robots":{"index":"noindex","follow":"follow","max-snippet":"max-snippet:-1","max-image-preview":"max-image-preview:large","max-video-preview":"max-video-preview:-1"},"og_locale":"fr_FR","og_type":"article","og_title":"Brosse \u00e0 dents edel+white Pro Gums - T\u00eate de brosse XXL - CAREISTA","og_description":"La brosse \u00e0 dents id\u00e9ale pour les gencives sensibles La brosse \u00e0 dents Pro Gums a \u00e9t\u00e9 sp\u00e9cialement con\u00e7ue pour les gencives sensibles - pour ceux qui veulent un brossage doux mais efficace. Sa t\u00eate extra-large nettoie les dents et les gencives simultan\u00e9ment et en profondeur, sans aucune pression.   Une t\u00eate de brosse large nettoie les dents et les gencives en un seul passage  Des poils ultra-souples et fins qui p\u00e9n\u00e8trent profond\u00e9ment dans les espaces interdentaires  Le manche flexible r\u00e9duit la tension du poignet et assure un brossage confortable  Id\u00e9al pour les probl\u00e8mes de gencives comme la gingivite et la parodontite Contenu : 1 brosse \u00e0 dents Pro Gums","og_url":"https:\/\/infomaniak.careista.ch\/fr\/produkte\/soins-buccaux-fr\/brosses-a-dents-fr\/brosse-a-dents-edelwhite-pro-gums-tete-de-brosse-xxl\/","og_site_name":"CAREISTA","article_modified_time":"2026-04-17T20:32:09+00:00","og_image":[{"width":800,"height":800,"url":"https:\/\/infomaniak.careista.ch\/wp-content\/uploads\/2025\/06\/100256-Pro-Gums-Zahnbuerste-800x800px1.png","type":"image\/png"}],"twitter_card":"summary_large_image","schema":{"@context":"https:\/\/schema.org","@graph":[{"@type":"WebPage","@id":"https:\/\/infomaniak.careista.ch\/fr\/produkte\/soins-buccaux-fr\/brosses-a-dents-fr\/brosse-a-dents-edelwhite-pro-gums-tete-de-brosse-xxl\/","url":"https:\/\/infomaniak.careista.ch\/fr\/produkte\/soins-buccaux-fr\/brosses-a-dents-fr\/brosse-a-dents-edelwhite-pro-gums-tete-de-brosse-xxl\/","name":"Brosse \u00e0 dents edel+white Pro Gums - T\u00eate de brosse XXL - CAREISTA","isPartOf":{"@id":"https:\/\/infomaniak.careista.ch\/fr\/#website"},"primaryImageOfPage":{"@id":"https:\/\/infomaniak.careista.ch\/fr\/produkte\/soins-buccaux-fr\/brosses-a-dents-fr\/brosse-a-dents-edelwhite-pro-gums-tete-de-brosse-xxl\/#primaryimage"},"image":{"@id":"https:\/\/infomaniak.careista.ch\/fr\/produkte\/soins-buccaux-fr\/brosses-a-dents-fr\/brosse-a-dents-edelwhite-pro-gums-tete-de-brosse-xxl\/#primaryimage"},"thumbnailUrl":"https:\/\/infomaniak.careista.ch\/wp-content\/uploads\/2025\/06\/100256-Pro-Gums-Zahnbuerste-800x800px1.png","datePublished":"2025-06-03T12:00:00+00:00","dateModified":"2026-04-17T20:32:09+00:00","breadcrumb":{"@id":"https:\/\/infomaniak.careista.ch\/fr\/produkte\/soins-buccaux-fr\/brosses-a-dents-fr\/brosse-a-dents-edelwhite-pro-gums-tete-de-brosse-xxl\/#breadcrumb"},"inLanguage":"fr-FR","potentialAction":[{"@type":"ReadAction","target":["https:\/\/infomaniak.careista.ch\/fr\/produkte\/soins-buccaux-fr\/brosses-a-dents-fr\/brosse-a-dents-edelwhite-pro-gums-tete-de-brosse-xxl\/"]}]},{"@type":"ImageObject","inLanguage":"fr-FR","@id":"https:\/\/infomaniak.careista.ch\/fr\/produkte\/soins-buccaux-fr\/brosses-a-dents-fr\/brosse-a-dents-edelwhite-pro-gums-tete-de-brosse-xxl\/#primaryimage","url":"https:\/\/infomaniak.careista.ch\/wp-content\/uploads\/2025\/06\/100256-Pro-Gums-Zahnbuerste-800x800px1.png","contentUrl":"https:\/\/infomaniak.careista.ch\/wp-content\/uploads\/2025\/06\/100256-Pro-Gums-Zahnbuerste-800x800px1.png","width":800,"height":800,"caption":"Brosse \u00e0 dents Pro Gums - Nettoyage en douceur avec une t\u00eate de brosse large"},{"@type":"BreadcrumbList","@id":"https:\/\/infomaniak.careista.ch\/fr\/produkte\/soins-buccaux-fr\/brosses-a-dents-fr\/brosse-a-dents-edelwhite-pro-gums-tete-de-brosse-xxl\/#breadcrumb","itemListElement":[{"@type":"ListItem","position":1,"name":"Home","item":"https:\/\/infomaniak.careista.ch\/fr\/"},{"@type":"ListItem","position":2,"name":"Shop","item":"https:\/\/infomaniak.careista.ch\/fr\/shop\/"},{"@type":"ListItem","position":3,"name":"Brosse \u00e0 dents edel+white Pro Gums &#8211; T\u00eate de brosse XXL"}]},{"@type":"WebSite","@id":"https:\/\/infomaniak.careista.ch\/fr\/#website","url":"https:\/\/infomaniak.careista.ch\/fr\/","name":"CAREISTA","description":"Dein pers\u00f6nlicher Pflege-Barista","publisher":{"@id":"https:\/\/infomaniak.careista.ch\/fr\/#organization"},"potentialAction":[{"@type":"SearchAction","target":{"@type":"EntryPoint","urlTemplate":"https:\/\/infomaniak.careista.ch\/fr\/?s={search_term_string}"},"query-input":{"@type":"PropertyValueSpecification","valueRequired":true,"valueName":"search_term_string"}}],"inLanguage":"fr-FR"},{"@type":"Organization","@id":"https:\/\/infomaniak.careista.ch\/fr\/#organization","name":"CAREISTA","url":"https:\/\/infomaniak.careista.ch\/fr\/","logo":{"@type":"ImageObject","inLanguage":"fr-FR","@id":"https:\/\/infomaniak.careista.ch\/fr\/#\/schema\/logo\/image\/","url":"https:\/\/infomaniak.careista.ch\/wp-content\/uploads\/2025\/02\/Careista-Logo-S_rgb.svg.svg","contentUrl":"https:\/\/infomaniak.careista.ch\/wp-content\/uploads\/2025\/02\/Careista-Logo-S_rgb.svg.svg","caption":"CAREISTA"},"image":{"@id":"https:\/\/infomaniak.careista.ch\/fr\/#\/schema\/logo\/image\/"}}]}},"jetpack_sharing_enabled":true,"_links":{"self":[{"href":"https:\/\/infomaniak.careista.ch\/fr\/wp-json\/wp\/v2\/product\/9454","targetHints":{"allow":["GET"]}}],"collection":[{"href":"https:\/\/infomaniak.careista.ch\/fr\/wp-json\/wp\/v2\/product"}],"about":[{"href":"https:\/\/infomaniak.careista.ch\/fr\/wp-json\/wp\/v2\/types\/product"}],"replies":[{"embeddable":true,"href":"https:\/\/infomaniak.careista.ch\/fr\/wp-json\/wp\/v2\/comments?post=9454"}],"version-history":[{"count":0,"href":"https:\/\/infomaniak.careista.ch\/fr\/wp-json\/wp\/v2\/product\/9454\/revisions"}],"wp:featuredmedia":[{"embeddable":true,"href":"https:\/\/infomaniak.careista.ch\/fr\/wp-json\/wp\/v2\/media\/9209"}],"wp:attachment":[{"href":"https:\/\/infomaniak.careista.ch\/fr\/wp-json\/wp\/v2\/media?parent=9454"}],"wp:term":[{"taxonomy":"anwendung-kategorie","embeddable":true,"href":"https:\/\/infomaniak.careista.ch\/fr\/wp-json\/wp\/v2\/anwendung-kategorie?post=9454"},{"taxonomy":"anwendung","embeddable":true,"href":"https:\/\/infomaniak.careista.ch\/fr\/wp-json\/wp\/v2\/anwendung?post=9454"},{"taxonomy":"product_brand","embeddable":true,"href":"https:\/\/infomaniak.careista.ch\/fr\/wp-json\/wp\/v2\/product_brand?post=9454"},{"taxonomy":"product_cat","embeddable":true,"href":"https:\/\/infomaniak.careista.ch\/fr\/wp-json\/wp\/v2\/product_cat?post=9454"},{"taxonomy":"product_tag","embeddable":true,"href":"https:\/\/infomaniak.careista.ch\/fr\/wp-json\/wp\/v2\/product_tag?post=9454"}],"curies":[{"name":"wp","href":"https:\/\/api.w.org\/{rel}","templated":true}]}}