{"id":9473,"date":"2025-06-03T14:00:00","date_gmt":"2025-06-03T12:00:00","guid":{"rendered":"https:\/\/infomaniak.careista.ch\/produkte\/non class\u00e9\/brosse-a-dents-edelwhite-pro-ortho-pour-appareils-dentaires\/"},"modified":"2026-04-15T04:01:49","modified_gmt":"2026-04-15T02:01:49","slug":"brosse-a-dents-edelwhite-pro-ortho-pour-appareils-dentaires","status":"publish","type":"product","link":"https:\/\/infomaniak.careista.ch\/fr\/produkte\/soins-buccaux-fr\/brosses-a-dents-fr\/brosse-a-dents-edelwhite-pro-ortho-pour-appareils-dentaires\/","title":{"rendered":"Brosse \u00e0 dents edel+white Pro Ortho pour appareils dentaires"},"content":{"rendered":"","protected":false},"excerpt":{"rendered":"<h3>Nettoyage minutieux des bridges et des appareils dentaires<\/h3>\n<p>La t\u00eate 1,5 fois plus large (par rapport aux brosses \u00e0 dents manuelles classiques) nettoie les dents et les gencives en une seule \u00e9tape. Les poils durs \u00e0 l&rsquo;int\u00e9rieur nettoient en profondeur l&rsquo;appareil dentaire, tandis que les poils doux Ultrasoft \u00e0 l&rsquo;ext\u00e9rieur sont particuli\u00e8rement doux pour les gencives et nettoient les espaces interdentaires. <\/p>\n<ul>\n<li>T\u00eate plus large : pour un nettoyage plus rapide et plus approfondi<\/li>\n<li>Poils durs \u00e0 l&rsquo;int\u00e9rieur, doux \u00e0 l&rsquo;ext\u00e9rieur : pour un nettoyage efficace et un soin en douceur<\/li>\n<li>Poign\u00e9e flexible : r\u00e9duit la tension du poignet et assure un brossage confortable<\/li>\n<li>Id\u00e9al pour les bridges et les appareils dentaires<\/li>\n<\/ul>\n<h5><em>Contenu : 1 brosse \u00e0 dents Pro Ortho<\/em><\/h5>\n","protected":false},"featured_media":6883,"comment_status":"closed","ping_status":"closed","template":"","meta":{"_acf_changed":false},"anwendung-kategorie":[],"anwendung":[327],"product_brand":[340],"product_cat":[214,219],"product_tag":[],"class_list":{"0":"post-9473","1":"product","2":"type-product","3":"status-publish","4":"has-post-thumbnail","6":"anwendung-appareils-dentaires","7":"product_brand-edelwhite-fr","8":"product_cat-soins-buccaux-fr","9":"product_cat-brosses-a-dents-fr","11":"first","12":"instock","13":"taxable","14":"shipping-taxable","15":"purchasable","16":"product-type-simple"},"acf":[],"yoast_head":"<!-- This site is optimized with the Yoast SEO plugin v26.7 - https:\/\/yoast.com\/wordpress\/plugins\/seo\/ -->\n<title>Brosse \u00e0 dents edel+white Pro Ortho pour appareils dentaires - CAREISTA<\/title>\n<meta name=\"robots\" content=\"noindex, follow, max-snippet:-1, max-image-preview:large, max-video-preview:-1\" \/>\n<meta property=\"og:locale\" content=\"fr_FR\" \/>\n<meta property=\"og:type\" content=\"article\" \/>\n<meta property=\"og:title\" content=\"Brosse \u00e0 dents edel+white Pro Ortho pour appareils dentaires - CAREISTA\" \/>\n<meta property=\"og:description\" content=\"Nettoyage minutieux des bridges et des appareils dentaires La t\u00eate 1,5 fois plus large (par rapport aux brosses \u00e0 dents manuelles classiques) nettoie les dents et les gencives en une seule \u00e9tape. Les poils durs \u00e0 l&#039;int\u00e9rieur nettoient en profondeur l&#039;appareil dentaire, tandis que les poils doux Ultrasoft \u00e0 l&#039;ext\u00e9rieur sont particuli\u00e8rement doux pour les gencives et nettoient les espaces interdentaires.   T\u00eate plus large : pour un nettoyage plus rapide et plus approfondi  Poils durs \u00e0 l&#039;int\u00e9rieur, doux \u00e0 l&#039;ext\u00e9rieur : pour un nettoyage efficace et un soin en douceur  Poign\u00e9e flexible : r\u00e9duit la tension du poignet et assure un brossage confortable  Id\u00e9al pour les bridges et les appareils dentaires Contenu : 1 brosse \u00e0 dents Pro Ortho\" \/>\n<meta property=\"og:url\" content=\"https:\/\/infomaniak.careista.ch\/fr\/produkte\/soins-buccaux-fr\/brosses-a-dents-fr\/brosse-a-dents-edelwhite-pro-ortho-pour-appareils-dentaires\/\" \/>\n<meta property=\"og:site_name\" content=\"CAREISTA\" \/>\n<meta property=\"article:modified_time\" content=\"2026-04-15T02:01:49+00:00\" \/>\n<meta property=\"og:image\" content=\"https:\/\/infomaniak.careista.ch\/wp-content\/uploads\/2025\/06\/100131-Pro-Ortho-800x800px1.png\" \/>\n\t<meta property=\"og:image:width\" content=\"800\" \/>\n\t<meta property=\"og:image:height\" content=\"800\" \/>\n\t<meta property=\"og:image:type\" content=\"image\/png\" \/>\n<meta name=\"twitter:card\" content=\"summary_large_image\" \/>\n<script type=\"application\/ld+json\" class=\"yoast-schema-graph\">{\"@context\":\"https:\/\/schema.org\",\"@graph\":[{\"@type\":\"WebPage\",\"@id\":\"https:\/\/infomaniak.careista.ch\/fr\/produkte\/soins-buccaux-fr\/brosses-a-dents-fr\/brosse-a-dents-edelwhite-pro-ortho-pour-appareils-dentaires\/\",\"url\":\"https:\/\/infomaniak.careista.ch\/fr\/produkte\/soins-buccaux-fr\/brosses-a-dents-fr\/brosse-a-dents-edelwhite-pro-ortho-pour-appareils-dentaires\/\",\"name\":\"Brosse \u00e0 dents edel+white Pro Ortho pour appareils dentaires - CAREISTA\",\"isPartOf\":{\"@id\":\"https:\/\/infomaniak.careista.ch\/fr\/#website\"},\"primaryImageOfPage\":{\"@id\":\"https:\/\/infomaniak.careista.ch\/fr\/produkte\/soins-buccaux-fr\/brosses-a-dents-fr\/brosse-a-dents-edelwhite-pro-ortho-pour-appareils-dentaires\/#primaryimage\"},\"image\":{\"@id\":\"https:\/\/infomaniak.careista.ch\/fr\/produkte\/soins-buccaux-fr\/brosses-a-dents-fr\/brosse-a-dents-edelwhite-pro-ortho-pour-appareils-dentaires\/#primaryimage\"},\"thumbnailUrl\":\"https:\/\/infomaniak.careista.ch\/wp-content\/uploads\/2025\/06\/100131-Pro-Ortho-800x800px1.png\",\"datePublished\":\"2025-06-03T12:00:00+00:00\",\"dateModified\":\"2026-04-15T02:01:49+00:00\",\"breadcrumb\":{\"@id\":\"https:\/\/infomaniak.careista.ch\/fr\/produkte\/soins-buccaux-fr\/brosses-a-dents-fr\/brosse-a-dents-edelwhite-pro-ortho-pour-appareils-dentaires\/#breadcrumb\"},\"inLanguage\":\"fr-FR\",\"potentialAction\":[{\"@type\":\"ReadAction\",\"target\":[\"https:\/\/infomaniak.careista.ch\/fr\/produkte\/soins-buccaux-fr\/brosses-a-dents-fr\/brosse-a-dents-edelwhite-pro-ortho-pour-appareils-dentaires\/\"]}]},{\"@type\":\"ImageObject\",\"inLanguage\":\"fr-FR\",\"@id\":\"https:\/\/infomaniak.careista.ch\/fr\/produkte\/soins-buccaux-fr\/brosses-a-dents-fr\/brosse-a-dents-edelwhite-pro-ortho-pour-appareils-dentaires\/#primaryimage\",\"url\":\"https:\/\/infomaniak.careista.ch\/wp-content\/uploads\/2025\/06\/100131-Pro-Ortho-800x800px1.png\",\"contentUrl\":\"https:\/\/infomaniak.careista.ch\/wp-content\/uploads\/2025\/06\/100131-Pro-Ortho-800x800px1.png\",\"width\":800,\"height\":800},{\"@type\":\"BreadcrumbList\",\"@id\":\"https:\/\/infomaniak.careista.ch\/fr\/produkte\/soins-buccaux-fr\/brosses-a-dents-fr\/brosse-a-dents-edelwhite-pro-ortho-pour-appareils-dentaires\/#breadcrumb\",\"itemListElement\":[{\"@type\":\"ListItem\",\"position\":1,\"name\":\"Home\",\"item\":\"https:\/\/infomaniak.careista.ch\/fr\/\"},{\"@type\":\"ListItem\",\"position\":2,\"name\":\"Shop\",\"item\":\"https:\/\/infomaniak.careista.ch\/fr\/shop\/\"},{\"@type\":\"ListItem\",\"position\":3,\"name\":\"Brosse \u00e0 dents edel+white Pro Ortho pour appareils dentaires\"}]},{\"@type\":\"WebSite\",\"@id\":\"https:\/\/infomaniak.careista.ch\/fr\/#website\",\"url\":\"https:\/\/infomaniak.careista.ch\/fr\/\",\"name\":\"CAREISTA\",\"description\":\"Dein pers\u00f6nlicher Pflege-Barista\",\"publisher\":{\"@id\":\"https:\/\/infomaniak.careista.ch\/fr\/#organization\"},\"potentialAction\":[{\"@type\":\"SearchAction\",\"target\":{\"@type\":\"EntryPoint\",\"urlTemplate\":\"https:\/\/infomaniak.careista.ch\/fr\/?s={search_term_string}\"},\"query-input\":{\"@type\":\"PropertyValueSpecification\",\"valueRequired\":true,\"valueName\":\"search_term_string\"}}],\"inLanguage\":\"fr-FR\"},{\"@type\":\"Organization\",\"@id\":\"https:\/\/infomaniak.careista.ch\/fr\/#organization\",\"name\":\"CAREISTA\",\"url\":\"https:\/\/infomaniak.careista.ch\/fr\/\",\"logo\":{\"@type\":\"ImageObject\",\"inLanguage\":\"fr-FR\",\"@id\":\"https:\/\/infomaniak.careista.ch\/fr\/#\/schema\/logo\/image\/\",\"url\":\"https:\/\/infomaniak.careista.ch\/wp-content\/uploads\/2025\/02\/Careista-Logo-S_rgb.svg.svg\",\"contentUrl\":\"https:\/\/infomaniak.careista.ch\/wp-content\/uploads\/2025\/02\/Careista-Logo-S_rgb.svg.svg\",\"caption\":\"CAREISTA\"},\"image\":{\"@id\":\"https:\/\/infomaniak.careista.ch\/fr\/#\/schema\/logo\/image\/\"}}]}<\/script>\n<!-- \/ Yoast SEO plugin. -->","yoast_head_json":{"title":"Brosse \u00e0 dents edel+white Pro Ortho pour appareils dentaires - CAREISTA","robots":{"index":"noindex","follow":"follow","max-snippet":"max-snippet:-1","max-image-preview":"max-image-preview:large","max-video-preview":"max-video-preview:-1"},"og_locale":"fr_FR","og_type":"article","og_title":"Brosse \u00e0 dents edel+white Pro Ortho pour appareils dentaires - CAREISTA","og_description":"Nettoyage minutieux des bridges et des appareils dentaires La t\u00eate 1,5 fois plus large (par rapport aux brosses \u00e0 dents manuelles classiques) nettoie les dents et les gencives en une seule \u00e9tape. Les poils durs \u00e0 l'int\u00e9rieur nettoient en profondeur l'appareil dentaire, tandis que les poils doux Ultrasoft \u00e0 l'ext\u00e9rieur sont particuli\u00e8rement doux pour les gencives et nettoient les espaces interdentaires.   T\u00eate plus large : pour un nettoyage plus rapide et plus approfondi  Poils durs \u00e0 l'int\u00e9rieur, doux \u00e0 l'ext\u00e9rieur : pour un nettoyage efficace et un soin en douceur  Poign\u00e9e flexible : r\u00e9duit la tension du poignet et assure un brossage confortable  Id\u00e9al pour les bridges et les appareils dentaires Contenu : 1 brosse \u00e0 dents Pro Ortho","og_url":"https:\/\/infomaniak.careista.ch\/fr\/produkte\/soins-buccaux-fr\/brosses-a-dents-fr\/brosse-a-dents-edelwhite-pro-ortho-pour-appareils-dentaires\/","og_site_name":"CAREISTA","article_modified_time":"2026-04-15T02:01:49+00:00","og_image":[{"width":800,"height":800,"url":"https:\/\/infomaniak.careista.ch\/wp-content\/uploads\/2025\/06\/100131-Pro-Ortho-800x800px1.png","type":"image\/png"}],"twitter_card":"summary_large_image","schema":{"@context":"https:\/\/schema.org","@graph":[{"@type":"WebPage","@id":"https:\/\/infomaniak.careista.ch\/fr\/produkte\/soins-buccaux-fr\/brosses-a-dents-fr\/brosse-a-dents-edelwhite-pro-ortho-pour-appareils-dentaires\/","url":"https:\/\/infomaniak.careista.ch\/fr\/produkte\/soins-buccaux-fr\/brosses-a-dents-fr\/brosse-a-dents-edelwhite-pro-ortho-pour-appareils-dentaires\/","name":"Brosse \u00e0 dents edel+white Pro Ortho pour appareils dentaires - CAREISTA","isPartOf":{"@id":"https:\/\/infomaniak.careista.ch\/fr\/#website"},"primaryImageOfPage":{"@id":"https:\/\/infomaniak.careista.ch\/fr\/produkte\/soins-buccaux-fr\/brosses-a-dents-fr\/brosse-a-dents-edelwhite-pro-ortho-pour-appareils-dentaires\/#primaryimage"},"image":{"@id":"https:\/\/infomaniak.careista.ch\/fr\/produkte\/soins-buccaux-fr\/brosses-a-dents-fr\/brosse-a-dents-edelwhite-pro-ortho-pour-appareils-dentaires\/#primaryimage"},"thumbnailUrl":"https:\/\/infomaniak.careista.ch\/wp-content\/uploads\/2025\/06\/100131-Pro-Ortho-800x800px1.png","datePublished":"2025-06-03T12:00:00+00:00","dateModified":"2026-04-15T02:01:49+00:00","breadcrumb":{"@id":"https:\/\/infomaniak.careista.ch\/fr\/produkte\/soins-buccaux-fr\/brosses-a-dents-fr\/brosse-a-dents-edelwhite-pro-ortho-pour-appareils-dentaires\/#breadcrumb"},"inLanguage":"fr-FR","potentialAction":[{"@type":"ReadAction","target":["https:\/\/infomaniak.careista.ch\/fr\/produkte\/soins-buccaux-fr\/brosses-a-dents-fr\/brosse-a-dents-edelwhite-pro-ortho-pour-appareils-dentaires\/"]}]},{"@type":"ImageObject","inLanguage":"fr-FR","@id":"https:\/\/infomaniak.careista.ch\/fr\/produkte\/soins-buccaux-fr\/brosses-a-dents-fr\/brosse-a-dents-edelwhite-pro-ortho-pour-appareils-dentaires\/#primaryimage","url":"https:\/\/infomaniak.careista.ch\/wp-content\/uploads\/2025\/06\/100131-Pro-Ortho-800x800px1.png","contentUrl":"https:\/\/infomaniak.careista.ch\/wp-content\/uploads\/2025\/06\/100131-Pro-Ortho-800x800px1.png","width":800,"height":800},{"@type":"BreadcrumbList","@id":"https:\/\/infomaniak.careista.ch\/fr\/produkte\/soins-buccaux-fr\/brosses-a-dents-fr\/brosse-a-dents-edelwhite-pro-ortho-pour-appareils-dentaires\/#breadcrumb","itemListElement":[{"@type":"ListItem","position":1,"name":"Home","item":"https:\/\/infomaniak.careista.ch\/fr\/"},{"@type":"ListItem","position":2,"name":"Shop","item":"https:\/\/infomaniak.careista.ch\/fr\/shop\/"},{"@type":"ListItem","position":3,"name":"Brosse \u00e0 dents edel+white Pro Ortho pour appareils dentaires"}]},{"@type":"WebSite","@id":"https:\/\/infomaniak.careista.ch\/fr\/#website","url":"https:\/\/infomaniak.careista.ch\/fr\/","name":"CAREISTA","description":"Dein pers\u00f6nlicher Pflege-Barista","publisher":{"@id":"https:\/\/infomaniak.careista.ch\/fr\/#organization"},"potentialAction":[{"@type":"SearchAction","target":{"@type":"EntryPoint","urlTemplate":"https:\/\/infomaniak.careista.ch\/fr\/?s={search_term_string}"},"query-input":{"@type":"PropertyValueSpecification","valueRequired":true,"valueName":"search_term_string"}}],"inLanguage":"fr-FR"},{"@type":"Organization","@id":"https:\/\/infomaniak.careista.ch\/fr\/#organization","name":"CAREISTA","url":"https:\/\/infomaniak.careista.ch\/fr\/","logo":{"@type":"ImageObject","inLanguage":"fr-FR","@id":"https:\/\/infomaniak.careista.ch\/fr\/#\/schema\/logo\/image\/","url":"https:\/\/infomaniak.careista.ch\/wp-content\/uploads\/2025\/02\/Careista-Logo-S_rgb.svg.svg","contentUrl":"https:\/\/infomaniak.careista.ch\/wp-content\/uploads\/2025\/02\/Careista-Logo-S_rgb.svg.svg","caption":"CAREISTA"},"image":{"@id":"https:\/\/infomaniak.careista.ch\/fr\/#\/schema\/logo\/image\/"}}]}},"jetpack_sharing_enabled":true,"_links":{"self":[{"href":"https:\/\/infomaniak.careista.ch\/fr\/wp-json\/wp\/v2\/product\/9473","targetHints":{"allow":["GET"]}}],"collection":[{"href":"https:\/\/infomaniak.careista.ch\/fr\/wp-json\/wp\/v2\/product"}],"about":[{"href":"https:\/\/infomaniak.careista.ch\/fr\/wp-json\/wp\/v2\/types\/product"}],"replies":[{"embeddable":true,"href":"https:\/\/infomaniak.careista.ch\/fr\/wp-json\/wp\/v2\/comments?post=9473"}],"version-history":[{"count":0,"href":"https:\/\/infomaniak.careista.ch\/fr\/wp-json\/wp\/v2\/product\/9473\/revisions"}],"wp:featuredmedia":[{"embeddable":true,"href":"https:\/\/infomaniak.careista.ch\/fr\/wp-json\/wp\/v2\/media\/6883"}],"wp:attachment":[{"href":"https:\/\/infomaniak.careista.ch\/fr\/wp-json\/wp\/v2\/media?parent=9473"}],"wp:term":[{"taxonomy":"anwendung-kategorie","embeddable":true,"href":"https:\/\/infomaniak.careista.ch\/fr\/wp-json\/wp\/v2\/anwendung-kategorie?post=9473"},{"taxonomy":"anwendung","embeddable":true,"href":"https:\/\/infomaniak.careista.ch\/fr\/wp-json\/wp\/v2\/anwendung?post=9473"},{"taxonomy":"product_brand","embeddable":true,"href":"https:\/\/infomaniak.careista.ch\/fr\/wp-json\/wp\/v2\/product_brand?post=9473"},{"taxonomy":"product_cat","embeddable":true,"href":"https:\/\/infomaniak.careista.ch\/fr\/wp-json\/wp\/v2\/product_cat?post=9473"},{"taxonomy":"product_tag","embeddable":true,"href":"https:\/\/infomaniak.careista.ch\/fr\/wp-json\/wp\/v2\/product_tag?post=9473"}],"curies":[{"name":"wp","href":"https:\/\/api.w.org\/{rel}","templated":true}]}}