{"id":9475,"date":"2025-06-03T14:00:00","date_gmt":"2025-06-03T12:00:00","guid":{"rendered":"https:\/\/infomaniak.careista.ch\/produkte\/non%20class\u00e9\/dentifrice-edelwhite-osmotonic-75ml\/"},"modified":"2026-02-26T21:02:52","modified_gmt":"2026-02-26T20:02:52","slug":"dentifrice-edelwhite-osmotonic-75ml","status":"publish","type":"product","link":"https:\/\/infomaniak.careista.ch\/fr\/produkte\/soins-buccaux-fr\/dentifrice-fr\/dentifrice-edelwhite-osmotonic-75ml\/","title":{"rendered":"Dentifrice edel+white Osmotonic 75ml"},"content":{"rendered":"","protected":false},"excerpt":{"rendered":"<h2>Dentifrice au sel sans fluor pour lutter contre la gingivite de mani\u00e8re naturelle<\/h2>\n<p>Ce dentifrice osmotique r\u00e9duit les inflammations et favorise la r\u00e9g\u00e9n\u00e9ration des gencives. Compos\u00e9 de sel des Alpes suisses, de xylitol et d&rsquo;extraits naturels de sauge et d&rsquo;\u00e9chinac\u00e9e, il nettoie en douceur et prot\u00e8ge. Une d\u00e9sintoxication naturelle pour les gencives. Plus proche de la nature, meilleur pour la sant\u00e9.   <\/p>\n<ul>\n<li>Effet osmotique anti-inflammatoire &#8211; d\u00e9toxifie les gencives<\/li>\n<li>Avec du sel des Alpes suisses &amp; du xylitol &#8211; nettoyer et prot\u00e9ger<\/li>\n<li>Sans SLS &amp; v\u00e9g\u00e9talien &#8211; id\u00e9al pour un usage quotidien<\/li>\n<li>Sans fluor<\/li>\n<li>Compatible avec l&rsquo;hom\u00e9opathie<\/li>\n<\/ul>\n<p><em>Contenu : 1 tube de 75 ml<\/em><\/p>\n","protected":false},"featured_media":9292,"comment_status":"closed","ping_status":"closed","template":"","meta":{"_acf_changed":false},"anwendung-kategorie":[],"anwendung":[315],"product_brand":[340],"product_cat":[214,220],"product_tag":[],"class_list":{"0":"post-9475","1":"product","2":"type-product","3":"status-publish","4":"has-post-thumbnail","6":"anwendung-une-haleine-fraiche","7":"product_brand-edelwhite-fr","8":"product_cat-soins-buccaux-fr","9":"product_cat-dentifrice-fr","11":"first","12":"instock","13":"taxable","14":"shipping-taxable","15":"purchasable","16":"product-type-simple"},"acf":[],"yoast_head":"<!-- This site is optimized with the Yoast SEO plugin v26.7 - https:\/\/yoast.com\/wordpress\/plugins\/seo\/ -->\n<title>Dentifrice edel+white Osmotonic 75ml - CAREISTA<\/title>\n<meta name=\"robots\" content=\"noindex, follow, max-snippet:-1, max-image-preview:large, max-video-preview:-1\" \/>\n<meta property=\"og:locale\" content=\"fr_FR\" \/>\n<meta property=\"og:type\" content=\"article\" \/>\n<meta property=\"og:title\" content=\"Dentifrice edel+white Osmotonic 75ml - CAREISTA\" \/>\n<meta property=\"og:description\" content=\"Dentifrice au sel sans fluor pour lutter contre la gingivite de mani\u00e8re naturelle Ce dentifrice osmotique r\u00e9duit les inflammations et favorise la r\u00e9g\u00e9n\u00e9ration des gencives. Compos\u00e9 de sel des Alpes suisses, de xylitol et d&#039;extraits naturels de sauge et d&#039;\u00e9chinac\u00e9e, il nettoie en douceur et prot\u00e8ge. Une d\u00e9sintoxication naturelle pour les gencives. Plus proche de la nature, meilleur pour la sant\u00e9.    Effet osmotique anti-inflammatoire - d\u00e9toxifie les gencives  Avec du sel des Alpes suisses &amp; du xylitol - nettoyer et prot\u00e9ger  Sans SLS &amp; v\u00e9g\u00e9talien - id\u00e9al pour un usage quotidien  Sans fluor  Compatible avec l&#039;hom\u00e9opathie Contenu : 1 tube de 75 ml\" \/>\n<meta property=\"og:url\" content=\"https:\/\/infomaniak.careista.ch\/fr\/produkte\/soins-buccaux-fr\/dentifrice-fr\/dentifrice-edelwhite-osmotonic-75ml\/\" \/>\n<meta property=\"og:site_name\" content=\"CAREISTA\" \/>\n<meta property=\"article:modified_time\" content=\"2026-02-26T20:02:52+00:00\" \/>\n<meta property=\"og:image\" content=\"https:\/\/infomaniak.careista.ch\/wp-content\/uploads\/2025\/06\/100294-Osmotonic-Zahnpasta-75ml-800x800px1.png\" \/>\n\t<meta property=\"og:image:width\" content=\"800\" \/>\n\t<meta property=\"og:image:height\" content=\"800\" \/>\n\t<meta property=\"og:image:type\" content=\"image\/png\" \/>\n<meta name=\"twitter:card\" content=\"summary_large_image\" \/>\n<script type=\"application\/ld+json\" class=\"yoast-schema-graph\">{\"@context\":\"https:\/\/schema.org\",\"@graph\":[{\"@type\":\"WebPage\",\"@id\":\"https:\/\/infomaniak.careista.ch\/fr\/produkte\/soins-buccaux-fr\/dentifrice-fr\/dentifrice-edelwhite-osmotonic-75ml\/\",\"url\":\"https:\/\/infomaniak.careista.ch\/fr\/produkte\/soins-buccaux-fr\/dentifrice-fr\/dentifrice-edelwhite-osmotonic-75ml\/\",\"name\":\"Dentifrice edel+white Osmotonic 75ml - CAREISTA\",\"isPartOf\":{\"@id\":\"https:\/\/infomaniak.careista.ch\/fr\/#website\"},\"primaryImageOfPage\":{\"@id\":\"https:\/\/infomaniak.careista.ch\/fr\/produkte\/soins-buccaux-fr\/dentifrice-fr\/dentifrice-edelwhite-osmotonic-75ml\/#primaryimage\"},\"image\":{\"@id\":\"https:\/\/infomaniak.careista.ch\/fr\/produkte\/soins-buccaux-fr\/dentifrice-fr\/dentifrice-edelwhite-osmotonic-75ml\/#primaryimage\"},\"thumbnailUrl\":\"https:\/\/infomaniak.careista.ch\/wp-content\/uploads\/2025\/06\/100294-Osmotonic-Zahnpasta-75ml-800x800px1.png\",\"datePublished\":\"2025-06-03T12:00:00+00:00\",\"dateModified\":\"2026-02-26T20:02:52+00:00\",\"breadcrumb\":{\"@id\":\"https:\/\/infomaniak.careista.ch\/fr\/produkte\/soins-buccaux-fr\/dentifrice-fr\/dentifrice-edelwhite-osmotonic-75ml\/#breadcrumb\"},\"inLanguage\":\"fr-FR\",\"potentialAction\":[{\"@type\":\"ReadAction\",\"target\":[\"https:\/\/infomaniak.careista.ch\/fr\/produkte\/soins-buccaux-fr\/dentifrice-fr\/dentifrice-edelwhite-osmotonic-75ml\/\"]}]},{\"@type\":\"ImageObject\",\"inLanguage\":\"fr-FR\",\"@id\":\"https:\/\/infomaniak.careista.ch\/fr\/produkte\/soins-buccaux-fr\/dentifrice-fr\/dentifrice-edelwhite-osmotonic-75ml\/#primaryimage\",\"url\":\"https:\/\/infomaniak.careista.ch\/wp-content\/uploads\/2025\/06\/100294-Osmotonic-Zahnpasta-75ml-800x800px1.png\",\"contentUrl\":\"https:\/\/infomaniak.careista.ch\/wp-content\/uploads\/2025\/06\/100294-Osmotonic-Zahnpasta-75ml-800x800px1.png\",\"width\":800,\"height\":800,\"caption\":\"Dentifrice au sel sans fluor pour lutter contre la gingivite de mani\u00e8re naturelle\"},{\"@type\":\"BreadcrumbList\",\"@id\":\"https:\/\/infomaniak.careista.ch\/fr\/produkte\/soins-buccaux-fr\/dentifrice-fr\/dentifrice-edelwhite-osmotonic-75ml\/#breadcrumb\",\"itemListElement\":[{\"@type\":\"ListItem\",\"position\":1,\"name\":\"Home\",\"item\":\"https:\/\/infomaniak.careista.ch\/fr\/\"},{\"@type\":\"ListItem\",\"position\":2,\"name\":\"Shop\",\"item\":\"https:\/\/infomaniak.careista.ch\/fr\/shop\/\"},{\"@type\":\"ListItem\",\"position\":3,\"name\":\"Dentifrice edel+white Osmotonic 75ml\"}]},{\"@type\":\"WebSite\",\"@id\":\"https:\/\/infomaniak.careista.ch\/fr\/#website\",\"url\":\"https:\/\/infomaniak.careista.ch\/fr\/\",\"name\":\"CAREISTA\",\"description\":\"Dein pers\u00f6nlicher Pflege-Barista\",\"publisher\":{\"@id\":\"https:\/\/infomaniak.careista.ch\/fr\/#organization\"},\"potentialAction\":[{\"@type\":\"SearchAction\",\"target\":{\"@type\":\"EntryPoint\",\"urlTemplate\":\"https:\/\/infomaniak.careista.ch\/fr\/?s={search_term_string}\"},\"query-input\":{\"@type\":\"PropertyValueSpecification\",\"valueRequired\":true,\"valueName\":\"search_term_string\"}}],\"inLanguage\":\"fr-FR\"},{\"@type\":\"Organization\",\"@id\":\"https:\/\/infomaniak.careista.ch\/fr\/#organization\",\"name\":\"CAREISTA\",\"url\":\"https:\/\/infomaniak.careista.ch\/fr\/\",\"logo\":{\"@type\":\"ImageObject\",\"inLanguage\":\"fr-FR\",\"@id\":\"https:\/\/infomaniak.careista.ch\/fr\/#\/schema\/logo\/image\/\",\"url\":\"https:\/\/infomaniak.careista.ch\/wp-content\/uploads\/2025\/02\/Careista-Logo-S_rgb.svg.svg\",\"contentUrl\":\"https:\/\/infomaniak.careista.ch\/wp-content\/uploads\/2025\/02\/Careista-Logo-S_rgb.svg.svg\",\"caption\":\"CAREISTA\"},\"image\":{\"@id\":\"https:\/\/infomaniak.careista.ch\/fr\/#\/schema\/logo\/image\/\"}}]}<\/script>\n<!-- \/ Yoast SEO plugin. -->","yoast_head_json":{"title":"Dentifrice edel+white Osmotonic 75ml - CAREISTA","robots":{"index":"noindex","follow":"follow","max-snippet":"max-snippet:-1","max-image-preview":"max-image-preview:large","max-video-preview":"max-video-preview:-1"},"og_locale":"fr_FR","og_type":"article","og_title":"Dentifrice edel+white Osmotonic 75ml - CAREISTA","og_description":"Dentifrice au sel sans fluor pour lutter contre la gingivite de mani\u00e8re naturelle Ce dentifrice osmotique r\u00e9duit les inflammations et favorise la r\u00e9g\u00e9n\u00e9ration des gencives. Compos\u00e9 de sel des Alpes suisses, de xylitol et d'extraits naturels de sauge et d'\u00e9chinac\u00e9e, il nettoie en douceur et prot\u00e8ge. Une d\u00e9sintoxication naturelle pour les gencives. Plus proche de la nature, meilleur pour la sant\u00e9.    Effet osmotique anti-inflammatoire - d\u00e9toxifie les gencives  Avec du sel des Alpes suisses &amp; du xylitol - nettoyer et prot\u00e9ger  Sans SLS &amp; v\u00e9g\u00e9talien - id\u00e9al pour un usage quotidien  Sans fluor  Compatible avec l'hom\u00e9opathie Contenu : 1 tube de 75 ml","og_url":"https:\/\/infomaniak.careista.ch\/fr\/produkte\/soins-buccaux-fr\/dentifrice-fr\/dentifrice-edelwhite-osmotonic-75ml\/","og_site_name":"CAREISTA","article_modified_time":"2026-02-26T20:02:52+00:00","og_image":[{"width":800,"height":800,"url":"https:\/\/infomaniak.careista.ch\/wp-content\/uploads\/2025\/06\/100294-Osmotonic-Zahnpasta-75ml-800x800px1.png","type":"image\/png"}],"twitter_card":"summary_large_image","schema":{"@context":"https:\/\/schema.org","@graph":[{"@type":"WebPage","@id":"https:\/\/infomaniak.careista.ch\/fr\/produkte\/soins-buccaux-fr\/dentifrice-fr\/dentifrice-edelwhite-osmotonic-75ml\/","url":"https:\/\/infomaniak.careista.ch\/fr\/produkte\/soins-buccaux-fr\/dentifrice-fr\/dentifrice-edelwhite-osmotonic-75ml\/","name":"Dentifrice edel+white Osmotonic 75ml - CAREISTA","isPartOf":{"@id":"https:\/\/infomaniak.careista.ch\/fr\/#website"},"primaryImageOfPage":{"@id":"https:\/\/infomaniak.careista.ch\/fr\/produkte\/soins-buccaux-fr\/dentifrice-fr\/dentifrice-edelwhite-osmotonic-75ml\/#primaryimage"},"image":{"@id":"https:\/\/infomaniak.careista.ch\/fr\/produkte\/soins-buccaux-fr\/dentifrice-fr\/dentifrice-edelwhite-osmotonic-75ml\/#primaryimage"},"thumbnailUrl":"https:\/\/infomaniak.careista.ch\/wp-content\/uploads\/2025\/06\/100294-Osmotonic-Zahnpasta-75ml-800x800px1.png","datePublished":"2025-06-03T12:00:00+00:00","dateModified":"2026-02-26T20:02:52+00:00","breadcrumb":{"@id":"https:\/\/infomaniak.careista.ch\/fr\/produkte\/soins-buccaux-fr\/dentifrice-fr\/dentifrice-edelwhite-osmotonic-75ml\/#breadcrumb"},"inLanguage":"fr-FR","potentialAction":[{"@type":"ReadAction","target":["https:\/\/infomaniak.careista.ch\/fr\/produkte\/soins-buccaux-fr\/dentifrice-fr\/dentifrice-edelwhite-osmotonic-75ml\/"]}]},{"@type":"ImageObject","inLanguage":"fr-FR","@id":"https:\/\/infomaniak.careista.ch\/fr\/produkte\/soins-buccaux-fr\/dentifrice-fr\/dentifrice-edelwhite-osmotonic-75ml\/#primaryimage","url":"https:\/\/infomaniak.careista.ch\/wp-content\/uploads\/2025\/06\/100294-Osmotonic-Zahnpasta-75ml-800x800px1.png","contentUrl":"https:\/\/infomaniak.careista.ch\/wp-content\/uploads\/2025\/06\/100294-Osmotonic-Zahnpasta-75ml-800x800px1.png","width":800,"height":800,"caption":"Dentifrice au sel sans fluor pour lutter contre la gingivite de mani\u00e8re naturelle"},{"@type":"BreadcrumbList","@id":"https:\/\/infomaniak.careista.ch\/fr\/produkte\/soins-buccaux-fr\/dentifrice-fr\/dentifrice-edelwhite-osmotonic-75ml\/#breadcrumb","itemListElement":[{"@type":"ListItem","position":1,"name":"Home","item":"https:\/\/infomaniak.careista.ch\/fr\/"},{"@type":"ListItem","position":2,"name":"Shop","item":"https:\/\/infomaniak.careista.ch\/fr\/shop\/"},{"@type":"ListItem","position":3,"name":"Dentifrice edel+white Osmotonic 75ml"}]},{"@type":"WebSite","@id":"https:\/\/infomaniak.careista.ch\/fr\/#website","url":"https:\/\/infomaniak.careista.ch\/fr\/","name":"CAREISTA","description":"Dein pers\u00f6nlicher Pflege-Barista","publisher":{"@id":"https:\/\/infomaniak.careista.ch\/fr\/#organization"},"potentialAction":[{"@type":"SearchAction","target":{"@type":"EntryPoint","urlTemplate":"https:\/\/infomaniak.careista.ch\/fr\/?s={search_term_string}"},"query-input":{"@type":"PropertyValueSpecification","valueRequired":true,"valueName":"search_term_string"}}],"inLanguage":"fr-FR"},{"@type":"Organization","@id":"https:\/\/infomaniak.careista.ch\/fr\/#organization","name":"CAREISTA","url":"https:\/\/infomaniak.careista.ch\/fr\/","logo":{"@type":"ImageObject","inLanguage":"fr-FR","@id":"https:\/\/infomaniak.careista.ch\/fr\/#\/schema\/logo\/image\/","url":"https:\/\/infomaniak.careista.ch\/wp-content\/uploads\/2025\/02\/Careista-Logo-S_rgb.svg.svg","contentUrl":"https:\/\/infomaniak.careista.ch\/wp-content\/uploads\/2025\/02\/Careista-Logo-S_rgb.svg.svg","caption":"CAREISTA"},"image":{"@id":"https:\/\/infomaniak.careista.ch\/fr\/#\/schema\/logo\/image\/"}}]}},"jetpack_sharing_enabled":true,"_links":{"self":[{"href":"https:\/\/infomaniak.careista.ch\/fr\/wp-json\/wp\/v2\/product\/9475","targetHints":{"allow":["GET"]}}],"collection":[{"href":"https:\/\/infomaniak.careista.ch\/fr\/wp-json\/wp\/v2\/product"}],"about":[{"href":"https:\/\/infomaniak.careista.ch\/fr\/wp-json\/wp\/v2\/types\/product"}],"replies":[{"embeddable":true,"href":"https:\/\/infomaniak.careista.ch\/fr\/wp-json\/wp\/v2\/comments?post=9475"}],"version-history":[{"count":0,"href":"https:\/\/infomaniak.careista.ch\/fr\/wp-json\/wp\/v2\/product\/9475\/revisions"}],"wp:featuredmedia":[{"embeddable":true,"href":"https:\/\/infomaniak.careista.ch\/fr\/wp-json\/wp\/v2\/media\/9292"}],"wp:attachment":[{"href":"https:\/\/infomaniak.careista.ch\/fr\/wp-json\/wp\/v2\/media?parent=9475"}],"wp:term":[{"taxonomy":"anwendung-kategorie","embeddable":true,"href":"https:\/\/infomaniak.careista.ch\/fr\/wp-json\/wp\/v2\/anwendung-kategorie?post=9475"},{"taxonomy":"anwendung","embeddable":true,"href":"https:\/\/infomaniak.careista.ch\/fr\/wp-json\/wp\/v2\/anwendung?post=9475"},{"taxonomy":"product_brand","embeddable":true,"href":"https:\/\/infomaniak.careista.ch\/fr\/wp-json\/wp\/v2\/product_brand?post=9475"},{"taxonomy":"product_cat","embeddable":true,"href":"https:\/\/infomaniak.careista.ch\/fr\/wp-json\/wp\/v2\/product_cat?post=9475"},{"taxonomy":"product_tag","embeddable":true,"href":"https:\/\/infomaniak.careista.ch\/fr\/wp-json\/wp\/v2\/product_tag?post=9475"}],"curies":[{"name":"wp","href":"https:\/\/api.w.org\/{rel}","templated":true}]}}