{"id":9478,"date":"2025-06-03T14:00:00","date_gmt":"2025-06-03T12:00:00","guid":{"rendered":"https:\/\/infomaniak.careista.ch\/produkte\/non%20class\u00e9\/edelwhite-easy-tape-ruban-de-fil-dentaire-cire-70m\/"},"modified":"2026-02-28T10:33:36","modified_gmt":"2026-02-28T09:33:36","slug":"edelwhite-easy-tape-ruban-de-fil-dentaire-cire-70m","status":"publish","type":"product","link":"https:\/\/infomaniak.careista.ch\/fr\/produkte\/soins-buccaux-fr\/interdentaire-fr\/edelwhite-easy-tape-ruban-de-fil-dentaire-cire-70m\/","title":{"rendered":"edel+white Easy Tape Ruban de fil dentaire cir\u00e9 70m"},"content":{"rendered":"","protected":false},"excerpt":{"rendered":"<p><strong>Id\u00e9al pour les espaces interdentaires de toutes tailles et les d\u00e9butants en mati\u00e8re de fil dentaire<\/strong><br \/>\nLe ruban Easy Tape cir\u00e9 rend le nettoyage interdentaire plus facile que jamais : avec sa forme large et cir\u00e9e, il glisse en douceur dans les espaces interdentaires \u00e9troits et procure une sensation de fra\u00eecheur en bouche &#8211; sans aucune incision.<\/p>\n<ul>\n<li>Large bande dentaire cir\u00e9e pour une plus grande surface de nettoyage<\/li>\n<li>Glisse sans effort dans les espaces \u00e9troits &#8211; id\u00e9al pour les d\u00e9butants<\/li>\n<li>Antid\u00e9rapant et ne coupe pas les doigts<\/li>\n<li>L\u00e9g\u00e8rement effiloch\u00e9 pour un meilleur nettoyage<\/li>\n<li>Go\u00fbt frais de menthe<\/li>\n<li>Exempt de PFAS<\/li>\n<\/ul>\n<p><em>Contenu : 70m de ruban dentaire cir\u00e9, suffisant pour environ 200 nettoyages<\/em><\/p>\n","protected":false},"featured_media":7202,"comment_status":"closed","ping_status":"closed","template":"","meta":{"_acf_changed":false},"anwendung-kategorie":[],"anwendung":[315,316],"product_brand":[340],"product_cat":[214,216],"product_tag":[],"class_list":{"0":"post-9478","1":"product","2":"type-product","3":"status-publish","4":"has-post-thumbnail","6":"anwendung-une-haleine-fraiche","7":"anwendung-pour-entre-les-deux","8":"product_brand-edelwhite-fr","9":"product_cat-soins-buccaux-fr","10":"product_cat-interdentaire-fr","12":"first","13":"instock","14":"taxable","15":"shipping-taxable","16":"purchasable","17":"product-type-simple"},"acf":[],"yoast_head":"<!-- This site is optimized with the Yoast SEO plugin v26.7 - https:\/\/yoast.com\/wordpress\/plugins\/seo\/ -->\n<title>edel+white Easy Tape Ruban de fil dentaire cir\u00e9 70m - CAREISTA<\/title>\n<meta name=\"robots\" content=\"noindex, follow, max-snippet:-1, max-image-preview:large, max-video-preview:-1\" \/>\n<meta property=\"og:locale\" content=\"fr_FR\" \/>\n<meta property=\"og:type\" content=\"article\" \/>\n<meta property=\"og:title\" content=\"edel+white Easy Tape Ruban de fil dentaire cir\u00e9 70m - CAREISTA\" \/>\n<meta property=\"og:description\" content=\"Id\u00e9al pour les espaces interdentaires de toutes tailles et les d\u00e9butants en mati\u00e8re de fil dentaire Le ruban Easy Tape cir\u00e9 rend le nettoyage interdentaire plus facile que jamais : avec sa forme large et cir\u00e9e, il glisse en douceur dans les espaces interdentaires \u00e9troits et procure une sensation de fra\u00eecheur en bouche - sans aucune incision.  Large bande dentaire cir\u00e9e pour une plus grande surface de nettoyage  Glisse sans effort dans les espaces \u00e9troits - id\u00e9al pour les d\u00e9butants  Antid\u00e9rapant et ne coupe pas les doigts  L\u00e9g\u00e8rement effiloch\u00e9 pour un meilleur nettoyage  Go\u00fbt frais de menthe  Exempt de PFAS Contenu : 70m de ruban dentaire cir\u00e9, suffisant pour environ 200 nettoyages\" \/>\n<meta property=\"og:url\" content=\"https:\/\/infomaniak.careista.ch\/fr\/produkte\/soins-buccaux-fr\/interdentaire-fr\/edelwhite-easy-tape-ruban-de-fil-dentaire-cire-70m\/\" \/>\n<meta property=\"og:site_name\" content=\"CAREISTA\" \/>\n<meta property=\"article:modified_time\" content=\"2026-02-28T09:33:36+00:00\" \/>\n<meta property=\"og:image\" content=\"https:\/\/infomaniak.careista.ch\/wp-content\/uploads\/2025\/06\/800830-Easy-Tape-Waxed-orange-800x800px1.png\" \/>\n\t<meta property=\"og:image:width\" content=\"800\" \/>\n\t<meta property=\"og:image:height\" content=\"800\" \/>\n\t<meta property=\"og:image:type\" content=\"image\/png\" \/>\n<meta name=\"twitter:card\" content=\"summary_large_image\" \/>\n<script type=\"application\/ld+json\" class=\"yoast-schema-graph\">{\"@context\":\"https:\/\/schema.org\",\"@graph\":[{\"@type\":\"WebPage\",\"@id\":\"https:\/\/infomaniak.careista.ch\/fr\/produkte\/soins-buccaux-fr\/interdentaire-fr\/edelwhite-easy-tape-ruban-de-fil-dentaire-cire-70m\/\",\"url\":\"https:\/\/infomaniak.careista.ch\/fr\/produkte\/soins-buccaux-fr\/interdentaire-fr\/edelwhite-easy-tape-ruban-de-fil-dentaire-cire-70m\/\",\"name\":\"edel+white Easy Tape Ruban de fil dentaire cir\u00e9 70m - CAREISTA\",\"isPartOf\":{\"@id\":\"https:\/\/infomaniak.careista.ch\/fr\/#website\"},\"primaryImageOfPage\":{\"@id\":\"https:\/\/infomaniak.careista.ch\/fr\/produkte\/soins-buccaux-fr\/interdentaire-fr\/edelwhite-easy-tape-ruban-de-fil-dentaire-cire-70m\/#primaryimage\"},\"image\":{\"@id\":\"https:\/\/infomaniak.careista.ch\/fr\/produkte\/soins-buccaux-fr\/interdentaire-fr\/edelwhite-easy-tape-ruban-de-fil-dentaire-cire-70m\/#primaryimage\"},\"thumbnailUrl\":\"https:\/\/infomaniak.careista.ch\/wp-content\/uploads\/2025\/06\/800830-Easy-Tape-Waxed-orange-800x800px1.png\",\"datePublished\":\"2025-06-03T12:00:00+00:00\",\"dateModified\":\"2026-02-28T09:33:36+00:00\",\"breadcrumb\":{\"@id\":\"https:\/\/infomaniak.careista.ch\/fr\/produkte\/soins-buccaux-fr\/interdentaire-fr\/edelwhite-easy-tape-ruban-de-fil-dentaire-cire-70m\/#breadcrumb\"},\"inLanguage\":\"fr-FR\",\"potentialAction\":[{\"@type\":\"ReadAction\",\"target\":[\"https:\/\/infomaniak.careista.ch\/fr\/produkte\/soins-buccaux-fr\/interdentaire-fr\/edelwhite-easy-tape-ruban-de-fil-dentaire-cire-70m\/\"]}]},{\"@type\":\"ImageObject\",\"inLanguage\":\"fr-FR\",\"@id\":\"https:\/\/infomaniak.careista.ch\/fr\/produkte\/soins-buccaux-fr\/interdentaire-fr\/edelwhite-easy-tape-ruban-de-fil-dentaire-cire-70m\/#primaryimage\",\"url\":\"https:\/\/infomaniak.careista.ch\/wp-content\/uploads\/2025\/06\/800830-Easy-Tape-Waxed-orange-800x800px1.png\",\"contentUrl\":\"https:\/\/infomaniak.careista.ch\/wp-content\/uploads\/2025\/06\/800830-Easy-Tape-Waxed-orange-800x800px1.png\",\"width\":800,\"height\":800},{\"@type\":\"BreadcrumbList\",\"@id\":\"https:\/\/infomaniak.careista.ch\/fr\/produkte\/soins-buccaux-fr\/interdentaire-fr\/edelwhite-easy-tape-ruban-de-fil-dentaire-cire-70m\/#breadcrumb\",\"itemListElement\":[{\"@type\":\"ListItem\",\"position\":1,\"name\":\"Home\",\"item\":\"https:\/\/infomaniak.careista.ch\/fr\/\"},{\"@type\":\"ListItem\",\"position\":2,\"name\":\"Shop\",\"item\":\"https:\/\/infomaniak.careista.ch\/fr\/shop\/\"},{\"@type\":\"ListItem\",\"position\":3,\"name\":\"edel+white Easy Tape Ruban de fil dentaire cir\u00e9 70m\"}]},{\"@type\":\"WebSite\",\"@id\":\"https:\/\/infomaniak.careista.ch\/fr\/#website\",\"url\":\"https:\/\/infomaniak.careista.ch\/fr\/\",\"name\":\"CAREISTA\",\"description\":\"Dein pers\u00f6nlicher Pflege-Barista\",\"publisher\":{\"@id\":\"https:\/\/infomaniak.careista.ch\/fr\/#organization\"},\"potentialAction\":[{\"@type\":\"SearchAction\",\"target\":{\"@type\":\"EntryPoint\",\"urlTemplate\":\"https:\/\/infomaniak.careista.ch\/fr\/?s={search_term_string}\"},\"query-input\":{\"@type\":\"PropertyValueSpecification\",\"valueRequired\":true,\"valueName\":\"search_term_string\"}}],\"inLanguage\":\"fr-FR\"},{\"@type\":\"Organization\",\"@id\":\"https:\/\/infomaniak.careista.ch\/fr\/#organization\",\"name\":\"CAREISTA\",\"url\":\"https:\/\/infomaniak.careista.ch\/fr\/\",\"logo\":{\"@type\":\"ImageObject\",\"inLanguage\":\"fr-FR\",\"@id\":\"https:\/\/infomaniak.careista.ch\/fr\/#\/schema\/logo\/image\/\",\"url\":\"https:\/\/infomaniak.careista.ch\/wp-content\/uploads\/2025\/02\/Careista-Logo-S_rgb.svg.svg\",\"contentUrl\":\"https:\/\/infomaniak.careista.ch\/wp-content\/uploads\/2025\/02\/Careista-Logo-S_rgb.svg.svg\",\"caption\":\"CAREISTA\"},\"image\":{\"@id\":\"https:\/\/infomaniak.careista.ch\/fr\/#\/schema\/logo\/image\/\"}}]}<\/script>\n<!-- \/ Yoast SEO plugin. -->","yoast_head_json":{"title":"edel+white Easy Tape Ruban de fil dentaire cir\u00e9 70m - CAREISTA","robots":{"index":"noindex","follow":"follow","max-snippet":"max-snippet:-1","max-image-preview":"max-image-preview:large","max-video-preview":"max-video-preview:-1"},"og_locale":"fr_FR","og_type":"article","og_title":"edel+white Easy Tape Ruban de fil dentaire cir\u00e9 70m - CAREISTA","og_description":"Id\u00e9al pour les espaces interdentaires de toutes tailles et les d\u00e9butants en mati\u00e8re de fil dentaire Le ruban Easy Tape cir\u00e9 rend le nettoyage interdentaire plus facile que jamais : avec sa forme large et cir\u00e9e, il glisse en douceur dans les espaces interdentaires \u00e9troits et procure une sensation de fra\u00eecheur en bouche - sans aucune incision.  Large bande dentaire cir\u00e9e pour une plus grande surface de nettoyage  Glisse sans effort dans les espaces \u00e9troits - id\u00e9al pour les d\u00e9butants  Antid\u00e9rapant et ne coupe pas les doigts  L\u00e9g\u00e8rement effiloch\u00e9 pour un meilleur nettoyage  Go\u00fbt frais de menthe  Exempt de PFAS Contenu : 70m de ruban dentaire cir\u00e9, suffisant pour environ 200 nettoyages","og_url":"https:\/\/infomaniak.careista.ch\/fr\/produkte\/soins-buccaux-fr\/interdentaire-fr\/edelwhite-easy-tape-ruban-de-fil-dentaire-cire-70m\/","og_site_name":"CAREISTA","article_modified_time":"2026-02-28T09:33:36+00:00","og_image":[{"width":800,"height":800,"url":"https:\/\/infomaniak.careista.ch\/wp-content\/uploads\/2025\/06\/800830-Easy-Tape-Waxed-orange-800x800px1.png","type":"image\/png"}],"twitter_card":"summary_large_image","schema":{"@context":"https:\/\/schema.org","@graph":[{"@type":"WebPage","@id":"https:\/\/infomaniak.careista.ch\/fr\/produkte\/soins-buccaux-fr\/interdentaire-fr\/edelwhite-easy-tape-ruban-de-fil-dentaire-cire-70m\/","url":"https:\/\/infomaniak.careista.ch\/fr\/produkte\/soins-buccaux-fr\/interdentaire-fr\/edelwhite-easy-tape-ruban-de-fil-dentaire-cire-70m\/","name":"edel+white Easy Tape Ruban de fil dentaire cir\u00e9 70m - CAREISTA","isPartOf":{"@id":"https:\/\/infomaniak.careista.ch\/fr\/#website"},"primaryImageOfPage":{"@id":"https:\/\/infomaniak.careista.ch\/fr\/produkte\/soins-buccaux-fr\/interdentaire-fr\/edelwhite-easy-tape-ruban-de-fil-dentaire-cire-70m\/#primaryimage"},"image":{"@id":"https:\/\/infomaniak.careista.ch\/fr\/produkte\/soins-buccaux-fr\/interdentaire-fr\/edelwhite-easy-tape-ruban-de-fil-dentaire-cire-70m\/#primaryimage"},"thumbnailUrl":"https:\/\/infomaniak.careista.ch\/wp-content\/uploads\/2025\/06\/800830-Easy-Tape-Waxed-orange-800x800px1.png","datePublished":"2025-06-03T12:00:00+00:00","dateModified":"2026-02-28T09:33:36+00:00","breadcrumb":{"@id":"https:\/\/infomaniak.careista.ch\/fr\/produkte\/soins-buccaux-fr\/interdentaire-fr\/edelwhite-easy-tape-ruban-de-fil-dentaire-cire-70m\/#breadcrumb"},"inLanguage":"fr-FR","potentialAction":[{"@type":"ReadAction","target":["https:\/\/infomaniak.careista.ch\/fr\/produkte\/soins-buccaux-fr\/interdentaire-fr\/edelwhite-easy-tape-ruban-de-fil-dentaire-cire-70m\/"]}]},{"@type":"ImageObject","inLanguage":"fr-FR","@id":"https:\/\/infomaniak.careista.ch\/fr\/produkte\/soins-buccaux-fr\/interdentaire-fr\/edelwhite-easy-tape-ruban-de-fil-dentaire-cire-70m\/#primaryimage","url":"https:\/\/infomaniak.careista.ch\/wp-content\/uploads\/2025\/06\/800830-Easy-Tape-Waxed-orange-800x800px1.png","contentUrl":"https:\/\/infomaniak.careista.ch\/wp-content\/uploads\/2025\/06\/800830-Easy-Tape-Waxed-orange-800x800px1.png","width":800,"height":800},{"@type":"BreadcrumbList","@id":"https:\/\/infomaniak.careista.ch\/fr\/produkte\/soins-buccaux-fr\/interdentaire-fr\/edelwhite-easy-tape-ruban-de-fil-dentaire-cire-70m\/#breadcrumb","itemListElement":[{"@type":"ListItem","position":1,"name":"Home","item":"https:\/\/infomaniak.careista.ch\/fr\/"},{"@type":"ListItem","position":2,"name":"Shop","item":"https:\/\/infomaniak.careista.ch\/fr\/shop\/"},{"@type":"ListItem","position":3,"name":"edel+white Easy Tape Ruban de fil dentaire cir\u00e9 70m"}]},{"@type":"WebSite","@id":"https:\/\/infomaniak.careista.ch\/fr\/#website","url":"https:\/\/infomaniak.careista.ch\/fr\/","name":"CAREISTA","description":"Dein pers\u00f6nlicher Pflege-Barista","publisher":{"@id":"https:\/\/infomaniak.careista.ch\/fr\/#organization"},"potentialAction":[{"@type":"SearchAction","target":{"@type":"EntryPoint","urlTemplate":"https:\/\/infomaniak.careista.ch\/fr\/?s={search_term_string}"},"query-input":{"@type":"PropertyValueSpecification","valueRequired":true,"valueName":"search_term_string"}}],"inLanguage":"fr-FR"},{"@type":"Organization","@id":"https:\/\/infomaniak.careista.ch\/fr\/#organization","name":"CAREISTA","url":"https:\/\/infomaniak.careista.ch\/fr\/","logo":{"@type":"ImageObject","inLanguage":"fr-FR","@id":"https:\/\/infomaniak.careista.ch\/fr\/#\/schema\/logo\/image\/","url":"https:\/\/infomaniak.careista.ch\/wp-content\/uploads\/2025\/02\/Careista-Logo-S_rgb.svg.svg","contentUrl":"https:\/\/infomaniak.careista.ch\/wp-content\/uploads\/2025\/02\/Careista-Logo-S_rgb.svg.svg","caption":"CAREISTA"},"image":{"@id":"https:\/\/infomaniak.careista.ch\/fr\/#\/schema\/logo\/image\/"}}]}},"jetpack_sharing_enabled":true,"_links":{"self":[{"href":"https:\/\/infomaniak.careista.ch\/fr\/wp-json\/wp\/v2\/product\/9478","targetHints":{"allow":["GET"]}}],"collection":[{"href":"https:\/\/infomaniak.careista.ch\/fr\/wp-json\/wp\/v2\/product"}],"about":[{"href":"https:\/\/infomaniak.careista.ch\/fr\/wp-json\/wp\/v2\/types\/product"}],"replies":[{"embeddable":true,"href":"https:\/\/infomaniak.careista.ch\/fr\/wp-json\/wp\/v2\/comments?post=9478"}],"version-history":[{"count":0,"href":"https:\/\/infomaniak.careista.ch\/fr\/wp-json\/wp\/v2\/product\/9478\/revisions"}],"wp:featuredmedia":[{"embeddable":true,"href":"https:\/\/infomaniak.careista.ch\/fr\/wp-json\/wp\/v2\/media\/7202"}],"wp:attachment":[{"href":"https:\/\/infomaniak.careista.ch\/fr\/wp-json\/wp\/v2\/media?parent=9478"}],"wp:term":[{"taxonomy":"anwendung-kategorie","embeddable":true,"href":"https:\/\/infomaniak.careista.ch\/fr\/wp-json\/wp\/v2\/anwendung-kategorie?post=9478"},{"taxonomy":"anwendung","embeddable":true,"href":"https:\/\/infomaniak.careista.ch\/fr\/wp-json\/wp\/v2\/anwendung?post=9478"},{"taxonomy":"product_brand","embeddable":true,"href":"https:\/\/infomaniak.careista.ch\/fr\/wp-json\/wp\/v2\/product_brand?post=9478"},{"taxonomy":"product_cat","embeddable":true,"href":"https:\/\/infomaniak.careista.ch\/fr\/wp-json\/wp\/v2\/product_cat?post=9478"},{"taxonomy":"product_tag","embeddable":true,"href":"https:\/\/infomaniak.careista.ch\/fr\/wp-json\/wp\/v2\/product_tag?post=9478"}],"curies":[{"name":"wp","href":"https:\/\/api.w.org\/{rel}","templated":true}]}}