{"id":9489,"date":"2025-06-03T14:00:00","date_gmt":"2025-06-03T12:00:00","guid":{"rendered":"https:\/\/infomaniak.careista.ch\/produkte\/non class\u00e9\/edelwhite-pick-sticks-interdental-small\/"},"modified":"2026-04-15T08:04:59","modified_gmt":"2026-04-15T06:04:59","slug":"edelwhite-pick-sticks-interdental-small","status":"publish","type":"product","link":"https:\/\/infomaniak.careista.ch\/fr\/produkte\/soins-buccaux-fr\/interdentaire-fr\/edelwhite-pick-sticks-interdental-small\/","title":{"rendered":"edel+white Pick Sticks Interdental Small"},"content":{"rendered":"","protected":false},"excerpt":{"rendered":"<h3>Pour un nettoyage sans effort des espaces interdentaires en d\u00e9placement<\/h3>\n<p>Nettoyage interm\u00e9diaire &amp; \u00e9limination de la plaque dentaire ; les Pick Sticks permettent d&rsquo;\u00e9liminer facilement la plaque dentaire entre les dents.<\/p>\n<ul>\n<li>La t\u00eate en caoutchouc flexible glisse sans effort entre les dents<\/li>\n<li>le crochet en plastique \u00e9limine la plaque et les r\u00e9sidus<\/li>\n<li>Id\u00e9al pour les bridges, les implants et les appareils dentaires<\/li>\n<li>Parfait pour les d\u00e9placements<\/li>\n<\/ul>\n<h5><em>Contenu : 50 Pick Sticks \u00ab\u00a0Small\u00a0\u00bb avec bo\u00eete de voyage<\/em><\/h5>\n","protected":false},"featured_media":19713,"comment_status":"closed","ping_status":"closed","template":"","meta":{"_acf_changed":false},"anwendung-kategorie":[],"anwendung":[321,316],"product_brand":[340],"product_cat":[214,216],"product_tag":[],"class_list":{"0":"post-9489","1":"product","2":"type-product","3":"status-publish","4":"has-post-thumbnail","6":"anwendung-voyages","7":"anwendung-pour-entre-les-deux","8":"product_brand-edelwhite-fr","9":"product_cat-soins-buccaux-fr","10":"product_cat-interdentaire-fr","12":"first","13":"instock","14":"taxable","15":"shipping-taxable","16":"purchasable","17":"product-type-simple"},"acf":[],"yoast_head":"<!-- This site is optimized with the Yoast SEO plugin v26.7 - https:\/\/yoast.com\/wordpress\/plugins\/seo\/ -->\n<title>edel+white Pick Sticks Interdental Small - CAREISTA<\/title>\n<meta name=\"robots\" content=\"noindex, follow, max-snippet:-1, max-image-preview:large, max-video-preview:-1\" \/>\n<meta property=\"og:locale\" content=\"fr_FR\" \/>\n<meta property=\"og:type\" content=\"article\" \/>\n<meta property=\"og:title\" content=\"edel+white Pick Sticks Interdental Small - CAREISTA\" \/>\n<meta property=\"og:description\" content=\"Pour un nettoyage sans effort des espaces interdentaires en d\u00e9placement Nettoyage interm\u00e9diaire &amp; \u00e9limination de la plaque dentaire ; les Pick Sticks permettent d&#039;\u00e9liminer facilement la plaque dentaire entre les dents.  La t\u00eate en caoutchouc flexible glisse sans effort entre les dents  le crochet en plastique \u00e9limine la plaque et les r\u00e9sidus  Id\u00e9al pour les bridges, les implants et les appareils dentaires  Parfait pour les d\u00e9placements Contenu : 50 Pick Sticks &quot;Small&quot; avec bo\u00eete de voyage\" \/>\n<meta property=\"og:url\" content=\"https:\/\/infomaniak.careista.ch\/fr\/produkte\/soins-buccaux-fr\/interdentaire-fr\/edelwhite-pick-sticks-interdental-small\/\" \/>\n<meta property=\"og:site_name\" content=\"CAREISTA\" \/>\n<meta property=\"article:modified_time\" content=\"2026-04-15T06:04:59+00:00\" \/>\n<meta property=\"og:image\" content=\"https:\/\/infomaniak.careista.ch\/wp-content\/uploads\/2025\/06\/800836-Pick-Sticks-Small-800x800px1.png\" \/>\n\t<meta property=\"og:image:width\" content=\"800\" \/>\n\t<meta property=\"og:image:height\" content=\"800\" \/>\n\t<meta property=\"og:image:type\" content=\"image\/png\" \/>\n<meta name=\"twitter:card\" content=\"summary_large_image\" \/>\n<script type=\"application\/ld+json\" class=\"yoast-schema-graph\">{\"@context\":\"https:\/\/schema.org\",\"@graph\":[{\"@type\":\"WebPage\",\"@id\":\"https:\/\/infomaniak.careista.ch\/fr\/produkte\/soins-buccaux-fr\/interdentaire-fr\/edelwhite-pick-sticks-interdental-small\/\",\"url\":\"https:\/\/infomaniak.careista.ch\/fr\/produkte\/soins-buccaux-fr\/interdentaire-fr\/edelwhite-pick-sticks-interdental-small\/\",\"name\":\"edel+white Pick Sticks Interdental Small - CAREISTA\",\"isPartOf\":{\"@id\":\"https:\/\/infomaniak.careista.ch\/fr\/#website\"},\"primaryImageOfPage\":{\"@id\":\"https:\/\/infomaniak.careista.ch\/fr\/produkte\/soins-buccaux-fr\/interdentaire-fr\/edelwhite-pick-sticks-interdental-small\/#primaryimage\"},\"image\":{\"@id\":\"https:\/\/infomaniak.careista.ch\/fr\/produkte\/soins-buccaux-fr\/interdentaire-fr\/edelwhite-pick-sticks-interdental-small\/#primaryimage\"},\"thumbnailUrl\":\"https:\/\/infomaniak.careista.ch\/wp-content\/uploads\/2025\/06\/800836-Pick-Sticks-Small-800x800px1.png\",\"datePublished\":\"2025-06-03T12:00:00+00:00\",\"dateModified\":\"2026-04-15T06:04:59+00:00\",\"breadcrumb\":{\"@id\":\"https:\/\/infomaniak.careista.ch\/fr\/produkte\/soins-buccaux-fr\/interdentaire-fr\/edelwhite-pick-sticks-interdental-small\/#breadcrumb\"},\"inLanguage\":\"fr-FR\",\"potentialAction\":[{\"@type\":\"ReadAction\",\"target\":[\"https:\/\/infomaniak.careista.ch\/fr\/produkte\/soins-buccaux-fr\/interdentaire-fr\/edelwhite-pick-sticks-interdental-small\/\"]}]},{\"@type\":\"ImageObject\",\"inLanguage\":\"fr-FR\",\"@id\":\"https:\/\/infomaniak.careista.ch\/fr\/produkte\/soins-buccaux-fr\/interdentaire-fr\/edelwhite-pick-sticks-interdental-small\/#primaryimage\",\"url\":\"https:\/\/infomaniak.careista.ch\/wp-content\/uploads\/2025\/06\/800836-Pick-Sticks-Small-800x800px1.png\",\"contentUrl\":\"https:\/\/infomaniak.careista.ch\/wp-content\/uploads\/2025\/06\/800836-Pick-Sticks-Small-800x800px1.png\",\"width\":800,\"height\":800},{\"@type\":\"BreadcrumbList\",\"@id\":\"https:\/\/infomaniak.careista.ch\/fr\/produkte\/soins-buccaux-fr\/interdentaire-fr\/edelwhite-pick-sticks-interdental-small\/#breadcrumb\",\"itemListElement\":[{\"@type\":\"ListItem\",\"position\":1,\"name\":\"Home\",\"item\":\"https:\/\/infomaniak.careista.ch\/fr\/\"},{\"@type\":\"ListItem\",\"position\":2,\"name\":\"Shop\",\"item\":\"https:\/\/infomaniak.careista.ch\/fr\/shop\/\"},{\"@type\":\"ListItem\",\"position\":3,\"name\":\"edel+white Pick Sticks Interdental Small\"}]},{\"@type\":\"WebSite\",\"@id\":\"https:\/\/infomaniak.careista.ch\/fr\/#website\",\"url\":\"https:\/\/infomaniak.careista.ch\/fr\/\",\"name\":\"CAREISTA\",\"description\":\"Dein pers\u00f6nlicher Pflege-Barista\",\"publisher\":{\"@id\":\"https:\/\/infomaniak.careista.ch\/fr\/#organization\"},\"potentialAction\":[{\"@type\":\"SearchAction\",\"target\":{\"@type\":\"EntryPoint\",\"urlTemplate\":\"https:\/\/infomaniak.careista.ch\/fr\/?s={search_term_string}\"},\"query-input\":{\"@type\":\"PropertyValueSpecification\",\"valueRequired\":true,\"valueName\":\"search_term_string\"}}],\"inLanguage\":\"fr-FR\"},{\"@type\":\"Organization\",\"@id\":\"https:\/\/infomaniak.careista.ch\/fr\/#organization\",\"name\":\"CAREISTA\",\"url\":\"https:\/\/infomaniak.careista.ch\/fr\/\",\"logo\":{\"@type\":\"ImageObject\",\"inLanguage\":\"fr-FR\",\"@id\":\"https:\/\/infomaniak.careista.ch\/fr\/#\/schema\/logo\/image\/\",\"url\":\"https:\/\/infomaniak.careista.ch\/wp-content\/uploads\/2025\/02\/Careista-Logo-S_rgb.svg.svg\",\"contentUrl\":\"https:\/\/infomaniak.careista.ch\/wp-content\/uploads\/2025\/02\/Careista-Logo-S_rgb.svg.svg\",\"caption\":\"CAREISTA\"},\"image\":{\"@id\":\"https:\/\/infomaniak.careista.ch\/fr\/#\/schema\/logo\/image\/\"}}]}<\/script>\n<!-- \/ Yoast SEO plugin. -->","yoast_head_json":{"title":"edel+white Pick Sticks Interdental Small - CAREISTA","robots":{"index":"noindex","follow":"follow","max-snippet":"max-snippet:-1","max-image-preview":"max-image-preview:large","max-video-preview":"max-video-preview:-1"},"og_locale":"fr_FR","og_type":"article","og_title":"edel+white Pick Sticks Interdental Small - CAREISTA","og_description":"Pour un nettoyage sans effort des espaces interdentaires en d\u00e9placement Nettoyage interm\u00e9diaire &amp; \u00e9limination de la plaque dentaire ; les Pick Sticks permettent d'\u00e9liminer facilement la plaque dentaire entre les dents.  La t\u00eate en caoutchouc flexible glisse sans effort entre les dents  le crochet en plastique \u00e9limine la plaque et les r\u00e9sidus  Id\u00e9al pour les bridges, les implants et les appareils dentaires  Parfait pour les d\u00e9placements Contenu : 50 Pick Sticks \"Small\" avec bo\u00eete de voyage","og_url":"https:\/\/infomaniak.careista.ch\/fr\/produkte\/soins-buccaux-fr\/interdentaire-fr\/edelwhite-pick-sticks-interdental-small\/","og_site_name":"CAREISTA","article_modified_time":"2026-04-15T06:04:59+00:00","og_image":[{"width":800,"height":800,"url":"https:\/\/infomaniak.careista.ch\/wp-content\/uploads\/2025\/06\/800836-Pick-Sticks-Small-800x800px1.png","type":"image\/png"}],"twitter_card":"summary_large_image","schema":{"@context":"https:\/\/schema.org","@graph":[{"@type":"WebPage","@id":"https:\/\/infomaniak.careista.ch\/fr\/produkte\/soins-buccaux-fr\/interdentaire-fr\/edelwhite-pick-sticks-interdental-small\/","url":"https:\/\/infomaniak.careista.ch\/fr\/produkte\/soins-buccaux-fr\/interdentaire-fr\/edelwhite-pick-sticks-interdental-small\/","name":"edel+white Pick Sticks Interdental Small - CAREISTA","isPartOf":{"@id":"https:\/\/infomaniak.careista.ch\/fr\/#website"},"primaryImageOfPage":{"@id":"https:\/\/infomaniak.careista.ch\/fr\/produkte\/soins-buccaux-fr\/interdentaire-fr\/edelwhite-pick-sticks-interdental-small\/#primaryimage"},"image":{"@id":"https:\/\/infomaniak.careista.ch\/fr\/produkte\/soins-buccaux-fr\/interdentaire-fr\/edelwhite-pick-sticks-interdental-small\/#primaryimage"},"thumbnailUrl":"https:\/\/infomaniak.careista.ch\/wp-content\/uploads\/2025\/06\/800836-Pick-Sticks-Small-800x800px1.png","datePublished":"2025-06-03T12:00:00+00:00","dateModified":"2026-04-15T06:04:59+00:00","breadcrumb":{"@id":"https:\/\/infomaniak.careista.ch\/fr\/produkte\/soins-buccaux-fr\/interdentaire-fr\/edelwhite-pick-sticks-interdental-small\/#breadcrumb"},"inLanguage":"fr-FR","potentialAction":[{"@type":"ReadAction","target":["https:\/\/infomaniak.careista.ch\/fr\/produkte\/soins-buccaux-fr\/interdentaire-fr\/edelwhite-pick-sticks-interdental-small\/"]}]},{"@type":"ImageObject","inLanguage":"fr-FR","@id":"https:\/\/infomaniak.careista.ch\/fr\/produkte\/soins-buccaux-fr\/interdentaire-fr\/edelwhite-pick-sticks-interdental-small\/#primaryimage","url":"https:\/\/infomaniak.careista.ch\/wp-content\/uploads\/2025\/06\/800836-Pick-Sticks-Small-800x800px1.png","contentUrl":"https:\/\/infomaniak.careista.ch\/wp-content\/uploads\/2025\/06\/800836-Pick-Sticks-Small-800x800px1.png","width":800,"height":800},{"@type":"BreadcrumbList","@id":"https:\/\/infomaniak.careista.ch\/fr\/produkte\/soins-buccaux-fr\/interdentaire-fr\/edelwhite-pick-sticks-interdental-small\/#breadcrumb","itemListElement":[{"@type":"ListItem","position":1,"name":"Home","item":"https:\/\/infomaniak.careista.ch\/fr\/"},{"@type":"ListItem","position":2,"name":"Shop","item":"https:\/\/infomaniak.careista.ch\/fr\/shop\/"},{"@type":"ListItem","position":3,"name":"edel+white Pick Sticks Interdental Small"}]},{"@type":"WebSite","@id":"https:\/\/infomaniak.careista.ch\/fr\/#website","url":"https:\/\/infomaniak.careista.ch\/fr\/","name":"CAREISTA","description":"Dein pers\u00f6nlicher Pflege-Barista","publisher":{"@id":"https:\/\/infomaniak.careista.ch\/fr\/#organization"},"potentialAction":[{"@type":"SearchAction","target":{"@type":"EntryPoint","urlTemplate":"https:\/\/infomaniak.careista.ch\/fr\/?s={search_term_string}"},"query-input":{"@type":"PropertyValueSpecification","valueRequired":true,"valueName":"search_term_string"}}],"inLanguage":"fr-FR"},{"@type":"Organization","@id":"https:\/\/infomaniak.careista.ch\/fr\/#organization","name":"CAREISTA","url":"https:\/\/infomaniak.careista.ch\/fr\/","logo":{"@type":"ImageObject","inLanguage":"fr-FR","@id":"https:\/\/infomaniak.careista.ch\/fr\/#\/schema\/logo\/image\/","url":"https:\/\/infomaniak.careista.ch\/wp-content\/uploads\/2025\/02\/Careista-Logo-S_rgb.svg.svg","contentUrl":"https:\/\/infomaniak.careista.ch\/wp-content\/uploads\/2025\/02\/Careista-Logo-S_rgb.svg.svg","caption":"CAREISTA"},"image":{"@id":"https:\/\/infomaniak.careista.ch\/fr\/#\/schema\/logo\/image\/"}}]}},"jetpack_sharing_enabled":true,"_links":{"self":[{"href":"https:\/\/infomaniak.careista.ch\/fr\/wp-json\/wp\/v2\/product\/9489","targetHints":{"allow":["GET"]}}],"collection":[{"href":"https:\/\/infomaniak.careista.ch\/fr\/wp-json\/wp\/v2\/product"}],"about":[{"href":"https:\/\/infomaniak.careista.ch\/fr\/wp-json\/wp\/v2\/types\/product"}],"replies":[{"embeddable":true,"href":"https:\/\/infomaniak.careista.ch\/fr\/wp-json\/wp\/v2\/comments?post=9489"}],"version-history":[{"count":0,"href":"https:\/\/infomaniak.careista.ch\/fr\/wp-json\/wp\/v2\/product\/9489\/revisions"}],"wp:featuredmedia":[{"embeddable":true,"href":"https:\/\/infomaniak.careista.ch\/fr\/wp-json\/wp\/v2\/media\/19713"}],"wp:attachment":[{"href":"https:\/\/infomaniak.careista.ch\/fr\/wp-json\/wp\/v2\/media?parent=9489"}],"wp:term":[{"taxonomy":"anwendung-kategorie","embeddable":true,"href":"https:\/\/infomaniak.careista.ch\/fr\/wp-json\/wp\/v2\/anwendung-kategorie?post=9489"},{"taxonomy":"anwendung","embeddable":true,"href":"https:\/\/infomaniak.careista.ch\/fr\/wp-json\/wp\/v2\/anwendung?post=9489"},{"taxonomy":"product_brand","embeddable":true,"href":"https:\/\/infomaniak.careista.ch\/fr\/wp-json\/wp\/v2\/product_brand?post=9489"},{"taxonomy":"product_cat","embeddable":true,"href":"https:\/\/infomaniak.careista.ch\/fr\/wp-json\/wp\/v2\/product_cat?post=9489"},{"taxonomy":"product_tag","embeddable":true,"href":"https:\/\/infomaniak.careista.ch\/fr\/wp-json\/wp\/v2\/product_tag?post=9489"}],"curies":[{"name":"wp","href":"https:\/\/api.w.org\/{rel}","templated":true}]}}