{"id":9492,"date":"2025-06-03T14:00:00","date_gmt":"2025-06-03T12:00:00","guid":{"rendered":"https:\/\/infomaniak.careista.ch\/produkte\/non class\u00e9\/tetes-de-brosse-edelwhite-focus\/"},"modified":"2026-04-05T00:10:08","modified_gmt":"2026-04-04T22:10:08","slug":"tetes-de-brosse-edelwhite-focus","status":"publish","type":"product","link":"https:\/\/infomaniak.careista.ch\/fr\/produkte\/soins-buccaux-fr\/brosses-a-dents-soniques-fr\/tetes-de-brosse-edelwhite-focus\/","title":{"rendered":"T\u00eates de brosse edel+white Focus"},"content":{"rendered":"","protected":false},"excerpt":{"rendered":"<h3>Un brossage attentif de chaque dent<\/h3>\n<p>La brosse Focus\u00ae s\u00e9duit par sa t\u00eate de brosse compacte et ronde, qui nettoie de mani\u00e8re cibl\u00e9e les zones difficiles \u00e0 atteindre et permet ainsi un nettoyage plus pr\u00e9cis des dents.<\/p>\n<ul>\n<li>Les poils ultra-doux Konex HD\u00ae atteignent les endroits que les autres brosses ne peuvent pas atteindre<\/li>\n<li>Nettoyage Sonic sans contact pour des r\u00e9sultats encore plus pr\u00e9cis<\/li>\n<li>Recommand\u00e9 pour les personnes ayant des besoins de nettoyage sp\u00e9cifiques (par ex. implants, bridges)<\/li>\n<li>Disponibilit\u00e9 garantie de toutes les t\u00eates de brosse de rechange pendant 10 ans<\/li>\n<\/ul>\n<h5><em>Contenu : 2 t\u00eates de brosse. Compatible avec edel+white Sonic Generation 8 Winner et Sonic Generation Health Suite. <\/em><\/h5>\n","protected":false},"featured_media":9516,"comment_status":"closed","ping_status":"closed","template":"","meta":{"_acf_changed":false},"anwendung-kategorie":[],"anwendung":[324],"product_brand":[340],"product_cat":[214,218],"product_tag":[],"class_list":{"0":"post-9492","1":"product","2":"type-product","3":"status-publish","4":"has-post-thumbnail","6":"anwendung-dents-sensibles","7":"product_brand-edelwhite-fr","8":"product_cat-soins-buccaux-fr","9":"product_cat-brosses-a-dents-soniques-fr","11":"first","12":"instock","13":"taxable","14":"shipping-taxable","15":"purchasable","16":"product-type-simple"},"acf":[],"yoast_head":"<!-- This site is optimized with the Yoast SEO plugin v26.7 - https:\/\/yoast.com\/wordpress\/plugins\/seo\/ -->\n<title>T\u00eates de brosse edel+white Focus - CAREISTA<\/title>\n<meta name=\"robots\" content=\"noindex, follow, max-snippet:-1, max-image-preview:large, max-video-preview:-1\" \/>\n<meta property=\"og:locale\" content=\"fr_FR\" \/>\n<meta property=\"og:type\" content=\"article\" \/>\n<meta property=\"og:title\" content=\"T\u00eates de brosse edel+white Focus - CAREISTA\" \/>\n<meta property=\"og:description\" content=\"Un brossage attentif de chaque dent La brosse Focus\u00ae s\u00e9duit par sa t\u00eate de brosse compacte et ronde, qui nettoie de mani\u00e8re cibl\u00e9e les zones difficiles \u00e0 atteindre et permet ainsi un nettoyage plus pr\u00e9cis des dents.  Les poils ultra-doux Konex HD\u00ae atteignent les endroits que les autres brosses ne peuvent pas atteindre  Nettoyage Sonic sans contact pour des r\u00e9sultats encore plus pr\u00e9cis  Recommand\u00e9 pour les personnes ayant des besoins de nettoyage sp\u00e9cifiques (par ex. implants, bridges)  Disponibilit\u00e9 garantie de toutes les t\u00eates de brosse de rechange pendant 10 ans Contenu : 2 t\u00eates de brosse. Compatible avec edel+white Sonic Generation 8 Winner et Sonic Generation Health Suite.\" \/>\n<meta property=\"og:url\" content=\"https:\/\/infomaniak.careista.ch\/fr\/produkte\/soins-buccaux-fr\/brosses-a-dents-soniques-fr\/tetes-de-brosse-edelwhite-focus\/\" \/>\n<meta property=\"og:site_name\" content=\"CAREISTA\" \/>\n<meta property=\"article:modified_time\" content=\"2026-04-04T22:10:08+00:00\" \/>\n<meta property=\"og:image\" content=\"https:\/\/infomaniak.careista.ch\/wp-content\/uploads\/2025\/06\/100164-Focus-Brush-Head-Duo-Buerstenkoepfe-800x800px1.png\" \/>\n\t<meta property=\"og:image:width\" content=\"800\" \/>\n\t<meta property=\"og:image:height\" content=\"800\" \/>\n\t<meta property=\"og:image:type\" content=\"image\/png\" \/>\n<meta name=\"twitter:card\" content=\"summary_large_image\" \/>\n<script type=\"application\/ld+json\" class=\"yoast-schema-graph\">{\"@context\":\"https:\/\/schema.org\",\"@graph\":[{\"@type\":\"WebPage\",\"@id\":\"https:\/\/infomaniak.careista.ch\/fr\/produkte\/soins-buccaux-fr\/brosses-a-dents-soniques-fr\/tetes-de-brosse-edelwhite-focus\/\",\"url\":\"https:\/\/infomaniak.careista.ch\/fr\/produkte\/soins-buccaux-fr\/brosses-a-dents-soniques-fr\/tetes-de-brosse-edelwhite-focus\/\",\"name\":\"T\u00eates de brosse edel+white Focus - CAREISTA\",\"isPartOf\":{\"@id\":\"https:\/\/infomaniak.careista.ch\/fr\/#website\"},\"primaryImageOfPage\":{\"@id\":\"https:\/\/infomaniak.careista.ch\/fr\/produkte\/soins-buccaux-fr\/brosses-a-dents-soniques-fr\/tetes-de-brosse-edelwhite-focus\/#primaryimage\"},\"image\":{\"@id\":\"https:\/\/infomaniak.careista.ch\/fr\/produkte\/soins-buccaux-fr\/brosses-a-dents-soniques-fr\/tetes-de-brosse-edelwhite-focus\/#primaryimage\"},\"thumbnailUrl\":\"https:\/\/infomaniak.careista.ch\/wp-content\/uploads\/2025\/06\/100164-Focus-Brush-Head-Duo-Buerstenkoepfe-800x800px1.png\",\"datePublished\":\"2025-06-03T12:00:00+00:00\",\"dateModified\":\"2026-04-04T22:10:08+00:00\",\"breadcrumb\":{\"@id\":\"https:\/\/infomaniak.careista.ch\/fr\/produkte\/soins-buccaux-fr\/brosses-a-dents-soniques-fr\/tetes-de-brosse-edelwhite-focus\/#breadcrumb\"},\"inLanguage\":\"fr-FR\",\"potentialAction\":[{\"@type\":\"ReadAction\",\"target\":[\"https:\/\/infomaniak.careista.ch\/fr\/produkte\/soins-buccaux-fr\/brosses-a-dents-soniques-fr\/tetes-de-brosse-edelwhite-focus\/\"]}]},{\"@type\":\"ImageObject\",\"inLanguage\":\"fr-FR\",\"@id\":\"https:\/\/infomaniak.careista.ch\/fr\/produkte\/soins-buccaux-fr\/brosses-a-dents-soniques-fr\/tetes-de-brosse-edelwhite-focus\/#primaryimage\",\"url\":\"https:\/\/infomaniak.careista.ch\/wp-content\/uploads\/2025\/06\/100164-Focus-Brush-Head-Duo-Buerstenkoepfe-800x800px1.png\",\"contentUrl\":\"https:\/\/infomaniak.careista.ch\/wp-content\/uploads\/2025\/06\/100164-Focus-Brush-Head-Duo-Buerstenkoepfe-800x800px1.png\",\"width\":800,\"height\":800,\"caption\":\"Aufmerksames Putzen jedes einzelnen Zahns\"},{\"@type\":\"BreadcrumbList\",\"@id\":\"https:\/\/infomaniak.careista.ch\/fr\/produkte\/soins-buccaux-fr\/brosses-a-dents-soniques-fr\/tetes-de-brosse-edelwhite-focus\/#breadcrumb\",\"itemListElement\":[{\"@type\":\"ListItem\",\"position\":1,\"name\":\"Home\",\"item\":\"https:\/\/infomaniak.careista.ch\/fr\/\"},{\"@type\":\"ListItem\",\"position\":2,\"name\":\"Shop\",\"item\":\"https:\/\/infomaniak.careista.ch\/fr\/shop\/\"},{\"@type\":\"ListItem\",\"position\":3,\"name\":\"T\u00eates de brosse edel+white Focus\"}]},{\"@type\":\"WebSite\",\"@id\":\"https:\/\/infomaniak.careista.ch\/fr\/#website\",\"url\":\"https:\/\/infomaniak.careista.ch\/fr\/\",\"name\":\"CAREISTA\",\"description\":\"Dein pers\u00f6nlicher Pflege-Barista\",\"publisher\":{\"@id\":\"https:\/\/infomaniak.careista.ch\/fr\/#organization\"},\"potentialAction\":[{\"@type\":\"SearchAction\",\"target\":{\"@type\":\"EntryPoint\",\"urlTemplate\":\"https:\/\/infomaniak.careista.ch\/fr\/?s={search_term_string}\"},\"query-input\":{\"@type\":\"PropertyValueSpecification\",\"valueRequired\":true,\"valueName\":\"search_term_string\"}}],\"inLanguage\":\"fr-FR\"},{\"@type\":\"Organization\",\"@id\":\"https:\/\/infomaniak.careista.ch\/fr\/#organization\",\"name\":\"CAREISTA\",\"url\":\"https:\/\/infomaniak.careista.ch\/fr\/\",\"logo\":{\"@type\":\"ImageObject\",\"inLanguage\":\"fr-FR\",\"@id\":\"https:\/\/infomaniak.careista.ch\/fr\/#\/schema\/logo\/image\/\",\"url\":\"https:\/\/infomaniak.careista.ch\/wp-content\/uploads\/2025\/02\/Careista-Logo-S_rgb.svg.svg\",\"contentUrl\":\"https:\/\/infomaniak.careista.ch\/wp-content\/uploads\/2025\/02\/Careista-Logo-S_rgb.svg.svg\",\"caption\":\"CAREISTA\"},\"image\":{\"@id\":\"https:\/\/infomaniak.careista.ch\/fr\/#\/schema\/logo\/image\/\"}}]}<\/script>\n<!-- \/ Yoast SEO plugin. -->","yoast_head_json":{"title":"T\u00eates de brosse edel+white Focus - CAREISTA","robots":{"index":"noindex","follow":"follow","max-snippet":"max-snippet:-1","max-image-preview":"max-image-preview:large","max-video-preview":"max-video-preview:-1"},"og_locale":"fr_FR","og_type":"article","og_title":"T\u00eates de brosse edel+white Focus - CAREISTA","og_description":"Un brossage attentif de chaque dent La brosse Focus\u00ae s\u00e9duit par sa t\u00eate de brosse compacte et ronde, qui nettoie de mani\u00e8re cibl\u00e9e les zones difficiles \u00e0 atteindre et permet ainsi un nettoyage plus pr\u00e9cis des dents.  Les poils ultra-doux Konex HD\u00ae atteignent les endroits que les autres brosses ne peuvent pas atteindre  Nettoyage Sonic sans contact pour des r\u00e9sultats encore plus pr\u00e9cis  Recommand\u00e9 pour les personnes ayant des besoins de nettoyage sp\u00e9cifiques (par ex. implants, bridges)  Disponibilit\u00e9 garantie de toutes les t\u00eates de brosse de rechange pendant 10 ans Contenu : 2 t\u00eates de brosse. Compatible avec edel+white Sonic Generation 8 Winner et Sonic Generation Health Suite.","og_url":"https:\/\/infomaniak.careista.ch\/fr\/produkte\/soins-buccaux-fr\/brosses-a-dents-soniques-fr\/tetes-de-brosse-edelwhite-focus\/","og_site_name":"CAREISTA","article_modified_time":"2026-04-04T22:10:08+00:00","og_image":[{"width":800,"height":800,"url":"https:\/\/infomaniak.careista.ch\/wp-content\/uploads\/2025\/06\/100164-Focus-Brush-Head-Duo-Buerstenkoepfe-800x800px1.png","type":"image\/png"}],"twitter_card":"summary_large_image","schema":{"@context":"https:\/\/schema.org","@graph":[{"@type":"WebPage","@id":"https:\/\/infomaniak.careista.ch\/fr\/produkte\/soins-buccaux-fr\/brosses-a-dents-soniques-fr\/tetes-de-brosse-edelwhite-focus\/","url":"https:\/\/infomaniak.careista.ch\/fr\/produkte\/soins-buccaux-fr\/brosses-a-dents-soniques-fr\/tetes-de-brosse-edelwhite-focus\/","name":"T\u00eates de brosse edel+white Focus - CAREISTA","isPartOf":{"@id":"https:\/\/infomaniak.careista.ch\/fr\/#website"},"primaryImageOfPage":{"@id":"https:\/\/infomaniak.careista.ch\/fr\/produkte\/soins-buccaux-fr\/brosses-a-dents-soniques-fr\/tetes-de-brosse-edelwhite-focus\/#primaryimage"},"image":{"@id":"https:\/\/infomaniak.careista.ch\/fr\/produkte\/soins-buccaux-fr\/brosses-a-dents-soniques-fr\/tetes-de-brosse-edelwhite-focus\/#primaryimage"},"thumbnailUrl":"https:\/\/infomaniak.careista.ch\/wp-content\/uploads\/2025\/06\/100164-Focus-Brush-Head-Duo-Buerstenkoepfe-800x800px1.png","datePublished":"2025-06-03T12:00:00+00:00","dateModified":"2026-04-04T22:10:08+00:00","breadcrumb":{"@id":"https:\/\/infomaniak.careista.ch\/fr\/produkte\/soins-buccaux-fr\/brosses-a-dents-soniques-fr\/tetes-de-brosse-edelwhite-focus\/#breadcrumb"},"inLanguage":"fr-FR","potentialAction":[{"@type":"ReadAction","target":["https:\/\/infomaniak.careista.ch\/fr\/produkte\/soins-buccaux-fr\/brosses-a-dents-soniques-fr\/tetes-de-brosse-edelwhite-focus\/"]}]},{"@type":"ImageObject","inLanguage":"fr-FR","@id":"https:\/\/infomaniak.careista.ch\/fr\/produkte\/soins-buccaux-fr\/brosses-a-dents-soniques-fr\/tetes-de-brosse-edelwhite-focus\/#primaryimage","url":"https:\/\/infomaniak.careista.ch\/wp-content\/uploads\/2025\/06\/100164-Focus-Brush-Head-Duo-Buerstenkoepfe-800x800px1.png","contentUrl":"https:\/\/infomaniak.careista.ch\/wp-content\/uploads\/2025\/06\/100164-Focus-Brush-Head-Duo-Buerstenkoepfe-800x800px1.png","width":800,"height":800,"caption":"Aufmerksames Putzen jedes einzelnen Zahns"},{"@type":"BreadcrumbList","@id":"https:\/\/infomaniak.careista.ch\/fr\/produkte\/soins-buccaux-fr\/brosses-a-dents-soniques-fr\/tetes-de-brosse-edelwhite-focus\/#breadcrumb","itemListElement":[{"@type":"ListItem","position":1,"name":"Home","item":"https:\/\/infomaniak.careista.ch\/fr\/"},{"@type":"ListItem","position":2,"name":"Shop","item":"https:\/\/infomaniak.careista.ch\/fr\/shop\/"},{"@type":"ListItem","position":3,"name":"T\u00eates de brosse edel+white Focus"}]},{"@type":"WebSite","@id":"https:\/\/infomaniak.careista.ch\/fr\/#website","url":"https:\/\/infomaniak.careista.ch\/fr\/","name":"CAREISTA","description":"Dein pers\u00f6nlicher Pflege-Barista","publisher":{"@id":"https:\/\/infomaniak.careista.ch\/fr\/#organization"},"potentialAction":[{"@type":"SearchAction","target":{"@type":"EntryPoint","urlTemplate":"https:\/\/infomaniak.careista.ch\/fr\/?s={search_term_string}"},"query-input":{"@type":"PropertyValueSpecification","valueRequired":true,"valueName":"search_term_string"}}],"inLanguage":"fr-FR"},{"@type":"Organization","@id":"https:\/\/infomaniak.careista.ch\/fr\/#organization","name":"CAREISTA","url":"https:\/\/infomaniak.careista.ch\/fr\/","logo":{"@type":"ImageObject","inLanguage":"fr-FR","@id":"https:\/\/infomaniak.careista.ch\/fr\/#\/schema\/logo\/image\/","url":"https:\/\/infomaniak.careista.ch\/wp-content\/uploads\/2025\/02\/Careista-Logo-S_rgb.svg.svg","contentUrl":"https:\/\/infomaniak.careista.ch\/wp-content\/uploads\/2025\/02\/Careista-Logo-S_rgb.svg.svg","caption":"CAREISTA"},"image":{"@id":"https:\/\/infomaniak.careista.ch\/fr\/#\/schema\/logo\/image\/"}}]}},"jetpack_sharing_enabled":true,"_links":{"self":[{"href":"https:\/\/infomaniak.careista.ch\/fr\/wp-json\/wp\/v2\/product\/9492","targetHints":{"allow":["GET"]}}],"collection":[{"href":"https:\/\/infomaniak.careista.ch\/fr\/wp-json\/wp\/v2\/product"}],"about":[{"href":"https:\/\/infomaniak.careista.ch\/fr\/wp-json\/wp\/v2\/types\/product"}],"replies":[{"embeddable":true,"href":"https:\/\/infomaniak.careista.ch\/fr\/wp-json\/wp\/v2\/comments?post=9492"}],"version-history":[{"count":0,"href":"https:\/\/infomaniak.careista.ch\/fr\/wp-json\/wp\/v2\/product\/9492\/revisions"}],"wp:featuredmedia":[{"embeddable":true,"href":"https:\/\/infomaniak.careista.ch\/fr\/wp-json\/wp\/v2\/media\/9516"}],"wp:attachment":[{"href":"https:\/\/infomaniak.careista.ch\/fr\/wp-json\/wp\/v2\/media?parent=9492"}],"wp:term":[{"taxonomy":"anwendung-kategorie","embeddable":true,"href":"https:\/\/infomaniak.careista.ch\/fr\/wp-json\/wp\/v2\/anwendung-kategorie?post=9492"},{"taxonomy":"anwendung","embeddable":true,"href":"https:\/\/infomaniak.careista.ch\/fr\/wp-json\/wp\/v2\/anwendung?post=9492"},{"taxonomy":"product_brand","embeddable":true,"href":"https:\/\/infomaniak.careista.ch\/fr\/wp-json\/wp\/v2\/product_brand?post=9492"},{"taxonomy":"product_cat","embeddable":true,"href":"https:\/\/infomaniak.careista.ch\/fr\/wp-json\/wp\/v2\/product_cat?post=9492"},{"taxonomy":"product_tag","embeddable":true,"href":"https:\/\/infomaniak.careista.ch\/fr\/wp-json\/wp\/v2\/product_tag?post=9492"}],"curies":[{"name":"wp","href":"https:\/\/api.w.org\/{rel}","templated":true}]}}