{"id":9493,"date":"2025-06-03T14:00:00","date_gmt":"2025-06-03T12:00:00","guid":{"rendered":"https:\/\/infomaniak.careista.ch\/produkte\/non%20class\u00e9\/tetes-de-brosse-edelwhite-dual-clean-ultrasoft-airbag\/"},"modified":"2026-04-19T10:31:04","modified_gmt":"2026-04-19T08:31:04","slug":"tetes-de-brosse-edelwhite-dual-clean-ultrasoft-airbag","status":"publish","type":"product","link":"https:\/\/infomaniak.careista.ch\/fr\/produkte\/soins-buccaux-fr\/brosses-a-dents-soniques-fr\/tetes-de-brosse-edelwhite-dual-clean-ultrasoft-airbag\/","title":{"rendered":"T\u00eates de brosse edel+white Dual Clean Ultrasoft Airbag"},"content":{"rendered":"","protected":false},"excerpt":{"rendered":"<p><strong>Nettoie deux dents en m\u00eame temps &#8211; avec les poils les plus doux et les plus flexibles<\/strong><br \/>\nUn nettoyage en profondeur et en douceur pour les dents sensibles. T\u00eates de brosse Dual Clean avec poils UltraSoft Konex HD\u00ae &#8211; id\u00e9ales pour les dents sensibles et les probl\u00e8mes de gencives. <\/p>\n<ul>\n<li>Nettoie deux dents en m\u00eame temps<\/li>\n<li>S&rsquo;adapte en douceur \u00e0 la surface des dents<\/li>\n<li>Particuli\u00e8rement doux pour les dents et les gencives sensibles<\/li>\n<li>T\u00eate de brosse \u00e0 effet airbag : prot\u00e8ge les dents des vibrations sonores<\/li>\n<\/ul>\n<p><em>Contenu : 2 t\u00eates de brosse. Compatible avec edel+white Sonic Generation 8 Winner et Sonic Generation Health Suite. <\/em><\/p>\n","protected":false},"featured_media":12495,"comment_status":"closed","ping_status":"closed","template":"","meta":{"_acf_changed":false},"anwendung-kategorie":[],"anwendung":[317,324],"product_brand":[340],"product_cat":[214,218],"product_tag":[],"class_list":{"0":"post-9493","1":"product","2":"type-product","3":"status-publish","4":"has-post-thumbnail","6":"anwendung-des-gencives-saines","7":"anwendung-dents-sensibles","8":"product_brand-edelwhite-fr","9":"product_cat-soins-buccaux-fr","10":"product_cat-brosses-a-dents-soniques-fr","12":"first","13":"instock","14":"taxable","15":"shipping-taxable","16":"purchasable","17":"product-type-simple"},"acf":[],"yoast_head":"<!-- This site is optimized with the Yoast SEO plugin v26.7 - https:\/\/yoast.com\/wordpress\/plugins\/seo\/ -->\n<title>T\u00eates de brosse edel+white Dual Clean Ultrasoft Airbag - CAREISTA<\/title>\n<meta name=\"robots\" content=\"noindex, follow, max-snippet:-1, max-image-preview:large, max-video-preview:-1\" \/>\n<meta property=\"og:locale\" content=\"fr_FR\" \/>\n<meta property=\"og:type\" content=\"article\" \/>\n<meta property=\"og:title\" content=\"T\u00eates de brosse edel+white Dual Clean Ultrasoft Airbag - CAREISTA\" \/>\n<meta property=\"og:description\" content=\"Nettoie deux dents en m\u00eame temps - avec les poils les plus doux et les plus flexibles Un nettoyage en profondeur et en douceur pour les dents sensibles. T\u00eates de brosse Dual Clean avec poils UltraSoft Konex HD\u00ae - id\u00e9ales pour les dents sensibles et les probl\u00e8mes de gencives.   Nettoie deux dents en m\u00eame temps  S&#039;adapte en douceur \u00e0 la surface des dents  Particuli\u00e8rement doux pour les dents et les gencives sensibles  T\u00eate de brosse \u00e0 effet airbag : prot\u00e8ge les dents des vibrations sonores Contenu : 2 t\u00eates de brosse. Compatible avec edel+white Sonic Generation 8 Winner et Sonic Generation Health Suite.\" \/>\n<meta property=\"og:url\" content=\"https:\/\/infomaniak.careista.ch\/fr\/produkte\/soins-buccaux-fr\/brosses-a-dents-soniques-fr\/tetes-de-brosse-edelwhite-dual-clean-ultrasoft-airbag\/\" \/>\n<meta property=\"og:site_name\" content=\"CAREISTA\" \/>\n<meta property=\"article:modified_time\" content=\"2026-04-19T08:31:04+00:00\" \/>\n<meta property=\"og:image\" content=\"https:\/\/infomaniak.careista.ch\/wp-content\/uploads\/2025\/06\/100192-Dual-Clean-Ultrasoft-Buerstenkoepfe-800x800px1.jpg\" \/>\n\t<meta property=\"og:image:width\" content=\"800\" \/>\n\t<meta property=\"og:image:height\" content=\"800\" \/>\n\t<meta property=\"og:image:type\" content=\"image\/jpeg\" \/>\n<meta name=\"twitter:card\" content=\"summary_large_image\" \/>\n<script type=\"application\/ld+json\" class=\"yoast-schema-graph\">{\"@context\":\"https:\/\/schema.org\",\"@graph\":[{\"@type\":\"WebPage\",\"@id\":\"https:\/\/infomaniak.careista.ch\/fr\/produkte\/soins-buccaux-fr\/brosses-a-dents-soniques-fr\/tetes-de-brosse-edelwhite-dual-clean-ultrasoft-airbag\/\",\"url\":\"https:\/\/infomaniak.careista.ch\/fr\/produkte\/soins-buccaux-fr\/brosses-a-dents-soniques-fr\/tetes-de-brosse-edelwhite-dual-clean-ultrasoft-airbag\/\",\"name\":\"T\u00eates de brosse edel+white Dual Clean Ultrasoft Airbag - CAREISTA\",\"isPartOf\":{\"@id\":\"https:\/\/infomaniak.careista.ch\/fr\/#website\"},\"primaryImageOfPage\":{\"@id\":\"https:\/\/infomaniak.careista.ch\/fr\/produkte\/soins-buccaux-fr\/brosses-a-dents-soniques-fr\/tetes-de-brosse-edelwhite-dual-clean-ultrasoft-airbag\/#primaryimage\"},\"image\":{\"@id\":\"https:\/\/infomaniak.careista.ch\/fr\/produkte\/soins-buccaux-fr\/brosses-a-dents-soniques-fr\/tetes-de-brosse-edelwhite-dual-clean-ultrasoft-airbag\/#primaryimage\"},\"thumbnailUrl\":\"https:\/\/infomaniak.careista.ch\/wp-content\/uploads\/2025\/06\/100192-Dual-Clean-Ultrasoft-Buerstenkoepfe-800x800px1.jpg\",\"datePublished\":\"2025-06-03T12:00:00+00:00\",\"dateModified\":\"2026-04-19T08:31:04+00:00\",\"breadcrumb\":{\"@id\":\"https:\/\/infomaniak.careista.ch\/fr\/produkte\/soins-buccaux-fr\/brosses-a-dents-soniques-fr\/tetes-de-brosse-edelwhite-dual-clean-ultrasoft-airbag\/#breadcrumb\"},\"inLanguage\":\"fr-FR\",\"potentialAction\":[{\"@type\":\"ReadAction\",\"target\":[\"https:\/\/infomaniak.careista.ch\/fr\/produkte\/soins-buccaux-fr\/brosses-a-dents-soniques-fr\/tetes-de-brosse-edelwhite-dual-clean-ultrasoft-airbag\/\"]}]},{\"@type\":\"ImageObject\",\"inLanguage\":\"fr-FR\",\"@id\":\"https:\/\/infomaniak.careista.ch\/fr\/produkte\/soins-buccaux-fr\/brosses-a-dents-soniques-fr\/tetes-de-brosse-edelwhite-dual-clean-ultrasoft-airbag\/#primaryimage\",\"url\":\"https:\/\/infomaniak.careista.ch\/wp-content\/uploads\/2025\/06\/100192-Dual-Clean-Ultrasoft-Buerstenkoepfe-800x800px1.jpg\",\"contentUrl\":\"https:\/\/infomaniak.careista.ch\/wp-content\/uploads\/2025\/06\/100192-Dual-Clean-Ultrasoft-Buerstenkoepfe-800x800px1.jpg\",\"width\":800,\"height\":800,\"caption\":\"T\u00eates de brosse Dual Clean \u2013 brossettes de rechange ultra-douces pour les dents sensibles. T\u00eates de brosse \u00e0 dents soniques douces avec rev\u00eatement anti-vibrations pour un confort maximal.\"},{\"@type\":\"BreadcrumbList\",\"@id\":\"https:\/\/infomaniak.careista.ch\/fr\/produkte\/soins-buccaux-fr\/brosses-a-dents-soniques-fr\/tetes-de-brosse-edelwhite-dual-clean-ultrasoft-airbag\/#breadcrumb\",\"itemListElement\":[{\"@type\":\"ListItem\",\"position\":1,\"name\":\"Home\",\"item\":\"https:\/\/infomaniak.careista.ch\/fr\/\"},{\"@type\":\"ListItem\",\"position\":2,\"name\":\"Shop\",\"item\":\"https:\/\/infomaniak.careista.ch\/fr\/shop\/\"},{\"@type\":\"ListItem\",\"position\":3,\"name\":\"T\u00eates de brosse edel+white Dual Clean Ultrasoft Airbag\"}]},{\"@type\":\"WebSite\",\"@id\":\"https:\/\/infomaniak.careista.ch\/fr\/#website\",\"url\":\"https:\/\/infomaniak.careista.ch\/fr\/\",\"name\":\"CAREISTA\",\"description\":\"Dein pers\u00f6nlicher Pflege-Barista\",\"publisher\":{\"@id\":\"https:\/\/infomaniak.careista.ch\/fr\/#organization\"},\"potentialAction\":[{\"@type\":\"SearchAction\",\"target\":{\"@type\":\"EntryPoint\",\"urlTemplate\":\"https:\/\/infomaniak.careista.ch\/fr\/?s={search_term_string}\"},\"query-input\":{\"@type\":\"PropertyValueSpecification\",\"valueRequired\":true,\"valueName\":\"search_term_string\"}}],\"inLanguage\":\"fr-FR\"},{\"@type\":\"Organization\",\"@id\":\"https:\/\/infomaniak.careista.ch\/fr\/#organization\",\"name\":\"CAREISTA\",\"url\":\"https:\/\/infomaniak.careista.ch\/fr\/\",\"logo\":{\"@type\":\"ImageObject\",\"inLanguage\":\"fr-FR\",\"@id\":\"https:\/\/infomaniak.careista.ch\/fr\/#\/schema\/logo\/image\/\",\"url\":\"https:\/\/infomaniak.careista.ch\/wp-content\/uploads\/2025\/02\/Careista-Logo-S_rgb.svg.svg\",\"contentUrl\":\"https:\/\/infomaniak.careista.ch\/wp-content\/uploads\/2025\/02\/Careista-Logo-S_rgb.svg.svg\",\"caption\":\"CAREISTA\"},\"image\":{\"@id\":\"https:\/\/infomaniak.careista.ch\/fr\/#\/schema\/logo\/image\/\"}}]}<\/script>\n<!-- \/ Yoast SEO plugin. -->","yoast_head_json":{"title":"T\u00eates de brosse edel+white Dual Clean Ultrasoft Airbag - CAREISTA","robots":{"index":"noindex","follow":"follow","max-snippet":"max-snippet:-1","max-image-preview":"max-image-preview:large","max-video-preview":"max-video-preview:-1"},"og_locale":"fr_FR","og_type":"article","og_title":"T\u00eates de brosse edel+white Dual Clean Ultrasoft Airbag - CAREISTA","og_description":"Nettoie deux dents en m\u00eame temps - avec les poils les plus doux et les plus flexibles Un nettoyage en profondeur et en douceur pour les dents sensibles. T\u00eates de brosse Dual Clean avec poils UltraSoft Konex HD\u00ae - id\u00e9ales pour les dents sensibles et les probl\u00e8mes de gencives.   Nettoie deux dents en m\u00eame temps  S'adapte en douceur \u00e0 la surface des dents  Particuli\u00e8rement doux pour les dents et les gencives sensibles  T\u00eate de brosse \u00e0 effet airbag : prot\u00e8ge les dents des vibrations sonores Contenu : 2 t\u00eates de brosse. Compatible avec edel+white Sonic Generation 8 Winner et Sonic Generation Health Suite.","og_url":"https:\/\/infomaniak.careista.ch\/fr\/produkte\/soins-buccaux-fr\/brosses-a-dents-soniques-fr\/tetes-de-brosse-edelwhite-dual-clean-ultrasoft-airbag\/","og_site_name":"CAREISTA","article_modified_time":"2026-04-19T08:31:04+00:00","og_image":[{"width":800,"height":800,"url":"https:\/\/infomaniak.careista.ch\/wp-content\/uploads\/2025\/06\/100192-Dual-Clean-Ultrasoft-Buerstenkoepfe-800x800px1.jpg","type":"image\/jpeg"}],"twitter_card":"summary_large_image","schema":{"@context":"https:\/\/schema.org","@graph":[{"@type":"WebPage","@id":"https:\/\/infomaniak.careista.ch\/fr\/produkte\/soins-buccaux-fr\/brosses-a-dents-soniques-fr\/tetes-de-brosse-edelwhite-dual-clean-ultrasoft-airbag\/","url":"https:\/\/infomaniak.careista.ch\/fr\/produkte\/soins-buccaux-fr\/brosses-a-dents-soniques-fr\/tetes-de-brosse-edelwhite-dual-clean-ultrasoft-airbag\/","name":"T\u00eates de brosse edel+white Dual Clean Ultrasoft Airbag - CAREISTA","isPartOf":{"@id":"https:\/\/infomaniak.careista.ch\/fr\/#website"},"primaryImageOfPage":{"@id":"https:\/\/infomaniak.careista.ch\/fr\/produkte\/soins-buccaux-fr\/brosses-a-dents-soniques-fr\/tetes-de-brosse-edelwhite-dual-clean-ultrasoft-airbag\/#primaryimage"},"image":{"@id":"https:\/\/infomaniak.careista.ch\/fr\/produkte\/soins-buccaux-fr\/brosses-a-dents-soniques-fr\/tetes-de-brosse-edelwhite-dual-clean-ultrasoft-airbag\/#primaryimage"},"thumbnailUrl":"https:\/\/infomaniak.careista.ch\/wp-content\/uploads\/2025\/06\/100192-Dual-Clean-Ultrasoft-Buerstenkoepfe-800x800px1.jpg","datePublished":"2025-06-03T12:00:00+00:00","dateModified":"2026-04-19T08:31:04+00:00","breadcrumb":{"@id":"https:\/\/infomaniak.careista.ch\/fr\/produkte\/soins-buccaux-fr\/brosses-a-dents-soniques-fr\/tetes-de-brosse-edelwhite-dual-clean-ultrasoft-airbag\/#breadcrumb"},"inLanguage":"fr-FR","potentialAction":[{"@type":"ReadAction","target":["https:\/\/infomaniak.careista.ch\/fr\/produkte\/soins-buccaux-fr\/brosses-a-dents-soniques-fr\/tetes-de-brosse-edelwhite-dual-clean-ultrasoft-airbag\/"]}]},{"@type":"ImageObject","inLanguage":"fr-FR","@id":"https:\/\/infomaniak.careista.ch\/fr\/produkte\/soins-buccaux-fr\/brosses-a-dents-soniques-fr\/tetes-de-brosse-edelwhite-dual-clean-ultrasoft-airbag\/#primaryimage","url":"https:\/\/infomaniak.careista.ch\/wp-content\/uploads\/2025\/06\/100192-Dual-Clean-Ultrasoft-Buerstenkoepfe-800x800px1.jpg","contentUrl":"https:\/\/infomaniak.careista.ch\/wp-content\/uploads\/2025\/06\/100192-Dual-Clean-Ultrasoft-Buerstenkoepfe-800x800px1.jpg","width":800,"height":800,"caption":"T\u00eates de brosse Dual Clean \u2013 brossettes de rechange ultra-douces pour les dents sensibles. T\u00eates de brosse \u00e0 dents soniques douces avec rev\u00eatement anti-vibrations pour un confort maximal."},{"@type":"BreadcrumbList","@id":"https:\/\/infomaniak.careista.ch\/fr\/produkte\/soins-buccaux-fr\/brosses-a-dents-soniques-fr\/tetes-de-brosse-edelwhite-dual-clean-ultrasoft-airbag\/#breadcrumb","itemListElement":[{"@type":"ListItem","position":1,"name":"Home","item":"https:\/\/infomaniak.careista.ch\/fr\/"},{"@type":"ListItem","position":2,"name":"Shop","item":"https:\/\/infomaniak.careista.ch\/fr\/shop\/"},{"@type":"ListItem","position":3,"name":"T\u00eates de brosse edel+white Dual Clean Ultrasoft Airbag"}]},{"@type":"WebSite","@id":"https:\/\/infomaniak.careista.ch\/fr\/#website","url":"https:\/\/infomaniak.careista.ch\/fr\/","name":"CAREISTA","description":"Dein pers\u00f6nlicher Pflege-Barista","publisher":{"@id":"https:\/\/infomaniak.careista.ch\/fr\/#organization"},"potentialAction":[{"@type":"SearchAction","target":{"@type":"EntryPoint","urlTemplate":"https:\/\/infomaniak.careista.ch\/fr\/?s={search_term_string}"},"query-input":{"@type":"PropertyValueSpecification","valueRequired":true,"valueName":"search_term_string"}}],"inLanguage":"fr-FR"},{"@type":"Organization","@id":"https:\/\/infomaniak.careista.ch\/fr\/#organization","name":"CAREISTA","url":"https:\/\/infomaniak.careista.ch\/fr\/","logo":{"@type":"ImageObject","inLanguage":"fr-FR","@id":"https:\/\/infomaniak.careista.ch\/fr\/#\/schema\/logo\/image\/","url":"https:\/\/infomaniak.careista.ch\/wp-content\/uploads\/2025\/02\/Careista-Logo-S_rgb.svg.svg","contentUrl":"https:\/\/infomaniak.careista.ch\/wp-content\/uploads\/2025\/02\/Careista-Logo-S_rgb.svg.svg","caption":"CAREISTA"},"image":{"@id":"https:\/\/infomaniak.careista.ch\/fr\/#\/schema\/logo\/image\/"}}]}},"jetpack_sharing_enabled":true,"_links":{"self":[{"href":"https:\/\/infomaniak.careista.ch\/fr\/wp-json\/wp\/v2\/product\/9493","targetHints":{"allow":["GET"]}}],"collection":[{"href":"https:\/\/infomaniak.careista.ch\/fr\/wp-json\/wp\/v2\/product"}],"about":[{"href":"https:\/\/infomaniak.careista.ch\/fr\/wp-json\/wp\/v2\/types\/product"}],"replies":[{"embeddable":true,"href":"https:\/\/infomaniak.careista.ch\/fr\/wp-json\/wp\/v2\/comments?post=9493"}],"version-history":[{"count":0,"href":"https:\/\/infomaniak.careista.ch\/fr\/wp-json\/wp\/v2\/product\/9493\/revisions"}],"wp:featuredmedia":[{"embeddable":true,"href":"https:\/\/infomaniak.careista.ch\/fr\/wp-json\/wp\/v2\/media\/12495"}],"wp:attachment":[{"href":"https:\/\/infomaniak.careista.ch\/fr\/wp-json\/wp\/v2\/media?parent=9493"}],"wp:term":[{"taxonomy":"anwendung-kategorie","embeddable":true,"href":"https:\/\/infomaniak.careista.ch\/fr\/wp-json\/wp\/v2\/anwendung-kategorie?post=9493"},{"taxonomy":"anwendung","embeddable":true,"href":"https:\/\/infomaniak.careista.ch\/fr\/wp-json\/wp\/v2\/anwendung?post=9493"},{"taxonomy":"product_brand","embeddable":true,"href":"https:\/\/infomaniak.careista.ch\/fr\/wp-json\/wp\/v2\/product_brand?post=9493"},{"taxonomy":"product_cat","embeddable":true,"href":"https:\/\/infomaniak.careista.ch\/fr\/wp-json\/wp\/v2\/product_cat?post=9493"},{"taxonomy":"product_tag","embeddable":true,"href":"https:\/\/infomaniak.careista.ch\/fr\/wp-json\/wp\/v2\/product_tag?post=9493"}],"curies":[{"name":"wp","href":"https:\/\/api.w.org\/{rel}","templated":true}]}}