{"id":9497,"date":"2025-06-03T14:00:00","date_gmt":"2025-06-03T12:00:00","guid":{"rendered":"https:\/\/infomaniak.careista.ch\/produkte\/non%20class\u00e9\/tetes-de-brosse-edelwhite-bacterio-target-focus\/"},"modified":"2026-04-05T00:23:37","modified_gmt":"2026-04-04T22:23:37","slug":"tetes-de-brosse-edelwhite-bacterio-target-focus","status":"publish","type":"product","link":"https:\/\/infomaniak.careista.ch\/fr\/produkte\/soins-buccaux-fr\/brosses-a-dents-soniques-fr\/tetes-de-brosse-edelwhite-bacterio-target-focus\/","title":{"rendered":"T\u00eates de brosse edel+white Bacterio Target &amp; Focus\u00ae."},"content":{"rendered":"","protected":false},"excerpt":{"rendered":"<p><strong>Un nettoyage pr\u00e9cis pour des besoins sp\u00e9cifiques<\/strong><br \/>\nLe contr\u00f4le de la plaque dentaire plus facile et plus efficace que jamais. Un duo de t\u00eates de brosse sp\u00e9cial qui nettoie plus tout en prenant moins de temps. Les t\u00eates de brosse innovantes Focus\u00ae et Target\u00ae avec poils Konex HD\u00ae stoppent la plaque dentaire plus efficacement que jamais.  <\/p>\n<ul>\n<li>Focus\u00ae : des poils ultra-souples qui s&rsquo;adaptent parfaitement aux contours des dents<\/li>\n<li>Target\u00ae : une touffe de poils pr\u00e9cise pour un nettoyage interdentaire en profondeur<\/li>\n<li>Technologie sonique sans contact pour une propret\u00e9 encore plus profonde<\/li>\n<li>Id\u00e9al pour les implants, les bridges et autres d\u00e9fis de nettoyage<\/li>\n<\/ul>\n<p><em>Contenu : 1 t\u00eate Target\u00ae + 1 t\u00eate Focus\u00ae. Compatible avec edel+white Sonic Generation 8 Winner et Sonic Generation Health Suite. <\/em><\/p>\n","protected":false},"featured_media":6978,"comment_status":"closed","ping_status":"closed","template":"","meta":{"_acf_changed":false},"anwendung-kategorie":[],"anwendung":[317,324],"product_brand":[340],"product_cat":[214,218],"product_tag":[],"class_list":{"0":"post-9497","1":"product","2":"type-product","3":"status-publish","4":"has-post-thumbnail","6":"anwendung-des-gencives-saines","7":"anwendung-dents-sensibles","8":"product_brand-edelwhite-fr","9":"product_cat-soins-buccaux-fr","10":"product_cat-brosses-a-dents-soniques-fr","12":"first","13":"instock","14":"taxable","15":"shipping-taxable","16":"purchasable","17":"product-type-simple"},"acf":[],"yoast_head":"<!-- This site is optimized with the Yoast SEO plugin v26.7 - https:\/\/yoast.com\/wordpress\/plugins\/seo\/ -->\n<title>T\u00eates de brosse edel+white Bacterio Target &amp; Focus\u00ae. - CAREISTA<\/title>\n<meta name=\"robots\" content=\"noindex, follow, max-snippet:-1, max-image-preview:large, max-video-preview:-1\" \/>\n<meta property=\"og:locale\" content=\"fr_FR\" \/>\n<meta property=\"og:type\" content=\"article\" \/>\n<meta property=\"og:title\" content=\"T\u00eates de brosse edel+white Bacterio Target &amp; Focus\u00ae. - CAREISTA\" \/>\n<meta property=\"og:description\" content=\"Un nettoyage pr\u00e9cis pour des besoins sp\u00e9cifiques Le contr\u00f4le de la plaque dentaire plus facile et plus efficace que jamais. Un duo de t\u00eates de brosse sp\u00e9cial qui nettoie plus tout en prenant moins de temps. Les t\u00eates de brosse innovantes Focus\u00ae et Target\u00ae avec poils Konex HD\u00ae stoppent la plaque dentaire plus efficacement que jamais.   Focus\u00ae : des poils ultra-souples qui s&#039;adaptent parfaitement aux contours des dents  Target\u00ae : une touffe de poils pr\u00e9cise pour un nettoyage interdentaire en profondeur  Technologie sonique sans contact pour une propret\u00e9 encore plus profonde  Id\u00e9al pour les implants, les bridges et autres d\u00e9fis de nettoyage Contenu : 1 t\u00eate Target\u00ae + 1 t\u00eate Focus\u00ae. Compatible avec edel+white Sonic Generation 8 Winner et Sonic Generation Health Suite.\" \/>\n<meta property=\"og:url\" content=\"https:\/\/infomaniak.careista.ch\/fr\/produkte\/soins-buccaux-fr\/brosses-a-dents-soniques-fr\/tetes-de-brosse-edelwhite-bacterio-target-focus\/\" \/>\n<meta property=\"og:site_name\" content=\"CAREISTA\" \/>\n<meta property=\"article:modified_time\" content=\"2026-04-04T22:23:37+00:00\" \/>\n<meta property=\"og:image\" content=\"https:\/\/infomaniak.careista.ch\/wp-content\/uploads\/2025\/06\/100193-Bacterio-TargetFocus-Buerstenkoepfe-800x800px1.png\" \/>\n\t<meta property=\"og:image:width\" content=\"800\" \/>\n\t<meta property=\"og:image:height\" content=\"800\" \/>\n\t<meta property=\"og:image:type\" content=\"image\/png\" \/>\n<meta name=\"twitter:card\" content=\"summary_large_image\" \/>\n<script type=\"application\/ld+json\" class=\"yoast-schema-graph\">{\"@context\":\"https:\/\/schema.org\",\"@graph\":[{\"@type\":\"WebPage\",\"@id\":\"https:\/\/infomaniak.careista.ch\/fr\/produkte\/soins-buccaux-fr\/brosses-a-dents-soniques-fr\/tetes-de-brosse-edelwhite-bacterio-target-focus\/\",\"url\":\"https:\/\/infomaniak.careista.ch\/fr\/produkte\/soins-buccaux-fr\/brosses-a-dents-soniques-fr\/tetes-de-brosse-edelwhite-bacterio-target-focus\/\",\"name\":\"T\u00eates de brosse edel+white Bacterio Target &amp; Focus\u00ae. - CAREISTA\",\"isPartOf\":{\"@id\":\"https:\/\/infomaniak.careista.ch\/fr\/#website\"},\"primaryImageOfPage\":{\"@id\":\"https:\/\/infomaniak.careista.ch\/fr\/produkte\/soins-buccaux-fr\/brosses-a-dents-soniques-fr\/tetes-de-brosse-edelwhite-bacterio-target-focus\/#primaryimage\"},\"image\":{\"@id\":\"https:\/\/infomaniak.careista.ch\/fr\/produkte\/soins-buccaux-fr\/brosses-a-dents-soniques-fr\/tetes-de-brosse-edelwhite-bacterio-target-focus\/#primaryimage\"},\"thumbnailUrl\":\"https:\/\/infomaniak.careista.ch\/wp-content\/uploads\/2025\/06\/100193-Bacterio-TargetFocus-Buerstenkoepfe-800x800px1.png\",\"datePublished\":\"2025-06-03T12:00:00+00:00\",\"dateModified\":\"2026-04-04T22:23:37+00:00\",\"breadcrumb\":{\"@id\":\"https:\/\/infomaniak.careista.ch\/fr\/produkte\/soins-buccaux-fr\/brosses-a-dents-soniques-fr\/tetes-de-brosse-edelwhite-bacterio-target-focus\/#breadcrumb\"},\"inLanguage\":\"fr-FR\",\"potentialAction\":[{\"@type\":\"ReadAction\",\"target\":[\"https:\/\/infomaniak.careista.ch\/fr\/produkte\/soins-buccaux-fr\/brosses-a-dents-soniques-fr\/tetes-de-brosse-edelwhite-bacterio-target-focus\/\"]}]},{\"@type\":\"ImageObject\",\"inLanguage\":\"fr-FR\",\"@id\":\"https:\/\/infomaniak.careista.ch\/fr\/produkte\/soins-buccaux-fr\/brosses-a-dents-soniques-fr\/tetes-de-brosse-edelwhite-bacterio-target-focus\/#primaryimage\",\"url\":\"https:\/\/infomaniak.careista.ch\/wp-content\/uploads\/2025\/06\/100193-Bacterio-TargetFocus-Buerstenkoepfe-800x800px1.png\",\"contentUrl\":\"https:\/\/infomaniak.careista.ch\/wp-content\/uploads\/2025\/06\/100193-Bacterio-TargetFocus-Buerstenkoepfe-800x800px1.png\",\"width\":800,\"height\":800,\"caption\":\"Un nettoyage pr\u00e9cis pour des besoins sp\u00e9cifiques\"},{\"@type\":\"BreadcrumbList\",\"@id\":\"https:\/\/infomaniak.careista.ch\/fr\/produkte\/soins-buccaux-fr\/brosses-a-dents-soniques-fr\/tetes-de-brosse-edelwhite-bacterio-target-focus\/#breadcrumb\",\"itemListElement\":[{\"@type\":\"ListItem\",\"position\":1,\"name\":\"Home\",\"item\":\"https:\/\/infomaniak.careista.ch\/fr\/\"},{\"@type\":\"ListItem\",\"position\":2,\"name\":\"Shop\",\"item\":\"https:\/\/infomaniak.careista.ch\/fr\/shop\/\"},{\"@type\":\"ListItem\",\"position\":3,\"name\":\"T\u00eates de brosse edel+white Bacterio Target &amp; Focus\u00ae.\"}]},{\"@type\":\"WebSite\",\"@id\":\"https:\/\/infomaniak.careista.ch\/fr\/#website\",\"url\":\"https:\/\/infomaniak.careista.ch\/fr\/\",\"name\":\"CAREISTA\",\"description\":\"Dein pers\u00f6nlicher Pflege-Barista\",\"publisher\":{\"@id\":\"https:\/\/infomaniak.careista.ch\/fr\/#organization\"},\"potentialAction\":[{\"@type\":\"SearchAction\",\"target\":{\"@type\":\"EntryPoint\",\"urlTemplate\":\"https:\/\/infomaniak.careista.ch\/fr\/?s={search_term_string}\"},\"query-input\":{\"@type\":\"PropertyValueSpecification\",\"valueRequired\":true,\"valueName\":\"search_term_string\"}}],\"inLanguage\":\"fr-FR\"},{\"@type\":\"Organization\",\"@id\":\"https:\/\/infomaniak.careista.ch\/fr\/#organization\",\"name\":\"CAREISTA\",\"url\":\"https:\/\/infomaniak.careista.ch\/fr\/\",\"logo\":{\"@type\":\"ImageObject\",\"inLanguage\":\"fr-FR\",\"@id\":\"https:\/\/infomaniak.careista.ch\/fr\/#\/schema\/logo\/image\/\",\"url\":\"https:\/\/infomaniak.careista.ch\/wp-content\/uploads\/2025\/02\/Careista-Logo-S_rgb.svg.svg\",\"contentUrl\":\"https:\/\/infomaniak.careista.ch\/wp-content\/uploads\/2025\/02\/Careista-Logo-S_rgb.svg.svg\",\"caption\":\"CAREISTA\"},\"image\":{\"@id\":\"https:\/\/infomaniak.careista.ch\/fr\/#\/schema\/logo\/image\/\"}}]}<\/script>\n<!-- \/ Yoast SEO plugin. -->","yoast_head_json":{"title":"T\u00eates de brosse edel+white Bacterio Target &amp; Focus\u00ae. - CAREISTA","robots":{"index":"noindex","follow":"follow","max-snippet":"max-snippet:-1","max-image-preview":"max-image-preview:large","max-video-preview":"max-video-preview:-1"},"og_locale":"fr_FR","og_type":"article","og_title":"T\u00eates de brosse edel+white Bacterio Target &amp; Focus\u00ae. - CAREISTA","og_description":"Un nettoyage pr\u00e9cis pour des besoins sp\u00e9cifiques Le contr\u00f4le de la plaque dentaire plus facile et plus efficace que jamais. Un duo de t\u00eates de brosse sp\u00e9cial qui nettoie plus tout en prenant moins de temps. Les t\u00eates de brosse innovantes Focus\u00ae et Target\u00ae avec poils Konex HD\u00ae stoppent la plaque dentaire plus efficacement que jamais.   Focus\u00ae : des poils ultra-souples qui s'adaptent parfaitement aux contours des dents  Target\u00ae : une touffe de poils pr\u00e9cise pour un nettoyage interdentaire en profondeur  Technologie sonique sans contact pour une propret\u00e9 encore plus profonde  Id\u00e9al pour les implants, les bridges et autres d\u00e9fis de nettoyage Contenu : 1 t\u00eate Target\u00ae + 1 t\u00eate Focus\u00ae. Compatible avec edel+white Sonic Generation 8 Winner et Sonic Generation Health Suite.","og_url":"https:\/\/infomaniak.careista.ch\/fr\/produkte\/soins-buccaux-fr\/brosses-a-dents-soniques-fr\/tetes-de-brosse-edelwhite-bacterio-target-focus\/","og_site_name":"CAREISTA","article_modified_time":"2026-04-04T22:23:37+00:00","og_image":[{"width":800,"height":800,"url":"https:\/\/infomaniak.careista.ch\/wp-content\/uploads\/2025\/06\/100193-Bacterio-TargetFocus-Buerstenkoepfe-800x800px1.png","type":"image\/png"}],"twitter_card":"summary_large_image","schema":{"@context":"https:\/\/schema.org","@graph":[{"@type":"WebPage","@id":"https:\/\/infomaniak.careista.ch\/fr\/produkte\/soins-buccaux-fr\/brosses-a-dents-soniques-fr\/tetes-de-brosse-edelwhite-bacterio-target-focus\/","url":"https:\/\/infomaniak.careista.ch\/fr\/produkte\/soins-buccaux-fr\/brosses-a-dents-soniques-fr\/tetes-de-brosse-edelwhite-bacterio-target-focus\/","name":"T\u00eates de brosse edel+white Bacterio Target &amp; Focus\u00ae. - CAREISTA","isPartOf":{"@id":"https:\/\/infomaniak.careista.ch\/fr\/#website"},"primaryImageOfPage":{"@id":"https:\/\/infomaniak.careista.ch\/fr\/produkte\/soins-buccaux-fr\/brosses-a-dents-soniques-fr\/tetes-de-brosse-edelwhite-bacterio-target-focus\/#primaryimage"},"image":{"@id":"https:\/\/infomaniak.careista.ch\/fr\/produkte\/soins-buccaux-fr\/brosses-a-dents-soniques-fr\/tetes-de-brosse-edelwhite-bacterio-target-focus\/#primaryimage"},"thumbnailUrl":"https:\/\/infomaniak.careista.ch\/wp-content\/uploads\/2025\/06\/100193-Bacterio-TargetFocus-Buerstenkoepfe-800x800px1.png","datePublished":"2025-06-03T12:00:00+00:00","dateModified":"2026-04-04T22:23:37+00:00","breadcrumb":{"@id":"https:\/\/infomaniak.careista.ch\/fr\/produkte\/soins-buccaux-fr\/brosses-a-dents-soniques-fr\/tetes-de-brosse-edelwhite-bacterio-target-focus\/#breadcrumb"},"inLanguage":"fr-FR","potentialAction":[{"@type":"ReadAction","target":["https:\/\/infomaniak.careista.ch\/fr\/produkte\/soins-buccaux-fr\/brosses-a-dents-soniques-fr\/tetes-de-brosse-edelwhite-bacterio-target-focus\/"]}]},{"@type":"ImageObject","inLanguage":"fr-FR","@id":"https:\/\/infomaniak.careista.ch\/fr\/produkte\/soins-buccaux-fr\/brosses-a-dents-soniques-fr\/tetes-de-brosse-edelwhite-bacterio-target-focus\/#primaryimage","url":"https:\/\/infomaniak.careista.ch\/wp-content\/uploads\/2025\/06\/100193-Bacterio-TargetFocus-Buerstenkoepfe-800x800px1.png","contentUrl":"https:\/\/infomaniak.careista.ch\/wp-content\/uploads\/2025\/06\/100193-Bacterio-TargetFocus-Buerstenkoepfe-800x800px1.png","width":800,"height":800,"caption":"Un nettoyage pr\u00e9cis pour des besoins sp\u00e9cifiques"},{"@type":"BreadcrumbList","@id":"https:\/\/infomaniak.careista.ch\/fr\/produkte\/soins-buccaux-fr\/brosses-a-dents-soniques-fr\/tetes-de-brosse-edelwhite-bacterio-target-focus\/#breadcrumb","itemListElement":[{"@type":"ListItem","position":1,"name":"Home","item":"https:\/\/infomaniak.careista.ch\/fr\/"},{"@type":"ListItem","position":2,"name":"Shop","item":"https:\/\/infomaniak.careista.ch\/fr\/shop\/"},{"@type":"ListItem","position":3,"name":"T\u00eates de brosse edel+white Bacterio Target &amp; Focus\u00ae."}]},{"@type":"WebSite","@id":"https:\/\/infomaniak.careista.ch\/fr\/#website","url":"https:\/\/infomaniak.careista.ch\/fr\/","name":"CAREISTA","description":"Dein pers\u00f6nlicher Pflege-Barista","publisher":{"@id":"https:\/\/infomaniak.careista.ch\/fr\/#organization"},"potentialAction":[{"@type":"SearchAction","target":{"@type":"EntryPoint","urlTemplate":"https:\/\/infomaniak.careista.ch\/fr\/?s={search_term_string}"},"query-input":{"@type":"PropertyValueSpecification","valueRequired":true,"valueName":"search_term_string"}}],"inLanguage":"fr-FR"},{"@type":"Organization","@id":"https:\/\/infomaniak.careista.ch\/fr\/#organization","name":"CAREISTA","url":"https:\/\/infomaniak.careista.ch\/fr\/","logo":{"@type":"ImageObject","inLanguage":"fr-FR","@id":"https:\/\/infomaniak.careista.ch\/fr\/#\/schema\/logo\/image\/","url":"https:\/\/infomaniak.careista.ch\/wp-content\/uploads\/2025\/02\/Careista-Logo-S_rgb.svg.svg","contentUrl":"https:\/\/infomaniak.careista.ch\/wp-content\/uploads\/2025\/02\/Careista-Logo-S_rgb.svg.svg","caption":"CAREISTA"},"image":{"@id":"https:\/\/infomaniak.careista.ch\/fr\/#\/schema\/logo\/image\/"}}]}},"jetpack_sharing_enabled":true,"_links":{"self":[{"href":"https:\/\/infomaniak.careista.ch\/fr\/wp-json\/wp\/v2\/product\/9497","targetHints":{"allow":["GET"]}}],"collection":[{"href":"https:\/\/infomaniak.careista.ch\/fr\/wp-json\/wp\/v2\/product"}],"about":[{"href":"https:\/\/infomaniak.careista.ch\/fr\/wp-json\/wp\/v2\/types\/product"}],"replies":[{"embeddable":true,"href":"https:\/\/infomaniak.careista.ch\/fr\/wp-json\/wp\/v2\/comments?post=9497"}],"version-history":[{"count":0,"href":"https:\/\/infomaniak.careista.ch\/fr\/wp-json\/wp\/v2\/product\/9497\/revisions"}],"wp:featuredmedia":[{"embeddable":true,"href":"https:\/\/infomaniak.careista.ch\/fr\/wp-json\/wp\/v2\/media\/6978"}],"wp:attachment":[{"href":"https:\/\/infomaniak.careista.ch\/fr\/wp-json\/wp\/v2\/media?parent=9497"}],"wp:term":[{"taxonomy":"anwendung-kategorie","embeddable":true,"href":"https:\/\/infomaniak.careista.ch\/fr\/wp-json\/wp\/v2\/anwendung-kategorie?post=9497"},{"taxonomy":"anwendung","embeddable":true,"href":"https:\/\/infomaniak.careista.ch\/fr\/wp-json\/wp\/v2\/anwendung?post=9497"},{"taxonomy":"product_brand","embeddable":true,"href":"https:\/\/infomaniak.careista.ch\/fr\/wp-json\/wp\/v2\/product_brand?post=9497"},{"taxonomy":"product_cat","embeddable":true,"href":"https:\/\/infomaniak.careista.ch\/fr\/wp-json\/wp\/v2\/product_cat?post=9497"},{"taxonomy":"product_tag","embeddable":true,"href":"https:\/\/infomaniak.careista.ch\/fr\/wp-json\/wp\/v2\/product_tag?post=9497"}],"curies":[{"name":"wp","href":"https:\/\/api.w.org\/{rel}","templated":true}]}}