{"id":9503,"date":"2025-06-03T14:00:00","date_gmt":"2025-06-03T12:00:00","guid":{"rendered":"https:\/\/infomaniak.careista.ch\/produkte\/non%20class\u00e9\/edelwhite-duo-flosserbrush-ultrasoft\/"},"modified":"2026-04-15T08:34:36","modified_gmt":"2026-04-15T06:34:36","slug":"edelwhite-duo-flosserbrush-ultrasoft","status":"publish","type":"product","link":"https:\/\/infomaniak.careista.ch\/fr\/produkte\/soins-buccaux-fr\/brosses-a-dents-fr\/edelwhite-duo-flosserbrush-ultrasoft\/","title":{"rendered":"edel+white Duo Flosserbrush Ultrasoft"},"content":{"rendered":"","protected":false},"excerpt":{"rendered":"<p><strong>L\u00e9ger, flexible et avec des poils coniques ultra-doux<\/strong><br \/>\nLa brosse \u00e0 dents Flosserbrush, dot\u00e9e de poils Konex HD\u00ae ultra-doux et d&rsquo;un manche flexible, nettoie en profondeur sans agresser les dents et les gencives, m\u00eame en cas de gencives sensibles ou d&rsquo;implants.<\/p>\n<ul>\n<li>Poils Konex HD\u00ae ultra-souples : cinq fois plus fins et plus r\u00e9sistants que les poils classiques<\/li>\n<li>Un nettoyage efficace jusque dans les espaces interdentaires<\/li>\n<li>La poign\u00e9e flexible prot\u00e8ge contre une pression excessive lors du brossage<\/li>\n<li>Id\u00e9al pour les gencives sensibles, la parodontite ou les implants<\/li>\n<\/ul>\n<p><em>Contenu : 1 paquet de 2 brosses \u00e0 dents Ultrasoft Flosserbrush et 2 capuchons de protection (couleurs assorties, pas au choix)<\/em><\/p>\n","protected":false},"featured_media":9528,"comment_status":"closed","ping_status":"closed","template":"","meta":{"_acf_changed":false},"anwendung-kategorie":[],"anwendung":[317,324],"product_brand":[340],"product_cat":[214,219],"product_tag":[],"class_list":{"0":"post-9503","1":"product","2":"type-product","3":"status-publish","4":"has-post-thumbnail","6":"anwendung-des-gencives-saines","7":"anwendung-dents-sensibles","8":"product_brand-edelwhite-fr","9":"product_cat-soins-buccaux-fr","10":"product_cat-brosses-a-dents-fr","12":"first","13":"instock","14":"taxable","15":"shipping-taxable","16":"purchasable","17":"product-type-simple"},"acf":[],"yoast_head":"<!-- This site is optimized with the Yoast SEO plugin v26.7 - https:\/\/yoast.com\/wordpress\/plugins\/seo\/ -->\n<title>edel+white Duo Flosserbrush Ultrasoft - CAREISTA<\/title>\n<meta name=\"robots\" content=\"noindex, follow, max-snippet:-1, max-image-preview:large, max-video-preview:-1\" \/>\n<meta property=\"og:locale\" content=\"fr_FR\" \/>\n<meta property=\"og:type\" content=\"article\" \/>\n<meta property=\"og:title\" content=\"edel+white Duo Flosserbrush Ultrasoft - CAREISTA\" \/>\n<meta property=\"og:description\" content=\"L\u00e9ger, flexible et avec des poils coniques ultra-doux La brosse \u00e0 dents Flosserbrush, dot\u00e9e de poils Konex HD\u00ae ultra-doux et d&#039;un manche flexible, nettoie en profondeur sans agresser les dents et les gencives, m\u00eame en cas de gencives sensibles ou d&#039;implants.  Poils Konex HD\u00ae ultra-souples : cinq fois plus fins et plus r\u00e9sistants que les poils classiques  Un nettoyage efficace jusque dans les espaces interdentaires  La poign\u00e9e flexible prot\u00e8ge contre une pression excessive lors du brossage  Id\u00e9al pour les gencives sensibles, la parodontite ou les implants Contenu : 1 paquet de 2 brosses \u00e0 dents Ultrasoft Flosserbrush et 2 capuchons de protection (couleurs assorties, pas au choix)\" \/>\n<meta property=\"og:url\" content=\"https:\/\/infomaniak.careista.ch\/fr\/produkte\/soins-buccaux-fr\/brosses-a-dents-fr\/edelwhite-duo-flosserbrush-ultrasoft\/\" \/>\n<meta property=\"og:site_name\" content=\"CAREISTA\" \/>\n<meta property=\"article:modified_time\" content=\"2026-04-15T06:34:36+00:00\" \/>\n<meta property=\"og:image\" content=\"https:\/\/infomaniak.careista.ch\/wp-content\/uploads\/2025\/06\/100105-Duo-Flosserbrush-Ultrasoft-800x800px1.png\" \/>\n\t<meta property=\"og:image:width\" content=\"800\" \/>\n\t<meta property=\"og:image:height\" content=\"800\" \/>\n\t<meta property=\"og:image:type\" content=\"image\/png\" \/>\n<meta name=\"twitter:card\" content=\"summary_large_image\" \/>\n<script type=\"application\/ld+json\" class=\"yoast-schema-graph\">{\"@context\":\"https:\/\/schema.org\",\"@graph\":[{\"@type\":\"WebPage\",\"@id\":\"https:\/\/infomaniak.careista.ch\/fr\/produkte\/soins-buccaux-fr\/brosses-a-dents-fr\/edelwhite-duo-flosserbrush-ultrasoft\/\",\"url\":\"https:\/\/infomaniak.careista.ch\/fr\/produkte\/soins-buccaux-fr\/brosses-a-dents-fr\/edelwhite-duo-flosserbrush-ultrasoft\/\",\"name\":\"edel+white Duo Flosserbrush Ultrasoft - CAREISTA\",\"isPartOf\":{\"@id\":\"https:\/\/infomaniak.careista.ch\/fr\/#website\"},\"primaryImageOfPage\":{\"@id\":\"https:\/\/infomaniak.careista.ch\/fr\/produkte\/soins-buccaux-fr\/brosses-a-dents-fr\/edelwhite-duo-flosserbrush-ultrasoft\/#primaryimage\"},\"image\":{\"@id\":\"https:\/\/infomaniak.careista.ch\/fr\/produkte\/soins-buccaux-fr\/brosses-a-dents-fr\/edelwhite-duo-flosserbrush-ultrasoft\/#primaryimage\"},\"thumbnailUrl\":\"https:\/\/infomaniak.careista.ch\/wp-content\/uploads\/2025\/06\/100105-Duo-Flosserbrush-Ultrasoft-800x800px1.png\",\"datePublished\":\"2025-06-03T12:00:00+00:00\",\"dateModified\":\"2026-04-15T06:34:36+00:00\",\"breadcrumb\":{\"@id\":\"https:\/\/infomaniak.careista.ch\/fr\/produkte\/soins-buccaux-fr\/brosses-a-dents-fr\/edelwhite-duo-flosserbrush-ultrasoft\/#breadcrumb\"},\"inLanguage\":\"fr-FR\",\"potentialAction\":[{\"@type\":\"ReadAction\",\"target\":[\"https:\/\/infomaniak.careista.ch\/fr\/produkte\/soins-buccaux-fr\/brosses-a-dents-fr\/edelwhite-duo-flosserbrush-ultrasoft\/\"]}]},{\"@type\":\"ImageObject\",\"inLanguage\":\"fr-FR\",\"@id\":\"https:\/\/infomaniak.careista.ch\/fr\/produkte\/soins-buccaux-fr\/brosses-a-dents-fr\/edelwhite-duo-flosserbrush-ultrasoft\/#primaryimage\",\"url\":\"https:\/\/infomaniak.careista.ch\/wp-content\/uploads\/2025\/06\/100105-Duo-Flosserbrush-Ultrasoft-800x800px1.png\",\"contentUrl\":\"https:\/\/infomaniak.careista.ch\/wp-content\/uploads\/2025\/06\/100105-Duo-Flosserbrush-Ultrasoft-800x800px1.png\",\"width\":800,\"height\":800,\"caption\":\"L\u00e9ger, flexible et avec des poils coniques ultra-doux\"},{\"@type\":\"BreadcrumbList\",\"@id\":\"https:\/\/infomaniak.careista.ch\/fr\/produkte\/soins-buccaux-fr\/brosses-a-dents-fr\/edelwhite-duo-flosserbrush-ultrasoft\/#breadcrumb\",\"itemListElement\":[{\"@type\":\"ListItem\",\"position\":1,\"name\":\"Home\",\"item\":\"https:\/\/infomaniak.careista.ch\/fr\/\"},{\"@type\":\"ListItem\",\"position\":2,\"name\":\"Shop\",\"item\":\"https:\/\/infomaniak.careista.ch\/fr\/shop\/\"},{\"@type\":\"ListItem\",\"position\":3,\"name\":\"edel+white Duo Flosserbrush Ultrasoft\"}]},{\"@type\":\"WebSite\",\"@id\":\"https:\/\/infomaniak.careista.ch\/fr\/#website\",\"url\":\"https:\/\/infomaniak.careista.ch\/fr\/\",\"name\":\"CAREISTA\",\"description\":\"Dein pers\u00f6nlicher Pflege-Barista\",\"publisher\":{\"@id\":\"https:\/\/infomaniak.careista.ch\/fr\/#organization\"},\"potentialAction\":[{\"@type\":\"SearchAction\",\"target\":{\"@type\":\"EntryPoint\",\"urlTemplate\":\"https:\/\/infomaniak.careista.ch\/fr\/?s={search_term_string}\"},\"query-input\":{\"@type\":\"PropertyValueSpecification\",\"valueRequired\":true,\"valueName\":\"search_term_string\"}}],\"inLanguage\":\"fr-FR\"},{\"@type\":\"Organization\",\"@id\":\"https:\/\/infomaniak.careista.ch\/fr\/#organization\",\"name\":\"CAREISTA\",\"url\":\"https:\/\/infomaniak.careista.ch\/fr\/\",\"logo\":{\"@type\":\"ImageObject\",\"inLanguage\":\"fr-FR\",\"@id\":\"https:\/\/infomaniak.careista.ch\/fr\/#\/schema\/logo\/image\/\",\"url\":\"https:\/\/infomaniak.careista.ch\/wp-content\/uploads\/2025\/02\/Careista-Logo-S_rgb.svg.svg\",\"contentUrl\":\"https:\/\/infomaniak.careista.ch\/wp-content\/uploads\/2025\/02\/Careista-Logo-S_rgb.svg.svg\",\"caption\":\"CAREISTA\"},\"image\":{\"@id\":\"https:\/\/infomaniak.careista.ch\/fr\/#\/schema\/logo\/image\/\"}}]}<\/script>\n<!-- \/ Yoast SEO plugin. -->","yoast_head_json":{"title":"edel+white Duo Flosserbrush Ultrasoft - CAREISTA","robots":{"index":"noindex","follow":"follow","max-snippet":"max-snippet:-1","max-image-preview":"max-image-preview:large","max-video-preview":"max-video-preview:-1"},"og_locale":"fr_FR","og_type":"article","og_title":"edel+white Duo Flosserbrush Ultrasoft - CAREISTA","og_description":"L\u00e9ger, flexible et avec des poils coniques ultra-doux La brosse \u00e0 dents Flosserbrush, dot\u00e9e de poils Konex HD\u00ae ultra-doux et d'un manche flexible, nettoie en profondeur sans agresser les dents et les gencives, m\u00eame en cas de gencives sensibles ou d'implants.  Poils Konex HD\u00ae ultra-souples : cinq fois plus fins et plus r\u00e9sistants que les poils classiques  Un nettoyage efficace jusque dans les espaces interdentaires  La poign\u00e9e flexible prot\u00e8ge contre une pression excessive lors du brossage  Id\u00e9al pour les gencives sensibles, la parodontite ou les implants Contenu : 1 paquet de 2 brosses \u00e0 dents Ultrasoft Flosserbrush et 2 capuchons de protection (couleurs assorties, pas au choix)","og_url":"https:\/\/infomaniak.careista.ch\/fr\/produkte\/soins-buccaux-fr\/brosses-a-dents-fr\/edelwhite-duo-flosserbrush-ultrasoft\/","og_site_name":"CAREISTA","article_modified_time":"2026-04-15T06:34:36+00:00","og_image":[{"width":800,"height":800,"url":"https:\/\/infomaniak.careista.ch\/wp-content\/uploads\/2025\/06\/100105-Duo-Flosserbrush-Ultrasoft-800x800px1.png","type":"image\/png"}],"twitter_card":"summary_large_image","schema":{"@context":"https:\/\/schema.org","@graph":[{"@type":"WebPage","@id":"https:\/\/infomaniak.careista.ch\/fr\/produkte\/soins-buccaux-fr\/brosses-a-dents-fr\/edelwhite-duo-flosserbrush-ultrasoft\/","url":"https:\/\/infomaniak.careista.ch\/fr\/produkte\/soins-buccaux-fr\/brosses-a-dents-fr\/edelwhite-duo-flosserbrush-ultrasoft\/","name":"edel+white Duo Flosserbrush Ultrasoft - CAREISTA","isPartOf":{"@id":"https:\/\/infomaniak.careista.ch\/fr\/#website"},"primaryImageOfPage":{"@id":"https:\/\/infomaniak.careista.ch\/fr\/produkte\/soins-buccaux-fr\/brosses-a-dents-fr\/edelwhite-duo-flosserbrush-ultrasoft\/#primaryimage"},"image":{"@id":"https:\/\/infomaniak.careista.ch\/fr\/produkte\/soins-buccaux-fr\/brosses-a-dents-fr\/edelwhite-duo-flosserbrush-ultrasoft\/#primaryimage"},"thumbnailUrl":"https:\/\/infomaniak.careista.ch\/wp-content\/uploads\/2025\/06\/100105-Duo-Flosserbrush-Ultrasoft-800x800px1.png","datePublished":"2025-06-03T12:00:00+00:00","dateModified":"2026-04-15T06:34:36+00:00","breadcrumb":{"@id":"https:\/\/infomaniak.careista.ch\/fr\/produkte\/soins-buccaux-fr\/brosses-a-dents-fr\/edelwhite-duo-flosserbrush-ultrasoft\/#breadcrumb"},"inLanguage":"fr-FR","potentialAction":[{"@type":"ReadAction","target":["https:\/\/infomaniak.careista.ch\/fr\/produkte\/soins-buccaux-fr\/brosses-a-dents-fr\/edelwhite-duo-flosserbrush-ultrasoft\/"]}]},{"@type":"ImageObject","inLanguage":"fr-FR","@id":"https:\/\/infomaniak.careista.ch\/fr\/produkte\/soins-buccaux-fr\/brosses-a-dents-fr\/edelwhite-duo-flosserbrush-ultrasoft\/#primaryimage","url":"https:\/\/infomaniak.careista.ch\/wp-content\/uploads\/2025\/06\/100105-Duo-Flosserbrush-Ultrasoft-800x800px1.png","contentUrl":"https:\/\/infomaniak.careista.ch\/wp-content\/uploads\/2025\/06\/100105-Duo-Flosserbrush-Ultrasoft-800x800px1.png","width":800,"height":800,"caption":"L\u00e9ger, flexible et avec des poils coniques ultra-doux"},{"@type":"BreadcrumbList","@id":"https:\/\/infomaniak.careista.ch\/fr\/produkte\/soins-buccaux-fr\/brosses-a-dents-fr\/edelwhite-duo-flosserbrush-ultrasoft\/#breadcrumb","itemListElement":[{"@type":"ListItem","position":1,"name":"Home","item":"https:\/\/infomaniak.careista.ch\/fr\/"},{"@type":"ListItem","position":2,"name":"Shop","item":"https:\/\/infomaniak.careista.ch\/fr\/shop\/"},{"@type":"ListItem","position":3,"name":"edel+white Duo Flosserbrush Ultrasoft"}]},{"@type":"WebSite","@id":"https:\/\/infomaniak.careista.ch\/fr\/#website","url":"https:\/\/infomaniak.careista.ch\/fr\/","name":"CAREISTA","description":"Dein pers\u00f6nlicher Pflege-Barista","publisher":{"@id":"https:\/\/infomaniak.careista.ch\/fr\/#organization"},"potentialAction":[{"@type":"SearchAction","target":{"@type":"EntryPoint","urlTemplate":"https:\/\/infomaniak.careista.ch\/fr\/?s={search_term_string}"},"query-input":{"@type":"PropertyValueSpecification","valueRequired":true,"valueName":"search_term_string"}}],"inLanguage":"fr-FR"},{"@type":"Organization","@id":"https:\/\/infomaniak.careista.ch\/fr\/#organization","name":"CAREISTA","url":"https:\/\/infomaniak.careista.ch\/fr\/","logo":{"@type":"ImageObject","inLanguage":"fr-FR","@id":"https:\/\/infomaniak.careista.ch\/fr\/#\/schema\/logo\/image\/","url":"https:\/\/infomaniak.careista.ch\/wp-content\/uploads\/2025\/02\/Careista-Logo-S_rgb.svg.svg","contentUrl":"https:\/\/infomaniak.careista.ch\/wp-content\/uploads\/2025\/02\/Careista-Logo-S_rgb.svg.svg","caption":"CAREISTA"},"image":{"@id":"https:\/\/infomaniak.careista.ch\/fr\/#\/schema\/logo\/image\/"}}]}},"jetpack_sharing_enabled":true,"_links":{"self":[{"href":"https:\/\/infomaniak.careista.ch\/fr\/wp-json\/wp\/v2\/product\/9503","targetHints":{"allow":["GET"]}}],"collection":[{"href":"https:\/\/infomaniak.careista.ch\/fr\/wp-json\/wp\/v2\/product"}],"about":[{"href":"https:\/\/infomaniak.careista.ch\/fr\/wp-json\/wp\/v2\/types\/product"}],"replies":[{"embeddable":true,"href":"https:\/\/infomaniak.careista.ch\/fr\/wp-json\/wp\/v2\/comments?post=9503"}],"version-history":[{"count":0,"href":"https:\/\/infomaniak.careista.ch\/fr\/wp-json\/wp\/v2\/product\/9503\/revisions"}],"wp:featuredmedia":[{"embeddable":true,"href":"https:\/\/infomaniak.careista.ch\/fr\/wp-json\/wp\/v2\/media\/9528"}],"wp:attachment":[{"href":"https:\/\/infomaniak.careista.ch\/fr\/wp-json\/wp\/v2\/media?parent=9503"}],"wp:term":[{"taxonomy":"anwendung-kategorie","embeddable":true,"href":"https:\/\/infomaniak.careista.ch\/fr\/wp-json\/wp\/v2\/anwendung-kategorie?post=9503"},{"taxonomy":"anwendung","embeddable":true,"href":"https:\/\/infomaniak.careista.ch\/fr\/wp-json\/wp\/v2\/anwendung?post=9503"},{"taxonomy":"product_brand","embeddable":true,"href":"https:\/\/infomaniak.careista.ch\/fr\/wp-json\/wp\/v2\/product_brand?post=9503"},{"taxonomy":"product_cat","embeddable":true,"href":"https:\/\/infomaniak.careista.ch\/fr\/wp-json\/wp\/v2\/product_cat?post=9503"},{"taxonomy":"product_tag","embeddable":true,"href":"https:\/\/infomaniak.careista.ch\/fr\/wp-json\/wp\/v2\/product_tag?post=9503"}],"curies":[{"name":"wp","href":"https:\/\/api.w.org\/{rel}","templated":true}]}}