{"id":9506,"date":"2025-06-03T14:00:00","date_gmt":"2025-06-03T12:00:00","guid":{"rendered":"https:\/\/infomaniak.careista.ch\/produkte\/non%20class\u00e9\/gel-dentaire-edelwhite-stop-sensitive-75ml\/"},"modified":"2026-04-15T08:27:11","modified_gmt":"2026-04-15T06:27:11","slug":"gel-dentaire-edelwhite-stop-sensitive-75ml","status":"publish","type":"product","link":"https:\/\/infomaniak.careista.ch\/fr\/produkte\/soins-buccaux-fr\/dentifrice-fr\/gel-dentaire-edelwhite-stop-sensitive-75ml\/","title":{"rendered":"Gel dentaire edel+white STOP Sensitive 75ml"},"content":{"rendered":"","protected":false},"excerpt":{"rendered":"<p><strong>Soulagement et protection contre la sensibilit\u00e9 dentaire<\/strong><br \/>\nLe gel dentaire STOP Sensitive soulage imm\u00e9diatement la douleur, prot\u00e8ge durablement les dents sensibles et est tr\u00e8s actif contre les caries et l&rsquo;\u00e9rosion dentaire. Formule brevet\u00e9e, go\u00fbt rafra\u00eechissant, efficacit\u00e9 visible. <\/p>\n<ul>\n<li>Soulagement imm\u00e9diat et durable des dents sensibles<\/li>\n<li>Effet protecteur : jusqu&rsquo;\u00e0 12 heures apr\u00e8s le brossage<\/li>\n<li>Am\u00e9lioration sensible : apr\u00e8s seulement un mois<\/li>\n<li>Protection efficace contre les caries gr\u00e2ce au complexe bioactif CFPS<\/li>\n<li>Exempt de SLS, parab\u00e8nes, saccharine de sodium, gluten et dioxyde de titane<\/li>\n<li>Vegan<\/li>\n<\/ul>\n<p><em>Contenu : 1 tube de 75 ml<\/em><\/p>\n","protected":false},"featured_media":9524,"comment_status":"closed","ping_status":"closed","template":"","meta":{"_acf_changed":false},"anwendung-kategorie":[],"anwendung":[324,315],"product_brand":[340],"product_cat":[214,220],"product_tag":[],"class_list":{"0":"post-9506","1":"product","2":"type-product","3":"status-publish","4":"has-post-thumbnail","6":"anwendung-dents-sensibles","7":"anwendung-une-haleine-fraiche","8":"product_brand-edelwhite-fr","9":"product_cat-soins-buccaux-fr","10":"product_cat-dentifrice-fr","12":"first","13":"instock","14":"featured","15":"taxable","16":"shipping-taxable","17":"purchasable","18":"product-type-simple"},"acf":[],"yoast_head":"<!-- This site is optimized with the Yoast SEO plugin v26.7 - https:\/\/yoast.com\/wordpress\/plugins\/seo\/ -->\n<title>Gel dentaire edel+white STOP Sensitive 75ml - CAREISTA<\/title>\n<meta name=\"robots\" content=\"noindex, follow, max-snippet:-1, max-image-preview:large, max-video-preview:-1\" \/>\n<meta property=\"og:locale\" content=\"fr_FR\" \/>\n<meta property=\"og:type\" content=\"article\" \/>\n<meta property=\"og:title\" content=\"Gel dentaire edel+white STOP Sensitive 75ml - CAREISTA\" \/>\n<meta property=\"og:description\" content=\"Soulagement et protection contre la sensibilit\u00e9 dentaire Le gel dentaire STOP Sensitive soulage imm\u00e9diatement la douleur, prot\u00e8ge durablement les dents sensibles et est tr\u00e8s actif contre les caries et l&#039;\u00e9rosion dentaire. Formule brevet\u00e9e, go\u00fbt rafra\u00eechissant, efficacit\u00e9 visible.   Soulagement imm\u00e9diat et durable des dents sensibles  Effet protecteur : jusqu&#039;\u00e0 12 heures apr\u00e8s le brossage  Am\u00e9lioration sensible : apr\u00e8s seulement un mois  Protection efficace contre les caries gr\u00e2ce au complexe bioactif CFPS  Exempt de SLS, parab\u00e8nes, saccharine de sodium, gluten et dioxyde de titane  Vegan Contenu : 1 tube de 75 ml\" \/>\n<meta property=\"og:url\" content=\"https:\/\/infomaniak.careista.ch\/fr\/produkte\/soins-buccaux-fr\/dentifrice-fr\/gel-dentaire-edelwhite-stop-sensitive-75ml\/\" \/>\n<meta property=\"og:site_name\" content=\"CAREISTA\" \/>\n<meta property=\"article:modified_time\" content=\"2026-04-15T06:27:11+00:00\" \/>\n<meta property=\"og:image\" content=\"https:\/\/infomaniak.careista.ch\/wp-content\/uploads\/2025\/06\/500505-Stop-Sensitive-Zahngel-75ml-800x800px1.png\" \/>\n\t<meta property=\"og:image:width\" content=\"800\" \/>\n\t<meta property=\"og:image:height\" content=\"800\" \/>\n\t<meta property=\"og:image:type\" content=\"image\/png\" \/>\n<meta name=\"twitter:card\" content=\"summary_large_image\" \/>\n<script type=\"application\/ld+json\" class=\"yoast-schema-graph\">{\"@context\":\"https:\/\/schema.org\",\"@graph\":[{\"@type\":\"WebPage\",\"@id\":\"https:\/\/infomaniak.careista.ch\/fr\/produkte\/soins-buccaux-fr\/dentifrice-fr\/gel-dentaire-edelwhite-stop-sensitive-75ml\/\",\"url\":\"https:\/\/infomaniak.careista.ch\/fr\/produkte\/soins-buccaux-fr\/dentifrice-fr\/gel-dentaire-edelwhite-stop-sensitive-75ml\/\",\"name\":\"Gel dentaire edel+white STOP Sensitive 75ml - CAREISTA\",\"isPartOf\":{\"@id\":\"https:\/\/infomaniak.careista.ch\/fr\/#website\"},\"primaryImageOfPage\":{\"@id\":\"https:\/\/infomaniak.careista.ch\/fr\/produkte\/soins-buccaux-fr\/dentifrice-fr\/gel-dentaire-edelwhite-stop-sensitive-75ml\/#primaryimage\"},\"image\":{\"@id\":\"https:\/\/infomaniak.careista.ch\/fr\/produkte\/soins-buccaux-fr\/dentifrice-fr\/gel-dentaire-edelwhite-stop-sensitive-75ml\/#primaryimage\"},\"thumbnailUrl\":\"https:\/\/infomaniak.careista.ch\/wp-content\/uploads\/2025\/06\/500505-Stop-Sensitive-Zahngel-75ml-800x800px1.png\",\"datePublished\":\"2025-06-03T12:00:00+00:00\",\"dateModified\":\"2026-04-15T06:27:11+00:00\",\"breadcrumb\":{\"@id\":\"https:\/\/infomaniak.careista.ch\/fr\/produkte\/soins-buccaux-fr\/dentifrice-fr\/gel-dentaire-edelwhite-stop-sensitive-75ml\/#breadcrumb\"},\"inLanguage\":\"fr-FR\",\"potentialAction\":[{\"@type\":\"ReadAction\",\"target\":[\"https:\/\/infomaniak.careista.ch\/fr\/produkte\/soins-buccaux-fr\/dentifrice-fr\/gel-dentaire-edelwhite-stop-sensitive-75ml\/\"]}]},{\"@type\":\"ImageObject\",\"inLanguage\":\"fr-FR\",\"@id\":\"https:\/\/infomaniak.careista.ch\/fr\/produkte\/soins-buccaux-fr\/dentifrice-fr\/gel-dentaire-edelwhite-stop-sensitive-75ml\/#primaryimage\",\"url\":\"https:\/\/infomaniak.careista.ch\/wp-content\/uploads\/2025\/06\/500505-Stop-Sensitive-Zahngel-75ml-800x800px1.png\",\"contentUrl\":\"https:\/\/infomaniak.careista.ch\/wp-content\/uploads\/2025\/06\/500505-Stop-Sensitive-Zahngel-75ml-800x800px1.png\",\"width\":800,\"height\":800,\"caption\":\"Soulagement et protection contre la sensibilit\u00e9 dentaire\"},{\"@type\":\"BreadcrumbList\",\"@id\":\"https:\/\/infomaniak.careista.ch\/fr\/produkte\/soins-buccaux-fr\/dentifrice-fr\/gel-dentaire-edelwhite-stop-sensitive-75ml\/#breadcrumb\",\"itemListElement\":[{\"@type\":\"ListItem\",\"position\":1,\"name\":\"Home\",\"item\":\"https:\/\/infomaniak.careista.ch\/fr\/\"},{\"@type\":\"ListItem\",\"position\":2,\"name\":\"Shop\",\"item\":\"https:\/\/infomaniak.careista.ch\/fr\/shop\/\"},{\"@type\":\"ListItem\",\"position\":3,\"name\":\"Gel dentaire edel+white STOP Sensitive 75ml\"}]},{\"@type\":\"WebSite\",\"@id\":\"https:\/\/infomaniak.careista.ch\/fr\/#website\",\"url\":\"https:\/\/infomaniak.careista.ch\/fr\/\",\"name\":\"CAREISTA\",\"description\":\"Dein pers\u00f6nlicher Pflege-Barista\",\"publisher\":{\"@id\":\"https:\/\/infomaniak.careista.ch\/fr\/#organization\"},\"potentialAction\":[{\"@type\":\"SearchAction\",\"target\":{\"@type\":\"EntryPoint\",\"urlTemplate\":\"https:\/\/infomaniak.careista.ch\/fr\/?s={search_term_string}\"},\"query-input\":{\"@type\":\"PropertyValueSpecification\",\"valueRequired\":true,\"valueName\":\"search_term_string\"}}],\"inLanguage\":\"fr-FR\"},{\"@type\":\"Organization\",\"@id\":\"https:\/\/infomaniak.careista.ch\/fr\/#organization\",\"name\":\"CAREISTA\",\"url\":\"https:\/\/infomaniak.careista.ch\/fr\/\",\"logo\":{\"@type\":\"ImageObject\",\"inLanguage\":\"fr-FR\",\"@id\":\"https:\/\/infomaniak.careista.ch\/fr\/#\/schema\/logo\/image\/\",\"url\":\"https:\/\/infomaniak.careista.ch\/wp-content\/uploads\/2025\/02\/Careista-Logo-S_rgb.svg.svg\",\"contentUrl\":\"https:\/\/infomaniak.careista.ch\/wp-content\/uploads\/2025\/02\/Careista-Logo-S_rgb.svg.svg\",\"caption\":\"CAREISTA\"},\"image\":{\"@id\":\"https:\/\/infomaniak.careista.ch\/fr\/#\/schema\/logo\/image\/\"}}]}<\/script>\n<!-- \/ Yoast SEO plugin. -->","yoast_head_json":{"title":"Gel dentaire edel+white STOP Sensitive 75ml - CAREISTA","robots":{"index":"noindex","follow":"follow","max-snippet":"max-snippet:-1","max-image-preview":"max-image-preview:large","max-video-preview":"max-video-preview:-1"},"og_locale":"fr_FR","og_type":"article","og_title":"Gel dentaire edel+white STOP Sensitive 75ml - CAREISTA","og_description":"Soulagement et protection contre la sensibilit\u00e9 dentaire Le gel dentaire STOP Sensitive soulage imm\u00e9diatement la douleur, prot\u00e8ge durablement les dents sensibles et est tr\u00e8s actif contre les caries et l'\u00e9rosion dentaire. Formule brevet\u00e9e, go\u00fbt rafra\u00eechissant, efficacit\u00e9 visible.   Soulagement imm\u00e9diat et durable des dents sensibles  Effet protecteur : jusqu'\u00e0 12 heures apr\u00e8s le brossage  Am\u00e9lioration sensible : apr\u00e8s seulement un mois  Protection efficace contre les caries gr\u00e2ce au complexe bioactif CFPS  Exempt de SLS, parab\u00e8nes, saccharine de sodium, gluten et dioxyde de titane  Vegan Contenu : 1 tube de 75 ml","og_url":"https:\/\/infomaniak.careista.ch\/fr\/produkte\/soins-buccaux-fr\/dentifrice-fr\/gel-dentaire-edelwhite-stop-sensitive-75ml\/","og_site_name":"CAREISTA","article_modified_time":"2026-04-15T06:27:11+00:00","og_image":[{"width":800,"height":800,"url":"https:\/\/infomaniak.careista.ch\/wp-content\/uploads\/2025\/06\/500505-Stop-Sensitive-Zahngel-75ml-800x800px1.png","type":"image\/png"}],"twitter_card":"summary_large_image","schema":{"@context":"https:\/\/schema.org","@graph":[{"@type":"WebPage","@id":"https:\/\/infomaniak.careista.ch\/fr\/produkte\/soins-buccaux-fr\/dentifrice-fr\/gel-dentaire-edelwhite-stop-sensitive-75ml\/","url":"https:\/\/infomaniak.careista.ch\/fr\/produkte\/soins-buccaux-fr\/dentifrice-fr\/gel-dentaire-edelwhite-stop-sensitive-75ml\/","name":"Gel dentaire edel+white STOP Sensitive 75ml - CAREISTA","isPartOf":{"@id":"https:\/\/infomaniak.careista.ch\/fr\/#website"},"primaryImageOfPage":{"@id":"https:\/\/infomaniak.careista.ch\/fr\/produkte\/soins-buccaux-fr\/dentifrice-fr\/gel-dentaire-edelwhite-stop-sensitive-75ml\/#primaryimage"},"image":{"@id":"https:\/\/infomaniak.careista.ch\/fr\/produkte\/soins-buccaux-fr\/dentifrice-fr\/gel-dentaire-edelwhite-stop-sensitive-75ml\/#primaryimage"},"thumbnailUrl":"https:\/\/infomaniak.careista.ch\/wp-content\/uploads\/2025\/06\/500505-Stop-Sensitive-Zahngel-75ml-800x800px1.png","datePublished":"2025-06-03T12:00:00+00:00","dateModified":"2026-04-15T06:27:11+00:00","breadcrumb":{"@id":"https:\/\/infomaniak.careista.ch\/fr\/produkte\/soins-buccaux-fr\/dentifrice-fr\/gel-dentaire-edelwhite-stop-sensitive-75ml\/#breadcrumb"},"inLanguage":"fr-FR","potentialAction":[{"@type":"ReadAction","target":["https:\/\/infomaniak.careista.ch\/fr\/produkte\/soins-buccaux-fr\/dentifrice-fr\/gel-dentaire-edelwhite-stop-sensitive-75ml\/"]}]},{"@type":"ImageObject","inLanguage":"fr-FR","@id":"https:\/\/infomaniak.careista.ch\/fr\/produkte\/soins-buccaux-fr\/dentifrice-fr\/gel-dentaire-edelwhite-stop-sensitive-75ml\/#primaryimage","url":"https:\/\/infomaniak.careista.ch\/wp-content\/uploads\/2025\/06\/500505-Stop-Sensitive-Zahngel-75ml-800x800px1.png","contentUrl":"https:\/\/infomaniak.careista.ch\/wp-content\/uploads\/2025\/06\/500505-Stop-Sensitive-Zahngel-75ml-800x800px1.png","width":800,"height":800,"caption":"Soulagement et protection contre la sensibilit\u00e9 dentaire"},{"@type":"BreadcrumbList","@id":"https:\/\/infomaniak.careista.ch\/fr\/produkte\/soins-buccaux-fr\/dentifrice-fr\/gel-dentaire-edelwhite-stop-sensitive-75ml\/#breadcrumb","itemListElement":[{"@type":"ListItem","position":1,"name":"Home","item":"https:\/\/infomaniak.careista.ch\/fr\/"},{"@type":"ListItem","position":2,"name":"Shop","item":"https:\/\/infomaniak.careista.ch\/fr\/shop\/"},{"@type":"ListItem","position":3,"name":"Gel dentaire edel+white STOP Sensitive 75ml"}]},{"@type":"WebSite","@id":"https:\/\/infomaniak.careista.ch\/fr\/#website","url":"https:\/\/infomaniak.careista.ch\/fr\/","name":"CAREISTA","description":"Dein pers\u00f6nlicher Pflege-Barista","publisher":{"@id":"https:\/\/infomaniak.careista.ch\/fr\/#organization"},"potentialAction":[{"@type":"SearchAction","target":{"@type":"EntryPoint","urlTemplate":"https:\/\/infomaniak.careista.ch\/fr\/?s={search_term_string}"},"query-input":{"@type":"PropertyValueSpecification","valueRequired":true,"valueName":"search_term_string"}}],"inLanguage":"fr-FR"},{"@type":"Organization","@id":"https:\/\/infomaniak.careista.ch\/fr\/#organization","name":"CAREISTA","url":"https:\/\/infomaniak.careista.ch\/fr\/","logo":{"@type":"ImageObject","inLanguage":"fr-FR","@id":"https:\/\/infomaniak.careista.ch\/fr\/#\/schema\/logo\/image\/","url":"https:\/\/infomaniak.careista.ch\/wp-content\/uploads\/2025\/02\/Careista-Logo-S_rgb.svg.svg","contentUrl":"https:\/\/infomaniak.careista.ch\/wp-content\/uploads\/2025\/02\/Careista-Logo-S_rgb.svg.svg","caption":"CAREISTA"},"image":{"@id":"https:\/\/infomaniak.careista.ch\/fr\/#\/schema\/logo\/image\/"}}]}},"jetpack_sharing_enabled":true,"_links":{"self":[{"href":"https:\/\/infomaniak.careista.ch\/fr\/wp-json\/wp\/v2\/product\/9506","targetHints":{"allow":["GET"]}}],"collection":[{"href":"https:\/\/infomaniak.careista.ch\/fr\/wp-json\/wp\/v2\/product"}],"about":[{"href":"https:\/\/infomaniak.careista.ch\/fr\/wp-json\/wp\/v2\/types\/product"}],"replies":[{"embeddable":true,"href":"https:\/\/infomaniak.careista.ch\/fr\/wp-json\/wp\/v2\/comments?post=9506"}],"version-history":[{"count":0,"href":"https:\/\/infomaniak.careista.ch\/fr\/wp-json\/wp\/v2\/product\/9506\/revisions"}],"wp:featuredmedia":[{"embeddable":true,"href":"https:\/\/infomaniak.careista.ch\/fr\/wp-json\/wp\/v2\/media\/9524"}],"wp:attachment":[{"href":"https:\/\/infomaniak.careista.ch\/fr\/wp-json\/wp\/v2\/media?parent=9506"}],"wp:term":[{"taxonomy":"anwendung-kategorie","embeddable":true,"href":"https:\/\/infomaniak.careista.ch\/fr\/wp-json\/wp\/v2\/anwendung-kategorie?post=9506"},{"taxonomy":"anwendung","embeddable":true,"href":"https:\/\/infomaniak.careista.ch\/fr\/wp-json\/wp\/v2\/anwendung?post=9506"},{"taxonomy":"product_brand","embeddable":true,"href":"https:\/\/infomaniak.careista.ch\/fr\/wp-json\/wp\/v2\/product_brand?post=9506"},{"taxonomy":"product_cat","embeddable":true,"href":"https:\/\/infomaniak.careista.ch\/fr\/wp-json\/wp\/v2\/product_cat?post=9506"},{"taxonomy":"product_tag","embeddable":true,"href":"https:\/\/infomaniak.careista.ch\/fr\/wp-json\/wp\/v2\/product_tag?post=9506"}],"curies":[{"name":"wp","href":"https:\/\/api.w.org\/{rel}","templated":true}]}}